{"id":9577,"date":"2024-09-08T19:25:43","date_gmt":"2024-09-08T19:25:43","guid":{"rendered":"https:\/\/travelshelper.com\/staging\/?page_id=9577"},"modified":"2026-03-13T23:08:33","modified_gmt":"2026-03-13T23:08:33","slug":"apia","status":"publish","type":"page","link":"https:\/\/travelshelper.com\/pl\/destinations\/australia-and-oceania\/samoa\/apia\/","title":{"rendered":"Apia"},"content":{"rendered":"<p>Po\u0142o\u017cona na drugiej co do wielko\u015bci wyspie Samoa, na \u015brodkowym p\u00f3\u0142nocnym wybrze\u017cu, Apia, energiczna stolica, to wyj\u0105tkowa mieszanka dziedzictwa kulturowego i nowoczesnego rozwoju. Apia, b\u0119d\u0105ca cz\u0119\u015bci\u0105 okr\u0119gu politycznego Tuamasaga, jest politycznym, ekonomicznym i kulturalnym centrum Samoa jako jedyne miasto w tym miejscu. To wprowadzenie dotyczy topografii, klimatu, infrastruktury i centrum aktywno\u015bci Pacyfiku, kt\u00f3re charakteryzuj\u0105 miasto.<\/p>\n<p>Apia, licz\u0105ca oko\u0142o 35 974 mieszka\u0144c\u00f3w wed\u0142ug spisu z 2021 r., rozci\u0105ga si\u0119 od wioski Letogo na wschodzie do uprzemys\u0142owionego obszaru wioski Vaitele na zachodzie. Strategicznie po\u0142o\u017cone na naturalnym porcie u uj\u015bcia rzeki Vaisigano, miasto oferuje osza\u0142amiaj\u0105ce t\u0142o z g\u00f3r\u0105 Vaea, ostatnim miejscem spoczynku wybitnego pisarza Roberta Louisa Stevensona, wznosz\u0105c\u0105 si\u0119 majestatycznie na po\u0142udniu. Dwa du\u017ce grzbiety, kt\u00f3re rozci\u0105gaj\u0105 si\u0119 na po\u0142udnie po obu stronach rzeki, wyznaczaj\u0105 lini\u0119 horyzontu miasta; drogi, w tym Cross Island Road, jedna z niewielu arterii komunikacyjnych na wyspie z p\u00f3\u0142nocy na po\u0142udnie, przecinaj\u0105 te grzbiety.<\/p>\n<p>Apia podlega klasyfikacji klimatycznej K\u00f6ppena jako \u201eAf\u201d i ma \u015brodowisko tropikalnego lasu deszczowego. Sta\u0142e temperatury przez ca\u0142y rok, wynosz\u0105ce \u015brednio oko\u0142o 26\u00b0C (79\u00b0F), definiuj\u0105 to \u015brodowisko. Miasto ma wyra\u017an\u0105 por\u0119 deszczow\u0105 i such\u0105; lipiec i sierpie\u0144 to najsuchsze miesi\u0105ce, kiedy \u015brednie opady wynosz\u0105 oko\u0142o 80 milimetr\u00f3w. Dla por\u00f3wnania, najbardziej mokry okres trwa od grudnia do marca, a miesi\u0119czne opady zwykle przekraczaj\u0105 300 mililitr\u00f3w. Tropikalne \u015brodowisko Apii nie definiuje jej klimatu; raczej pasaty i sporadyczne cyklony go kszta\u0142tuj\u0105, wytwarzaj\u0105c w ten spos\u00f3b charakterystyczne wzorce pogodowe. Miasto otrzymuje oko\u0142o 3000 mililitr\u00f3w deszczu rocznie, co utrzymuje bogate ekosystemy i bujn\u0105 ro\u015blinno\u015b\u0107.<\/p>\n<p>Istotnie wa\u017cny dla handlu zagranicznego Samoa, port Apia jest najwi\u0119kszym i najbardziej ruchliwym portem w kraju. Opr\u00f3cz prom\u00f3w \u0142\u0105cz\u0105cych Tokelau i Samoa Ameryka\u0144skie, obs\u0142uguje gaz LPG, import paliwa i statki kontenerowe. Ten ruchliwy port podkre\u015bla znaczenie Apii jako bramy dla ludzi i handlu, umo\u017cliwiaj\u0105c tym samym interakcje kulturowe i rozw\u00f3j gospodarczy.<\/p>\n<p>Infrastruktura transportowa miasta jest do\u015b\u0107 rozwini\u0119ta i charakteryzuje si\u0119 typowo dobrze utrzymanym, kompleksowym systemem dr\u00f3g. Podczas gdy drogi nieutwardzone obs\u0142uguj\u0105 mniej regularny ruch, wi\u0119kszo\u015b\u0107 g\u0142\u00f3wnych dr\u00f3g jest utwardzona. Zgodnie z regionalnymi standardami pojazdy poruszaj\u0105 si\u0119 lew\u0105 stron\u0105 drogi od wrze\u015bnia 2009 r. Rz\u0105d Samoa rozpocz\u0105\u0142 znacz\u0105cy remont arterii komunikacyjnych otaczaj\u0105cych obszar miejski Apia w 2012 r., stopniowo poszerzaj\u0105c wa\u017cne autostrady, aby obs\u0142u\u017cy\u0107 rosn\u0105ce obci\u0105\u017cenie ruchem.<\/p>\n<p>Apia jest obs\u0142ugiwana przez du\u017c\u0105, sprywatyzowan\u0105 sie\u0107 autobus\u00f3w i taks\u00f3wek, mimo \u017ce nie ma tam kolei ani tramwaj\u00f3w. W mie\u015bcie chodzenie jest nadal popularn\u0105 form\u0105 transportu; ludzie rutynowo pokonuj\u0105 niewielkie odleg\u0142o\u015bci pieszo. Chocia\u017c motocykle i rowery s\u0105 do\u015b\u0107 rzadkie, wzrost liczby samochod\u00f3w spowodowa\u0142 korki uliczne, a co za tym idzie du\u017ce wydatki na infrastruktur\u0119 drogow\u0105.<\/p>\n<p>G\u0142\u00f3wnym zagranicznym wej\u015bciem do Samoa jest Faleolo International Airport, czterdzie\u015bci minut jazdy na zach\u00f3d od Apii. G\u0142\u00f3wni krajowi przewo\u017anicy, tacy jak Polynesian Airlines i Talofa Airways, obs\u0142uguj\u0105 Samoa do wi\u0119kszego obszaru Pacyfiku i dalej. Mniejsze lotnisko Fagali, Fagali&#039;i Airport, historycznie umo\u017cliwia\u0142o r\u00f3wnie\u017c loty krajowe i niekt\u00f3re trasy mi\u0119dzynarodowe do Pago Pago w Samoa Ameryka\u0144skim, poprawiaj\u0105c tym samym \u0142\u0105czno\u015b\u0107 zar\u00f3wno dla mieszka\u0144c\u00f3w, jak i turyst\u00f3w.<\/p>","protected":false},"excerpt":{"rendered":"<p>Po\u0142o\u017cona na drugiej co do wielko\u015bci wyspie Samoa, na \u015brodkowym p\u00f3\u0142nocnym wybrze\u017cu, Apia, energiczna stolica, to wyj\u0105tkowa mieszanka dziedzictwa kulturowego i nowoczesnego rozwoju. Apia, b\u0119d\u0105ca cz\u0119\u015bci\u0105 okr\u0119gu politycznego Tuamasaga, jest politycznym, ekonomicznym i kulturalnym centrum Samoa jako jedyne miasto w tym miejscu. To wprowadzenie dotyczy topografii, klimatu, infrastruktury i centrum aktywno\u015bci Pacyfiku, kt\u00f3re charakteryzuj\u0105 miasto.<\/p>","protected":false},"author":1,"featured_media":4230,"parent":9568,"menu_order":0,"comment_status":"closed","ping_status":"closed","template":"elementor_theme","meta":{"_eb_attr":"","footnotes":""},"class_list":["post-9577","page","type-page","status-publish","has-post-thumbnail"],"_links":{"self":[{"href":"https:\/\/travelshelper.com\/pl\/wp-json\/wp\/v2\/pages\/9577","targetHints":{"allow":["GET"]}}],"collection":[{"href":"https:\/\/travelshelper.com\/pl\/wp-json\/wp\/v2\/pages"}],"about":[{"href":"https:\/\/travelshelper.com\/pl\/wp-json\/wp\/v2\/types\/page"}],"author":[{"embeddable":true,"href":"https:\/\/travelshelper.com\/pl\/wp-json\/wp\/v2\/users\/1"}],"replies":[{"embeddable":true,"href":"https:\/\/travelshelper.com\/pl\/wp-json\/wp\/v2\/comments?post=9577"}],"version-history":[{"count":0,"href":"https:\/\/travelshelper.com\/pl\/wp-json\/wp\/v2\/pages\/9577\/revisions"}],"up":[{"embeddable":true,"href":"https:\/\/travelshelper.com\/pl\/wp-json\/wp\/v2\/pages\/9568"}],"wp:featuredmedia":[{"embeddable":true,"href":"https:\/\/travelshelper.com\/pl\/wp-json\/wp\/v2\/media\/4230"}],"wp:attachment":[{"href":"https:\/\/travelshelper.com\/pl\/wp-json\/wp\/v2\/media?parent=9577"}],"curies":[{"name":"wp","href":"https:\/\/api.w.org\/{rel}","templated":true}]}}