{"id":9568,"date":"2024-09-08T19:18:21","date_gmt":"2024-09-08T19:18:21","guid":{"rendered":"https:\/\/travelshelper.com\/staging\/?page_id=9568"},"modified":"2026-03-13T23:09:26","modified_gmt":"2026-03-13T23:09:26","slug":"samoa","status":"publish","type":"page","link":"https:\/\/travelshelper.com\/pl\/destinations\/australia-and-oceania\/samoa\/","title":{"rendered":"Samoa"},"content":{"rendered":"<p>Oficjalnie Niepodleg\u0142e Pa\u0144stwo Samoa, Samoa jest fascynuj\u0105cym polinezyjskim krajem wyspiarskim o bogatej historii, kulturze i pi\u0119knie przyrody. Odzwierciedlaj\u0105c swoj\u0105 orientacj\u0119 geograficzn\u0105 na Oceanie Spokojnym, do 1997 roku by\u0142o znane jako Samoa Zachodnie. Opr\u00f3cz dw\u00f3ch mniejszych zamieszkanych wysp, Manono i Apolima, ten kraj wyspiarski sk\u0142ada si\u0119 z dw\u00f3ch g\u0142\u00f3wnych wysp: Savai&#039;i i Upolu; kilku niezamieszkanych wysp, w szczeg\u00f3lno\u015bci wysp Aleipata \u2014 Nu&#039;utele, Nu&#039;ulua, Fanuatapu i Namua. Strategicznie po\u0142o\u017cone na Pacyfiku, Samoa znajduje si\u0119 64 km na zach\u00f3d od Samoa Ameryka\u0144skiego i w pobli\u017cu innych wysp Pacyfiku, w tym Tonga, Fid\u017ci, Wallis i Futuna, pe\u0142ni\u0105c funkcj\u0119 centrum historycznego i kulturowego punktu skrzy\u017cowania.<\/p>\n<p>Centrum Samoa stanowi Apia, stolica, gdzie wsp\u00f3\u0142czesny rz\u0105d miesza si\u0119 ze staro\u017cytn\u0105 kultur\u0105. Oko\u0142o 3500 lat temu lud Lapita \u2014 znany ze swoich umiej\u0119tno\u015bci \u017ceglarskich \u2014 jako pierwszy znalaz\u0142 i zaj\u0105\u0142 Wyspy Samoa\u0144skie. Ich po\u0142o\u017cenie podwalin pod j\u0119zyk samoa\u0144ski i to\u017csamo\u015b\u0107 kulturow\u0105 \u2014 kt\u00f3re przetrwa\u0142y czas i wp\u0142ywy zewn\u0119trzne \u2014 pomaga nam ich zrozumie\u0107.<\/p>\n<p>Z 11 podzia\u0142ami administracyjnymi, z kt\u00f3rych ka\u017cdy ma w\u0142asn\u0105 kulturow\u0105 i konstytucyjn\u0105 podstaw\u0119, Samoa funkcjonuje jako zjednoczona demokracja parlamentarna. Droga Samoa do niepodleg\u0142o\u015bci, jako suwerennego pa\u0144stwa cz\u0142onkowskiego Wsp\u00f3lnoty Narod\u00f3w, jest dowodem jego wytrwa\u0142o\u015bci i autonomii. Od 1899 do 1915 r. by\u0142o koloni\u0105 niemieck\u0105; nast\u0119pnie znajdowa\u0142o si\u0119 pod wsp\u00f3ln\u0105 kontrol\u0105 brytyjsk\u0105 i nowozelandzk\u0105, a\u017c do uzyskania niepodleg\u0142o\u015bci 1 stycznia 1962 r. Systemy rz\u0105dowe i spo\u0142eczne Samoa odzwierciedlaj\u0105 to dziedzictwo kolonialnych wp\u0142yw\u00f3w, jednak zachowa\u0142o sw\u00f3j w\u0142asny charakter kulturowy.<\/p>\n<p>Znany jako Fa\u02bba S\u0101moa, tradycyjny samoa\u0144ski styl \u017cycia nadal ma du\u017cy wp\u0142yw na sfer\u0119 spo\u0142eczn\u0105 i polityczn\u0105. Zaprojektowany przez ponad 3000 lat, jego kulturowe ramy podkre\u015blaj\u0105 rodzin\u0119, szacunek i spo\u0142eczno\u015b\u0107. Fa\u02bba S\u0101moa zachowa\u0142a swoje zwyczaje, instytucje spo\u0142eczne i j\u0119zyk pomimo dziesi\u0119cioleci europejskiego wp\u0142ywu. Kluczowymi elementami to\u017csamo\u015bci samoa\u0144skiej s\u0105 zwyczaje kulturowe, w tym \u201eceremonia ava, ponury rytua\u0142 nadawania tytu\u0142\u00f3w matai\u201d i wytwarzanie misternie tkanych \u201eie toga\u201d.<\/p>\n<p>Bogata w bog\u00f3w, opowie\u015bci o stworzeniu i legendarne postacie, takie jak Tagaloa i Nafanua \u2014 bogini wojny \u2014 mitologia samoa\u0144ska, wraz z chrze\u015bcija\u0144stwem, kt\u00f3re Samoa\u0144czycy przyj\u0119li i przywie\u017ali ze sob\u0105 przez misjonarzy, wsp\u00f3\u0142istnieje. Chocia\u017c stare wierzenia i praktyki wci\u0105\u017c kwitn\u0105, szczeg\u00f3lnie w odniesieniu do Fa\u02bba S\u0101moa, obecnie oko\u0142o 98% Samoa\u0144czyk\u00f3w identyfikuje si\u0119 jako chrze\u015bcijanie.<\/p>\n<p>Spo\u0142ecze\u0144stwo samoa\u0144skie znane jest ze wsp\u00f3lnotowego \u017cycia; tradycyjne otwarte domy, czyli fale, najlepiej oddaj\u0105 ten styl \u017cycia. Te budynki, bez \u015bcian, tworz\u0105 odosobnienie i ochron\u0119 \u015brodowiska, wykorzystuj\u0105c li\u015bcie palmy kokosowej. Pot\u0119\u017cne ta\u0144ce sasa i fa&#039;ataupati przedstawiaj\u0105 \u017cywy wyraz kulturowy ludu samoa\u0144skiego, podczas gdy delikatne ruchy samoa\u0144skiego ta\u0144ca siva \u2014 kt\u00f3ry opowiada histori\u0119 \u2014 prezentuj\u0105 ich uroczysto\u015bci i spotkania spo\u0142eczno\u015bci, kt\u00f3re kr\u0105\u017c\u0105 wok\u00f3\u0142 tych ta\u0144c\u00f3w wraz z rytmem zwini\u0119tych mat lub drewnianych b\u0119bn\u00f3w.<\/p>\n<p>Innym dowodem bogatego dziedzictwa kulturowego wyspy jest kunszt budowlany Tufuga fai fale, tradycyjnych samoa\u0144skich budowniczych. Budowniczowie ci pomagaj\u0105 r\u00f3wnie\u017c tworzy\u0107 wi\u0119ksz\u0105 struktur\u0119 samoa\u0144skich form sztuki kulturowej.<\/p>","protected":false},"excerpt":{"rendered":"<p>Oficjalnie Niepodleg\u0142e Pa\u0144stwo Samoa, Samoa jest fascynuj\u0105cym polinezyjskim krajem wyspiarskim o bogatej historii, kulturze i pi\u0119knie przyrody. Odzwierciedlaj\u0105c swoj\u0105 orientacj\u0119 geograficzn\u0105 na Oceanie Spokojnym, do 1997 roku by\u0142o znane jako Samoa Zachodnie. Opr\u00f3cz dw\u00f3ch mniejszych zamieszkanych wysp, Manono i Apolima, ten kraj wyspiarski sk\u0142ada si\u0119 z dw\u00f3ch g\u0142\u00f3wnych wysp: Savai&#039;i i Upolu; kilku niezamieszkanych wysp, w szczeg\u00f3lno\u015bci wysp Aleipata \u2014 Nu&#039;utele, Nu&#039;ulua, Fanuatapu i Namua. Strategicznie po\u0142o\u017cone na Pacyfiku, Samoa znajduje si\u0119 64 km na zach\u00f3d od Samoa Ameryka\u0144skiego i w pobli\u017cu innych wysp Pacyfiku, w tym Tonga, Fid\u017ci, Wallis i Futuna, pe\u0142ni\u0105c funkcj\u0119 centrum historycznego i kulturowego punktu skrzy\u017cowania.<\/p>","protected":false},"author":1,"featured_media":3536,"parent":24105,"menu_order":0,"comment_status":"closed","ping_status":"closed","template":"elementor_theme","meta":{"_eb_attr":"","footnotes":""},"class_list":["post-9568","page","type-page","status-publish","has-post-thumbnail"],"_links":{"self":[{"href":"https:\/\/travelshelper.com\/pl\/wp-json\/wp\/v2\/pages\/9568","targetHints":{"allow":["GET"]}}],"collection":[{"href":"https:\/\/travelshelper.com\/pl\/wp-json\/wp\/v2\/pages"}],"about":[{"href":"https:\/\/travelshelper.com\/pl\/wp-json\/wp\/v2\/types\/page"}],"author":[{"embeddable":true,"href":"https:\/\/travelshelper.com\/pl\/wp-json\/wp\/v2\/users\/1"}],"replies":[{"embeddable":true,"href":"https:\/\/travelshelper.com\/pl\/wp-json\/wp\/v2\/comments?post=9568"}],"version-history":[{"count":0,"href":"https:\/\/travelshelper.com\/pl\/wp-json\/wp\/v2\/pages\/9568\/revisions"}],"up":[{"embeddable":true,"href":"https:\/\/travelshelper.com\/pl\/wp-json\/wp\/v2\/pages\/24105"}],"wp:featuredmedia":[{"embeddable":true,"href":"https:\/\/travelshelper.com\/pl\/wp-json\/wp\/v2\/media\/3536"}],"wp:attachment":[{"href":"https:\/\/travelshelper.com\/pl\/wp-json\/wp\/v2\/media?parent=9568"}],"curies":[{"name":"wp","href":"https:\/\/api.w.org\/{rel}","templated":true}]}}