{"id":9549,"date":"2024-09-08T18:35:53","date_gmt":"2024-09-08T18:35:53","guid":{"rendered":"https:\/\/travelshelper.com\/staging\/?page_id=9549"},"modified":"2026-03-13T23:18:06","modified_gmt":"2026-03-13T23:18:06","slug":"tuvalu","status":"publish","type":"page","link":"https:\/\/travelshelper.com\/pl\/destinations\/australia-and-oceania\/tuvalu\/","title":{"rendered":"Tuvalu"},"content":{"rendered":"<p>Tuvalu, wcze\u015bniej nazywane Wyspami Ellice, to niewielki kraj wyspiarski po\u0142o\u017cony w polinezyjskim podregionie Oceanii na Oceanie Spokojnym. Strategicznie po\u0142o\u017cony w po\u0142owie drogi mi\u0119dzy Hawajami a Australi\u0105, ten niezwyk\u0142y kraj prezentuje wspania\u0142e po\u0142\u0105czenie znaczenia geograficznego i kulturowego. Tuvalu, po\u0142o\u017cone na p\u00f3\u0142nocny wsch\u00f3d od Wysp Santa Cruz \u2014 cz\u0119\u015bci Wysp Salomona \u2014 le\u017cy na p\u00f3\u0142nocny wsch\u00f3d od Vanuatu, na po\u0142udniowy wsch\u00f3d od Nauru, na po\u0142udnie od Kiribati, na zach\u00f3d od Tokelau, na p\u00f3\u0142nocny zach\u00f3d od Samoa oraz Wallis i Futuny i na p\u00f3\u0142noc od Fid\u017ci. Zar\u00f3wno dla bada\u0144 historycznych, jak i wsp\u00f3\u0142czesnych, Tuvalu jest wa\u017cnym punktem zainteresowania, poniewa\u017c to po\u0142o\u017cenie stawia je na skrzy\u017cowaniu kultur i historii Pacyfiku.<\/p>\n<p>Sk\u0142adaj\u0105cy si\u0119 z trzech wysp rafowych i sze\u015bciu atoli rozci\u0105gaj\u0105cych si\u0119 na szeroko\u015bciach geograficznych od 5\u00b0 do 10\u00b0 na po\u0142udnie i d\u0142ugo\u015bciach geograficznych od 176\u00b0 do 180\u00b0 kraj ten oferuje szczeg\u00f3lne po\u0142o\u017cenie czasowe w geografii \u015bwiata, poniewa\u017c le\u017cy na zach\u00f3d od Mi\u0119dzynarodowej Linii Zmiany Daty. Tuvalu, zaraz za Watykanem, liczy\u0142o 10 645 mieszka\u0144c\u00f3w wed\u0142ug spisu z 2017 r., co czyni go drugim najmniej zaludnionym krajem na \u015bwiecie. Jest to najmniej zaludniony kraj, w kt\u00f3rym j\u0119zykiem urz\u0119dowym jest angielski; chocia\u017c ma zaledwie 26 kilometr\u00f3w kwadratowych (10 mil kwadratowych), warto\u015b\u0107 kulturowa i \u015brodowiskowa Tuvalu jest ogromna pomimo niewielkich rozmiar\u00f3w.<\/p>\n<p>Przybywaj\u0105c jako cz\u0119\u015b\u0107 wi\u0119kszej migracji Polinezyjczyk\u00f3w na Pacyfik, ruchu, kt\u00f3ry rozpocz\u0105\u0142 si\u0119 oko\u0142o trzy tysi\u0105ce lat temu, Polinezyjczycy byli pierwszymi mieszka\u0144cami Tuvalu. Wykorzystuj\u0105c swoje talenty do nawigacji mi\u0119dzy wyspami w dwukad\u0142ubowych \u017cagl\u00f3wkach lub \u0142odziach z wysi\u0119gnikiem, ci wczesni koloni\u015bci byli utalentowanymi nawigatorami. Naukowcy uwa\u017caj\u0105, \u017ce Polinezyjczycy migrowali z Samoa i Tonga na atole Tuvalu, dzia\u0142aj\u0105c jako trampolina do dalszej migracji na tereny polinezyjskie w Melanezji i Mikronezji. W szerszym kontek\u015bcie eksploracji i rozprzestrzeniania si\u0119 kultury polinezyjskiej, to bogate dziedzictwo nawigacji i osadnictwa podkre\u015bla znaczenie Tuvalu.<\/p>\n<p>Kiedy hiszpa\u0144ski awanturnik i kartograf \u00c1lvaro de Menda\u00f1a zosta\u0142 pierwszym Europejczykiem, kt\u00f3ry przep\u0142yn\u0105\u0142 przez archipelag, dostrzegaj\u0105c wysp\u0119 Nui podczas swojej misji w poszukiwaniu Terra Australis, europejska interakcja z Tuvalu rozpocz\u0119\u0142a si\u0119 w 1569 roku. P\u00f3\u017aniej, wyspa Funafuti zosta\u0142a nazwana Wysp\u0105 Ellice w 1819 roku; angielski hydrolog Alexander George Findlay nazwa\u0142 p\u00f3\u017aniej ca\u0142\u0105 grup\u0119 Wyspami Ellice. Wielka Brytania ro\u015bci\u0142a sobie prawa do Wysp Ellice pod koniec XIX wieku, w\u0142\u0105czaj\u0105c je wi\u0119c do swojej strefy wp\u0142yw\u00f3w. Kapitan Herbert Gibson z HMS Curacoa oznaczy\u0142 ka\u017cd\u0105 Wysp\u0119 Ellice brytyjskim protektoratem w okresie od 9 do 16 pa\u017adziernika 1892 roku. Jako cz\u0119\u015b\u0107 Brytyjskich Terytori\u00f3w Zachodniego Pacyfiku (BWPT), Wielka Brytania wyznaczy\u0142a sta\u0142ego komisarza do nadzorowania wysp; od 1916 do 1975 roku znajdowa\u0142y si\u0119 one pod kontrol\u0105 kolonialn\u0105.<\/p>\n<p>W 1974 roku referendum maj\u0105ce na celu ustalenie, czy Wyspy Gilberta i Wyspy Ellice powinny mie\u0107 oddzielne rz\u0105dy, stanowi\u0142o punkt zwrotny w historii Tuvalu. Wynik referendum doprowadzi\u0142 do prawnego rozwi\u0105zania kolonii Wysp Gilberta i Ellice 1 pa\u017adziernika 1975 roku. Oficjalnie podzielone 1 stycznia 1976 roku, rz\u0105d ustanowi\u0142 dwie oddzielne kolonie brytyjskie \u2014 Kiribati i Tuvalu. 1 pa\u017adziernika 1978 roku Tuvalu sta\u0142o si\u0119 w pe\u0142ni niepodleg\u0142e jako suwerenne pa\u0144stwo w ramach Wsp\u00f3lnoty Narod\u00f3w; jest to monarchia konstytucyjna kierowana przez kr\u00f3la Karola III. Status Tuvalu jako niezale\u017cnego kraju na arenie mi\u0119dzynarodowej zosta\u0142 wzmocniony, gdy 5 wrze\u015bnia 2000 roku sta\u0142o si\u0119 189. cz\u0142onkiem Organizacji Narod\u00f3w Zjednoczonych.<\/p>\n<p>Cho\u0107 Tuvalu ma niewielki obszar l\u0105dowy i niewiele zasob\u00f3w, rybo\u0142\u00f3wstwo i import stanowi\u0105 znaczn\u0105 cz\u0119\u015b\u0107 jego gospodarki. Wyspy maj\u0105 ma\u0142o gleby, wi\u0119c rolnictwo jest trudne. Wydawanie zezwole\u0144 na po\u0142owy zagranicznym przedsi\u0119biorstwom, dotacje i projekty pomocowe oraz przekazy pieni\u0119\u017cne od tuvalua\u0144skich marynarzy obs\u0142uguj\u0105cych statki towarowe wspieraj\u0105 zatem gospodark\u0119. B\u0119d\u0105c nisko po\u0142o\u017conym krajem wyspiarskim, Tuvalu jest bardzo podatne na skutki zmiany klimatu, zw\u0142aszcza wzrost poziomu morza. Jako cz\u0119\u015b\u0107 Sojuszu Ma\u0142ych Pa\u0144stw Wyspiarskich, kraj aktywnie uczestniczy w mi\u0119dzynarodowych negocjacjach klimatycznych, opowiadaj\u0105c si\u0119 za bardziej \u015bwiatowymi dzia\u0142aniami w celu rozwi\u0105zania problemu zmiany klimatu i jej konsekwencji dla kraj\u00f3w s\u0142abo rozwini\u0119tych, takich jak Tuvalu.<\/p>","protected":false},"excerpt":{"rendered":"<p>Tuvalu, wcze\u015bniej nazywane Wyspami Ellice, to niewielki kraj wyspiarski po\u0142o\u017cony w polinezyjskim podregionie Oceanii na Oceanie Spokojnym. Strategicznie po\u0142o\u017cony w po\u0142owie drogi mi\u0119dzy Hawajami a Australi\u0105, ten niezwyk\u0142y kraj prezentuje wspania\u0142e po\u0142\u0105czenie znaczenia geograficznego i kulturowego. Tuvalu, po\u0142o\u017cone na p\u00f3\u0142nocny wsch\u00f3d od Wysp Santa Cruz \u2014 cz\u0119\u015bci Wysp Salomona \u2014 le\u017cy na p\u00f3\u0142nocny wsch\u00f3d od Vanuatu, na po\u0142udniowy wsch\u00f3d od Nauru, na po\u0142udnie od Kiribati, na zach\u00f3d od Tokelau, na p\u00f3\u0142nocny zach\u00f3d od Samoa oraz Wallis i Futuny i na p\u00f3\u0142noc od Fid\u017ci. Zar\u00f3wno dla bada\u0144 historycznych, jak i wsp\u00f3\u0142czesnych, Tuvalu jest wa\u017cnym punktem zainteresowania, poniewa\u017c to po\u0142o\u017cenie stawia je na skrzy\u017cowaniu kultur i historii Pacyfiku.<\/p>","protected":false},"author":1,"featured_media":3712,"parent":24105,"menu_order":0,"comment_status":"closed","ping_status":"closed","template":"elementor_theme","meta":{"_eb_attr":"","footnotes":""},"class_list":["post-9549","page","type-page","status-publish","has-post-thumbnail"],"_links":{"self":[{"href":"https:\/\/travelshelper.com\/pl\/wp-json\/wp\/v2\/pages\/9549","targetHints":{"allow":["GET"]}}],"collection":[{"href":"https:\/\/travelshelper.com\/pl\/wp-json\/wp\/v2\/pages"}],"about":[{"href":"https:\/\/travelshelper.com\/pl\/wp-json\/wp\/v2\/types\/page"}],"author":[{"embeddable":true,"href":"https:\/\/travelshelper.com\/pl\/wp-json\/wp\/v2\/users\/1"}],"replies":[{"embeddable":true,"href":"https:\/\/travelshelper.com\/pl\/wp-json\/wp\/v2\/comments?post=9549"}],"version-history":[{"count":0,"href":"https:\/\/travelshelper.com\/pl\/wp-json\/wp\/v2\/pages\/9549\/revisions"}],"up":[{"embeddable":true,"href":"https:\/\/travelshelper.com\/pl\/wp-json\/wp\/v2\/pages\/24105"}],"wp:featuredmedia":[{"embeddable":true,"href":"https:\/\/travelshelper.com\/pl\/wp-json\/wp\/v2\/media\/3712"}],"wp:attachment":[{"href":"https:\/\/travelshelper.com\/pl\/wp-json\/wp\/v2\/media?parent=9549"}],"curies":[{"name":"wp","href":"https:\/\/api.w.org\/{rel}","templated":true}]}}