{"id":9534,"date":"2024-09-08T17:58:51","date_gmt":"2024-09-08T17:58:51","guid":{"rendered":"https:\/\/travelshelper.com\/staging\/?page_id=9534"},"modified":"2026-03-13T23:07:31","modified_gmt":"2026-03-13T23:07:31","slug":"tonga","status":"publish","type":"page","link":"https:\/\/travelshelper.com\/pl\/destinations\/australia-and-oceania\/tonga\/","title":{"rendered":"Tonga"},"content":{"rendered":"<p>Po\u0142o\u017cona w \u015brodkowej cz\u0119\u015bci Polinezji, podregionu Oceanii, Tonga jest interesuj\u0105cym krajem wyspiarskim formalnie znanym jako Kr\u00f3lestwo Tonga. Pi\u0119kna i bogata w dziedzictwo kulturowe jest Tonga. Sk\u0142adaj\u0105ca si\u0119 ze 171 wysp, z kt\u00f3rych tylko 45 jest zamieszkanych, ta wyspa rozci\u0105ga si\u0119 na ogromn\u0105 odleg\u0142o\u015b\u0107 przez po\u0142udniowy Ocean Spokojny. Ca\u0142kowita powierzchnia Tonga wynosi zaledwie oko\u0142o 750 000 kilometr\u00f3w kwadratowych (290 000 mil kwadratowych), a mimo to jej wyspy s\u0105 rozrzucone na niesamowitym obszarze 700 000 kilometr\u00f3w kwadratowych (270 000 mil kwadratowych). Od 2021 r. oko\u0142o 70% z 104 494 obywateli Tonga mieszka na g\u0142\u00f3wnej wyspie, Tongatapu.<\/p>\n<p>Geograficznie Tonga jest wyj\u0105tkowym archipelagiem rozci\u0105gaj\u0105cym si\u0119 na oko\u0142o 800 kilometr\u00f3w (500 mil) z p\u00f3\u0142nocy na po\u0142udnie. Wallis i Futuna (Francja), Fid\u017ci na p\u00f3\u0142nocnym zachodzie, Samoa na p\u00f3\u0142nocnym wschodzie, Vanuatu i Nowa Kaledonia (Francja) na zachodzie, Niue na wschodzie i Kermadec (Nowa Zelandia) na po\u0142udniowym zachodzie w\u015br\u00f3d s\u0105siad\u00f3w. Oko\u0142o 1800 kilometr\u00f3w (1100 mil) od Wyspy P\u00f3\u0142nocnej Nowej Zelandii, Tonga jest znacz\u0105c\u0105 cz\u0119\u015bci\u0105 z\u0142o\u017conego geopolitycznego terenu Pacyfiku.<\/p>\n<p>Topografia Tonga jest r\u00f3wnie intryguj\u0105ca, co jej historia. Cywilizacja Lapita, grupa polinezyjskich imigrant\u00f3w, osiedli\u0142a si\u0119 na wyspach oko\u0142o 2500 lat temu, przygotowuj\u0105c w ten spos\u00f3b podwaliny dla przysz\u0142ych Tonga\u0144czyk\u00f3w. Stopniowo tworz\u0105c odr\u0119bn\u0105 to\u017csamo\u015b\u0107 etniczn\u0105, j\u0119zyk i kultur\u0119, ci imigranci stali si\u0119 do\u015b\u0107 widoczni na po\u0142udniowym Pacyfiku. Pierwszy kr\u00f3l Tonga, \u02bbAho\u02bbeitu, znany jako Imperium Tu\u02bbi Tonga, rz\u0105dzi\u0142 w tej epoce kolonizacji i ekspansji Tonga\u0144czyk\u00f3w.<\/p>\n<p>Pod rz\u0105dami \u02bbAho\u02bbeitu i jego nast\u0119pc\u00f3w, Tonga przekszta\u0142ci\u0142a si\u0119 w talasokracj\u0119 i regionaln\u0105 pot\u0119g\u0119 o szerokim wp\u0142ywie na Pacyfik. Od cz\u0119\u015bci Wysp Salomona i ca\u0142ej Nowej Kaledonii i Fid\u017ci na zachodzie do Samoa, Niue, a nawet cz\u0119\u015bci dzisiejszej Polinezji Francuskiej na wschodzie, Imperium Tu\u02bbi Tonga podporz\u0105dkowa\u0142o sobie i rz\u0105dzi\u0142o znacznym terytorium. Imperium sta\u0142o si\u0119 znane ze swoich wp\u0142yw\u00f3w gospodarczych, etnicznych i kulturalnych, kt\u00f3re trwa\u0142y d\u0142ugo po rebelii Samoa w XIII wieku i ostatecznym odkryciu wysp przez Europejczyk\u00f3w w 1616 roku.<\/p>\n<p>Niepowtarzalne relacje Tonga z mocarstwami kolonialnymi definiuj\u0105 jego wsp\u00f3\u0142czesn\u0105 histori\u0119. Od 1900 do 1970 roku Tonga by\u0142a brytyjskim pa\u0144stwem chronionym, obj\u0119tym Traktatem o przyja\u017ani. Chocia\u017c Tonga nigdy nie odda\u0142a swojej suwerenno\u015bci obcemu pa\u0144stwu, Wielka Brytania nadzorowa\u0142a jej polityk\u0119 zagraniczn\u0105 w tym okresie. To nieust\u0119pliwe zaanga\u017cowanie w suwerenno\u015b\u0107 jest dowodem woli narodu Tonga do zachowania swojej wolno\u015bci.<\/p>\n<p>Tonga znacz\u0105co przesz\u0142a w kierunku nowoczesnego rz\u0105du w 2010 r., zmieniaj\u0105c konwencjonaln\u0105 monarchi\u0119 absolutn\u0105 na monarchi\u0119 p\u00f3\u0142konstytucyjn\u0105. Zmiana ta nast\u0105pi\u0142a cz\u0119\u015bciowo dzi\u0119ki reformom ustawodawczym otwieraj\u0105cym drog\u0119 do pierwszych cz\u0119\u015bciowych wybor\u00f3w przedstawicielskich w kraju. Ta ewolucja polityczna pokazuje ci\u0105g\u0142e zaanga\u017cowanie Tongi w r\u00f3wnowa\u017cenie modernizmu z dziedzictwem, a tym samym utrzymanie trafno\u015bci i funkcjonalno\u015bci jej system\u00f3w rz\u0105dowych w XXI wieku.<\/p>\n<p>Obecno\u015b\u0107 Tonga na \u015bwiecie jest widoczna w jej cz\u0142onkostwie w kilku znacz\u0105cych grupach. Jest cz\u0119\u015bci\u0105 Organizacji Narod\u00f3w Zjednoczonych, Forum Wysp Pacyfiku, Sojuszu Ma\u0142ych Pa\u0144stw Wyspiarskich i Wsp\u00f3lnoty Narod\u00f3w. Sojusze te pokazuj\u0105 zaanga\u017cowanie Tonga w sprawy regionalne i globalne, a tak\u017ce jego zaanga\u017cowanie w rozwi\u0105zywanie szczeg\u00f3lnych wyzwa\u0144, przed kt\u00f3rymi stoj\u0105 ma\u0142e pa\u0144stwa wyspiarskie.<\/p>","protected":false},"excerpt":{"rendered":"<p>Po\u0142o\u017cona w \u015brodkowej cz\u0119\u015bci Polinezji, podregionu Oceanii, Tonga jest interesuj\u0105cym krajem wyspiarskim formalnie znanym jako Kr\u00f3lestwo Tonga. Pi\u0119kna i bogata w dziedzictwo kulturowe jest Tonga. Sk\u0142adaj\u0105ca si\u0119 ze 171 wysp, z kt\u00f3rych tylko 45 jest zamieszkanych, ta wyspa rozci\u0105ga si\u0119 na ogromn\u0105 odleg\u0142o\u015b\u0107 przez po\u0142udniowy Ocean Spokojny. Ca\u0142kowita powierzchnia Tonga wynosi zaledwie oko\u0142o 750 000 kilometr\u00f3w kwadratowych (290 000 mil kwadratowych), a mimo to jej wyspy s\u0105 rozrzucone na niesamowitym obszarze 700 000 kilometr\u00f3w kwadratowych (270 000 mil kwadratowych). Od 2021 r. oko\u0142o 70% z 104 494 obywateli Tonga mieszka na g\u0142\u00f3wnej wyspie, Tongatapu.<\/p>","protected":false},"author":1,"featured_media":4050,"parent":24105,"menu_order":0,"comment_status":"closed","ping_status":"closed","template":"elementor_theme","meta":{"_eb_attr":"","footnotes":""},"class_list":["post-9534","page","type-page","status-publish","has-post-thumbnail"],"_links":{"self":[{"href":"https:\/\/travelshelper.com\/pl\/wp-json\/wp\/v2\/pages\/9534","targetHints":{"allow":["GET"]}}],"collection":[{"href":"https:\/\/travelshelper.com\/pl\/wp-json\/wp\/v2\/pages"}],"about":[{"href":"https:\/\/travelshelper.com\/pl\/wp-json\/wp\/v2\/types\/page"}],"author":[{"embeddable":true,"href":"https:\/\/travelshelper.com\/pl\/wp-json\/wp\/v2\/users\/1"}],"replies":[{"embeddable":true,"href":"https:\/\/travelshelper.com\/pl\/wp-json\/wp\/v2\/comments?post=9534"}],"version-history":[{"count":0,"href":"https:\/\/travelshelper.com\/pl\/wp-json\/wp\/v2\/pages\/9534\/revisions"}],"up":[{"embeddable":true,"href":"https:\/\/travelshelper.com\/pl\/wp-json\/wp\/v2\/pages\/24105"}],"wp:featuredmedia":[{"embeddable":true,"href":"https:\/\/travelshelper.com\/pl\/wp-json\/wp\/v2\/media\/4050"}],"wp:attachment":[{"href":"https:\/\/travelshelper.com\/pl\/wp-json\/wp\/v2\/media?parent=9534"}],"curies":[{"name":"wp","href":"https:\/\/api.w.org\/{rel}","templated":true}]}}