{"id":9509,"date":"2024-09-08T15:02:14","date_gmt":"2024-09-08T15:02:14","guid":{"rendered":"https:\/\/travelshelper.com\/staging\/?page_id=9509"},"modified":"2026-03-13T13:05:38","modified_gmt":"2026-03-13T13:05:38","slug":"barbados","status":"publish","type":"page","link":"https:\/\/travelshelper.com\/pl\/destinations\/north-america\/barbados\/","title":{"rendered":"Barbados"},"content":{"rendered":"<p>Barbados to dzi\u015b smuk\u0142y p\u00f3\u0142ksi\u0119\u017cyc l\u0105du na Atlantyku, maj\u0105cy w najszerszym miejscu oko\u0142o trzydziestu czterech kilometr\u00f3w, zajmuj\u0105cy powierzchni\u0119 439 kilometr\u00f3w kwadratowych i b\u0119d\u0105cy domem dla oko\u0142o 287 000 mieszka\u0144c\u00f3w (2019 r.). Znajduje si\u0119 na wschodnim zboczu Ma\u0142ych Antyli, gdzie lazurowe wody Karaib\u00f3w stykaj\u0105 si\u0119 z po\u0142udniowoameryka\u0144sk\u0105 przestrzeni\u0105 tektoniczn\u0105.<\/p>\n<p>Od pierwszego pojawienia si\u0119 na hiszpa\u0144skiej mapie w 1511 r., poprzez okres okupacji portugalskiej w po\u0142owie XVI wieku, a\u017c do pami\u0119tnego przybycia Olive Blossom w maju 1625 r. \u2014 kiedy Anglia ro\u015bci\u0142a sobie prawa do wyspy dla kr\u00f3la Jakuba I \u2014 i p\u00f3\u017aniejszego wys\u0142ania sta\u0142ych osadnik\u00f3w dwa lata p\u00f3\u017aniej, Barbados by\u0142 kszta\u0142towany przez przyp\u0142yw i odp\u0142yw imperialnych plan\u00f3w i rygory gospodarek plantacyjnych, kt\u00f3re przez stulecia wykorzystywa\u0142y afryka\u0144skie niewolnictwo do uprawy trzciny cukrowej na swoich nizinnych r\u00f3wninach. Nast\u0119pnie emancypacja, najpierw wprowadzona etapowo przez brytyjskie ustawodawstwo abolicyjne z 1833 r., spowodowa\u0142a przebudow\u0119 spo\u0142eczn\u0105, chocia\u017c \u015blady niewolnictwa wci\u0105\u017c by\u0142y obecne w obyczajach spo\u0142ecznych.<\/p>\n<p>W przededniu uzyskania niepodleg\u0142o\u015bci politycznej 30 listopada 1966 r. Barbados sta\u0142 si\u0119 odr\u0119bnym pa\u0144stwem Wsp\u00f3lnoty Narod\u00f3w, kt\u00f3rego g\u0142ow\u0105 ceremonialn\u0105 by\u0142a kr\u00f3lowa El\u017cbieta II. Tego samego dnia kalendarzowego w 2021 r. Barbados zako\u0144czy\u0142 sw\u00f3j rozw\u00f3j konstytucyjny, przyjmuj\u0105c republika\u0144skie ramy w ramach Wsp\u00f3lnoty Narod\u00f3w, zast\u0119puj\u0105c monarchi\u0119 prezydentem, ale zachowuj\u0105c wi\u0119zy wsp\u00f3lnej historii i wsp\u00f3\u0142pracy.<\/p>\n<p>Geograficznie, charakter wyspy jest \u0142agodnym wypi\u0119trzeniem na zachodzie \u2014 gdzie tarasy koralowe opadaj\u0105 w stron\u0119 morza pod pier\u015bcieniem raf \u2014 i bardziej surowym wzniesieniem w kierunku Scotland District na p\u00f3\u0142nocnym wschodzie, kt\u00f3rego zwietrza\u0142e wapienie da\u0142y pocz\u0105tek jaskiniom i w\u0105wozom, kt\u00f3re m\u00f3wi\u0105 o tysi\u0105cleciach rozpadu. Na szczycie tego dystryktu stoi Mount Hillaby, pn\u0105cy si\u0119 na 340 metr\u00f3w, szczyt topografii Bajan. Tam mo\u017cna dostrzec warstwowy zapis akrecji tektonicznej, poniewa\u017c Barbados spoczywa na osadach zeskrobanych z p\u0142yty po\u0142udniowoameryka\u0144skiej, gdy subdukuje ona pod p\u0142yt\u0119 karaibsk\u0105, podnosz\u0105c wysp\u0119 w tempie prawie dwudziestu pi\u0119ciu milimetr\u00f3w na tysi\u0105c lat. Wygi\u0119ty przyl\u0105dek Pico Teneriffe, nazwany na cze\u015b\u0107 Wysp Kanaryjskich le\u017c\u0105cych dalej na wsch\u00f3d, wcina si\u0119 w Atlantyk jako geologiczny zwiastun tych g\u0142\u0119bszych si\u0142.<\/p>\n<p>Klimatycznie wyspa do\u015bwiadcza podw\u00f3jnego rytmu: wilgotnej pory roku od czerwca do grudnia, kiedy opady deszczu mog\u0105 gromadzi\u0107 si\u0119 w granicach od 1000 do 2300 milimetr\u00f3w rocznie, oraz bardziej suchego okresu od grudnia do maja, podczas kt\u00f3rego dzienne pr\u0105dy termiczne wahaj\u0105 si\u0119 w granicach od 21 do 31 stopni Celsjusza. Pasaty, nies\u0142abn\u0105ce z pr\u0119dko\u015bci\u0105 dwunastu do szesnastu kilometr\u00f3w na godzin\u0119, \u0142agodz\u0105 wilgo\u0107 o wzorze monsunowym, nadaj\u0105c umiarkowanie, kt\u00f3re daje Barbadosowi reputacj\u0119 tego, co meteorolodzy nazywaj\u0105 klimatem tropikalnym monsunowym, chocia\u017c jego sta\u0142e bryzy nadaj\u0105 charakter odmienny od bardziej dusznych stref r\u00f3wnikowych.<\/p>\n<p>Wstrz\u0105sy sejsmiczne i osuwiska, cho\u0107 rzadkie, \u015bwiadcz\u0105 o dynamicznym fundamencie wyspy; huragany r\u00f3wnie\u017c wdzieraj\u0105 si\u0119 tam sporadycznie, ale Barbados le\u017cy poza g\u0142\u00f3wnym szlakiem cyklon\u00f3w. Niszczycielska \u015brednia huragan\u00f3w powtarza si\u0119 tylko raz na dwadzie\u015bcia sze\u015b\u0107 lat, czego dowodem jest katastrofalna wizyta huraganu Janet we wrze\u015bniu 1955 r.; niedawno sztorm tropikalny Tomas otar\u0142 si\u0119 o wybrze\u017ce w pa\u017adzierniku 2010 r., wyrz\u0105dzaj\u0105c jedynie niewielkie szkody.<\/p>\n<p>Demograficznie, spis powszechny z 2010 r. odnotowa\u0142 277 821 mieszka\u0144c\u00f3w \u2014 oko\u0142o 144 800 kobiet i 133 000 m\u0119\u017cczyzn \u2014 prawie wszyscy pochodzenia afryka\u0144skiego, co odzwierciedla stulecia przymusowej migracji. Oczekiwana d\u0142ugo\u015b\u0107 \u017cycia, wynosz\u0105ca osiemdziesi\u0105t lat w 2020 r., plasuje si\u0119 w\u015br\u00f3d najwy\u017cszych na \u015bwiecie, przy czym kobiety z Barbadosu osi\u0105gaj\u0105 \u015brednio osiemdziesi\u0105t trzy lata, a m\u0119\u017cczy\u017ani zbli\u017caj\u0105 si\u0119 do siedemdziesi\u0119ciu dziewi\u0119ciu. Wraz z t\u0105 d\u0142ugowieczno\u015bci\u0105 kraj ten szczyci si\u0119 jednym z najwy\u017cszych na \u015bwiecie wska\u017anik\u00f3w stulatk\u00f3w na mieszka\u0144ca, co \u015bwiadczy o \u015brodkach ochrony zdrowia publicznego i odporno\u015bci jego mieszka\u0144c\u00f3w. Dane dotycz\u0105ce p\u0142odno\u015bci i \u015bmiertelno\u015bci wskazuj\u0105, \u017ce surowy wsp\u00f3\u0142czynnik urodze\u0144 wynosi 12,23 na tysi\u0105c, wsp\u00f3\u0142czynnik zgon\u00f3w 8,39 na tysi\u0105c, a wsp\u00f3\u0142czynnik \u015bmiertelno\u015bci niemowl\u0105t od 2021 r. wynosi nieco ponad jedena\u015bcie na tysi\u0105c \u017cywych urodze\u0144 \u2014 statystyka \u015bci\u015ble monitorowana przez agencje mi\u0119dzynarodowe.<\/p>\n<p>Gospodarka Barbadosu, niegdy\u015b zakotwiczona w monokulturowej produkcji cukru, zdywersyfikowa\u0142a si\u0119 w mieszany system us\u0142ug, finans\u00f3w offshore, lekkiej produkcji i turystyki. PKB na mieszka\u0144ca plasuje j\u0105 na pi\u0119\u0107dziesi\u0105tym drugim miejscu na \u015bwiecie, w\u015br\u00f3d osiemdziesi\u0119ciu trzech gospodarek o wysokich dochodach wyznaczonych przez globalne instytucje finansowe. Jednak pod tym dobrobytem kryj\u0105 si\u0119 obszary trudno\u015bci: wed\u0142ug badania z 2012 r. przeprowadzonego przez Caribbean Development Bank, jeden na pi\u0119ciu mieszka\u0144c\u00f3w Bajan \u017cyje poni\u017cej progu ub\u00f3stwa, a prawie jeden na dziesi\u0119ciu nie zapewnia sobie odpowiedniego po\u017cywienia z dnia na dzie\u0144. Innowacja znajduje jednak sw\u00f3j wyraz; Barbados osi\u0105gn\u0105\u0142 siedemdziesi\u0105te si\u00f3dme miejsce w Global Innovation Index 2024.<\/p>\n<p>\u017bycie kulturalne t\u0119tni synkretyczn\u0105 intensywno\u015bci\u0105. Termin \u201eBajan\u201d, pochodz\u0105cy z osiemnastowiecznego skr\u00f3tu \u201eBarbadodian\u201d, oznacza zar\u00f3wno narodowo\u015b\u0107, jak i to\u017csamo\u015b\u0107, jest to wyznacznik dumy mieszka\u0144c\u00f3w wyspy, kt\u00f3rych dziedzictwo splata w\u0105tki zachodnioafryka\u0144skie, portugalskie, wschodnioindyjskie, kreolskie i brytyjskie. Ka\u017cdego lata, pocz\u0105wszy od pocz\u0105tku lipca i osi\u0105gaj\u0105c szczyt w pierwszy poniedzia\u0142ek sierpnia \u2014 Dzie\u0144 Kadooment \u2014 festiwal Crop Over przywraca do \u017cycia osiemnastowieczny obrz\u0119d, kt\u00f3ry czci\u0142 ostatnie zbiory trzciny cukrowej. Przez tygodnie konkurs\u00f3w muzycznych oraz parad calypso i soca spo\u0142eczno\u015b\u0107 koronuje Kr\u00f3la i Kr\u00f3low\u0105 Plon\u00f3w, wzorowanych na tych robotnikach, kt\u00f3rzy niegdy\u015b d\u017awigali najci\u0119\u017csze ci\u0119\u017cary na polach. Poprzez d\u017awi\u0119ki instrument\u00f3w d\u0119tych i dudnienie b\u0119bn\u00f3w przesz\u0142o\u015b\u0107 Barbadosu wydobywa si\u0119 z archiwum i przybiera cielesn\u0105 form\u0119 w maskaradzie i melodii.<\/p>\n<p>Gastronomia r\u00f3wnie\u017c nosi pi\u0119tno tego wielokulturowego dziedzictwa. Narodowe danie, cou-cou z lataj\u0105c\u0105 ryb\u0105 i pikantnym sosem, \u0142\u0105czy drobno zmielon\u0105 m\u0105k\u0119 kukurydzian\u0105 z charakterystyczn\u0105 dla wyspy ryb\u0105 \u2014 marynowan\u0105 w mieszance lokalnych zi\u00f3\u0142 \u2014 podawan\u0105 obok sos\u00f3w z dodatkiem pieprzu. Pudding i sos \u2014 wieprzowina w occie z pikantnymi s\u0142odkimi ziemniakami \u2014 pojawiaj\u0105 si\u0119 na wsp\u00f3lnych sto\u0142ach, przypominaj\u0105c dawne wiejskie kuchnie. Kiszone og\u00f3rki, kotlety rybne, \u201ezapiekanki\u201d sma\u017cone na z\u0142oto i sa\u0142atki z chrupi\u0105cych li\u015bci towarzysz\u0105 wi\u0119kszo\u015bci posi\u0142k\u00f3w, zwie\u0144czone ostrymi sosami z papryczek Scotch bonnet.<\/p>\n<p>Destylatowane tu trunki ciesz\u0105 si\u0119 \u015bwiatow\u0105 s\u0142aw\u0105. Mount Gay Rum, kt\u00f3rego pocz\u0105tki si\u0119gaj\u0105 aktu z 1703 r., ro\u015bci sobie prawo do miana najstarszego na \u015bwiecie producenta rumu. Jego bursztynowe odcienie, dojrzewaj\u0105ce w zw\u0119glonym d\u0119bie, \u015bwiadcz\u0105 o wiekach do\u015bwiadczenia w destylacji. Cockspur Rum, s\u0142odko\u015b\u0107 Malibu z dodatkiem kokosa oraz jasne piwo typu lager i bursztynowe ale z Banks Brewery reprezentuj\u0105 r\u00f3\u017cnorodne tradycje browarnicze wyspy, podczas gdy Tiger Malt oferuje bezalkoholowy nap\u00f3j s\u0142odowy dla umiarkowanych podniebie\u0144. Niedawno piwo 10 Saints ze Speightstown, spokojnie le\u017cakowane przez dziewi\u0119\u0107dziesi\u0105t dni w beczkach Special Reserve z Mount Gay, zyska\u0142o skromne grono zwolennik\u00f3w na rynkach CARICOM od czasu debiutu w 2009 r.<\/p>\n<p>Kierowcy przemierzaj\u0105 kr\u0119te drogi po lewej stronie, dziel\u0105c trasy z flot\u0105 zarejestrowanych pojazd\u00f3w, kt\u00f3ra liczy oko\u0142o jednego na dw\u00f3ch mieszka\u0144c\u00f3w. Ruch uliczny mo\u017ce unieruchomi\u0107 podr\u00f3\u017cnego na po\u0142udniowo-wschodnim odcinku \u2014 od Six Cross Roads w Saint Philip do North Point w Saint Lucy \u2014 na trasie licz\u0105cej zaledwie czterdzie\u015bci kilometr\u00f3w, kt\u00f3ra mo\u017ce zaj\u0105\u0107 p\u00f3\u0142torej godziny, gdy po\u0142udniowe s\u0142o\u0144ce odbija si\u0119 od linii zderzak w zderzak. Na skrzy\u017cowaniach kr\u00f3luj\u0105 ronda; Statua Emancypacji Bussy, buntownika z XVIII wieku, zajmuje jedno z takich kr\u0119g\u00f3w na wsch\u00f3d od Bridgetown, a jej obecno\u015b\u0107 jest milcz\u0105c\u0105 przemow\u0105 o koszcie wolno\u015bci.<\/p>\n<p>\u015arodki transportu publicznego uzupe\u0142niaj\u0105 prywatne samochody. Prywatnie obs\u0142ugiwane \u201eZR\u201d \u2014 minibusy mieszcz\u0105ce pasa\u017cer\u00f3w stoj\u0105cych wzd\u0142u\u017c malowniczych objazd\u00f3w \u2014 i ma\u0142e \u017c\u00f3\u0142te \u201emini-busy\u201d mieszaj\u0105 si\u0119 z b\u0142\u0119kitnymi autobusami, kt\u00f3re przestrzegaj\u0105 ustalonych rozk\u0142ad\u00f3w jazdy i tras. Op\u0142ata w wysoko\u015bci 3,50 BDS$ pozwala na przejazd ka\u017cdym z nich; uczniowie w mundurkach je\u017cd\u017c\u0105 za darmo autobusami rz\u0105dowymi, a za 2,50 BDS$ ZR. Reszt\u0119 wydaj\u0105 prywatni operatorzy, podczas gdy pojazdy rz\u0105dowe wydaj\u0105 pokwitowania zamiast drobnych monet; stacje ko\u0144cowe i dworce znajduj\u0105 si\u0119 w Bridgetown, Speightstown, Oistins i Mangrove, a ka\u017cdy z nich jest w\u0119z\u0142em w uk\u0142adzie kr\u0105\u017cenia wyspy.<\/p>\n<p>W pogoni za zr\u00f3wnowa\u017conym rozwojem Barbados naby\u0142 w lipcu 2020 r. trzydzie\u015bci trzy autobusy elektryczne BYD, uzupe\u0142niaj\u0105c starzej\u0105c\u0105 si\u0119 flot\u0119 pojazd\u00f3w z silnikami Diesla i realizuj\u0105c rz\u0105dowy cel wyeliminowania paliw kopalnych do 2030 r. Hotele, chc\u0105c sprosta\u0107 oczekiwaniom go\u015bci, cz\u0119sto wysy\u0142aj\u0105 autobusy wahad\u0142owe do lokalnych atrakcji, a ma\u0142e wypo\u017cyczalnie samochod\u00f3w \u2014 nieb\u0119d\u0105ce cz\u0119\u015bci\u0105 mi\u0119dzynarodowych sieci \u2014 oferuj\u0105 opcje samodzielnej jazdy tym, kt\u00f3rzy chc\u0105 zwiedza\u0107 okolic\u0119 w celach rekreacyjnych.<\/p>\n<p>Mi\u0119dzynarodowy Port Lotniczy Grantley Adams, jedyna brama powietrzna wyspy, pe\u0142ni funkcj\u0119 po\u0142udniowego w\u0119z\u0142a handlu karaibskiego, podkre\u015blaj\u0105c \u0142\u0105czno\u015b\u0107 Barbadosu z Europ\u0105, Ameryk\u0105 P\u00f3\u0142nocn\u0105 i innymi miejscami. Modernizacja o warto\u015bci 100 milion\u00f3w dolar\u00f3w ameryka\u0144skich w latach 2003\u20132006 zwi\u0119kszy\u0142a jego przepustowo\u015b\u0107, a w 2023 r. dawny terminal Concorde rozpocz\u0105\u0142 przekszta\u0142canie w zmodernizowany pawilon odlot\u00f3w. Premier Mia Mottley og\u0142osi\u0142a w grudniu 2023 r. negocjacje dotycz\u0105ce dodatkowych 300 milion\u00f3w dolar\u00f3w ameryka\u0144skich na ulepszenia lotniska, zapowiadaj\u0105c przysz\u0142o\u015b\u0107 zwi\u0119kszonej przepustowo\u015bci.<\/p>\n<p>Dost\u0119p morski koncentruje si\u0119 w porcie Bridgetown, kt\u00f3rego operacje kontenerowe i rejsowe s\u0105 zarz\u0105dzane przez Barbados Port Inc., odtworzony organ, kt\u00f3ry kiedy\u015b by\u0142 znany jako Barbados Port Authority. Jego doki przyjmuj\u0105 statki wszystkich klas, wzmacniaj\u0105c rol\u0119 wyspy jako w\u0119z\u0142a handlu morskiego i wypoczynku.<\/p>\n<p>Cho\u0107 Barbados jest tylko jedn\u0105 wysp\u0105 w\u015br\u00f3d wielu, wyr\u00f3\u017cnia si\u0119 nieprzerwanym rodowodem kolonialnym \u2014 zyskuj\u0105c przydomki \u201eBimshire\u201d i \u201eLittle Britain\u201d \u2014 oraz geologicznym charakterem jako ukszta\u0142towanego przez korale ukszta\u0142towania terenu, a nie przyl\u0105dka wulkanicznego. Jego najbli\u017csi s\u0105siedzi \u2014 Saint Lucia i Saint Vincent \u2014 le\u017c\u0105 oko\u0142o 168 kilometr\u00f3w na zach\u00f3d, ich surowe szczyty przebijaj\u0105 lini\u0119 horyzontu, podczas gdy sp\u0142aszczone kontury Barbadosu \u015bwiadcz\u0105 o resztkach rafy koralowej i akrecji osad\u00f3w.<\/p>\n<p>Jedena\u015bcie parafii dzieli to skromne kr\u00f3lestwo na cztery nieformalne regiony. Saint Michael jest domem dla Bridgetown i jednej trzeciej populacji, a nadbrze\u017cne Careenage i historyczne dzielnice garnizonowe oferuj\u0105 portale do kolonialnej narracji wyspy, obok gorzelni Mount Gay i boisk krykietowych Kensington Oval. Na zachodzie Saint James, Saint Peter i Saint Lucy oferuj\u0105 najbardziej os\u0142oni\u0119te pla\u017ce, Holetown i Speightstown zapewniaj\u0105 korytarz pensjonat\u00f3w i o\u015brodk\u00f3w dla rodzin i nowo\u017ce\u0144c\u00f3w. Na po\u0142udniu Christ Church jest gospodarzem najwi\u0119kszej koncentracji \u017cycia nocnego, jego odcinek od Rockley przez Oistins do Silver Sands t\u0119tni \u017cyciem dzi\u0119ki barom i restauracjom, podczas gdy surowe wybrze\u017ce Sainte Philip na wschodzie przyci\u0105ga tych, kt\u00f3rzy lubi\u0105 dramatyczne surfowanie. Parafie wschodnio-centralne \u2014 Saint Andrew, Saint George, Saint John, Saint Joseph i Saint Thomas \u2014 pozostaj\u0105 w du\u017cej mierze niezagospodarowane, a ich zielone ogrody, plantacje i podziemne jaskinie w Jaskini Harrisona pozwalaj\u0105 na bliskie zetkni\u0119cie si\u0119 z wn\u0119trzem Barbadosu.<\/p>\n<p>Pozosta\u0142e wysepki \u2014 Pelican Island, niegdy\u015b stacja kwarantannowa, obecnie wch\u0142oni\u0119ta przez rozbudow\u0119 portu Bridgetown, i Culpepper Island, zaledwie skrawek trawy, do kt\u00f3rego mo\u017cna dotrze\u0107 pieszo w czasie odp\u0142ywu \u2014 stanowi\u0105 ma\u0142e osobliwo\u015bci, a ich ja\u0142owe krajobrazy stanowi\u0105 przeciwwag\u0119 dla uprawnych p\u00f3l i gwarnych uliczek g\u0142\u00f3wnej wyspy.<\/p>\n<p>Przez stulecia Barbados wykorzystywa\u0142 swoje koralowe fundamenty i imperialne dziedzictwo, aby stworzy\u0107 spo\u0142ecze\u0144stwo zar\u00f3wno przesi\u0105kni\u0119te tradycj\u0105, jak i otwarte na innowacje. Tutaj, gdzie wiatr oceaniczny niesie pami\u0119\u0107 i obietnic\u0119 w r\u00f3wnym stopniu, odwiedzaj\u0105cy znajduje wysp\u0119, kt\u00f3ra opiera si\u0119 \u0142atwemu romantyzmowi, kt\u00f3ra ujawnia swoje sekrety poprzez cierpliw\u0105 akrecj\u0119 historii, geologii i kultury na scenie niepozornego pi\u0119kna.<\/p>","protected":false},"excerpt":{"rendered":"<p>Po\u0142o\u017cony na Ma\u0142ych Antylach Antyli, Barbados jest fascynuj\u0105cym krajem wyspiarskim. Najbardziej wysuni\u0119ta na wsch\u00f3d spo\u015br\u00f3d wysp karaibskich, schowana na Karaibach, le\u017cy obok Ameryki P\u00f3\u0142nocnej i na p\u00f3\u0142noc od Ameryki Po\u0142udniowej. Geograficzne po\u0142o\u017cenie Barbadosu na skraju p\u0142yt po\u0142udniowoameryka\u0144skich i karaibskich pomaga wyja\u015bni\u0107 jego charakterystyczn\u0105 geologi\u0119. Bridgetown, stolica i najwi\u0119ksze miasto na wyspie, jest centrum biznesu i kultury.<\/p>","protected":false},"author":1,"featured_media":3142,"parent":24084,"menu_order":0,"comment_status":"closed","ping_status":"closed","template":"elementor_theme","meta":{"_eb_attr":"","footnotes":""},"class_list":["post-9509","page","type-page","status-publish","has-post-thumbnail"],"_links":{"self":[{"href":"https:\/\/travelshelper.com\/pl\/wp-json\/wp\/v2\/pages\/9509","targetHints":{"allow":["GET"]}}],"collection":[{"href":"https:\/\/travelshelper.com\/pl\/wp-json\/wp\/v2\/pages"}],"about":[{"href":"https:\/\/travelshelper.com\/pl\/wp-json\/wp\/v2\/types\/page"}],"author":[{"embeddable":true,"href":"https:\/\/travelshelper.com\/pl\/wp-json\/wp\/v2\/users\/1"}],"replies":[{"embeddable":true,"href":"https:\/\/travelshelper.com\/pl\/wp-json\/wp\/v2\/comments?post=9509"}],"version-history":[{"count":0,"href":"https:\/\/travelshelper.com\/pl\/wp-json\/wp\/v2\/pages\/9509\/revisions"}],"up":[{"embeddable":true,"href":"https:\/\/travelshelper.com\/pl\/wp-json\/wp\/v2\/pages\/24084"}],"wp:featuredmedia":[{"embeddable":true,"href":"https:\/\/travelshelper.com\/pl\/wp-json\/wp\/v2\/media\/3142"}],"wp:attachment":[{"href":"https:\/\/travelshelper.com\/pl\/wp-json\/wp\/v2\/media?parent=9509"}],"curies":[{"name":"wp","href":"https:\/\/api.w.org\/{rel}","templated":true}]}}