{"id":9484,"date":"2024-09-08T13:46:30","date_gmt":"2024-09-08T13:46:30","guid":{"rendered":"https:\/\/travelshelper.com\/staging\/?page_id=9484"},"modified":"2026-03-13T13:06:29","modified_gmt":"2026-03-13T13:06:29","slug":"bahamy","status":"publish","type":"page","link":"https:\/\/travelshelper.com\/pl\/destinations\/north-america\/bahamas\/","title":{"rendered":"Bahamy"},"content":{"rendered":"<p>Wsp\u00f3lnota Baham\u00f3w zajmuje kr\u00f3lestwo krystalicznych m\u00f3rz i wietrznych wysp, jej 10 010 kilometr\u00f3w kwadratowych l\u0105du rozrzuconych jest na oko\u0142o 800 kilometrach Atlantyku. Nieco ponad 400 000 mieszka\u0144c\u00f3w \u2014 z kt\u00f3rych 90 procent wywodzi si\u0119 od afryka\u0144skich przodk\u00f3w \u2014 skupia si\u0119 g\u0142\u00f3wnie na 30 zamieszkanych wyspach, przy czym Nassau w New Providence s\u0142u\u017cy zar\u00f3wno jako polityczne centrum nerwowe, jak i g\u0142\u00f3wny port zawini\u0119cia. Po\u0142o\u017cony mi\u0119dzy 20\u00b0 i 28\u00b0 szeroko\u015bci geograficznej p\u00f3\u0142nocnej i 72\u00b0 do 80\u00b0 d\u0142ugo\u015bci geograficznej zachodniej, nar\u00f3d ten ma 470 000 kilometr\u00f3w kwadratowych domen morskich, rozci\u0105gaj\u0105cych si\u0119 daleko poza \u0142agodnie faluj\u0105ce linie brzegowe na wody, kt\u00f3re do czasu wsp\u00f3\u0142czesnych delimitacji dryfowa\u0142y niezagospodarowane i niezbadane.<\/p>\n<p>Na wieki przed tym, jak europejskie mapy wyry\u0142y nazwy na jego brzegach, archipelag go\u015bci\u0142 m\u00f3wi\u0105cych po arawaku Lucayan, kt\u00f3rych wioski przecina\u0142y gaje sosnowe i namorzyny. W pa\u017adzierniku 1492 roku genue\u0144ski \u017ceglarz pod hiszpa\u0144sk\u0105 komisj\u0105 dostrzeg\u0142 wysp\u0119 znan\u0105 obecnie jako San Salvador, wyznaczaj\u0105c tym samym pierwszy europejski \u015blad na obszarze, kt\u00f3ry sta\u0142 si\u0119 nazywany \u201eNowym \u015awiatem\u201d. W ci\u0105gu pokolenia w\u0142adze hiszpa\u0144skie wysiedli\u0142y niemal ca\u0142\u0105 rdzenn\u0105 ludno\u015b\u0107 \u2014 przenosz\u0105c j\u0105 pod przymusem na Hispaniol\u0119 \u2014 tak \u017ce do 1513 roku wyspy Baham\u00f3w by\u0142y w du\u017cej mierze puste. Dopiero w 1649 roku grupa angielskich osadnik\u00f3w, Eleutheran Adventurers z Bermud\u00f3w, og\u0142osi\u0142a ruchome wydmy Eleuthery schronieniem dla dysydent\u00f3w religijnych. Ich wytrwa\u0142o\u015b\u0107 \u2500wraz z dalszymi przybyszami ameryka\u0144skich lojalist\u00f3w po 1783 r., kt\u00f3rzy przywie\u017ali niewolnicz\u0105 prac\u0119 i granty na plantacje \u2500 po\u0142o\u017cy\u0142y fundamenty demograficzne i agrarne, kt\u00f3re przetrwa\u0142y a\u017c do emancypacji w 1834 r. Mi\u0119dzy 1818 r. a t\u0105 dat\u0105 wyspy zyska\u0142y s\u0142aw\u0119 jako azyl: Afrykanie wyzwoleni z nielegalnych statk\u00f3w niewolniczych, zbiegowie z Ameryki P\u00f3\u0142nocnej i Seminolowie z Florydy znajdowali azyl na tych brzegach, do tego stopnia, \u017ce \u200b\u200bzagraniczni kapitanowie przestali twierdzi\u0107, \u017ce s\u0105 niewolnikami, \u017cegluj\u0105c po wodach Baham\u00f3w.<\/p>\n<p>Pod nadzorem korony brytyjskiej od 1718 r. wyspy stworzy\u0142y morskie umocnienia, aby st\u0142umi\u0107 piractwo i przyj\u0119\u0142y status kolonii do 1973 r. W tym roku przyw\u00f3dztwo pod wodz\u0105 sir Lyndena Pindlinga poprowadzi\u0142o archipelag do niepodleg\u0142o\u015bci jako kr\u00f3lestwo Wsp\u00f3lnoty Narod\u00f3w, zachowuj\u0105c Karola III jako monarch\u0119 i ustanawiaj\u0105c gubernatora generalnego jako zast\u0119pc\u0119 kr\u00f3lewskiego. Ramy polityczne, czerpi\u0105ce z brytyjskiej tradycji parlamentarnej, od tego czasu nadzorowa\u0142y ewolucj\u0119 narodu, kt\u00f3rego produkt krajowy brutto na mieszka\u0144ca zajmuje czternaste miejsce w obu Amerykach. Turystyka i finanse offshore, odpowiadaj\u0105ce odpowiednio za oko\u0142o 70 i 15 procent produkcji gospodarczej, stanowi\u0105 podstaw\u0119 dochod\u00f3w narodowych: siedem na dziesi\u0119\u0107 dolar\u00f3w pochodzi z wydatk\u00f3w turyst\u00f3w, prawie trzy czwarte przybysz\u00f3w przybywa statkami wycieczkowymi, podczas gdy us\u0142ugi finansowe zarz\u0105dzaj\u0105 zdumiewaj\u0105cymi agregatami \u2014 szacunkowo 13,7 biliona dolar\u00f3w ameryka\u0144skich w maj\u0105tku prywatnym i 12 bilion\u00f3w dolar\u00f3w ameryka\u0144skich w korporacyjnych aktywach chronionych jurysdykcj\u0105 Baham\u00f3w.<\/p>\n<p>Pocz\u0105tki geofizyczne si\u0119gaj\u0105 wczesnego mezozoiku, kiedy fragmenty Pangei dryfowa\u0142y w g\u00f3r\u0119 pr\u0105d\u00f3w atlantyckich; kolejne eony ukszta\u0142towa\u0142y wsp\u00f3\u0142czesny archipelag poprzez plejstoce\u0144skie wahania poziomu morza. Obecnie wyspa Andros \u2014 najwi\u0119ksza z oko\u0142o 700 wysp i 2400 raf koralowych \u2014 oferuje mozaik\u0119 sosen i suchych las\u00f3w, kt\u00f3re definiuj\u0105 trzy ekoregiony l\u0105dowe obok rozleg\u0142ych zaro\u015bli namorzynowych. Po\u0142owa powierzchni l\u0105du pokryta jest lasem, pozostaj\u0105cym statycznym od 1990 r., prawie w ca\u0142o\u015bci pod naturaln\u0105 regeneracj\u0105 i g\u0142\u00f3wnie pod opiek\u0105 publiczn\u0105. Sam teren rzadko przekracza 20 metr\u00f3w wysoko\u015bci; Mount Alvernia na Cat Island wznosi si\u0119 na 64 metrach, podkre\u015blaj\u0105c p\u0142aski profil wysp.<\/p>\n<p>Klimatyczne rytmy s\u0105 zgodne z re\u017cimem tropikalnej sawanny: temperatury r\u00f3\u017cni\u0105 si\u0119 o zaledwie 7 \u00b0C mi\u0119dzy najch\u0142odniejszymi i najcieplejszymi miesi\u0105cami, podczas gdy wiatrowy Pr\u0105d Zatokowy \u0142agodzi sezonowe ekstrema. Opady osi\u0105gaj\u0105 szczyt w po\u0142owie roku, gdy s\u0142o\u0144ce zbli\u017ca si\u0119 do zenitu, chocia\u017c sucho\u015b\u0107 utrzymuje si\u0119 przez ca\u0142y okres zimowego cofania si\u0119. Rzadkie wtargni\u0119cia polarnego powietrza spowodowa\u0142y, \u017ce nocne termometry spad\u0142y poni\u017cej 10 \u00b0C, ale odk\u0105d zacz\u0119to prowadzi\u0107 zapisy meteorologiczne, szron nigdy nie osiad\u0142 na rafach Baham\u00f3w. 19 stycznia 1977 r. nad Freeport spad\u0142y pojedyncze opady \u015bniegu \u2014 \u015bnieg zmieszany z deszczem \u2014 ulotny spektakl na tle akwamarynowego t\u0142a charakterystycznego nieba Baham\u00f3w. S\u0142o\u0144ce \u015bwieci przez ponad 3000 godzin rocznie, ods\u0142aniaj\u0105c ods\u0142oni\u0119te przestrzenie zaro\u015bli usianych kaktusami i wypalonych s\u0142o\u0144cem r\u00f3wnin.<\/p>\n<p>Jednak burzliwy Atlantyk narzuca w\u0142asne dramaty: huragan Andrew szorowa\u0142 p\u00f3\u0142nocne wyspy w 1992 r.; Floyd omin\u0105\u0142 wschodnie wybrze\u017ca w 1999 r.; a we wrze\u015bniu 2019 r. huragan Dorian uderzy\u0142 w Grand Bahama i Great Abaco z intensywno\u015bci\u0105 kategorii 5, utrzymuj\u0105c wiatry o pr\u0119dko\u015bci 298 km\/h z porywami do 350 km\/h, zapisuj\u0105c w ten spos\u00f3b najpowa\u017cniejszy rekord meteorologiczny kraju. Zaburzenia klimatyczne \u2014 potwierdzone wzrostem temperatury o p\u00f3\u0142 stopnia Celsjusza od 1960 r. \u2014 zapowiadaj\u0105 zwi\u0119kszon\u0105 zmienno\u015b\u0107: modele sugeruj\u0105, \u017ce globalny wzrost o 2 \u00b0C powy\u017cej warto\u015bci sprzed epoki przemys\u0142owej mo\u017ce czterokrotnie zwi\u0119kszy\u0107 liczb\u0119 ekstremalnych opad\u00f3w deszczu w tych granicach. Poniewa\u017c co najmniej 80 procent masy l\u0105dowej le\u017cy poni\u017cej dziesi\u0119ciu metr\u00f3w nad poziomem morza, prognozy wzrostu poziomu morza zwiastuj\u0105 powa\u017cne wyzwania dla spo\u0142eczno\u015bci przybrze\u017cnych, infrastruktury i ekosystem\u00f3w.<\/p>\n<p>Infrastruktura energetyczna pozostaje przywi\u0105zana do importowanej ropy naftowej, produkuj\u0105c oko\u0142o 2,94 miliona ton gaz\u00f3w cieplarnianych w 2023 r.; ambicja rz\u0105du, aby do 2033 r. 30 procent energii elektrycznej pochodzi\u0142o z instalacji s\u0142onecznych, sygnalizuje narastaj\u0105c\u0105 zmian\u0119 w kierunku odnawialnych \u017ar\u00f3de\u0142 energii. Pod warunkiem mi\u0119dzynarodowej wsp\u00f3\u0142pracy zobowi\u0105zania maj\u0105 na celu ograniczenie emisji o 30 procent do 2030 r. \u2014 cel, kt\u00f3ry, je\u015bli zostanie zrealizowany, po\u0142\u0105czy wzrost gospodarczy z ochron\u0105 \u015brodowiska.<\/p>\n<p>Transport przez archipelag przeplata drogi, szlaki morskie i trasy lotnicze: 1620 kilometr\u00f3w utwardzonych autostrad przebiega przez New Providence, Grand Bahama i inne g\u0142\u00f3wne wyspy, podczas gdy sze\u015b\u0107dziesi\u0105t jeden lotnisk \u0142\u0105czy odleg\u0142e spo\u0142eczno\u015bci \u2014 w\u015br\u00f3d nich Lynden Pindling International w pobli\u017cu Nassau, Grand Bahama International w Freeport i Leonard M. Thompson International przy Marsh Harbour w Abaco. Statki morskie pozostaj\u0105 niezb\u0119dne do \u0142\u0105czno\u015bci mi\u0119dzy wyspami, podtrzymuj\u0105c handel i podr\u00f3\u017ce pasa\u017cerskie tam, gdzie nie mog\u0105 dotrze\u0107 pasy startowe.<\/p>\n<p>Pod wzgl\u0119dem demograficznym Bahamy odnotowuj\u0105 umiarkowany wzrost. W spisie z 2018 r. 67,2 proc. mieszka\u0144c\u00f3w mie\u015bci\u0142o si\u0119 w przedziale wiekowym 15\u201364 lata, 25,9 proc. poni\u017cej 15 lat i 6,9 proc. powy\u017cej 65 lat. Wsp\u00f3\u0142czynniki urodze\u0144 i zgon\u00f3w wynios\u0142y odpowiednio 17,81 i 9,35 na 1000 os\u00f3b, podczas gdy migracja netto przynios\u0142a niewielki exodus na poziomie -2,13 migrant\u00f3w na 1000 os\u00f3b. \u015arednia d\u0142ugo\u015b\u0107 \u017cycia wynosi 69,87 lat \u2014 73,49 dla kobiet i 66,32 dla m\u0119\u017cczyzn \u2014 przy ca\u0142kowitym wsp\u00f3\u0142czynniku dzietno\u015bci wynosz\u0105cym prawie dwoje dzieci na kobiet\u0119. Najg\u0119\u015bciej zaludnione tereny skupiaj\u0105 si\u0119 na New Providence i Grand Bahama; inne zamieszkane wyspy \u2014 w\u015br\u00f3d nich Eleuthera, Cat Island, San Salvador, Exuma i archipelag Bimini \u2014 zachowuj\u0105 mniejsze, ale t\u0119tni\u0105ce \u017cyciem spo\u0142eczno\u015bci.<\/p>\n<p>Tkanina kulturowa przeplata brytyjskie dziedzictwo kolonialne, afryka\u0144skie dziedzictwo i ameryka\u0144skie wp\u0142ywy, kt\u00f3re przejawiaj\u0105 si\u0119 w pobo\u017cno\u015bci religijnej, praktykach ludowych i ekspresji artystycznej. J\u0119zyk angielski s\u0142u\u017cy jako lingua franca; bapty\u015bci stanowi\u0105 najwi\u0119ksz\u0105 pojedyncz\u0105 denominacj\u0119 w krajobrazie znanym z jednego z najwy\u017cszych na \u015bwiecie wsp\u00f3\u0142czynnik\u00f3w liczby ko\u015bcio\u0142\u00f3w do liczby mieszka\u0144c\u00f3w. Obeah, system magii ludowej wywodz\u0105cy si\u0119 z Afryki, nadal istnieje potajemnie w rodzinnych dystryktach wyspiarskich, pomimo zakazu na mocy prawa bahamskiego. Rzemie\u015blnicy przerabiaj\u0105 \u201es\u0142om\u0119\u201d z li\u015bci palmowych na kapelusze i torby na eksport, a ich sploty odzwierciedlaj\u0105 tradycyjne techniki przekazywane z pokolenia na pokolenie.<\/p>\n<p>\u015awi\u0105teczne rytmy wyznaczaj\u0105 kalendarz. Boxing Day i Nowy Rok rozpalaj\u0105 ulice Nassau Junkanoo \u2014 spektaklem instrument\u00f3w perkusyjnych, d\u0119tych i bibu\u0142owych regali\u00f3w tworzonych na nowo ka\u017cdego sezonu \u2014 podczas gdy emancypacja i \u015bwi\u0119ta narodowe zach\u0119caj\u0105 do mniejszych procesji w osadach poza wysp\u0105. Regaty zwo\u0142uj\u0105 \u017ceglarzy na pok\u0142adach \u0142odzi roboczych, \u0142\u0105cz\u0105cych \u017ceglarsk\u0105 rywalizacj\u0119 z zabaw\u0105 na brzegu, a kulinarne celebracje honoruj\u0105 lokalne plony: Festiwal Ananas\u00f3w w Gregory Town, Festiwal Krab\u00f3w w Andros i og\u00f3lnokrajowe obchody muszli, homar\u00f3w i guawy. Sesje opowiadania historii przypominaj\u0105 o przodkach: lusca i chickcharney w Andros, Pretty Molly w Exuma i rzekomo Zaginione Miasto Atlantydy w Bimini tworz\u0105 panteon legend, kt\u00f3re podtrzymuj\u0105 narodow\u0105 wyobra\u017ani\u0119.<\/p>\n<p>Literatura wy\u0142ania si\u0119 z tego po\u0142\u0105czenia pami\u0119ci i zmiany. Poeci i prozaicy \u2014 w\u015br\u00f3d nich Susan Wallace \u2014 kszta\u0142tuj\u0105 narracje, kt\u00f3re zmagaj\u0105 si\u0119 z to\u017csamo\u015bci\u0105, wtargni\u0119ciem nowoczesno\u015bci w zwyczaje przodk\u00f3w i nieprzemijaj\u0105cym urokiem naturalnego pi\u0119kna. Ich dzie\u0142a \u015bwiadcz\u0105 o zmianach spo\u0142eczno-ekonomicznych, d\u0105\u017ceniu do udoskonalenia w sztuce i samopostrzeganiu oraz napi\u0119ciu mi\u0119dzy t\u0119sknot\u0105 za tradycj\u0105 a d\u0105\u017ceniem do kosmopolitycznej integracji.<\/p>\n<p>Struktury zarz\u0105dzania podtrzymuj\u0105 witalno\u015b\u0107 gospodarcz\u0105 dzi\u0119ki systemowi podatkowemu wolnemu od podatk\u00f3w dochodowych, korporacyjnych lub od zysk\u00f3w kapita\u0142owych; pa\u0144stwowe kasy czerpi\u0105 dochody g\u0142\u00f3wnie z ce\u0142 importowych, podatku od warto\u015bci dodanej, op\u0142at licencyjnych i ocen maj\u0105tkowych. Sk\u0142adki na wynagrodzenia, dzielone mi\u0119dzy pracodawc\u00f3w i pracownik\u00f3w, finansuj\u0105 ubezpieczenia spo\u0142eczne, podczas gdy oficjalne dane rejestruj\u0105 dochody podatkowe na poziomie 17,2 procent PKB od 2010 r. Parytet dolara bahamskiego z jego ameryka\u0144skim odpowiednikiem wspiera stabilno\u015b\u0107 finansow\u0105, u\u0142atwiaj\u0105c handel i inwestycje.<\/p>\n<p>Nauka i polityka krzy\u017cuj\u0105 si\u0119 r\u00f3wnie\u017c na froncie \u015brodowiskowym. Wyniki Forest Landscape Integrity Index oceniaj\u0105 ekosystemy Baham\u00f3w jako umiarkowanie wysokie, jednak brak las\u00f3w pierwotnych na obszarach chronionych podkre\u015bla potrzeb\u0119 strategii ochrony. Wzory przenoszenia chor\u00f3b \u2014 modulowane przez zmiany temperatury i opad\u00f3w \u2014 stanowi\u0105 dodatkowe kwestie dotycz\u0105ce zdrowia publicznego, poniewa\u017c arbowirusy mog\u0105 mie\u0107 wyd\u0142u\u017cone okna proliferacji w cieplejszych, wilgotniejszych warunkach.<\/p>\n<p>W ten spos\u00f3b Wsp\u00f3lnota Baham\u00f3w prezentuje obraz kontrastu i ci\u0105g\u0142o\u015bci: nar\u00f3d ukszta\u0142towany przez staro\u017cytne procesy geologiczne i migracje ludzi; odporny na kaprysy huragan\u00f3w i upa\u0142\u00f3w; podtrzymywany przez morza, kt\u00f3re przyci\u0105gaj\u0105 zar\u00f3wno poszukiwaczy s\u0142o\u0144ca, jak i kapita\u0142; o\u017cywiony przez rytua\u0142y kulturowe, kt\u00f3re \u0142\u0105cz\u0105 spo\u0142eczno\u015b\u0107 na wyspach du\u017cych i ma\u0142ych. Pod nieko\u0144cz\u0105cymi si\u0119 horyzontami akwamaryny i nieba, jej mieszka\u0144cy podtrzymuj\u0105 tradycje zrodzone z konieczno\u015bci i \u015bwi\u0119towania, kieruj\u0105c krajem przez nurty historii, zwracaj\u0105c uwag\u0119 na przyp\u0142ywy i odp\u0142ywy \u015brodowiskowe, spo\u0142eczne i ekonomiczne.<\/p>","protected":false},"excerpt":{"rendered":"<p>Oficjalnie Wsp\u00f3lnota Baham\u00f3w, ten fascynuj\u0105cy wyspiarski kraj na Oceanie Atlantyckim jest cz\u0119\u015bci\u0105 archipelagu Lucayan. Z ponad 3000 wysp, raf koralowych i wysepek, ten archipelagowy kraj wyr\u00f3\u017cnia si\u0119 znacznym rozproszeniem geograficznym. Obszar ten stanowi 97% powierzchni archipelagu Lucayan, a jego populacja 88%. Bahamy znajduj\u0105 si\u0119 blisko wysp Turks i Caicos i le\u017c\u0105 na p\u00f3\u0142noc od Kuby, na p\u00f3\u0142nocny zach\u00f3d od Hispanioli, podzielone mi\u0119dzy Republik\u0119 Dominikany i Haiti. Le\u017c\u0105 na po\u0142udniowy wsch\u00f3d od Florydy i na wsch\u00f3d od Florida Keys. Znajduj\u0105ce si\u0119 na wyspie New Providence, Nassau, stolica, jest centralnym w\u0119z\u0142em tego wyspiarskiego kraju. Podkre\u015blaj\u0105c jego du\u017cy obszar morski, Kr\u00f3lewskie Si\u0142y Obronne Baham\u00f3w definiuj\u0105 terytorium kraju na oko\u0142o 470 000 km\u00b2 (180 000 mil kwadratowych).<\/p>","protected":false},"author":1,"featured_media":4263,"parent":24084,"menu_order":0,"comment_status":"closed","ping_status":"closed","template":"elementor_theme","meta":{"_eb_attr":"","footnotes":""},"class_list":["post-9484","page","type-page","status-publish","has-post-thumbnail"],"_links":{"self":[{"href":"https:\/\/travelshelper.com\/pl\/wp-json\/wp\/v2\/pages\/9484","targetHints":{"allow":["GET"]}}],"collection":[{"href":"https:\/\/travelshelper.com\/pl\/wp-json\/wp\/v2\/pages"}],"about":[{"href":"https:\/\/travelshelper.com\/pl\/wp-json\/wp\/v2\/types\/page"}],"author":[{"embeddable":true,"href":"https:\/\/travelshelper.com\/pl\/wp-json\/wp\/v2\/users\/1"}],"replies":[{"embeddable":true,"href":"https:\/\/travelshelper.com\/pl\/wp-json\/wp\/v2\/comments?post=9484"}],"version-history":[{"count":0,"href":"https:\/\/travelshelper.com\/pl\/wp-json\/wp\/v2\/pages\/9484\/revisions"}],"up":[{"embeddable":true,"href":"https:\/\/travelshelper.com\/pl\/wp-json\/wp\/v2\/pages\/24084"}],"wp:featuredmedia":[{"embeddable":true,"href":"https:\/\/travelshelper.com\/pl\/wp-json\/wp\/v2\/media\/4263"}],"wp:attachment":[{"href":"https:\/\/travelshelper.com\/pl\/wp-json\/wp\/v2\/media?parent=9484"}],"curies":[{"name":"wp","href":"https:\/\/api.w.org\/{rel}","templated":true}]}}