{"id":9478,"date":"2024-09-08T13:33:24","date_gmt":"2024-09-08T13:33:24","guid":{"rendered":"https:\/\/travelshelper.com\/staging\/?page_id=9478"},"modified":"2026-03-13T13:04:51","modified_gmt":"2026-03-13T13:04:51","slug":"belize-city","status":"publish","type":"page","link":"https:\/\/travelshelper.com\/pl\/destinations\/north-america\/belize\/belize-city\/","title":{"rendered":"Belize City"},"content":{"rendered":"<p>Belize City, najwa\u017cniejsza morska brama kraju i dawna siedziba administracji kolonialnej, liczy 63 999 mieszka\u0144c\u00f3w, wed\u0142ug spisu z 2022 r. Rozci\u0105ga si\u0119 na sze\u015bciomilowym odcinku Western Highway i pi\u0119ciomilowym odcinku Northern Highway na wybrze\u017cu Karaib\u00f3w, gdzie Haulover Creek \u0142\u0105czy si\u0119 z morzem.<\/p>\n<p>Od czasu, gdy powsta\u0142a jako skromna enklawa Maj\u00f3w znana jako Holzuz, osada ta nabra\u0142a nowego znaczenia w 1638 r., gdy angielscy drwale za\u0142o\u017cyli \u201eBelize Town\u201d nad naturalnym estuarium \u2014 idealny kana\u0142 eksportu drewna kampeshowego i mahoniu. W tej epoce kszta\u0142towania si\u0119, g\u0119ste lasy namorzynowe i sosnowe w g\u0142\u0119bi l\u0105du ust\u0105pi\u0142y miejsca nag\u0142ym najazdom \u0142odzi i szkuner\u00f3w, podczas gdy przymusowa praca afryka\u0144skich je\u0144c\u00f3w, importowanych przez Anglik\u00f3w, a p\u00f3\u017aniej przez Koron\u0119 po 1707 r., podtrzymywa\u0142a rozwijaj\u0105c\u0105 si\u0119 gospodark\u0119 le\u015bn\u0105. W kolejnych dekadach to, co zacz\u0119\u0142o si\u0119 jako utylitarna plac\u00f3wka, nabra\u0142o administracyjnych atrybut\u00f3w imperium: sal s\u0105dowych i biur kolonialnych, przyci\u0105gaj\u0105cych s\u0119dzi\u00f3w i kupc\u00f3w, kt\u00f3rzy kodyfikowali rozporz\u0105dzenia w nadmorskich komnatach. Niepos\u0142usze\u0144stwo potencjalnych naje\u017ad\u017ac\u00f3w podczas bitwy o St. George&#039;s Caye w 1798 r. \u2013 koordynowane z tego w\u0142a\u015bnie brzegu \u2013 zapisa\u0142o si\u0119 w \u015bwiadomo\u015bci mieszka\u0144c\u00f3w miasta wojennym duchem i potwierdzi\u0142o jego prymat jako o\u015brodka dowodzenia koloni\u0105.<\/p>\n<p>Zmiany w zarz\u0105dzaniu nie zmniejszy\u0142y natychmiast dominacji miasta. Kiedy huragan Hattie w pa\u017adzierniku 1961 r. zniszczy\u0142 wi\u0119kszo\u015b\u0107 drewnianych dom\u00f3w \u2014 z kt\u00f3rych wi\u0119kszo\u015b\u0107 sta\u0142a na palach lub palisadach \u2014 konieczno\u015b\u0107 przeniesienia stolicy da\u0142a Belmopan w 1970 r. Jednak pomimo opuszczenia urz\u0119d\u00f3w ministerialnych w g\u0142\u0119bi l\u0105du, uwaga spo\u0142ecze\u0144stwa pozosta\u0142a skupiona na nadmorskiej metropolii. Postacie polityczne, takie jak Antonio Soberanis G\u00f3mez, George Price i Evan X Hyde, zyska\u0142y poparcie spo\u0142eczne w tych okr\u0119gach, nawet gdy mozaika demograficzna kraju rozszerzy\u0142a si\u0119, obejmuj\u0105c Garifuna, Mestizo i inne spo\u0142eczno\u015bci etniczne na ca\u0142ym terenie. Przez ca\u0142y XX wiek po\u017cary \u2014 szczeg\u00f3lnie w 1999 r. i ponownie w 2004 r. \u2014 poch\u0142ania\u0142y dzielnice zar\u00f3wno na Northside, jak i Southside, tylko po to, by zosta\u0107 st\u0142umionymi przez nieust\u0119pliwe wysi\u0142ki miejskiej stra\u017cy po\u017carnej, kt\u00f3ra stopniowo udoskonala\u0142a swoje metody i sprz\u0119t. Ponadto niskie po\u0142o\u017cenie miasta sprawia, \u017ce \u200b\u200bjest ono podatne na sezonowe powodzie, a huragany Richard (2010) i Earl (2016) kolejnymi razami przypomina\u0142y o nara\u017ceniu na tropikalne ekstrema.<\/p>\n<p>Obszar miejski dzieli si\u0119 na Northside \u2014 wyznaczony przez kr\u0119ty \u0142uk Haulover Creek i ko\u0144cz\u0105cy si\u0119 w czcigodnym okr\u0119gu Fort George \u2014 oraz Southside, kt\u00f3ry nadaje si\u0119 do portu i dzielnic mieszkalnych, kt\u00f3re okr\u0105\u017caj\u0105 namorzyny i kana\u0142y p\u0142ywowe. Politycznie, dziesi\u0119\u0107 okr\u0119g\u00f3w wyborczych wyznacza te dzielnice. Freetown, na zachodnim kra\u0144cu Northside, obejmuje przedmie\u015bcia Belama, Coral Grove, Buttonwood Bay i Vista Del Mar, rozci\u0105gaj\u0105c si\u0119 w g\u0142\u0105b l\u0105du w kierunku dawnych teren\u00f3w Belize Technical College. Caribbean Shores, le\u017c\u0105ce na p\u00f3\u0142noc i zach\u00f3d od Freetown Road, jest gospodarzem Kings&#039; Park, a tak\u017ce West Landivar, kt\u00f3ry wspiera dwa miejskie kampusy University of Belize obok enklawy okaza\u0142ych willi na University Heights. Pickstock rozci\u0105ga si\u0119 wzd\u0142u\u017c brzeg\u00f3w Haulover Creek, gdzie czcigodna Katedra \u015bw. Jana \u2014 jej pomara\u0144czowe ceg\u0142y przekroczy\u0142y Atlantyk jako balast \u2014 stoi jako najstarszy anglika\u0144ski budynek w Ameryce \u015arodkowej; jego konsekracja, rozpocz\u0119ta w 1812 r. i zako\u0144czona w 1820 r., pozostawi\u0142a po sobie wyj\u0105tkowe sanktuarium, w kt\u00f3rym niegdy\u015b odbywa\u0142y si\u0119 koronacje. Sam Fort George zachowa\u0142 zabytki z czas\u00f3w kolonialnych: Memorial Park, gr\u00f3b i latarni\u0119 morsk\u0105 Barona Blissa oraz Muzeum Belize z jego zbiorami artefakt\u00f3w i zapis\u00f3w archiwalnych z czas\u00f3w prekolumbijskich.<\/p>\n<p>Southside prezentuje bardziej zr\u00f3\u017cnicowan\u0105 topografi\u0119 fortuny. Lake Independence, Collet i Port Loyola mieszcz\u0105 wiele najbardziej ekonomicznie upo\u015bledzonych rodzin w mie\u015bcie, gdzie improwizowane mosty z drewnianych palet \u2014 szyderczo nazywane \u201emostami londy\u0144skimi\u201d \u2014 \u0142\u0105cz\u0105 domy nad p\u0142ytkimi strumieniami, a prymitywne s\u0142upy energetyczne uginaj\u0105 si\u0119 pod wilgotnym powietrzem. Na wsch\u00f3d od Central American Boulevard, dzielnice Mesopotamia, Queen&#039;s Square i Albert oferuj\u0105 stopniowo ulepszony zas\u00f3b mieszkaniowy; Albert Avenue i Regent Street stanowi\u0105 centrum handlowe miasta, gdzie wie\u017cowce biurowe instytucji finansowych \u2014 w tym Banku Centralnego i wszystkich g\u0142\u00f3wnych bank\u00f3w krajowych \u2014 wznosz\u0105 si\u0119 obok agencji ubezpieczeniowych, rynk\u00f3w hurtowych i stragan\u00f3w sprzedawc\u00f3w.<\/p>\n<p>System kr\u0105\u017cenia miasta sk\u0142ada si\u0119 z czterech g\u0142\u00f3wnych most\u00f3w: mostu obrotowego na Market Square (jedyna r\u0119cznie obs\u0142ugiwana konstrukcja tego typu w globalnej eksploatacji); mostu zwodzonego Belchina na Douglas Jones Street; mostu Belcan \u0142\u0105cz\u0105cego Central American Boulevard z rondem na Northern Highway; oraz niedawno uko\u0144czonego prz\u0119s\u0142a \u0142\u0105cz\u0105cego Fabers&#039; Road z przedmie\u015bciami Belama i p\u00f3\u0142nocnym zachodem. Ponadto mniejsze skrzy\u017cowania przecinaj\u0105 poszczeg\u00f3lne pasy przez trzy g\u0142\u00f3wne kana\u0142y \u2014 Haulover Creek, Burdon Canal i Collet Canal \u2014 kt\u00f3rych powolne pr\u0105dy przecinaj\u0105 Southside, od\u017cywiaj\u0105c s\u0142one mokrad\u0142a i wspieraj\u0105c rybo\u0142\u00f3wstwo rzemie\u015blnicze. Te hydrauliczne arterie komunikacyjne, b\u0119d\u0105ce czym\u015b wi\u0119cej ni\u017c szcz\u0105tkowymi reliktami kolonialnych schemat\u00f3w odwadniania, pozostaj\u0105 integraln\u0105 cz\u0119\u015bci\u0105 strategii \u0142agodzenia skutk\u00f3w powodzi w mie\u015bcie i jego to\u017csamo\u015bci kulturowej, co znajduje odzwierciedlenie w rytmicznym przej\u015bciu pirog\u00f3w.<\/p>\n<p>Klimatycznie Belize City znosi tropikalny re\u017cim monsunowy: przed\u0142u\u017caj\u0105c\u0105 si\u0119 por\u0119 deszczow\u0105 od maja do lutego przerywan\u0105 kr\u00f3tkim okresem wzgl\u0119dnej sucho\u015bci w marcu i kwietniu. Nietypowo, opady nie ustaj\u0105 ca\u0142kowicie w ci\u0105gu dw\u00f3ch nominalnie suchych miesi\u0119cy; w rzeczywisto\u015bci najsuchszy miesi\u0105c w mie\u015bcie \u2014 marzec \u2014 przynosi \u015brednio 48 milimetr\u00f3w (1,9 cala) opad\u00f3w, co przeczy typowym oczekiwaniom dla linii brzegowych dotkni\u0119tych monsunem. Termometrycznie wahania dobowe i sezonowe s\u0105 minimalne: \u015brednie temperatury wahaj\u0105 si\u0119 mi\u0119dzy 24 a 28 \u00b0C (75,2 a 82,4 \u00b0F), zapewniaj\u0105c nieustanne ciep\u0142o, kt\u00f3re podkre\u015bla zar\u00f3wno ospa\u0142o\u015b\u0107 po\u0142udnia, jak i delikatne poruszenia wieczornego handlu.<\/p>\n<p>Rytmy kulturowe w Belize City przypominaj\u0105 rytmy innych stolic karaibskich \u2014 St. George&#039;s w Grenadzie i Georgetown w Gujanie \u2014 gdzie dzienny gwar wsp\u00f3\u0142istnieje z majestatycznymi popo\u0142udniowymi wyciszeniami. Roczne obchody podkre\u015blaj\u0105 kalendarz: Garifuna Settlement Day 19 listopada honoruje dziedzictwo afro-rdzennych mieszka\u0144c\u00f3w poprzez muzyk\u0119 i taniec; Belize City Carnival ka\u017cdego wrze\u015bnia zamienia ulice w arterie maskarady i perkusji; Baron Bliss Day 9 marca upami\u0119tnia dobroczy\u0144c\u0119, kt\u00f3rego uposa\u017cenie umo\u017cliwi\u0142o powstanie instytucji publicznych. Liczne muzea \u2014 Bliss Institute, Image Factory Art Foundation and Gallery, Maritime Museum i Museum of Belize \u2014 stanowi\u0105 zakotwiczenie rozwijaj\u0105cej si\u0119 sceny artystycznej, podczas gdy Street Art Festival o\u017cywia fasady muralami, kt\u00f3re prowadz\u0105 dialog chromatyczny.<\/p>\n<p>Ekonomicznie miasto pe\u0142ni funkcj\u0119 krajowego punktu centralnego zar\u00f3wno w przypadku transportu krajowego, jak i mi\u0119dzynarodowego: oferowane statki wycieczkowe cumuj\u0105 na morzu, a ich pasa\u017cerowie wysiadaj\u0105 na l\u0105dzie za pomoc\u0105 lokalnych \u0142odzi; mi\u0119dzynarodowe lotnisko Philip SW Goldson, po\u0142o\u017cone w Ladyville na p\u00f3\u0142nocnym zachodzie, kieruje ruchem lotniczym poza granice miasta; a miejskie lotnisko Belize City obs\u0142uguje mniejsze samoloty w obr\u0119bie samego miasta. Przysz\u0142e projekty infrastrukturalne \u2014 w szczeg\u00f3lno\u015bci proponowane linie kolejowe na po\u0142udniowy zach\u00f3d do Spanish Lookout przez Belmopan i na p\u00f3\u0142noc w kierunku Orange Walk Town \u2014 nadal podlegaj\u0105 studiom wykonalno\u015bci CRECG, z obietnic\u0105 zwi\u0119kszenia \u0142\u0105czno\u015bci l\u0105dowej.<\/p>\n<p>Na przestrzeni swojej historii Belize City przetrwa\u0142o spustoszenia natury i koleje losu imperium, a mimo to przetrwa\u0142o jako energiczny w\u0119ze\u0142 handlu, zarz\u0105dzania i kultury kraju. Jego ulice, wyryte przez huragany i po\u017cary, \u015bwiadcz\u0105 o odbudowie, kt\u00f3ra jest zar\u00f3wno pragmatyczna, jak i ambitna. Jego mosty i kana\u0142y przywo\u0142uj\u0105 dziedzictwo in\u017cynieryjne, kt\u00f3re szanuje rytmy p\u0142yw\u00f3w. Jego festiwale i galerie wyra\u017caj\u0105 z\u0142o\u017con\u0105 to\u017csamo\u015b\u0107, w kt\u00f3rej dziedzictwo kolonialne oraz tradycje kreolskie, Maj\u00f3w i Garifuna zbiegaj\u0105 si\u0119 w t\u0119tni\u0105cej \u017cyciem koegzystencji. Poprzez rytm p\u00f3r roku \u2014 zar\u00f3wno ulewne deszcze, jak i s\u0142oneczne przerwy \u2014 miasto pozostaje symbolem odporno\u015bci, kt\u00f3rego historia nadal rozwija si\u0119 wzd\u0142u\u017c brzeg\u00f3w usianych koralowcami i w sercach tych, kt\u00f3rzy nazywaj\u0105 je domem.<\/p>","protected":false},"excerpt":{"rendered":"<p>Dawna stolica brytyjskiego Hondurasu, Belize City, oferuje miejsce spotka\u0144 modernizmu, historii i kultury. Z populacj\u0105 61 461 os\u00f3b spis ludno\u015bci z 2010 r. ustanawia miasto jako g\u0142\u00f3wne centrum aktywno\u015bci zar\u00f3wno dla os\u00f3b tam mieszkaj\u0105cych, jak i turyst\u00f3w.<\/p>","protected":false},"author":1,"featured_media":3113,"parent":9438,"menu_order":0,"comment_status":"closed","ping_status":"closed","template":"elementor_theme","meta":{"_eb_attr":"","footnotes":""},"class_list":["post-9478","page","type-page","status-publish","has-post-thumbnail"],"_links":{"self":[{"href":"https:\/\/travelshelper.com\/pl\/wp-json\/wp\/v2\/pages\/9478","targetHints":{"allow":["GET"]}}],"collection":[{"href":"https:\/\/travelshelper.com\/pl\/wp-json\/wp\/v2\/pages"}],"about":[{"href":"https:\/\/travelshelper.com\/pl\/wp-json\/wp\/v2\/types\/page"}],"author":[{"embeddable":true,"href":"https:\/\/travelshelper.com\/pl\/wp-json\/wp\/v2\/users\/1"}],"replies":[{"embeddable":true,"href":"https:\/\/travelshelper.com\/pl\/wp-json\/wp\/v2\/comments?post=9478"}],"version-history":[{"count":0,"href":"https:\/\/travelshelper.com\/pl\/wp-json\/wp\/v2\/pages\/9478\/revisions"}],"up":[{"embeddable":true,"href":"https:\/\/travelshelper.com\/pl\/wp-json\/wp\/v2\/pages\/9438"}],"wp:featuredmedia":[{"embeddable":true,"href":"https:\/\/travelshelper.com\/pl\/wp-json\/wp\/v2\/media\/3113"}],"wp:attachment":[{"href":"https:\/\/travelshelper.com\/pl\/wp-json\/wp\/v2\/media?parent=9478"}],"curies":[{"name":"wp","href":"https:\/\/api.w.org\/{rel}","templated":true}]}}