{"id":9438,"date":"2024-09-08T11:53:45","date_gmt":"2024-09-08T11:53:45","guid":{"rendered":"https:\/\/travelshelper.com\/staging\/?page_id=9438"},"modified":"2026-03-13T13:05:13","modified_gmt":"2026-03-13T13:05:13","slug":"belize","status":"publish","type":"page","link":"https:\/\/travelshelper.com\/pl\/destinations\/north-america\/belize\/","title":{"rendered":"Belize"},"content":{"rendered":"<p>Belize, kraj licz\u0105cy 397 483 mieszka\u0144c\u00f3w wed\u0142ug spisu z 2022 r., rozci\u0105ga si\u0119 na obszarze 22 970 kilometr\u00f3w kwadratowych na p\u00f3\u0142nocno-wschodnim wybrze\u017cu Ameryki \u015arodkowej. Graniczy z meksyka\u0144skim stanem Quintana Roo na p\u00f3\u0142nocy, gwatemalskimi departamentami Pet\u00e9n i Izabal na zachodzie i po\u0142udniu oraz otoczony Morzem Karaibskim z morsk\u0105 granic\u0105 wzd\u0142u\u017c Hondurasu na po\u0142udniowym wschodzie, kraj ten zajmuje strategiczne po\u0142\u0105czenie mi\u0119dzy \u015bwiatem ameryka\u0144skim i karaibskim i jest jedynym kr\u00f3lestwem Wsp\u00f3lnoty Narod\u00f3w na przesmyku Ameryki \u015arodkowej.<\/p>\n<p>Na d\u0142ugo zanim europejskie statki okr\u0105\u017cy\u0142y jego brzegi na pocz\u0105tku XVI wieku, nizinne lasy i wapienne wzg\u00f3rza by\u0142y \u015bwiadkami powstania miast-pa\u0144stw Maj\u00f3w mi\u0119dzy 1500 r. p.n.e. a 300 r. n.e., kt\u00f3rych o\u015brodki ceremonialne kwit\u0142y do \u200b\u200boko\u0142o 1200 r. n.e. Przybycie ekspedycji Krzysztofa Kolumba w latach 1502\u201304 zapowiada\u0142o okresowe roszczenia Hiszpan\u00f3w, jednak to angielscy osadnicy, przybywaj\u0105cy w 1638 r., po\u0142o\u017cyli podwaliny pod kolonialn\u0105 obecno\u015b\u0107, kt\u00f3ra przetrwa\u0142a hiszpa\u0144skie wyzwania dopiero po bitwie pod St. George&#039;s Caye w 1798 r. Brytyjska Korona sformalizowa\u0142a swoj\u0105 kontrol\u0119 w 1862 r., a Belize uzyska\u0142o status suwerenny 21 wrze\u015bnia 1981 r., decyduj\u0105c si\u0119 na zachowanie brytyjskiego monarchy jako g\u0142owy pa\u0144stwa za po\u015brednictwem gubernatora generalnego.<\/p>\n<p>Teren kraju jest jednocze\u015bnie zr\u00f3\u017cnicowany i niezwykle bogaty: prawie romboidalny l\u0105d rozci\u0105gaj\u0105cy si\u0119 na oko\u0142o 280 kilometr\u00f3w z p\u00f3\u0142nocy na po\u0142udnie i oko\u0142o 100 kilometr\u00f3w ze wschodu na zach\u00f3d, otoczony serpentynami rzek Hondo i Sarstoon wzd\u0142u\u017c jego granic. Podczas gdy p\u00f3\u0142nocny sektor obejmuje p\u0142askie, bagienne r\u00f3wniny przybrze\u017cne przerywane namorzynowymi zaro\u015blami, po\u0142udnie wznosi si\u0119 w G\u00f3ry Maj\u00f3w, gdzie szczyty, takie jak Doyle&#039;s Delight, wznosz\u0105 si\u0119 na 1124 metr\u00f3w. Pomi\u0119dzy tymi skrajno\u015bciami niezliczone laguny \u2014 szczeg\u00f3lnie powszechne w ca\u0142ym p\u00f3\u0142nocnym wn\u0119trzu \u2014 zmniejszaj\u0105 przyleg\u0142\u0105 dzia\u0142k\u0119 l\u0105dow\u0105 do oko\u0142o 21 400 kilometr\u00f3w kwadratowych, co oznacza, \u017ce \u200b\u200bBelize jest najmniej g\u0119sto zaludnionym terytorium w regionie.<\/p>\n<p>Wzd\u0142u\u017c 386 kilometr\u00f3w linii brzegowej druga co do d\u0142ugo\u015bci rafa barierowa na \u015bwiecie biegnie r\u00f3wnolegle do brzegu, podtrzymuj\u0105c niezwyk\u0142y morski \u015bwiat, kt\u00f3rego atole koralowe, k\u0119py trawy morskiej i korzenie namorzyn\u00f3w stanowi\u0105 krytyczne w\u0119z\u0142y w korytarzu biologicznym Mezoameryki. Lasy l\u0105dowe \u2014 od nizin z wiecznie zielonymi li\u015b\u0107mi po subtropikalne sosny na wy\u017cszych wysoko\u015bciach \u2014 s\u0105 siedliskiem endemicznej flory i fauny, podczas gdy jaguary, tapiry i mn\u00f3stwo gatunk\u00f3w ptak\u00f3w w\u0119druj\u0105 przez korony drzew. To bogactwo ekologiczne stawia Belize na czele wysi\u0142k\u00f3w na rzecz ochrony przyrody, nawet je\u015bli jego wyspiarskie po\u0142o\u017cenie i surowe wn\u0119trze kiedy\u015b czyni\u0142o je kana\u0142em dla handlarzy narkotyk\u00f3w szukaj\u0105cych przej\u015bcia do Meksyku.<\/p>\n<p>Klimatycznie Belize do\u015bwiadcza wyra\u017anej oscylacji mi\u0119dzy sezonem wilgotnym, trwaj\u0105cym mniej wi\u0119cej od maja do listopada, a stosunkowo suchym okresem od grudnia do kwietnia. Regiony przybrze\u017cne rejestruj\u0105 \u015brednie miesi\u0119czne temperatury od 24 \u00b0C w styczniu do 27 \u00b0C w lipcu, \u0142agodzone przez p\u00f3\u0142nocno-wschodnie pasaty znad Karaib\u00f3w; niziny \u015br\u00f3dl\u0105dowe maj\u0105 tendencj\u0119 do nieznacznie cieplejszego klimatu, podczas gdy wy\u017cynne p\u0142askowy\u017ce Mountain Pine Ridge ciesz\u0105 si\u0119 zauwa\u017calnie ch\u0142odniejszymi warunkami. Opady wahaj\u0105 si\u0119 gwa\u0142townie \u2014 od oko\u0142o 1350 milimetr\u00f3w rocznie na p\u00f3\u0142nocnych nizinach do ponad 4500 milimetr\u00f3w na dalekim po\u0142udniu \u2014 z kr\u00f3tk\u0105 \u201eniewielk\u0105 such\u0105\u201d przerw\u0105 w \u015brodku lata, kt\u00f3ra przerywa g\u0142\u00f3wny cykl deszczowy.<\/p>\n<p>Demografia Belize odzwierciedla skomplikowan\u0105 mozaik\u0119 dziedzictwa: potomkowie Maj\u00f3w dominuj\u0105 na p\u00f3\u0142nocy i zachodzie, spo\u0142eczno\u015bci Garifuna \u2014 nosz\u0105ce tradycje afro-india\u0144skie \u2014 zamieszkuj\u0105 wybrze\u017ce Karaib\u00f3w, a enklawy kreolskie, metyskie i europejsko-mennonickie wplataj\u0105 si\u0119 w tkank\u0119 narodow\u0105. Sta\u0142a zmiana demograficzna od lat 80. XX wieku spowodowa\u0142a, \u017ce \u200b\u200bmieszka\u0144cy pochodzenia hiszpa\u0144sko-metyskiego osi\u0105gn\u0119li przewag\u0119 liczebn\u0105, nap\u0119dzan\u0105 migracj\u0105 i wy\u017cszym wska\u017anikiem urodze\u0144, podczas gdy Kreole w znacznej liczbie przenie\u015bli si\u0119 do Stan\u00f3w Zjednoczonych. Obecnie wieloj\u0119zyczno\u015b\u0107 jest powszechna: angielski kr\u00f3luje jako oficjalne medium, ale kreolski i hiszpa\u0144ski przenikaj\u0105 codzienne \u017cycie, uzupe\u0142niane przez dialekty Maj\u00f3w i j\u0119zyk Garifuna.<\/p>\n<p>Aktywno\u015b\u0107 gospodarcza pozostaje zakotwiczona w rolnictwie i agroprzemy\u015ble, przy czym trzcina cukrowa \u2014 nawi\u0105zuj\u0105ca do kolonialnych wzorc\u00f3w \u2014 stanowi prawie po\u0142ow\u0119 dochod\u00f3w z eksportu, a banany s\u0105 g\u0142\u00f3wnym \u017ar\u00f3d\u0142em zatrudnienia na wsi. Papaja plasuje si\u0119 w pierwszej tr\u00f3jce \u015bwiatowych eksport\u00f3w Belize, podczas gdy minera\u0142y przemys\u0142owe, ropa naftowa (produkuj\u0105ca oko\u0142o 2000 bary\u0142ek dziennie w 2017 r.) i ropa naftowa przyczyniaj\u0105 si\u0119 do skromnego, ale zr\u00f3\u017cnicowanego portfolio. Turystyka i budownictwo wzros\u0142y w ostatnich dekadach, katalizowane przez kruche, ale wspania\u0142e ekosystemy kraju; kurorty nadbrze\u017cne, sp\u0142ywy rzeczne i wycieczki z przewodnikiem do pozosta\u0142o\u015bci archeologicznych zaspokajaj\u0105 rynek ekoturystyki, kt\u00f3ry rz\u0105d traktuje priorytetowo od czas\u00f3w rolnictwa.<\/p>\n<p>Waluta \u2014 powi\u0105zana z dolarem ameryka\u0144skim \u2014 i liberalne regulacje bankowe sprawi\u0142y, \u017ce Belize sta\u0142o si\u0119 podatne na pranie pieni\u0119dzy, co doprowadzi\u0142o do uznania USA za \u201eg\u0142\u00f3wny kraj prania pieni\u0119dzy\u201d w 2014 r. Zaproponowano \u015brodki zaradcze ukierunkowane na przestrzeganie przepis\u00f3w podatkowych i kontrol\u0119 wydatk\u00f3w, chocia\u017c deficyty infrastrukturalne \u2014 najbardziej ra\u017c\u0105co wysokie koszty energii elektrycznej i s\u0142abo rozwini\u0119te sieci transportowe \u2014 nadal obci\u0105\u017caj\u0105 konkurencyjno\u015b\u0107. G\u0142\u00f3wnymi partnerami handlowymi s\u0105 Stany Zjednoczone, Meksyk, Wielka Brytania, Unia Europejska i kraje CARICOM.<\/p>\n<p>Rytmy spo\u0142eczno-kulturowe Belize ujawniaj\u0105 si\u0119 najwidoczniej podczas corocznych obchod\u00f3w wrze\u015bnia, kt\u00f3re upami\u0119tniaj\u0105 bitw\u0119 pod St. George&#039;s Caye i Dzie\u0144 Niepodleg\u0142o\u015bci, podczas gdy synkopowany puls muzyki punta podkre\u015bla to\u017csamo\u015b\u0107 Garifuna wzd\u0142u\u017c wybrze\u017ca Karaib\u00f3w. Rodzinne posi\u0142ki cz\u0119sto koncentruj\u0105 si\u0119 na ry\u017cu i fasoli gotowanych na wolnym ogniu w mleku kokosowym, duszonym kurczaku, tamales i escabeche, z fry jacks lub tortillami z m\u0105ki na \u015bniadanie i ereba \u2014 chlebem z manioku \u2014 w\u015br\u00f3d podstawowych da\u0144 kuchni Garifuna. Miejskie jad\u0142odajnie i przydro\u017cne stragany serwuj\u0105 te potrawy w przyst\u0119pnych cenach, chocia\u017c dominuj\u0105 regionalne r\u00f3\u017cnice: spo\u0142eczno\u015bci Maj\u00f3w polegaj\u0105 na kukurydzy, fasoli i dyni, podczas gdy po\u0142udniowe dystrykty ucztuj\u0105 na owocach las\u00f3w deszczowych i s\u0142odkowodnych rybach.<\/p>\n<p>Statystyki turystyczne z 2012 r. odnotowa\u0142y prawie 918 000 odwiedzaj\u0105cych \u2014 ponad po\u0142owa ze Stan\u00f3w Zjednoczonych \u2014 generuj\u0105cych ponad 1,3 miliarda dolar\u00f3w przychod\u00f3w. Po zak\u0142\u00f3ceniach spowodowanych globaln\u0105 pandemi\u0105 Belize sta\u0142o si\u0119 pierwszym krajem karaibskim, kt\u00f3ry zezwoli\u0142 zaszczepionym podr\u00f3\u017cnym na wjazd bez test\u00f3w, wzmacniaj\u0105c swoj\u0105 reputacj\u0119 jako bezpiecznej przystani dla morskich i l\u0105dowych przyg\u00f3d. Nurkowanie z akwalungiem w\u015br\u00f3d koralowych szczyt\u00f3w, przemierzanie kajakiem ukrytych dr\u00f3g wodnych i przeloty nad otulonymi deszczem szczytami zachwycaj\u0105 tych, kt\u00f3rzy szukaj\u0105 intymnej komunii z r\u00f3\u017cnorodnymi przejawami natury.<\/p>\n<p>W\u015br\u00f3d tych nurt\u00f3w kulturowych wyr\u00f3\u017cniaj\u0105 si\u0119 osady mennonickie za\u0142o\u017cone od 1958 r., kt\u00f3rych mieszka\u0144cy przybyli z Europy i Ameryki P\u00f3\u0142nocnej na mocy porozumie\u0144 zezwalaj\u0105cych na autonomi\u0119 rolnicz\u0105 i zwolnienia z obowi\u0105zku edukacji. Ich spo\u0142eczno\u015bci \u2014 rozpoznawalne po konserwatywnym ubiorze i dialektach pochodzenia niemieckiego \u2014 nap\u0119dza\u0142y produkcj\u0119 nabia\u0142u, drobiu i zb\u00f3\u017c, wnosz\u0105c unikalny dynamizm agrarny do mozaiki gospodarczej Belize. Rzemios\u0142o mennonit\u00f3w w ciesielstwie i mechanice r\u00f3wnie\u017c wzmocni\u0142o wiejskie \u017ar\u00f3d\u0142a utrzymania.<\/p>\n<p>Podsumowuj\u0105c, Belize prezentuje studium kontrast\u00f3w: gdzie spowite mg\u0142\u0105 g\u00f3rskie grzbiety zbiegaj\u0105 si\u0119 z o\u015bwietlonymi s\u0142o\u0144cem atolami koralowymi; gdzie wiekowe \u015blady Maj\u00f3w kr\u0105\u017c\u0105 po\u015br\u00f3d szk\u00f3\u0142 angloj\u0119zycznych; gdzie gospodarka zakorzeniona w plantacjach trzciny cukrowej teraz zabiega o wzgl\u0119dy eko-przedsi\u0119biorc\u00f3w; gdzie skromna populacja poni\u017cej czterystu tysi\u0119cy podtrzymuje ogromne zaanga\u017cowanie w ochron\u0119 dziedzictwa naturalnego. Po\u015br\u00f3d tych przeplataj\u0105cych si\u0119 narracji kraj potwierdza sw\u00f3j charakter poprzez odporne tradycje, pluralizm j\u0119zykowy i geografi\u0119, kt\u00f3ra zar\u00f3wno chroni, jak i rzuca wyzwanie jego mieszka\u0144com \u2014 wezwanie do podej\u015bcia do ka\u017cdej \u015bcie\u017cki, ka\u017cdej rafy, ka\u017cdej wioski z gotowo\u015bci\u0105 do g\u0142\u0119bokiej obserwacji i reagowania z szacunkiem.<\/p>","protected":false},"excerpt":{"rendered":"<p>With 397,484 people as of 2022 spread across 22,970 square kilometers of various terrain, Belize sits on the northeastern coast of Central America. This country presents an interesting place for research given its unique geography and long history.<\/p>","protected":false},"author":1,"featured_media":4052,"parent":24084,"menu_order":0,"comment_status":"closed","ping_status":"closed","template":"elementor_theme","meta":{"_eb_attr":"","footnotes":""},"class_list":["post-9438","page","type-page","status-publish","has-post-thumbnail"],"_links":{"self":[{"href":"https:\/\/travelshelper.com\/pl\/wp-json\/wp\/v2\/pages\/9438","targetHints":{"allow":["GET"]}}],"collection":[{"href":"https:\/\/travelshelper.com\/pl\/wp-json\/wp\/v2\/pages"}],"about":[{"href":"https:\/\/travelshelper.com\/pl\/wp-json\/wp\/v2\/types\/page"}],"author":[{"embeddable":true,"href":"https:\/\/travelshelper.com\/pl\/wp-json\/wp\/v2\/users\/1"}],"replies":[{"embeddable":true,"href":"https:\/\/travelshelper.com\/pl\/wp-json\/wp\/v2\/comments?post=9438"}],"version-history":[{"count":0,"href":"https:\/\/travelshelper.com\/pl\/wp-json\/wp\/v2\/pages\/9438\/revisions"}],"up":[{"embeddable":true,"href":"https:\/\/travelshelper.com\/pl\/wp-json\/wp\/v2\/pages\/24084"}],"wp:featuredmedia":[{"embeddable":true,"href":"https:\/\/travelshelper.com\/pl\/wp-json\/wp\/v2\/media\/4052"}],"wp:attachment":[{"href":"https:\/\/travelshelper.com\/pl\/wp-json\/wp\/v2\/media?parent=9438"}],"curies":[{"name":"wp","href":"https:\/\/api.w.org\/{rel}","templated":true}]}}