{"id":9322,"date":"2024-09-07T22:08:37","date_gmt":"2024-09-07T22:08:37","guid":{"rendered":"https:\/\/travelshelper.com\/staging\/?page_id=9322"},"modified":"2026-03-13T14:03:09","modified_gmt":"2026-03-13T14:03:09","slug":"kanada","status":"publish","type":"page","link":"https:\/\/travelshelper.com\/pl\/destinations\/north-america\/canada\/","title":{"rendered":"Kanada"},"content":{"rendered":"<p>Kanada prezentuje si\u0119 od razu jako studium rozleg\u0142o\u015bci i intymno\u015bci: rozci\u0105gaj\u0105ca si\u0119 na powierzchni 9 984 670 kilometr\u00f3w kwadratowych od Atlantyku do Pacyfiku i wyginaj\u0105ca si\u0119 w kierunku Arktyki, ro\u015bci sobie prawo do tytu\u0142u drugiego co do wielko\u015bci kraju na \u015bwiecie pod wzgl\u0119dem ca\u0142kowitej powierzchni i szczyci si\u0119 nieprzerwan\u0105 lini\u0105 brzegow\u0105 o d\u0142ugo\u015bci 243 042 kilometr\u00f3w. Jest domem dla ponad 41 milion\u00f3w os\u00f3b, jej dziesi\u0119\u0107 prowincji i trzy terytoria rozci\u0105gaj\u0105 si\u0119 od g\u0119sto zurbanizowanych korytarzy po obszary tak s\u0142abo zaludnione, \u017ce cisza las\u00f3w borealnych lub arktycznej tundry wydaje si\u0119 pierwotna. Ottawa pe\u0142ni funkcj\u0119 stolicy federalnej, podczas gdy Toronto, Montreal i Vancouver s\u0105 trzema najbardziej zaludnionymi o\u015brodkami metropolitalnymi, z kt\u00f3rych ka\u017cdy pulsuje unikalnymi rytmami kulturowymi. Jest to kraj, w kt\u00f3rym skrajno\u015bci geograficzne i kontrasty demograficzne tworz\u0105 wyj\u0105tkowy narodowy obraz.<\/p>\n<p>Granice Kanady tworz\u0105 niezr\u00f3wnane p\u0142\u00f3tno geopolityczne: najd\u0142u\u017csza na \u015bwiecie granica l\u0105dowa \u2014 8891 kilometr\u00f3w \u2014 \u0142\u0105czy j\u0105 ze Stanami Zjednoczonymi, podczas gdy granice morskie \u0142\u0105cz\u0105 j\u0105 z jednej strony z francuskim Saint-Pierre i Miquelon, a z drugiej z Grenlandi\u0105 (i, co za tym idzie, z Dani\u0105) wok\u00f3\u0142 wyspy Hansa. Na czubku wyspy Ellesmere znajduje si\u0119 CFS Alert, najbardziej wysuni\u0119ta na p\u00f3\u0142noc osada na Ziemi na 82,5\u00b0N, zaledwie 817 kilometr\u00f3w od bieguna p\u00f3\u0142nocnego. Ekstremalne szeroko\u015bci geograficzne rozci\u0105gaj\u0105 si\u0119 od Przyl\u0105dka Kolumbii na 83\u00b06\u203241\u2033N do Middle Island na jeziorze Erie na 41\u00b040\u203253\u2033N; szeroko\u015b\u0107 po\u0142udnikowa rozci\u0105ga si\u0119 od Przyl\u0105dka Spear w Nowej Fundlandii na 52\u00b037\u2032W do G\u00f3ry \u015awi\u0119tego Eliasza w Jukonie na 141\u00b0W. Liczby te wykraczaj\u0105 poza zwyk\u0142\u0105 kartograficzn\u0105 ciekawostk\u0119, stanowi\u0105c podstaw\u0119 to\u017csamo\u015bci narodowej, kt\u00f3ra kszta\u0142tuje si\u0119 na styku morskich przestrzeni, arktycznego lodu i kontynentalnego serca.<\/p>\n<p>Pod jednolit\u0105 narodow\u0105 otoczk\u0105 le\u017cy siedem odr\u0119bnych kr\u00f3lestw fizjograficznych: skalista Tarcza Kanadyjska, \u017cyzne r\u00f3wniny wewn\u0119trzne, Nizina Wielkich Jezior \u2013 \u015aw. Wawrzy\u0144ca, staro\u017cytne Appalachy, g\u00f3ruj\u0105ce Zachodnie Kordyliery, p\u0142askie Niziny Zatoki Hudsona i labiryntowy Archipelag Arktyczny. P\u0142aszcz las\u00f3w borealnych pokrywa wi\u0119kszo\u015b\u0107 po\u0142udniowego wn\u0119trza, podczas gdy lodowce utrzymuj\u0105 si\u0119 w\u015br\u00f3d G\u00f3r Skalistych, G\u00f3r Nadbrze\u017cnych i Arktycznych Kordylier\u00f3w. Ponad dwa miliony jezior \u2014 563 o powierzchni ponad 100 kilometr\u00f3w kwadratowych \u2014 stanowi\u0105 schronienie dla lwiej cz\u0119\u015bci zasob\u00f3w s\u0142odkiej wody na planecie. Trz\u0119sienia ziemi wstrz\u0105saj\u0105 cz\u0119\u015bciami Zachodniego Wybrze\u017ca, a pola wulkaniczne pokrywaj\u0105 kontynentalny margines, przypominaj\u0105c o ci\u0105gle zmieniaj\u0105cej si\u0119 geologicznej tkaninie.<\/p>\n<p>Pory roku rozwijaj\u0105 si\u0119 z dramatyczn\u0105 rozbie\u017cno\u015bci\u0105: prowincje wewn\u0119trzne rejestruj\u0105 styczniowe \u015brednie temperatury dzienne w pobli\u017cu \u201315 \u00b0C, ale mog\u0105 spa\u015b\u0107 poni\u017cej \u201340 \u00b0C pod wp\u0142ywem gryz\u0105cego wiatru, a \u015bnieg cz\u0119sto utrzymuje si\u0119 przez sze\u015b\u0107 miesi\u0119cy w roku (przy czym niekt\u00f3re p\u00f3\u0142nocne enklawy nigdy nie trac\u0105 ca\u0142kowicie skorupy lodu). Wybrze\u017ce Kolumbii Brytyjskiej cieszy si\u0119 umiarkowanymi zimami nasi\u0105kni\u0119tymi deszczami Pacyfiku, podczas gdy letnie maksima od wybrze\u017ca do wybrze\u017ca wahaj\u0105 si\u0119 od 20 do 30 \u00b0C, czasami osi\u0105gaj\u0105c szczyt 40 \u00b0C w os\u0142oni\u0119tych wewn\u0119trznych basenach. Ogromny gradient klimatyczny daje \u015brodowiska tak r\u00f3\u017cne, jak spowite mg\u0142\u0105 cedry Vancouver i tundra stepowa Nunavut, z kt\u00f3rych ka\u017cde wymaga adaptacyjnych strategii zar\u00f3wno od dzikiej przyrody, jak i osadnik\u00f3w.<\/p>\n<p>Ta klimatyczna dwoisto\u015b\u0107 jest wystawiona na pr\u00f3b\u0119: p\u00f3\u0142nocne rejony Kanady ocieplaj\u0105 si\u0119 trzy razy szybciej ni\u017c \u015bwiatowe, dodaj\u0105c oko\u0142o 1,7 \u00b0C do rocznych temperatur l\u0105du od 1948 r. (zmiany regionalne wahaj\u0105 si\u0119 od 1,1 do 2,3 \u00b0C). Wieczna zmarzlina \u2014 kiedy\u015b uwa\u017cana za trwa\u0142\u0105 \u2014 destabilizuje, zagra\u017caj\u0105c infrastrukturze i glebom bogatym w w\u0119giel. Kwa\u015bne osady z transgranicznych emisji przemys\u0142owych os\u0142abi\u0142y drogi wodne, zahamowa\u0142y wzrost las\u00f3w i zagrozi\u0142y plonom rolnym w niekt\u00f3rych regionach. Krajowe emisje gaz\u00f3w cieplarnianych wzros\u0142y o 16,5 procent mi\u0119dzy 1990 a 2022 r., co plasuje Kanad\u0119 w\u015br\u00f3d najwi\u0119kszych emitent\u00f3w na \u015bwiecie, nawet gdy zmaga si\u0119 z konieczno\u015bci\u0105 ograniczenia swojego \u015bladu w\u0119glowego.<\/p>\n<p>Obecno\u015b\u0107 cz\u0142owieka na terenie dzisiejszej Kanady si\u0119ga tysi\u0105cleci wstecz, poniewa\u017c rdzenne spo\u0142eczno\u015bci kultywowa\u0142y z\u0142o\u017cone kultury las\u00f3w li\u015bciastych, borealnych i arktycznych wybrze\u017cy. Kontakty europejskie rozpocz\u0119\u0142y si\u0119 w XVI wieku, kiedy francuscy i brytyjscy \u017ceglarze sporz\u0105dzali mapy wybrze\u017cy Atlantyku; konflikt osi\u0105gn\u0105\u0142 punkt kulminacyjny w 1763 r., kiedy Francja dokona\u0142a cesji wi\u0119kszo\u015bci terytori\u00f3w Ameryki P\u00f3\u0142nocnej. Brytyjskie kolonie Ameryki P\u00f3\u0142nocnej po\u0142\u0105czy\u0142y si\u0119 w 1867 r. w dominium federalne obejmuj\u0105ce cztery prowincje, co zapocz\u0105tkowa\u0142o ekspansj\u0119, kt\u00f3ra mia\u0142a wyprze\u0107 spo\u0142eczno\u015bci rdzenne i zapocz\u0105tkowa\u0107 stopniowe przej\u015bcie od podporz\u0105dkowania kolonialnego do autonomii prawnej. Kamienie milowe, takie jak Statut Westminsterski z 1931 r. i Ustawa o Kanadzie z 1982 r. ratyfikowa\u0142y suwerenno\u015b\u0107, ko\u0144cz\u0105c w\u0142adz\u0119 ustawodawcz\u0105 Zjednoczonego Kr\u00f3lestwa.<\/p>\n<p>Architektura polityczna Kanady opiera si\u0119 na demokracji parlamentarnej w stylu Westminster i monarchii konstytucyjnej, a premier \u2014 suwerennie mianowany przez gubernatora generalnego \u2014 sprawuje w\u0142adz\u0119 za po\u015brednictwem zaufania Izby Gmin. W jurysdykcji federalnej zar\u00f3wno angielski, jak i francuski s\u0105 j\u0119zykami urz\u0119dowymi, odzwierciedlaj\u0105cymi wieki dziedzictwa j\u0119zykowego. W\u0142\u0105czenie narodu do Wsp\u00f3lnoty Narod\u00f3w podkre\u015bla jego historyczne powi\u0105zania, a wysokie wyniki w zakresie przejrzysto\u015bci, jako\u015bci \u017cycia, konkurencyjno\u015bci gospodarczej i ochrony praw cz\u0142owieka \u015bwiadcz\u0105 o jego wsp\u00f3\u0142czesnych mocnych stronach rz\u0105dowych. Gobelin imigracji uczyni\u0142 z Kanady jedno z najbardziej zr\u00f3\u017cnicowanych etnicznie spo\u0142ecze\u0144stw na \u015bwiecie, podczas gdy s\u0105siedzkie sojusze i rywalizacja ze Stanami Zjednoczonymi trwale ukszta\u0142towa\u0142y kanadyjsk\u0105 histori\u0119, handel i kultur\u0119.<\/p>\n<p>\u017bywotno\u015b\u0107 gospodarcza wynika z obfitych naturalnych zasob\u00f3w i zintegrowanych sieci handlowych. Z nominalnym PKB wynosz\u0105cym oko\u0142o 2,221 biliona dolar\u00f3w ameryka\u0144skich \u2014 zajmuj\u0105c dziewi\u0105te miejsce na \u015bwiecie \u2014 Kanada utrzymuje jeden z najwy\u017cszych dochod\u00f3w na mieszka\u0144ca na \u015bwiecie. Handel towarami i us\u0142ugami osi\u0105gn\u0105\u0142 2,016 biliona dolar\u00f3w ameryka\u0144skich w 2021 r.: eksport o warto\u015bci 637 miliard\u00f3w dolar\u00f3w ameryka\u0144skich niemal dor\u00f3wna\u0142 importowi, z czego 391 miliard\u00f3w dolar\u00f3w ameryka\u0144skich pochodzi\u0142o ze Stan\u00f3w Zjednoczonych. Gie\u0142da Papier\u00f3w Warto\u015bciowych w Toronto, z ponad 1500 notowanymi sp\u00f3\u0142kami, ma kapitalizacj\u0119 rynkow\u0105 przekraczaj\u0105c\u0105 2 biliony dolar\u00f3w ameryka\u0144skich. Jako samozwa\u0144cze mocarstwo \u015brednie kraj kieruje swoj\u0105 polityk\u0119 zagraniczn\u0105 w stron\u0119 utrzymania pokoju, pomocy rozwojowej i for\u00f3w wielostronnych, artyku\u0142uj\u0105c wsp\u00f3lne warto\u015bci na arenach od Organizacji Narod\u00f3w Zjednoczonych po szczyty G7.<\/p>\n<p>Kulturalna tkanka Kanady splata rdzenne fundamenty, francuskie i brytyjskie dziedzictwo kolonialne oraz fale imigracji z Afryki, Azji i Karaib\u00f3w w XX i XXI wieku. Zabezpieczenia konstytucyjne nakazuj\u0105 spo\u0142ecze\u0144stwo oparte na integracji wielokulturowej i poszanowaniu praw cz\u0142owieka. Polityka oficjalnego wielokulturowo\u015bci wyr\u00f3\u017cnia nar\u00f3d jako mozaik\u0119 regionalnych subkultur; Quebec zachowuje odr\u0119bny etos francuskoj\u0119zyczny, nawet gdy to\u017csamo\u015b\u0107 narodowa obejmuje r\u00f3\u017cnorodno\u015b\u0107. Regionalne tradycje ludowe \u2014 od dziedzictwa gaelickiego Cape Breton po sztuk\u0119 akadyjsk\u0105 i inuick\u0105 \u2014 nadaj\u0105 miejscom trwa\u0142y charakter, a jednocze\u015bnie przyczyniaj\u0105 si\u0119 do og\u00f3lnego poczucia inkluzywnego obywatelstwa.<\/p>\n<p>Polityka publiczna przejawia si\u0119 w normach spo\u0142ecznych: powszechna opieka zdrowotna, progresywne opodatkowanie, surowe regulacje dotycz\u0105ce broni, zniesienie kary \u015bmierci, proaktywna redukcja ub\u00f3stwa i prawne uznanie praw reprodukcyjnych kobiet, praw LGBT, eutanazji i marihuany. \u015arodki te s\u0105 zgodne z silnym poparciem dla misji pokojowych, cenion\u0105 sieci\u0105 park\u00f3w narodowych i Kart\u0105 praw i swob\u00f3d. Kanadyjczycy s\u0105 dumni z d\u00f3br publicznych, kt\u00f3re mo\u017cna eksportowa\u0107: etosu r\u00f3wno\u015bci, zr\u00f3wnowa\u017conego zarz\u0105dzania ziemi\u0105 i dyplomacji opartej na wsp\u00f3\u0142pracy, a nie jednostronnym twierdzeniu.<\/p>\n<p>Przemierzanie Kanady od pocz\u0105tku do ko\u0144ca testuje granice czasu i wytrzyma\u0142o\u015bci; Trans-Canada Highway rozci\u0105ga si\u0119 na d\u0142ugo\u015bci oko\u0142o 8000 km mi\u0119dzy St. John&#039;s i Victoria \u2014 por\u00f3wnywalnie do Kairu do Kapsztadu i ponad trzykrotnie d\u0142u\u017cszej trasy Napoleona z Pary\u017ca do Moskwy. Nawet lot bez mi\u0119dzyl\u0105dowania z Toronto do Vancouver zajmuje ponad cztery godziny, co \u015bwiadczy o skali kontynentalnej. Takie odleg\u0142o\u015bci sprawiaj\u0105, \u017ce eksploracja panoptyczna jest przedsi\u0119wzi\u0119ciem trwaj\u0105cym wiele tygodni, ale jednocze\u015bnie nagradzaj\u0105 podr\u00f3\u017cnik\u00f3w kalejdoskopowymi zmianami w \u015brodowisku i kulturze, ka\u017cdy odcinek drogi lub pas startowy ods\u0142ania nowe aspekty charakteru narodowego.<\/p>\n<p>Atlantycka Kanada \u2014 obejmuj\u0105ca Nowy Brunszwik, Now\u0105 Fundlandi\u0119 i Labrador, Now\u0105 Szkocj\u0119 i Wysp\u0119 Ksi\u0119cia Edwarda \u2014 nosi najstarszy \u015blad osadnictwa europejskiego w Kanadzie. Rdzenne spo\u0142eczno\u015bci Mikmak\u00f3w, Innu i Nunatsiavut\u00f3w wsp\u00f3\u0142istniej\u0105 z dziedzictwem Akadian, Highland Scottish i lojalist\u00f3w. Surowe linie brzegowe przynosz\u0105 s\u0142ynne porty, takie jak Halifax i St. John&#039;s, gdzie kolonialne kamienne fasady stoj\u0105 na stra\u017cy rynk\u00f3w bogatych w owoce morza. Kuchnia tego regionu, otoczona \u0142owiskami ma\u0142\u017cy i pu\u0142apkami na homary, rezonuje z autentyczno\u015bci\u0105 zaczerpni\u0119t\u0105 z rozpylanych s\u0142onych wiatr\u00f3w i historycznych p\u0142yw\u00f3w.<\/p>\n<p>Quebec ma podw\u00f3jn\u0105 to\u017csamo\u015b\u0107: g\u0119sto zaludniona wst\u0119ga francuskoj\u0119zyczna wzd\u0142u\u017c rzeki \u015awi\u0119tego Wawrzy\u0144ca s\u0105siaduj\u0105ca z rozleg\u0142ym p\u00f3\u0142nocnym zapleczem, wci\u0105\u017c ukszta\u0142towanym przez tradycje Inuit\u00f3w i Kri. Laurentians nawi\u0105zuj\u0105 do alpejskiego uroku w granicach Ameryki P\u00f3\u0142nocnej, podczas gdy miasto Qu\u00e9bec \u2014 jego Stare Miasto jest wpisane na list\u0119 \u015bwiatowego dziedzictwa \u2014 jest gospodarzem celebrowanego zimowego karnawa\u0142u. Montreal pe\u0142ni funkcj\u0119 silnika kulturowego z francusko-brytyjskim palimpsestem architektonicznym i festiwalami, kt\u00f3re nawi\u0105zuj\u0105 do \u015bwiatowych stolic sztuki. Osady w dolinach rzek, porty rybackie, gaje klonowe i stoki narciarskie rozszerzaj\u0105 si\u0119 na zewn\u0105trz, kulminuj\u0105c w kr\u00f3lestwach las\u00f3w i tundry, kt\u00f3re przywodz\u0105 na my\u015bl pogranicze.<\/p>\n<p>Po\u0142udniowa trzecia cz\u0119\u015b\u0107 Ontario skupia populacj\u0119 i przemys\u0142, zakotwiczone w kosmopolitycznym rozro\u015bcie Toronto i okaza\u0142ych instytucjach Ottawy. Tury\u015bci ci\u0105gn\u0105 w stron\u0119 wodospadu Niagara, gdzie katarakty \u017c\u0142obi\u0105 wznios\u0142\u0105 granic\u0119 mi\u0119dzy widowiskiem a geologi\u0105. Jeziora i lasy Muskoki kusz\u0105 letnim domkami, podczas gdy rozleg\u0142e p\u00f3\u0142nocne obszary pozostaj\u0105 lekko utrzymywane przez miasta zajmuj\u0105ce si\u0119 wyr\u0119bem drewna i g\u00f3rnictwem. W swoich rozleg\u0142ych obszarach Ontario obejmuje zar\u00f3wno zewn\u0119trzny wizerunek Kanady, jak i ukryte wn\u0119trza, gdzie wci\u0105\u017c szepcze dzicz.<\/p>\n<p>Przez prerie \u2014 Alberta, Manitoba i Saskatchewan \u2014 bezkresne horyzonty daj\u0105 urzekaj\u0105ce poczucie otwarto\u015bci. Z\u0142ote pola pszenicy przylegaj\u0105 do podn\u00f3\u017cy G\u00f3r Skalistych, gdzie Banff i Jasper National Parks ukazuj\u0105 z\u0105bkowane szczyty i lodowcowe wody. O\u015brodki miejskie od Calgary i Edmonton po Winnipeg i Regina do\u015bwiadczy\u0142y gwa\u0142townego wzrostu, wznosz\u0105c miejsca kulturalne, festiwale i restauracje, kt\u00f3re odzwierciedlaj\u0105 dynamiczn\u0105, m\u0142od\u0105 populacj\u0119. Te prowincje podtrzymuj\u0105 pot\u0119g\u0119 rolnicz\u0105 obok wydobywania zasob\u00f3w, ich niebo jest p\u0142\u00f3tnem dla krajobraz\u00f3w chmur i zorzy polarnej.<\/p>\n<p>Na Pacyfiku Kolumbia Brytyjska wita przybywaj\u0105cych przez przeszklon\u0105 panoram\u0119 Vancouver, gdzie o\u015bnie\u017cone szczyty pojawiaj\u0105 si\u0119 w granicach miasta. Victoria oferuje wytworn\u0105 miejsk\u0105 atmosfer\u0119 w\u015br\u00f3d zadbanych ogrod\u00f3w, a Okanagan Valley prezentuje winnice i sady pod \u0142agodnym niebem. Dalej le\u017c\u0105 fiordy, lasy deszczowe i prze\u0142\u0119cze g\u00f3rskie \u2014 t\u0142o dla wszystkiego, od heli-skiingu po kajakowe odyseje. Nadmorskie zimy pozostaj\u0105 \u0142agodne, ale m\u017cawki, tworz\u0105c \u015brodowisko, kt\u00f3re \u0142\u0105czy umiarkowane lasy deszczowe z nowoczesn\u0105 miejsk\u0105 atmosfer\u0105.<\/p>\n<p>P\u00f3\u0142nocna Kanada \u2014 Jukon, Terytoria P\u00f3\u0142nocno-Zachodnie i Nunavut \u2014 obejmuje oko\u0142o 40 procent powierzchni kraju, ale utrzymuje tylko u\u0142amek jego populacji. Dawson City zachowa\u0142o witryny sklepowe z czas\u00f3w gor\u0105czki z\u0142ota z 1898 r., \u017cywe muzeum pod s\u0142o\u0144cem o p\u00f3\u0142nocy. Architektura Iqaluit inspirowana kultur\u0105 Inuit\u00f3w zaspokaja arktyczne potrzeby, podczas gdy wieczna zmarzlina i noc polarna potwierdzaj\u0105 surow\u0105 moc tego kr\u00f3lestwa. Rozkwita dzika przyroda: ja\u0142owe karibu, pi\u017cmowce i ptaki w\u0119drowne przemierzaj\u0105 morza tundry w cyklach starszych ni\u017c sama konfederacja.<\/p>\n<p>Miejskie atrakcje obejmuj\u0105 kanadyjsk\u0105 mozaik\u0119 prawie siedemdziesi\u0119ciu miast, w\u015br\u00f3d kt\u00f3rych okr\u0119g parlamentarny Ottawy kontrastuje z duchem paniki Calgary. Wzg\u00f3rze Citadel w Halifaxie g\u00f3ruje nad drugim co do wielko\u015bci naturalnym portem na \u015bwiecie, a festiwale kulturalne Montrealu dor\u00f3wnuj\u0105 tym w stolicach europejskich. Za\u0142o\u017cenie miasta Qu\u00e9bec w 1608 r. wyposa\u017ca jego mury obronne w echa renesansu, podczas gdy wie\u017ca CN Tower w Toronto jest przyk\u0142adem nowoczesnych ambicji. Vancouver wie\u0144czy swoj\u0105 panoram\u0119 nadmorskimi szczytami; Whitehorse dominuje nad autostrad\u0105 Alaska Highway w sercu Jukonu; Winnipeg przewodzi w centrum kontynentu, gdzie dziedzictwo francusko-kanadyjskie i rdzennych narod\u00f3w zbiega si\u0119 w The Forks.<\/p>\n<p>Skarby natury i kultury rozci\u0105gaj\u0105 si\u0119 daleko poza granice metropolii. Oznaczenia \u015bwiatowego dziedzictwa UNESCO wyznaczaj\u0105 map\u0119, poniewa\u017c parki narodowe i prowincjonalne chroni\u0105 symboliczne krajobrazy. Relikty Klondike w Dawson City, spokojne enklawy Gulf Islands, spalone s\u0142o\u0144cem winnice Okanagan, jezioro Louise w Banff i pola lodowe Jasper stanowi\u0105 punkty orientacyjne o mi\u0119dzynarodowej renomie. Na preriach Writing-on-Stone Park chroni rodzim\u0105 sztuk\u0119 naskaln\u0105 po\u015br\u00f3d piaskowcowych wzg\u00f3rz; P\u00f3\u0142wysep Niagara \u0142\u0105czy rw\u0105ce wody z winnymi r\u00f3wninami; Algonquin Provincial Park nagradza sp\u0142ywy kajakowe po staro\u017cytnych lasach. Ka\u017cde miejsce dodaje zwrotk\u0119 do epickiej poetyki Kanady.<\/p>\n<p>W ca\u0142ym swoim zasi\u0119gu Kanada ujawnia nar\u00f3d, kt\u00f3ry odrzuca prostot\u0119. Jej ogromna skala generuje paradoksy g\u0119sto\u015bci i pustki, staro\u017cytnych tradycji wsp\u00f3\u0142istniej\u0105cych z awangardow\u0105 urbanizacj\u0105. Podr\u00f3\u017cnicy odkrywaj\u0105 epoki geologiczne w rze\u017abionych szczytach, ewolucj\u0119 spo\u0142eczno-polityczn\u0105 w salach parlamentarnych i dialogi kulturowe na wieloj\u0119zycznych ulicach. W ka\u017cdym fiordzie, lesie i sali parlamentarnej rozwija si\u0119 odporny duch Kanady i jej wielowarstwowe dziedzictwo \u2014 nieko\u0144cz\u0105ca si\u0119 narracja, kt\u00f3ra zaprasza do zanurzenia, refleksji i nieuchronnie podziwu.<\/p>","protected":false},"excerpt":{"rendered":"<p>Kanada, po\u0142o\u017cona w Ameryce P\u00f3\u0142nocnej, jest znana ze swoich rozleg\u0142ych krajobraz\u00f3w i zr\u00f3\u017cnicowanego dziedzictwa kulturowego. Kanada, drugi co do wielko\u015bci kraj na \u015bwiecie pod wzgl\u0119dem ca\u0142kowitej powierzchni, rozci\u0105ga si\u0119 od Oceanu Atlantyckiego na wschodzie do Oceanu Spokojnego na zachodzie i si\u0119ga na p\u00f3\u0142noc do Oceanu Arktycznego. Najd\u0142u\u017csza linia brzegowa \u015bwiata r\u00f3wnowa\u017cy ten ogromny l\u0105d, zapewniaj\u0105c szczeg\u00f3lne po\u0142\u0105czenie naturalnego pi\u0119kna i r\u00f3\u017cnorodno\u015bci ekologicznej. Najd\u0142u\u017csza na \u015bwiecie mi\u0119dzynarodowa granica l\u0105dowa, po\u0142udniowa granica kraju ze Stanami Zjednoczonymi, odzwierciedla d\u0142ugotrwa\u0142\u0105 relacj\u0119 mi\u0119dzy tymi dwoma krajami.<\/p>","protected":false},"author":1,"featured_media":2967,"parent":24084,"menu_order":0,"comment_status":"closed","ping_status":"closed","template":"elementor_theme","meta":{"_eb_attr":"","footnotes":""},"class_list":["post-9322","page","type-page","status-publish","has-post-thumbnail"],"_links":{"self":[{"href":"https:\/\/travelshelper.com\/pl\/wp-json\/wp\/v2\/pages\/9322","targetHints":{"allow":["GET"]}}],"collection":[{"href":"https:\/\/travelshelper.com\/pl\/wp-json\/wp\/v2\/pages"}],"about":[{"href":"https:\/\/travelshelper.com\/pl\/wp-json\/wp\/v2\/types\/page"}],"author":[{"embeddable":true,"href":"https:\/\/travelshelper.com\/pl\/wp-json\/wp\/v2\/users\/1"}],"replies":[{"embeddable":true,"href":"https:\/\/travelshelper.com\/pl\/wp-json\/wp\/v2\/comments?post=9322"}],"version-history":[{"count":0,"href":"https:\/\/travelshelper.com\/pl\/wp-json\/wp\/v2\/pages\/9322\/revisions"}],"up":[{"embeddable":true,"href":"https:\/\/travelshelper.com\/pl\/wp-json\/wp\/v2\/pages\/24084"}],"wp:featuredmedia":[{"embeddable":true,"href":"https:\/\/travelshelper.com\/pl\/wp-json\/wp\/v2\/media\/2967"}],"wp:attachment":[{"href":"https:\/\/travelshelper.com\/pl\/wp-json\/wp\/v2\/media?parent=9322"}],"curies":[{"name":"wp","href":"https:\/\/api.w.org\/{rel}","templated":true}]}}