{"id":9282,"date":"2024-09-07T20:34:39","date_gmt":"2024-09-07T20:34:39","guid":{"rendered":"https:\/\/travelshelper.com\/staging\/?page_id=9282"},"modified":"2026-03-13T15:01:15","modified_gmt":"2026-03-13T15:01:15","slug":"kostaryka","status":"publish","type":"page","link":"https:\/\/travelshelper.com\/pl\/destinations\/north-america\/costa-rica\/","title":{"rendered":"Kostaryka"},"content":{"rendered":"<p>Kostaryka, kraj o powierzchni zaledwie pi\u0119\u0107dziesi\u0119ciu tysi\u0119cy kilometr\u00f3w kwadratowych, ale t\u0119tni\u0105cy r\u00f3\u017cnorodno\u015bci\u0105 ekologiczn\u0105 i kulturow\u0105, utrzymuje nieco ponad pi\u0119\u0107 milion\u00f3w mieszka\u0144c\u00f3w na swoim zielonym terenie \u2014 a mimo to w samym San Jos\u00e9 ponad trzysta pi\u0119\u0107dziesi\u0105t tysi\u0119cy dusz spotyka si\u0119 codziennie w rytmach \u017cycia miejskiego, podczas gdy prawie dwa miliony mieszka w szerszym, metropolitalnym u\u015bcisku. Usadowiona mi\u0119dzy falistymi wzg\u00f3rzami Nikaragui na p\u00f3\u0142nocy i tropikalnymi nizinami Panamy na po\u0142udniowym wschodzie, a ko\u0142ysana przez wybrze\u017ca Karaib\u00f3w i Pacyfiku odpowiednio na wschodzie i zachodzie, ta smuk\u0142a republika dominuje zar\u00f3wno nad kontynentalnymi skrzy\u017cowaniami, jak i wyspiarsk\u0105 suwerenno\u015bci\u0105, rozszerzaj\u0105c swoje morskie terytorium nawet w kierunku Wyspy Kokosowej, gdzie granica Ekwadoru przesuwa si\u0119 na po\u0142udnie. Kostaryka, kraj o stabilnej demokracji prezydenckiej, finansowany przez si\u0142\u0119 robocz\u0105 cenion\u0105 za osi\u0105gni\u0119cia naukowe (na edukacj\u0119 przeznaczane jest prawie siedem procent funduszy publicznych, podczas gdy \u015brednia \u015bwiatowa wynosi nieco ponad cztery procent), przekszta\u0142ci\u0142a si\u0119 z gospodarki rolniczej w mozaik\u0119 finans\u00f3w, farmaceutyk\u00f3w, us\u0142ug korporacyjnych i ekoturystyki, wspieran\u0105 przez korzystne podatkowo strefy wolnego handlu.<\/p>\n<p>W tym smuk\u0142ym wprowadzeniu kryje si\u0119 esencja wyj\u0105tkowo\u015bci Kostaryki: kraju, kt\u00f3ry zni\u00f3s\u0142 wojsko w 1949 r. po kr\u00f3tkim konflikcie domowym, decyduj\u0105c si\u0119 zamiast tego na inwestowanie w rozw\u00f3j cz\u0142owieka, ochron\u0119 \u015brodowiska i sp\u00f3jno\u015b\u0107 spo\u0142eczn\u0105. Od tego czasu wytyczy\u0142 niezwyk\u0142\u0105 \u015bcie\u017ck\u0119 w\u015br\u00f3d swoich s\u0105siad\u00f3w \u2014 unikaj\u0105c si\u0142 zbrojnych, piel\u0119gnuj\u0105c demokracj\u0119 konstytucyjn\u0105 i podnosz\u0105c dobrobyt cz\u0142owieka do niemal \u015bwi\u0119tego poziomu. Jego Wska\u017anik Rozwoju Cz\u0142owieka plasuje go w\u015br\u00f3d sze\u015b\u0107dziesi\u0119ciu najlepszych narod\u00f3w \u015bwiata, podczas gdy w Ameryce \u0141aci\u0144skiej zajmuje pi\u0105te miejsce, wyprzedzaj\u0105c kraje o por\u00f3wnywalnych dochodach zar\u00f3wno pod wzgl\u0119dem rozwoju, jak i r\u00f3wno\u015bci. Uznany za najszcz\u0119\u015bliwszy nar\u00f3d przez r\u00f3\u017cne indeksy, jego obywatele przyjmuj\u0105 fraz\u0119 \u201ePura Vida\u201d nie jako slogan na naklejce na zderzak, ale jako \u017cyw\u0105 filozofi\u0119, \u015bwiadectwo codziennej rado\u015bci nieska\u017conej presj\u0105 powszechn\u0105 gdzie indziej.<\/p>\n<p>Puls subkontynentu cz\u0119sto zwalnia tam, gdzie wznosz\u0105 si\u0119 g\u00f3ry, a w sercu Kostaryki rozci\u0105ga si\u0119 Central Valley \u2014 rozleg\u0142a kolebka miast i wy\u017cyn poro\u015bni\u0119tych kaw\u0105, otoczonych wulkanami. Tutaj San Jos\u00e9 kr\u00f3luje nie jako odleg\u0142a stolica, ale jako tygiel to\u017csamo\u015bci narodowej: rozleg\u0142e aleje obsadzone drzewami, teatry z czas\u00f3w kolonialnych i muzea, kt\u00f3re wyznaczaj\u0105 trajektori\u0119 republiki od kolonii hiszpa\u0144skiej do nowoczesnego pa\u0144stwa. Alajuela, Cartago \u2014 niegdy\u015b siedziba narodowa \u2014 Heredia i San Ram\u00f3n uzupe\u0142niaj\u0105 kwartet miast dominuj\u0105cych w dolinie, z kt\u00f3rych ka\u017cde ma swoje w\u0142asne dziedzictwo: barokowa bazylika Cartago, bramy lotniskowe Alajuela, plantacje kawy Heredia, targi rolne San Ram\u00f3n. Za tymi o\u015brodkami miejskimi ziemia rozwija si\u0119 w kierunku Pacyfiku w regionie Guanacaste, gdzie suche lasy cicho ust\u0119puj\u0105 r\u00f3wninom usianym kaktusami i brzegom pokrytym falami; w stron\u0119 Lim\u00f3n na karaibskim zboczu, gdzie rytmy i j\u0119zyki afro-karaibskie \u015bwiadcz\u0105 o heterogenicznych korzeniach narodu; oraz w stron\u0119 g\u00f3rzystej p\u00f3\u0142nocy, gdzie idealny sto\u017cek masywu Arenal g\u00f3ruje nad gor\u0105cymi \u017ar\u00f3d\u0142ami i lasami mglistymi.<\/p>\n<p>Wyniesiony l\u0105d, kt\u00f3rego szczyt si\u0119ga trzech tysi\u0119cy o\u015bmiuset dziewi\u0119tnastu metr\u00f3w Cerro Chirrip\u00f3, Kostaryka jest r\u00f3wnie\u017c schronieniem dla wznosz\u0105cego si\u0119 szczytu wulkanu Iraz\u00fa, podczas gdy jezioro Arenal odbija niebo na spokojnej powierzchni zrodzonej z dramatu tektonicznego. Z czternastu nazwanych wulkan\u00f3w po\u0142owa poruszy\u0142o si\u0119 w ci\u0105gu ostatnich trzech \u0107wierci stulecia, a ka\u017cda erupcja wyry\u0142a nowe kontury na p\u0142\u00f3tnie ziemi. Klimat kraju, \u015bci\u015ble tropikalny, dzieli rok na por\u0119 such\u0105 i deszczow\u0105 \u2014 od rze\u015bkich porank\u00f3w grudnia do s\u0142onecznych po\u0142udnia kwietnia, a nast\u0119pnie na deszcze, kt\u00f3re trwaj\u0105 do listopada. Jednak takie binarne uk\u0142ady zdradzaj\u0105 niuanse: nieregularne opady deszczu przerywaj\u0105 suche miesi\u0105ce, a w porze deszczowej ulotne przeb\u0142yski s\u0142o\u0144ca rze\u017abi\u0105 t\u0119cze na niebie pe\u0142nym deszczu.<\/p>\n<p>Topografia i trajektoria historyczna Kostaryki skierowa\u0142y witalno\u015b\u0107 ekonomiczn\u0105 do Central Valley, ale jej prawdziwe bogactwo le\u017cy w prawie dwudziestu siedmiu procentach jej terytorium przeznaczonych na parki narodowe i rezerwaty \u2014 najwi\u0119kszej cz\u0119\u015bci chronionego terenu na Ziemi. W obr\u0119bie tych sanktuari\u00f3w zaledwie 0,03 procenta globalnego terenu daje schronienie prawie pi\u0119ciu procentom wszystkich gatunk\u00f3w, od wspania\u0142ych kwezali w lasach mgie\u0142kowych Monteverde po sk\u00f3rzaste \u017c\u00f3\u0142wie gniazduj\u0105ce na czarnych pla\u017cach Tortuguero. D\u017cunglowe zbocza Manuela Antonia opadaj\u0105 w kierunku morza, podczas gdy odleg\u0142e pustkowia Corcovado s\u0105 domem dla tapir\u00f3w, jaguar\u00f3w i szkar\u0142atnych ar \u2014 echa staro\u017cytno\u015bci, kiedy kultury mezoameryka\u0144ska i po\u0142udniowoameryka\u0144ska spotka\u0142y si\u0119 na P\u00f3\u0142wyspie Nicoya, odciskaj\u0105c przedhiszpa\u0144skie pi\u0119tno na tych brzegach.<\/p>\n<p>Na d\u0142ugo przed przybyciem konkwistador\u00f3w w XVI wieku, wodzowie handlowali z\u0142otem, ceramik\u0105 i sol\u0105 wzd\u0142u\u017c tych wybrze\u017cy; hiszpa\u0144ska korona zdegradowa\u0142a swoj\u0105 koloni\u0119 do statusu peryferii, zezwalaj\u0105c jedynie na rzadkie osadnictwo. Po uzyskaniu niepodleg\u0142o\u015bci w 1821 r., najpierw jako cz\u0119\u015b\u0107 Meksyka\u0144skiego Imperium Agust\u00edna de Iturbide, a nast\u0119pnie w ramach ulotnej federacji Ameryki \u015arodkowej, Kostaryka ostatecznie potwierdzi\u0142a pe\u0142n\u0105 suwerenno\u015b\u0107 w 1847 r. Nast\u0105pi\u0142 wiek naznaczony eksportem kawy, zagranicznymi przedsi\u0119wzi\u0119ciami kolejowymi i stopniowym wzrostem elity kawowej, kt\u00f3ra zasia\u0142a pi\u015bmienno\u015b\u0107 i instytucje obywatelskie. Jednak prawdziwe p\u0119kni\u0119cie nast\u0105pi\u0142o w 1948 r., gdy jedenastodniowy kryzys wyborczy przerodzi\u0142 si\u0119 w wojn\u0119 domow\u0105; jej zako\u0144czenie przynios\u0142o konstytucj\u0119, kt\u00f3ra zakaza\u0142a wojska, przekierowuj\u0105c zasoby na szko\u0142y i szpitale oraz przekazuj\u0105c narodowi nowoczesny etos pokoju.<\/p>\n<p>W ci\u0105gu pi\u0119\u0107dziesi\u0119ciu lat od tej decyzji Kostaryka zbudowa\u0142a siln\u0105 demokracj\u0119. Jej wolna prasa nale\u017cy do najbardziej wolnych na \u015bwiecie, jej procesy wyborcze s\u0105 niezawodnie przejrzyste, a jej instytucje, od s\u0105downictwa po niezale\u017cne organy nadzorcze, ciesz\u0105 si\u0119 zaufaniem publicznym. To zaufanie le\u017cy u podstaw ci\u0105g\u0142ych wynik\u00f3w kraju w globalnych indeksach: czo\u0142owa dwudziestka pi\u0105tka w rankingu wolno\u015bci prasy, wysokie wyniki w zakresie \u015brodk\u00f3w zarz\u0105dzania i sta\u0142e uznanie dla subiektywnego dobrostanu obywateli. Podczas gdy inne pa\u0144stwa Ameryki \u015arodkowej chwia\u0142y si\u0119 po\u015br\u00f3d przemocy politycznej i turbulencji gospodarczych, Kostaryka zachowa\u0142a stabilno\u015b\u0107, przyci\u0105gaj\u0105c zagraniczne inwestycje do swoich park\u00f3w zaawansowanych technologii i klastr\u00f3w farmaceutycznych.<\/p>\n<p>Jednak dobrobyt nie uczyni\u0142 Kostaryki odporn\u0105 na krucho\u015b\u0107 \u015brodowiska. Rosn\u0105ce temperatury stanowi\u0105 wyzwanie dla ekosystem\u00f3w wysokog\u00f3rskich, podczas gdy wzrost poziomu morza wdziera si\u0119 na oba wybrze\u017ca. Zmienione wzorce opad\u00f3w zagra\u017caj\u0105 zbiorom kawy w Tarraz\u00fa i plantacjom banan\u00f3w w Lim\u00f3n; powodzie, osuwiska, cyklony i susze przerywaj\u0105 teraz to, co kiedy\u015b by\u0142o przewidywaln\u0105 sezonowo\u015bci\u0105. Prawie czterech na pi\u0119ciu Kostaryka\u0144czyk\u00f3w mieszka w strefach coraz bardziej podatnych na takie zagro\u017cenia, a podobny udzia\u0142 krajowego PKB zale\u017cy od sektor\u00f3w podatnych na zmiany klimatyczne. Odpowied\u017a rz\u0105du obejmowa\u0142a ambitn\u0105 polityk\u0119 dekarbonizacji, maj\u0105c\u0105 na celu osi\u0105gni\u0119cie zerowych emisji netto do po\u0142owy stulecia, oraz niemal powszechne poleganie na odnawialnych \u017ar\u00f3d\u0142ach energii \u2014 dziewi\u0119\u0107dziesi\u0105t pi\u0119\u0107 procent energii elektrycznej pochodzi obecnie z wody, ciep\u0142a geotermalnego, wiatru, promieniowania s\u0142onecznego i biomasy. Jednak w 2024 r. racjonowanie wywo\u0142ane susz\u0105 ujawni\u0142o krucho\u015b\u0107 systemu, kt\u00f3ry nadal jest przywi\u0105zany do cykli hydrologicznych.<\/p>\n<p>Kontury spo\u0142ecze\u0144stwa odzwierciedlaj\u0105 jego otoczenie: dane ze spisu powszechnego z 2022 r., pierwszego od dziewi\u0119\u0107dziesi\u0119ciu pi\u0119ciu lat, w kt\u00f3rym wymieniono to\u017csamo\u015b\u0107 etniczn\u0105, odnotowuj\u0105 mnogo\u015b\u0107 bia\u0142ych i Metys\u00f3w obok spo\u0142eczno\u015bci mulat\u00f3w, Afro-Karaib\u00f3w, rdzennych mieszka\u0144c\u00f3w, Chi\u0144czyk\u00f3w i innych przodk\u00f3w. Dziedzictwo wp\u0142yw\u00f3w Chibcha i Nahuatl przetrwa\u0142o w stanowiskach archeologicznych i tradycjach ludowych, podczas gdy populacja Afro-Kostaryka\u0144czyk\u00f3w z Lim\u00f3n zachowuje kreolski j\u0119zyk angielski, zrodzony z jamajskich migracji zarobkowych w XIX wieku. Dominuje j\u0119zyk hiszpa\u0144ski i obrz\u0105dki katolickie \u2014 echa epoki kolonialnej \u2014 jednak kulturowa tkanka narodu wplata w\u0105tki z Afryki, Azji i obu Ameryk w swoj\u0105 kuchni\u0119, muzyk\u0119 i codzienne \u017cycie.<\/p>\n<p>Muzyka marimby rozbrzmiewa na miejskich placach; soca, salsa, cumbia i bachata o\u017cywiaj\u0105 parkiety, cho\u0107, co ciekawe, w\u015br\u00f3d starszych pokole\u0144, a nie w\u015br\u00f3d m\u0142odzie\u017cy. Gitara pozostaje wszechobecnym towarzyszem ta\u0144c\u00f3w ludowych, ale marimba, z jej drewnianymi klawiszami i rezonuj\u0105cymi komorami d\u017awi\u0119kowymi, jest instrumentem narodowym \u2014 jej melodie s\u0105 d\u017awi\u0119kowym symbolem to\u017csamo\u015bci Kostaryki. Instytucjonalne wsparcie dla sztuki p\u0142ynie z Departamentu Kultury, M\u0142odzie\u017cy i Sportu, podzielonego na dzia\u0142y nadzoruj\u0105ce sztuki wizualne i sceniczne, muzyk\u0119, dziedzictwo i biblioteki; Narodowa Orkiestra Symfoniczna i M\u0142odzie\u017cowe Orkiestry s\u0105 przyk\u0142adem synergii kultury i zaanga\u017cowania m\u0142odzie\u017cy.<\/p>\n<p>Na talerzu Kostaryka oferuje dania, kt\u00f3re m\u00f3wi\u0105 o wielowarstwowej historii: rodzime tamales obok hiszpa\u0144skich zb\u00f3\u017c i mi\u0119s; p\u00f3\u017aniejsze wp\u0142ywy karaibskie i afryka\u0144skie ujawniaj\u0105 si\u0119 w przyprawach i gulaszach. Ry\u017c i fasola \u2014 gallo pinto \u2014 stanowi\u0105 narodowe \u015bniadanie, podczas gdy casados \u200b\u200b\u0142\u0105cz\u0105 mi\u0119so, banany i sa\u0142atki w po\u0142udniowy posi\u0142ek. Uliczne napoje gazowane serwuj\u0105 \u015bwie\u017ce ceviche i empanady, a nadmorskie miasteczka serwuj\u0105 owoce morza z dodatkiem kokosa, kt\u00f3re smakuj\u0105 jak solanka i s\u0142o\u0144ce. Ka\u017cdy przepis niesie ze sob\u0105 echa migracji i adaptacji, spo\u0142ecze\u0144stwa, kt\u00f3re powita\u0142o nowe sk\u0142adniki \u2014 i nowych ludzi \u2014 nie rezygnuj\u0105c ze swoich podstawowych smak\u00f3w.<\/p>\n<p>Tury\u015bci teraz t\u0142umnie przybywaj\u0105 do kraju, kt\u00f3ry National Geographic chwali jako najszcz\u0119\u015bliwszy na \u015bwiecie, gdzie \u201ePura Vida\u201d funkcjonuje zar\u00f3wno jako powitanie, jak i mantra, przypominaj\u0105c, \u017ce proste przyjemno\u015bci \u2014 nagrzane s\u0142o\u0144cem pla\u017ce, spowite mg\u0142\u0105 lasy chmurowe, widok szkar\u0142atnej ary w locie \u2014 przewa\u017caj\u0105 nad ci\u0119\u017carem wsp\u00f3\u0142czesnego \u017cycia. Od raf koralowych Cahuita po wietrzny szczyt Chirrip\u00f3; od odosobnienia Wyspy Kokosowej po bujne korytarze Corcovado, Kostaryka oferuje tras\u0119 wykraczaj\u0105c\u0105 poza konwencjonaln\u0105 turystyk\u0119. Trasy takie jak Camino de Costa Rica przecinaj\u0105 przesmyk od Atlantyku do Pacyfiku, podczas gdy przejazdy przez Camino del Cielo y Colibr\u00edes ukazuj\u0105 ptasie widowisko wzd\u0142u\u017c g\u00f3rskich grzbiet\u00f3w.<\/p>\n<p>Jednak najwi\u0119kszym darem tego kraju pozostaje jego zaanga\u017cowanie w harmoni\u0119 \u2014 mi\u0119dzy lud\u017ami, rz\u0105dami i natur\u0105 \u2014 r\u00f3wnowaga osi\u0105gni\u0119ta po niepokojach spo\u0142ecznych, u\u015bwi\u0119cona zniesieniem broni i podtrzymywana przez pokolenia sumiennego zarz\u0105dzania. Jest to ma\u0142a republika pod wzgl\u0119dem powierzchni, ale ogromna pod wzgl\u0119dem wizji: \u017cywe laboratorium, w kt\u00f3rym demokracja, rozw\u00f3j i r\u00f3\u017cnorodno\u015b\u0107 biologiczna wsp\u00f3\u0142istniej\u0105. W Kostaryce \u017cycie toczy si\u0119 na ludzk\u0105 skal\u0119, mierzona rytmem \u015bpiewu ptak\u00f3w i przep\u0142ywem rzek, a nie szcz\u0119kiem broni \u2014 niezaprzeczalny dow\u00f3d, \u017ce prawdziwe bezpiecze\u0144stwo nie le\u017cy w blankach, ale w szko\u0142ach, szpitalach i ochronie przyrody. A po\u015br\u00f3d przybywania i ust\u0119powania p\u00f3r roku jej obywatele nadal, dzie\u0144 po dniu, potwierdzaj\u0105 proste credo Pura Vida \u2014 czyste \u017cycie \u2014 i czyni\u0105c to, wytyczaj\u0105 kurs, kt\u00f3ry inspiruje poza ich granicami.<\/p>","protected":false},"excerpt":{"rendered":"<p>Kostaryka, oficjalnie znana jako Republika Kostaryki, to urzekaj\u0105cy kraj po\u0142o\u017cony w regionie Ameryki \u015arodkowej w Ameryce P\u00f3\u0142nocnej. Jej nazwa, kt\u00f3ra oznacza \u201eBogate Wybrze\u017ce\u201d, odzwierciedla obfite naturalne pi\u0119kno i zasoby kraju. Granicz\u0105ca z Nikaragu\u0105 na p\u00f3\u0142nocy, Morzem Karaibskim na p\u00f3\u0142nocnym wschodzie, Panam\u0105 na po\u0142udniowym wschodzie i Oceanem Spokojnym na po\u0142udniowym zachodzie, Kostaryka dzieli r\u00f3wnie\u017c granic\u0119 morsk\u0105 z Ekwadorem na po\u0142udnie od Wyspy Kokosowej. To po\u0142o\u017cenie geograficzne wyposa\u017cy\u0142o Kostaryk\u0119 w r\u00f3\u017cnorodne ekosystemy i bogat\u0105 bior\u00f3\u017cnorodno\u015b\u0107, kt\u00f3ra przyci\u0105ga mi\u0142o\u015bnik\u00f3w przyrody z ca\u0142ego \u015bwiata.<\/p>","protected":false},"author":1,"featured_media":4241,"parent":24084,"menu_order":0,"comment_status":"closed","ping_status":"closed","template":"elementor_theme","meta":{"_eb_attr":"","footnotes":""},"class_list":["post-9282","page","type-page","status-publish","has-post-thumbnail"],"_links":{"self":[{"href":"https:\/\/travelshelper.com\/pl\/wp-json\/wp\/v2\/pages\/9282","targetHints":{"allow":["GET"]}}],"collection":[{"href":"https:\/\/travelshelper.com\/pl\/wp-json\/wp\/v2\/pages"}],"about":[{"href":"https:\/\/travelshelper.com\/pl\/wp-json\/wp\/v2\/types\/page"}],"author":[{"embeddable":true,"href":"https:\/\/travelshelper.com\/pl\/wp-json\/wp\/v2\/users\/1"}],"replies":[{"embeddable":true,"href":"https:\/\/travelshelper.com\/pl\/wp-json\/wp\/v2\/comments?post=9282"}],"version-history":[{"count":0,"href":"https:\/\/travelshelper.com\/pl\/wp-json\/wp\/v2\/pages\/9282\/revisions"}],"up":[{"embeddable":true,"href":"https:\/\/travelshelper.com\/pl\/wp-json\/wp\/v2\/pages\/24084"}],"wp:featuredmedia":[{"embeddable":true,"href":"https:\/\/travelshelper.com\/pl\/wp-json\/wp\/v2\/media\/4241"}],"wp:attachment":[{"href":"https:\/\/travelshelper.com\/pl\/wp-json\/wp\/v2\/media?parent=9282"}],"curies":[{"name":"wp","href":"https:\/\/api.w.org\/{rel}","templated":true}]}}