{"id":9276,"date":"2024-09-07T20:23:27","date_gmt":"2024-09-07T20:23:27","guid":{"rendered":"https:\/\/travelshelper.com\/staging\/?page_id=9276"},"modified":"2026-03-13T15:44:11","modified_gmt":"2026-03-13T15:44:11","slug":"barakoa","status":"publish","type":"page","link":"https:\/\/travelshelper.com\/pl\/destinations\/north-america\/cuba\/baracoa\/","title":{"rendered":"Barakoa"},"content":{"rendered":"<p>Baracoa, po\u0142o\u017cona na wschodnim kra\u0144cu Kuby w prowincji Guant\u00e1namo, obejmuje oko\u0142o 977 kilometr\u00f3w kwadratowych i jest domem dla 78 056 mieszka\u0144c\u00f3w. Znajduje si\u0119 tam, gdzie \u0142agodne fale Zatoki Miodowej spotykaj\u0105 si\u0119 z zielon\u0105 barier\u0105 g\u00f3rsk\u0105, kt\u00f3ra izoluje j\u0105 od wi\u0119kszo\u015bci wyspy. Za\u0142o\u017cone 15 sierpnia 1511 r. przez konkwistadora Diego Vel\u00e1zqueza de Cu\u00e9llara, jest uwa\u017cane za pierwsz\u0105 hiszpa\u0144sk\u0105 osad\u0119 na Kubie i pierwotn\u0105 stolic\u0119 \u2014 st\u0105d jego przydomek Ciudad Primada. Pierwotna nazwa miasta, Nuestra Se\u00f1ora de la Asunci\u00f3n de Baracoa, zachowuje przeplatanie si\u0119 wiary i imperium, kt\u00f3re zaznaczy\u0142y jego genez\u0119, podczas gdy termin Taino, od kt\u00f3rego pochodzi jego nazwa, sugeruje \u201eobecno\u015b\u0107 morza\u201d. Od pierwszego kontaktu w listopadzie 1492 r. do chwili obecnej istota Baracoa krystalizuje si\u0119 w tym zjednoczeniu oceanu i g\u00f3r.<\/p>\n<p>Nawet gdy linia brzegowa zatrzyma\u0142a karawele Kolumba, otaczaj\u0105ce szczyty \u2013 w tym Sierra del Purial \u2013 utworzy\u0142y naturalny bastion, zapewniaj\u0105cy zar\u00f3wno schronienie, jak i odosobnienie. Wilgotne obj\u0119cia wilgotnych las\u00f3w kuba\u0144skich i majestatyczne stanowiska sosen kuba\u0144skich otulaj\u0105 grzbiety, gdzie jedyn\u0105 l\u0105dow\u0105 nici\u0105 \u0142\u0105cz\u0105c\u0105 wysp\u0119 jest La Farola, kr\u0119ta autostrada wyrze\u017abiona w latach 60. XX wieku. Zanim ten cud in\u017cynierii po\u0142\u0105czy\u0142 Baracoa z Guant\u00e1namo, bramy miasta le\u017ca\u0142y po stronie nawietrznej i morskiej, a handel odbywa\u0142 si\u0119 tajnymi kana\u0142ami. Od XVII wieku obce statki w\u015blizguj\u0105ce si\u0119 do zatoki handlowa\u0142y cukrem, rumem i przemycanym kakao, znajduj\u0105c schronienie pod czujnym okiem fort\u00f3w takich jak Matach\u00edn i La Punta, kt\u00f3rych kamienne mury przetrwa\u0142y, aby opowiedzie\u0107 o tych tajnych wymianach.<\/p>\n<p>Obecno\u015b\u0107 Taino, niemal wygaszona przez europejskie choroby, trwa w pami\u0119ci i micie. Hatuey, w\u00f3dz, kt\u00f3ry uciek\u0142 z Hispanioli i zmobilizowa\u0142 op\u00f3r na tym brzegu, pozostaje uwieczniony zar\u00f3wno w pos\u0105gu zdobi\u0105cym Parque Independencia, jak i w lokalnej wyobra\u017ani, kt\u00f3ra wyobra\u017ca go sobie jako buntownika przed stosem \u2014 preferuj\u0105cego ogie\u0144 piekielny od zbawienia swoich ciemi\u0119\u017cc\u00f3w. Pomnik ten g\u00f3ruje nad placem otoczonym odrestaurowan\u0105 skorup\u0105 pierwotnego ko\u015bcio\u0142a Baracoa, kt\u00f3rego mury niegdy\u015b chroni\u0142y wczesnych biskup\u00f3w, a teraz stoj\u0105 na stra\u017cy urz\u0119d\u00f3w miejskich i organizator\u00f3w wycieczek. Takie zestawienia przesz\u0142o\u015bci i tera\u017aniejszo\u015bci rozci\u0105gaj\u0105 si\u0119 na ca\u0142e stare miasto, gdzie w\u0105skie uliczki wij\u0105 si\u0119 w\u015br\u00f3d skromnych dom\u00f3w, oferuj\u0105c przeb\u0142yski kolonialnego murarstwa, kt\u00f3rego czas ani nie zatar\u0142, ani nie przywr\u00f3ci\u0142 w spos\u00f3b wspania\u0142y.<\/p>\n<p>Sam Krzysztof Kolumb uzna\u0142 t\u0119 zatok\u0119 za \u201enajpi\u0119kniejsze miejsce na \u015bwiecie\u201d, zatrzymuj\u0105c si\u0119, by wbi\u0107 w jej piaski krzy\u017c \u2014 Cruz de la Parra. Ten emblemat, wykonany z lokalnego drewna, ale nios\u0105cy ci\u0119\u017car legendy, przetrwa\u0142 w konkatedrze, gdzie jego drewniane ramiona s\u0105 eksponowane z nabo\u017cn\u0105 ciekawo\u015bci\u0105. Za ko\u015bcio\u0142em ch\u00f3r p\u0142az\u00f3w przypominaj\u0105cy coqui o zmierzchu rozbrzmiewa w sklepionej nawie, za\u0142amuj\u0105c echa dziennika pok\u0142adowego Kolumba w \u017cywe \u015bwiadectwo. Wieczorem malecon oferuje skromniejszy odpowiednik s\u0142ynnej esplanady Hawany, gdzie miejscowi opieraj\u0105 si\u0119 o kamienne balustrady, by ogl\u0105da\u0107 rybak\u00f3w wyci\u0105gaj\u0105cych sieci lub po prostu poczu\u0107 rozpryski na nieruchomym powietrzu.<\/p>\n<p>Falisty szelf rzek R\u00edo Yumuri, R\u00edo Miel, R\u00edo Duaba i R\u00edo Toa nawadnia niziny, na kt\u00f3rych pod palmami kr\u00f3lewskimi kwitnie kakao. W tym zacienionym podszyciu Theobroma cacao daje ziarna, kt\u00f3re stanowi\u0105 podstaw\u0119 g\u0142\u00f3wnego przemys\u0142u czekoladowego na Kubie. Majestatyczne posiad\u0142o\u015bci, takie jak Finca Duaba, oferuj\u0105 wycieczki, kt\u00f3re \u015bledz\u0105 drog\u0119 ziarna od kwiatu do sto\u0142u, podczas gdy przydro\u017cne kioski sprzedaj\u0105 bu\u0142ki cucurucho \u2014 s\u0142odkiej paczki startego kokosa, cukru i fragment\u00f3w tropikalnych owoc\u00f3w zawini\u0119tej w li\u015bcie palmowe. O zmierzchu zapach pra\u017conego kakao unosi si\u0119 przez w\u0105skie alejki, obiecuj\u0105c nocne odyseje kawy lub rumu z dodatkiem czekolady.<\/p>\n<p>W po\u0142owie XIX wieku emigranci z Saint-Domingue, uciekaj\u0105cy przed rewolucj\u0105, wprowadzili na wzg\u00f3rza kaw\u0119 i trzcin\u0119 cukrow\u0105. Plantatorzy ci przekazali praktyki agrole\u015bne, kt\u00f3re nadal kszta\u0142tuj\u0105 mozaik\u0119 ma\u0142ych gospodarstw i gaj\u00f3w uprawianych w cieniu. Jednocze\u015bnie izolacja regionu uczyni\u0142a z niego teatr dla bojownik\u00f3w o niepodleg\u0142o\u015b\u0107; zar\u00f3wno Antonio Maceo, jak i Jos\u00e9 Mart\u00ed postawili stop\u0119 na jego pla\u017cach, a ich tajne l\u0105dowania w\u0142\u0105czy\u0142y Baracoa do walki Kuby o suwerenno\u015b\u0107. Pomniki tych epizod\u00f3w pozostaj\u0105 dyskretne, ale pot\u0119\u017cne: skromny cenotaf pod El Castillo, odrodzony jako butikowy hotel, upami\u0119tnia patriot\u00f3w, kt\u00f3rych kroki s\u0142abo odbijaj\u0105 si\u0119 echem w jego kamieniach.<\/p>\n<p>Budowa La Farola stanowi\u0142a prze\u0142omowy moment, zmieniaj\u0105c wi\u0119zi miasta z reszt\u0105 Kuby. Przemierzaj\u0105c jedena\u015bcie most\u00f3w nad stromymi w\u0105wozami, wspinaj\u0105c si\u0119 na oko\u0142o 600 metr\u00f3w nad poziomem morza, droga uciele\u015bnia techniczn\u0105 \u015bmia\u0142o\u015b\u0107 ery rewolucyjnej. Jednak nawet dzisiaj jej zakr\u0119ty wymagaj\u0105 ostro\u017cnego tempa, nagradzaj\u0105c podr\u00f3\u017cnych panoramami dolin pokrytych chmurami i grzbiet\u00f3w rozmywaj\u0105cych si\u0119 w jadeitow\u0105 mgie\u0142k\u0119. Podr\u00f3\u017c autobusem z Santiago de Cuba trwa cztery godziny; loty z Hawany na lotnisku Gustavo Rizo skracaj\u0105 ten czas do dw\u00f3ch, jednak oba sposoby przyjazdu zachowuj\u0105 poczucie przej\u015bcia \u2014 z nizinnych r\u00f3wnin cukrowych do najbardziej odosobnionej enklawy wyspy.<\/p>\n<p>Turystyka tutaj jest kameralna z za\u0142o\u017cenia, ograniczona g\u0142\u00f3wnie do ma\u0142ych hoteli i casas particulares. Hotel Porto Santo i Villa Maguana zajmuj\u0105 dzia\u0142ki nad zatok\u0105, ich niskie fasady pomalowane s\u0105 na pastelowe odcienie, kt\u00f3re \u0142api\u0105 poranne \u015bwiat\u0142o, nie zas\u0142aniaj\u0105c widoku. Tu\u017c za parkiem z kawiarniami, Flan de Queso oferuje starannie dobran\u0105 atmosfer\u0119 dla mi\u0142o\u015bnik\u00f3w zachodu s\u0142o\u0144ca, podczas gdy Casa de la Trova t\u0119tni muzyk\u0105 son i bolero do p\u00f3\u017anych godzin nocnych. Wieczory mog\u0105 przyci\u0105gn\u0105\u0107 ciekawskich go\u015bci do klubu nocnego po\u0142o\u017conego sto krok\u00f3w nad miastem, gdzie koktajle rumowe i miksery coli u\u0142atwiaj\u0105 przej\u015bcie do ta\u0144ca pod sznurami go\u0142ych \u017car\u00f3wek.<\/p>\n<p>Naturalny obraz wykracza poza jadalne przysmaki. El Yunque, g\u00f3ra sto\u0142owa wznosz\u0105ca si\u0119 na 575 metr\u00f3w, wznosi si\u0119 dziesi\u0119\u0107 kilometr\u00f3w na zach\u00f3d, a jej szczyt jest dost\u0119pny tylko podczas trekkingu z przewodnikiem przez gobelin endemicznych paproci i palm. Ta wspinaczka, zaczynaj\u0105ca si\u0119 w dost\u0119pnym tylko dla Kuba\u0144czyk\u00f3w campismo, wymaga zar\u00f3wno wytrzyma\u0142o\u015bci, jak i pokory, a jednocze\u015bnie zapewnia 360-stopniowy przegl\u0105d wschodniego kra\u0144ca Karaib\u00f3w. Na p\u00f3\u0142nocy Park Narodowy Alejandro de Humboldt kusi jeszcze bogatsz\u0105 bior\u00f3\u017cnorodno\u015bci\u0105, gdzie \u015blimaki polymita i male\u0144kie \u017caby le\u015bne dziel\u0105 przestrze\u0144 z rozleg\u0142ymi storczykami i drzewami o pierzastych pi\u00f3rach mr\u00f3wek. Drogi dojazdowe s\u0105 w\u0105skie jak w przesz\u0142o\u015bci, ale cena wynaj\u0119tego stra\u017cnika lub zorganizowanej wycieczki grupowej przynosi dywidendy w postaci niesfiltrowanej dziczy.<\/p>\n<p>Wodospady \u015bwiadcz\u0105 o obfito\u015bci hydrologicznej regionu. R\u00edo Toa jest gospodarzem \u201eel Saltadero\u201d, 17-metrowej kurtyny wody zabarwionej na kolor jadeitu, kt\u00f3ra wpada do otoczonego palmami basenu. Dalej w g\u00f3r\u0119 rzeki Arroyo del Infierno spada w Salto Fino, 305-metrowym spadku, uznanym za najwy\u017cszy wodospad na Karaibach i zaliczanym do dwudziestu najlepszych zje\u017cd\u017calni wodnych na \u015bwiecie. Wycieczki \u0142odzi\u0105 wzd\u0142u\u017c doliny Yumuri pozwalaj\u0105 dostrzec wiejskie osady i plantacje kakao, a pikniki nad rzek\u0105 mog\u0105 zako\u0144czy\u0107 si\u0119 k\u0105piel\u0105 w zatoczkach z czarnym piaskiem, takich jak Playa de Miel, gdzie linia brzegowa wije si\u0119 pod czujn\u0105 sylwetk\u0105 El Yunque.<\/p>\n<p>Kontury demograficzne odzwierciedlaj\u0105 s\u0142abo zaludniony teren. Z oko\u0142o osiemdziesi\u0119cioma mieszka\u0144cami na kilometr kwadratowy Baracoa zachowuje wiejski rytm, kt\u00f3ry ostro kontrastuje z o\u015brodkami miejskimi. Liczne wioski \u2014 Nibuj\u00f3n, Boca de Yumur\u00ed, Sabanilla, Jaragua \u2014 rozsiane s\u0105 po g\u0142\u0119bi l\u0105du, a ich skupiska dom\u00f3w s\u0105 po\u0142\u0105czone drogami gruntowymi i wzmocnione ko\u015bcio\u0142ami spo\u0142eczno\u015bci. Pod drzewami tamaryndowca pojawiaj\u0105 si\u0119 sezonowe targi, na kt\u00f3rych mieszka\u0144cy wsi wymieniaj\u0105 si\u0119 bananami, workami kawy i r\u0119cznie robionymi kapeluszami z li\u015bci palmowych. W tych wymianach wi\u0119\u017a mi\u0119dzy ziemi\u0105 a \u015brodkami do \u017cycia pozostaje namacalna, nieska\u017cona homogenizuj\u0105cymi pr\u0105dami masowej turystyki.<\/p>\n<p>Arterie transportowe gminy kulminuj\u0105 w Carretera Central, kr\u0119gos\u0142upie wyspy rozci\u0105gaj\u0105cym si\u0119 na 1435 kilometr\u00f3w od Baracoa do Pinar del R\u00edo. Ci\u0119\u017car\u00f3wki przewo\u017c\u0105ce banany, kokosy i kakao przeje\u017cd\u017caj\u0105 obok przydro\u017cnych sza\u0142as\u00f3w, podczas gdy campesinos pas\u0105 kozy pod przesuwaj\u0105cymi si\u0119 cieniami chmur. W nocy pobocza autostrady wype\u0142niaj\u0105 si\u0119 reflektorami, kre\u015bl\u0105c \u015bwietlist\u0105 ni\u0107, kt\u00f3ra potwierdza trwa\u0142e powi\u0105zania Baracoa z szersz\u0105 narracj\u0105 Kuby.<\/p>\n<p>Architektura religijna i pozosta\u0142o\u015bci wojskowe przeplataj\u0105 si\u0119 w ca\u0142ym miejskim centrum. Konkatedra Nuestra Se\u00f1ora de la Asunci\u00f3n kryje czczone pozosta\u0142o\u015bci kolczyk\u00f3w Cruz de la Parra \u2014 szczeg\u00f3\u0142, kt\u00f3ry zdradza z\u0142o\u017con\u0105 histori\u0119 krzy\u017ca i zach\u0119ca do refleksji nad oparciem legendy w zbiorowej pami\u0119ci. Fort Matach\u00edn, przekszta\u0142cony w muzeum miejskie, mie\u015bci hiszpa\u0144sko-kolonialne relikwie i artefakty marynarki wojennej, podczas gdy Fuerte La Punta mie\u015bci teraz restauracj\u0119, kt\u00f3rej stoliki wychodz\u0105 na spokojn\u0105 zatoczk\u0119. Dalej, El Castillo \u2014 odrodzony jako Hotel El Castillo \u2014 wznosi si\u0119 na szczycie stromego zbocza, a jego bastiony oferuj\u0105 panoramiczne widoki, kt\u00f3re \u0142\u0105cz\u0105 strategiczny punkt obserwacyjny z poetyck\u0105 spokojno\u015bci\u0105.<\/p>\n<p>Pla\u017ce o kontrastowym charakterze obrze\u017caj\u0105 Baracoa. Na p\u00f3\u0142nocy Playa Duaba i Playa Maguana wycofuj\u0105 si\u0119 do odosobnionych zatoczek, gdzie akwamarynowa przestrze\u0144 Karaib\u00f3w ociera si\u0119 o blade piaski, a samotna restauracja serwuje \u015bwie\u017cy po\u0142\u00f3w dnia. Na po\u0142udniowym wschodzie Playa Blanca rozci\u0105ga si\u0119 na dwana\u015bcie kilometr\u00f3w bici-taxi \u2014 bia\u0142e piaski przeplatane cieniami palm \u2014 zapewniaj\u0105c cich\u0105 wytchnienie od skromnego zgie\u0142ku miasta. W Playa de Miel czarne ziarna wulkaniczne dodaj\u0105 dramatyzmu linii brzegowej, ich odcie\u0144 nasila si\u0119 o wschodzie s\u0142o\u0144ca pod niebem z\u0142oconym obietnic\u0105.<\/p>\n<p>Lokalna gastronomia honoruje zar\u00f3wno dziedzictwo, jak i zbiory. Cucurucho wy\u0142ania si\u0119 jako symbol pomys\u0142owo\u015bci, jego szyszka z li\u015bci palmowych zamykaj\u0105ca s\u0142odki kokos po\u0142\u0105czony z kawa\u0142kami guawy i ananasa, ka\u017cdy k\u0119s to mozaika tropikalnego rezonansu. Bac\u00e1n, wi\u0105zka mi\u0105\u017cszu banana gotowanego na parze we w\u0142asnych li\u015bciach, oferuje skrobiowy kontrapunkt dla churros\u00f3w wype\u0142nionych czekolad\u0105, podczas gdy fili\u017canki gor\u0105cego kakao destylowanego z regionalnie uprawianych ziaren podkre\u015blaj\u0105 po\u0142udniowe targi. Ta linia kakao \u2014 niesiona przez rzeki, zacieniona przez palmy, przeplatana ludzk\u0105 trosk\u0105 \u2014 nasyca ka\u017cdy \u0142yk geologiczn\u0105 i kulturow\u0105 g\u0142\u0119bi\u0105.<\/p>\n<p>Dla tych, kt\u00f3rzy zostaj\u0105 d\u0142u\u017cej ni\u017c \u015bwit, Casa de la Flana budzi si\u0119 do \u017cycia przy d\u017awi\u0119kach tradycyjnej gitary i tres, prowadz\u0105c go\u015bci przez son patrones pod baldachimem d\u0119b\u00f3w. O zmroku na stadionie w Playa de Miel odbywaj\u0105 si\u0119 mecze baseballowe, a gracze kre\u015bl\u0105 piaszczyste linie bazowe w echach narodowego oddania. Takie chwile, ma\u0142e, ale dono\u015bne, oddaj\u0105 istot\u0119 Baracoa: miejsca, w kt\u00f3rym czas p\u0142ynie zgodnie z g\u00f3rskimi strumieniami i palmami w cieniu kawowc\u00f3w, gdzie historia dryfuje przez ulice z koralowymi liniami, a odleg\u0142e wodospady wzywaj\u0105 ciekawskich do przodu.<\/p>\n<p>W Baracoa przesz\u0142o\u015b\u0107 pozostaje \u017cywym nurtem, wzbieraj\u0105c przez place i plantacje, przez kamienne forty i zacienione doki. To miejsce, w kt\u00f3rym geografia dyktuje zar\u00f3wno izolacj\u0119, jak i zaproszenie, gdzie przybywaj\u0105 obcy, ch\u0119tni, by spr\u00f3bowa\u0107 czekolady u jej \u017ar\u00f3d\u0142a, by wspi\u0105\u0107 si\u0119 na staro\u017cytne szczyty, by s\u0142ucha\u0107 o zmierzchu \u017cab, o kt\u00f3rych Kolumb s\u0105dzi\u0142, \u017ce nigdy nie opuszcz\u0105. Tutaj najbardziej wysuni\u0119ty na wsch\u00f3d kuba\u0144ski horyzont \u015bwiata rozwija si\u0119 warstwami zieleni i b\u0142\u0119kitu, a ka\u017cdy widok jest \u015bwiadectwem subtelnej gry morza, nieba i g\u00f3r, kt\u00f3ra kszta\u0142towa\u0142a to Ciudad Primada przez ponad pi\u0119\u0107 stuleci.<\/p>","protected":false},"excerpt":{"rendered":"<p>Oficjalnie Nuestra Se\u00f1ora de la Asunci\u00f3n de Baracoa, Baracoa jest gmin\u0105 i miastem w prowincji Guant\u00e1namo, blisko wschodniego kra\u0144ca Kuby. Znane jako \u201eCiudad Primada\u201d lub \u201ePierwsze Miasto\u201d, jest wa\u017cnym miejscem w historii Kuby, poniewa\u017c by\u0142o pierwsz\u0105 stolic\u0105 i najwcze\u015bniejszym hiszpa\u0144skim miastem na wyspie. Admira\u0142 Krzysztof Kolumb odwiedzi\u0142 miasto 27 listopada 1492 r. podczas swojej pierwszej wyprawy do Nowego \u015awiata. P\u00f3\u017aniej, 15 sierpnia 1511 r., stworzy\u0142 je Diego Vel\u00e1zquez de Cu\u00e9llar, hiszpa\u0144ski awanturnik. Odzwierciedlaj\u0105c jego nadmorskie po\u0142o\u017cenie, m\u00f3wi si\u0119, \u017ce nazwa \u201eBaracoa\u201d pochodzi z rdzennego j\u0119zyka Arauaca, oznaczaj\u0105cego \u201eobecno\u015b\u0107 morza\u201d.<\/p>","protected":false},"author":1,"featured_media":2732,"parent":9209,"menu_order":0,"comment_status":"closed","ping_status":"closed","template":"elementor_theme","meta":{"_eb_attr":"","footnotes":""},"class_list":["post-9276","page","type-page","status-publish","has-post-thumbnail"],"_links":{"self":[{"href":"https:\/\/travelshelper.com\/pl\/wp-json\/wp\/v2\/pages\/9276","targetHints":{"allow":["GET"]}}],"collection":[{"href":"https:\/\/travelshelper.com\/pl\/wp-json\/wp\/v2\/pages"}],"about":[{"href":"https:\/\/travelshelper.com\/pl\/wp-json\/wp\/v2\/types\/page"}],"author":[{"embeddable":true,"href":"https:\/\/travelshelper.com\/pl\/wp-json\/wp\/v2\/users\/1"}],"replies":[{"embeddable":true,"href":"https:\/\/travelshelper.com\/pl\/wp-json\/wp\/v2\/comments?post=9276"}],"version-history":[{"count":0,"href":"https:\/\/travelshelper.com\/pl\/wp-json\/wp\/v2\/pages\/9276\/revisions"}],"up":[{"embeddable":true,"href":"https:\/\/travelshelper.com\/pl\/wp-json\/wp\/v2\/pages\/9209"}],"wp:featuredmedia":[{"embeddable":true,"href":"https:\/\/travelshelper.com\/pl\/wp-json\/wp\/v2\/media\/2732"}],"wp:attachment":[{"href":"https:\/\/travelshelper.com\/pl\/wp-json\/wp\/v2\/media?parent=9276"}],"curies":[{"name":"wp","href":"https:\/\/api.w.org\/{rel}","templated":true}]}}