{"id":9251,"date":"2024-09-07T19:45:12","date_gmt":"2024-09-07T19:45:12","guid":{"rendered":"https:\/\/travelshelper.com\/staging\/?page_id=9251"},"modified":"2026-03-13T15:26:03","modified_gmt":"2026-03-13T15:26:03","slug":"santiago-de-cuba","status":"publish","type":"page","link":"https:\/\/travelshelper.com\/pl\/destinations\/north-america\/cuba\/santiago-de-cuba\/","title":{"rendered":"Santiago de Cuba"},"content":{"rendered":"<p>Santiago de Cuba jest drugim co do wielko\u015bci i znaczenia miastem Kuby, jego granice miejskie rozci\u0105gaj\u0105 si\u0119 na ponad 1023,8 km\u00b2 i obejmuj\u0105 ponad p\u00f3\u0142 miliona mieszka\u0144c\u00f3w. Po\u0142o\u017cone oko\u0142o 870 kilometr\u00f3w na po\u0142udniowy wsch\u00f3d od Hawany, nad szerok\u0105 zatok\u0105 otwieraj\u0105c\u0105 si\u0119 na Morze Karaibskie, jest stolic\u0105 prowincji Santiago de Cuba. Jego populacja licz\u0105ca 507 167 dusz nadaje mu miejsk\u0105 witalno\u015b\u0107, zar\u00f3wno historyczn\u0105, jak i dynamiczn\u0105. Pozostaje g\u0142\u00f3wnym wschodnim portem wyspy. Z\u0142o\u017cony teren miasta schodzi od Sierra Maestra do nadmorskich ulic.<\/p>\n<p>W dniu za\u0142o\u017cenia 25 lipca 1515 r. Santiago de Cuba sta\u0142o si\u0119 si\u00f3dm\u0105 osad\u0105 za\u0142o\u017con\u0105 przez Diego Vel\u00e1zqueza de Cu\u00e9llara. W ci\u0105gu roku po\u017car zamieni\u0142 drewnian\u0105 wiosk\u0119 w popi\u00f3\u0142, jednak odbudowa rozpocz\u0119\u0142a si\u0119 natychmiast, nadaj\u0105c jej odporno\u015b\u0107, kt\u00f3ra mia\u0142a zdefiniowa\u0107 jej charakter na wieki. Z tej rodz\u0105cej si\u0119 plac\u00f3wki wyrusza\u0142y podr\u00f3\u017ce pod sztandarami Juana de Grijalby i Hern\u00e1na Cort\u00e9sa w stron\u0119 wybrze\u017cy Meksyku, a w 1538 r. Hernando de Soto zorganizowa\u0142 wypraw\u0119 na Floryd\u0119. W 1528 r. miasto szczyci\u0142o si\u0119 swoj\u0105 pierwsz\u0105 katedr\u0105, ko\u015bcielnym \u015bwiadectwem jego rozwijaj\u0105cej si\u0119 kolonialnej rangi. W latach 1522\u20131589 nosi\u0142o tytu\u0142 stolicy hiszpa\u0144skiej kolonii na Kubie, status ten ust\u0119powa\u0142 rozwojowi Hawany, ale pozostawi\u0142 niezatarty \u015blad na jej miejskiej morfologii.<\/p>\n<p>Zatoka, nad kt\u00f3r\u0105 rozci\u0105ga si\u0119 Santiago de Cuba, uczyni\u0142a je po\u017c\u0105danym \u0142upem dla europejskich marynarek wojennych. Francuscy korsarze spl\u0105drowali jego magazyny w 1553 r., zaledwie trzy pokolenia po jego za\u0142o\u017ceniu, a angielscy maruderzy powt\u00f3rzyli atak w 1603 r. Najazd Christophera Myngsa w 1662 r. spowodowa\u0142 dalsze zniszczenia, jednak ka\u017cdy najazd by\u0142 \u015bwiadectwem zdolno\u015bci miasta do odnowy. Z czasem zniszczone mury obronne ust\u0105pi\u0142y miejsca ufortyfikowanym cytadelom. Imponuj\u0105cy Castillo de San Pedro de la Roca, zainspirowany renesansowym projektem wojskowym, przetrwa\u0142 jako najbardziej kompletna hiszpa\u0144sko-ameryka\u0144ska forteca tego rodzaju i obecnie l\u015bni jako obiekt \u015bwiatowego dziedzictwa UNESCO.<\/p>\n<p>Kontury populacji Santiago zmieni\u0142y si\u0119 wyra\u017anie pod koniec XVIII i na pocz\u0105tku XIX wieku. Fale imigrant\u00f3w z Saint-Domingue \u2014 etniczni Francuzi, wolni ludzie kolorowi i wyzwoleni m\u0119\u017cczy\u017ani z Afryki \u2014 wyl\u0105dowa\u0142y w 1803 roku, gdy kolonialne zamieszki na Haiti osi\u0105gn\u0119\u0142y sw\u00f3j punkt kulminacyjny. Chocia\u017c Kuba podtrzymywa\u0142a w\u00f3wczas wi\u0119zy niewolnictwa, ewoluuj\u0105ca polityka kolonialna zezwala\u0142a na wyokr\u0119towanie tylko bia\u0142ym uchod\u017acom, kobietom kolorowym, dzieciom i lojalnym s\u0142ugom, odsy\u0142aj\u0105c m\u0119\u017cczyzn kolorowych po trzynastu latach do aresztu na morzu i natychmiastowej deportacji. Niekt\u00f3rzy francuscy \u017co\u0142nierze wycofali si\u0119 do Charleston lub Nowego Orleanu, jednak ci, kt\u00f3rzy pozostali, wzbogacili kulturow\u0105 mozaik\u0119 Santiago, \u0142\u0105cz\u0105c pr\u0105dy iberyjskie, afryka\u0144skie i francuskie w eklektyczn\u0105 ca\u0142o\u015b\u0107.<\/p>\n<p>Po tym, jak wojska Napoleona przekroczy\u0142y Pireneje w 1809 r., edykt wydali\u0142 obywateli francuskich z Kuby, zmuszaj\u0105c wielu do przeniesienia si\u0119 do Nowego Orleanu, gdzie ich tradycje artystyczne i kulinarne miesza\u0142y si\u0119 z lokalnymi zwyczajami. Niemniej jednak w Santiago de Cuba dziedzictwo tej kr\u00f3tkiej epoki uchod\u017ac\u00f3w przetrwa\u0142o w dialektach kreolskich, architektonicznych rozkwitach i przyj\u0119ciu form muzycznych rezonuj\u0105cych zar\u00f3wno z afryka\u0144skimi rytmami, jak i galijskim refrenem. Dla dzieci i kobiet zmuszonych do niewolnictwa na nowo pami\u0119\u0107 o wolno\u015bci przetrwa\u0142a w tajnych spotkaniach i stonowanych rytua\u0142ach, kt\u00f3re p\u00f3\u017aniej mia\u0142y nakarmi\u0107 charakterystyczn\u0105 dla miasta rado\u015b\u0107 \u015bpiewu i ta\u0144ca.<\/p>\n<p>Obl\u0119\u017cenie Santiago w wojnie ameryka\u0144sko-hiszpa\u0144skiej oznacza\u0142o kolejny prze\u0142omowy rozdzia\u0142 1 lipca 1898 r. na wzg\u00f3rzu San Juan, gdzie si\u0142y Stan\u00f3w Zjednoczonych rozgromi\u0142y bataliony hiszpa\u0144skie. Okr\u0105\u017cenie genera\u0142a Williama Rufusa Shaftera uwi\u0119zi\u0142o miasto, podczas gdy admira\u0142 William T. Sampson rozbi\u0142 hiszpa\u0144sk\u0105 flot\u0119 atlantyck\u0105 w porcie dwa dni p\u00f3\u017aniej. Chocia\u017c Kuba og\u0142osi\u0142a swoj\u0105 niepodleg\u0142o\u015b\u0107, wojska ameryka\u0144skie pozosta\u0142y tam przez kilka lat, a ich d\u0142ugotrwa\u0142a obecno\u015b\u0107 zapewnia\u0142a ci\u0105g\u0142o\u015b\u0107 gospodarki cukrowej. Echa strzelaniny ucich\u0142y, ale gmach suwerenno\u015bci Kuby sta\u0142 przekszta\u0142cony pod nowymi ambicjami imperialnymi.<\/p>\n<p>Cmentarz Santa Ifigenia zapewnia wieczny odpoczynek Jos\u00e9 Mart\u00ed, poecie i patriocie, kt\u00f3rego pisma skrystalizowa\u0142y marzenie o niepodleg\u0142ej republice. Jego mauzoleum, surowy pomnik z kamienia i marmuru, przyci\u0105ga pielgrzym\u00f3w czcz\u0105cych jego wizj\u0119 narodu zwi\u0105zanego sprawiedliwo\u015bci\u0105. W pobli\u017cu le\u017c\u0105 prochy Franka Pa\u00edsa, tajnego przyw\u00f3dcy z Santiago, kt\u00f3rego miejskie kom\u00f3rki zmobilizowa\u0142y m\u0142odych Kuba\u0144czyk\u00f3w przeciwko re\u017cimowi Batisty. Kiedy 26 lipca 1953 r. oddzia\u0142 rebeliant\u00f3w Fidela Castro uderzy\u0142 w koszary Moncada, Pa\u00eds zmobilizowa\u0142 \u017cyczliwych student\u00f3w i robotnik\u00f3w, wplataj\u0105c podziemne biuletyny i sk\u0142ady broni w op\u00f3r, kt\u00f3ry okaza\u0142 si\u0119 decyduj\u0105cy. Zdradzony i zabity w 1957 r., sta\u0142 si\u0119 m\u0119czennikiem, kt\u00f3rego poch\u00f3wek obok Mart\u00edego podkre\u015bli\u0142 rol\u0119 miasta jako tygla rewolucji.<\/p>\n<p>O \u015bwicie 1 stycznia 1959 roku Castro og\u0142osi\u0142 triumf z balkonu ratusza w Santiago, a jego g\u0142os rozbrzmia\u0142 echem na ulicach, na kt\u00f3rych sta\u0142y barykady i fortele. Teatro Heredia jest zabytkiem kultury, a jego fasad\u0119 zdobi mural przedstawiaj\u0105cy Juana Almeid\u0119 Bosque, kt\u00f3rego dow\u00f3dztwo partyzanckie w prowincji Oriente odegra\u0142o kluczow\u0105 rol\u0119 w powstaniu. Teatr nadal wystawia spektakle dramatyczne i muzyczne, a ka\u017cdy sezon potwierdza to\u017csamo\u015b\u0107 Santiago jako artystycznego serca Kuby.<\/p>\n<p>Duchy Jos\u00e9 Mar\u00edi Heredii, poety transcendentnego wiersza z czas\u00f3w przed wojn\u0105 secesyjn\u0105, unosz\u0105 si\u0119 nad liryczn\u0105 dusz\u0105 miasta. Urodzony pod tropikalnym s\u0142o\u0144cem, jego wczesne ody do wolno\u015bci antycypowa\u0142y w\u0142asn\u0105 dialektyk\u0119 wolno\u015bci Mart\u00edego. Tytu\u0142owy Teatro Heredia upami\u0119tnia t\u0119 lini\u0119, a jego scena jest platform\u0105 dla nowych g\u0142os\u00f3w czerpi\u0105cych z wiek\u00f3w narracji Santiago.<\/p>\n<p>Facundo Bacardi Masso za\u0142o\u017cy\u0142 mark\u0119, kt\u00f3ra sta\u0142a si\u0119 synonimem rumu w 1862 roku, tutaj, na nabrze\u017cu miasta. Oryginalna gorzelnia mie\u015bci obecnie muzeum, w kt\u00f3rym odwiedzaj\u0105cy mog\u0105 zapozna\u0107 si\u0119 z kolekcj\u0105 sztuki rodziny i prze\u015bledzi\u0107 ewolucj\u0119 Bacardi od rzemios\u0142a na ma\u0142\u0105 skal\u0119 do globalnego przedsi\u0119biorstwa. Kryszta\u0142owe karafki i miedziane alembiki stoj\u0105 po\u015br\u00f3d p\u0142\u00f3cien i rze\u017ab, \u0142\u0105cz\u0105c libacj\u0119 i wyrafinowanie, co jest unikalne dla gospodarki kulturalnej Santiago.<\/p>\n<p>Muzyka p\u0142ynie ulicami Santiago jak krew \u017cyciowa. Dom Compaya Segundo, Ibrahima Ferrera, Eliadesa Ochoa i \u00d1ico Saquito, przekaza\u0142 \u015bwiatu syna, gatunek, z kt\u00f3rego narodzi\u0142a si\u0119 salsa. B\u0119bny conga i porcelana trompeta \u2014 pentatoniczny g\u0142os d\u0119ty \u2014 zapowiadaj\u0105 karnawa\u0142 ka\u017cdego lipca, poprzedzaj\u0105c Wielki Post rytmami, kt\u00f3re zmuszaj\u0105 do zbiorowej celebracji. To w\u0142a\u015bnie podczas karnawa\u0142owych hucznych zabaw Castro prze\u015blizgn\u0105\u0142 si\u0119 przez bramy miasta, by stawi\u0107 czo\u0142a Moncada, a b\u0119bny zamaskowa\u0142y jego podej\u015bcie. Tradycja karnawa\u0142u w mie\u015bcie przeplata wi\u0119c \u015bwi\u0119towanie z rewolucj\u0105, pami\u0119\u0107 z biciem serca.<\/p>\n<p>Santer\u00eda znajduje silne poparcie w Santiago, gdzie b\u00f3stwa Jorub\u00f3w s\u0105 wzywane w sanktuariach pod winoro\u015blami bugenwilli. Obrz\u0119dy vod\u00fan \u2014 \u015blady dziedzictwa haita\u0144skiego \u2014 trwaj\u0105 w synkretycznych ceremoniach \u0142\u0105cz\u0105cych zachodnioafryka\u0144sk\u0105 i katolick\u0105 ikonografi\u0119. Na skromnych dziedzi\u0144cach wyznawcy ofiarowuj\u0105 kwiaty i kandyzowane owoce Oricha, a ich modlitwy s\u0105 niesione wysoko przez palmy, kt\u00f3re szeleszcz\u0105 jak szeptane zwierzenia. Religijna tkanka tutaj dopuszcza wielo\u015b\u0107, tolerancj\u0119 zrodzon\u0105 z kolonialnego nawarstwiania i nap\u0142ywu imigrant\u00f3w.<\/p>\n<p>Architektura miasta prezentuje galeri\u0119 epok: barokowe ko\u015bcio\u0142y oprawiaj\u0105ce w\u0105skie alejki, neoklasycystyczne portyki os\u0142aniaj\u0105ce zacienione place i pastelowe fasady przerywane balkonami z kutego \u017celaza. Dr\u017c\u0105ce na stromych zboczach balkony te oferuj\u0105 widoki na terakotowe dachy i zalesione wzg\u00f3rza \u2014 wsp\u00f3\u0142granie formy budowlanej i zieleni Sierra Maestra. W jego granicach znajduj\u0105 si\u0119 relikty najwcze\u015bniejszych budowli Hiszpanii w Ameryce: pierwsza katedra na Kubie i miejsce wydobycia w El Cobre, gdzie mied\u017a zosta\u0142a po raz pierwszy wydobyta w Nowym \u015awiecie.<\/p>\n<p>Wst\u0119ga autostrady \u2014 Carretera Central \u2014 biegnie przez arterie miasta, wkr\u00f3tce \u0142\u0105cz\u0105c Hawan\u0119 z Santiago przez po\u0142udniowy odcinek autostrady A1. Lotnisko Antonio Maceo, nazwane na cze\u015b\u0107 genera\u0142a-powsta\u0144ca, \u0142\u0105czy loty z Hawany do Port-au-Prince i Santo Domingo, obok przewo\u017anik\u00f3w obs\u0142uguj\u0105cych Ameryk\u0119 P\u00f3\u0142nocn\u0105 i Karaiby. W obr\u0119bie dzielnic miejskich Metrobus przewozi pasa\u017cer\u00f3w na trasach nie d\u0142u\u017cszych ni\u017c dwadzie\u015bcia kilometr\u00f3w, podczas gdy Omnibus Metropolitanos rozszerza us\u0142ugi na miasta satelickie oddalone o czterdzie\u015bci kilometr\u00f3w.<\/p>\n<p>Szyny Ferrocarriles de Cuba zbiegaj\u0105 si\u0119 na stacji General Sen\u00e9n Casas, nowoczesnej przebudowie uko\u0144czonej w 1997 r. w s\u0105siedztwie portu. St\u0105d poci\u0105gi przemierzaj\u0105 wysp\u0119 w kierunku Centralnego Dworca Kolejowego w Hawanie, a ich stalowe ko\u0142a przewo\u017c\u0105 zar\u00f3wno \u0142adunki, jak i oczekiwania przez zielone prowincje. Autobusy mi\u0119dzymiastowe ASTRO uzupe\u0142niaj\u0105 t\u0119 sie\u0107, przecinaj\u0105c autostrady z regularnymi kursami.<\/p>\n<p>Park Baconao, uznany za rezerwat biosfery UNESCO w 1987 r., rozci\u0105ga si\u0119 na wsch\u00f3d od miasta jako mozaika przybrze\u017cnych lagun, las\u00f3w tropikalnych i g\u00f3rzystego terenu. W jego gajach i ogrodach endemiczne odg\u0142osy ptak\u00f3w zwiastuj\u0105 \u015bwit, podczas gdy s\u0142odkowodne \u017ar\u00f3d\u0142a bulgocz\u0105 z antyczn\u0105 wytrwa\u0142o\u015bci\u0105. Napis w parku uznaje r\u00f3wnowag\u0119 mi\u0119dzy dzia\u0142alno\u015bci\u0105 cz\u0142owieka a systemami naturalnymi \u2014 r\u00f3wnowag\u0119 odzwierciedlon\u0105 w rytmach samego Santiago, gdzie miejska intensywno\u015b\u0107 i bujne krajobrazy wsp\u00f3\u0142istniej\u0105.<\/p>\n<p>Klimat w Santiago de Cuba jest zgodny z tropikalnym wzorem sawanny, panuje tam wilgotne ciep\u0142o bez wyra\u017anych p\u00f3r deszczowych lub suchych. Pasaty znad Karaib\u00f3w \u0142agodz\u0105 wilgo\u0107, ale deszcze mog\u0105 nadej\u015b\u0107 z niewielkim ostrze\u017ceniem, chrzcz\u0105c miasto nag\u0142ymi zrywami, zanim s\u0142o\u0144ce zn\u00f3w si\u0119 ujawni. Ulice l\u015bni\u0105 pod r\u00f3wnikowymi s\u0142o\u0144cami; noce zas\u0142aniaj\u0105 aksamitn\u0105 kurtyn\u0119 gwiazd, kt\u00f3rych dalekie migotanie odbija si\u0119 w ciemnych wodach zatoki.<\/p>\n<p>Od najwcze\u015bniejszych mur\u00f3w kolonialnych po rytmy b\u0119bn\u00f3w karnawa\u0142u, Santiago de Cuba rozwija si\u0119 jako palimpsest historii i kultur. Nosi pi\u0119tno hiszpa\u0144skiego podboju i odcisk afryka\u0144skich i francuskich przybysz\u00f3w, rewolucyjnego zapa\u0142u i artystycznego triumfu. \u200b\u200bJego wzg\u00f3rza i ulice, place i porty skrywaj\u0105 historie, kt\u00f3re rozbrzmiewaj\u0105 w d\u017awi\u0119ku, rumie i poezji. W ka\u017cdym miedzianym dachu i zacienionej galerii miasto potwierdza to\u017csamo\u015b\u0107 jednocze\u015bnie staro\u017cytn\u0105 i wiecznie odnawiaj\u0105c\u0105 si\u0119 \u2014 \u015bwiadectwo wytrwa\u0142o\u015bci miejsca i ludzi.<\/p>","protected":false},"excerpt":{"rendered":"<p>Santiago de Cuba, po\u0142o\u017cone w po\u0142udniowo-wschodniej cz\u0119\u015bci wyspy, jest drugim co do wielko\u015bci miastem na Kubie i pe\u0142ni funkcj\u0119 stolicy prowincji Santiago de Cuba. Od dawna b\u0119d\u0105ce filarem kuba\u0144skiej historii i kultury, miasto to znajduje si\u0119 oko\u0142o 870 kilometr\u00f3w (540 mil) na po\u0142udniowy wsch\u00f3d od Hawany. Ukryte mi\u0119dzy Morzem Karaibskim a g\u00f3rami Sierra Maestra, Santiago de Cuba jest miastem, kt\u00f3re celebruje swoj\u0105 bogat\u0105 mozaik\u0119 historycznego znaczenia, r\u00f3\u017cnorodno\u015bci etnicznej i naturalnego pi\u0119kna.<\/p>","protected":false},"author":1,"featured_media":3597,"parent":9209,"menu_order":0,"comment_status":"closed","ping_status":"closed","template":"elementor_theme","meta":{"_eb_attr":"","footnotes":""},"class_list":["post-9251","page","type-page","status-publish","has-post-thumbnail"],"_links":{"self":[{"href":"https:\/\/travelshelper.com\/pl\/wp-json\/wp\/v2\/pages\/9251","targetHints":{"allow":["GET"]}}],"collection":[{"href":"https:\/\/travelshelper.com\/pl\/wp-json\/wp\/v2\/pages"}],"about":[{"href":"https:\/\/travelshelper.com\/pl\/wp-json\/wp\/v2\/types\/page"}],"author":[{"embeddable":true,"href":"https:\/\/travelshelper.com\/pl\/wp-json\/wp\/v2\/users\/1"}],"replies":[{"embeddable":true,"href":"https:\/\/travelshelper.com\/pl\/wp-json\/wp\/v2\/comments?post=9251"}],"version-history":[{"count":0,"href":"https:\/\/travelshelper.com\/pl\/wp-json\/wp\/v2\/pages\/9251\/revisions"}],"up":[{"embeddable":true,"href":"https:\/\/travelshelper.com\/pl\/wp-json\/wp\/v2\/pages\/9209"}],"wp:featuredmedia":[{"embeddable":true,"href":"https:\/\/travelshelper.com\/pl\/wp-json\/wp\/v2\/media\/3597"}],"wp:attachment":[{"href":"https:\/\/travelshelper.com\/pl\/wp-json\/wp\/v2\/media?parent=9251"}],"curies":[{"name":"wp","href":"https:\/\/api.w.org\/{rel}","templated":true}]}}