{"id":9165,"date":"2024-09-07T15:39:47","date_gmt":"2024-09-07T15:39:47","guid":{"rendered":"https:\/\/travelshelper.com\/staging\/?page_id=9165"},"modified":"2026-03-13T16:03:17","modified_gmt":"2026-03-13T16:03:17","slug":"san-krystobal","status":"publish","type":"page","link":"https:\/\/travelshelper.com\/pl\/destinations\/north-america\/dominican-republic\/san-cristobal\/","title":{"rendered":"San Krystobal"},"content":{"rendered":"<p>San Crist\u00f3bal, po\u0142o\u017cone w po\u0142udniowych kra\u0144cach Dominikany, zajmuje \u017cyzn\u0105 dolin\u0119 u st\u00f3p Kordyliery Centralnej, usadowione mi\u0119dzy kr\u0119tymi biegami rzek Nigua i Nizao, oko\u0142o trzydziestu kilometr\u00f3w na zach\u00f3d wzd\u0142u\u017c DR\u20112 od stolicy kraju. Jako stolica prowincji o tej samej nazwie, przewodniczy jedynemu podleg\u0142emu dystryktowi Hato Damas. Jego tropikalny klimat monsunowy, charakteryzuj\u0105cy si\u0119 ca\u0142orocznym ciep\u0142em i ulewnymi deszczami od maja do listopada, kszta\u0142tuje zar\u00f3wno rytmy codziennego \u017cycia, jak i kontury jego zielonego, falistego terenu.<\/p>\n<p>Od najwcze\u015bniejszych dni San Crist\u00f3bal by\u0142o \u015bwiadkiem epok transformacji. Druga podr\u00f3\u017c Krzysztofa Kolumba w 1493 r. skierowa\u0142a europejskie oczy na te zbocza, a w nast\u0119pnym stuleciu rancza i haciendy cukrowe zacz\u0119\u0142y si\u0119 mno\u017cy\u0107 wzd\u0142u\u017c \u017cyznych r\u00f3wnin mi\u0119dzy Hain\u0105 i Nigu\u0105. Tradycja g\u0142osi, \u017ce Miguel D\u00edaz, zbieg przed surowymi karami La Isabela, odkry\u0142 tutaj z\u0142o\u017ca z\u0142ota pod przewodnictwem swojej tubylczej ma\u0142\u017conki, Cataliny. Jego powr\u00f3t do La Isabela przyspieszy\u0142 decyzj\u0119 Korony Hiszpa\u0144skiej o za\u0142o\u017ceniu Fortu Buenaventura \u2014 wkr\u00f3tce przemianowanego na San Crist\u00f3bal na cze\u015b\u0107 admira\u0142a \u2014 k\u0142ad\u0105c tym samym podwaliny pod osad\u0119, kt\u00f3rej ko\u015bci\u00f3\u0142 parafialny, San Gregorio de Nigua, wzniesiony w 1782 r., pozostaje jedn\u0105 z najstarszych budowli.<\/p>\n<p>XIX wiek doda\u0142 warstwy historycznego znaczenia. W 1844 roku w obr\u0119bie okr\u0119g\u00f3w San Crist\u00f3bal uroczy\u015bcie uchwalono konstytucj\u0119 rodz\u0105cej si\u0119 Dominikany, co umocni\u0142o jej rol\u0119 jako tygla suwerenno\u015bci narodowej. Zwarte ulice i place miasta by\u0142y \u015bwiadkami tego \u017carliwego zgromadzenia delegat\u00f3w, a ich podpisy by\u0142y niezatartym \u015bwiadectwem determinacji m\u0142odego narodu. W obr\u0119bie tych okr\u0119g\u00f3w uroczysta sala, w kt\u00f3rej go\u015bcili sygnatariusze, przetrwa\u0142a w zbiorowej pami\u0119ci, nawet gdy otaczaj\u0105ce j\u0105 struktury zosta\u0142y przekszta\u0142cone przez sta\u0142y post\u0119p czasu.<\/p>\n<p>Jednak to wiek XX cz\u0119sto rzuca najd\u0142u\u017cszy cie\u0144. W 1891 roku Rafael Le\u00f3nidas Trujillo Molina, kt\u00f3ry mia\u0142 wst\u0105pi\u0107 na trzydziestoletnie rz\u0105dy autorytarne, urodzi\u0142 si\u0119 w granicach San Crist\u00f3bal. Obecno\u015b\u0107 dyktatora odcisn\u0119\u0142a pi\u0119tno na miejskim krajobrazie pomnikami zar\u00f3wno wspania\u0142ymi, jak i ostentacyjnymi \u2014 w\u015br\u00f3d nich Balneario La Toma, kompleks wypoczynkowy wyobra\u017cany jako pokaz rekreacyjnej nowoczesno\u015bci, i Parque Piedras Vivas, kolumnada kamieni zebranych z ka\u017cdej dominika\u0144skiej prowincji, wzniesiona w ho\u0142dzie dla samouwielbienia. Prywatne posiad\u0142o\u015bci zwi\u0105zane z jego rodzin\u0105 \u2014 El Castillo El Cerro, La Casa de Playa de Najayo (cz\u0119sto nazywana Casa de Marfil), La Hacienda Mar\u00eda lub Casa Blanca i wystawny Casa de Caoba \u2014 kiedy\u015b symbolizowa\u0142y jego panowanie; Cho\u0107 dzi\u015b te budowle istniej\u0105, nosz\u0105 \u015blady zaniedbania, a ich fasady krusz\u0105 si\u0119 niczym pozosta\u0142o\u015bci rozdzia\u0142u, kt\u00f3ry wielu wola\u0142oby nigdy nie zosta\u0107 napisany.<\/p>\n<p>\u015amier\u0107 Trujillo w 1961 r. \u2014 zastrzelony przez grup\u0119 spiskowc\u00f3w w drodze do San Crist\u00f3bal \u2014 po\u0142o\u017cy\u0142a nag\u0142y kres autorytarnym rz\u0105dom, jednak jego dziedzictwo architektoniczne pozostaje wplecione w tkank\u0119 miejsk\u0105. Podczas gdy o\u015brodek w La Toma nadal przyci\u0105ga wewn\u0119trznych turyst\u00f3w poszukuj\u0105cych szybkiej ulgi nadmorskiej, a park \u017bywych Kamieni jest niezamierzonym pomnikiem zar\u00f3wno pychy, jak i jedno\u015bci, niezliczone mniejsze przedsi\u0119biorstwa powstaj\u0105 wzd\u0142u\u017c g\u0142\u00f3wnych alei, sygnalizuj\u0105c obywatelski impuls do odzyskania i ponownego wykorzystania przestrzeni napi\u0119tej przesz\u0142o\u015bci.<\/p>\n<p>Geograficznie San Crist\u00f3bal prezentuje zr\u00f3\u017cnicowany obraz. Dna dolin, nawadniane przez dop\u0142ywy zbiegaj\u0105ce si\u0119 w Nizao, piel\u0119gnuj\u0105 niewielkie plantacje \u2014 rabaty cebulowe na r\u00f3wninach Najayo\u2011Palenque, gaje kawowe na skraju bli\u017cszych zboczy g\u00f3rskich i plantacje cytrus\u00f3w w Villa Altagracia. Za pasem rolniczym korytarz przemys\u0142owy t\u0119tni aktywno\u015bci\u0105. Fabryka Maggi firmy Nestl\u00e9, zak\u0142ad przetw\u00f3rczy Goya Foods i obiekty grupy Sancela Family zajmuj\u0105 wa\u017cne stacje, do kt\u00f3rych do\u0142\u0105czaj\u0105 park przemys\u0142owy szk\u0142a, zak\u0142ad rurowy CEDELCA oraz warsztaty marmuru i p\u0142ytek pod szyldami Marmotech, Tecnotiles i Star Marble. Mozaik\u0119 dope\u0142nia wolna strefa zbrojowni i r\u00f3\u017cnorodne linie lekkiej produkcji. Jednak ze wzgl\u0119du na blisko\u015b\u0107 Santo Domingo, znaczna cz\u0119\u015b\u0107 populacji codziennie wyrusza w drog\u0119 do stolicy lub s\u0105siednich miast, takich jak Bajo de Haina i Nigua. Ich exodus jest codziennym dowodem magnetyzmu metropolii.<\/p>\n<p>Pod wzgl\u0119dem ekonomicznym San Crist\u00f3bal zajmuje pi\u0105te miejsce w\u015br\u00f3d o\u015brodk\u00f3w miejskich kraju \u2014 wyr\u00f3\u017cnienie to odzwierciedla szerokie spektrum handlu. Przemys\u0142 w gminie i przyleg\u0142ych strefach wolnoc\u0142owych wsp\u00f3\u0142istnieje z przedsi\u0119wzi\u0119ciami rolniczymi i operacjami portowymi w Bajo de Haina i Palenque. Przepe\u0142nione magazyny stref wolnoc\u0142owych, gdzie towary nastawione na eksport przemieszczaj\u0105 si\u0119 w uporz\u0105dkowanych procesjach, przecz\u0105 cichej pracowito\u015bci rolnik\u00f3w, kt\u00f3rzy zwabiaj\u0105 wi\u015bnie kawowe z zalesionych wzg\u00f3rz lub gromadz\u0105 je w delikatnych p\u0119dach p\u00f3l cebuli. Przeciwstawienie ci\u0119\u017ckiego przemys\u0142u i skromnej uprawy definiuje zr\u00f3wnowa\u017con\u0105 gospodark\u0119, kt\u00f3ra ani nie domaga si\u0119 wy\u0142\u0105cznie megaprojekt\u00f3w, ani nie utrzymuje si\u0119 wy\u0142\u0105cznie z przyp\u0142yw\u00f3w i odp\u0142yw\u00f3w sezonowych plon\u00f3w.<\/p>\n<p>Turystyka, g\u0142\u00f3wnie krajowa, przynosi dalsz\u0105 witalno\u015b\u0107. Pla\u017ca w Najayo zaprasza rodziny do le\u017cenia na jej piaskach i zapuszczania si\u0119 w ciep\u0142e morskie fale, podczas gdy wybrze\u017ce Palenque oferuje bardziej odosobnione schronienie. W g\u0142\u0119bi l\u0105du baseny i tereny piknikowe Balnearios de La Toma wabi\u0105 jednodniowych turyst\u00f3w, a Cuevas del Pomier \u2014 sie\u0107 jaski\u0144 upstrzonych prekolumbijskimi petroglifami \u2014 oferuje wgl\u0105d w staro\u017cytnych mieszka\u0144c\u00f3w wyspy. Rzeki Haina i Nizao, wij\u0105ce si\u0119 przez kaniony zacienione przez mango i ceiba, zapewniaj\u0105 naturalne amfiteatry zar\u00f3wno dla p\u0142ywak\u00f3w, jak i w\u0119dkarzy, a ich czyste pr\u0105dy przypominaj\u0105 czasy, gdy w dolinie rozbrzmiewa\u0142y jedynie g\u0142osy ptak\u00f3w.<\/p>\n<p>Wsp\u00f3\u0142miernie do swoich zr\u00f3\u017cnicowanych przedsi\u0119wzi\u0119\u0107, San Crist\u00f3bal rozwin\u0119\u0142o solidn\u0105 telekomunikacj\u0119. G\u0142\u00f3wni krajowi operatorzy telefonii utrzymuj\u0105 pe\u0142n\u0105 dzia\u0142alno\u015b\u0107, a us\u0142ugi telewizji kablowej i satelitarnej s\u0105 szeroko dost\u0119pne, umo\u017cliwiaj\u0105c mieszka\u0144com nie tylko pozostawanie w kontakcie w obr\u0119bie republiki, ale tak\u017ce bycie zaznajomionym z globalnymi dyskursami. W kawiarniach i skromnych witrynach sklepowych obywatele korzystaj\u0105 z laptop\u00f3w i urz\u0105dze\u0144 mobilnych, rozszerzaj\u0105c zasi\u0119g doliny poza jej fizyczne granice za po\u015brednictwem cyfrowych arterii.<\/p>\n<p>W trakcie swojej ewolucji San Crist\u00f3bal wch\u0142on\u0119\u0142o kolejne warstwy to\u017csamo\u015bci \u2014 osadnictwo przedkolonialne, rolnictwo kolonialne, rewolucyjny tygiel, wystaw\u0119 dyktatora, pot\u0119g\u0119 przemys\u0142ow\u0105 i domowe schronienie. Ka\u017cda warstwa raczej powi\u0119ksza ni\u017c zaciera pozosta\u0142e, daj\u0105c palimpsest, kt\u00f3ry opiera si\u0119 \u0142atwej charakterystyce. Mo\u017cna przespacerowa\u0107 si\u0119 wzd\u0142u\u017c Avenida Espa\u00f1a i przej\u015b\u0107 od ozdobnej, cho\u0107 podupad\u0142ej fasady dawnej rezydencji Trujillo do b\u0142yszcz\u0105cych linii monta\u017cowych nowoczesnej produkcji, przej\u015bcie tak nag\u0142e, \u017ce zaprasza do refleksji nad rozmaitymi trajektoriami post\u0119pu i w\u0142adzy.<\/p>\n<p>W p\u00f3\u0142mroku \u015bwitu dolina emanuje niemal medytacyjnym spokojem. Kupcy przygotowuj\u0105 si\u0119 do wys\u0142ania \u0142adunk\u00f3w cebuli na odleg\u0142e rynki; bramy fabryk otwieraj\u0105 si\u0119, gdy pracownicy zbieraj\u0105 si\u0119 pod transparentami og\u0142aszaj\u0105cymi zmiany; wody Nizao, jedwabiste pod wczesnym s\u0142o\u0144cem, szemrz\u0105 na kamieniach wyg\u0142adzonych przez stulecia podr\u00f3\u017cy. W po\u0142udnie metropolia brz\u0119czy na pe\u0142nych obrotach, a wieczorem brzegi rzek wype\u0142niaj\u0105 si\u0119 \u015bmiechem i pie\u015bni\u0105. Taki jest cykliczny balet San Crist\u00f3bal: miasto, kt\u00f3rego kontury s\u0105 okre\u015blone przez wod\u0119 i grzbiet, kt\u00f3rego historia jest wypisana na kamieniach zar\u00f3wno \u017cywych, jak i dawno upad\u0142ych, a kt\u00f3rego przysz\u0142o\u015b\u0107 pozostaje tak \u017cywa i nieprzewidywalna, jak bystrza, kt\u00f3re wy\u017c\u0142obi\u0142y jego granice.<\/p>\n<p>Przemierzanie San Crist\u00f3bal to spotkanie z synchronizacj\u0105 motyw\u00f3w \u2014 genez\u0105 polityczn\u0105, przedsi\u0119wzi\u0119ciem kolonialnym, pozosta\u0142o\u015bciami despotyzmu, wigorem przemys\u0142owym i turystycznym wytchnieniem \u2014 splecionych w gobelin zar\u00f3wno staro\u017cytny, jak i nowo powstaj\u0105cy. Dolina, ko\u0142ysana przez g\u00f3ry i prowadzona przez rzeki, daje schronienie ludno\u015bci, kt\u00f3rej praca i wypoczynek s\u0105 nierozerwalnie zwi\u0105zane z ziemi\u0105. Tutaj sygnatariusze konstytucji kiedy\u015b \u015blubowali wolno\u015b\u0107; tutaj dyktator budowa\u0142 pomniki swojego wizerunku; tutaj rzemie\u015blnicy kszta\u0142tuj\u0105 marmurowe p\u0142yty, podczas gdy rodziny sadz\u0105 sadzonki kawy. To w\u0142a\u015bnie w tym przeplataniu dziedzictwa i p\u0119du San Crist\u00f3bal ujawnia swoj\u0105 istot\u0119: miejsce jednocze\u015bnie refleksyjne i wyprzedzaj\u0105ce, gdzie ci\u0119\u017car historii podtrzymuje obietnic\u0119 jutra.<\/p>","protected":false},"excerpt":{"rendered":"<p>San Crist\u00f3bal to dynamiczne miasto po\u0142o\u017cone w po\u0142udniowej cz\u0119\u015bci Dominikany. Miasto pe\u0142ni funkcj\u0119 stolicy prowincji San Crist\u00f3bal, po\u0142o\u017conej w malowniczej dolinie u podn\u00f3\u017ca g\u00f3r Kordyliery Centralnej, granicz\u0105cej z rzekami Nigua i Nizao. Ta gmina obejmuje okr\u0119g miejski zwany Hato Damas.<\/p>","protected":false},"author":1,"featured_media":3743,"parent":9128,"menu_order":0,"comment_status":"closed","ping_status":"closed","template":"elementor_theme","meta":{"_eb_attr":"","footnotes":""},"class_list":["post-9165","page","type-page","status-publish","has-post-thumbnail"],"_links":{"self":[{"href":"https:\/\/travelshelper.com\/pl\/wp-json\/wp\/v2\/pages\/9165","targetHints":{"allow":["GET"]}}],"collection":[{"href":"https:\/\/travelshelper.com\/pl\/wp-json\/wp\/v2\/pages"}],"about":[{"href":"https:\/\/travelshelper.com\/pl\/wp-json\/wp\/v2\/types\/page"}],"author":[{"embeddable":true,"href":"https:\/\/travelshelper.com\/pl\/wp-json\/wp\/v2\/users\/1"}],"replies":[{"embeddable":true,"href":"https:\/\/travelshelper.com\/pl\/wp-json\/wp\/v2\/comments?post=9165"}],"version-history":[{"count":0,"href":"https:\/\/travelshelper.com\/pl\/wp-json\/wp\/v2\/pages\/9165\/revisions"}],"up":[{"embeddable":true,"href":"https:\/\/travelshelper.com\/pl\/wp-json\/wp\/v2\/pages\/9128"}],"wp:featuredmedia":[{"embeddable":true,"href":"https:\/\/travelshelper.com\/pl\/wp-json\/wp\/v2\/media\/3743"}],"wp:attachment":[{"href":"https:\/\/travelshelper.com\/pl\/wp-json\/wp\/v2\/media?parent=9165"}],"curies":[{"name":"wp","href":"https:\/\/api.w.org\/{rel}","templated":true}]}}