{"id":9146,"date":"2024-09-07T14:47:02","date_gmt":"2024-09-07T14:47:02","guid":{"rendered":"https:\/\/travelshelper.com\/staging\/?page_id=9146"},"modified":"2026-03-13T16:03:47","modified_gmt":"2026-03-13T16:03:47","slug":"puerto-plata","status":"publish","type":"page","link":"https:\/\/travelshelper.com\/pl\/destinations\/north-america\/dominican-republic\/puerto-plata\/","title":{"rendered":"Puerto Plata"},"content":{"rendered":"<p>San Felipe de Puerto Plata jest g\u0142\u00f3wnym portem i stolic\u0105 prowincji na p\u00f3\u0142nocnym wybrze\u017cu Dominikany, a jego tkanka miejska rozwija si\u0119 wok\u00f3\u0142 naturalnego portu pod 793-metrowym szczytem Pico Isabel de Torres. Miasto o trwa\u0142ej witalno\u015bci, obs\u0142uguje ponad sto tysi\u0119cy \u0142\u00f3\u017cek w o\u015brodkach wypoczynkowych i pioniersk\u0105 kolejk\u0119 linow\u0105 regionu. Jego lini\u0119 brzegow\u0105 flankuj\u0105 Playa Dorada i Costa Dorada na wschodzie. Puerto Plata wy\u0142ania si\u0119 jako w\u0119ze\u0142 historii, handlu i wypoczynku.<\/p>\n<p>Od momentu, gdy hiszpa\u0144scy koloni\u015bci po raz pierwszy postawili stop\u0119 na jej brzegach na pocz\u0105tku XVI wieku, Puerto Plata by\u0142a kszta\u0142towana przez pr\u0105dy ambicji i przeciwno\u015bci. W tamtej epoce osada s\u0142u\u017cy\u0142a jako g\u0142\u00f3wny morski port Santo Domingo, u\u0142atwiaj\u0105c przep\u0142yw towar\u00f3w i idei mi\u0119dzy Europ\u0105 a Nowym \u015awiatem. Jednak w 1605 roku kr\u00f3lewski dekret Filipa III og\u0142osi\u0142 jej tymczasowy upadek, poniewa\u017c w\u0142adze zr\u00f3wna\u0142y miasto z ziemi\u0105, aby odeprze\u0107 najazdy angielskich korsarzy. Przez stulecie zatoka by\u0142a cicha, jej magazyny opuszczone, a ulice zaro\u015bni\u0119te krzakami, dop\u00f3ki farmerzy z Wysp Kanaryjskich nie tchn\u0119li nowego \u017cycia w t\u0119 ziemi\u0119, zak\u0142adaj\u0105c proste gospodarstwa i pola. Ten powr\u00f3t ludzko\u015bci oznacza\u0142 pierwszy z wielu renesans\u00f3w, poniewa\u017c w kolejnych rozdzia\u0142ach Puerto Plata mia\u0142a znosi\u0107 okupacj\u0119, zniszczenie i odrodzenie w rytmach odzwierciedlaj\u0105cych burzliw\u0105 przesz\u0142o\u015b\u0107 wyspy.<\/p>\n<p>Geograficznie kontury miasta s\u0105 okre\u015blone przez nag\u0142\u0105 topografi\u0119. Na p\u00f3\u0142nocy niespokojne p\u0142ywy Atlantyku obmywaj\u0105 zatok\u0119, kt\u00f3rej ochronne ramiona niegdy\u015b chroni\u0142y hiszpa\u0144skie galeony. Na po\u0142udniu zbocza Isabel de Torres ostro si\u0119 wznosz\u0105, zapewniaj\u0105c osadzie dominuj\u0105cy widok \u2014 widoczny niemal w ca\u0142o\u015bci z nabrze\u017cy poni\u017cej. Ta g\u00f3ra, odnoga Cordillera Septentrional, wznosi si\u0119 na prawie osiemset metr\u00f3w nad poziomem morza, a jej korona spowita jest mg\u0142\u0105, kt\u00f3ra wcze\u015bniej zainspirowa\u0142a Kolumba do nazwania jej Monte de Plata, czyli Srebrn\u0105 G\u00f3r\u0105, na cze\u015b\u0107 \u015bwietlistej zas\u0142ony, kt\u00f3ra o \u015bwicie okrywa\u0142a jej szczyt. Dzi\u015b zwiedzaj\u0105cy wje\u017cd\u017caj\u0105 kolejk\u0105 linow\u0105 zainaugurowan\u0105 w 1975 roku, skromnym poci\u0105giem, kt\u00f3rego trzynastominutowa podr\u00f3\u017c w obie strony przewozi siedemnastu pasa\u017cer\u00f3w przez panoramiczne widoki, umieszczaj\u0105c ich w tropikalnym ogrodzie botanicznym, w kt\u00f3rym znajduje si\u0119 sze\u015b\u0107set gatunk\u00f3w flory na siedmiu akrach.<\/p>\n<p>Echa tego kolonialnego dziedzictwa s\u0105 nadal wplecione w miejsk\u0105 tkanin\u0119 Puerto Plata. Twierdza San Felipe, uko\u0144czona w 1577 r. i nazwana na cze\u015b\u0107 kr\u00f3la Filipa II, stoi na stra\u017cy nabrze\u017ca \u2014 jej grube mury i nieregularne bastiony s\u0105 trwa\u0142ym \u015bwiadectwem wojennych korzeni miasta. W historycznym centrum \u0142agodna symetria wiktoria\u0144skich fasad ujawnia ambicje dziewi\u0119tnastowiecznych Europejczyk\u00f3w, kt\u00f3rzy przybyli po wojnie o restauracj\u0119 Dominikany. Francuscy, w\u0142oscy, niemieccy i angielscy imigranci wprowadzili rze\u017abione w drewnie balkony i kratowe werandy, tworz\u0105c lokalny idiom, kt\u00f3ry \u0142\u0105czy karaibsk\u0105 lekko\u015b\u0107 z europejskimi zdobieniami. Dalsze warstwy ewolucji stylistycznej pojawi\u0142y si\u0119 pod okupacj\u0105 ameryka\u0144sk\u0105 na pocz\u0105tku XX wieku, kiedy to budownictwo z bloczk\u00f3w cementowych zapocz\u0105tkowa\u0142o op\u0142ywowe budynki, kt\u00f3re nadal wyznaczaj\u0105 ulice nazwane na cze\u015b\u0107 bohater\u00f3w politycznych i lokalnych osobisto\u015bci.<\/p>\n<p>Te ulice t\u0119tni\u0105 kulturaln\u0105 witalno\u015bci\u0105. Pod koniec zimy karnawa\u0142owe procesje o\u017cywiaj\u0105 aleje diab\u0142ami Taim\u00e1scaro, kt\u00f3rych maski przywodz\u0105 na my\u015bl b\u00f3stwa Taino, udrapowane wst\u0105\u017ckami nawi\u0105zuj\u0105cymi do hiszpa\u0144skiej parady i afryka\u0144skiego rytmu. Parady pomalowanych platform i tancerzy splataj\u0105cych rogi muszli zbiegaj\u0105 si\u0119 w celebracji, kt\u00f3ra rozci\u0105ga si\u0119 od Jetty do ka\u017cdej bocznej ulicy, zaznaczaj\u0105c nieprzerwan\u0105 tradycj\u0119 si\u0119gaj\u0105c\u0105 XIX wieku. Ka\u017cdego roku huczna zabawa koronuje kr\u00f3la Momo, symbolicznego monarch\u0119, kt\u00f3rego zadaniem jest podtrzymywanie to\u017csamo\u015bci przodk\u00f3w poprzez b\u0119bny i pie\u015bni, kt\u00f3re rozbrzmiewaj\u0105 na szczytach wiktoria\u0144skich dom\u00f3w.<\/p>\n<p>Poza dzielnic\u0105 historyczn\u0105 handel morski p\u0142ynie bez zak\u0142\u00f3ce\u0144. Luksusowe statki cumuj\u0105 w Amber Cove, terminalu wartym osiemdziesi\u0105t pi\u0119\u0107 milion\u00f3w dolar\u00f3w, otwartym przez Carnival Cruise Line w 2015 r., podczas gdy pobliski terminal wycieczkowy Taino Bay, otwarty w grudniu 2021 r., obs\u0142uguje statki szukaj\u0105ce bardziej intymnego dost\u0119pu do centrum miasta. Statki towarowe cumuj\u0105 w strefach wolnoc\u0142owych, \u0142aduj\u0105c banany, cukier, rum i tekstylia przeznaczone na odleg\u0142e rynki. Lokalna akwakultura i ma\u0142e rybo\u0142\u00f3wstwo rzemie\u015blnicze r\u00f3wnie\u017c utrzymuj\u0105 targi osiedlowe, gdzie rybacy ci\u0105gn\u0105 seriole i z\u0119bacze o wczesnym \u015bwicie, a ich \u0142odzie ko\u0142ysz\u0105 si\u0119 na tle sylwetki Isla Isabel, skalistego wyst\u0119pu u wybrze\u017cy.<\/p>\n<p>Wzd\u0142u\u017c wybrze\u017ca od w\u0142a\u015bciwego portu, wody krystalicznie turkusowej ko\u0142yski rozci\u0105gaj\u0105 si\u0119 na z\u0142otych piaskach \u2014 Playa Dorada i Costa Dorada na czele z nimi. O \u015bwicie te krzywizny linii brzegowej b\u0142yszcz\u0105 pod s\u0142o\u0144cem przesi\u0105kni\u0119tym r\u00f3wnikowym ciep\u0142em; o wschodzie ksi\u0119\u017cyca mieni\u0105 si\u0119 refleksami, kt\u00f3re przypominaj\u0105 pierwsze wra\u017cenia Kolumba na temat srebra. W g\u0142\u0119bi l\u0105du znajduje si\u0119 Ocean World, park przyg\u00f3d wart dwadzie\u015bcia siedem milion\u00f3w dolar\u00f3w, po\u0142o\u017cony po\u015br\u00f3d raf Cofres\u00ed Beach. Tutaj marina jachtowa go\u015bci dziewi\u0119tna\u015bcie delfin\u00f3w w niewoli, podczas gdy tygrysy malajskie poluj\u0105 na symulowanych polanach d\u017cungli, a tropikalne ptaki kr\u0105\u017c\u0105 nad akwarium, kt\u00f3re uchwyc\u0105 kalejdoskop karaibskiej ichtiofauny. Zar\u00f3wno dla rodzin, jak i naukowc\u00f3w zajmuj\u0105cych si\u0119 oceanem park stanowi po\u0142\u0105czenie spektaklu i edukacji, a jego ciemniejsze zak\u0105tki przypominaj\u0105 odwiedzaj\u0105cym o wsp\u00f3\u0142zale\u017cno\u015bci gatunk\u00f3w w zmieniaj\u0105cych si\u0119 ekosystemach przybrze\u017cnych.<\/p>\n<p>Przep\u0142ywy wodne w\u015br\u00f3d wzg\u00f3rz i r\u00f3wnin prowincji Puerto Plata wyznaczaj\u0105 sie\u0107 rzek i strumieni, kt\u00f3rych nazwy brzmi\u0105 jak poezja \u2014 Cam\u00fa del Norte, San Marcos, Corozo, Mu\u00f1oz i Maim\u00f3n \u2014 ka\u017cdy z nich wije si\u0119 przez pola trzciny cukrowej i gaje cytrusowe, zanim ust\u0105pi miejsca oceanowi. Mniejsze strumienie, F\u00fa, Blanco, Caballo i Culebra, od\u017cywiaj\u0105 zielone doliny, w kt\u00f3rych zapuszczaj\u0105 korzenie banany i kawa, a ich zbiory zasilaj\u0105 lokalne przedsi\u0119biorstwa agrobiznesowe, kt\u00f3re stanowi\u0105 podstaw\u0119 gospodarki. Tropikalny klimat monsunowy regionu rejestruje dwie pory roku: upalne lato charakteryzuj\u0105ce si\u0119 umiarkowanymi opadami deszczu i zim\u0119 zapowiadan\u0105 przez p\u00f3\u0142nocne fronty zimne, kt\u00f3re przynosz\u0105 ulewy i \u015bwie\u017ce bryzy z wy\u017cyn Hispanioli. Te rytmy meteorologiczne dyktuj\u0105 cykle sadzenia i kalendarze festiwali, zapraszaj\u0105c do zmierzonego tempa, kt\u00f3re kontrastuje z wahaniami Karaib\u00f3w.<\/p>\n<p>W portfolio ekonomicznym miasta kr\u00f3luje turystyka, ale konstelacja pomocniczych ga\u0142\u0119zi przemys\u0142u zapewnia utrzymanie mieszka\u0144com. Tekstylia i lekka produkcja zajmuj\u0105 podmiejskie dzia\u0142ki, podczas gdy stocznie wzd\u0142u\u017c zatoki projektuj\u0105 i remontuj\u0105 statki, kt\u00f3re kursuj\u0105 wzd\u0142u\u017c wybrze\u017ca. Strefa wolnoc\u0142owa w pobli\u017cu La Union kieruje importem, kt\u00f3ry wspiera sektory budownictwa i d\u00f3br konsumpcyjnych w ca\u0142ej prowincji. Ponadto mi\u0119dzynarodowe lotnisko Gregorio Luper\u00f3n, po\u0142o\u017cone oko\u0142o pi\u0119tnastu kilometr\u00f3w na wsch\u00f3d od San Felipe, \u0142\u0105czy miejsce docelowe z trzynastoma przewo\u017anikami pasa\u017cerskimi i trzema przewo\u017anikami towarowymi, z r\u00f3wn\u0105 ochot\u0105 przyjmuj\u0105c \u017c\u0105dnych korzy\u015bci podr\u00f3\u017cnych i nietrwa\u0142e towary eksportowe.<\/p>\n<p>Muzea chroni\u0105 dziedzictwo kulturowe miasta. W Villa Bentz, eleganckiej rezydencji z 1918 roku zaprojektowanej przez hiszpa\u0144skiego architekta Mar\u00edna Gallarta y Cant\u00fa, znajduje si\u0119 Museo del \u00c1mbar Dominicano. Od momentu za\u0142o\u017cenia w 1982 roku przez rodzinn\u0105 firm\u0119 kulturaln\u0105 Aldo Costy, muzeum eksponuje niezr\u00f3wnan\u0105 kolekcj\u0119 skamienia\u0142ej \u017cywicy \u2014 bursztynowych kamieni, kt\u00f3re chowaj\u0105 prehistoryczne owady i fragmenty ro\u015blin w z\u0142otej przejrzysto\u015bci. Ka\u017cda wystawa zaprasza do kontemplacji g\u0142\u0119bokiego czasu i ekologicznych zmian, kt\u00f3re ukszta\u0142towa\u0142y bior\u00f3\u017cnorodno\u015b\u0107 Karaib\u00f3w.<\/p>\n<p>Mniej formalne, ale nie mniej sugestywne, s\u0105 Casas Victorianas z Zona Colonial. Wznoszone od 1879 roku, te drewniane rezydencje charakteryzuj\u0105 si\u0119 koronkowymi a\u017curowymi zdobieniami i wysokimi sufitami dostosowanymi do klimatu tropikalnego, ich proporcje odzwierciedlaj\u0105 epok\u0119, w kt\u00f3rej rzemios\u0142o i zdobienia by\u0142y wyznacznikami aspiracji. Po\u015br\u00f3d tych dom\u00f3w, Most Gwinei oferuje jednoprz\u0119s\u0142owe przej\u015bcie nad basenem kana\u0142u, jego \u0142agodnie wygi\u0119ta forma przypomina \u017cylaste krzywizny dziewi\u0119tnastowiecznej konstrukcji \u017celaznej.<\/p>\n<p>Na po\u0142udnie od miasta, \u017celazna latarnia morska odlana w 1879 r. przebija lini\u0119 horyzontu z doryckiej podstawy z kamienia. Maj\u0105ca czterdzie\u015bci dwa metry wysoko\u015bci, ostrzega \u017ceglarzy przed p\u0142ytkimi rafami, kt\u00f3re strzeg\u0105 podej\u015bcia do zatoki. Na prze\u0142omie tysi\u0105cleci korozja zredukowa\u0142a konstrukcj\u0119 do niepewnych ruin, co zapewni\u0142o jej miejsce na li\u015bcie World Monuments Watch w 2000 r. Partnerstwo z American Express sfinansowa\u0142o skrupulatn\u0105 renowacj\u0119, uko\u0144czon\u0105 w 2004 r., kt\u00f3ra przywr\u00f3ci\u0142a latarni morskiej jej dawn\u0105 \u015bwietno\u015b\u0107 i pobudzi\u0142a rewitalizacj\u0119 otaczaj\u0105cej j\u0105 dzielnicy historycznej.<\/p>\n<p>Narracja Puerto Plata jest nierozerwalnie zwi\u0105zana z powtarzaj\u0105cymi si\u0119 cyklami zniszczenia i odnowy. Podczas Quasi-Wojny pod koniec XVIII wieku, marines Stan\u00f3w Zjednoczonych wyl\u0105dowali wzd\u0142u\u017c portu, ostrzeliwuj\u0105c dzia\u0142a Fortaleza San Felipe po schwytaniu francuskiego korsarza o imieniu Sandwich. W 1863 roku miasto zosta\u0142o spalone podczas wojny o restauracj\u0119 Dominikany, a jego mieszka\u0144cy odrodzili si\u0119 z popio\u0142\u00f3w dwa lata p\u00f3\u017aniej, wznosz\u0105c nowe budowle, kt\u00f3re \u0142\u0105czy\u0142y europejski design z lokaln\u0105 pomys\u0142owo\u015bci\u0105. Taka wytrwa\u0142o\u015b\u0107 znajduje sw\u00f3j najbardziej poruszaj\u0105cy symbol na szczycie Pico Isabel de Torres, gdzie ma\u0142a replika Chrystusa Odkupiciela z Rio de Janeiro g\u00f3ruje nad zielonymi ogrodami, g\u00f3ruj\u0105c nad metropoli\u0105, kt\u00f3ra nie podda\u0142a si\u0119 czasowi ani przyp\u0142ywom.<\/p>\n<p>Pla\u017ce wok\u00f3\u0142 miasta szepcz\u0105 historie o tubylczych kajakarzach i korsarzach, kt\u00f3rzy kiedy\u015b badali te wody w poszukiwaniu skarb\u00f3w. W la Poza del Castillo obce ostrygi czepiaj\u0105 si\u0119 zanurzonej ceramiki, podczas gdy w zatoczkach Cofres\u00ed rybacy wspominaj\u0105 legendy o lokalnym piracie, kt\u00f3rego ukryte skarby umyka\u0142y ka\u017cdemu konkwistadorowi. Long Beach, Marapic\u00e1, Maim\u00f3n i Bergant\u00edn maj\u0105 odr\u0119bny charakter \u2014 niekt\u00f3re oferuj\u0105 spokojne rafy koralowe dla os\u00f3b nurkuj\u0105cych z rurk\u0105, inne fale nadaj\u0105ce si\u0119 do surfowania, kt\u00f3re wzbieraj\u0105 moc\u0105 Atlantyku. Odwiedzaj\u0105cy zbieraj\u0105 muszle i drewno dryfuj\u0105ce, a d\u017awi\u0119ki merengue i bachaty mieszaj\u0105 si\u0119 z krzykami mew, gdy zmierzch zapada nad piaskiem.<\/p>\n<p>Arterie transportowe \u0142\u0105cz\u0105 te rozbie\u017cne obszary. Autostrada Don Jos\u00e9 Ginebra wije si\u0119 od San Marcos przez Piedra Candela i El Cruce, wspinaj\u0105c si\u0119 na utwardzone podej\u015bcie, kt\u00f3re prowadzi do stacji bazowej telef\u00e9rico. Stamt\u0105d elektryczno\u2011hydrauliczny system przewozi podr\u00f3\u017cnych w niebo w przeszklonych kabinach, zapewniaj\u0105c prawie osiem minut nieprzerwanego spektaklu. W kluczowych momentach mo\u017cna dostrzec storczyki ogrodu botanicznego zestawione z skupiskami rozrastaj\u0105cej si\u0119 zabudowy miejskiej, co przypomina, \u017ce \u200b\u200bnatura i kultura wsp\u00f3\u0142istniej\u0105 w ka\u017cdej klatce panoramy tego miasta.<\/p>\n<p>Gdy zmierzch si\u0119 pog\u0142\u0119bia, nabrze\u017ce przybiera \u0142agodniejszy odcie\u0144. Twierdza San Felipe jest sk\u0105pana w bursztynowym \u015bwietle, a jej blanki rzucaj\u0105 cienie ta\u0144cz\u0105ce na przyp\u0142ywie. Muzyka p\u0142ynie z tawern na dachach, gdzie go\u015bcie popijaj\u0105 zimne piwa Presidente, a aromat grillowanej ryby miesza si\u0119 z sol\u0105 i oleandrem. W hotelowych lobby rozbrzmiewaj\u0105 poliglotyczne akcenty \u2014 francuskie rodziny zwiedzaj\u0105ce Muzeum Bursztynu, kanadyjscy emeryci wyp\u0142ywaj\u0105cy z Amber Cove i ciekawscy Dominikanie pod\u0105\u017caj\u0105cy \u015bladami przodk\u00f3w. Poprzez to wszystko Puerto Plata ujawnia swoj\u0105 wyj\u0105tkow\u0105 to\u017csamo\u015b\u0107: miejsce, w kt\u00f3rym dziedzictwo imperium i wygnania zbiega si\u0119 pod jednym niebia\u0144skim sklepieniem.<\/p>\n<p>W pe\u0142ni swoich warstw \u2014 historycznej, architektonicznej, ekologicznej i handlowej \u2014 Puerto Plata nie jest statyczn\u0105 relikwi\u0105, ale \u017cywym palimpsestem. Ka\u017cdy r\u00f3g ulicy i zatoka przybrze\u017cna skrywaj\u0105 dowody minionych przewrot\u00f3w i triumf\u00f3w, oferuj\u0105c zaproszenie tym, kt\u00f3rych oczy s\u0105 wyczulone na niuanse. Dla do\u015bwiadczonego podr\u00f3\u017cnika, dla uczonego kolonialnych przedsi\u0119wzi\u0119\u0107 i dla wielbiciela nas\u0142onecznionych brzeg\u00f3w miasto sk\u0142ada gest powitania, obiecuj\u0105c odkrycia po\u015br\u00f3d znajomych horyzont\u00f3w. Tutaj, gdzie spotykaj\u0105 si\u0119 Atlantyk i g\u00f3ry, Puerto Plata trwa jako \u015bwiadectwo odporno\u015bci i ponownego wynalezienia.<\/p>","protected":false},"excerpt":{"rendered":"<p>Puerto Plata, formalnie nazwane San Felipe de Puerto Plata (fr. Port-de-Plate), jest znacz\u0105cym miastem nadmorskim w Republice Dominikany i pe\u0142ni funkcj\u0119 stolicy prowincji Puerto Plata. To dynamiczne miasto pe\u0142ni funkcj\u0119 g\u0142\u00f3wnego portu handlowego i wa\u017cnego celu turystycznego, obejmuj\u0105cego wiele atrakcji i us\u0142ug dla turyst\u00f3w z ca\u0142ego \u015bwiata.<\/p>","protected":false},"author":1,"featured_media":3255,"parent":9128,"menu_order":0,"comment_status":"closed","ping_status":"closed","template":"elementor_theme","meta":{"_eb_attr":"","footnotes":""},"class_list":["post-9146","page","type-page","status-publish","has-post-thumbnail"],"_links":{"self":[{"href":"https:\/\/travelshelper.com\/pl\/wp-json\/wp\/v2\/pages\/9146","targetHints":{"allow":["GET"]}}],"collection":[{"href":"https:\/\/travelshelper.com\/pl\/wp-json\/wp\/v2\/pages"}],"about":[{"href":"https:\/\/travelshelper.com\/pl\/wp-json\/wp\/v2\/types\/page"}],"author":[{"embeddable":true,"href":"https:\/\/travelshelper.com\/pl\/wp-json\/wp\/v2\/users\/1"}],"replies":[{"embeddable":true,"href":"https:\/\/travelshelper.com\/pl\/wp-json\/wp\/v2\/comments?post=9146"}],"version-history":[{"count":0,"href":"https:\/\/travelshelper.com\/pl\/wp-json\/wp\/v2\/pages\/9146\/revisions"}],"up":[{"embeddable":true,"href":"https:\/\/travelshelper.com\/pl\/wp-json\/wp\/v2\/pages\/9128"}],"wp:featuredmedia":[{"embeddable":true,"href":"https:\/\/travelshelper.com\/pl\/wp-json\/wp\/v2\/media\/3255"}],"wp:attachment":[{"href":"https:\/\/travelshelper.com\/pl\/wp-json\/wp\/v2\/media?parent=9146"}],"curies":[{"name":"wp","href":"https:\/\/api.w.org\/{rel}","templated":true}]}}