{"id":9128,"date":"2024-09-07T12:43:35","date_gmt":"2024-09-07T12:43:35","guid":{"rendered":"https:\/\/travelshelper.com\/staging\/?page_id=9128"},"modified":"2026-03-13T16:08:11","modified_gmt":"2026-03-13T16:08:11","slug":"republika-dominikanska","status":"publish","type":"page","link":"https:\/\/travelshelper.com\/pl\/destinations\/north-america\/dominican-republic\/","title":{"rendered":"Republika Dominika\u0144ska"},"content":{"rendered":"<p>Republika Dominika\u0144ska zajmuje wschodnie pi\u0119\u0107 \u00f3smych Hispanioli, rozci\u0105gni\u0119te na 48 671 kilometr\u00f3w kwadratowych na Wielkich Antylach Morza Karaibskiego. Z populacj\u0105 wynosz\u0105c\u0105 oko\u0142o 11,4 miliona w 2024 r., z czego oko\u0142o 3,6 miliona mieszka w obszarze metropolitalnym Santo Domingo, nar\u00f3d ten dowodzi drugim co do wielko\u015bci obszarem l\u0105dowym i drug\u0105 co do wielko\u015bci populacj\u0105 na Antylach, odpowiednio po Kubie i Haiti. Otoczony Atlantykiem na p\u00f3\u0142nocy, Karaibami na po\u0142udniu, Haiti na zachodzie i morsk\u0105 granic\u0105 Portoryko na wschodzie, po\u0142o\u017cenie tego kraju na styku dw\u00f3ch m\u00f3rz ukszta\u0142towa\u0142o jego histori\u0119, \u015brodowisko i charakter kulturowy.<\/p>\n<p>W wiekach poprzedzaj\u0105cych przybycie Europejczyk\u00f3w, pi\u0119\u0107 wodzostw Taino ustanowi\u0142o sezonowe migracje, obozowiska rybackie przybrze\u017cne i plantacje manioku w g\u0142\u0119bi l\u0105du na \u017cyznych r\u00f3wninach Hispanioli i zalesionych wzg\u00f3rzach. Kiedy Krzysztof Kolumb przyby\u0142 na l\u0105d w 1492 roku, roszcz\u0105c sobie prawa do tych ziem dla Kastylii, natkn\u0105\u0142 si\u0119 na wioski z domami krytymi strzech\u0105, po\u0142\u0105czonymi wykarczowanymi \u015bcie\u017ckami \u2014 drogowskazami spo\u0142ecze\u0144stwa opartego na hierarchii wsp\u00f3lnotowej i rytualnym przestrzeganiu. W kolejnych dekadach Santo Domingo wy\u0142oni\u0142o si\u0119 jako pierwszy trwa\u0142y europejski przycz\u00f3\u0142ek w Ameryce, a jego kamienne cytadele i budowle ko\u015bcielne oznacza\u0142y now\u0105 er\u0119 imperialn\u0105. W ci\u0105gu niewiele ponad wieku rywalizacje imperialne podzieli\u0142y Hispaniol\u0119; w 1697 roku zachodnia trzecia cz\u0119\u015b\u0107 nale\u017ca\u0142a do Francji, a w 1804 roku terytorium to og\u0142osi\u0142o niepodleg\u0142o\u015b\u0107 jako Haiti.<\/p>\n<p>Od tego czasu nar\u00f3d dominika\u0144ski przetrwa\u0142 liczne zmagania o samostanowienie. Kr\u00f3tkie og\u0142oszenie niepodleg\u0142o\u015bci od Hiszpanii w listopadzie 1821 r. doprowadzi\u0142o do aneksji Haiti w 1822 r. Po dwudziestodwuletniej przerwie, w lutym 1844 r. patrioci dominika\u0144scy odzyskali suwerenno\u015b\u0107 poprzez bro\u0144 i determinacj\u0119 w wojnie o niepodleg\u0142o\u015b\u0107. Nast\u0105pi\u0142y dziesi\u0119ciolecia wewn\u0119trznych konflikt\u00f3w \u2014 wojny domowe, najazdy Haiti i ulotny powr\u00f3t pod panowanie hiszpa\u0144skie \u2014 kulminacj\u0105 by\u0142o wyp\u0119dzenie si\u0142 kolonialnych po wojnie o restauracj\u0119 w latach 1863\u20131865. XX wiek by\u0142 \u015bwiadkiem autorytarnych rz\u0105d\u00f3w Rafaela Trujillo, kt\u00f3rego trzydziestoletnia dyktatura zako\u0144czy\u0142a si\u0119 jego zab\u00f3jstwem w 1961 r. Kolejne wybory Juana Boscha w 1962 r. zosta\u0142y obalone w ci\u0105gu kilku miesi\u0119cy, a konflikt wewn\u0119trzny w 1965 r. zapocz\u0105tkowa\u0142 d\u0142ugie prezydentury Joaquina Balaguera. Od 1978 r. procesy wyborcze nabra\u0142y si\u0142y, kieruj\u0105c kraj w stron\u0119 rz\u0105d\u00f3w przedstawicielskich.<\/p>\n<p>Gospodarczo Republika Dominikany sta\u0142a si\u0119 pot\u0119g\u0105 Karaib\u00f3w, z najwi\u0119kszym produktem krajowym brutto regionu i si\u00f3dmym co do wielko\u015bci w Ameryce \u0141aci\u0144skiej. Przez ponad \u0107wier\u0107 wieku, mi\u0119dzy 1992 a 2018 rokiem, jej realny PKB r\u00f3s\u0142 w \u015brednim rocznym tempie 5,3 procent \u2014 najszybsza ekspansja na p\u00f3\u0142kuli zachodniej. Szczyty 7,3 procent w 2014 roku i 7,0 procent w 2015 roku podkre\u015bla\u0142y dynamiczny wzrost nap\u0119dzany przez budownictwo, lekk\u0105 produkcj\u0119, turystyk\u0119 i wydobycie minera\u0142\u00f3w. W surowych centralnych wy\u017cynach znajduje si\u0119 kopalnia z\u0142ota Pueblo Viejo, kt\u00f3ra plasuje si\u0119 w pierwszej tr\u00f3jce na \u015bwiecie pod wzgl\u0119dem wydobycia, przynosz\u0105c trzydzie\u015bci jeden ton metrycznych w samym 2015 roku.<\/p>\n<p>Turystyka sta\u0142a si\u0119 wizyt\u00f3wk\u0105 Dominikany. Z roku na rok prze\u015bciga wszystkie inne karaibskie destynacje pod wzgl\u0119dem liczby odwiedzaj\u0105cych. Jej linia brzegowa oferuje pla\u017ce z bia\u0142ym piaskiem obmywane turkusowymi wodami, ale topografia kraju wykracza daleko poza wybrze\u017ce. W jej granicach wznosz\u0105 si\u0119 najwy\u017csze szczyty Indii Zachodnich: Pico Duarte o wysoko\u015bci 3098 metr\u00f3w, otoczony przez La Pelona, \u200b\u200bLa Rucilla i Pico Yaque \u2014 szczyty, kt\u00f3re rozbijaj\u0105 wszelkie wyobra\u017cenia o jednolicie nisko po\u0142o\u017conej wyspie. Na dole le\u017c\u0105 \u017cyzne baseny, takie jak Dolina Cibao, kolebka produkcji trzciny cukrowej i kawy, gdzie miasta Santiago i La Vega gnie\u017cd\u017c\u0105 si\u0119 po\u015br\u00f3d gaj\u00f3w bananowych i p\u00f3l tytoniu. Dla por\u00f3wnania, Kotlina Enriquillo le\u017cy czterdzie\u015bci pi\u0119\u0107 metr\u00f3w poni\u017cej poziomu morza \u2014 najni\u017cszy punkt Karaib\u00f3w \u2014 a jej s\u0142one wody odzwierciedlaj\u0105 krajobraz bardziej przypominaj\u0105cy pustyni\u0119 ni\u017c las deszczowy. Bujne rzeki, spo\u015br\u00f3d kt\u00f3rych najwa\u017cniejsze to Yaque del Norte i Yaque del Sur, przecinaj\u0105 teren, rze\u017abi\u0105c g\u0142\u0119bokie doliny i umo\u017cliwiaj\u0105c rolnictwo od g\u00f3r po brzegi.<\/p>\n<p>W tej mozaice przeplata si\u0119 wiele ekoregion\u00f3w. Wilgotne lasy li\u015bciaste otulaj\u0105 nawietrzne zbocza, podczas gdy lasy sosnowe przylegaj\u0105 do grzbiet\u00f3w wystawionych na ch\u0142odniejsze powietrze. Na nizinach namorzyny obrze\u017caj\u0105 przybrze\u017cne laguny. Suche lasy i zaro\u015bla kserofityczne przewa\u017caj\u0105 w nas\u0142onecznionych po\u0142udniowo-zachodnich rejonach wok\u00f3\u0142 jeziora Enriquillo. R\u00f3\u017cnorodno\u015b\u0107 fauny i flory rozkwita w\u015br\u00f3d tak zr\u00f3\u017cnicowanych siedlisk; endemiczne ptaki przelatuj\u0105 mi\u0119dzy drzewami ceiba, a storczyki pokrywaj\u0105 wapienne wychodnie.<\/p>\n<p>Klimat odzwierciedla t\u0119 z\u0142o\u017cono\u015b\u0107. \u015arednie roczne temperatury utrzymuj\u0105 si\u0119 w okolicach 26 \u00b0C, jednak wysoko\u015b\u0107 mo\u017ce obni\u017cy\u0107 rt\u0119\u0107 do 18 \u00b0C lub podnie\u015b\u0107 j\u0105 powy\u017cej 40 \u00b0C w chronionych dolinach. Wzory opad\u00f3w r\u00f3\u017cni\u0105 si\u0119 znacznie: p\u00f3\u0142nocne wybrze\u017ce otrzymuje deszcze od listopada do stycznia, podczas gdy reszta wyspy od maja do listopada. Cyklony tropikalne nawiedzaj\u0105 kraj od czerwca do pa\u017adziernika, a ich si\u0142a osi\u0105ga szczyt na po\u0142udniowym brzegu. Chocia\u017c huragan Georges w 1998 r. pozostaje ostatni\u0105 powa\u017cn\u0105 burz\u0105, kt\u00f3ra dotar\u0142a do l\u0105du, zagro\u017cenie to nadal kszta\u0142tuje przepisy budowlane i strategie reagowania na katastrofy.<\/p>\n<p>Po\u015br\u00f3d takiego bogactwa naturalnego, rozw\u00f3j miast gwa\u0142townie wzr\u00f3s\u0142. Linie szybkiego transportu obejmuj\u0105 teraz Santo Domingo, kt\u00f3rego metro jest najwi\u0119ksz\u0105 sieci\u0105 szybkiej kolei na Karaibach i w Ameryce \u015arodkowej. Dwie linie \u2014 \u0142\u0105cznie przekraczaj\u0105ce 27 kilometr\u00f3w \u2014 przewo\u017c\u0105 ponad sze\u015b\u0107dziesi\u0105t milion\u00f3w pasa\u017cer\u00f3w rocznie, \u0142agodz\u0105c korki na g\u0142\u00f3wnych alejach. Autostrady krajowe, ponumerowane DR-1, DR-2 i DR-3, rozchodz\u0105 si\u0119 promieni\u015bcie od stolicy na p\u00f3\u0142noc, po\u0142udniowy zach\u00f3d i wsch\u00f3d, z odnogami i alternatywnymi trasami docieraj\u0105cymi do mniejszych miast. Ostatnie drogi p\u0142atne skr\u00f3ci\u0142y czas podr\u00f3\u017cy na P\u00f3\u0142wysep Saman\u00e1 do mniej ni\u017c dw\u00f3ch godzin, otwieraj\u0105c zielone regiony, takie jak Jarabacoa i Constanza, na ekoturystyk\u0119. Nadal jednak wiele dr\u00f3g drugorz\u0119dnych czeka na utwardzenie, a \u0142\u0105czno\u015b\u0107 na terenach wiejskich pozostaje ci\u0105g\u0142ym wyzwaniem.<\/p>\n<p>Ta nowoczesna infrastruktura wspiera spo\u0142ecze\u0144stwo, kt\u00f3rego profil demograficzny uleg\u0142 gwa\u0142townej transformacji od po\u0142owy stulecia. Z populacji 2,38 miliona w 1950 roku, kraj rozr\u00f3s\u0142 si\u0119 do ponad 11 milion\u00f3w dzisiaj. Jedna trzecia Dominika\u0144czyk\u00f3w ma mniej ni\u017c pi\u0119tna\u015bcie lat, podczas gdy ci powy\u017cej sze\u015b\u0107dziesi\u0119ciu pi\u0119ciu stanowi\u0105 sze\u015b\u0107 procent, co daje median\u0119 wieku pod koniec dwudziestki. Kraj zamieszkuje nieco wi\u0119cej m\u0119\u017cczyzn ni\u017c kobiet, a tempo wzrostu wynosz\u0105ce oko\u0142o 1,5 procent rocznie nap\u0119dza urbanizacj\u0119 i zapotrzebowanie na mieszkania. Migracja \u2014 zar\u00f3wno przychodz\u0105ca, jak i wychodz\u0105ca \u2014 wywiera dalszy wp\u0142yw: przekazy pieni\u0119\u017cne z du\u017cej diaspory, g\u0142\u00f3wnie w Stanach Zjednoczonych, nap\u0142ywaj\u0105 do dominika\u0144skich gospodarstw domowych, podczas gdy nieregularna migracja z Haiti wywo\u0142a\u0142a debaty na temat obywatelstwa, praw pracowniczych i to\u017csamo\u015bci narodowej.<\/p>\n<p>Pod wzgl\u0119dem kulturowym Dominikana jest ukszta\u0142towana przez po\u0142\u0105czenie tradycji europejskich, afryka\u0144skich i Taino. Iberyjskie kodeksy prawne i zwyczaje spo\u0142eczne narzuci\u0142y si\u0119 w czasach kolonialnych, tworz\u0105c instytucje, kt\u00f3re przetrwa\u0142y w j\u0119zyku, architekturze i rz\u0105dach. Afryka\u0144skie dziedzictwo jest najbardziej widoczne w rytmach merengue i bachata, w podstawowych produktach kulinarnych, takich jak banany i fasola, oraz w praktykach duchowych, kt\u00f3re \u0142\u0105cz\u0105 rytua\u0142 katolicki z wierzeniami przodk\u00f3w. Dziedzictwo Taino przetrwa\u0142o w nazwach miejsc i botanicznej wiedzy \u2014 maniok, tyto\u0144 i jam zachowuj\u0105 rodzim\u0105 nomenklatur\u0119. Ten synkretyzm zaowocowa\u0142 dynamiczn\u0105 tkank\u0105 kulturow\u0105 naznaczon\u0105 festiwalami, paradami karnawa\u0142owymi i rzemios\u0142em, kt\u00f3re odzwierciedlaj\u0105 zar\u00f3wno przesz\u0142o\u015b\u0107, jak i tera\u017aniejszo\u015b\u0107.<\/p>\n<p>Zaanga\u017cowanie kraju w ochron\u0119 \u015brodowiska i zr\u00f3wnowa\u017con\u0105 turystyk\u0119 wzros\u0142o w ostatnich dekadach. Parki narodowe chroni\u0105 zlewnie w Sierra de Bahoruco i zalane laguny Los Haitises, podczas gdy rozwijaj\u0105cy si\u0119 sektor ekoturystyki zaprasza piechur\u00f3w, obserwator\u00f3w ptak\u00f3w i spacerowicz\u00f3w po koronach drzew do eksplorowania krajobraz\u00f3w z dala od utartych szlak\u00f3w turystycznych. Szczyty takie jak Pico Duarte stanowi\u0105 wyzwanie dla alpinist\u00f3w, podczas gdy nadmorskie enklawy takie jak Bah\u00eda de las \u00c1guilas oferuj\u0105 dziewicze pla\u017ce i rafy koralowe. Wsie \u015br\u00f3dl\u0105dowe w Centralnej Kordylie \u2014 w\u015br\u00f3d nich Constanza \u2014 dostosowa\u0142y programy zakwaterowania, kt\u00f3re przekazuj\u0105 pieni\u0105dze z turystyki bezpo\u015brednio rodzinom wiejskim.<\/p>\n<p>Odnowa miejska w Strefie Kolonialnej Santo Domingo podkre\u015bli\u0142a historyczn\u0105 dominacj\u0119 kraju w obu Amerykach. Tam Catedral Primada de Am\u00e9rica, Alc\u00e1zar de Col\u00f3n i Monasterio de San Francisco stoj\u0105 jako \u017cywe relikty pi\u0119tnastowiecznej ambicji, a ich fasady zosta\u0142y odrestaurowane przez UNESCO, aby odzwierciedla\u0142y oryginalne kamienne dzie\u0142a i rze\u017abione motywy. W tych dzielnicach odbywaj\u0105 si\u0119 sympozja naukowe i wystawy sztuki, potwierdzaj\u0105c, \u017ce dziedzictwo narodu wykracza poza pla\u017ce i g\u00f3ry, a\u017c do jego fundamentalnej roli w europejskiej sadze p\u00f3\u0142kuli zachodniej.<\/p>\n<p>Rozszerzenie projekt\u00f3w hotelarskich \u2014 mariny Cap Cana, terminale wycieczkowe w porcie San Souci, pola golfowe Casa de Campo i kompleks rozrywkowy Hard Rock Hotel &amp; Casino \u2014 wskazuje na zaufanie inwestor\u00f3w do dalszego wzrostu liczby odwiedzaj\u0105cych. Jednak urz\u0119dnicy z\u0142agodzili strategie masowej turystyki przepisami dotycz\u0105cymi usuwania i recyklingu odpad\u00f3w; w ci\u0105gu ostatniej dekady Republika Dominika\u0144ska sta\u0142a si\u0119 regionalnym liderem w programach zarz\u0105dzania odpadami sta\u0142ymi, wprowadzaj\u0105c segregacj\u0119 u \u017ar\u00f3d\u0142a i nowoczesne projekty sk\u0142adowisk odpad\u00f3w. Obecnie przepisy nakazuj\u0105 przeprowadzanie ocen oddzia\u0142ywania na \u015brodowisko w przypadku du\u017cych inwestycji, co odzwierciedla zrozumienie, \u017ce kapita\u0142 naturalny musi by\u0107 zarz\u0105dzany wraz z ekspansj\u0105 gospodarcz\u0105.<\/p>\n<p>W sektorze produkcji strefy wolnego handlu koncentruj\u0105 tekstylia, monta\u017c elektroniki i produkcj\u0119 urz\u0105dze\u0144 medycznych, korzystaj\u0105c z preferencyjnych taryf na mocy dwustronnych um\u00f3w z rynkami Ameryki P\u00f3\u0142nocnej. Infrastruktura telekomunikacyjna \u2014 sieci \u015bwiat\u0142owodowe i zasi\u0119g kom\u00f3rkowy \u2014 oraz rozwijaj\u0105cy si\u0119 rynek kapita\u0142owy za po\u015brednictwem Bolsa de Valores de la Rep\u00fablica Dominicana stanowi\u0105 kotwic\u0119 dla sektora us\u0142ug, kt\u00f3ry przyczynia si\u0119 do prawie sze\u015b\u0107dziesi\u0119ciu procent produktu krajowego brutto. Dzia\u0142ania na rzecz w\u0142\u0105czenia finansowego maj\u0105 na celu zmniejszenie nier\u00f3wno\u015bci dochod\u00f3w, nawet gdy wyzwania pozostaj\u0105: bezrobocie pozostaje stosunkowo wysokie, a dysproporcje w dystrybucji bogactwa sk\u0142aniaj\u0105 do program\u00f3w spo\u0142ecznych ukierunkowanych na edukacj\u0119 i r\u00f3wno\u015b\u0107 w zakresie opieki zdrowotnej.<\/p>\n<p>Rolnictwo utrzymuje swoj\u0105 pozycj\u0119 w uprawie trzciny cukrowej i banan\u00f3w, chocia\u017c udzia\u0142 przychod\u00f3w z eksportu kawy i kakao zmniejszy\u0142 si\u0119 na korzy\u015b\u0107 pracoch\u0142onnych ga\u0142\u0119zi przemys\u0142u. Wydobycie poza z\u0142otem \u2014 boksyt\u00f3w, marmuru i soli \u2014 przyczynia si\u0119 do dochod\u00f3w z eksportu, cz\u0119sto w odleg\u0142ych obszarach, gdzie lokalne spo\u0142eczno\u015bci negocjuj\u0105 tantiemy i rekompensaty za ekoturystyk\u0119. Rybo\u0142\u00f3wstwo eksploatuje zasoby morskie, a krewetki i langusty nale\u017c\u0105 do g\u0142\u00f3wnych po\u0142ow\u00f3w, podlegaj\u0105c kwotom maj\u0105cym na celu zapewnienie uzupe\u0142nienia zasob\u00f3w.<\/p>\n<p>Patrz\u0105c na jego \u0142uk \u2014 od wodzostw Taino do wsp\u00f3\u0142czesnej republiki, od pionierskich europejskich bastion\u00f3w do dynamicznych centr\u00f3w miejskich \u2014 Republika Dominika\u0144ska ukazuje nar\u00f3d warstwowych kontrast\u00f3w. G\u00f3ry g\u00f3ruj\u0105 nad r\u00f3wninami, kt\u00f3re puchn\u0105 od plantacji; kolonialne kamienne mury przylegaj\u0105 do neonowych szyld\u00f3w kasyn; krajowe autostrady przecinaj\u0105 rezerwaty las\u00f3w mglistych. Jej mieszka\u0144cy nosz\u0105 zwyczaje i kuchnie zrodzone z wielu przodk\u00f3w i poruszaj\u0105 si\u0119 po nowoczesno\u015bci z przedsi\u0119biorczym zapa\u0142em. Dla wymagaj\u0105cego podr\u00f3\u017cnika jest to kraina odkry\u0107, gdzie ka\u017cdy widok \u2014 czy to przesi\u0105kni\u0119ty rumem wiatr Bayahibe, czy mu\u015bni\u0119te wiatrem szczyty Jarabacoa \u2014 rezonuje z wiekami ludzkiego wysi\u0142ku ukszta\u0142towanego przez morze, kamie\u0144 i niebo. Podsumowuj\u0105c, Republika Dominika\u0144ska jest dzi\u015b zar\u00f3wno stra\u017cnikiem najstarszego europejskiego dziedzictwa Ameryki, jak i przyk\u0142adem karaibskiej witalno\u015bci, kt\u00f3rej historia wyryta jest w g\u00f3rach, przep\u0142ywa przez rzeki i niesiona w g\u0142osach jej ludzi.<\/p>","protected":false},"excerpt":{"rendered":"<p>Republika Dominika\u0144ska, po\u0142o\u017cona na wyspie Hispaniola na Wielkich Antylach na Morzu Karaibskim, ma wed\u0142ug danych z 2024 r. populacj\u0119 przekraczaj\u0105c\u0105 11,4 miliona os\u00f3b. Zajmuj\u0105c powierzchni\u0119 48 671 kilometr\u00f3w kwadratowych (18 792 mil kwadratowych), jest drugim co do wielko\u015bci pa\u0144stwem na Antylach zar\u00f3wno pod wzgl\u0119dem powierzchni, jak i liczby ludno\u015bci, ust\u0119puj\u0105c jedynie Kubie pod wzgl\u0119dem powierzchni l\u0105dowej.<\/p>","protected":false},"author":1,"featured_media":3613,"parent":24084,"menu_order":0,"comment_status":"closed","ping_status":"closed","template":"elementor_theme","meta":{"_eb_attr":"","footnotes":""},"class_list":["post-9128","page","type-page","status-publish","has-post-thumbnail"],"_links":{"self":[{"href":"https:\/\/travelshelper.com\/pl\/wp-json\/wp\/v2\/pages\/9128","targetHints":{"allow":["GET"]}}],"collection":[{"href":"https:\/\/travelshelper.com\/pl\/wp-json\/wp\/v2\/pages"}],"about":[{"href":"https:\/\/travelshelper.com\/pl\/wp-json\/wp\/v2\/types\/page"}],"author":[{"embeddable":true,"href":"https:\/\/travelshelper.com\/pl\/wp-json\/wp\/v2\/users\/1"}],"replies":[{"embeddable":true,"href":"https:\/\/travelshelper.com\/pl\/wp-json\/wp\/v2\/comments?post=9128"}],"version-history":[{"count":0,"href":"https:\/\/travelshelper.com\/pl\/wp-json\/wp\/v2\/pages\/9128\/revisions"}],"up":[{"embeddable":true,"href":"https:\/\/travelshelper.com\/pl\/wp-json\/wp\/v2\/pages\/24084"}],"wp:featuredmedia":[{"embeddable":true,"href":"https:\/\/travelshelper.com\/pl\/wp-json\/wp\/v2\/media\/3613"}],"wp:attachment":[{"href":"https:\/\/travelshelper.com\/pl\/wp-json\/wp\/v2\/media?parent=9128"}],"curies":[{"name":"wp","href":"https:\/\/api.w.org\/{rel}","templated":true}]}}