{"id":9104,"date":"2024-09-07T11:31:28","date_gmt":"2024-09-07T11:31:28","guid":{"rendered":"https:\/\/travelshelper.com\/staging\/?page_id=9104"},"modified":"2026-03-13T16:30:12","modified_gmt":"2026-03-13T16:30:12","slug":"la-palma","status":"publish","type":"page","link":"https:\/\/travelshelper.com\/pl\/destinations\/north-america\/el-salvador\/la-palma\/","title":{"rendered":"La Palma"},"content":{"rendered":"<p>La Palma wy\u0142ania si\u0119 z otulonych mg\u0142\u0105 wy\u017cyn p\u00f3\u0142nocnego Salwadoru jako osada, kt\u00f3rej skromne wymiary skrywaj\u0105 ogromny rezonans w kulturowej i politycznej tkance kraju. Zajmuj\u0105c oko\u0142o 135,6 kilometr\u00f3w kwadratowych po\u015br\u00f3d falistych grzbiet\u00f3w pasma Cerro El Pital, La Palma jest schronieniem dla spo\u0142eczno\u015bci oko\u0142o 24 000 dusz (oko\u0142o 2006 r.), kt\u00f3rych \u017cycie toczy si\u0119 na wysoko\u015bciach, kt\u00f3re przywo\u0142uj\u0105 ch\u0142odne bryzy i zielone lasy. Po\u0142o\u017cona w pobli\u017cu granicy z Hondurasem, jej granice administracyjne \u2014 rozci\u0105gaj\u0105ce si\u0119 na p\u00f3\u0142noc do San Ignacio i na po\u0142udnie do Agua Caliente, flankowana na wschodzie przez rozleg\u0142e gminy San Fernando, San Francisco Moraz\u00e1n i La Reina, a od zachodu otoczona murem Metap\u00e1n i Cital\u00e1 \u2014 s\u0105 rze\u017abione przez kr\u0119ty bieg rzeki Lempa. Ta g\u00f3rzysta enklawa, charakteryzuj\u0105ca si\u0119 umiarkowanym klimatem, rzadko wyst\u0119puj\u0105cym gdzie indziej na nizinach tropikalnych, sta\u0142a si\u0119 synonimem zar\u00f3wno rzemie\u015blniczej pomys\u0142owo\u015bci, jak i kluczowych moment\u00f3w w historii nowo\u017cytnego Salwadoru.<\/p>\n<p>Pocz\u0105tki La Palmy si\u0119gaj\u0105 epoki kolonialnej, kiedy to niewielka osada \u2014 znana jako Palmita \u2014 zapu\u015bci\u0142a korzenie obok niezr\u00f3wnanego nurtu rzeki Nonuapa. W 1882 r. pow\u00f3d\u017a zala\u0142a te wczesne domy, zmuszaj\u0105c ocala\u0142ych do za\u0142o\u017cenia nowego miejsca na wy\u017cszym terenie. Ten akt zbiorowej determinacji zasia\u0142 ziarno w miasteczku, kt\u00f3rego nazwa mia\u0142a wznie\u015b\u0107 si\u0119 do statusu miejskiego w 1959 r. na mocy dekretu ustawodawczego, jednocz\u0105c kantony Los Horcones, Los Planes, Las Granadillas, El Gramal, San Jos\u00e9 Sacar\u00e9, El T\u00fanel, El Aguacatal i San Josecalera pod jedn\u0105 jurysdykcj\u0105 miejsk\u0105. Przej\u015bcie z kruchej osady Palmita do w pe\u0142ni rozwini\u0119tej gminy podkre\u015bli\u0142o zdolno\u015b\u0107 jej mieszka\u0144c\u00f3w do tworzenia porz\u0105dku po\u015br\u00f3d kaprys\u00f3w natury.<\/p>\n<p>Jednak to w tyglu wojny domowej w Salwadorze s\u0142awa La Palmy przekroczy\u0142a geograficzn\u0105 marginalno\u015b\u0107. Od 1980 r. surowy teren stanowi\u0142 schronienie dla ideologicznych kana\u0142\u00f3w si\u0142 powsta\u0144czych. Doliny i grzbiety g\u00f3rskie sta\u0142y si\u0119 klasami doktryny partyzanckiej, a zalesione zbocza s\u0142u\u017cy\u0142y zar\u00f3wno jako sanktuarium, jak i pole bitwy, gdy wojska rz\u0105dowe naciera\u0142y. Gmina przyj\u0119\u0142a zatem podw\u00f3jn\u0105 to\u017csamo\u015b\u0107: inkubator my\u015bli rewolucyjnej i teatr zbrojnej konfrontacji. Jej znaczenie skrystalizowa\u0142o si\u0119 15 pa\u017adziernika 1984 r., gdy prezydent Jos\u00e9 Napole\u00f3n Duarte spotka\u0142 si\u0119 potajemnie z przyw\u00f3dcami Frente Farabundo Mart\u00ed para la Liberaci\u00f3n Nacional w okr\u0119gach La Palmy, inauguruj\u0105c negocjacje, kt\u00f3re mia\u0142y zako\u0144czy\u0107 si\u0119 Porozumieniami Pokojowymi z Chapultepec. W tym ulotnym akcie dialogu \u2013 niesionym nadziej\u0105, \u017ce dialog mo\u017ce z\u0142agodzi\u0107 przemoc \u2013 La Palma uciele\u015bnia paradoksaln\u0105 alchemi\u0119: miejsce sporu przekszta\u0142ca si\u0119 w tygiel pojednania.<\/p>\n<p>Topografia, kt\u00f3ra kiedy\u015b ukrywa\u0142a obozy partyzanckie, obecnie wspiera kwitn\u0105c\u0105 gospodark\u0119 rzemie\u015blnicz\u0105. Obecnie oko\u0142o trzech czwartych mieszka\u0144c\u00f3w La Palmy utrzymuje si\u0119 z rzemios\u0142a i t\u0142um\u00f3w go\u015bci przyci\u0105ganych ich s\u0142aw\u0105. Na pocz\u0105tku lat 70. wizjonerski artysta Fernando Llort wprowadzi\u0142 rodzim\u0105 estetyk\u0119, kt\u00f3ra \u0142\u0105czy\u0142a rodzime motywy z modernistyczn\u0105 geometri\u0105, katalizuj\u0105c to, co mia\u0142o sta\u0107 si\u0119 przemys\u0142em rzemie\u015blniczym unikalnym w Salwadorze. Warsztaty rozkwit\u0142y w sze\u015bciu miejskich dzielnicach miasta i rozla\u0142y si\u0119 na osiemdziesi\u0105t siedem wiejskich caser\u00edos, ostatecznie licz\u0105c blisko sto zak\u0142ad\u00f3w rzemie\u015blniczych \u2014 po\u0142owa z nich zajmowa\u0142a si\u0119 eksportem towar\u00f3w, od r\u0119cznie malowanej ceramiki po misternie tkane tekstylia. Misterne wzory linii Llorta zaopatruj\u0105 zar\u00f3wno krajowe rynki, jak i galerie za granic\u0105 w przedmioty, kt\u00f3re nosz\u0105 niezaprzeczalny \u015blad La Palmy. Przychody z tych przedsi\u0119biorstw \u2013 generowane cz\u0119\u015bciowo przez turystyk\u0119 kulturaln\u0105 \u2013 stanowi\u0105 obecnie podstaw\u0119 stabilno\u015bci finansowej gminy, znacznie odbiegaj\u0105c od og\u00f3lnej sytuacji w gospodarce narodowej, w kt\u00f3rej rzemios\u0142o rzadko odgrywa tak wa\u017cn\u0105 rol\u0119.<\/p>\n<p>Pozosta\u0142a \u0107wier\u0107 si\u0142y roboczej La Palmy zajmuje si\u0119 gleb\u0105 i plantacjami kawy, kt\u00f3re przylegaj\u0105 do dost\u0119pnych stok\u00f3w. Warzywa, kukurydza i fasola zajmuj\u0105 ni\u017csze dzia\u0142ki, podczas gdy krzewy kawy \u2014 niegdy\u015b stanowi\u0105ce ponad po\u0142ow\u0119 dochod\u00f3w z eksportu kraju w 1988 r. \u2014 s\u0105 obecnie zmniejszonym \u017ar\u00f3d\u0142em dochodu, przynosz\u0105c zaledwie siedem procent przychod\u00f3w z eksportu do 2004 r. z powodu mi\u0119dzynarodowej konkurencji. Jednak nawet gdy ogrody kawowe si\u0119 kurcz\u0105, nadal pozostaj\u0105 pozosta\u0142o\u015bci\u0105 niegdy\u015b dominuj\u0105cej bran\u017cy, podkre\u015blaj\u0105c krajobraz schludnymi rz\u0119dami wiecznie zielonych krzew\u00f3w, kt\u00f3rych wi\u015bnie kawowe czerwieniej\u0105 na tle szmaragdowego baldachimu.<\/p>\n<p>Opr\u00f3cz ludzkich przedsi\u0119wzi\u0119\u0107, La Palma obejmuje szereg naturalnych atrakcji, kt\u00f3re nagradzaj\u0105 eksploracj\u0119. Trzynastokilometrowa podr\u00f3\u017c z centrum miasta prowadzi do Lasu Miramundo, gdzie wysoko\u015b\u0107 oko\u0142o 2400 metr\u00f3w przynosi \u015bredni\u0105 temperatur\u0119 zaledwie dwunastu stopni Celsjusza. Tam, ob\u0142oki sosen i d\u0119b\u00f3w stoj\u0105 na stra\u017cy szlak\u00f3w, kt\u00f3re zapraszaj\u0105 do kontemplacyjnych w\u0119dr\u00f3wek. Schodz\u0105c w kierunku dna doliny, napotyka si\u0119 San Ignacio na wysoko\u015bci 1010 metr\u00f3w nad poziomem morza \u2014 osad\u0119, kt\u00f3rej skromne hotele i wycieczki z przewodnikiem s\u0105 dostosowane do potrzeb podr\u00f3\u017cnych, kt\u00f3rzy chc\u0105 spr\u00f3bowa\u0107 zar\u00f3wno ch\u0142odnego klimatu regionu, jak i jego urok\u00f3w rzecznych. Kr\u00f3tka podr\u00f3\u017c na p\u00f3\u0142noc prowadzi do biegu rzeki Lempa, gdzie miasteczko Cital\u00e1 wznosi si\u0119 jak stra\u017cnik na jej brzegach, oferuj\u0105c spokojny kontrast z widokami g\u00f3rskimi.<\/p>\n<p>Dalej wzd\u0142u\u017c g\u00f3rskich dr\u00f3g Las Pilas wy\u0142ania si\u0119 jako enklawa, kt\u00f3rej klimat jest jeszcze ni\u017cszy ni\u017c w Miramundo, obdarowuj\u0105c lokalnych plantator\u00f3w warunkami idealnymi dla je\u017cyn, truskawek i brzoskwi\u0144, obok li\u015bciastych produkt\u00f3w podstawowych, takich jak sa\u0142ata i kapusta. Obfito\u015b\u0107 tych sad\u00f3w i p\u00f3l odzwierciedla zdolno\u015b\u0107 praktyk rolniczych do adaptacji do mikroklimat\u00f3w wywo\u0142anych wysoko\u015bci\u0105, a szlak z La Palmy do Las Pilas oferuje zar\u00f3wno malownicze cuda, jak i wgl\u0105d w wysokog\u00f3rskie \u017cycie rolnicze.<\/p>\n<p>Na granicy mi\u0119dzy narodami, cztery kilometry za San Ignacio, Kamie\u0144 Cayahuanca wznosi si\u0119 na oko\u0142o 1550 metr\u00f3w nad poziomem morza. Ta ods\u0142oni\u0119ta ska\u0142a, wyznaczaj\u0105ca granic\u0119 salwadorsko-hondursk\u0105, oferuje panoramiczne widoki na szmaragdowe grzbiety obu kraj\u00f3w. Podczas Wielkiego Tygodnia lokalne rodziny i pielgrzymi zbieraj\u0105 si\u0119 na jego szerokiej powierzchni, aby by\u0107 \u015bwiadkami zmierzchu zapadaj\u0105cego nad horyzontem podzielonym w\u0105sk\u0105 lini\u0105 w skale \u2014 doroczny rytua\u0142 wsp\u00f3lnotowego zgromadzenia, kt\u00f3ry trwa poza ko\u015bcielnymi obrz\u0119dami, symbolizuj\u0105cy wsp\u00f3lne dziedzictwo kulturowe, kt\u00f3re \u0142\u0105czy podzia\u0142y narodowe.<\/p>\n<p>Najwy\u017cszy szczyt w salwadorskiej ziemi, Cerro El Pital, le\u017cy oko\u0142o dwunastu kilometr\u00f3w od La Palmy. Na wysoko\u015bci 2730 metr\u00f3w przebija si\u0119 przez warstw\u0119 chmur i g\u00f3ruje nad lasem, w kt\u00f3rym \u015brednia roczna temperatura wynosi dziesi\u0119\u0107 stopni Celsjusza. Ch\u0142odne obj\u0119cia g\u00f3ry okazjonalnie przynosz\u0105 zjawiska, kt\u00f3re zadziwiaj\u0105 nawet d\u0142ugoletnich mieszka\u0144c\u00f3w: 13 kwietnia 2004 r. niespodziewanie spad\u0142 mr\u00f3z i nier\u00f3wnomierne warstwy lodu, co wywo\u0142a\u0142o zdumione okrzyki \u201enevada\u201d i ulotne odwo\u0142anie si\u0119 do lokalnej wiedzy w pr\u00f3bach wyja\u015bnienia zjawiska meteorologicznego rzadkiego na tych szeroko\u015bciach geograficznych. Takie chwile podkre\u015blaj\u0105 kapry\u015bno\u015b\u0107 g\u00f3rskiej pogody i pokor\u0119, jak\u0105 wpaja ona tym, kt\u00f3rzy mieszkaj\u0105 u jej st\u00f3p.<\/p>\n<p>Administracyjnie osiem kanton\u00f3w La Palmy i towarzysz\u0105ce im siedemdziesi\u0105t kilka caser\u00edos tworz\u0105 gobelin wiejskich osad, kt\u00f3re \u0142\u0105cz\u0105 si\u0119, tworz\u0105c mocniejsze j\u0105dro gminy sk\u0142adaj\u0105ce si\u0119 z sze\u015bciu okr\u0119g\u00f3w miejskich. Zapisy spisowe ilustruj\u0105 spo\u0142eczno\u015b\u0107, kt\u00f3ra rozros\u0142a si\u0119 z 5337 dusz w po\u0142owie 1956 r. \u2014 podzielonych niemal r\u00f3wno mi\u0119dzy 2780 m\u0119\u017cczyzn i 2957 kobiet \u2014 do zbiorowo\u015bci oko\u0142o 24 000 w 2006 r., co jest dowodem zar\u00f3wno naturalnego wzrostu, jak i przep\u0142yw\u00f3w migracyjnych, kt\u00f3re po\u0142\u0105czy\u0142y miejski i wiejski styl \u017cycia w jedn\u0105 to\u017csamo\u015b\u0107 regionaln\u0105.<\/p>\n<p>W tym otoczeniu warsztaty rzemie\u015blnicze nie s\u0142u\u017c\u0105 wy\u0142\u0105cznie jako silniki ekonomiczne, ale jako repozytoria pami\u0119ci kulturowej, przekazuj\u0105c motywy pochodz\u0105ce z rdzennej symboliki, ikonografii religijnej i \u017cywej flory i fauny lasu mglistego. Ka\u017cdy pomalowany talerz, ka\u017cda rze\u017abiona figurka, niesie w miniaturze faktury palm nadrzecznych, pi\u00f3ra tropikalnych ptak\u00f3w i kontury szczyt\u00f3w wulkanicznych, przypominaj\u0105c utracony brzeg rzeki Palmita, nawet gdy \u015bwi\u0119tuje solidno\u015b\u0107 swojego nast\u0119pcy, La Palmy.<\/p>\n<p>Warto zastanowi\u0107 si\u0119 nad tym, \u017ce te same zbocza, kt\u00f3re by\u0142y \u015bwiadkami strzelanin i tajnych sesji strategicznych, zosta\u0142y ponownie wykorzystane jako p\u0142\u00f3tna dla sztuki i handlu. Szlaki partyzanckie, niegdy\u015b wydeptane przez bojownik\u00f3w, teraz wij\u0105 si\u0119 obok pracowni z glinianymi \u015bcianami, kt\u00f3rych fasady zdobi\u0105 malowid\u0142a \u015bcienne w naiwnym stylu zapocz\u0105tkowanym przez Llorta. Tutaj odwiedzaj\u0105cy mog\u0105 obserwowa\u0107 rzemie\u015blnik\u00f3w rozci\u0105gaj\u0105cych gesso na drewnie, szlifuj\u0105cych naturalne pigmenty lub odrysowuj\u0105cych geometryczne wzory na ceramicznych talerzach, tworz\u0105c po\u0142\u0105czenia mi\u0119dzy lokaln\u0105 tradycj\u0105 a globalnymi rynkami. Rzemios\u0142o i konflikt \u2014 dwa oblicza ludzkiego wysi\u0142ku \u2014 zbieg\u0142y si\u0119 w La Palmie, dzi\u0119ki czemu duch odporno\u015bci przekazywany przez trudno\u015bci sta\u0142 si\u0119 nieod\u0142\u0105czny od kreatywnego impulsu, kt\u00f3ry definiuje dzisiejsze miasto.<\/p>\n<p>Gdy \u015bwit wstaje nad El Pital, roz\u015bwietlaj\u0105c mg\u0142\u0119 w pasmach r\u00f3\u017cu i z\u0142ota, La Palma jawi si\u0119 jako mikrokosmos szerszej narracji Salwadoru: kraina, w kt\u00f3rej naturalne pi\u0119kno wsp\u00f3\u0142istnieje z burzliw\u0105 przesz\u0142o\u015bci\u0105, gdzie ekspresja kulturowa wy\u0142ania si\u0119 z przeciwno\u015bci losu, a wi\u0119zi spo\u0142eczne \u2014 wzmocnione wsp\u00f3ln\u0105 histori\u0105 \u2014 wyznaczaj\u0105 kurs ku odnowie. Ch\u0142odne g\u00f3rskie powietrze niesie szepty minionych bitew i poci\u0105gni\u0119\u0107 p\u0119dzla, kt\u00f3re dopiero maj\u0105 zosta\u0107 wykonane, rozm\u00f3w traktatowych, kt\u00f3re kiedy\u015b odbywa\u0142y si\u0119 pod tym samym niebem, i rzemie\u015blnik\u00f3w, kt\u00f3rzy teraz kszta\u0142tuj\u0105 losy miasta. Dla podr\u00f3\u017cnika, kt\u00f3ry zapuszcza si\u0119 do tej g\u00f3rskiej gminy, spotkanie wykracza poza zwyk\u0142\u0105 obserwacj\u0119 malowniczych widok\u00f3w; staje si\u0119 zanurzeniem w \u017cywej kronice, w kt\u00f3rej ka\u017cde rzemios\u0142o, ka\u017cde uprawiane pole i ka\u017cdy pokryty mchem szlak opowiada histori\u0119 transformacji i wytrwa\u0142o\u015bci.<\/p>\n<p>Ostatecznie La Palma nie jawi si\u0119 ani jako statyczna relikwia, ani jako wysterylizowane muzeum pami\u0119ci narodowej, ale raczej jako dynamiczna osada, w kt\u00f3rej historia i sztuka s\u0105 w nieustannym dialogu. \u015aledz\u0105c jej pocz\u0105tki od wioski nad rzek\u0105 do tygla politycznej zgody i dalej do latarni doskona\u0142o\u015bci rzemie\u015blniczej, mo\u017cna dostrzec trwaj\u0105ce kontinuum \u2014 narracj\u0119, kt\u00f3ra \u0142\u0105czy wymuszon\u0105 powodzi\u0105 migracj\u0119, bratob\u00f3jczy konflikt i wsp\u00f3lnotowe d\u0105\u017cenie do tworzenia pi\u0119kna z gliny ludzkiego do\u015bwiadczenia. To na tych zboczach, po\u015br\u00f3d echa rzeki i grzbietu, La Palma nadal pisze sw\u00f3j rozdzia\u0142 w historii Salwadoru.<\/p>","protected":false},"excerpt":{"rendered":"<p>La Palma, malownicza gmina po\u0142o\u017cona w departamencie Chalatenango w Salwadorze, jest przyk\u0142adem bogatego dziedzictwa historycznego i kulturowego tego \u015brodkowoameryka\u0144skiego kraju. La Palma, zajmuj\u0105ca powierzchni\u0119 135,60 kilometr\u00f3w kwadratowych, znajduje si\u0119 w pag\u00f3rkowatym regionie znanym z naturalnego pi\u0119kna i dynamicznej spo\u0142eczno\u015bci rzemie\u015blniczej. W 2006 r. gmina ta liczy\u0142a ponad 24 000 mieszka\u0144c\u00f3w, prezentuj\u0105c \u017cywe po\u0142\u0105czenie miejskiego i wiejskiego stylu \u017cycia.<\/p>","protected":false},"author":1,"featured_media":3498,"parent":9069,"menu_order":0,"comment_status":"closed","ping_status":"closed","template":"elementor_theme","meta":{"_eb_attr":"","footnotes":""},"class_list":["post-9104","page","type-page","status-publish","has-post-thumbnail"],"_links":{"self":[{"href":"https:\/\/travelshelper.com\/pl\/wp-json\/wp\/v2\/pages\/9104","targetHints":{"allow":["GET"]}}],"collection":[{"href":"https:\/\/travelshelper.com\/pl\/wp-json\/wp\/v2\/pages"}],"about":[{"href":"https:\/\/travelshelper.com\/pl\/wp-json\/wp\/v2\/types\/page"}],"author":[{"embeddable":true,"href":"https:\/\/travelshelper.com\/pl\/wp-json\/wp\/v2\/users\/1"}],"replies":[{"embeddable":true,"href":"https:\/\/travelshelper.com\/pl\/wp-json\/wp\/v2\/comments?post=9104"}],"version-history":[{"count":0,"href":"https:\/\/travelshelper.com\/pl\/wp-json\/wp\/v2\/pages\/9104\/revisions"}],"up":[{"embeddable":true,"href":"https:\/\/travelshelper.com\/pl\/wp-json\/wp\/v2\/pages\/9069"}],"wp:featuredmedia":[{"embeddable":true,"href":"https:\/\/travelshelper.com\/pl\/wp-json\/wp\/v2\/media\/3498"}],"wp:attachment":[{"href":"https:\/\/travelshelper.com\/pl\/wp-json\/wp\/v2\/media?parent=9104"}],"curies":[{"name":"wp","href":"https:\/\/api.w.org\/{rel}","templated":true}]}}