{"id":9069,"date":"2024-09-07T10:45:07","date_gmt":"2024-09-07T10:45:07","guid":{"rendered":"https:\/\/travelshelper.com\/staging\/?page_id=9069"},"modified":"2026-03-13T16:30:26","modified_gmt":"2026-03-13T16:30:26","slug":"salwador","status":"publish","type":"page","link":"https:\/\/travelshelper.com\/pl\/destinations\/north-america\/el-salvador\/","title":{"rendered":"Salwador"},"content":{"rendered":"<p>Salwador, Republika Salwadoru, zajmuje w\u0105ski pas Ameryki \u015arodkowej mi\u0119dzy 13\u00b0 i 15\u00b0 szeroko\u015bci geograficznej p\u00f3\u0142nocnej i 87\u00b0 i 91\u00b0 d\u0142ugo\u015bci geograficznej zachodniej, obejmuj\u0105c oko\u0142o 21 041 km\u00b2 z populacj\u0105 szacowan\u0105 na sze\u015b\u0107 milion\u00f3w w 2024 roku. Ograniczona od p\u00f3\u0142nocnego zachodu przez Gwatemal\u0119, od p\u00f3\u0142nocnego wschodu przez Honduras, a od po\u0142udnia przez Ocean Spokojny, ta zwarta republika \u2014 pieszczotliwie nazywana \u201eTomkiem Paluszkiem Ameryk\u201d \u2014 posiada San Salvador jako swoj\u0105 stolic\u0119 i najludniejsze miasto. Pomimo skromnych rozmiar\u00f3w, teren Salwadoru wznosi si\u0119 od r\u00f3wnin przybrze\u017cnych po wy\u017cyny wulkaniczne, jego ludzka tkanka splata przedkolumbijskie dziedzictwo z kolonialnymi wstrz\u0105sami, a jego rozwijaj\u0105ca si\u0119 gospodarka r\u00f3wnowa\u017cy korzenie rolnicze z powstaj\u0105cymi sektorami przemys\u0142owymi i us\u0142ugowymi.<\/p>\n<p>Na d\u0142ugo zanim europejskie statki przeci\u0119\u0142y horyzont Pacyfiku, kolejne cywilizacje Mezoameryki zostawi\u0142y swoje \u015blady. Archeologiczne \u015blady obecno\u015bci Olmek\u00f3w oko\u0142o pierwszego tysi\u0105clecia p.n.e. daj\u0105 wskaz\u00f3wki na temat wczesnej z\u0142o\u017cono\u015bci spo\u0142ecznej, podczas gdy p\u00f3\u017aniejsze osady Maj\u00f3w pozostawi\u0142y architektoniczne i ikonograficzne \u015blady w\u015br\u00f3d wzg\u00f3rz. W czasie, gdy m\u00f3wi\u0105cy j\u0119zykiem Pipil-Nahuatl Cuzcatlecowie osi\u0105gn\u0119li regionaln\u0105 wybitno\u015b\u0107, ukszta\u0142towa\u0142o si\u0119 dynamiczne \u015brodowisko kulturowe, naznaczone rytualnymi placami i innowacjami agrarnymi. Te rdzenne polityki utrzymywa\u0142y bogato powi\u0105zane sieci handlu i wierze\u0144 a\u017c do pocz\u0105tku XVI wieku, kiedy hiszpa\u0144scy konkwistadorzy wkroczyli w g\u0142\u0105b l\u0105du z Gwatemali, narzucaj\u0105c struktury kolonialne, kt\u00f3re przetrwa\u0142y trzy stulecia.<\/p>\n<p>Dominacja hiszpa\u0144skiej korony nad Ameryk\u0105 \u015arodkow\u0105 skrystalizowa\u0142a si\u0119 w 1609 r. wraz z utworzeniem Kapitanii Generalnej Gwatemali, na mocy kt\u00f3rej terytorium Salwadoru by\u0142o zarz\u0105dzane z Mexico City, ale zachowa\u0142o pewien stopie\u0144 autonomii prowincjonalnej. W ramach tych ram lokalni w\u0142a\u015bciciele ziemscy koncentrowali bogactwo na uprawie indygo i kakao, rozwijaj\u0105c gospodark\u0119 pocz\u0105tkowo powi\u0105zan\u0105 z rodzimymi produktami podstawowymi, przej\u0119tymi przez kolonialne elity. Wraz z wojn\u0105 o niepodleg\u0142o\u015b\u0107 Meksyku i upadkiem Nowej Hiszpanii w 1821 r. Salwador do\u0142\u0105czy\u0142 do kr\u00f3tkiego Pierwszego Cesarstwa Meksyka\u0144skiego, zanim w 1823 r. og\u0142osi\u0142 cz\u0142onkostwo w Republice Federalnej Ameryki \u015arodkowej. Jego status suwerennego pa\u0144stwa wy\u0142oni\u0142 si\u0119 po rozwi\u0105zaniu federacji w 1841 r.; p\u00f3\u017aniejszy eksperyment z Wielk\u0105 Republik\u0105 Ameryki \u015arodkowej (1896\u20131898) potwierdzi\u0142 sk\u0142\u00f3cone sk\u0142onno\u015bci regionu.<\/p>\n<p>Pod koniec XIX wieku i na pocz\u0105tku XX wieku nier\u00f3wno\u015bci spo\u0142eczno-ekonomiczne utrwali\u0142y si\u0119 w utrwalone hierarchie dzier\u017cawy ziemi i wp\u0142yw\u00f3w politycznych. Oligarchia plantacyjna zmonopolizowa\u0142a eksport kawy \u2014 na pocz\u0105tku XX wieku stanowi\u0142o to a\u017c dziewi\u0119\u0107dziesi\u0105t procent dochod\u00f3w z wymiany walut \u2014 podczas gdy wi\u0119kszo\u015b\u0107 mieszka\u0144c\u00f3w wsi ledwo wi\u0105za\u0142a koniec z ko\u0144cem, utrzymuj\u0105c si\u0119 z marginalnych posiad\u0142o\u015bci. Okresowe bunty i zamachy stanu przerywa\u0142y proces autorytarnych administracji, a kulminacj\u0105 by\u0142a wojna domowa w Salwadorze (1979\u20131992). Ten dwunastoletni konflikt postawi\u0142 wspierany przez Stany Zjednoczone rz\u0105d wojskowy przeciwko koalicji lewicowych partyzant\u00f3w; po jego zako\u0144czeniu na mocy Porozumie\u0144 pokojowych z Chapultepec ustanowiono wielopartyjn\u0105 republik\u0119 konstytucyjn\u0105. Podczas i po dzia\u0142aniach wojennych do Stan\u00f3w Zjednoczonych przedosta\u0142o si\u0119 prawie milion Salwadorczyk\u00f3w, tworz\u0105c tam sz\u00f3st\u0105 co do wielko\u015bci spo\u0142eczno\u015b\u0107 imigrant\u00f3w do 2008 roku.<\/p>\n<p>\u017bycie gospodarcze w erze popokojowej d\u0105\u017cy\u0142o do dywersyfikacji wykraczaj\u0105cej poza dawne panowanie kawy. Colon \u2014 jednostka monetarna Salwadoru od 1892 r. \u2014 zosta\u0142 zast\u0105piony dolarem ameryka\u0144skim w 2001 r., co zacie\u015bni\u0142o wi\u0119zi finansowe z rynkami Ameryki P\u00f3\u0142nocnej. Inicjatywy maj\u0105ce na celu rozszerzenie przemys\u0142u wytw\u00f3rczego i us\u0142ugowego towarzyszy\u0142y zliberalizowanej polityce handlowej, przynosz\u0105c skromne zmniejszenie nier\u00f3wno\u015bci dochod\u00f3w do 2019 r. do najni\u017cszego poziomu w\u015br\u00f3d s\u0105siednich pa\u0144stw. Niemniej jednak badanie por\u00f3wnawcze z 2021 r. sklasyfikowa\u0142o gospodark\u0119 kraju w\u015br\u00f3d najmniej z\u0142o\u017conych pod wzgl\u0119dem wyrafinowania biznesowego, co przypomina o ci\u0105g\u0142ych wyzwaniach nawet w obliczu stopniowych zysk\u00f3w.<\/p>\n<p>Topograficznie Salwador zawdzi\u0119cza sw\u00f3j charakter procesom wulkanicznym. Zakotwiczony w Pacyficznym Pier\u015bcieniu Ognia, kraj ten jest domem dla ponad dwudziestu wulkan\u00f3w, z kt\u00f3rych wiele pozostaje aktywnych lub potencjalnie aktywnych. Ilamatepec (wulkan Santa Anna) wznosi si\u0119 na wysoko\u015b\u0107 2384 metr\u00f3w nad poziomem morza, podczas gdy Chaparrastique (wulkan San Miguel) wykazuje najwi\u0119ksz\u0105 cz\u0119stotliwo\u015b\u0107 erupcji. R\u00f3wnoleg\u0142e pasma g\u00f3rskie otaczaj\u0105 centralne p\u0142askowy\u017ce, ich zbocza s\u0105 przeci\u0119te przez ponad trzysta rzek, kt\u00f3re, z Rio Lempa jako jedynym \u017ceglownym szlakiem wodnym, odprowadzaj\u0105 do Pacyfiku. Pomi\u0119dzy tymi wy\u017cynami znajduj\u0105 si\u0119 jeziora kraterowe, takie jak Ilopango i Coatepeque, pozosta\u0142o\u015bci gwa\u0142townych erupcji, kt\u00f3re obecnie utrzymuj\u0105 rybo\u0142\u00f3wstwo i turystyk\u0119, obok sztucznych zbiornik\u00f3w, takich jak Cerr\u00f3n Grande, kt\u00f3re wspieraj\u0105 generacj\u0119 energii wodnej.<\/p>\n<p>Klimatycznie panuje tu re\u017cim bifurkacyjny: pora deszczowa, invierno, od maja do pa\u017adziernika przynosi rocznie do dw\u00f3ch tysi\u0119cy milimetr\u00f3w deszczu na nawietrzne stoki g\u00f3rskie, podczas gdy pora sucha, verano, rozci\u0105ga si\u0119 od listopada do kwietnia pod wp\u0142ywem p\u00f3\u0142nocno\u2011wschodnich pasat\u00f3w pozbawionych wilgoci przez transhondura\u0144skie przej\u015bcie. Wahania temperatury zale\u017c\u0105 bardziej od wysoko\u015bci ni\u017c od kalendarza: na nizinach przybrze\u017cnych \u015brednia wynosi od 25 \u00b0C do 29 \u00b0C; na p\u0142askowy\u017cu centralnym temperatura wynosi oko\u0142o 23 \u00b0C; a na wy\u017cszych wysoko\u015bciach temperatury spadaj\u0105 w kierunku nocy jednocyfrowych. Sam San Salvador rejestruje ekstrema od 6 \u00b0C do 38 \u00b0C, co \u015bwiadczy o jego umiarkowanej wysoko\u015bci oko\u0142o siedmiuset metr\u00f3w.<\/p>\n<p>W ostatnich dekadach turystyka sta\u0142a si\u0119 wa\u017cnym sektorem, przynosz\u0105c 2,97 miliarda dolar\u00f3w ameryka\u0144skich \u2014 jedena\u015bcie procent PKB \u2014 w 2019 r. Pla\u017ce takie jak El Tunco, El Sunzal i La Costa del Sol przyci\u0105gaj\u0105 surfer\u00f3w, kt\u00f3rzy rozkoszuj\u0105 si\u0119 sta\u0142ymi falami Pacyfiku; wspinaczki wulkaniczne na Santa Ana i Izalco stanowi\u0105 wyzwanie dla w\u0119drowc\u00f3w z panoramicznymi widokami krater\u00f3w; a stanowiska archeologiczne takie jak Joya de Cer\u00e9n \u2014 cz\u0119sto por\u00f3wnywane do \u015brodkowoameryka\u0144skich Pompej\u00f3w \u2014 i Tazumal zach\u0119caj\u0105 do kontemplacji \u017cycia przedhiszpa\u0144skiego. Miasta kolonialne, od Suchitoto z jego brukowanymi uliczkami po widoki na kraj kawy Apaneca, zachowuj\u0105 fragmenty dziedzictwa architektonicznego, oferuj\u0105c jednocze\u015bnie towary rzemie\u015blnicze. Nisze ekoturystyki znajduj\u0105 si\u0119 w lasach mgie\u0142kowych Montecristo, Bosque El Imposible i konstelacji wysp \u2014 Olomega, Meanguera, Conchagua \u2014 gdzie kolonie ptak\u00f3w kwitn\u0105, a wioski rybackie zachowuj\u0105 sw\u00f3j tradycyjny rytm.<\/p>\n<p>Infrastruktura publiczna do\u015bwiadczy\u0142a zmiennego losu. Badanie przeprowadzone w 2015 r. przez University of North Carolina pochwali\u0142o Salwador za osi\u0105gni\u0119cie najwi\u0119kszego globalnego post\u0119pu w zakresie sprawiedliwego zaopatrzenia w wod\u0119 i dost\u0119pu do urz\u0105dze\u0144 sanitarnych, jednak zanieczyszczenie rzek i monopolistyczny styl u\u017cyteczno\u015bci publicznej sygnalizuj\u0105 nierozwi\u0105zane problemy. W obliczu pandemii COVID\u201119 przekszta\u0142cenie du\u017cego centrum kongresowego w Hospital El Salvador \u2014 najwi\u0119kszy w Ameryce \u0141aci\u0144skiej \u2014 stanowi\u0142o zar\u00f3wno strategiczn\u0105 odpowied\u017a, jak i trwa\u0142\u0105 inwestycj\u0119 w opiek\u0119 zdrowotn\u0105. Otwarty 22 czerwca 2020 r. obiekt oferuje obecnie ponad tysi\u0105c \u0142\u00f3\u017cek OIOM, kompleksowe us\u0142ugi radiologiczne i banku krwi oraz zintegrowan\u0105 kostnic\u0119, przy koszcie zbli\u017caj\u0105cym si\u0119 do 75 milion\u00f3w dolar\u00f3w ameryka\u0144skich.<\/p>\n<p>\u0141\u0105czno\u015b\u0107 rozci\u0105ga si\u0119 poprzez mi\u0119dzynarodowe lotnisko Monse\u00f1or \u00d3scar Arnulfo Romero, po\u0142o\u017cone oko\u0142o czterdziestu kilometr\u00f3w na po\u0142udniowy wsch\u00f3d od stolicy. Z tych p\u0142yt postojowych go\u015bcie wyruszaj\u0105 \u2014 cho\u0107 w ramach narracji swojego przybycia \u2014 w kierunku krainy, kt\u00f3rej \u0142\u0105czna populacja odzwierciedla stulecia mieszania si\u0119 rdzennych Pipil, hiszpa\u0144skich osadnik\u00f3w i zniewolonych Afrykan\u00f3w. Migracja ze wsi do miast od lat 60. XX wieku uczyni\u0142a z Salwadoru najg\u0119\u015bciej zaludniony stan w kontynentalnej Ameryce, prawie czterdzie\u015bci dwa procent jego ludno\u015bci nadal mieszka w spo\u0142eczno\u015bciach wiejskich, nawet gdy San Salvador rozrasta si\u0119 do oko\u0142o 2,1 miliona mieszka\u0144c\u00f3w.<\/p>\n<p>Ekspresja kulturowa rozkwita w literaturze, sztuce i pie\u015bniach. Pisarze od Francisco Gavidii do Roque Daltona, od Claudii Lars do Manlio Arguety, dali wyraz spo\u0142ecznym zmaganiom i mitycznej pami\u0119ci. Malarze tacy jak Camilo Minero, Carlos Ca\u00f1as i kolektyw znany jako Studio Lenca nasycaj\u0105 p\u0142\u00f3tna spektralnymi kolorami i historycznymi refleksjami. Re\u017cyserzy filmowi \u2014 w\u015br\u00f3d nich nie\u017cyj\u0105cy Baltasar Polio i Patricia Chica \u2014 i karykaturzy\u015bci tacy jak To\u00f1o Salazar wykorzystuj\u0105 media wizualne do komentarza spo\u0142ecznego. Ko\u015bci\u00f3\u0142 wywar\u0142 g\u0142\u0119boki wp\u0142yw, uciele\u015bniony najbardziej przejmuj\u0105co w m\u0119cze\u0144stwie arcybiskupa \u00d3scara Romero po\u015br\u00f3d krucjaty na rzecz praw cz\u0142owieka; jezuiccy uczeni Ignacio Ellacur\u00eda, Ignacio Mart\u00edn\u2011Bar\u00f3 i Segundo Montes r\u00f3wnie\u017c zap\u0142acili najwy\u017csz\u0105 cen\u0119 podczas wojny domowej.<\/p>\n<p>Tradycje kulinarne zakotwiczaj\u0105 to\u017csamo\u015b\u0107 narodow\u0105 wok\u00f3\u0142 kukurydzy i rodzimej flory. Pupusa \u2014 r\u0119cznie prasowane tortille nadziewane quesillo, chicharr\u00f3n, fasol\u0105 refried lub loroco \u2014 zosta\u0142y zapisane w dekrecie konstytucyjnym jako danie narodowe Salwadoru, upami\u0119tniane corocznie w drug\u0105 niedziel\u0119 listopada. Salwadorskie sto\u0142y roj\u0105 si\u0119 od yuca frita w towarzystwie curtido i sk\u00f3rek wieprzowych, podczas gdy panes con pollo to pikantny, r\u0119cznie szarpany indyk lub kurczak w bu\u0142ce podwodnej, ozdobiony rze\u017cuch\u0105, og\u00f3rkiem i archiwum przypraw. Poranne rytua\u0142y obejmuj\u0105 sma\u017cone banany polane \u015bmietan\u0105 i napoje, takie jak morro\u2011seed horchata lub owocowa ensalada; ciasto z trzech rodzaj\u00f3w mleka moczy biszkopt o zapachu migda\u0142\u00f3w w odparowanej, zag\u0119szczonej i mlecznej \u015bmietanie, tworz\u0105c deser, kt\u00f3ry d\u0142ugo pozostaje na podniebieniu.<\/p>\n<p>W tym przeplataniu si\u0119 historii i topografii Salwador ukazuje si\u0119 jako mikrokosmos \u015brodkowoameryka\u0144skiego napi\u0119cia i obietnicy. Wulkaniczne szczyty odzwierciedlaj\u0105 przodk\u00f3w tygla kultury, podczas gdy rafy przybrze\u017cne odzwierciedlaj\u0105 dynamiczny interfejs l\u0105du i morza. Plantacje kawy przypominaj\u0105 epoki nap\u0119dzanego eksportem bogactwa i nier\u00f3wno\u015bci, nawet gdy parki produkcyjne i korytarze turystyczne wskazuj\u0105 na zr\u00f3\u017cnicowan\u0105 przysz\u0142o\u015b\u0107. Rzeki przecinaj\u0105 wewn\u0119trzne wy\u017cyny, podtrzymuj\u0105c rolnictwo, ale s\u0105 zagro\u017cone przez zanieczyszczenia z rozwijaj\u0105cych si\u0119 o\u015brodk\u00f3w miejskich. Duch ludu \u2014 ukszta\u0142towany przez podb\u00f3j i op\u00f3r, diaspor\u0119 i powr\u00f3t \u2014 znajduje wyraz w freskach i r\u0119kopisach, w sonorskim refrenie i wzburzonym wybrze\u017cu.<\/p>\n<p>W ciszy \u015bwitu na szczycie Ilamatepec mo\u017cna wyczu\u0107 kontinuum epokowych porusze\u0144 pod \u017cyznymi glebami. Od granicy Gwatemali wznosi si\u0119 Lempa, nios\u0105c osady i opowie\u015bci w stron\u0119 solanki Pacyfiku; na placach San Salvador codzienny szum przeplata si\u0119 z upami\u0119tnieniami po\u015bwi\u0119cenia. Przez pola uprawne i fabryki, muzea i targi kontury republiki przywo\u0142uj\u0105 odporno\u015b\u0107 w przeciwno\u015bciach losu i niewypowiedziane przymierze mi\u0119dzy przesz\u0142o\u015bci\u0105 a przysz\u0142o\u015bci\u0105. Salwador stoi w centrum si\u0142 \u017cywio\u0142\u00f3w \u2014 tektonicznych, kulturowych, ekonomicznych \u2014 jego narracja ukszta\u0142towana przez nieustanne wsp\u00f3\u0142dzia\u0142anie ziemi i ludzi, \u015bwiadcz\u0105ce o narodzie zar\u00f3wno zwartym pod wzgl\u0119dem skali, jak i rozleg\u0142ym pod wzgl\u0119dem ludzkich wysi\u0142k\u00f3w.<\/p>","protected":false},"excerpt":{"rendered":"<p>Salwador, formalnie nazywany Republik\u0105 Salwadoru, to intryguj\u0105cy kraj po\u0142o\u017cony w Ameryce \u015arodkowej. Otaczaj\u0105 go Honduras na p\u00f3\u0142nocnym wschodzie, Gwatemala na p\u00f3\u0142nocnym zachodzie i rozleg\u0142y Ocean Spokojny na po\u0142udniu. San Salvador, stolica kraju i najwi\u0119ksze miasto, pe\u0142ni funkcj\u0119 politycznego, kulturalnego i gospodarczego centrum. W 2023 r. populacj\u0119 Salwadoru szacowano na oko\u0142o 6,5 miliona, co wskazuje na jego pozycj\u0119 jako jednego z najg\u0119\u015bciej zaludnionych narod\u00f3w w tym regionie.<\/p>","protected":false},"author":1,"featured_media":3277,"parent":24084,"menu_order":0,"comment_status":"closed","ping_status":"closed","template":"elementor_theme","meta":{"_eb_attr":"","footnotes":""},"class_list":["post-9069","page","type-page","status-publish","has-post-thumbnail"],"_links":{"self":[{"href":"https:\/\/travelshelper.com\/pl\/wp-json\/wp\/v2\/pages\/9069","targetHints":{"allow":["GET"]}}],"collection":[{"href":"https:\/\/travelshelper.com\/pl\/wp-json\/wp\/v2\/pages"}],"about":[{"href":"https:\/\/travelshelper.com\/pl\/wp-json\/wp\/v2\/types\/page"}],"author":[{"embeddable":true,"href":"https:\/\/travelshelper.com\/pl\/wp-json\/wp\/v2\/users\/1"}],"replies":[{"embeddable":true,"href":"https:\/\/travelshelper.com\/pl\/wp-json\/wp\/v2\/comments?post=9069"}],"version-history":[{"count":0,"href":"https:\/\/travelshelper.com\/pl\/wp-json\/wp\/v2\/pages\/9069\/revisions"}],"up":[{"embeddable":true,"href":"https:\/\/travelshelper.com\/pl\/wp-json\/wp\/v2\/pages\/24084"}],"wp:featuredmedia":[{"embeddable":true,"href":"https:\/\/travelshelper.com\/pl\/wp-json\/wp\/v2\/media\/3277"}],"wp:attachment":[{"href":"https:\/\/travelshelper.com\/pl\/wp-json\/wp\/v2\/media?parent=9069"}],"curies":[{"name":"wp","href":"https:\/\/api.w.org\/{rel}","templated":true}]}}