{"id":9063,"date":"2024-09-07T10:31:08","date_gmt":"2024-09-07T10:31:08","guid":{"rendered":"https:\/\/travelshelper.com\/staging\/?page_id=9063"},"modified":"2026-03-13T16:28:29","modified_gmt":"2026-03-13T16:28:29","slug":"swietego-jerzego","status":"publish","type":"page","link":"https:\/\/travelshelper.com\/pl\/destinations\/north-america\/grenada\/st-georges\/","title":{"rendered":"\u015awi\u0119tego Jerzego"},"content":{"rendered":"<p>St. George&#039;s, bij\u0105ce serce Grenady i jej najwi\u0119ksza osada, znajduje si\u0119 na skraju portu w kszta\u0142cie podkowy, a jego miejski gobelin rozci\u0105ga si\u0119 na wzg\u00f3rzach, kt\u00f3re kiedy\u015b graniczy\u0142y z kraterem wulkanicznym. Miasto przyci\u0105ga uwag\u0119 nie tylko jako g\u0142\u00f3wny port wyspy, ale tak\u017ce jako miejsce, w kt\u00f3rym znajduje si\u0119 St. George&#039;s University School of Medicine i g\u0142\u00f3wny krajowy port lotniczy, Maurice Bishop International Airport. Po\u0142o\u017cona na po\u0142udniowo-wschodnim kra\u0144cu Wysp Nawietrznych \u2014 sama Grenada rozci\u0105ga si\u0119 na osiemna\u015bcie kilometr\u00f3w szeroko\u015bci i trzydzie\u015bci cztery d\u0142ugo\u015bci \u2014 stolica ta zestawia wieki kolonialnego dziedzictwa z t\u0119tni\u0105c\u0105 \u017cyciem, nowoczesn\u0105 gospodark\u0105 opart\u0105 na kakao, ga\u0142ce muszkato\u0142owej i macisie.<\/p>\n<p>Od momentu powstania w 1650 roku pod auspicjami Francji, poprzez kolejne po\u017cary, trz\u0119sienia ziemi i huragany, St. George\u2019s nieustannie si\u0119 odradza\u0142o, kierowane obietnic\u0105 naturalnego portu i odporno\u015bci\u0105 mieszka\u0144c\u00f3w. Tropikalne deszcze od\u017cywiaj\u0105 gaje wanilii, cynamonu i imbiru, podczas gdy klimat \u0142agodzony przez \u0142agodne morskie bryzy zapewnia wyspie pozycj\u0119 w\u015br\u00f3d najlepszych producent\u00f3w przypraw na Karaibach. Odwiedzaj\u0105cy pod\u0105\u017caj\u0105cy dzi\u015b lini\u0105 brzegow\u0105 Carenage znajd\u0105 zadbane promenady i pastelowe domy kupc\u00f3w; jednak tu\u017c za nimi w\u0105skie uliczki stromo wspinaj\u0105 si\u0119 do dzielnic, w kt\u00f3rych \u015bciany z koralowego stiuku przypominaj\u0105 kolonialne ambicje, a szept historii nak\u0142ada si\u0119 na pomruk wsp\u00f3\u0142czesnego \u017cycia.<\/p>\n<p>Pocz\u0105tki Fort Royal Town \u2014 poprzednika dzisiejszego St. George&#039;s \u2014 le\u017c\u0105 w pragmatycznych os\u0105dach wczesnych francuskich kolonist\u00f3w, kt\u00f3rzy najpierw wysiedlili rdzenn\u0105 ludno\u015b\u0107 Karaib\u00f3w poprzez brutalne potyczki, a nast\u0119pnie przenie\u015bli swoje osady na wy\u017csze tereny w odpowiedzi na podnosz\u0105ce si\u0119 wody laguny i liczb\u0119 ofiar malarii. Do 1700 roku nowy plan miasta obejmowa\u0142 uporz\u0105dkowane, prostok\u0105tne ulice \u2014 w\u015br\u00f3d nich St. Juille i St. John&#039;s \u2014 kt\u00f3re przetrwa\u0142y do \u200b\u200bdzi\u015b w miejskiej siatce. Kamienne bastiony wie\u0144czy\u0142y przyl\u0105dki, zaprojektowane przez Jeana de Giou de Caylusa, jednak niewiele pozosta\u0142o\u015bci pozosta\u0142o nienaruszonych; czas i burze zniszczy\u0142y znaczn\u0105 cz\u0119\u015b\u0107 twierdzy, kt\u00f3ra kiedy\u015b czuwa\u0142a nad szlakami morskimi. Kiedy Brytyjczycy przej\u0119li wysp\u0119 w 1763 roku, tytu\u0142y zosta\u0142y zanglicyzowane \u2014 Fort Royale sta\u0142 si\u0119 Fort George; Fort Royal Town przekszta\u0142cono w Saint George&#039;s Town \u2014 a patronat kr\u00f3la Jerzego III nada\u0142 jego nazwie wag\u0119 imperium.<\/p>\n<p>Przez ca\u0142y XVIII wiek po\u017cary w latach 1771, 1775 i 1792 zniszczy\u0142y drewniane konstrukcje, co sk\u0142oni\u0142o do wydania edykt\u00f3w przeciwko budownictwu drewnianemu i zapocz\u0105tkowa\u0142o er\u0119 dom\u00f3w murowanych, kt\u00f3re nada\u0142y odporno\u015bci tkance miasta. Mimo to wstrz\u0105sy geologiczne w latach 1867 i 1888 przypomina\u0142y mieszka\u0144com o wulkanicznym pochodzeniu wyspy, gdy przesmyk \u0142\u0105cz\u0105cy lagun\u0119 z Karaibami nagle zapad\u0142 si\u0119 pod powierzchni\u0119 morza. Nawet teraz mo\u017cna zajrze\u0107 w czyste wody, aby dostrzec ruiny tej zatopionej grobli.<\/p>\n<p>Pod koniec XIX wieku, po wycofaniu si\u0119 Bridgetown, St. George&#039;s przej\u0105\u0142 rol\u0119 stolicy Brytyjskich Wysp Nawietrznych. Kawiarnia artystyczna Tikal otworzy\u0142a swoje podwoje w grudniu 1959 r., co oznacza\u0142o moment, w kt\u00f3rym \u017cycie kulturalne zacz\u0119\u0142o rozkwita\u0107 obok cel\u00f3w administracyjnych. Niepodleg\u0142o\u015b\u0107 nadesz\u0142a w 1974 r. i chocia\u017c dekada, kt\u00f3ra nast\u0105pi\u0142a, przynios\u0142a polityczne turbulencje \u2014 kulminacj\u0105 by\u0142 lewicowy zamach stanu i p\u00f3\u017aniejsza interwencja USA w 1983 r. \u2014 to\u017csamo\u015b\u0107 miasta pozosta\u0142a zakotwiczona w porcie, ko\u015bcio\u0142ach i posiad\u0142o\u015bciach przypraw.<\/p>\n<p>Huragan Ivan we wrze\u015bniu 2004 r. zada\u0142 cios o niespotykanej dot\u0105d sile. Prawie dziewi\u0119\u0107dziesi\u0105t procent dom\u00f3w zosta\u0142o uszkodzonych; ko\u0142ysz\u0105ce si\u0119, stuletnie drzewa ga\u0142ki muszkato\u0142owej \u2014 symbole ekonomicznej krwi Grenady \u2014 zosta\u0142y ogo\u0142ocone. Jednak mi\u0119dzynarodowa solidarno\u015b\u0107, zmobilizowana przez darczy\u0144c\u00f3w z Kanady, Stan\u00f3w Zjednoczonych, Chin, Wenezueli, Trynidadu i Tobago oraz Unii Europejskiej, zapocz\u0105tkowa\u0142a niezwyk\u0142y przyp\u0142yw odbudowy. Do 2007 r. St. George&#039;s powita\u0142 Puchar \u015awiata w Krykiecie, a jego brzegi by\u0142y usiane pawilonami i t\u0142umami fan\u00f3w, co \u015bwiadczy o jego szybkiej odbudowie i wytrwa\u0142o\u015bci mieszka\u0144c\u00f3w. Obecnie miasto znajduje si\u0119 w pierwszej dziesi\u0105tce najlepszych miejsc do uprawiania \u017ceglarstwa na Karaibach, a jego nowo zainstalowane molo dla statk\u00f3w wycieczkowych kieruje go\u015bci na Lagoon Road i Melville Street, gdzie restauracje i sklepy t\u0119tni\u0105 \u017cyciem.<\/p>\n<p>W centrum miasta Carenage pozostaje punktem centralnym, jego mur oporowy flankowany jest przez sprzedawc\u00f3w przypraw i stragany oferuj\u0105ce ciasta rumowe i ziarna kakao. Katedra rzymskokatolicka z wie\u017c\u0105 pochodz\u0105c\u0105 z 1818 roku wprowadza zwiedzaj\u0105cych do wn\u0119trza p\u0142on\u0105cego kolorami \u2014 blade b\u0142\u0119kity i koralowe czerwienie spotykaj\u0105 si\u0119 na \u0142ukach wznosz\u0105cych si\u0119 w kierunku sklepionego sufitu. Kilka przecznic dalej stoi odnowiony ko\u015bci\u00f3\u0142 anglika\u0144ski \u015bw. Jerzego: wzniesiony w 1825 roku, zegarowe dzwony zainstalowane w 1904 roku niegdy\u015b wybija\u0142y godziny; burza i zaniedbanie doprowadzi\u0142y jego mury do ruiny w 2004 roku, jednak dekada rekonstrukcji odnowi\u0142a jego naw\u0119 i wzmocni\u0142a witra\u017ce, aby ponownie powita\u0107 wiernych.<\/p>\n<p>Wspinaj\u0105c si\u0119 pieszo w kierunku Fort George, zwiedzaj\u0105cy przemierzaj\u0105 kr\u0119te uliczki i mijaj\u0105 skupiska dom\u00f3w, kt\u00f3re opieraj\u0105 si\u0119 o strome zbocza, a ich tarasy s\u0105 pokryte bugenwill\u0105. Fort \u2014 jego kamienne bastiony zbudowane po raz pierwszy w 1705 r. \u2014 zosta\u0142 przekszta\u0142cony przez lokaln\u0105 policj\u0119, w jednym pomieszczeniu mie\u015bci si\u0119 si\u0142ownia, w innym dzia\u0142a kolektyw krawiecki. Mury obronne, cho\u0107 zniszczone przez czas i huragan, oferuj\u0105 rozleg\u0142e panoramy: na wschodzie Carenage rozszerza si\u0119 w kierunku Karaib\u00f3w; na zachodzie wzg\u00f3rza otulaj\u0105 szmaragdowy las. Podr\u00f3\u017cni wpuszczani s\u0105 za skromn\u0105 op\u0142at\u0105 \u2014 zaledwie dwa dolary \u2014 a w zamian cisza stuleci wydaje si\u0119 osiada\u0107 na blankach.<\/p>\n<p>Kulturalnie rytmy miasta s\u0105 zwi\u0105zane z karnawa\u0142em, kt\u00f3ry odbywa si\u0119 co roku w drugim tygodniu sierpnia. To, co zaczyna si\u0119 w niedzielny wiecz\u00f3r, przy akompaniamencie akompaniamentu steel band, ewoluuje w poniedzia\u0142kowy korow\u00f3d w Queen&#039;s Park, gdzie kostiumolodzy i kr\u00f3lowe calypso rywalizuj\u0105 o uznanie. We wtorek ulice pulsuj\u0105 perkusj\u0105 i melodi\u0105, gdy steel panni\u015bci tkaj\u0105 serpentynowe parady przez alejki, kt\u00f3rymi kiedy\u015b chodzili francuscy i brytyjscy redcoats. Ten festiwal, upami\u0119tniaj\u0105cy koniec niewolnictwa, zar\u00f3wno honoruje przodk\u00f3w, jak i potwierdza zbiorow\u0105 witalno\u015b\u0107, kt\u00f3ra podtrzymuje codzienne \u017cycie.<\/p>\n<p>Poza granicami miasta, tajne szlaki wij\u0105 si\u0119 przez las deszczowy. Wodospady \u015bw. Ma\u0142gorzaty, nazwane tak ze wzgl\u0119du na przep\u0142yw w pobli\u017cu siedmiu kaskad, oferuj\u0105 trzygodzinn\u0105 w\u0119dr\u00f3wk\u0119 przez bujn\u0105 ziele\u0144 Grand Etang \u2014 zanurzenie si\u0119 w promieniach s\u0142o\u0144ca przes\u0105czaj\u0105cych si\u0119 przez wysokie drzewa, gdzie paprocie l\u015bni\u0105 ros\u0105, a cisz\u0119 przerywa jedynie dudnienie wody o ska\u0142y. Z powrotem w mie\u015bcie, Grenada National Museum mie\u015bci si\u0119 w dawnych francuskich koszarach z 1704 roku, strukturach, kt\u00f3re p\u00f3\u017aniej pe\u0142ni\u0142y funkcj\u0119 wi\u0119zienia i hotelu. W jego galeriach znajduj\u0105 si\u0119 artefakty Karaib\u00f3w i Arawak\u00f3w, relikty maszyn do przetwarzania cukru, narz\u0119dzia niegdy\u015b kwitn\u0105cego handlu wielorybami \u2014 i, co ciekawe, marmurowa \u0142a\u017ania, kt\u00f3ra kiedy\u015b zosta\u0142a zainstalowana dla J\u00f3zefiny Bonaparte.<\/p>\n<p>Wsp\u00f3\u0142czesny turysta przybywaj\u0105cy drog\u0105 lotnicz\u0105 l\u0105duje na lotnisku Maurice Bishop International, kierowany przez morsk\u0105 bryz\u0119 znad Point Saline; w szczycie sezonu cotygodniowe po\u0142\u0105czenia obejmuj\u0105 nawet Frankfurt, chocia\u017c wi\u0119kszo\u015b\u0107 podr\u00f3\u017cnych \u0142\u0105czy si\u0119 przez w\u0119z\u0142y w Wielkiej Brytanii lub Stanach Zjednoczonych. Na poziomie gruntu minibusy rozje\u017cd\u017caj\u0105 si\u0119 z centralnego dworca autobusowego, ka\u017cdy oznaczony miejscem docelowym \u2014 proste kody, kt\u00f3re kieruj\u0105 pasa\u017cer\u00f3w do Gouyave, Sauteurs lub odosobnionych zatok wyspy. Tymczasem terminal wycieczkowy w Carenage i s\u0105siaduj\u0105cy z nim Esplanada Mall, zainaugurowane w po\u0142owie lat 2000., sygnalizuj\u0105 pog\u0142\u0119biaj\u0105c\u0105 si\u0119 integracj\u0119 miasta z globalnymi obwodami turystycznymi.<\/p>\n<p>Urbani\u015bci nie pozostali bezczynni. Plan rozwoju Z\u00fcblina przewiduje drugi pomost dla statk\u00f3w wycieczkowych i tunel dla pieszych pod g\u0142\u00f3wn\u0105 ulic\u0105 Sendall Tunnel, \u0142\u0105cz\u0105cy p\u00f3\u0142wysep, na kt\u00f3rym znajduje si\u0119 Fort George, z dzielnic\u0105 szpitaln\u0105. Drogi na zachodnim kra\u0144cu Carenage zosta\u0142y poszerzone, aby u\u0142atwi\u0107 ruch, jednak ostro\u017cno\u015b\u0107 pozostaje konieczna: nieoznakowane ulice jednokierunkowe i subtelne wysepki drogowe \u2014 niekt\u00f3re niczym wi\u0119cej ni\u017c pomalowane s\u0142upki \u2014 mog\u0105 zmyli\u0107 nieprzygotowanego kierowc\u0119.<\/p>\n<p>Przez stulecia transformacji \u2014 ambicje osadnik\u00f3w, rywalizacj\u0119 kolonialn\u0105, katastrofy naturalne i wsp\u00f3\u0142czesne odrodzenie \u2014 St. George&#039;s zachowuje wewn\u0119trzn\u0105 sp\u00f3jno\u015b\u0107, poczucie, \u017ce ka\u017cdy taras, ka\u017cdy bastion, ka\u017cde kwitn\u0105ce drzewo plumerii nale\u017cy do rozwijaj\u0105cej si\u0119 narracji. Nieliczne kamienie i wiele przypraw w mie\u015bcie \u015bwiadcz\u0105 o si\u0142ach zar\u00f3wno geologicznych, jak i ludzkich: wstrz\u0105sach wulkanicznych, kt\u00f3re ukszta\u0142towa\u0142y krzywizn\u0119 portu; europejskich in\u017cynierach, kt\u00f3rzy chcieli kontrolowa\u0107 jego wody; wyzwolonych ludzi, kt\u00f3rzy ta\u0144czyli calypso pod drewnianymi straganami; i wsp\u00f3\u0142czesnych stra\u017cnik\u00f3w, kt\u00f3rzy odbudowuj\u0105 wie\u017ce katedr i gaje ga\u0142ki muszkato\u0142owej.<\/p>\n<p>\u017baden inny karaibski port nie \u0142\u0105czy tak spokojnej g\u0142\u0119bi z namacaln\u0105 energi\u0105. O \u015bwicie rybacy zarzucaj\u0105 sieci na tle brzoskwiniowego \u015bwiat\u0142a, sieci, kt\u00f3re powr\u00f3c\u0105 z t\u0119czowymi rybami przeznaczonymi na stragany na targu w Queen&#039;s Park. Popo\u0142udniowy upa\u0142 otula miasto jak szal, zach\u0119caj\u0105c do sjesty na zacienionych werandach i kieruj\u0105c turyst\u00f3w w poszukiwaniu ch\u0142odnej nawy katedry. Noc zapada przy blasku latarni wzd\u0142u\u017c Melville Street, gdzie kioski oferuj\u0105 korzenny rum i hymniczne toasty w j\u0119zyku francuskim kreolskim. W ka\u017cdej chwili rezonans historii i rytm codziennego \u017cycia zbiegaj\u0105 si\u0119.<\/p>\n<p>Spojrzenie na St. George&#039;s to obserwacja miasta, kt\u00f3re niesie swoj\u0105 przesz\u0142o\u015b\u0107 w pami\u0119ci, a przysz\u0142o\u015b\u0107 w ka\u017cdej naprawionej dach\u00f3wce. Tutaj zapach wanilii unosi si\u0119 w zau\u0142kach; tam ruiny Fort George przywo\u0142uj\u0105 \u015bwiat zar\u00f3wno wojenny, jak i wspania\u0142y. Na dachach anteny satelitarne stoj\u0105 obok \u015bcian z lawy, symboli miejsca, kt\u00f3re obejmuje zar\u00f3wno globalne pr\u0105dy, jak i lokalne zwyczaje. Przez siedemna\u015bcie dekad ta linia brzegowa wita\u0142a kolonizator\u00f3w, podr\u00f3\u017cnik\u00f3w, ewakuowanych z powodu burz, uczonych zajmuj\u0105cych si\u0119 medycyn\u0105 i kobiety w strojach z pi\u00f3r ta\u0144cz\u0105ce pod rytmami steeldrum.<\/p>\n<p>Taki jest puls narracyjny stolicy Grenady: miejsca trwa\u0142ych kontrast\u00f3w, gdzie wulkaniczna kolebka portu ust\u0119puje alejom wybrukowanym handlem i kultur\u0105. To tutaj, po\u015br\u00f3d zbiegu wapiennych ulic i rozkwitaj\u0105cych targ\u00f3w przypraw, esencja wyspy \u2014 jej historia wyryta w koralowej skale i przysz\u0142o\u015b\u0107 pachn\u0105ca ga\u0142k\u0105 muszkato\u0142ow\u0105 \u2014 staje si\u0119 niezatarcie widoczna. W tej widoczno\u015bci kryje si\u0119 zar\u00f3wno obietnica, jak i cicha prawda: St. George \u017cyje jak otwarta ksi\u0119ga, ka\u017cda strona przewracana przez przyp\u0142ywy, burze, triumfy i r\u0119ce tych, kt\u00f3rzy nazywaj\u0105 ten port w kszta\u0142cie podkowy domem.<\/p>","protected":false},"excerpt":{"rendered":"<p>St. George&#039;s to energiczna stolica karaibskiego kraju wyspiarskiego Grenada. Po\u0142o\u017cone na \u0142onie staro\u017cytnego krateru wulkanicznego, miasto jest idealnie po\u0142o\u017cone w porcie w kszta\u0142cie podkowy, oferuj\u0105cym osza\u0142amiaj\u0105ce widoki i charakterystyczn\u0105 topografi\u0119. St. George&#039;s to ruchliwy w\u0119ze\u0142 pi\u0119kna i u\u017cyteczno\u015bci, poniewa\u017c jego naturalny port nie tylko oferuje zapieraj\u0105ce dech w piersiach widoki, ale jest r\u00f3wnie\u017c wa\u017cnym miejscem dla operacji morskich.<\/p>","protected":false},"author":1,"featured_media":3103,"parent":9051,"menu_order":0,"comment_status":"closed","ping_status":"closed","template":"elementor_theme","meta":{"_eb_attr":"","footnotes":""},"class_list":["post-9063","page","type-page","status-publish","has-post-thumbnail"],"_links":{"self":[{"href":"https:\/\/travelshelper.com\/pl\/wp-json\/wp\/v2\/pages\/9063","targetHints":{"allow":["GET"]}}],"collection":[{"href":"https:\/\/travelshelper.com\/pl\/wp-json\/wp\/v2\/pages"}],"about":[{"href":"https:\/\/travelshelper.com\/pl\/wp-json\/wp\/v2\/types\/page"}],"author":[{"embeddable":true,"href":"https:\/\/travelshelper.com\/pl\/wp-json\/wp\/v2\/users\/1"}],"replies":[{"embeddable":true,"href":"https:\/\/travelshelper.com\/pl\/wp-json\/wp\/v2\/comments?post=9063"}],"version-history":[{"count":0,"href":"https:\/\/travelshelper.com\/pl\/wp-json\/wp\/v2\/pages\/9063\/revisions"}],"up":[{"embeddable":true,"href":"https:\/\/travelshelper.com\/pl\/wp-json\/wp\/v2\/pages\/9051"}],"wp:featuredmedia":[{"embeddable":true,"href":"https:\/\/travelshelper.com\/pl\/wp-json\/wp\/v2\/media\/3103"}],"wp:attachment":[{"href":"https:\/\/travelshelper.com\/pl\/wp-json\/wp\/v2\/media?parent=9063"}],"curies":[{"name":"wp","href":"https:\/\/api.w.org\/{rel}","templated":true}]}}