{"id":9051,"date":"2024-09-07T10:22:37","date_gmt":"2024-09-07T10:22:37","guid":{"rendered":"https:\/\/travelshelper.com\/staging\/?page_id=9051"},"modified":"2026-03-13T16:28:43","modified_gmt":"2026-03-13T16:28:43","slug":"grenada","status":"publish","type":"page","link":"https:\/\/travelshelper.com\/pl\/destinations\/north-america\/grenada\/","title":{"rendered":"Grenada"},"content":{"rendered":"<p>Grenada, kompaktowe kr\u00f3lestwo o powierzchni 344 kilometr\u00f3w kwadratowych otoczone lazurowymi wodami Karaib\u00f3w, utrzymuje oko\u0142o 115 000 mieszka\u0144c\u00f3w na pocz\u0105tku 2024 roku; ta najbardziej wysuni\u0119ta na po\u0142udnie per\u0142a Wysp Nawietrznych le\u017cy oko\u0142o 160 kilometr\u00f3w na p\u00f3\u0142noc od Trynidadu i wybrze\u017ca Wenezueli, a bezpo\u015brednio na po\u0142udnie od Saint Vincent. Jej g\u0142\u00f3wna osada, St. George&#039;s, op\u0142ywa naturalny port znany jako Carenage, podczas gdy siostrzane wyspy Carriacou i Petite Martinique \u2014 wraz z konstelacj\u0105 mniejszych ods\u0142oni\u0119\u0107 \u2014 rozszerzaj\u0105 zasi\u0119g kraju na p\u00f3\u0142nocne Grenadyny. Z tego zwi\u0119z\u0142ego obrazu wy\u0142ania si\u0119 ziemia, kt\u00f3rej wulkaniczne fundamenty ukszta\u0142towa\u0142y teren tak stromy, jak i \u017cyzny, inspiruj\u0105c zar\u00f3wno przydomek \u201eWyspa Przypraw\u201d, jak i kulturow\u0105 mozaik\u0119 utkan\u0105 z nici india\u0144skich, afryka\u0144skich, francuskich i brytyjskich.<\/p>\n<p>Prze\u015bledzenie obecno\u015bci cz\u0142owieka w tym miejscu wymaga zej\u015bcia w mroczn\u0105 er\u0119 przedkolonialn\u0105, kiedy karaibscy nawigatorzy \u2014 kt\u00f3rych przodkowie podr\u00f3\u017cowali przez po\u0142udniowoameryka\u0144skie szlaki wodne \u2014 zak\u0142adali ulotne wioski wzd\u0142u\u017c os\u0142oni\u0119tych zatoczek i uj\u015b\u0107 rzek. Ci pierwsi osadnicy znale\u017ali si\u0119 pod okiem Krzysztofa Kolumba w sierpniu 1498 r., kiedy jego trzecia morska wyprawa wyry\u0142a Grenad\u0119 na europejskich mapach, jednak niewielu posz\u0142o w ich \u015blady a\u017c do XVII wieku. Uporczywy op\u00f3r Karaib\u00f3w uniemo\u017cliwi\u0142 hiszpa\u0144skim i angielskim pr\u00f3bom zapuszczenia tam przycz\u00f3\u0142k\u00f3w i dopiero w 1649 r. francuscy plantatorzy, nios\u0105cy sadzonki trzciny cukrowej i zniewolonych robotnik\u00f3w, zapewnili sobie kruche panowanie. Ponad osiemdziesi\u0105t lat francuskiej administracji pozostawi\u0142o \u015blady w mowie kreolskiej i konturze Fortu George, kt\u00f3ry nadal g\u00f3ruje nad St. George, chocia\u017c traktat paryski z lutego 1763 r. przekaza\u0142 suwerenno\u015b\u0107 Londynowi. Kr\u00f3tkie odzyskanie ziem przez Francj\u0119 w latach 1779\u20131783 niemal nie przerwa\u0142o brytyjskiej dominacji, kt\u00f3ra trwa\u0142a \u2014 pomijaj\u0105c okres Pa\u0144stwa Stowarzyszonego rozpocz\u0119ty w marcu 1967 r. i kr\u00f3tkotrwa\u0142\u0105 rol\u0119 w Federacji Indii Zachodnich \u2014 a\u017c do \u015bwitu pe\u0142nej niepodleg\u0142o\u015bci 7 lutego 1974 r., kiedy premierem by\u0142 Eric Gairy.<\/p>\n<p>Polityczne turbulencje wybuch\u0142y ponownie w marcu 1979 r., kiedy New Jewel Movement, kolektyw marksistowsko-leninowski, obali\u0142 Gairy&#039;ego w bezkrwawym zamachu stanu. Ludowy Rz\u0105d Rewolucyjny Maurice&#039;a Bishopa kierowa\u0142 programami socjalnymi i sprzymierzy\u0142 si\u0119 z Kub\u0105, a\u017c do wewn\u0119trznego roz\u0142amu, kt\u00f3ry zako\u0144czy\u0142 si\u0119 egzekucj\u0105 Bishopa i zaproszeniem USA do interwencji w pa\u017adzierniku 1983 r. Po tym zerwaniu Grenada przywr\u00f3ci\u0142a demokracj\u0119 parlamentarn\u0105, przywr\u00f3ci\u0142a powi\u0105zania Wsp\u00f3lnoty Narod\u00f3w pod rz\u0105dami kr\u00f3lowej El\u017cbiety II, a obecnie uznaje kr\u00f3la Karola III za g\u0142ow\u0119 pa\u0144stwa, reprezentowanego lokalnie przez gubernatora generalnego. Od tego czasu panuje spok\u00f3j polityczny, co odzwierciedla sta\u0142y wzrost turystyki jako g\u0142\u00f3wnego \u017ar\u00f3d\u0142a wymiany walut.<\/p>\n<p>Pod t\u0105 ludzk\u0105 opowie\u015bci\u0105 le\u017cy wyspa wyrze\u017abiona ogniem \u2014 jej surowy kr\u0119gos\u0142up zwie\u0144czony jest g\u00f3r\u0105 St. Catherine, wznosz\u0105c\u0105 si\u0119 na 840 metr\u00f3w, a flankowan\u0105 przez g\u00f3r\u0119 Granby i South East Mountain. Tutaj kraterowe jeziora, takie jak Grand Etang i Antoine, gromadz\u0105 si\u0119 w naturalnych amfiteatrach; ich spokojne powierzchnie skrywaj\u0105 g\u0142\u0119bie ukszta\u0142towane przez staro\u017cytne wstrz\u0105sy. Strumienie spadaj\u0105 do morza jako wodospady, kt\u00f3rych nazwy \u2014 Annandale, Concord, Seven Sisters \u2014 rozbrzmiewaj\u0105 echem w zalesionych korytarzach, kt\u00f3rych cztery ekoregiony rozci\u0105gaj\u0105 si\u0119 od wilgotnych las\u00f3w tropikalnych po zaro\u015bla kserofityczne. Gleba wzbogacona o detrytus wulkaniczny podtrzymuje szereg upraw, z kt\u00f3rych najs\u0142ynniejsze to ga\u0142ka muszkato\u0142owa i buzdyganek, kt\u00f3re kwitn\u0105 pod r\u00f3wnikowym s\u0142o\u0144cem i wilgotnym klimatem pasat\u00f3w. W ca\u0142ym miasteczku i plantacji zapach przypraw wplata si\u0119 w codzienne \u017cycie, podczas gdy odleg\u0142e fale Atlantyku poruszaj\u0105 ukryte zatoczki z czarnym piaskiem na wschodnim zboczu wyspy.<\/p>\n<p>Rytmy klimatyczne pod\u0105\u017caj\u0105 za dychotomi\u0105 pory suchej i deszczowej, przy czym temperatury rzadko spadaj\u0105 poni\u017cej 22 \u00b0C ani nie przekraczaj\u0105 32 \u00b0C. Wp\u0142yw cyklon\u00f3w tropikalnych, cho\u0107 rzadziej wyst\u0119puj\u0105cy tutaj ni\u017c na p\u00f3\u0142nocy, ukszta\u0142towa\u0142 pami\u0119\u0107 zbiorow\u0105: przej\u015bcie huraganu Janet w 1955 r. nios\u0142o wiatry o pr\u0119dko\u015bci 185 km\/h, a Ivan we wrze\u015bniu 2004 r. spowodowa\u0142 spustoszenie i poch\u0142on\u0105\u0142 trzydzie\u015bci dziewi\u0119\u0107 istnie\u0144 ludzkich. Niedawno huragan Beryl dotar\u0142 do brzegu 1 lipca 2024 r. jako burza kategorii 4 \u2014 bezprecedensowy wczesny szczyt dla g\u0142\u00f3wnego regionu rozwoju Atlantyku \u2014 i sp\u0142aszczy\u0142 konstrukcje na Carriacou, uderzaj\u0105c jednocze\u015bnie w nawietrzny brzeg Grenady. Takie epizody podkre\u015blaj\u0105 odporno\u015b\u0107 mieszka\u0144c\u00f3w wyspy, widoczn\u0105 w rekonstrukcji, kt\u00f3ra zar\u00f3wno honoruje tradycj\u0119, jak i integruje nowoczesne przepisy budowlane.<\/p>\n<p>Rolnicza przesz\u0142o\u015b\u0107, kt\u00f3ra przez stulecia by\u0142a nap\u0119dzana eksportem, znajduje teraz sw\u00f3j szczyt w turystyce, kt\u00f3ra kszta\u0142tuje lokalne \u017ar\u00f3d\u0142a utrzymania, od fasad w stylu art d\u00e9co stolicy po otoczony palmami \u0142uk pla\u017cy Grand Anse \u2014 3-kilometrowy odcinek, chwalony na ca\u0142ym \u015bwiecie za jedwabiste piaski i leniwe fale. Ekoturystyka r\u00f3wnie\u017c zyskuje na popularno\u015bci: obserwatorzy ptak\u00f3w dryfuj\u0105 nad Levera Pond o \u015bwicie, nurkowie z rurk\u0105 eksploruj\u0105 ogrody koralowe u zachodniego wybrze\u017ca, a trekkerzy w\u0119druj\u0105 do wodospad\u00f3w ukrytych w szmaragdowych zag\u0142\u0119bieniach. Zatopiony wrak Bianca C, 600-stopowego statku wycieczkowego zaginionego w 1961 roku, oferuje nurkom katedr\u0119 mi\u0119kkich koralowc\u00f3w roz\u0142o\u017conych na \u017celaznych kolumnach, podczas gdy pr\u0105dy nios\u0105 ich obok \u0142awic papugoryb i barakud. Nie wszystkie linie brzegowe kryj\u0105 \u0142atwy dost\u0119p; Brzegi zwr\u00f3cone w stron\u0119 Atlantyku t\u0119tni\u0105 falami nadaj\u0105cymi si\u0119 do surfowania, a przygotowani pla\u017cowicze znajduj\u0105 ukojenie na czarnych, jednolitych pla\u017cach, gdzie wulkaniczny piasek mieni si\u0119 w s\u0142o\u0144cu.<\/p>\n<p>Pomimo prymatu turystyki, ksi\u0119ga fiskalna Grenady d\u017awiga ci\u0119\u017car du\u017cego zad\u0142u\u017cenia, obs\u0142uguj\u0105c oko\u0142o jedn\u0105 czwart\u0105 dochod\u00f3w rz\u0105dowych w 2017 r. Waluta i polityka pieni\u0119\u017cna pochodz\u0105 z ponadnarodowej instytucji, Wschodniokaraibskiego Banku Centralnego, kt\u00f3rego jednostka dolara wschodniokaraibskiego wi\u0105\u017ce Grenad\u0119 z siedmioma innymi pa\u0144stwami. Jednak pod wska\u017anikami ekonomicznymi, witalno\u015b\u0107 kulturalna pozostaje nies\u0142abn\u0105ca: coroczne wydarzenia odbijaj\u0105 si\u0119 echem na rynkach i placach. Sierpie\u0144 zapowiada Spice Mas, kalejdoskopowy karnawa\u0142 przebranych tancerzy i perkusji; Carriacou wita wiosn\u0119 Maroon and String Band Music Festival; rybacy rywalizuj\u0105 o trofea z ryb z rodziny \u017caglicowatych ka\u017cdej zimy na Spice Island Billfish Tournament; w kwietniu Island Water World Sailing Week roz\u015bwietla \u017cagle w porcie St. George; a tygodniowe Work Boat Regatta wzywa do\u015bwiadczone za\u0142ogi na test tradycyjnej sztuki \u017ceglarskiej.<\/p>\n<p>Kuchnia jest uosobieniem fusion w ca\u0142ym mie\u015bcie: olej w d\u00f3\u0142, narodowy gulasz, gotuje zapasy \u2014 chlebowiec, banan, bataty, piero\u017cki \u2014 razem z solonym mi\u0119sem, a\u017c mleko kokosowe rozpu\u015bci si\u0119 w olej, kt\u00f3ry krzepnie u podstawy garnka. Na kuchennych podw\u00f3rkach dym miesza si\u0119 z zapachem cynamonu i imbiru uprawianych jardy dalej. Dougladston Estate i Gouyave Nutmeg Factory to \u017cywe muzea produkcji przypraw, podczas gdy Belmont Estate przetwarza ziarna kakaowe na czekolad\u0119, zapraszaj\u0105c go\u015bci do \u015bledzenia metod od ziarna do tabliczki, kt\u00f3re stanowi\u0105 podstaw\u0119 rozwijaj\u0105cej si\u0119 reputacji smakoszy Grenady.<\/p>\n<p>Sk\u0142ad demograficzny odzwierciedla stulecia wstrz\u0105s\u00f3w: oko\u0142o osiemdziesi\u0119ciu dw\u00f3ch procent twierdzi, \u017ce ma afryka\u0144skie pochodzenie wywodz\u0105ce si\u0119 od zniewolonych je\u0144c\u00f3w, kt\u00f3rzy ci\u0119\u017cko pracowali na plantacjach trzciny cukrowej; dwa procent pochodzi od indyjskich pracownik\u00f3w kontraktowych zwerbowanych pod koniec XIX wieku; francuskie nazwiska plantator\u00f3w nadal wyst\u0119puj\u0105 w rejestrach ko\u015bcielnych, nawet gdy mieszane linie \u2014 trzyna\u015bcie procent populacji \u2014 \u015bwiadcz\u0105 o kreolizuj\u0105cym spo\u0142ecze\u0144stwie. Angielskie i francuskie pozosta\u0142o\u015bci architektoniczne upstrzone s\u0105 na wsi, podczas gdy j\u0119zyk potoczny przeplata angielsk\u0105 sk\u0142adni\u0119 wyra\u017ceniami patois. Tradycje narracji ludowej trwaj\u0105: Anancy, przebieg\u0142y oszust-paj\u0105k, snuje opowie\u015bci przy ognisku; La Diablesse, widmowa narzeczona ubrana w sukni\u0119 balow\u0105, nawiedza o\u015bwietlone ksi\u0119\u017cycem alejki; a Loogaroo, zmieniaj\u0105cy kszta\u0142t wilk, grasuje w szeptanej legendzie.<\/p>\n<p>Infrastruktura transportowa dostosowa\u0142a si\u0119 zar\u00f3wno do dojazd\u00f3w do pracy, jak i przyg\u00f3d: \u200b\u200bMaurice Bishop International Airport poza St. George&#039;s wysy\u0142a odrzutowce do Ameryki P\u00f3\u0142nocnej, Europy i s\u0105siednich wysp; Lauriston Airport na Carriacou obs\u0142uguje przewo\u017anik\u00f3w regionalnych. Autobusy \u2014 prywatne pojazdy o du\u017cej pojemno\u015bci oznaczone numerami stref \u2014 kursuj\u0105 dziewi\u0119cioma trasami przez Grenad\u0119 od \u015bwitu do zmierzchu, a ich konduktorzy pobieraj\u0105 op\u0142aty i odpowiadaj\u0105 na sygna\u0142y pukania do drzwi w przypadku nieplanowanych przystank\u00f3w. Carriacou utrzymuje w\u0142asny system trzech tras, podczas gdy us\u0142ugi taks\u00f3wkowe obejmuj\u0105 zar\u00f3wno tradycyjne taks\u00f3wki, jak i Haylup, platform\u0119 opart\u0105 na aplikacji podobn\u0105 do wsp\u00f3\u0142dzielonych przejazd\u00f3w.<\/p>\n<p>Zaj\u0119cia rekreacyjne \u0142\u0105cz\u0105 dziedzictwo z nowoczesno\u015bci\u0105: nurkowie gromadz\u0105 si\u0119 w chatkach do nurkowania w Grand Anse, zanim wsiadaj\u0105 na szybkie \u0142odzie, kt\u00f3re przecinaj\u0105 szklane zatoki w kierunku raf pe\u0142nych ogrod\u00f3w koralowych; surferzy w\u015blizguj\u0105 si\u0119 w k\u0105piel\u00f3wki w Prickly Bay, aby je\u017adzi\u0107 na smaganych wiatrem wa\u0142ach; rybacy przygotowuj\u0105 si\u0119 do stawiania czo\u0142a atlantyckim bryzom w ma\u0142ych \u0142odziach, ci\u0105gn\u0105c marliny i \u017caglice na coroczne zawody w \u0142owieniu ryb z dziobem; \u017ceglarze rozwijaj\u0105 spinakery podczas regat, kt\u00f3re odzwierciedlaj\u0105 ich wyspiarskie pochodzenie; a biegacze haszyszu \u2014 cz\u0119\u015b\u0107 mi\u0119dzynarodowego bractwa \u2014 pokonuj\u0105 b\u0142otniste tory w sobotnie popo\u0142udnia, a nast\u0119pnie o\u017cywiaj\u0105 kole\u017ce\u0144stwo przy lokalnych rumowych beczkach. Krykiet zajmuje niemal \u015bwi\u0119te miejsce na Stadionie Narodowym w St. George&#039;s, gdzie mecze testowe Indii Zachodnich rozpalaj\u0105 regionalny zapa\u0142, podczas gdy lekkoatletyka i pi\u0142ka no\u017cna dziel\u0105 s\u0105siaduj\u0105ce boiska nazwane na cze\u015b\u0107 Kirani James, sprinterki z Grenady, kt\u00f3ra zdoby\u0142a medal olimpijski. Oczekiwany w 2022 r. renesans rugby 7 wskazuje na ambicj\u0119 zr\u00f3\u017cnicowania turystyki sportowej.<\/p>\n<p>Ceremonie za\u015blubin sprowadzaj\u0105 cudzoziemc\u00f3w do rejestru cywilnego wyspy: pary musz\u0105 mie\u0107 paszporty, akty urodzenia i dow\u00f3d stanu wolnego, a tak\u017ce co najmniej trzy dni robocze pobytu, aby zawrze\u0107 zwi\u0105zek ma\u0142\u017ce\u0144ski pod palmami. Grenada, kt\u00f3ra uznaje tylko ma\u0142\u017ce\u0144stwa heteroseksualne, nakazuje, aby wszelkie wcze\u015bniejsze wi\u0119zy zosta\u0142y rozwi\u0105zane przed przyjazdem. Powsta\u0142y w ten spos\u00f3b przemys\u0142 wykracza poza o\u0142tarze na pla\u017cy, obejmuj\u0105c wyspecjalizowanych planist\u00f3w, kt\u00f3rzy aran\u017cuj\u0105 ka\u017cdy szczeg\u00f3\u0142, od \u0142uk\u00f3w kwiatowych po serenady na stalowych patelniach.<\/p>\n<p>Przez ca\u0142y grudzie\u0144 Bo\u017ce Narodzenie wkracza do \u017cycia publicznego z ta\u0144cami maskaradowymi i imprezami ulicznymi, kt\u00f3re obejmuj\u0105 wioski od dok\u00f3w ga\u0142ki muszkato\u0142owej Gouyave do nabrze\u017ca Hillsborough w Carriacou. Dzwony ko\u015bcielne wyj\u0105 obok granych przez DJ-a soca, calypso i reggae, podczas gdy m\u0142odsze pokolenia wplataj\u0105 rapowe zwrotki w lokalne dialekty. Tradycyjne potrawy \u2014 solona ryba unosz\u0105ca si\u0119 na powierzchni dzi\u0119ki pieczonym owocom chlebowca, duszony kurczak pachn\u0105cy li\u015bciem laurowym \u2014 pojawiaj\u0105 si\u0119 na ucztach spo\u0142eczno\u015bciowych, a nabo\u017ce\u0144stwa o p\u00f3\u0142nocy witaj\u0105 Dzie\u0144 \u015awi\u0119ty kol\u0119dami \u015bpiewanymi w formie pytania i odpowiedzi. Dla wielu Grenadyjczyk\u00f3w \u015bwi\u0119ta staj\u0105 si\u0119 okazj\u0105 do odpoczynku: linia brzegowa wabi \u0142agodnymi falami, a rodziny opr\u00f3szone piaskiem wznosz\u0105 toast za wysp\u0119, na kt\u00f3rej odporno\u015b\u0107 i ciep\u0142o spotykaj\u0105 si\u0119 w wiecznym u\u015bcisku.<\/p>\n<p>Pod nadzorem wszechwiedz\u0105cego obserwatora Grenad\u0119 mo\u017cna odczyta\u0107 jako palimpsest geologicznych wstrz\u0105s\u00f3w i ludzkich wysi\u0142k\u00f3w: linie brzegowe wyryte przez wyp\u0142ywy wulkaniczne, zbocza wzg\u00f3rz pokryte g\u0119stymi lasami, plantacje pachn\u0105ce przyprawami i miasta, kt\u00f3rych pastelowe fasady przypominaj\u0105 o spornych suwerenno\u015bciach. Tutaj dziedzictwo buntu Karaib\u00f3w, francuskiej elegancji i brytyjskich rz\u0105d\u00f3w \u0142\u0105czy si\u0119 w wyspiarskim spo\u0142ecze\u0144stwie, kt\u00f3re mierzy swoj\u0105 tera\u017aniejszo\u015b\u0107 nie tylko wska\u017anikami ekonomicznymi, ale poprzez historie ustne, rytua\u0142y kulinarne i trwa\u0142\u0105 wiar\u0119, \u017ce w tyglu huraganowych wiatr\u00f3w i kolonialnych ambicji skrystalizowa\u0142a si\u0119 wyj\u0105tkowa to\u017csamo\u015b\u0107 \u2014 silna, pachn\u0105ca i gotowa powita\u0107 ka\u017cdy \u015bwit z odnowionym poczuciem celu.<\/p>","protected":false},"excerpt":{"rendered":"<p>Grenada, the southernmost island in the\u00a0Antilles archipelago, is ideally located between the\u00a0eastern Caribbean Sea\u00a0and the\u00a0western Atlantic Ocean. It is situated around 140 kilometers north of\u00a0Venezuela\u00a0and\u00a0Trinidad &#038; Tobago. This\u00a0island country, together with its neighboring islands, is the southern part of the\u00a0Grenadines. The sister islands comprise\u00a0Carriacou,\u00a0Petite Martinique,\u00a0Ronde Island,\u00a0Caille Island,\u00a0Diamond Island,\u00a0Large Island,\u00a0Saline Island, and\u00a0Frigate Island, while the northern islands are part of\u00a0St. Vincent and the Grenadines. The predominant portion of Grenada\u2019s populace inhabits the principal island, with notable towns such as the capital,\u00a0St. George\u2019s,\u00a0Grenville, and\u00a0Gouyave.\u00a0Hillsborough\u00a0is the most populous village on the sister island of Carriacou.<\/p>","protected":false},"author":1,"featured_media":3822,"parent":24084,"menu_order":0,"comment_status":"closed","ping_status":"closed","template":"elementor_theme","meta":{"_eb_attr":"","footnotes":""},"class_list":["post-9051","page","type-page","status-publish","has-post-thumbnail"],"_links":{"self":[{"href":"https:\/\/travelshelper.com\/pl\/wp-json\/wp\/v2\/pages\/9051","targetHints":{"allow":["GET"]}}],"collection":[{"href":"https:\/\/travelshelper.com\/pl\/wp-json\/wp\/v2\/pages"}],"about":[{"href":"https:\/\/travelshelper.com\/pl\/wp-json\/wp\/v2\/types\/page"}],"author":[{"embeddable":true,"href":"https:\/\/travelshelper.com\/pl\/wp-json\/wp\/v2\/users\/1"}],"replies":[{"embeddable":true,"href":"https:\/\/travelshelper.com\/pl\/wp-json\/wp\/v2\/comments?post=9051"}],"version-history":[{"count":0,"href":"https:\/\/travelshelper.com\/pl\/wp-json\/wp\/v2\/pages\/9051\/revisions"}],"up":[{"embeddable":true,"href":"https:\/\/travelshelper.com\/pl\/wp-json\/wp\/v2\/pages\/24084"}],"wp:featuredmedia":[{"embeddable":true,"href":"https:\/\/travelshelper.com\/pl\/wp-json\/wp\/v2\/media\/3822"}],"wp:attachment":[{"href":"https:\/\/travelshelper.com\/pl\/wp-json\/wp\/v2\/media?parent=9051"}],"curies":[{"name":"wp","href":"https:\/\/api.w.org\/{rel}","templated":true}]}}