{"id":9044,"date":"2024-09-07T10:13:08","date_gmt":"2024-09-07T10:13:08","guid":{"rendered":"https:\/\/travelshelper.com\/staging\/?page_id=9044"},"modified":"2026-03-13T16:27:47","modified_gmt":"2026-03-13T16:27:47","slug":"antigua-guatemala","status":"publish","type":"page","link":"https:\/\/travelshelper.com\/pl\/destinations\/north-america\/guatemala\/antigua\/","title":{"rendered":"Antigua Guatemala"},"content":{"rendered":"<p>Antigua Guatemala wznosi si\u0119 po\u015br\u00f3d falistych wy\u017cyn \u015brodkowej Gwatemali, miasta licz\u0105cego oko\u0142o 34 685 mieszka\u0144c\u00f3w, jak odnotowano w spisie z 2007 r., b\u0119d\u0105cego siedzib\u0105 departamentu Sacatep\u00e9quez. Kiedy\u015b zamieszkiwane przez oko\u0142o 65 000 mieszka\u0144c\u00f3w w okresie \u015bwietno\u015bci XVIII wieku, miasto zajmuje obszar okre\u015blony przez grzbiety wulkaniczne i \u017cyzne doliny, kt\u00f3re ukszta\u0142towa\u0142y jego rozw\u00f3j jako stolicy kolonialnej i obiektu \u015bwiatowego dziedzictwa UNESCO. Jego barokowe fasady i ortogonalny plan ulic umieszczaj\u0105 Antigu\u0119 w sercu gwatemalskiej pami\u0119ci historycznej. W ci\u0105gu p\u00f3\u0142 tysi\u0105ca lat wstrz\u0105sy sejsmiczne i ludzka odporno\u015b\u0107 ukszta\u0142towa\u0142y miejsce, kt\u00f3rego ciche brukowane arterie szepcz\u0105 zar\u00f3wno o imperialnej okaza\u0142o\u015bci, jak i wsp\u00f3\u0142czesnej dynamice.<\/p>\n<p>Za\u0142o\u017cona w 1543 r. jako stolica Kapitanii Generalnej Gwatemali, Antigua szybko obj\u0119\u0142a rol\u0119 regionalnego prymatu. Panoramiczny widok miasta \u2014 obramowany przez Volc\u00e1n de Agua i bli\u017aniacze wulkaniczne rodze\u0144stwo \u2014 zach\u0119ci\u0142 projektant\u00f3w miast do zaprojektowania dworskiej siatki zwie\u0144czonej okaza\u0142ymi kompleksami ko\u015bcielnymi. Przez kolejne stulecia architekci i rzemie\u015blnicy nasycali publiczne budowle surowym barokowym s\u0142ownictwem: pilastrami, \u0142ukowatymi frontonami i misternie rze\u017abionymi portalami. W po\u0142owie XVIII wieku place i portale Antigui by\u0142y przyk\u0142adem metropolitalnego wyrafinowania na po\u0142udniowych rubie\u017cach Nowej Hiszpanii, a reputacja ta zosta\u0142a przypiecz\u0119towana wpisem miasta na List\u0119 \u015awiatowego Dziedzictwa UNESCO w 1979 r.<\/p>\n<p>Trz\u0119sienie ziemi z 29 lipca 1773 r. rozerwa\u0142o fundamenty miasta i rozproszy\u0142o jego ludno\u015b\u0107 po ca\u0142ej okolicy. Po wstrz\u0105sie wi\u0119kszo\u015b\u0107 mieszka\u0144c\u00f3w opu\u015bci\u0142a miasto, aby schroni\u0107 si\u0119 w bezpiecznym miejscu w Gwatemali, pozostawiaj\u0105c Antigu\u0119 w ruinie. Przez dziesi\u0119ciolecia ko\u015bcio\u0142y, urz\u0119dy rz\u0105dowe i klasztory sta\u0142y jak puste monolity \u2014 \u015bwiadectwa zar\u00f3wno ekologicznej krucho\u015bci, jak i ludzkiej wytrzyma\u0142o\u015bci. Dopiero w 1944 r., kiedy prezydent Jorge Ubico uzna\u0142 pozosta\u0142o\u015bci za Pomnik Narodowy, rozpocz\u0119to powa\u017cne prace konserwatorskie. Rzemie\u015blnicy powr\u00f3cili do rozpadaj\u0105cych si\u0119 portali, wszczepiaj\u0105c now\u0105 zapraw\u0119 do zniszczonego przez czas kamienia, a pierwsze pr\u00f3by cz\u0119\u015bciowej rekonstrukcji zacz\u0119\u0142y nak\u0142ania\u0107 \u017cycie z powrotem do opuszczonych drzwi.<\/p>\n<p>Central Park \u2014 Parque Central \u2014 pozostaje pulsuj\u0105cym sercem miejskiego \u017cycia, jego koncentryczne, okr\u0105g\u0142e chodniki rozchodz\u0105 si\u0119 promieni\u015bcie od odrestaurowanej fontanny z XVII wieku. Tam miejscowi zbieraj\u0105 si\u0119 pod przystrojonymi drzewami w po\u0142udnie i ponownie o zmierzchu, gdy powietrze si\u0119 och\u0142adza, a plac l\u015bni w \u015bwietle lamp. Na jego p\u00f3\u0142nocnym skrzydle \u0142ukuje \u0142uk Santa Catalina, pierwotnie pomy\u015blany w XVII wieku jako kryte przej\u015bcie dla zakonnic klauzurowych. Jego smuk\u0142a wie\u017ca zegarowa, dobudowana w latach 30. XIX wieku, obecnie stanowi ram\u0119 dla jednego z najbardziej kultowych obraz\u00f3w fotograficznych regionu: blad\u0105 form\u0119 \u0142uku na tle imponuj\u0105cej sylwetki Volc\u00e1n de Agua.<\/p>\n<p>Ka\u017cdego okresu Wielkiego Postu Antigua przybiera pobo\u017cn\u0105 osobliwo\u015b\u0107. Od \u015arody Popielcowej parafianie i pielgrzymi id\u0105 procesyjnymi szlakami wyg\u0142adzonymi przez tysi\u0105ce krok\u00f3w. Pod ich stopami ulotne dywany \u2014 tkane z barwionych trocin, p\u0142atk\u00f3w kwiat\u00f3w, igie\u0142 sosnowych, a czasami dojrzewaj\u0105cych owoc\u00f3w \u2014 zamieniaj\u0105 brukowane ulice w \u017cywe gobeliny. Tydzie\u0144 po tygodniu bractwa ko\u015bcielne sponsoruj\u0105 te ulotne dzie\u0142a sztuki, kt\u00f3re kulminuj\u0105 w uroczysto\u015bci Wielkiego Tygodnia w Niedziel\u0119 Palmow\u0105 i Wielki Pi\u0105tek. W tych momentach warstwy wiary i historii miasta zbiegaj\u0105 si\u0119, gdy kadzid\u0142o unosi si\u0119 wok\u00f3\u0142 zrujnowanych kru\u017cgank\u00f3w i barokowych portali.<\/p>\n<p>Turystyka sta\u0142a si\u0119 g\u0142\u00f3wnym motorem nap\u0119dowym gospodarki miasta. Antigua funkcjonuje obecnie jako centrum dla odkrywc\u00f3w zmierzaj\u0105cych do las\u00f3w deszczowych Ameryki \u015arodkowej, g\u00f3rskich wiosek i wybrze\u017cy Karaib\u00f3w. Wycieczki statkami wycieczkowymi z port\u00f3w Pacyfiku i Atlantyku cz\u0119sto obejmuj\u0105 Antigu\u0119 w swoich trasach, kusz\u0105c tysi\u0105ce os\u00f3b do codziennego w\u0119drowania jej ulicami. Kwitn\u0105ca spo\u0142eczno\u015b\u0107 emeryt\u00f3w z Ameryki P\u00f3\u0142nocnej i Europy nadaje mi\u0119dzynarodow\u0105 patyn\u0119 lokalnym kawiarniom i targom rzemie\u015blniczym, nape\u0142niaj\u0105c miasto sta\u0142ym popytem na us\u0142ugi i udogodnienia.<\/p>\n<p>Rolnictwo kiedy\u015b utrzymywa\u0142o ludno\u015b\u0107 Antigui w takim samym stopniu jak handel. Okoliczne r\u00f3wniny przynosi\u0142y obfite plony \u2014 kukurydza, fasola i drzewa owocowe ros\u0142y na wulkanicznych glebach o niezwyk\u0142ej \u017cyzno\u015bci. Uprawa kawy sta\u0142a si\u0119 p\u00f3\u017aniejsz\u0105 upraw\u0105 towarow\u0105, a ziarna z tego regionu by\u0142y cenione przez krajow\u0105 sp\u00f3\u0142dzielni\u0119 Anacaf\u00e9. W ostatnich dekadach ma\u0142e plantacje i sp\u00f3\u0142dzielnie podziwia\u0142y odwiedzaj\u0105cych poszukuj\u0105cych zar\u00f3wno bursztynowych napar\u00f3w, jak i wgl\u0105du w tradycje \u201eod ziarna do fili\u017canki\u201d.<\/p>\n<p>Programy immersji j\u0119zykowej nale\u017c\u0105 do najbardziej charakterystycznych ofert miasta. Instytuty nauki j\u0119zyka hiszpa\u0144skiego rozros\u0142y si\u0119 jak drugorz\u0119dny materia\u0142 dla gospodarki, goszcz\u0105c student\u00f3w z Europy, Azji i Ameryki P\u00f3\u0142nocnej. Sale lekcyjne wychodz\u0105 na wy\u0142o\u017cone kafelkami dziedzi\u0144ce i kwitn\u0105ce bugenwille, gdzie instruktorzy prowadz\u0105 \u0107wiczenia gramatyczne i \u0107wiczenia konwersacyjne po\u015br\u00f3d gwaru lokalnych targowisk. Dla wielu Antigua jest punktem wej\u015bcia nie tylko do gwatemalskiego hiszpa\u0144skiego, ale tak\u017ce do zrozumienia rdzennej kultury, dziedzictwa kolonialnego i wielowarstwowych to\u017csamo\u015bci, kt\u00f3re sk\u0142adaj\u0105 si\u0119 na wsp\u00f3\u0142czesn\u0105 Ameryk\u0119 \u015arodkow\u0105.<\/p>\n<p>Opcje kulinarne obejmuj\u0105 to, co znane i egzotyczne. Na miejskim targu, obok centralnego dworca autobusowego, sprzedawcy serwuj\u0105 \u015bniadania chap\u00edn z fasoli sma\u017conej, sma\u017conego jajka, banana i \u015bwie\u017cego sera, wszystko podawane z r\u0119cznie robionymi tortillami. Poza tym sercem restauracje oferuj\u0105 tapas w stylu \u015br\u00f3dziemnomorskim, pizze na cienkim cie\u015bcie, miski ramen, hamburgery i ciasta w stylu brytyjskim. Cukiernicy tworz\u0105 eklery i croissanty, kt\u00f3rych polewy l\u015bni\u0105 pod \u015bwiat\u0142ami gablot. Poprzez te oferty scena gastronomiczna Antigui odzwierciedla zestawienie lokalnej tradycji i globalnych wp\u0142yw\u00f3w, a ka\u017cdy talerz jest mikrokosmosem ewoluuj\u0105cego charakteru miasta.<\/p>\n<p>Siatka ulic miasta rozci\u0105ga si\u0119 od Parque Central jako punktu pocz\u0105tkowego, kratownicy avenidas i calles wyr\u00f3wnanej do kompasu. Aleje ponumerowane od jednego do o\u015bmiu biegn\u0105 z p\u00f3\u0142nocy na po\u0142udnie, oznaczone norte lub sur przez ich szeroko\u015b\u0107 geograficzn\u0105 wzgl\u0119dem 5\u00aa Calle. Poprzecznie, ulice od jednego do dziewi\u0119ciu przecinaj\u0105 wsch\u00f3d-zach\u00f3d, oznaczone oriente lub poniente przez d\u0142ugo\u015b\u0107 geograficzn\u0105 wzgl\u0119dem 4\u00aa Avenida. Wi\u0119kszo\u015b\u0107 rog\u00f3w nie ma oznakowania, zach\u0119caj\u0105c przybysz\u00f3w do skorzystania z lokalnych porad lub ryzykowania bezcelowego w\u0119drowania po kocich \u0142bach, kt\u00f3rych nieregularne powierzchnie odzwierciedlaj\u0105 wieki ruchu pieszego.<\/p>\n<p>Ruiny z czas\u00f3w kolonialnych Antigui nale\u017c\u0105 do jej najbardziej fascynuj\u0105cych atrakcji. Szkieletowe pozosta\u0142o\u015bci klasztor\u00f3w i budynk\u00f3w u\u017cyteczno\u015bci publicznej przywo\u0142uj\u0105 opowie\u015bci o boskich aspiracjach i sejsmicznych zniszczeniach. Po trz\u0119sieniu ziemi w 1773 r. konstrukcje le\u017ca\u0142y opuszczone, dop\u00f3ki wysi\u0142ki konserwatorskie w po\u0142owie XX wieku nie uczyni\u0142y ich ponownie dost\u0119pnymi. Odwiedzaj\u0105cy wchodz\u0105cy do tych przestrzeni staj\u0105 w obliczu warstwowych palimpsest\u00f3w kamiennej roboty \u2014 drzwi na wp\u00f3\u0142 zapiecz\u0119towane, sklepienia \u0142ukowe, ale niepodparte, i fasady nosz\u0105ce \u015blady rze\u017abionego kamienia, kt\u00f3ry przetrwa\u0142 furi\u0119 wstrz\u0105su.<\/p>\n<p>Katedra San Jos\u00e9, kt\u00f3rej fasada pochodzi z 1680 r., nadal jest jednym z najwspanialszych barokowych portali Ameryki \u015arodkowej. Wi\u0119kszo\u015b\u0107 jej nawy uleg\u0142a dr\u017ceniu, jednak ozdobny fronton pozosta\u0142 w du\u017cej mierze nienaruszony. XIX-wieczna rekonstrukcja umo\u017cliwi\u0142a budynkowi wznowienie funkcji ko\u015bcielnych, podczas gdy jego ruiny \u015bwiadcz\u0105 o umiej\u0119tno\u015bciach i wierze rzemie\u015blnik\u00f3w z XVIII wieku. Niedaleko znajduje si\u0119 Colegio de San Jer\u00f3nimo, kt\u00f3re oferuje kontrast intymnej skali \u2014 kr\u00f3tkotrwa\u0142a szko\u0142a uko\u0144czona w 1757 r., w kt\u00f3rej mieszkali mnisi mercedaria\u0144scy przed przekszta\u0142ceniem w urz\u0105d celny. Jej ogrody klasztorne, skupione wok\u00f3\u0142 wdzi\u0119cznej fontanny, s\u0142u\u017c\u0105 obecnie jako miejsca recitali tanecznych i festiwali kulturalnych, stanowi\u0105ce ramy widok\u00f3w na odleg\u0142y wulkan.<\/p>\n<p>Na wschodzie Convento de Capuchinas zachowuje ciche cele, w kt\u00f3rych niegdy\u015b mieszka\u0142y zakonnice z Saragossy. Fragmentaryczne \u015bciany ust\u0119puj\u0105 miejsca wewn\u0119trznym ogrodom, w kt\u00f3rych bugenwille i drzewa cytrusowe kwitn\u0105 na geometrycznych rabatach. Wchodz\u0105c na taras na dachu, odwiedzaj\u0105cy zyskuj\u0105 panoram\u0119 dach\u00f3w z dach\u00f3wek i otaczaj\u0105cych wzg\u00f3rz. Kr\u00f3tki spacer prowadzi do Convento de Santa Clara, kt\u00f3rego tylna fasada, bogato zdobiona formowanym stiukiem, rejestruje wyszukany gust si\u00f3str franciszkanek. Pod jego \u0142ukami ogr\u00f3d na dziedzi\u0144cu gromadzi \u015bwiat\u0142o na popo\u0142udniow\u0105 medytacj\u0119 i cich\u0105 kontemplacj\u0119.<\/p>\n<p>W\u015br\u00f3d najcz\u0119\u015bciej odwiedzanych ruin ko\u015bcielnych znajduje si\u0119 San Francisco el Grande. Jego wielokopu\u0142owa forma kryje szcz\u0105tki Hermano Pedro de San Jos\u00e9 Betancurta, pierwszego kanonizowanego \u015bwi\u0119tego z Gwatemali. Cz\u0119\u015bciowo odbudowany po trz\u0119sieniu ziemi ko\u015bci\u00f3\u0142 nadal jest czynny i mie\u015bci skromne muzeum po\u015bwi\u0119cone \u017cyciu \u015bwi\u0119tego w s\u0142u\u017cbie ubogim. Kilka przecznic na zach\u00f3d, rozleg\u0142y kompleks La Recolecci\u00f3n rozci\u0105ga si\u0119 w kierunku dworca autobusowego. Kiedy\u015b klasztor Recollects, przetrwa\u0142 trz\u0119sienia ziemi w 1717 i 1753 roku, zanim trz\u0119sienie ziemi w Santa Marta w 1773 roku zredukowa\u0142o go do jaskiniowej skorupy. Cisza przenika jego ogrody, pozwalaj\u0105c odwiedzaj\u0105cym pod\u0105\u017ca\u0107 jego kru\u017cgankami w kontemplacyjnej samotno\u015bci.<\/p>\n<p>Muzeum Tradycji Wielkiego Tygodnia mie\u015bci si\u0119 w dawnym klasztorze Sor Juana de Maldonado, gdzie statyczne panele i instalacje wideo opowiadaj\u0105 o procesjach wielkopostnych w Antigui. Na 4\u00aa Calle Oriente, Banco Industrial Numismatic Museum kuratoruje histori\u0119 monetarn\u0105 kraju, a jego kompaktowe galerie eksponuj\u0105 monety kolonialne i wsp\u00f3\u0142czesne okazy. Niedaleko, ChocoMuseo zaprasza go\u015bci do temperowania czekolady i nauki uprawy kakao \u2014 od ziarna do tabliczki \u2014 a Museum Casa del Tejido Antiguo ilustruje techniki tkackie Maj\u00f3w na przestrzeni wiek\u00f3w, a jego rzemie\u015blnicy przy krosnach oferuj\u0105 tkaniny na sprzeda\u017c. Na po\u0142udnie od placu, Museo Santiago de los Caballeros zajmuje dawny Palacio de los Capitanes Generales, prezentuj\u0105c artefakty przedhiszpa\u0144skie obok kolonialnych relikwii.<\/p>\n<p>Te r\u00f3\u017cnorodne warstwy historii zbiegaj\u0105 si\u0119 w Parque Central, gdzie kolonialne \u0142uki spotykaj\u0105 si\u0119 ze wsp\u00f3\u0142czesnymi \u0142awkami, a handlarze sprzedaj\u0105 poczt\u00f3wki pod baldachimami z jacarandy. Kamienne arterie Antigui nios\u0105 ze sob\u0105 skomplikowane warstwowanie czasowe, \u0142\u0105cz\u0105ce inspirowane Aztekami wzory, hiszpa\u0144skie barokowe rozkwity i nowoczesny handel nap\u0119dzany turystyk\u0105. Narracja miasta wy\u0142ania si\u0119 nie w jednej epoce, ale w r\u00f3\u017cnych epokach \u2014 jego pozosta\u0142o\u015bci i rekonstrukcje wsp\u00f3\u0142istniej\u0105 w \u017cywej tera\u017aniejszo\u015bci, kt\u00f3ra czci przesz\u0142o\u015b\u0107 bez nostalgii.<\/p>\n<p>W ka\u017cdym p\u0119kni\u0119tym nadpro\u017cu i ka\u017cdej o\u015bwietlonej zachodem s\u0142o\u0144ca ulicy Antigua Guatemala objawia si\u0119 jako miasto nieustaj\u0105cego dialogu: mi\u0119dzy \u015brodowiskiem a architektur\u0105, mi\u0119dzy pami\u0119ci\u0105 a odnow\u0105, mi\u0119dzy pielgrzymk\u0105 a codziennym \u017cyciem. Jej barokowe fasady i pokryte mchem ruiny opowiadaj\u0105 kronik\u0119 ambicji, wiary, upadku i odrodzenia. Dla podr\u00f3\u017cnika, kt\u00f3ry uwa\u017cnie st\u0105pa po bruku, miasto oferuje wi\u0119cej ni\u017c fotografie i poczt\u00f3wki; rozdaje niuansowane historie, wplecione w ka\u017cdy \u0142uk i dziedziniec, czekaj\u0105ce na odkrycie przez tych, kt\u00f3rzy chc\u0105 s\u0142ucha\u0107.<\/p>","protected":false},"excerpt":{"rendered":"<p>Antigua Guatemala, czasami nazywana Antigua lub La Antigua, to miasto po\u0142o\u017cone w centralnych g\u00f3rach Gwatemali. To urocze miasto, charakteryzuj\u0105ce si\u0119 brukowanymi uliczkami i kolorow\u0105 architektur\u0105 kolonialn\u0105, pe\u0142ni\u0142o funkcj\u0119 stolicy Kapitanii Generalnej Gwatemali od 1543 do 1773 roku. Bogata historia miasta i architektura inspirowana barokiem przynios\u0142y mu zaszczytne wyr\u00f3\u017cnienie w postaci wpisu na List\u0119 \u015awiatowego Dziedzictwa UNESCO w 1979 roku.<\/p>","protected":false},"author":1,"featured_media":4137,"parent":9021,"menu_order":0,"comment_status":"closed","ping_status":"closed","template":"elementor_theme","meta":{"_eb_attr":"","footnotes":""},"class_list":["post-9044","page","type-page","status-publish","has-post-thumbnail"],"_links":{"self":[{"href":"https:\/\/travelshelper.com\/pl\/wp-json\/wp\/v2\/pages\/9044","targetHints":{"allow":["GET"]}}],"collection":[{"href":"https:\/\/travelshelper.com\/pl\/wp-json\/wp\/v2\/pages"}],"about":[{"href":"https:\/\/travelshelper.com\/pl\/wp-json\/wp\/v2\/types\/page"}],"author":[{"embeddable":true,"href":"https:\/\/travelshelper.com\/pl\/wp-json\/wp\/v2\/users\/1"}],"replies":[{"embeddable":true,"href":"https:\/\/travelshelper.com\/pl\/wp-json\/wp\/v2\/comments?post=9044"}],"version-history":[{"count":0,"href":"https:\/\/travelshelper.com\/pl\/wp-json\/wp\/v2\/pages\/9044\/revisions"}],"up":[{"embeddable":true,"href":"https:\/\/travelshelper.com\/pl\/wp-json\/wp\/v2\/pages\/9021"}],"wp:featuredmedia":[{"embeddable":true,"href":"https:\/\/travelshelper.com\/pl\/wp-json\/wp\/v2\/media\/4137"}],"wp:attachment":[{"href":"https:\/\/travelshelper.com\/pl\/wp-json\/wp\/v2\/media?parent=9044"}],"curies":[{"name":"wp","href":"https:\/\/api.w.org\/{rel}","templated":true}]}}