{"id":9032,"date":"2024-09-06T23:13:17","date_gmt":"2024-09-06T23:13:17","guid":{"rendered":"https:\/\/travelshelper.com\/staging\/?page_id=9032"},"modified":"2026-03-13T16:45:59","modified_gmt":"2026-03-13T16:45:59","slug":"quetzaltenango","status":"publish","type":"page","link":"https:\/\/travelshelper.com\/pl\/destinations\/north-america\/guatemala\/quetzaltenango\/","title":{"rendered":"Quetzaltenango"},"content":{"rendered":"<p>Quetzaltenango, wy\u0142aniaj\u0105ce si\u0119 z zachodnich wy\u017cyn Gwatemali z niepozorn\u0105 okaza\u0142o\u015bci\u0105, zajmuje g\u00f3rsk\u0105 kotlin\u0119 w najni\u017cszym punkcie 2330 metr\u00f3w nad poziomem morza i si\u0119ga do 2400 metr\u00f3w w obr\u0119bie rozrastaj\u0105cego si\u0119 obszaru miejskiego. W 2018 roku utrzymywa\u0142o 180 706 mieszka\u0144c\u00f3w na 122 km\u00b2 zr\u00f3\u017cnicowanego terenu, otoczonego przez gminy Salcaj\u00e1, Cantel, Almolonga i sze\u015b\u0107 innych. Znane swoim maja\u0144skim przodkom jako Xelaj\u00fa, a potocznie wsp\u00f3\u0142czesnym mieszka\u0144com jako Xela, miasto \u0142\u0105czy z\u0142o\u017con\u0105 mozaik\u0119 dziedzictwa przedkolumbijskiego, kolonialnego dziedzictwa i odrodzenia XXI wieku. Wytrzymuje subtropikalny klimat g\u00f3rski, w kt\u00f3rym ciep\u0142e godziny po\u0142udniowe szybko ust\u0119puj\u0105 ch\u0142odnym wieczorom; rozci\u0105ga si\u0119 przez dolin\u0119, kt\u00f3ra od dawna przyci\u0105ga\u0142a rolnik\u00f3w, kupc\u00f3w i pielgrzym\u00f3w. W tej kolebce staro\u017cytnej w\u0142adzy i wsp\u00f3\u0142czesnej witalno\u015bci Quetzaltenango ro\u015bci sobie prawo do miana drugiego co do wielko\u015bci miasta Gwatemali, zar\u00f3wno pod wzgl\u0119dem wielko\u015bci, jak i trwa\u0142ego znaczenia kulturowego.<\/p>\n<p>Pocz\u0105tki Quetzaltenango si\u0119gaj\u0105 polityki Mam zwanej Kulah\u00e1, kt\u00f3rej dominacja ukszta\u0142towa\u0142a kontury lokalnego spo\u0142ecze\u0144stwa na d\u0142ugo przed pojawieniem si\u0119 hiszpa\u0144skich \u017cagli na odleg\u0142ych brzegach. Tam, po\u015br\u00f3d m\u0142odych osad u st\u00f3p wulkanu Santa Mar\u00eda, powsta\u0142o wczesne centrum rz\u0105d\u00f3w Maj\u00f3w. P\u00f3\u017aniej w\u0142adcy K\u02bciche\u02bc wyparli Mam i ponownie za\u0142o\u017cyli Xelaj\u00fa, przenosz\u0105c je z nizinnych przysi\u00f3\u0142k\u00f3w na wy\u017csz\u0105 r\u00f3wnin\u0119, gdzie przetrwa\u0142o. Min\u0119\u0142y trzy stulecia, zanim porucznicy Hern\u00e1na Cort\u00e9sa i ich sojusznicy Nahua wkroczyli na wy\u017cyny na pocz\u0105tku XVI wieku. Rdzenni Nahua nadali osadzie nazw\u0119 Quetzaltenango \u2013 \u201emiejsce ptaka kwezala\u201d \u2013 a Hiszpanie j\u0105 zachowali, \u0142\u0105cz\u0105c Nahua z europejsk\u0105 nomenklatur\u0105. Nawet dzisiaj oficjalne dokumenty odnosz\u0105 si\u0119 do Quetzaltenango, natomiast w codziennych rozmowach faworyzuje si\u0119 starsz\u0105 nazw\u0119 Xela, b\u0119d\u0105c\u0105 lingwistycznym echem odleg\u0142ego \u015bwiata Maj\u00f3w.<\/p>\n<p>Pod hiszpa\u0144skimi rz\u0105dami kolonialnymi Quetzaltenango pe\u0142ni\u0142o funkcj\u0119 stolicy administracyjnej Western Highlands, roli, kt\u00f3ra zakotwiczy\u0142a gospodark\u0119 polityczn\u0105 regionu a\u017c do wybuchu ruch\u00f3w niepodleg\u0142o\u015bciowych w latach 20. XIX wieku. Po\u015br\u00f3d burzliwych nast\u0119pstw emancypacji od Hiszpanii, lokalne elity d\u0105\u017cy\u0142y do \u200b\u200bzabezpieczenia autonomii regionalnej, zak\u0142adaj\u0105c efemeryczne pa\u0144stwo Los Altos z Quetzaltenango na czele. Ten ustr\u00f3j polityczny rozci\u0105ga\u0142 si\u0119 od zachodniej Gwatemali do cz\u0119\u015bci dzisiejszego Chiapas; wpad\u0142 w r\u0119ce si\u0142 genera\u0142a Rafaela Carrery w latach 1839\u20131840, podb\u00f3j zapami\u0119tany w lokalnej legendzie ze wzgl\u0119du na jego surowo\u015b\u0107 i powieszenie przyw\u00f3dc\u00f3w Los Altos. Gwa\u0142towne st\u0142umienie separatystycznych aspiracji stanowi\u0142o punkt zwrotny w historii regionu, ponownie integruj\u0105c go z nowo powstaj\u0105c\u0105 republik\u0105 gwatemalsk\u0105 i kszta\u0142tuj\u0105c trwa\u0142e poczucie regionalnej odr\u0119bno\u015bci.<\/p>\n<p>Rolnictwo stanowi\u0142o trzon wczesnej gospodarki Quetzaltenango. W po\u0142owie XIX wieku lokalne pola dawa\u0142y obfite plony pszenicy, kukurydzy, owoc\u00f3w, warzyw i zwierz\u0105t gospodarskich \u2014 produktywny zestaw, kt\u00f3ry podtrzymywa\u0142 zar\u00f3wno rynki krajowe, jak i przep\u0142ywy eksportowe do s\u0105siedniego Salwadoru. Pszenica kr\u00f3lowa\u0142a w\u015br\u00f3d towar\u00f3w eksportowych, a zaraz za ni\u0105 kakao, cukier, we\u0142na i bawe\u0142na. Hodowcy p\u0119dzili byd\u0142o i owce przez trawiaste zbocza doliny, podczas gdy plantatorzy uprawiali kaw\u0119 na ch\u0142odniejszych zboczach powy\u017cej. Pod wulkanicznymi zboczami krajobraz urozmaica\u0142y gor\u0105ce \u017ar\u00f3d\u0142a, oferuj\u0105ce zar\u00f3wno ulg\u0119 termiczn\u0105, jak i bogat\u0105 w minera\u0142y nisz\u0119 turystyczn\u0105, kt\u00f3ra rozkwit\u0142a dopiero wraz z pojawieniem si\u0119 nowoczesnej infrastruktury.<\/p>\n<p>Przej\u015bcie do XX wieku przynios\u0142o zar\u00f3wno obietnice, jak i rozczarowania. Boom kawowy pod koniec XIX wieku doprowadzi\u0142 do wzrostu bogactwa, kt\u00f3ry zapewni\u0142 przetrwanie wielu budowli z okresu \u201eBelle \u00c9poque\u201d, kt\u00f3re stoj\u0105 do dzi\u015b \u2014 ozdobne fasady z kamienia i stiuku, balkony z kutego \u017celaza i \u0142ukowate portyki, kt\u00f3re \u015bwiadcz\u0105 o pewno\u015bci siebie w przysz\u0142o\u015bci. Plany budowy kolei, kt\u00f3ra mia\u0142a po\u0142\u0105czy\u0107 Xel\u0119 z korytarzem panameryka\u0144skim, powsta\u0142y w latach 90. XIX wieku, a po dziesi\u0119cioleciach zahamowanego post\u0119pu Ferrocarril de los Altos ostatecznie po\u0142\u0105czy\u0142 Quetzaltenango z Gwatemal\u0105 w 1930 roku. Linia ta, uznawana za cud techniki, zawali\u0142a si\u0119 pod osuwiskami w 1933 roku i nigdy nie zosta\u0142a odbudowana. Jednak jej pami\u0119\u0107 przetrwa\u0142a \u2014 w piosenkach, opowie\u015bciach i ma\u0142ym muzeum, kt\u00f3re czci maszyny parowe jako ikony epoki, w kt\u00f3rej g\u00f3ralskie koleje obiecywa\u0142y nowoczesno\u015b\u0107.<\/p>\n<p>Gospodarcze losy miasta przygas\u0142y wraz z Wielkim Kryzysem, a nast\u0119pnie z latami niepokoj\u00f3w spo\u0142ecznych, kt\u00f3re naznaczy\u0142y Gwatemal\u0119 w drugiej po\u0142owie XX wieku. Przez pewien czas wielkie aleje i place Xela straci\u0142y sw\u00f3j dawny blask; fasady popad\u0142y w ruin\u0119, a skromny handel zmaga\u0142 si\u0119 z niepewnym zarz\u0105dzaniem. Jednak wraz z nadej\u015bciem nowego tysi\u0105clecia miasto rozpocz\u0119\u0142o okres odnowy miejskiej. Zabytkowe budynki zosta\u0142y starannie odrestaurowane; nowe struktury powsta\u0142y obok kolonialnych pozosta\u0142o\u015bci; kawiarnie i centra kulturalne rozmno\u017cy\u0142y si\u0119. Dzi\u015b miasto t\u0119tni kawiarniami, kt\u00f3re wylewaj\u0105 si\u0119 na chodniki, galeriami sztuki, kt\u00f3re prezentuj\u0105 wsp\u00f3\u0142czesne dzie\u0142a obok rodzimego rzemios\u0142a, oraz festiwalami, kt\u00f3re potwierdzaj\u0105 tradycje K\u02bciche\u02bc i Mam za pomoc\u0105 ta\u0144ca, kostium\u00f3w i ceremonii.<\/p>\n<p>Klimat Quetzaltenango kszta\u0142tuje zar\u00f3wno codzienne \u017cycie, jak i rytm handlu. Zgodnie z klasyfikacj\u0105 K\u00f6ppena Cwb, miasto do\u015bwiadcza dw\u00f3ch odr\u0119bnych p\u00f3r roku: pory deszczowej od ko\u0144ca maja do ko\u0144ca pa\u017adziernika i okresu suchego od pocz\u0105tku listopada do kwietnia. Maksymalne temperatury dzienne oscyluj\u0105 wok\u00f3\u0142 22 \u00b0C do 23 \u00b0C przez wi\u0119ksz\u0105 cz\u0119\u015b\u0107 roku, spadaj\u0105c do jednocyfrowych warto\u015bci w nocy, szczeg\u00f3lnie mi\u0119dzy listopadem a lutym, kiedy \u015brednie minima wynosz\u0105 4 \u00b0C. Wysoko\u015b\u0107 miasta zapewnia zar\u00f3wno umiarkowan\u0105 ulg\u0119 od tropikalnych nizin, jak i podatno\u015b\u0107 na szybkie popo\u0142udniowe och\u0142odzenie, gdy s\u0142o\u0144ce zaczyna zachodzi\u0107. Opady deszczu pojawiaj\u0105 si\u0119 g\u0142\u00f3wnie po po\u0142udniu w miesi\u0105cach deszczowych, chocia\u017c niekt\u00f3re dni utrzymuj\u0105 m\u017cawk\u0119 od \u015bwitu do zmierzchu. W porze suchej mieszka\u0144cy czasami przez miesi\u0105ce nie spadaj\u0105 ani kropli, co zwi\u0119ksza uznanie dla kr\u00f3tkiej, intensywnej zieleni krajobraz\u00f3w po deszczu.<\/p>\n<p>W granicach gminy o powierzchni 122 km\u00b2 znajduj\u0105 si\u0119 r\u00f3\u017cnorodne topografie: faliste r\u00f3wniny sprzyjaj\u0105ce ekspansji miejskiej, sto\u017cki wulkaniczne g\u00f3ruj\u0105ce nad dzielnicami, \u017cyzne doliny, w kt\u00f3rych kwitnie kawa i warzywa, oraz odleg\u0142e wzg\u00f3rza, kt\u00f3re s\u0142u\u017c\u0105 jako punkty widokowe na wsch\u00f3d s\u0142o\u0144ca nad odleg\u0142ymi szczytami. W\u0142a\u015bciwe miasto go\u015bci oko\u0142o 180 700 dusz, z kt\u00f3rych oko\u0142o 43 procent stanowi\u0142o dziedzictwo rdzennej ludno\u015bci w 2014 r., zachowuj\u0105c na co dzie\u0144 bogat\u0105 mozaik\u0119 zwyczaj\u00f3w K\u02bciche\u02bc i Mam. Targi uliczne nawi\u0105zuj\u0105 do staro\u017cytno\u015bci, stragany pe\u0142ne tkanych huipile i r\u0119cznie malowanej ceramiki przeplatane straganami ze \u015bwie\u017cymi produktami i przyprawami. Fiestas patronales o\u017cywiaj\u0105 dzielnice, procesje przeplataj\u0105 si\u0119 brukowanymi uliczkami, a pod kolonialnymi portykami rozbrzmiewaj\u0105 zespo\u0142y graj\u0105ce na marimbach.<\/p>\n<p>Transport w Quetzaltenango i poza nim odzwierciedla mieszank\u0119 system\u00f3w formalnych i nieformalnych. Sie\u0107 mikrobus\u00f3w \u2014 du\u017cych furgonetek wype\u0142nionych \u0142awkami \u2014 przebiega przez wszystkie sektory miasta. Trasy maj\u0105 proste oznaczenia numeryczne \u2014 na przyk\u0142ad Ruta 7 \u2014 podczas gdy ceny bilet\u00f3w pozostaj\u0105 skromne. Nie istnieje \u017caden pa\u0144stwowy system transportu publicznego; zamiast tego prywatne autobusy i mikrobusy dziel\u0105 ulice. Po\u0142\u0105czenia dalekobie\u017cne r\u00f3wnie\u017c opieraj\u0105 si\u0119 na dworcach autobusowych: chicken busy odje\u017cd\u017caj\u0105 cz\u0119sto z terminalu Tr\u00e9bol w Gwatemali do stacji Minerva w Xela za cen\u0119 35 Q, podczas gdy operatorzy pierwszej klasy Galgos i L\u00ednea Dorada oferuj\u0105 klimatyzowane autokary (oko\u0142o 9 USD, cztery i p\u00f3\u0142 godziny). Taks\u00f3wki s\u0105 liczne w strefach handlowych, szczeg\u00f3lnie po zapadni\u0119ciu zmroku, gdy o\u015bwietlenie uliczne przygasa, a piesi zachowuj\u0105 ostro\u017cno\u015b\u0107. Podr\u00f3\u017cowanie na rowerze stanowi alternatyw\u0119 dla kr\u00f3tszych skok\u00f3w w dolinie i oddalonych przysi\u00f3\u0142kach, chocia\u017c strome zbocza wymagaj\u0105 kondycji i ostro\u017cnego hamowania podczas zjazd\u00f3w.<\/p>\n<p>Dojazd z daleka odbywa si\u0119 g\u0142\u00f3wnymi korytarzami. Drog\u0105 l\u0105dow\u0105, Autostrada Panaameryka\u0144ska (CA-1) przecina wy\u017cyny, podczas gdy CA-2 biegnie r\u00f3wnolegle do wybrze\u017ca Pacyfiku na po\u0142udniu. Us\u0142ugi chicken-bus \u0142\u0105cz\u0105 Quetzaltenango z Panajachel nad jeziorem Atitl\u00e1n, z Solol\u00e1 i dalej do Gwatemali. Vany dowo\u017c\u0105 turyst\u00f3w z San Crist\u00f3bal de las Casas w Meksyku przez granic\u0119 La Mesilla, tras\u0105 przecinaj\u0105c\u0105 Comit\u00e1n, z dalszymi przejazdami chicken-bus przez Huehuetenango. Z Tapachula mikrobusy przewo\u017c\u0105 podr\u00f3\u017cnych do Tec\u00fan Um\u00e1n, sk\u0105d lokalne autobusy docieraj\u0105 do Coatepeque, a stamt\u0105d do Xela. W ka\u017cdym przypadku zaleca si\u0119 wczesny wyjazd: popo\u0142udniowe us\u0142ugi w Gwatemali cz\u0119sto ko\u0144cz\u0105 si\u0119 przed zmierzchem, pozostawiaj\u0105c podr\u00f3\u017cnych bezbronnych w s\u0142abo o\u015bwietlonych miejscach.<\/p>\n<p>Lotnisko Quetzaltenango, niewielkie lotnisko regionalne, oferuje ograniczone us\u0142ugi lotnicze, g\u0142\u00f3wnie do miasta Gwatemala. Jego pas startowy obs\u0142uguje turbo\u015bmig\u0142owce, a nie odrzutowce, ale lot skraca godziny podr\u00f3\u017cy w g\u00f3ry do mniej ni\u017c godziny w powietrzu. Chocia\u017c nie jest to g\u0142\u00f3wna brama, lotnisko podkre\u015bla poczucie zwi\u0105zku miasta z infrastruktur\u0105 narodow\u0105 i zaprasza delegacje korporacyjne, ewakuowanych medycznie i okazjonalnych turyst\u00f3w poszukuj\u0105cych wysoko\u015bci i kultury w r\u00f3wnym stopniu.<\/p>\n<p>Opr\u00f3cz transportu i klimatu, wy\u017cyny obejmuj\u0105 szerszy region kontrast\u00f3w. Departament rozci\u0105ga si\u0119 od zimnych szczyt\u00f3w do ciep\u0142ego wybrze\u017ca Pacyfiku; \u017cyzne r\u00f3wniny daj\u0105 pola trzciny cukrowej i plantacje kauczuku w pobli\u017cu przybrze\u017cnych dzielnic, podczas gdy wy\u017csze stoki piel\u0119gnuj\u0105 plantacje kawy i dzia\u0142ki ziemniaczane. Gleby wulkaniczne stanowi\u0105 podstaw\u0119 rolnictwa; rzemie\u015blnicy tworz\u0105 tekstylia barwione ekstraktami ro\u015blinnymi; hodowla byd\u0142a trwa na zielonych pastwiskach. Gor\u0105ce \u017ar\u00f3d\u0142a bulgocz\u0105 z ziemi, wci\u0105gaj\u0105c zar\u00f3wno mieszka\u0144c\u00f3w, jak i turyst\u00f3w do k\u0105pielisk mineralnych ustawionych na tle g\u00f3ruj\u0105cych krater\u00f3w. Rzeki wij\u0105 si\u0119 przez w\u0105wozy, oferuj\u0105c rafting i miejsca do w\u0119dkowania, kt\u00f3re uzupe\u0142niaj\u0105 kulturowy plan miasta o mo\u017cliwo\u015bci turystyki przygodowej.<\/p>\n<p>\u015arodowisko zabudowane miasta odzwierciedla epoki ambicji i adaptacji. Plaza Central pozostaje jego sercem, flankowana neoklasycystyczn\u0105 katedr\u0105 i budynkami miejskimi, kt\u00f3rych kolumny i sklepienia m\u00f3wi\u0105 o dziewi\u0119tnastowiecznej dumie obywatelskiej. Uliczki boczne ods\u0142aniaj\u0105 hiszpa\u0144skie domy kolonialne z wewn\u0119trznymi dziedzi\u0144cami, przy kt\u00f3rych sklepy sprzedaj\u0105 wszystko, od tradycyjnych lek\u00f3w po szybki dost\u0119p do Internetu. Nowe inwestycje \u2014 centra handlowe, kina, szko\u0142y prywatne \u2014 wychodz\u0105 na zewn\u0105trz, \u0142\u0105cz\u0105c beton i szk\u0142o z okazjonalnymi uk\u0142onami w stron\u0119 ornamentu wernakularnego. Odwiedzaj\u0105cy napotykaj\u0105 miejski palimpsest, w kt\u00f3rym ka\u017cda warstwa \u2014 Maj\u00f3w, hiszpa\u0144ska, republika\u0144ska, nowoczesna \u2014 wsp\u00f3\u0142istnieje bez jawnej rywalizacji, ka\u017cda nadaj\u0105c faktur\u0119 to\u017csamo\u015bci miasta.<\/p>\n<p>Edukacja i kultura rozwijaj\u0105 si\u0119 obok handlu. Akademie j\u0119zykowe kszta\u0142c\u0105 student\u00f3w w j\u0119zyku hiszpa\u0144skim i angielskim, przyci\u0105gaj\u0105c obcokrajowc\u00f3w poszukuj\u0105cych zanurzenia w op\u0142acalnym, wysokog\u00f3rskim \u015brodowisku. Regionalny uniwersytet przyci\u0105ga m\u0142odzie\u017c ze wsi, wspieraj\u0105c badania w rolnictwie, in\u017cynierii i antropologii. Muzea przechowuj\u0105 znaleziska archeologiczne i opowiadaj\u0105 o kr\u00f3tkiej \u015bwietno\u015bci kolei; o\u015brodki etnograficzne podtrzymuj\u0105 \u017cywe tradycje tkactwa, rze\u017abienia w drewnie i rytualnych wyst\u0119p\u00f3w. Roczne festiwale upami\u0119tniaj\u0105 dni \u015bwi\u0119tych, cykle zbior\u00f3w i rodzime kalendarze, o\u017cywiaj\u0105c ulice rytmami marimby, procesyjnymi platformami i zapachem kadzid\u0142a.<\/p>\n<p>Dzisiaj Quetzaltenango uosabia zbie\u017cno\u015b\u0107 si\u0142, kt\u00f3re od dawna kszta\u0142towa\u0142y jego przeznaczenie. Jest jednocze\u015bnie repozytorium dziedzictwa Maj\u00f3w i wsp\u00f3\u0142czesnym miejskim nexusem; miejscem, w kt\u00f3rym katolicyzm i przedhiszpa\u0144skie systemy wierze\u0144 si\u0119 przeplataj\u0105, a post\u0119p i zachowanie wsp\u00f3\u0142istniej\u0105. Jego klimat \u0142agodzi zar\u00f3wno uprawy, jak i temperament; jego wysoko\u015b\u0107 zach\u0119ca do refleksji nad szczytami historii. Odporno\u015b\u0107 miasta \u2014 poprzez podb\u00f3j, walk\u0119 secesjonist\u00f3w, wstrz\u0105sy gospodarcze i utrat\u0119 infrastruktury \u2014 podkre\u015bla zbiorow\u0105 determinacj\u0119 do przetrwania i adaptacji. W ostatnich dekadach odrodzony urbanizm przywr\u00f3ci\u0142 staremu kamieniowi nowe \u017cycie, poniewa\u017c inicjatywy miejskie i prywatni przedsi\u0119biorcy odnowili zabytki, ulepszyli przestrzenie publiczne i uruchomili przedsi\u0119wzi\u0119cia kulturalne.<\/p>\n<p>Mieszka\u0144cy Quetzaltenango, znani jako quetzaltecos, s\u0105 g\u0142\u0119boko dumni z wyj\u0105tkowo\u015bci swojego miasta. Przenosz\u0105 j\u0119zyki swoich przodk\u00f3w, m\u00f3wi\u0105 po hiszpa\u0144sku z regionalnymi akcentami i kultywuj\u0105 tradycje kulinarne, od obfitych gulasz\u00f3w z warzyw uprawianych na wzg\u00f3rzach po napoje kakaowe przypominaj\u0105ce kolonialne maniery przy stole. Rynki s\u0105 przepe\u0142nione lokalnymi produktami: papryczkami do ognistych sals, awokado do kremowych tostad, ziarnami kawy palonymi na ogniskach. Na placach s\u0105siedzkich w niedzielne popo\u0142udnia zbieraj\u0105 si\u0119 zespo\u0142y marimba, oferuj\u0105c wsp\u00f3ln\u0105 odskoczni\u0119 od codziennych zaj\u0119\u0107.<\/p>\n<p>Jednak pod t\u0105 \u017cyw\u0105 fasad\u0105 kryje si\u0119 \u015bwiadomo\u015b\u0107 przysz\u0142ych wyzwa\u0144. Ekspansja miejska nadwyr\u0119\u017ca zasoby wodne w suchych miesi\u0105cach; wstrz\u0105sy sejsmiczne i aktywno\u015b\u0107 wulkaniczna stwarzaj\u0105 odwieczne ryzyko; nier\u00f3wno\u015bci ekonomiczne utrzymuj\u0105 si\u0119 mi\u0119dzy elitami miejskimi a migrantami ze wsi, kt\u00f3rzy przybywaj\u0105 w poszukiwaniu nauki lub pracy. W\u0142adze miejskie i organizacje obywatelskie zacz\u0119\u0142y zajmowa\u0107 si\u0119 tymi problemami, zwo\u0142uj\u0105c fora na temat zr\u00f3wnowa\u017conego rozwoju i ochrony dziedzictwa. Przysz\u0142o\u015b\u0107 miasta zale\u017cy od zr\u00f3wnowa\u017cenia wzrostu z ochron\u0105 \u015brodowiska, piel\u0119gnowania autentyczno\u015bci kulturowej nawet w miar\u0119 rozwoju turystyki oraz wspierania mo\u017cliwo\u015bci ekonomicznych bez wymazywania struktury codziennego \u017cycia.<\/p>\n<p>W obecnym stanie Quetzaltenango nie wydaje si\u0119 ani przestarza\u0142e, ani ca\u0142kowicie nowoczesne. Znajduje si\u0119 w sferze po\u015bredniej, gdzie warstwy czasu pozostaj\u0105 widoczne: kolonialne drzwi stoj\u0105 pod antenami satelitarnymi; klaksonuj\u0105ce mikrobusy dziel\u0105 w\u0105skie uliczki z m\u0142odzie\u017c\u0105 uzbrojon\u0105 w smartfony. Zajmuje dolin\u0119 otoczon\u0105 wulkanami, kt\u00f3rych szczyty stoj\u0105 na stra\u017cy nad dachami z dach\u00f3wek. A na jego placach, rynkach i w miejscach kulturalnych wyczuwa si\u0119 miasto w ci\u0105g\u0142ym dialogu ze swoj\u0105 przesz\u0142o\u015bci\u0105 i mo\u017cliwo\u015bciami. Dla podr\u00f3\u017cnika, dla uczonego, dla mieszka\u0144ca Xela oferuje trwa\u0142\u0105 lekcj\u0119 adaptacji: w jaki spos\u00f3b spo\u0142eczno\u015b\u0107 przesi\u0105kni\u0119ta staro\u017cytnymi tradycjami mo\u017ce tworzy\u0107 dynamiczn\u0105 tera\u017aniejszo\u015b\u0107, nie porzucaj\u0105c \u017ar\u00f3de\u0142 swojej to\u017csamo\u015bci.<\/p>","protected":false},"excerpt":{"rendered":"<p>Quetzaltenango, commonly known by its Maya designation\u00a0Xelaj\u00fa\u00a0or\u00a0Xela, is a historically and culturally affluent city situated in the\u00a0Guatemalan highlands. The designation\u00a0Quetzaltenango, articulated [ketsalte\u02c8na\u014b\u0261o], signifies its profound indigenous legacy, but\u00a0Xelaj\u00fa\u00a0[\u0283ela\u02c8\u03c7u] or\u00a0Xela\u00a0[\u02c8\u0283ela] are appellations that connect with the local populace, maintaining the city\u2019s historical character.<\/p>\n","protected":false},"author":1,"featured_media":2953,"parent":9021,"menu_order":0,"comment_status":"closed","ping_status":"closed","template":"elementor_theme","meta":{"_eb_attr":"","footnotes":""},"class_list":["post-9032","page","type-page","status-publish","has-post-thumbnail"],"_links":{"self":[{"href":"https:\/\/travelshelper.com\/pl\/wp-json\/wp\/v2\/pages\/9032","targetHints":{"allow":["GET"]}}],"collection":[{"href":"https:\/\/travelshelper.com\/pl\/wp-json\/wp\/v2\/pages"}],"about":[{"href":"https:\/\/travelshelper.com\/pl\/wp-json\/wp\/v2\/types\/page"}],"author":[{"embeddable":true,"href":"https:\/\/travelshelper.com\/pl\/wp-json\/wp\/v2\/users\/1"}],"replies":[{"embeddable":true,"href":"https:\/\/travelshelper.com\/pl\/wp-json\/wp\/v2\/comments?post=9032"}],"version-history":[{"count":0,"href":"https:\/\/travelshelper.com\/pl\/wp-json\/wp\/v2\/pages\/9032\/revisions"}],"up":[{"embeddable":true,"href":"https:\/\/travelshelper.com\/pl\/wp-json\/wp\/v2\/pages\/9021"}],"wp:featuredmedia":[{"embeddable":true,"href":"https:\/\/travelshelper.com\/pl\/wp-json\/wp\/v2\/media\/2953"}],"wp:attachment":[{"href":"https:\/\/travelshelper.com\/pl\/wp-json\/wp\/v2\/media?parent=9032"}],"curies":[{"name":"wp","href":"https:\/\/api.w.org\/{rel}","templated":true}]}}