{"id":9021,"date":"2024-09-06T21:55:50","date_gmt":"2024-09-06T21:55:50","guid":{"rendered":"https:\/\/travelshelper.com\/staging\/?page_id=9021"},"modified":"2026-03-13T16:27:58","modified_gmt":"2026-03-13T16:27:58","slug":"gvatemala","status":"publish","type":"page","link":"https:\/\/travelshelper.com\/pl\/destinations\/north-america\/guatemala\/","title":{"rendered":"Gvatemala"},"content":{"rendered":"<p>Gwatemala, dom dla oko\u0142o 17,6 miliona dusz, rozci\u0105ga si\u0119 przez most l\u0105dowy w Ameryce \u015arodkowej \u2014 flankowana przez Meksyk na p\u00f3\u0142nocy i zachodzie, Belize na p\u00f3\u0142nocnym wschodzie, Honduras i Salwador na wschodzie, z Oceanem Spokojnym napieraj\u0105cym na jej po\u0142udniowy brzeg i Zatok\u0105 Hondurask\u0105 obejmuj\u0105c\u0105 jej p\u00f3\u0142nocny wsch\u00f3d. Ta republika, kt\u00f3rej teren zmienia si\u0119 mi\u0119dzy wy\u017cynami wulkanicznymi, \u017cyznymi r\u00f3wninami Pacyfiku i szmaragdowymi d\u017cunglami Pet\u00e9n, ods\u0142ania jednocze\u015bnie staro\u017cytn\u0105 kolebk\u0119 cywilizacji i scen\u0119 dla burzliwych wsp\u00f3\u0142czesnych dramat\u00f3w. Jej historia, wyryta w kamieniu i glebie, tka niezwyk\u0142\u0105 tkanin\u0119 cud\u00f3w natury i ludzkiej determinacji.<\/p>\n<p>Od momentu, gdy pierwsze miasta-pa\u0144stwa Maj\u00f3w wyros\u0142y z nizin Pet\u00e9n do g\u00f3ruj\u0105cych piramid Tikal, region, kt\u00f3ry jest obecnie Gwatemal\u0105, s\u0142u\u017cy\u0142 jako punkt odniesienia dla mezoameryka\u0144skiej pomys\u0142owo\u015bci. Na wieki przed przep\u0142yni\u0119ciem Atlantyku przez Kolumba, rozleg\u0142e sieci szlak\u00f3w handlowych przewozi\u0142y kakao i obsydian, podczas gdy kap\u0142ani sporz\u0105dzali mapy ruch\u00f3w Wenus i rytm\u00f3w kukurydzy. Przybycie hiszpa\u0144skich konkwistador\u00f3w na pocz\u0105tku XVI wieku oznacza\u0142o zerwanie, poniewa\u017c porucznicy Hern\u00e1na Cort\u00e9sa, a p\u00f3\u017aniej Pedro de Alvarado, podbijali miasto po mie\u015bcie, w\u0142\u0105czaj\u0105c domen\u0119 Maj\u00f3w do wicekr\u00f3lestwa Nowej Hiszpanii. Jednak Majowie nie znikn\u0119li: ich j\u0119zyki przetrwa\u0142y w tysi\u0105cach wiosek, ich duchy zamieszkuj\u0105 \u015bwi\u0119te cenoty, a ich kamienne \u015bwi\u0105tynie wci\u0105\u017c wystaj\u0105 ponad baldachim d\u017cungli.<\/p>\n<p>Niepodleg\u0142o\u015b\u0107 nadesz\u0142a we wrze\u015bniu 1821 r., pocz\u0105tkowo dzielona z Meksykiem, a nast\u0119pnie potwierdzona w ramach Republiki Federalnej Ameryki \u015arodkowej od 1823 r. do rozpadu tej kruchej konfederacji w 1841 r. Pozosta\u0142a cz\u0119\u015b\u0107 XIX wieku okaza\u0142a si\u0119 nie mniej niespokojna. Maklerzy w\u0142adzy i caudillos przejmowali kontrol\u0119 w szybkiej kolejno\u015bci, cz\u0119sto wspierani przez zagraniczne interesy zainteresowane koncesjami na kaw\u0119 i banany. XX wiek rozpocz\u0105\u0142 si\u0119 pod rz\u0105dami kolejnych silnych ludzi, z kt\u00f3rych ka\u017cdy by\u0142 zobowi\u0105zany wobec geopolitycznych plan\u00f3w Waszyngtonu i komercyjnych nakaz\u00f3w United Fruit i jego nast\u0119pc\u00f3w. W 1944 r., gdy genera\u0142 Jorge Ubico zosta\u0142 odsuni\u0119ty od w\u0142adzy przez koalicj\u0119 oficer\u00f3w wojskowych i cywil\u00f3w, nasta\u0142a kr\u00f3tka dekada reform: redystrybucja ziemi rolnej, ochrona pracy i zarodkowa sie\u0107 zabezpiecze\u0144 spo\u0142ecznych obiecywa\u0142y bardziej inkluzywn\u0105 polityk\u0119. Jednak zamach stanu w 1954 r. \u2014 przeprowadzony przez agent\u00f3w USA i konserwatywnych w\u0142a\u015bcicieli ziemskich \u2014 obali\u0142 rz\u0105d cywilny i przywr\u00f3ci\u0142 rz\u0105dy oligarchiczne.<\/p>\n<p>Nast\u0105pi\u0142a wojna domowa o przera\u017caj\u0105cej brutalno\u015bci, trwaj\u0105ca od 1960 r. do 1996 r., kiedy to pok\u00f3j przyni\u00f3s\u0142 kruchy spok\u00f3j. Si\u0142y rz\u0105dowe, cz\u0119sto kierowane doktrynami kontrpowsta\u0144czymi od zagranicznych doradc\u00f3w wojskowych, wprowadzi\u0142y polityk\u0119 spalonej ziemi w wioskach Maj\u00f3w, pozostawiaj\u0105c dziesi\u0105tki tysi\u0119cy zabitych lub zaginionych. Dzisiejszy pok\u00f3j opiera si\u0119 na kruchych fundamentach: wzrost gospodarczy zosta\u0142 wznowiony, a kolejne wybory \u015bwiadcz\u0105 o demokratycznych aspiracjach, jednak szczera wiara w instytucje pozostaje rzadka. Endemiczne ub\u00f3stwo dotyka ponad po\u0142ow\u0119 populacji; prawie jedna czwarta zmaga si\u0119 z chronicznym g\u0142odem; a nielegalne sieci handluj\u0105 narkotykami, siej\u0105 przemoc i podwa\u017caj\u0105 zaufanie publiczne.<\/p>\n<p>Na tym tle pr\u00f3by ekosystemy Gwatemali rozkwitaj\u0105. Od las\u00f3w mglistych zachodnich wy\u017cyn, gdzie kwezal przemyka mi\u0119dzy ga\u0142\u0119ziami pe\u0142nymi bromelii, po sezonowo zalewane sawanny Pet\u00e9n, bogate w jaguary i tapiry, republika jest kotwic\u0105 jednego z g\u0142\u00f3wnych gor\u0105cych punkt\u00f3w bior\u00f3\u017cnorodno\u015bci Mezoameryki. Rzeki meandruj\u0105 w stron\u0119 Pacyfiku, ale wzbieraj\u0105 w grzmi\u0105ce arterie w basenie Morza Karaibskiego \u2014 w\u015br\u00f3d nich Motagua, Polochic i Usumacinta, kt\u00f3ra wyznacza granic\u0119 z Chiapas. Jezioro Izabal, zasilane przez rzek\u0119 Dulce, l\u015bni jak lustro otoczone lasem deszczowym; jego \u015bwie\u017ce wody utrzymuj\u0105 przy \u017cyciu manaty i kajmany, podczas gdy jego brzegi ko\u0142ysz\u0105 kolonialne forty i wioski rybackie.<\/p>\n<p>\u017bycie miejskie zbiega si\u0119 na wy\u017cynach, gdzie Gwatemala City rozci\u0105ga si\u0119 na g\u00f3rskiej dolinie, goszcz\u0105c Archiwum Narodowe, Bibliotek\u0119 Narodow\u0105 i Muzeum Archeologii i Etnologii, repozytorium masek z jadeitu i ceramicznych wizerunk\u00f3w, kt\u00f3re szepcz\u0105 o kr\u00f3lewskich dynastiach. Tu\u017c za stolic\u0105 le\u017cy Antigua Guatemala, XVIII-wieczny klejnot zakratowanych balkon\u00f3w i rozpadaj\u0105cych si\u0119 barokowych ko\u015bcio\u0142\u00f3w \u2014 muzeum na \u015bwie\u017cym powietrzu blizn sejsmicznych i popio\u0142u wulkanicznego. Dalej na zach\u00f3d, Jezioro Atitl\u00e1n \u2014 otoczone wioskami Maj\u00f3w i wulkanami \u2014 przyci\u0105ga podr\u00f3\u017cnik\u00f3w, kt\u00f3rzy dryfuj\u0105 drewnianymi \u0142odziami po spokojnych wodach, odkrywaj\u0105c \u015blady staro\u017cytnych obrz\u0119d\u00f3w w ka\u017cdym rze\u017abionym nadpro\u017cu drzwi.<\/p>\n<p>Zwyczaje kulinarne, podobnie jak sama kultura, maj\u0105 swoje korzenie w fundamentach Maj\u00f3w. Kukurydza pozostaje suwerenna \u2014 nixtamalizowana w tortille i tamales, fermentowana w atoles, prasowana w \u015bwi\u0119te ciasto na fiambre w Dzie\u0144 Wszystkich \u015awi\u0119tych. Chili o\u017cywiaj\u0105 kak&#039;ik na bazie pomidor\u00f3w z indykiem; czarna fasola gotuje si\u0119 obok mieszanki warzyw korzeniowych i mi\u0119s w cocido. O \u015bwicie w Antigui stragany uliczne sprzedaj\u0105 chuchitos \u2014 ma\u0142e tamales sk\u0105pane w salsie pomidorowej \u2014 lub s\u0142odkie paches z puree ziemniaczanego, kt\u00f3re znikaj\u0105 w po\u0142owie poranka. W grudniu gospodarstwa domowe wype\u0142niaj\u0105 si\u0119 zapachem ponche \u2014 duszonych owoc\u00f3w w pikantnym p\u0142ynie \u2014 i trudem tamaladoras przygotowuj\u0105cych stosy masy zawini\u0119tej w li\u015bcie bananowca.<\/p>\n<p>Sze\u015b\u0107 region\u00f3w republiki przedstawia takie kontrasty, \u017ce jedna podr\u00f3\u017c mo\u017ce przemierzy\u0107 ekstremalne warunki klimatyczne. W Central Highlands wulkany wznosz\u0105 si\u0119 na wysoko\u015b\u0107 ponad 3000 metr\u00f3w, przypr\u00f3szone wiatrem i ch\u0142odzone nocnym mrozem. Western Highlands, usiane osadami Maj\u00f3w, oferuj\u0105 widoki tarasowych p\u00f3l i \u015bcie\u017cek wij\u0105cych si\u0119 w kierunku ukrytych \u015bwi\u0105ty\u0144. Wschodnia Gwatemala, rozkoszuj\u0105ca si\u0119 sucho\u015bci\u0105, wspiera rancza i miasta hiszpa\u0144skie, gdzie krowia sk\u00f3ra trzepocze w po\u0142udniowym upale. Wzd\u0142u\u017c wybrze\u017ca Karaib\u00f3w, namorzynowe estuaria i pla\u017ce palmowe otwieraj\u0105 si\u0119 w kierunku Mezoameryka\u0144skiej Rafy Koralowej; dalej w g\u0142\u0105b l\u0105du, las deszczowy Pet\u00e9n jest domem steli i plac\u00f3w El Mirador i Nak\u00fam, pomnik\u00f3w przedklasycznej chwa\u0142y. Pacific Lowlands, \u0142agodne zbocze od Sierra Madre, ods\u0142ania czarne piaszczyste pla\u017ce w Monterrico \u2014 gdzie \u017c\u00f3\u0142wie morskie przybywaj\u0105 w o\u015bwietlonych ksi\u0119\u017cycem hordach, aby za\u0142o\u017cy\u0107 gniazda.<\/p>\n<p>W\u015br\u00f3d niezliczonych stanowisk archeologicznych kr\u00f3luje Tikal: miasto, w kt\u00f3rym kiedy\u015b mieszka\u0142y dziesi\u0105tki tysi\u0119cy ludzi, a jego rezerwuar Lost World odzwierciedla dwa szczyty Temple I i Central Akropol. W spokojniejszym towarzystwie le\u017c\u0105 Iximch\u00e9 \u2014 niegdy\u015b stolica Kaqchikel, do kt\u00f3rej mo\u017cna wybra\u0107 si\u0119 na jednodniow\u0105 wycieczk\u0119 z Antigui lub Gwatemali \u2014 oraz Aguateca, gdzie rozpadaj\u0105ce si\u0119 wa\u0142y obronne stoj\u0105 na stra\u017cy wykopalisk archeologicznych, w kt\u00f3rych wci\u0105\u017c znajduj\u0105 si\u0119 od\u0142amki ceramiki i ostrza z obsydianu. Mniej ucz\u0119szczana \u015bcie\u017cka do El Mirador wymaga tygodni przedzierania si\u0119 przez nieprzerwany las, ale nagradza nieustraszonych Wielk\u0105 Piramid\u0105 La Danta \u2014 jedn\u0105 z najwi\u0119kszych budowli ludzko\u015bci pod wzgl\u0119dem obj\u0119to\u015bci.<\/p>\n<p>Natura oferuje w\u0142asne katedry z kamienia i wody. Semuc Champey w Alta Verapaz osza\u0142amia wzrok: kaskada jadeitowych basen\u00f3w osadzona na wapiennym mo\u015bcie, wyrze\u017abionym przez rzek\u0119, kt\u00f3ra spada pod ziemi\u0119, by powr\u00f3ci\u0107 w zmieniaj\u0105cych si\u0119 odcieniach turkusu. Niedaleko Lanqu\u00edn ro\u015bnie wok\u00f3\u0142 jaskiniowego otworu wapiennych grot, w kt\u00f3rych odbija si\u0119 echo kapi\u0105cych stalaktyt\u00f3w. Na Rio Dulce, kr\u0119tym szlaku wodnym biegn\u0105cym mi\u0119dzy Belize a Hondurasem, podr\u00f3\u017cnicy zatrzymuj\u0105 si\u0119 w Finca Para\u00edso \u2014 gor\u0105cych \u017ar\u00f3d\u0142ach, kt\u00f3re tryskaj\u0105 jak odosobnione spa \u2014 przed zwiedzaniem Castillo San Felipe de Lara, XVII-wiecznego fortu, kt\u00f3rego ochrowe \u015bciany b\u0142yszcz\u0105 na tle jeziora.<\/p>\n<p>Dla tych, kt\u00f3rych przyci\u0105ga dramat wulkaniczny, Volc\u00e1n de Pacaya pozostaje rytua\u0142em przej\u015bcia. Dost\u0119pny z Antigui, jego szczytowa w\u0119dr\u00f3wka to ponad dwie godziny po m\u0119cz\u0105cym zboczu \u2014 dwie trasy rozchodz\u0105 si\u0119 z pobliskiego El Cedro i San Francisco, r\u00f3\u017cni\u0105c si\u0119 g\u0142\u00f3wnie nachyleniem. Stra\u017cnicy parku i \u017co\u0142nierze patroluj\u0105 szlaki, podczas gdy lokalni przewodnicy, licencjonowani przez park narodowy, przemierzaj\u0105 szczeliny pe\u0142ne pary. W dni, kiedy aktywno\u015b\u0107 na to pozwala, odwiedzaj\u0105cy kiedy\u015b piekli pianki nad roztopionymi otworami; dzi\u015b zadowalaj\u0105 si\u0119 blaskiem roz\u017carzonych ska\u0142, owini\u0119ci w kurtki, aby odbi\u0107 ch\u0142odne wiatry szczytu.<\/p>\n<p>Nawet gdy turystyka nap\u0119dza wzrost \u2014 wstrzykuj\u0105c oko\u0142o 1,8 miliarda dolar\u00f3w ameryka\u0144skich do gospodarki w 2008 r. i przyci\u0105gaj\u0105c oko\u0142o dw\u00f3ch milion\u00f3w turyst\u00f3w rocznie \u2014 Gwatemala zmaga si\u0119 z jaskrawymi nier\u00f3wno\u015bciami. Jej PKB (parytet si\u0142y nabywczej) na mieszka\u0144ca zbli\u017ca si\u0119 do 10 998 dolar\u00f3w ameryka\u0144skich, a mimo to ponad po\u0142owa wszystkich gospodarstw domowych \u017cyje poni\u017cej progu ub\u00f3stwa, a formalne bezrobocie oscyluje wok\u00f3\u0142 3 procent. Przest\u0119pczo\u015b\u0107 i korupcja niszcz\u0105 rz\u0105dy prawa; rodziny wiejskie borykaj\u0105 si\u0119 z brakiem bezpiecze\u0144stwa \u017cywno\u015bciowego nawet na \u017cyznej glebie, obci\u0105\u017conej historycznymi wzorcami dystrybucji ziemi.<\/p>\n<p>Muzea stolicy \u015bwiadcz\u0105 jednak o odrodzeniu kulturowym. Muzeum Ixchel Museum of Indigenous Textiles and Clothing prezentuje huipile tkane z przodkami. Museo Popol Vuh prezentuje maski pogrzebowe z jadeitu, p\u0142askorze\u017aby stiukowe i kodeksy odlane w tr\u00f3jwymiarowych dioramach. W mniejszych miastach \u2014 jednym lub wi\u0119cej w ka\u017cdej z 329 gmin \u2014 kuratorzy zajmuj\u0105 si\u0119 wystawami rodzimej flory, sztuki ko\u015bcielnej i narz\u0119dzi codziennej pracy, zachowuj\u0105c historie, kt\u00f3re w przeciwnym razie mog\u0142yby popa\u015b\u0107 w zapomnienie.<\/p>\n<p>Po\u015br\u00f3d tych spu\u015bcizn Gwatemala ujawnia sw\u00f3j prawdziwy kompas: odporno\u015b\u0107. Kalendarz Maj\u00f3w, wyrze\u017abiony w o\u015bwietlonych zmierzchem sanktuariach, przypomina odwiedzaj\u0105cym, \u017ce pory kwitnienia nast\u0119puj\u0105 po kampaniach walki. Przez zalane sawanny i p\u00f3\u0142ki wulkaniczne, mi\u0119dzy kolonialnymi fasadami i wiejskimi placami, gdzie rynki t\u0119tni\u0105 kukurydz\u0105 i kaw\u0105, republika trwa jako naczynie pami\u0119ci. Przemierzanie jej dr\u00f3g oznacza przechodzenie przez epoki: cisz\u0119 d\u017cungli, odg\u0142os ch\u00f3r\u00f3w w malowanych kaplicach, dudnienie p\u0142yt tektonicznych pod stopami. Oznacza stanie na styku staro\u017cytnych przepowiedni i wsp\u00f3\u0142czesnych aspiracji, gdzie kamie\u0144 \u2014 a\u017c do ostatniego kawa\u0142ka obsydianu \u2014 \u015bwiadczy o wyj\u0105tkowym rozdziale w historii ludzko\u015bci.<\/p>","protected":false},"excerpt":{"rendered":"<p>Gwatemala, z populacj\u0105 szacowan\u0105 na oko\u0142o 17,6 miliona, jest najludniejszym krajem w Ameryce \u015arodkowej. Oficjalnie znana jako Republika Gwatemali, Honduras graniczy z ni\u0105 od wschodu, Meksykiem od p\u00f3\u0142nocy i zachodu, Belize od p\u00f3\u0142nocnego wschodu i Salwadorem od po\u0142udniowego wschodu. Hydrologicznie, Zatoka Honduraska graniczy z ni\u0105 od p\u00f3\u0142nocnego wschodu, a Ocean Spokojny od po\u0142udnia.<\/p>","protected":false},"author":1,"featured_media":4397,"parent":24084,"menu_order":0,"comment_status":"closed","ping_status":"closed","template":"elementor_theme","meta":{"_eb_attr":"","footnotes":""},"class_list":["post-9021","page","type-page","status-publish","has-post-thumbnail"],"_links":{"self":[{"href":"https:\/\/travelshelper.com\/pl\/wp-json\/wp\/v2\/pages\/9021","targetHints":{"allow":["GET"]}}],"collection":[{"href":"https:\/\/travelshelper.com\/pl\/wp-json\/wp\/v2\/pages"}],"about":[{"href":"https:\/\/travelshelper.com\/pl\/wp-json\/wp\/v2\/types\/page"}],"author":[{"embeddable":true,"href":"https:\/\/travelshelper.com\/pl\/wp-json\/wp\/v2\/users\/1"}],"replies":[{"embeddable":true,"href":"https:\/\/travelshelper.com\/pl\/wp-json\/wp\/v2\/comments?post=9021"}],"version-history":[{"count":0,"href":"https:\/\/travelshelper.com\/pl\/wp-json\/wp\/v2\/pages\/9021\/revisions"}],"up":[{"embeddable":true,"href":"https:\/\/travelshelper.com\/pl\/wp-json\/wp\/v2\/pages\/24084"}],"wp:featuredmedia":[{"embeddable":true,"href":"https:\/\/travelshelper.com\/pl\/wp-json\/wp\/v2\/media\/4397"}],"wp:attachment":[{"href":"https:\/\/travelshelper.com\/pl\/wp-json\/wp\/v2\/media?parent=9021"}],"curies":[{"name":"wp","href":"https:\/\/api.w.org\/{rel}","templated":true}]}}