{"id":9012,"date":"2024-09-06T21:45:30","date_gmt":"2024-09-06T21:45:30","guid":{"rendered":"https:\/\/travelshelper.com\/staging\/?page_id=9012"},"modified":"2026-03-13T17:25:48","modified_gmt":"2026-03-13T17:25:48","slug":"port-of-spain","status":"publish","type":"page","link":"https:\/\/travelshelper.com\/pl\/destinations\/north-america\/trinidad-and-tobago\/port-of-spain\/","title":{"rendered":"Port of Spain"},"content":{"rendered":"<p>Z populacj\u0105 miejsk\u0105 wynosz\u0105c\u0105 49 867 (2017), aglomeracj\u0105 miejsk\u0105 licz\u0105c\u0105 81 142 mieszka\u0144c\u00f3w i dziennym przej\u015bciowym wzrostem si\u0119gaj\u0105cym 250 000, Port of Spain znajduje si\u0119 w p\u00f3\u0142nocno-zachodnim naro\u017cniku Trynidadu, a jego 10,4 km\u00b2 chodnik\u00f3w i park\u00f3w jest obramowane przez Zatok\u0119 Paria i otoczone wznosz\u0105cymi si\u0119 grzbietami G\u00f3r P\u00f3\u0142nocnych. Od 1757 roku pe\u0142ni funkcj\u0119 administracyjnego serca wyspy i zarz\u0105dza szersz\u0105 aglomeracj\u0105 rozci\u0105gaj\u0105c\u0105 si\u0119 na wsch\u00f3d do Arimy, gdzie prawie 600 000 dusz splata swoje \u017cycie z t\u0105 wyj\u0105tkow\u0105 karaibsk\u0105 metropoli\u0105. Rytm pulsuje na jego ulicach. Handel przep\u0142ywa przez jego doki.<\/p>\n<p>Linia brzegowa Port of Spain \u0142agodnie wije si\u0119 wzd\u0142u\u017c os\u0142oni\u0119tego zakola Zatoki Paria, nadaj\u0105c miastu naturalny port, gdzie statki sun\u0105 pod niebem niemal nieustannie spokojnym. Tutaj niespokojny Atlantyk ust\u0119puje miejsca spokojnym wodom, zapraszaj\u0105c najwi\u0119kszy port kontenerowy na wyspie. Z tego miejsca towary przeznaczone na Karaiby \u2014 i dalej \u2014 s\u0105 wymieniane: plony rolne i towary przemys\u0142owe w\u015blizguj\u0105 si\u0119 do pot\u0119\u017cnych \u0142adowni i ch\u0142odzonych kontener\u00f3w; boksyt z Gujany znajduje prze\u0142adunek w Chaguaramas, oko\u0142o 8 km na zach\u00f3d.<\/p>\n<p>W swej istocie miasto jest zar\u00f3wno centrum handlowym, jak i siedzib\u0105 rz\u0105du. Ministerstwa maj\u0105 swoje siedziby w budynkach z kolonialnej patyny i nowoczesnego szk\u0142a, podczas gdy Republic Bank i Royal Bank utrzymuj\u0105 swoje siedziby g\u0142\u00f3wne wzd\u0142u\u017c alei handlowych, zapewniaj\u0105c sie\u0107 us\u0142ug finansowych, kt\u00f3ra promieniuje g\u0142\u0119boko w regionie. Gie\u0142da Trynidadu i Tobago, najwa\u017cniejszy parkiet gie\u0142dowy na Karaibach, huczy od pilno\u015bci telegraficznej. Sale konferencyjne i barokowe sale s\u0105dowe \u015bwiadcz\u0105 o roli Port of Spain jako arbitra prawa i polityki dla dwuwyspowej republiki.<\/p>\n<p>Karnawa\u0142, ten przedpostny rozbrykany orszak pi\u00f3r, perkusji i parad, przemienia miasto w bujny teatr ka\u017cdego lutego lub marca. Ulice, kt\u00f3re kiedy\u015b by\u0142y spokojne z ruchem autobusowym, staj\u0105 si\u0119 korytami rzek pe\u0142nymi kolor\u00f3w; calipsoni\u015bci i steelbandy przeplataj\u0105 t\u0142um. Tury\u015bci przybywaj\u0105 czarterowym samolotem i statkiem wycieczkowym, zwabieni obietnic\u0105 masowych orkiestr paraduj\u0105cych przez Secunderabad i Wrightson Road. Ten doroczny obrz\u0119d pozostaje kulturowym magnesem Port of Spain \u2014 alchemicznym po\u0142\u0105czeniem tradycji afryka\u0144skich, indyjskich i europejskich, przekszta\u0142conych w radosny nadmiar.<\/p>\n<p>Pod b\u0142yszcz\u0105c\u0105 fasad\u0105 kolonialnej architektury i l\u015bni\u0105cymi wie\u017cami, Nicholas Tower i s\u0105siaduj\u0105ce z ni\u0105 wie\u017cowce wznosz\u0105 si\u0119 w niebo \u2014 jedne z najwy\u017cszych na Karaibach \u2014 rzucaj\u0105c d\u0142ugie cienie na Independence Square. Ich obecno\u015b\u0107 sygnalizuje miasto w fazie wznoszenia si\u0119, takie, kt\u00f3re go\u015bci\u0142o Pi\u0105ty Szczyt Ameryk w kwietniu 2009 r., witaj\u0105c g\u0142owy pa\u0144stw, w tym prezydenta Stan\u00f3w Zjednoczonych Baracka Obam\u0119 i sekretarz stanu Hillary Clinton. Takie spotkania podkre\u015bla\u0142y rang\u0119 Port of Spain jako dyplomatycznego skrzy\u017cowania.<\/p>\n<p>Na p\u00f3\u0142nocy miasto niezauwa\u017calnie przechodzi w wzg\u00f3rza otulone lasem deszczowym. P\u00f3\u0142nocny \u0142a\u0144cuch g\u00f3rski \u2014 cz\u0119sto opisywany jako po\u0142udniowe rami\u0119 And\u00f3w \u2014 wznosi si\u0119 stromo do szczyt\u00f3w przekraczaj\u0105cych 900 m, a jego zbocza s\u0105 domem dla ponad 465 gatunk\u00f3w ptak\u00f3w i oko\u0142o 100 ssak\u00f3w. Chocia\u017c geologia przeczy temu andyjskiemu rodowodowi, bujne lasy tutaj \u015bwiadcz\u0105 o staro\u017cytnych glebach i nieustaj\u0105cej wilgotno\u015bci. Mg\u0142a spowija doliny. Sporadyczne warstwy inwersyjne zatrzymuj\u0105 ch\u0142odne powietrze, sprawiaj\u0105c, \u017ce temperatura w Port of Spain jest o kilka stopni ni\u017csza ni\u017c na nizinach bezpo\u015brednio na po\u0142udnie od niego.<\/p>\n<p>Za miastem rozci\u0105ga si\u0119 bagna Caroni o powierzchni 3278 ha namorzynowych teren\u00f3w podmok\u0142ych \u2014 drugich co do wielko\u015bci na Trynidadzie po Nariva na wschodzie. Ibisy szkar\u0142atne kr\u0105\u017c\u0105 nad bagnami o zmierzchu, ich skrzyd\u0142a p\u0142on\u0105 na tle krwisto-pomara\u0144czowego nieba. Wycieczki \u0142odzi\u0105 z przewodnikiem p\u0142yn\u0105 w\u0105skimi strumieniami otoczonymi korzeniami na palach, gdzie krokodyle czekaj\u0105 w ciszy. Ta granica teren\u00f3w podmok\u0142ych od dawna powstrzymywa\u0142a ekspansj\u0119 na po\u0142udnie, kieruj\u0105c rozw\u00f3j miast na wsch\u00f3d i wyznaczaj\u0105c granice zabudowanego \u015brodowiska Port-of-Spain.<\/p>\n<p>Wilgotny klimat tropikalny monsunowy rz\u0105dzi codziennym \u017cyciem: temperatury wahaj\u0105 si\u0119 od 19 \u00b0C do 34 \u00b0C, rzadko przekraczaj\u0105c 35 \u00b0C lub spadaj\u0105c poni\u017cej 17 \u00b0C. Pora deszczowa trwa od maja do grudnia; niebo jest czyste od stycznia do kwietnia. Noce mog\u0105 sta\u0107 si\u0119 przyjemne od stycznia do marca, kiedy suche powietrze i g\u00f3rskie bryzy si\u0119 spotykaj\u0105. Opady deszczu wahaj\u0105 si\u0119 nieprzewidywalnie, powoduj\u0105c nag\u0142e ulewy, kt\u00f3re blokuj\u0105 ruch uliczny.<\/p>\n<p>Centrum Port of Spain \u2014 pierwotna osada \u2014 skupia miejskie instytucje obywatelskie i finansowe w blokach ograniczonych South Quay, Oxford Street, St. Ann&#039;s River i Richmond Street. Tutaj stoi Central Bank, City Hall i Red House, kt\u00f3rego szkar\u0142atna fasada jest kotwic\u0105 dla obchod\u00f3w niepodleg\u0142o\u015bci. Katedra \u015awi\u0119tej Tr\u00f3jcy i Biblioteka Narodowa stoj\u0105 naprzeciwko Independence Square, gdzie pos\u0105gi i fontanny zdobi\u0105 otwarte place. Centra handlowe i stuletnie witryny sklepowe mieszaj\u0105 si\u0119 z budynkami s\u0105dowymi, tworz\u0105c gobelin handlu i autorytetu.<\/p>\n<p>W przeciwie\u0144stwie do tego Woodbrook rozci\u0105ga si\u0119 na zach\u00f3d jako zielona dzielnica piernikowych domk\u00f3w, park\u00f3w i szerokich alei \u2014 niegdy\u015b plantacja cukru nale\u017c\u0105ca do rodziny Siegert, a\u017c do przekszta\u0142cenia jej w dzia\u0142ki mieszkalne w 1911 r. Dziedzictwo architektoniczne tutaj odzwierciedla epok\u0119, w kt\u00f3rej stolarka i kraty m\u00f3wi\u0142y o rzemio\u015ble. Parki zapewniaj\u0105 przestrze\u0144 do oddychania na \u015bwie\u017cym powietrzu. Ziele\u0144 \u0142agodzi twarde linie rezydencji i blok\u00f3w mieszkalnych.<\/p>\n<p>St. James, tu\u017c na p\u00f3\u0142noc od Woodbrook, t\u0119tni nocn\u0105 zabaw\u0105; \u015bwiat\u0142o rozlewa si\u0119 z music hall\u00f3w wzd\u0142u\u017c Ariapita Avenue i dalej. Od ko\u0144ca XIX wieku jego ulice nosz\u0105 indyjskie nazwy \u2014 Simla, Lahore, Kalkuta \u2014 oznaczaj\u0105c enklaw\u0119 indo-trynidadyjskiej spo\u0142eczno\u015bci miasta. Jednak gdy zapada zmrok, neony kusz\u0105. Bary i kluby brz\u0119cz\u0105 rytmami steelpan, zyskuj\u0105c dzielnicy przydomek: \u201eMiasto, kt\u00f3re nigdy nie \u015bpi\u201d.<\/p>\n<p>Newtown, dalej na p\u00f3\u0142noc, r\u00f3wnowa\u017cy ko\u015bcielny spok\u00f3j z dyplomatycznym zgie\u0142kiem; ko\u015bcio\u0142y i szko\u0142y dziel\u0105 przestrze\u0144 z wysokimi komisjami i konsulatami. Ulice, kt\u00f3re kiedy\u015b by\u0142y w\u0105skie, teraz mieszcz\u0105 kawalkady dyplomat\u00f3w. Lokale handlowe wyznaczaj\u0105 aleje, odzwierciedlaj\u0105c ewolucj\u0119 dzielnicy w drugorz\u0119dne centrum handlowe poza zat\u0142oczonym rdzeniem.<\/p>\n<p>Na zach\u00f3d od sawanny i na wsch\u00f3d od rzeki Maraval le\u017cy St. Clair \u2014 enklawa okaza\u0142ych rezydencji i wytwornych rezydencji, flankowana przez Federation Park i Ellerslie Park. Magnificent Seven \u2014 eklektyczne domy z p\u00f3\u017anego okresu wiktoria\u0144skiego \u2014 stoj\u0105 tu na stra\u017cy, a ich wie\u017cyczki i werandy wychodz\u0105 na rozleg\u0142e zielone przestrzenie Queen&#039;s Park Savannah, najwi\u0119kszego ronda na \u015bwiecie, wed\u0142ug niekt\u00f3rych szacunk\u00f3w. Na tej miejskiej \u0142\u0105ce spotykaj\u0105 si\u0119 spacerowicze i widzowie krykieta.<\/p>\n<p>Belmont zajmuje podn\u00f3\u017ce wzg\u00f3rz Laventille i wyprzedza inne przedmie\u015bcia. W po\u0142owie XIX wieku osiedlili si\u0119 tu Afrykanie uwolnieni z nielegalnych statk\u00f3w z niewolnikami. Kr\u0119te uliczki wy\u0142oni\u0142y si\u0119 jako ulice rozkwitaj\u0105cej klasy \u015bredniej wykluczonej z dro\u017cszych dzielnic; Belmont zyska\u0142 przydomek \u201eCzarny St. Clair\u201d. Wiele z jego wspania\u0142ych dom\u00f3w zosta\u0142o przekszta\u0142conych w biura, jednak niekt\u00f3re pozostaj\u0105 w r\u0119kach rodzin, pozosta\u0142o\u015bci bogatej przesz\u0142o\u015bci, kt\u00f3ra odbija si\u0119 echem w warsztatach karnawa\u0142owych i domach calypso.<\/p>\n<p>Na wsch\u00f3d od rzeki St. Ann, Laventille i jego osiedla satelickie \u2014 Beetham Estate i Sea Lots \u2014 stanowi\u0105 jaskrawy kontrast: dzielnice klasy robotniczej cz\u0119sto przedstawiane przez pryzmat przest\u0119pczo\u015bci i ub\u00f3stwa, a jednocze\u015bnie kolebki muzycznej inwencji. Tutaj narodzi\u0142 si\u0119 steelpan; tutaj korzenie calypso si\u0119gaj\u0105 najg\u0142\u0119biej. Na tle wzg\u00f3rz faliste dachy tworz\u0105 mozaik\u0119, pod kt\u00f3r\u0105 kreatywno\u015b\u0107 rozkwita po\u015br\u00f3d trudno\u015bci.<\/p>\n<p>Poza formaln\u0105 granic\u0105 miasta, przedmie\u015bcia takie jak Cascade i St. Ann&#039;s \u0142\u0105cz\u0105 zadrzewione dzia\u0142ki z ekskluzywnymi osiedlami mieszkaniowymi. Mount Hololo wyznacza ich podzia\u0142. Na p\u00f3\u0142nocnym zachodzie, zielone aleje Maraval mieszcz\u0105 Trinidad Country Club i Long Circular Mall. Dalej na zach\u00f3d, Westmoorings prezentuje panoram\u0119 apartament\u00f3w w stylu Miami z widokiem na morze; The Falls at West Mall zaspokaja gusta mi\u0142o\u015bnik\u00f3w ekskluzywnych zakup\u00f3w.<\/p>\n<p>Wzd\u0142u\u017c Eastern Main Road miasta East\u2013West Corridor \u2014 San Juan, Tunapuna, Arima \u2014 przechodz\u0105 jedno w drugie w ci\u0105g\u0142ym miejskim odcinku. Na skrzy\u017cowaniach autostrad znajduj\u0105 si\u0119 Valsayn Shopping Centre, Grand Bazaar i Trincity Mall, z kt\u00f3rych ka\u017cde oferuje oko\u0142o 60 000 m\u00b2 powierzchni handlowej. Dwa uniwersytety stanowi\u0105 kotwic\u0119 tego korytarza: kampus St. Augustine University of the West Indies i g\u0142\u00f3wny kampus Arima University of Trinidad and Tobago.<\/p>\n<p>Oficjalnie Port of Spain liczy 18 008 m\u0119\u017cczyzn i 19 066 kobiet, a 5 694 przedsi\u0119biorstw obs\u0142uguje 12 333 gospodarstw domowych ze \u015bredni\u0105 liczb\u0105 2,9 mieszka\u0144c\u00f3w. W latach 2000\u20132011 miasto do\u015bwiadczy\u0142o rocznego spadku populacji o 2,3 procent; jednak wi\u0119ksza aglomeracja nadal si\u0119 zag\u0119szcza, podtrzymywana przez wzrost podmiejski i ruch doje\u017cd\u017caj\u0105cych do pracy.<\/p>\n<p>Gdy zapada zmrok, miasto nie robi si\u0119 ciemniejsze. Rozkwitaj\u0105 kluby nocne na Frederick Street, w centrach handlowych i na Ariapita Avenue, gdzie kluby jazzowe i winiarnie obs\u0142uguj\u0105 nocn\u0105 klientel\u0119 pochodz\u0105c\u0105 z urz\u0119d\u00f3w pa\u0144stwowych i wie\u017cowc\u00f3w korporacyjnych. Kosmopolityczna scena restauracyjna \u2014 w\u0142oska, liba\u0144ska, tajska, wenezuelsko-panyolska, indyjska \u2014 t\u0142oczy stoliki pod baldachimami \u015bwiate\u0142ek. Roczne spotkania, takie jak Taste T&amp;T Food Festival, przekszta\u0142caj\u0105 kompleks sportowy Jean Pierre w scen\u0119 dla lokalnych i mi\u0119dzynarodowych smak\u00f3w.<\/p>\n<p>Zielone place Port of Spain \u2014 Lord Harris, Woodford, Marine (obecnie Brian Lara Promenade), Tamarind, Victoria i niewielki Kew Place \u2014 ozdabiaj\u0105 miasto kieszeniami kultywowanego spokoju. Bramy z kutego \u017celaza opieraj\u0105 si\u0119 na prostych geometrycznych planach. Fontanny i pomniki wyznaczaj\u0105 ewolucj\u0119 ka\u017cdego miejsca: od kolonialnych plac\u00f3w paradnych po salony do publicznych przem\u00f3wie\u0144 i spokojnej refleksji. Te ma\u0142e parki pozostaj\u0105 otwarte o ka\u017cdej porze, a ich \u0142awki oferuj\u0105 wytchnienie podr\u00f3\u017cnym, pracownikom biurowym i w\u0119drowcom.<\/p>\n<p>\u017bycie nocne i muzyka na \u017cywo spotykaj\u0105 si\u0119 w teatrach i na plenerowych estradach. Mi\u0119dzynarodowe gwiazdy wyst\u0119puj\u0105 na scenach MovieTowne&#039;s Fiesta Plaza i w rozproszonych miejscach w ca\u0142ym mie\u015bcie. Wychowane w kraju talenty \u2014 kompozytorzy soca i mistrzowie steelpan \u2014 dziel\u0105 przestrze\u0144 z globalnymi artystami, zapewniaj\u0105c, \u017ce puls Port of Spain pozostaje synkopowany, pilny, \u017cywy.<\/p>\n<p>Drogi przeplataj\u0105 tkank\u0119 miejsk\u0105 z niezwyk\u0142\u0105 g\u0119sto\u015bci\u0105: sze\u015bciopasmowa Churchill\u2013Roosevelt i jej kontynuacja, Beetham Highway, przeprawiaj\u0105 ruch z lotniska Piarco do miasta, podczas gdy Lady Young Road oferuje malownicz\u0105, g\u00f3rsk\u0105 alternatyw\u0119. Wewn\u0119trzne arterie \u2014 Ariapita Avenue, Tragarete Road \u2014 \u0142\u0105cz\u0105 dzielnice z Queen&#039;s Park Savannah. Kamery przemys\u0142owe i elementy bezpiecze\u0144stwa drogowego wyznaczaj\u0105 te trasy, jednak korki w godzinach szczytu s\u0105 codziennym problemem.<\/p>\n<p>Transport publiczny rozchodzi si\u0119 promieni\u015bcie od City Gate, gdzie autobusy PTSC i prywatne maxi-taks\u00f3wki zbiegaj\u0105 si\u0119 pod nowymi stanowiskami dla autokar\u00f3w i wiatami wyposa\u017conymi w Wi-Fi. Z nabrze\u017cy w South Quay promy kursuj\u0105 do Scarborough w Tobago, podczas gdy odradzaj\u0105ca si\u0119 us\u0142uga taks\u00f3wek wodnych ponownie \u0142\u0105czy Port of Spain z San Fernando. Za zgie\u0142kiem terminali, oko\u0142o 21 km na wsch\u00f3d, lotnisko mi\u0119dzynarodowe Piarco jest gotowe po\u0142\u0105czy\u0107 miasto z globalnymi destynacjami.<\/p>\n<p>Port of Spain rozwija si\u0119 jako miasto kontrast\u00f3w \u2014 g\u00f3ry i bagna, steelpan i gie\u0142da, ogrodzone wille i niestrze\u017cone namorzyny \u2014 splecione ze sob\u0105 przez rol\u0119 j\u0105dra rz\u0105d\u00f3w, finans\u00f3w i kultury Trynidadu i Tobago. Jego ulice t\u0119tni\u0105 histori\u0105 i mo\u017cliwo\u015bciami; jego place oferuj\u0105 chwile spokoju po\u015br\u00f3d przyp\u0142ywu; jego linia horyzontu m\u00f3wi o ambicji z\u0142agodzonej rytmami tropikalnej wyspy. Ta stolica, odwa\u017cna w swoich proporcjach, a jednocze\u015bnie kameralna w swoich enklawach, pozostaje symbolem dynamicznego ducha, kt\u00f3ry przep\u0142ywa przez arterie Karaib\u00f3w.<\/p>","protected":false},"excerpt":{"rendered":"<p>Port of Spain, formalnie City of Port of Spain (zwykle w skr\u00f3cie Port-of-Spain), jest t\u0119tni\u0105c\u0105 \u017cyciem stolic\u0105 Trynidadu i Tobago. Zajmuje trzecie miejsce w\u015br\u00f3d gmin w kraju, po San Fernando i Chaguanas. Spis ludno\u015bci z 2011 r. pokazuje, \u017ce miasto ma 37 074 mieszka\u0144c\u00f3w gmin, 81 142 mieszka\u0144c\u00f3w miast i oko\u0142o 250 000 os\u00f3b doje\u017cd\u017caj\u0105cych codziennie do pracy. Port of Spain, na p\u00f3\u0142nocno-zachodnim wybrze\u017cu Trynidadu nad Zatok\u0105 Paria, jest cz\u0119\u015bci\u0105 600 000-osobowej aglomeracji rozci\u0105gaj\u0105cej si\u0119 od Chaguaramas na zachodzie do Arima na wschodzie.<\/p>","protected":false},"author":1,"featured_media":3200,"parent":9003,"menu_order":0,"comment_status":"closed","ping_status":"closed","template":"elementor_theme","meta":{"_eb_attr":"","footnotes":""},"class_list":["post-9012","page","type-page","status-publish","has-post-thumbnail"],"_links":{"self":[{"href":"https:\/\/travelshelper.com\/pl\/wp-json\/wp\/v2\/pages\/9012","targetHints":{"allow":["GET"]}}],"collection":[{"href":"https:\/\/travelshelper.com\/pl\/wp-json\/wp\/v2\/pages"}],"about":[{"href":"https:\/\/travelshelper.com\/pl\/wp-json\/wp\/v2\/types\/page"}],"author":[{"embeddable":true,"href":"https:\/\/travelshelper.com\/pl\/wp-json\/wp\/v2\/users\/1"}],"replies":[{"embeddable":true,"href":"https:\/\/travelshelper.com\/pl\/wp-json\/wp\/v2\/comments?post=9012"}],"version-history":[{"count":0,"href":"https:\/\/travelshelper.com\/pl\/wp-json\/wp\/v2\/pages\/9012\/revisions"}],"up":[{"embeddable":true,"href":"https:\/\/travelshelper.com\/pl\/wp-json\/wp\/v2\/pages\/9003"}],"wp:featuredmedia":[{"embeddable":true,"href":"https:\/\/travelshelper.com\/pl\/wp-json\/wp\/v2\/media\/3200"}],"wp:attachment":[{"href":"https:\/\/travelshelper.com\/pl\/wp-json\/wp\/v2\/media?parent=9012"}],"curies":[{"name":"wp","href":"https:\/\/api.w.org\/{rel}","templated":true}]}}