{"id":8967,"date":"2024-09-06T17:40:05","date_gmt":"2024-09-06T17:40:05","guid":{"rendered":"https:\/\/travelshelper.com\/staging\/?page_id=8967"},"modified":"2026-03-13T18:09:05","modified_gmt":"2026-03-13T18:09:05","slug":"pagosa-springs","status":"publish","type":"page","link":"https:\/\/travelshelper.com\/pl\/destinations\/north-america\/united-states\/pagosa-springs\/","title":{"rendered":"Pagosa Springs"},"content":{"rendered":"<p>Pagosa Springs to ma\u0142a g\u00f3rska spo\u0142eczno\u015b\u0107 w po\u0142udniowo-zachodnim Kolorado. Jej populacja oscylowa\u0142a wok\u00f3\u0142 po\u0142owy lat 1500. w spisie z 2020 r., wzrastaj\u0105c do oko\u0142o 1877 do 2025 r. Dane demograficzne miasta odzwierciedlaj\u0105 m\u0142od\u0105 baz\u0119 (mediana wieku ~34,5) i znaczn\u0105 obecno\u015b\u0107 Hiszpan\u00f3w\/Latynos\u00f3w (oko\u0142o 43% mieszka\u0144c\u00f3w). Ekonomicznie Pagosa Springs jest w du\u017cym stopniu uzale\u017cnione od turystyki i dochod\u00f3w emerytalnych. Mediana dochodu gospodarstwa domowego jest skromna (oko\u0142o 36 700 USD), przy czym oko\u0142o 23% rodzin \u017cyje poni\u017cej granicy ub\u00f3stwa. Wiele gospodarstw domowych opiera si\u0119 na bran\u017cy us\u0142ugowej, rekreacji na \u015bwie\u017cym powietrzu i go\u015bcinno\u015bci. Gospodarka ta ustabilizowa\u0142a si\u0119 w ostatnich dziesi\u0119cioleciach, poniewa\u017c s\u0142ynne gor\u0105ce \u017ar\u00f3d\u0142a i o\u015brodek narciarski miasta przyci\u0105gaj\u0105 turyst\u00f3w.<\/p>\n<p>Pagosa Springs le\u017cy w surowych zachodnich g\u00f3rach San Juan w Kolorado, oko\u0142o 35 mil na p\u00f3\u0142noc od granicy z Nowym Meksykiem. Po\u0142o\u017cone na wysoko\u015bci 7126 st\u00f3p nad poziomem morza na zachodnim zboczu Wielkiego Wododzia\u0142u, zajmuje wysokie pustynne p\u0142askowy\u017ce otoczone lasami i o\u015bnie\u017conymi szczytami. W pobli\u017cu p\u0142ynie rzeka San Juan, zasilana topniej\u0105cym \u015bniegiem g\u00f3rskim. Miasto otaczaj\u0105 lasy sosnowe i sza\u0142wia, kt\u00f3re cieszy si\u0119 niezwykle s\u0142onecznym klimatem \u2013 oko\u0142o 300 s\u0142onecznych dni w roku. Zimy s\u0105 zimne, ale stosunkowo \u0142agodne na tej wysoko\u015bci, a lata s\u0105 ciep\u0142e i generalnie suche. To po\u0142\u0105czenie element\u00f3w g\u00f3rskich i wysokich pusty\u0144 sprawia, \u017ce \u200b\u200bPagosa Springs ma wyj\u0105tkowe otoczenie, w przeciwie\u0144stwie do ni\u017cszych r\u00f3wnin Kolorado. Otoczone z trzech stron lasem pa\u0144stwowym, miasto wydaje si\u0119 odleg\u0142e, ale \u017cyje w \u015brodowisku, kt\u00f3re wspiera cztery pe\u0142ne pory roku rekreacji.<\/p>\n<p>Na d\u0142ugo przed przybyciem Europejczyk\u00f3w obszar Pagosa by\u0142 \u015bwi\u0119ty dla ludu Ute, kt\u00f3ry nazywa\u0142 \u017ar\u00f3d\u0142a Pagosah, co oznacza \u201ewody lecznicze lub wrz\u0105ce\u201d. Plemiona Ute i Navajo okresowo korzysta\u0142y z tego obszaru, a konflikty o \u017ar\u00f3d\u0142a rozgorza\u0142y pod koniec XIX wieku. W 1880 roku rz\u0105d USA przej\u0105\u0142 kontrol\u0119 nad \u017ar\u00f3d\u0142ami, a wkr\u00f3tce potem biali osadnicy zg\u0142osili roszczenia. Pagosa Springs zosta\u0142o podzielone w 1883 roku i w\u0142\u0105czone jako miasto w 1891 roku.<\/p>\n<p>Pocz\u0105tkowo gospodarka opiera\u0142a si\u0119 na z\u0142ocie, drewnie i hodowli byd\u0142a, poniewa\u017c pionierzy wycinali lasy i wydobywali byd\u0142o z pobliskich zboczy. Na pocz\u0105tku XX wieku promotorzy miasta pr\u00f3bowali zbudowa\u0107 biznes turystyczny wok\u00f3\u0142 gor\u0105cych \u017ar\u00f3de\u0142, ale przez dziesi\u0119ciolecia pozostawa\u0142y one odleg\u0142e. Prze\u0142om nast\u0105pi\u0142 po projekcie Colorado River Storage Project w latach 50. i 60. XX wieku, kt\u00f3ry doprowadzi\u0142 do budowy elektryczno\u015bci i dr\u00f3g. W latach 70. XX wieku Pagosa Springs aktywnie rozwija\u0142o swoje kurorty \u017ar\u00f3dlane. Jednym z wyj\u0105tkowych kamieni milowych w kulturze by\u0142 Red Ryder Roundup, rodeo i parada z okazji Czwartego Lipca, zapocz\u0105tkowane w latach 50. XX wieku, aby uhonorowa\u0107 lokaln\u0105 kultur\u0119 kowbojsk\u0105. Z czasem Pagosa Springs zyska\u0142o r\u00f3wnie\u017c uznanie jako spo\u0142eczno\u015b\u0107 \u201ePreserve America\u201d (2006) za ochron\u0119 swojego historycznego charakteru.<\/p>\n<p>Pagosa Springs zachowuje klimat ma\u0142ego miasteczka z Dzikiego Zachodu. J\u0119zykiem dominuj\u0105cym jest angielski, ale prawie po\u0142owa populacji ma korzenie hiszpa\u0144skie (odzwierciedlaj\u0105ce dziedzictwo regionalne). Miejscowi s\u0105 raczej nieformalni i s\u0105siedzcy; hodowla byd\u0142a i tradycje tubylcze mieszaj\u0105 si\u0119 z nowoczesnym stylem \u017cycia na \u015bwie\u017cym powietrzu. Tempo \u017cycia jest spokojne: letnie dni sp\u0119dza si\u0119 na w\u0119dr\u00f3wkach, raftingu lub moczeniu si\u0119 w \u017ar\u00f3d\u0142ach, podczas gdy zim\u0105 mo\u017cna spotka\u0107 narciarzy w pobliskich o\u015brodkach. Wydarzenia spo\u0142eczno\u015bciowe odzwierciedlaj\u0105 jego mieszane dziedzictwo: na przyk\u0142ad ka\u017cdego lipca miejscowi i go\u015bcie zak\u0142adaj\u0105 kowbojskie kapelusze na parad\u0119 Red Ryder Rodeo. Jesieni\u0105 miasto jest gospodarzem Colorfest, festiwalu baloniarzy, wina i wy\u015bcig\u00f3w biegowych. Zar\u00f3wno w\u015br\u00f3d sta\u0142ych mieszka\u0144c\u00f3w, jak i przybysz\u00f3w, przyjazno\u015b\u0107 jest powodem do dumy \u2013 to rodzaj miejsca, w kt\u00f3rym obcy otrzymuje skinienie g\u0142ow\u0105 w kierunku basen\u00f3w z gor\u0105cymi \u017ar\u00f3d\u0142ami, a sklepikarze znaj\u0105 klient\u00f3w po imieniu. Mimo \u017ce Pagosa jest miastem turystycznym, jej \u015br\u00f3dmie\u015bcie sprawia zaskakuj\u0105co przytulne wra\u017cenie, z g\u0142\u00f3wn\u0105 ulic\u0105, po kt\u00f3rej mo\u017cna spacerowa\u0107, galeriami sztuki i kilkoma tawernami, w kt\u00f3rych miejscowi i tury\u015bci rozmawiaj\u0105 przy lokalnym piwie.<\/p>\n<p>Definiuj\u0105c\u0105 atrakcj\u0105 s\u0105 termalne \u017ar\u00f3d\u0142a Pagosy. Zasilane przez g\u0142\u0119bokie \u017ar\u00f3d\u0142a geotermalne, \u201eMother Spring\u201d bulgocze w temperaturze oko\u0142o 144\u00b0F i wype\u0142nia kilka publicznych i prywatnych basen\u00f3w. Odwiedzaj\u0105cy przyje\u017cd\u017caj\u0105, aby moczy\u0107 si\u0119 przez ca\u0142y rok, nawet w \u015bnie\u017cn\u0105 pogod\u0119. Zaledwie kilka minut jazdy od miasta znajduje si\u0119 o\u015brodek narciarski Wolf Creek, znany z ogromnych opad\u00f3w \u015bniegu (\u015brednio ~430 cali rocznie, najwi\u0119cej ze wszystkich kurort\u00f3w w Kolorado) i stok\u00f3w przyjaznych rodzinom.<\/p>\n<p>Przyroda jest u progu Pagosy. Na wsch\u00f3d od miasta, Treasure Falls spada z wysoko\u015bci 105 st\u00f3p nad \u0142atw\u0105 le\u015bn\u0105 w\u0119dr\u00f3wk\u0105. Inne pobliskie kaskady to Piedra i Fourmile Falls, do kt\u00f3rych mo\u017cna dotrze\u0107 rustykalnymi szlakami przez lasy sosnowe. Pagosa znajduje si\u0119 r\u00f3wnie\u017c w pobli\u017cu Chimney Rock National Monument, pradawnego miejsca Pueblo z dramatycznymi kamiennymi iglicami i kivas datowanymi na lata 950\u20131150 n.e. Wycieczki z przewodnikiem wyja\u015bniaj\u0105 astronomiczne uk\u0142ady tego miejsca. Rzeka San Juan, kt\u00f3ra przep\u0142ywa przez Pagos\u0119, s\u0142ynie z po\u0142owu na much\u0119, a tak\u017ce letniego p\u0142ywania na pontonie i \u0142agodnych sp\u0142yw\u00f3w tratw\u0105.<\/p>\n<p>W mie\u015bcie, poza samymi \u017ar\u00f3d\u0142ami, jest kilka niszowych atrakcji. Fred Harman Art Museum (znane r\u00f3wnie\u017c jako Red Ryder Museum) czci ilustratora komiks\u00f3w, kt\u00f3ry uczyni\u0142 Pagos\u0119 swoim domem. Lokalni organizatorzy wypo\u017cyczaj\u0105 pontony i kajaki na rzece, a sklepy z artyku\u0142ami turystycznymi oferuj\u0105 przeja\u017cd\u017cki konne i sprz\u0119t. Przez ca\u0142y rok targi rzemie\u015blnicze, targi rolnicze i wystawy sztuki przyci\u0105gaj\u0105 t\u0142umy. Wi\u0119kszo\u015b\u0107 uroku Pagosy tkwi w plenerze: malownicze drogi prowadz\u0105 do alpejskich jezior (takich jak Williams, Quartz), a nawet restauracje i kawiarnie oferuj\u0105 panoramiczne widoki na g\u00f3ry. Dla zwiedzaj\u0105cych to, co koniecznie trzeba zrobi\u0107, jest jasne: zrelaksowa\u0107 si\u0119 w paruj\u0105cej wodzie mineralnej, a nast\u0119pnie zaczerpn\u0105\u0107 czystego g\u00f3rskiego powietrza.<\/p>\n<p>Pagosa Springs nie ma w\u0142asnego du\u017cego lotniska ani dworca kolejowego. Najbli\u017cszym lotniskiem komercyjnym jest Durango-La Plata County Airport (DRO), oko\u0142o 60 mil na zach\u00f3d, z codziennymi lotami do Denver, Dallas i sezonowymi trasami do Phoenix, Salt Lake City i Las Vegas. Z lotnisk w Phoenix lub Denver podr\u00f3\u017c samochodem trwa oko\u0142o 5\u20136 godzin; z Albuquerque oko\u0142o 4 godzin na p\u00f3\u0142noc. Odwiedzaj\u0105cy cz\u0119sto wynajmuj\u0105 samochody; US Highway 160 \u0142\u0105czy Pagos\u0119 ze wschodu na zach\u00f3d przez Wolf Creek Pass. (Nale\u017cy pami\u0119ta\u0107, \u017ce Wolf Creek Pass to droga wysokog\u00f3rska \u2013 warunki mog\u0105 by\u0107 niebezpieczne zim\u0105. Kierowcy powinni sprawdza\u0107 aktualizacje w czasie rzeczywistym.)<\/p>\n<p>Centrum miasta Pagosa jest zwarte (w centrum mo\u017cna \u0142atwo doj\u015b\u0107 pieszo), ale wiele atrakcji znajduje si\u0119 w kanionie lub w lasach. System Mountain Express Transit zapewnia lokalne us\u0142ugi autobusowe, w tym sta\u0142\u0105 tras\u0119 przez Pagosa Springs i okoliczne spo\u0142eczno\u015bci, a tak\u017ce po\u0142\u0105czenia a\u017c do Durango. Us\u0142uga ta jest niedroga lub bezp\u0142atna dla senior\u00f3w. Jednak do rozleg\u0142ych las\u00f3w i g\u00f3r mo\u017cna dotrze\u0107 tylko samochodem, quadem lub pieszo, wi\u0119c powszechne jest wynaj\u0119cie pojazdu lub zorganizowanie wycieczek z przewodnikiem. Parking w centrum jest ograniczony, ale og\u00f3lnie \u0142atwiejszy ni\u017c w du\u017cych miastach; g\u0142\u00f3wne ulice wype\u0142niaj\u0105 si\u0119 pieszymi, szczeg\u00f3lnie w letnie weekendy.<\/p>\n<p>Walut\u0105 s\u0105 dolary ameryka\u0144skie, a wsz\u0119dzie m\u00f3wi si\u0119 po angielsku; wielu mieszka\u0144c\u00f3w m\u00f3wi r\u00f3wnie\u017c po hiszpa\u0144sku. Ze wzgl\u0119du na du\u017c\u0105 wysoko\u015b\u0107 nowi tury\u015bci powinni da\u0107 sobie czas na przystosowanie si\u0119 \u2013 nawet kr\u00f3tkie spacery mog\u0105 wydawa\u0107 si\u0119 uci\u0105\u017cliwe na wysoko\u015bci ponad 7000 st\u00f3p. Zimy mog\u0105 przynie\u015b\u0107 oblodzone drogi i obfite opady \u015bniegu; letnie dni mog\u0105 przynie\u015b\u0107 intensywne s\u0142o\u0144ce, dlatego zaleca si\u0119 stosowanie krem\u00f3w z filtrem i nawodnienie. Tury\u015bci powinni dawa\u0107 napiwki kelnerom i przewodnikom (15\u201320%), tak jak w innych miejscach w USA. Etykieta jest nieformalna: kr\u00f3tkie \u201ecze\u015b\u0107\u201d lub skinienie g\u0142ow\u0105 od przechodni\u00f3w jest zwyczajowe. Bezpiecze\u0144stwo w Pagosie jest og\u00f3lnie dobre: \u200b\u200bspo\u0142eczno\u015b\u0107 jest ma\u0142a i spokojna. Obowi\u0105zuj\u0105 \u015brodki ostro\u017cno\u015bci oparte na zdrowym rozs\u0105dku \u2013 uwa\u017caj na dzikie zwierz\u0119ta (nied\u017awiedzie lub \u0142osie na kempingach, grzechotniki w upale) i przestrzegaj ostrze\u017ce\u0144 pogodowych, szczeg\u00f3lnie zim\u0105.<a href=\"https:\/\/travelshelper.com\/pl\/miejsca-docelowe\/ameryka-polnocna\/stany-zjednoczone-ameryki\/berkeley-springs\/\" target=\"_self\" aria-labelledby=\"uael-post-8997\"><br \/>\n<\/a><\/p>","protected":false},"excerpt":{"rendered":"<p>Pagosa Springs, znane jako Pagw\u00f6\u00f6sa w j\u0119zyku Ute i T\u00f3 Sido H\u00e1\u00e1l\u012f\u0301 w j\u0119zyku Navajo, to t\u0119tni\u0105ca \u017cyciem i wyj\u0105tkowa spo\u0142eczno\u015b\u0107 po\u0142o\u017cona w sercu hrabstwa Archuleta w stanie Kolorado. B\u0119d\u0105c stolic\u0105 hrabstwa i najludniejszym miastem w okolicy, Pagosa Springs jest wyj\u0105tkowe zar\u00f3wno ze wzgl\u0119du na swoje naturalne pi\u0119kno, jak i wielk\u0105 warto\u015b\u0107 historyczn\u0105 i kulturow\u0105. Z populacj\u0105 1571 os\u00f3b wed\u0142ug spisu z 2020 r. ta gmina samorz\u0105dowa jest bardzo po\u017c\u0105dana zar\u00f3wno przez ludzi, jak i turyst\u00f3w. Oferuje dost\u0119p do du\u017cych obszar\u00f3w dzikiej przyrody wraz z atrakcyjno\u015bci\u0105 ma\u0142ego miasteczka.<\/p>","protected":false},"author":1,"featured_media":17607,"parent":8072,"menu_order":0,"comment_status":"closed","ping_status":"closed","template":"elementor_theme","meta":{"_eb_attr":"","footnotes":""},"class_list":["post-8967","page","type-page","status-publish","has-post-thumbnail"],"_links":{"self":[{"href":"https:\/\/travelshelper.com\/pl\/wp-json\/wp\/v2\/pages\/8967","targetHints":{"allow":["GET"]}}],"collection":[{"href":"https:\/\/travelshelper.com\/pl\/wp-json\/wp\/v2\/pages"}],"about":[{"href":"https:\/\/travelshelper.com\/pl\/wp-json\/wp\/v2\/types\/page"}],"author":[{"embeddable":true,"href":"https:\/\/travelshelper.com\/pl\/wp-json\/wp\/v2\/users\/1"}],"replies":[{"embeddable":true,"href":"https:\/\/travelshelper.com\/pl\/wp-json\/wp\/v2\/comments?post=8967"}],"version-history":[{"count":0,"href":"https:\/\/travelshelper.com\/pl\/wp-json\/wp\/v2\/pages\/8967\/revisions"}],"up":[{"embeddable":true,"href":"https:\/\/travelshelper.com\/pl\/wp-json\/wp\/v2\/pages\/8072"}],"wp:featuredmedia":[{"embeddable":true,"href":"https:\/\/travelshelper.com\/pl\/wp-json\/wp\/v2\/media\/17607"}],"wp:attachment":[{"href":"https:\/\/travelshelper.com\/pl\/wp-json\/wp\/v2\/media?parent=8967"}],"curies":[{"name":"wp","href":"https:\/\/api.w.org\/{rel}","templated":true}]}}