{"id":8958,"date":"2024-09-06T16:54:54","date_gmt":"2024-09-06T16:54:54","guid":{"rendered":"https:\/\/travelshelper.com\/staging\/?page_id=8958"},"modified":"2026-03-13T18:09:26","modified_gmt":"2026-03-13T18:09:26","slug":"ouray","status":"publish","type":"page","link":"https:\/\/travelshelper.com\/pl\/destinations\/north-america\/united-states\/ouray\/","title":{"rendered":"Ouray"},"content":{"rendered":"<p>Po\u0142o\u017cone g\u0142\u0119boko w g\u00f3rach San Juan w po\u0142udniowo-zachodnim Kolorado, Ouray to male\u0144kie miasteczko o wspania\u0142ych krajobrazach. Jest stolic\u0105 hrabstwa Ouray i od dawna okre\u015bla si\u0119 mianem \u201eSzwajcarii Ameryki\u201d. Wed\u0142ug spisu ludno\u015bci z 2020 r. populacja miasta wynosi\u0142a zaledwie 898 mieszka\u0144c\u00f3w, co czyni je zwart\u0105 spo\u0142eczno\u015bci\u0105. Po\u0142o\u017cone na wysoko\u015bci oko\u0142o 7792 st\u00f3p (2375 m) miasto jest otulone w\u0105skim kanionem rzeki Uncompahgre, z stromymi czerwonymi klifami wznosz\u0105cymi si\u0119 z trzech stron. Malownicza g\u0142\u00f3wna ulica jest otoczona ceglanymi budynkami z epoki wiktoria\u0144skiej, przypominaj\u0105cymi o g\u00f3rniczych korzeniach miasta. Dzisiejsza gospodarka Ouray opiera si\u0119 na turystyce (rekreacja na \u015bwie\u017cym powietrzu i turystyka historyczna), kt\u00f3ra zmieni\u0142a si\u0119 od XIX-wiecznych g\u00f3rniczych korzeni. W rzeczywisto\u015bci, wed\u0142ug stanowej rady turystycznej, setki tysi\u0119cy turyst\u00f3w przyje\u017cd\u017ca do Ouray ka\u017cdego roku, przyci\u0105gni\u0119tych jego alpejskim \u015brodowiskiem. Mimo niewielkich rozmiar\u00f3w, w miasteczku znajduj\u0105 si\u0119 obiekty noclegowe, restauracje, uzdrowiska i sklepy, nastawione na obs\u0142ug\u0119 turyst\u00f3w.<\/p>\n<p>Klimat Ouray jest typowo alpejski. Lata s\u0105 zazwyczaj ciep\u0142e i \u0142agodne, ze \u015bredni\u0105 temperatur\u0105 60\u201370\u00b0F (15\u201325\u00b0C), ale nawet noce w czerwcu i lipcu mog\u0105 spa\u015b\u0107 do 40\u00b0F. Wczesna jesie\u0144 cz\u0119sto przynosi jaskrawo kolorowe osiki. Wiosna jest kr\u00f3tka i do\u015b\u0107 ch\u0142odna; pod koniec maja nadal mo\u017cna zaobserwowa\u0107 obfite opady \u015bniegu p\u00f3\u017anego sezonu. Zimy s\u0105 bardzo zimne, a ca\u0142y region staje si\u0119 \u015bnie\u017cn\u0105 krain\u0105 czar\u00f3w. \u015anieg zwykle pada obficie od listopada do marca; w Ouray zim\u0105 cz\u0119sto odnotowuje si\u0119 kilka st\u00f3p \u015bniegu. Suche g\u00f3rskie powietrze oznacza, \u017ce \u200b\u200bdzienne s\u0142o\u0144ce jest silne (zabierz krem \u200b\u200bz filtrem przeciws\u0142onecznym). We wszystkich porach roku pogoda mo\u017ce si\u0119 szybko zmienia\u0107: ciep\u0142y poranek mo\u017ce zamieni\u0107 si\u0119 w popo\u0142udniow\u0105 biel wiosn\u0105 lub jesieni\u0105. Mi\u0142o\u015bnicy aktywno\u015bci na \u015bwie\u017cym powietrzu dostosowuj\u0105 si\u0119, zabieraj\u0105c ze sob\u0105 dodatkowe warstwy odzie\u017cy i uwa\u017cnie sprawdzaj\u0105c prognozy pogody.<\/p>\n<p>Ju\u017c same liczby wskazuj\u0105, \u017ce Ouray jest bardziej alpejsk\u0105 wiosk\u0105 ni\u017c miastem. Sta\u0142a populacja, wynosz\u0105ca ~900 os\u00f3b, sprawia, \u017ce \u200b\u200bjest to najmniej zaludnione miasto w stanie Kolorado. Populacja ro\u015bnie w sezonach turystycznych \u2013 latem i zim\u0105 \u2013 kiedy to mo\u017ce przebywa\u0107 kilka tysi\u0119cy go\u015bci na raz. Ekonomicznie Ouray jest niemal ca\u0142kowicie zale\u017cne od turystyki. Po tym, jak kryzys wydobycia srebra w 1893 r. za\u0142ama\u0142 g\u00f3rnictwo, lokalni zwolennicy dawno temu trafnie przewidzieli, \u017ce \u201eOuray jest niezr\u00f3wnane\u2026 B\u0119dzie s\u0142awne jako kurort g\u00f3rski\u201d. Przydomek miasta, \u201eSzwajcaria Ameryki\u201d, jest popierany przez w\u0142adze miasta i przewodnik\u00f3w turystycznych, podkre\u015blaj\u0105cych jego alpejskie po\u0142o\u017cenie i gor\u0105ce \u017ar\u00f3d\u0142a. Rzeczywi\u015bcie, roczny bud\u017cet Ouray jest finansowany g\u0142\u00f3wnie z podatk\u00f3w od zakwaterowania i op\u0142at rekreacyjnych. Jest tu bardzo ma\u0142o przemys\u0142u wytw\u00f3rczego i rolnictwa; poza pracami zwi\u0105zanymi z turystyk\u0105 (hotele, przewodnicy, restauracje) wi\u0119kszo\u015b\u0107 mieszka\u0144c\u00f3w doje\u017cd\u017ca do pobliskich miast lub pracuje zdalnie. Gospodark\u0119 wspieraj\u0105 sporty uprawiane w zimnych porach roku (wspinaczka po lodzie i jazda na skuterach \u015bnie\u017cnych), a tak\u017ce letnie w\u0119dr\u00f3wki piesze, a tak\u017ce takie atrakcje jak wycieczki jeepami i galerie.<\/p>\n<p>Ouray le\u017cy na zachodnim skraju pasma San Juan w Kolorado, cz\u0119\u015bci G\u00f3r Skalistych. Le\u017cy w po\u0142udniowo-zachodnim naro\u017cniku stanu, oko\u0142o 80 mil na po\u0142udnie od Montrose i 100 mil na p\u00f3\u0142noc od Durango. Wsp\u00f3\u0142rz\u0119dne miasta to mniej wi\u0119cej 38,03\u00b0N, 107,67\u00b0W. Geograficznie zajmuje kanion na ko\u0144cu w\u0105skiej doliny. Na zachodzie wznosz\u0105 si\u0119 wielotysi\u0119czne szczyty (Wheeler, Yale itp.), a na wschodzie wysoki grzbiet amfiteatralnych klif\u00f3w. Krajobraz jest dramatyczny: strome \u015bciany dziczy, wysokie alpejskie kot\u0142y i wysoko\u015b\u0107, kt\u00f3ra sprawia, \u017ce \u200b\u200bniebo jest intensywnie niebieskie.<\/p>\n<p>To g\u00f3rskie otoczenie kszta\u0142tuje \u017cycie. Wszystkie trasy wjazdowe i wyjazdowe pod\u0105\u017caj\u0105 za konturami terenu. US 550 (autostrada Million Dollar Highway) to jedyna utwardzona droga \u0142\u0105cz\u0105ca Ouray ze \u015bwiatem zewn\u0119trznym. Schodzi na po\u0142udnie przez cuda in\u017cynierii do Silverton i ostatecznie do Nowego Meksyku, a nast\u0119pnie kieruje si\u0119 na p\u00f3\u0142noc przez w\u0105skie prze\u0142\u0119cze (Molas Pass na wysoko\u015bci 10 914 st\u00f3p) do skrzy\u017cowania przy Montrose. Nie ma bezpo\u015bredniego po\u0142\u0105czenia kolejowego ani lotniczego; najbli\u017csze lotnisko to Montrose Regional (oko\u0142o 40 mil). Latem g\u00f3ry kwitn\u0105 dzikimi kwiatami; zim\u0105 klify tworz\u0105 lodowe wodospady. Miasto otrzymuje oko\u0142o 200 s\u0142onecznych dni w roku, ale zimy s\u0105 intensywnie zimne i wietrzne. Wiosna i jesie\u0144 to stosunkowo kr\u00f3tkie okresy przej\u015bciowe.<\/p>\n<p>Historia Ouray ma swoje korzenie w g\u00f3rniczym dziedzictwie. Miejsce to pierwotnie by\u0142o terytorium Ute, a miasto zosta\u0142o nazwane na cze\u015b\u0107 wodza Ouraya, szanowanego przyw\u00f3dcy Ute, kt\u00f3ry d\u0105\u017cy\u0142 do pokojowych stosunk\u00f3w z bia\u0142ymi osadnikami. W 1875 roku poszukiwacze z\u0142ota i srebra odkryli w kanionach powy\u017cej; w 1876 roku za\u0142o\u017cyli osad\u0119. W pa\u017adzierniku 1876 roku Ouray zosta\u0142o w\u0142\u0105czone jako miasto. Pierwsi osadnicy zbudowali chaty i namioty, a do 1877 roku populacja osi\u0105gn\u0119\u0142a oko\u0142o 400 os\u00f3b. Bogate z\u0142o\u017ca srebra wkr\u00f3tce przekszta\u0142ci\u0142y je w miasto rozwijaj\u0105ce si\u0119. W latach 80. i 90. XIX wieku populacja wzros\u0142a (do ponad 2500 os\u00f3b w 1890 roku), a przedsi\u0119biorstwa rozkwit\u0142y. Miasto wcze\u015bnie zainwestowa\u0142o w infrastruktur\u0119 (\u015bwiat\u0142a elektryczne w 1885 roku, jedne z pierwszych na zachodzie).<\/p>\n<p>Kolej dotar\u0142a w 1887 roku, \u0142\u0105cz\u0105c Ouray z lini\u0105 Denver &amp; Rio Grande. U\u0142atwi\u0142o to przew\u00f3z towar\u00f3w do kopalni i uczyni\u0142o miasto bardziej dost\u0119pnym. Jednak kryzys srebra w 1893 roku niemal zabi\u0142 gospodark\u0119. Kopalnie zamkni\u0119to, a wiele miast w San Juans zamieni\u0142o si\u0119 w miasta widma. Co ciekawe, Ouray przetrwa\u0142o dzi\u0119ki przeorientowaniu: pobliskie odkrycia z\u0142ota, a nawet kilka kopalni srebra, kt\u00f3re nadal zawiera\u0142y z\u0142oto, zapewnia\u0142o zatrudnienie pracownikom. Ouray stopniowo korzysta\u0142o r\u00f3wnie\u017c ze swojego pi\u0119kna krajobrazu i gor\u0105cych \u017ar\u00f3de\u0142. Wraz z post\u0119pem XX wieku wydobycie twardych ska\u0142 ust\u0105pi\u0142o miejsca turystyce. Go\u015bcie przyje\u017cd\u017cali, aby skorzysta\u0107 z w\u00f3d gor\u0105cych \u017ar\u00f3de\u0142 (nowoczesny basen Ouray Hot Springs zosta\u0142 otwarty w 1927 roku) i cieszy\u0107 si\u0119 g\u00f3rskim powietrzem. Droga Million Dollar Highway zosta\u0142a zbudowana w latach 20. i 30. XX wieku wzd\u0142u\u017c starej drogi p\u0142atnej, dodatkowo \u0142\u0105cz\u0105c Ouray z otoczeniem.<\/p>\n<p>W ostatnich dekadach Ouray rozwija\u0142o swoj\u0105 nisz\u0119 jako raj dla mi\u0142o\u015bnik\u00f3w przyrody. Odbywa si\u0119 tu coroczny Festiwal Lodu (luty), przyci\u0105gaj\u0105cy wspinaczy lodowych z ca\u0142ego \u015bwiata, a tak\u017ce jesienny Jeep Jamboree na jego trudnych drogach w g\u0142\u0119bi kraju. Odrestaurowano zabytkowe budynki wiktoria\u0144skie (Beaumont Hotel, Wright Opera House), a nowe miejsca noclegowe, takie jak butikowe zajazdy i pensjonaty, zdobi\u0105 g\u0142\u00f3wn\u0105 ulic\u0119. Liczba ludno\u015bci miasta nadal wynosi poni\u017cej 1000 os\u00f3b, ale kluczowe kamienie milowe to 1876 (za\u0142o\u017cenie), 1887 (przybycie kolei), 1893 (krach srebra) i 1927 (otwarcie nowoczesnego basenu z gor\u0105cymi \u017ar\u00f3d\u0142ami). Pomimo wzlot\u00f3w i upadk\u00f3w, jedna rzecz pozostaje niezmienna: trwa\u0142a reputacja Ouray jako malowniczego klejnotu z pe\u0142nymi werwy mieszka\u0144cami \u2013 sentyment uchwycony w prognozie CL Halla z 1898 r., \u017ce \u201eOuray jest niezr\u00f3wnane\u2026 s\u0142ynie jako kurort g\u00f3rski\u201d.<\/p>\n<p>Kultura Ouray to wra\u017cliwo\u015b\u0107 ma\u0142ego kurortu alpejskiego. Pomy\u015bl o dzielnych mieszka\u0144cach g\u00f3r, kt\u00f3rzy kochaj\u0105 natur\u0119 i przygody. Rozmowy tutaj cz\u0119sto zaczynaj\u0105 si\u0119 od pogody lub dzikiej przyrody \u2013 i cz\u0119sto schodz\u0105 na plany na \u015bwie\u017cym powietrzu (\u201eCzy chcesz dzisiaj w\u0119drowa\u0107 po Yankee Boy Basin lub wspina\u0107 si\u0119 po ska\u0142ach?\u201d). J\u0119zyk angielski kr\u00f3luje; niekt\u00f3rzy miejscowi mog\u0105 us\u0142ysze\u0107 hiszpa\u0144ski, ale nie ma specjalnych lokalnych dialekt\u00f3w poza \u0142agodnym akcentem z G\u00f3r Skalistych. Miejscowi s\u0105 przyja\u017ani i wyluzowani. Nieznajomy przechodz\u0105cy na ulicy jest cz\u0119sto witany machni\u0119ciem r\u0119ki lub \u201eHowdy\u201d. To jedno z tych miejsc, w kt\u00f3rych z czasem ludzie ucz\u0105 si\u0119 twojego imienia. Obowi\u0105zuje swobodny dress code na \u015bwie\u017cym powietrzu: w ka\u017cdy dzie\u0144 zobaczysz kurtki polarowe, buty trekkingowe i kowbojskie kapelusze nawet w mie\u015bcie.<\/p>\n<p>Tradycje kr\u0105\u017c\u0105 wok\u00f3\u0142 \u015brodowiska naturalnego. Odbywaj\u0105 si\u0119 coroczne wydarzenia spo\u0142eczno\u015bciowe, takie jak Jeep Jamboree (wiosenny rajd 4\u00d74 po surowych wzg\u00f3rzach) i Summer Hot Springs Festival (\u015bwi\u0119tuj\u0105cy \u017ar\u00f3d\u0142a geotermalne, kt\u00f3re definiuj\u0105 miasto). Ka\u017cdej zimy na \u015bcianach kanionu rozstawiany jest Ouray Ice Park i odbywaj\u0105 si\u0119 zawody we wspinaczce po lodzie. Samo miasto zim\u0105 przyozdabia si\u0119 migocz\u0105cymi \u015bwiat\u0142ami (w Wright Opera House odbywa si\u0119 nawet \u015bwi\u0105teczny pokaz \u201eIce Ballerina\u201d). Latem na trawniku odbywaj\u0105 si\u0119 koncerty, wystawy sztuki w historycznym budynku Wells Fargo i pokazy fajerwerk\u00f3w z okazji 4 lipca nad rzek\u0105.<\/p>\n<p>W Ouray panuje atmosfera dzikiego relaksu. Noc\u0105 gazowe latarnie o\u015bwietlaj\u0105 cich\u0105 g\u0142\u00f3wn\u0105 ulic\u0119; podw\u00f3rka wype\u0142nia rozgwie\u017cd\u017cone niebo. Ludzie cz\u0119sto ko\u0144cz\u0105 dzie\u0144, mocz\u0105c si\u0119 w basenach z gor\u0105cymi \u017ar\u00f3d\u0142ami (g\u0142\u00f3wna atrakcja miasta) lub rozmawiaj\u0105c na ganku z widokiem na klify amfiteatru. W tym pi\u0119knym miejscu panuje poczucie wsp\u00f3lnoty. Bez anonimowo\u015bci du\u017cego miasta, styl \u017cycia tutaj wydaje si\u0119 bardziej osobisty i niespieszny. Odwiedzaj\u0105cy komentuj\u0105 urok miasta (\u201eczas wydaje si\u0119 tutaj zwalnia\u0107\u201d), go\u015bcinno\u015b\u0107 (miejscowi witaj\u0105 w\u0119drowc\u00f3w na szlaku) i izolacj\u0119 \u2013 jest na tyle odosobnione, \u017ce aby uzyska\u0107 zasi\u0119g kom\u00f3rkowy lub zrobi\u0107 wi\u0119ksze zakupy, trzeba przejecha\u0107 30 minut do Montrose. Podsumowuj\u0105c, Ouray sprawia wra\u017cenie prawdziwie g\u00f3rskiego, \u0142\u0105cz\u0105c dum\u0119 z czas\u00f3w pogranicza z cich\u0105 wyrafinowan\u0105 atmosfer\u0105 zrodzon\u0105 z ca\u0142orocznego kurortu.<\/p>\n<p>Pomimo swoich rozmiar\u00f3w, Ouray oferuje mn\u00f3stwo atrakcji, kt\u00f3rych nie mo\u017cna przegapi\u0107. Przede wszystkim Ouray Hot Springs Pool \u2013 rozleg\u0142y, naturalny kompleks basen\u00f3w zasilanych \u017ar\u00f3d\u0142ami w mie\u015bcie. Tutaj zar\u00f3wno tury\u015bci, jak i mieszka\u0144cy miasta relaksuj\u0105 si\u0119 w wodzie o temperaturze od 80 do 100\u00b0F, podczas gdy wok\u00f3\u0142 nich wznosz\u0105 si\u0119 g\u00f3ry. \u0179r\u00f3d\u0142a przyci\u0105gaj\u0105 ludzi od stuleci, a obiekt pochodzi z 1927 roku. W ch\u0142odne wieczory para unosi si\u0119 z wody, a gwiazdy \u015bwiec\u0105 nad g\u0142owami \u2013 wyj\u0105tkowe do\u015bwiadczenie wysokog\u00f3rskiego spa.<\/p>\n<p>Tu\u017c za miastem le\u017cy Box Ca\u00f1on Falls Park. Ten \u0142atwo dost\u0119pny park stanowy oferuje 285-stopowy wodospad spadaj\u0105cy przez w\u0105ski kwarcytowy w\u0105w\u00f3z. Utwardzona \u015bcie\u017cka (z centrum dla zwiedzaj\u0105cych) prowadzi 500 st\u00f3p do kanionu, aby zobaczy\u0107 wodospady z przodu, kr\u00f3tka i przyjazna dla rodzin w\u0119dr\u00f3wka. Rycz\u0105ce wodospady i g\u00f3ruj\u0105ce \u015bciany kanionu to spektakularne obiekty do zdj\u0119\u0107. Box Ca\u00f1on jest opisany przez departament park\u00f3w jako \u201ecud \u015bwiata Ouraya\u201d.<\/p>\n<p>Dla \u017c\u0105dnych przyg\u00f3d go\u015bci Ouray Ice Park (mila na po\u0142udnie od miasta) jest \u015bwiatowej s\u0142awy. Jest to utrzymany plac zabaw do wspinaczki po lodzie na stromym klifie, z dziesi\u0105tkami zamarzni\u0119tych wodospad\u00f3w o r\u00f3\u017cnym stopniu trudno\u015bci. Cho\u0107 nie jest to \u201eatrakcja\u201d w sensie turystycznym, przyci\u0105ga tysi\u0105ce wspinaczy ka\u017cdej zimy. Latem popularna jest pobliska droga Yankee Boy Basin: w\u0105ska droga o du\u017cym prze\u015bwicie prowadzi do alpejskich \u0142\u0105k poro\u015bni\u0119tych dzikimi kwiatami i tarasowych g\u00f3rskich jezior. Jesieni\u0105 tury\u015bci wyruszaj\u0105, aby zobaczy\u0107 wodospady i \u017cywe \u017c\u00f3\u0142te gaje osik.<\/p>\n<p>Samo centrum Ouray jest atrakcj\u0105. Ceglane fasady Main Street mieszcz\u0105 galerie sztuki, sklepy ze sprz\u0119tem turystycznym i przytulne restauracje, takie jak Alpine Institute Deli lub Ouray Brewery (piwa \u200b\u200brzemie\u015blnicze). Odrestaurowany Wright Opera House (1890) organizuje przedstawienia i okazjonalne koncerty. Ouray County Historical Museum (w wapiennym budynku na Main) ma artefakty g\u00f3rnicze i opowiada histori\u0119 miasta. Golfi\u015bci udaj\u0105 si\u0119 na malownicze 9-do\u0142kowe pole golfowe Ouray po\u0142o\u017cone nad miastem. Perimeter Trail \u2013 p\u0119tla piesza wok\u00f3\u0142 Ouray \u2013 pozwala uciec od zgie\u0142ku miasta w pi\u0119\u0107 minut, aby spotka\u0107 \u0142osie i lasy nadrzeczne.<\/p>\n<p>Na koniec, dla tych, kt\u00f3rzy po prostu chc\u0105 napawa\u0107 si\u0119 wspania\u0142o\u015bci\u0105: wybierz si\u0119 na kr\u00f3tki spacer do High Alpine Overlooks. Z r\u00f3\u017cnych punkt\u00f3w widokowych w kanionie (takich jak szlak Amphitheater Peak) mo\u017cna zobaczy\u0107 Ouray przy\u0107mione przez otaczaj\u0105ce szczyty. Zim\u0105 malownicze trasy US550 (Million Dollar Hwy) na p\u00f3\u0142noc lub po\u0142udnie oferuj\u0105 zapieraj\u0105ce dech w piersiach widoki g\u00f3rskie. W jedno popo\u0142udnie mo\u017cesz pojecha\u0107 do Engineer Pass lub Imogene Pass, starych szlak\u00f3w g\u00f3rniczych, kt\u00f3re s\u0105 teraz otwarte dla jeep\u00f3w i kt\u00f3re wyginaj\u0105 si\u0119 wysoko nad Ouray. \u017badna z nich nie jest \u201eatrakcj\u0105 adrenaliny\u201d \u2013 zamiast tego, g\u0142\u00f3wn\u0105 atrakcj\u0105 Ouray s\u0105 widoki i naturalne walory. Odwiedzaj\u0105cy wielokrotnie zauwa\u017caj\u0105, \u017ce panoramiczny widok w d\u00f3\u0142 doliny (miasto poni\u017cej, szczyty powy\u017cej) jest niezapomniany.<\/p>\n<p>Ouray jest odludne. Jedynym praktycznym sposobem dotarcia jest samoch\u00f3d. G\u0142\u00f3wn\u0105 tras\u0105 jest US Highway 550, tzw. Million Dollar Highway. Ta malownicza, kr\u0119ta droga prowadzi z p\u00f3\u0142nocy przez Montrose (Interstate 70) lub z po\u0142udnia przez Durango i Silverton. B\u0119dziesz jecha\u0107 przez wysokie g\u00f3rskie prze\u0142\u0119cze \u2013 Molas Pass (10 900\u2032) na p\u00f3\u0142noc, Red Mountain Pass (11 018\u2032) na po\u0142udnie \u2013 wi\u0119c zarezerwuj sobie du\u017co czasu. Obs\u0142uga autobusowa jest minimalna; Durango oferuje latem busy wahad\u0142owe. Najbli\u017cszym du\u017cym lotniskiem jest Montrose Regional (MTJ), oko\u0142o 1 godziny jazdy na p\u00f3\u0142noc; stamt\u0105d podr\u00f3\u017cni zazwyczaj wynajmuj\u0105 samoch\u00f3d lub bior\u0105 busa. Denver International Airport jest oko\u0142o 6 godzin jazdy samochodem na p\u00f3\u0142noc, kt\u00f3rego niekt\u00f3rzy mog\u0105 u\u017cy\u0107, aby przesi\u0105\u015b\u0107 si\u0119 na loty Montrose.<\/p>\n<p>Po przybyciu do Ouray, niewielkie rozmiary miasta sprawiaj\u0105, \u017ce jest ono bardzo przyjazne pieszym. Historyczne centrum miasta, park miejski i obszary noclegowe znajduj\u0105 si\u0119 w promieniu mili kwadratowej. Nie ma publicznego transportu zbiorowego. Wi\u0119kszo\u015b\u0107 odwiedzaj\u0105cych parkuje przy hotelu lub w pobli\u017cu gor\u0105cych \u017ar\u00f3de\u0142 i idzie pieszo. Je\u015bli wje\u017cd\u017casz na okoliczne tereny, zaleca si\u0119 korzystanie z pojazd\u00f3w 4\u00d74 lub przynajmniej pojazd\u00f3w o du\u017cym prze\u015bwicie poza Highway 550, szczeg\u00f3lnie na nieutwardzonych drogach bocznych. W obr\u0119bie miasta drogi s\u0105 utwardzone, ale zim\u0105 mog\u0105 by\u0107 oblodzone. Pojazdy terenowe (ATV\/UTV) s\u0105 dozwolone w wyznaczonych obszarach i na szlakach. Po Main Street mo\u017cna je\u017adzi\u0107 ostro\u017cnie, ale piesi maj\u0105 pierwsze\u0144stwo, poniewa\u017c wszyscy spodziewaj\u0105 si\u0119 spacer\u00f3w.<\/p>\n<p>Walut\u0105 s\u0105 dolary ameryka\u0144skie, a j\u0119zykiem handlu jest angielski. Us\u0142ugi telefonii kom\u00f3rkowej s\u0105 niestabilne \u2013 niekt\u00f3rzy dostawcy maj\u0105 zasi\u0119g, ale na g\u00f3rskich drogach s\u0105 martwe strefy. Ubieraj si\u0119 warstwowo przez ca\u0142y rok: nawet letnie dni mog\u0105 zaczyna\u0107 si\u0119 w temperaturze 30\u00b0F (0\u00b0C) i ko\u0144czy\u0107 w temperaturze 60\u00b0F. Podczas w\u0119dr\u00f3wek lub \u0142owienia ryb uwa\u017caj na skutki wysoko\u015bci (duszno\u015b\u0107, oparzenia s\u0142oneczne) \u2013 u\u017cywaj kremu z filtrem przeciws\u0142onecznym i pij du\u017co wody. Etykieta: Ourayers s\u0105 przyzwyczajeni do turyst\u00f3w, ale mile widziane jest przyjazne skinienie g\u0142ow\u0105 lub \u201ecze\u015b\u0107\u201d w przelocie. Napiwki w restauracjach (15\u201320%) s\u0105 standardem. Poniewa\u017c miasto jest zale\u017cne od go\u015bci, go\u015bcinno\u015b\u0107 w sklepach i restauracjach jest szczera; oczekiwanie uprzejmo\u015bci ma\u0142ego miasteczka zamiast anonimowo\u015bci du\u017cego miasta b\u0119dzie dla ciebie korzystne.<\/p>\n<p>G\u0142\u00f3wnym zagro\u017ceniem jest \u015brodowisko, nie przest\u0119pczo\u015b\u0107. Pogoda mo\u017ce si\u0119 gwa\u0142townie zmieni\u0107 \u2013 letnie popo\u0142udniowe burze lub zimowe zamiecie \u015bnie\u017cne mog\u0105 wyst\u0105pi\u0107 bez ostrze\u017cenia. Je\u015bli wybierasz si\u0119 na w\u0119dr\u00f3wk\u0119, powiedz komu\u015b o swojej trasie. Zim\u0105 drogi s\u0105 od\u015bnie\u017cane, ale mog\u0105 by\u0107 oblodzone; zawi\u0105\u017c \u0142a\u0144cuchy, je\u015bli wymagaj\u0105 tego warunki. Dzikie zwierz\u0119ta (\u0142osie, jelenie) czasami przechodz\u0105 przez drogi, wi\u0119c jed\u017a ostro\u017cnie o zmierzchu. Rzeka mo\u017ce p\u0142yn\u0105\u0107 bardzo zimna i szybko po stopieniu \u015bniegu \u2013 nie k\u0105p si\u0119. W mie\u015bcie drobne kradzie\u017ce s\u0105 niezwykle rzadkie. Dzi\u0119ki tym \u015brodkom ostro\u017cno\u015bci Ouray jest bezpieczne dla podr\u00f3\u017cnych. Du\u017ca obecno\u015b\u0107 go\u015bci oznacza, \u017ce \u200b\u200bpomoc (i wielu innych go\u015bci) jest w pobli\u017cu, je\u015bli jest potrzebna.<\/p>\n<p>Podsumowuj\u0105c, podr\u00f3\u017c do Ouray to tyle samo prostoty, co przepychu. Samo miasteczko ma klimat poprzedniej epoki \u2013 latarnie gazowe, pojedyncza sygnalizacja \u015bwietlna na Main Street i przyjazny sprzedawca w sklepie og\u00f3lnym. Praktyczno\u015b\u0107 jest prosta, udogodnienia w miasteczku s\u0105 podstawowe, ale czyste, a najwa\u017cniejsza rada to przygotowa\u0107 si\u0119 na warunki g\u00f3rskie. Zr\u00f3b to, a zostaniesz nagrodzony ciep\u0142\u0105 k\u0105piel\u0105 w basenie mineralnym i alpejskim rajem, kt\u00f3ry nie ma sobie r\u00f3wnych w Lower 48.<a href=\"https:\/\/travelshelper.com\/pl\/miejsca-docelowe\/ameryka-polnocna\/stany-zjednoczone-ameryki\/berkeley-springs\/\" target=\"_self\" aria-labelledby=\"uael-post-8997\"><br \/>\n<\/a><\/p>","protected":false},"excerpt":{"rendered":"<p>Ouray to pi\u0119kna gmina samorz\u0105dowa ukryta w g\u00f3rach San Juan w Kolorado w Stanach Zjednoczonych. Wed\u0142ug spisu z 2020 r. to ma\u0142e miasto \u2014 stolica hrabstwa Ouray \u2014 liczy 898 mieszka\u0144c\u00f3w. Kod pocztowy urz\u0119du pocztowego Ouray to 81427. Na niesamowitej wysoko\u015bci 7492 st\u00f3p (2375 metr\u00f3w) wspania\u0142e alpejskie otoczenie i zapieraj\u0105ce dech w piersiach widoki Ouray s\u0142usznie kwalifikuj\u0105 si\u0119 jako \u201eSzwajcaria Ameryki\u201d.<\/p>","protected":false},"author":1,"featured_media":23306,"parent":8072,"menu_order":0,"comment_status":"closed","ping_status":"closed","template":"elementor_theme","meta":{"_eb_attr":"","footnotes":""},"class_list":["post-8958","page","type-page","status-publish","has-post-thumbnail"],"_links":{"self":[{"href":"https:\/\/travelshelper.com\/pl\/wp-json\/wp\/v2\/pages\/8958","targetHints":{"allow":["GET"]}}],"collection":[{"href":"https:\/\/travelshelper.com\/pl\/wp-json\/wp\/v2\/pages"}],"about":[{"href":"https:\/\/travelshelper.com\/pl\/wp-json\/wp\/v2\/types\/page"}],"author":[{"embeddable":true,"href":"https:\/\/travelshelper.com\/pl\/wp-json\/wp\/v2\/users\/1"}],"replies":[{"embeddable":true,"href":"https:\/\/travelshelper.com\/pl\/wp-json\/wp\/v2\/comments?post=8958"}],"version-history":[{"count":0,"href":"https:\/\/travelshelper.com\/pl\/wp-json\/wp\/v2\/pages\/8958\/revisions"}],"up":[{"embeddable":true,"href":"https:\/\/travelshelper.com\/pl\/wp-json\/wp\/v2\/pages\/8072"}],"wp:featuredmedia":[{"embeddable":true,"href":"https:\/\/travelshelper.com\/pl\/wp-json\/wp\/v2\/media\/23306"}],"wp:attachment":[{"href":"https:\/\/travelshelper.com\/pl\/wp-json\/wp\/v2\/media?parent=8958"}],"curies":[{"name":"wp","href":"https:\/\/api.w.org\/{rel}","templated":true}]}}