{"id":8949,"date":"2024-09-06T15:29:24","date_gmt":"2024-09-06T15:29:24","guid":{"rendered":"https:\/\/travelshelper.com\/staging\/?page_id=8949"},"modified":"2026-03-13T17:49:35","modified_gmt":"2026-03-13T17:49:35","slug":"glenwood-springs","status":"publish","type":"page","link":"https:\/\/travelshelper.com\/pl\/destinations\/north-america\/united-states\/glenwood-springs\/","title":{"rendered":"Glenwood Springs"},"content":{"rendered":"<p>Glenwood Springs to ma\u0142e miasto w Kolorado, licz\u0105ce oko\u0142o 10 000 mieszka\u0144c\u00f3w, ale ciesz\u0105ce si\u0119 du\u017c\u0105 renom\u0105 w G\u00f3rach Skalistych. Le\u017cy na wysoko\u015bci oko\u0142o 5760 st\u00f3p w \u201eDolinie Roaring Fork\u201d w zachodnim Kolorado, gdzie spotykaj\u0105 si\u0119 rzeki Kolorado i Roaring Fork. Gospodarka i styl \u017cycia w Glenwood Springs od dawna koncentruj\u0105 si\u0119 na turystyce i rekreacji na \u015bwie\u017cym powietrzu. Jest znane jako dom najwi\u0119kszego na \u015bwiecie basenu z gor\u0105cymi \u017ar\u00f3d\u0142ami mineralnymi (dziedzictwo kultury uzdrowiskowej z XIX wieku). Jako ma\u0142e miasto, jego PKB na mieszka\u0144ca jest skromny; \u015bredni doch\u00f3d gospodarstwa domowego wynosi oko\u0142o 87 000 USD (wy\u017cszy ni\u017c w wielu kurortach w Kolorado), podczas gdy wska\u017anik ub\u00f3stwa jest stosunkowo niski. Godne uwagi jest to, \u017ce 37% mieszka\u0144c\u00f3w identyfikuje si\u0119 jako Hiszpanie lub Latynosi, co odzwierciedla t\u0119tni\u0105c\u0105 \u017cyciem spo\u0142eczno\u015b\u0107 latynosk\u0105, a oko\u0142o 62% to biali (nie-Latynosi). Ze starsz\u0105 \u015bredni\u0105 wieku (oko\u0142o po\u0142owy 45. roku \u017cycia) i w du\u017cej mierze lokaln\u0105 si\u0142\u0105 robocz\u0105, Glenwood Springs sprawia wra\u017cenie samowystarczalnego g\u00f3rskiego miasteczka \u2013 jego g\u0142\u00f3wne ga\u0142\u0119zie przemys\u0142u to opieka zdrowotna (szpital Valley View jest du\u017cym pracodawc\u0105), hotelarstwo (zakwaterowanie, gastronomia) i turystyka na \u015bwie\u017cym powietrzu (o\u015brodki narciarskie, firmy zajmuj\u0105ce si\u0119 raftingiem).<\/p>\n<p>Glenwood Springs le\u017cy w \u015brodkowym Kolorado, oko\u0142o 150 mil na zach\u00f3d od Denver wzd\u0142u\u017c autostrady mi\u0119dzystanowej 70. Jest schowane w surowym kanionie Glenwood \u2014 malowniczym korytarzu rzeki Kolorado otoczonym przez wznosz\u0105ce si\u0119 czerwone \u015bciany klif\u00f3w. Miasto jest zachodni\u0105 bram\u0105 do w\u0119z\u0142a dolin: st\u0105d jedna autostrada prowadzi na po\u0142udnie do Aspen (wspania\u0142e warunki narciarskie), druga na p\u00f3\u0142nocny zach\u00f3d w kierunku Vail, a I-70 na wsch\u00f3d do wysokiej pustyni. Okoliczny krajobraz jest klasycznym krajobrazem g\u00f3rskim: zbocza g\u00f3r poro\u015bni\u0119te sosnami i d\u0119bami, dramatyczne piaskowcowe mesy i wyrze\u017abiony przez lodowiec dzia\u0142 wodny Hanging Lake na p\u00f3\u0142nocnym wschodzie. Geologia regionu jest aktywna \u2014 gor\u0105ce \u017ar\u00f3d\u0142a dos\u0142ownie bulgocz\u0105 przez uskoki i ska\u0142y wapienne. Klimat Glenwood jest kontynentalny: zimy s\u0105 zimne i \u015bnie\u017cne (cho\u0107 \u0142agodniejsze ni\u017c na Front Range w Kolorado), a lata s\u0105 ciep\u0142e i stosunkowo suche. Wok\u00f3\u0142 miasta wyst\u0119puje wiele mikroklimat\u00f3w \u2014 obszary blisko rzeki s\u0105 zazwyczaj ch\u0142odniejsze i bardziej zielone ni\u017c suchsze szczyty p\u0142askowy\u017cu. Og\u00f3lnie rzecz bior\u0105c, mo\u017cna spodziewa\u0107 si\u0119 intensywnego s\u0142o\u0144ca w ci\u0105gu dnia, ch\u0142odnych nocy i prawdopodobie\u0144stwa popo\u0142udniowych burz latem. Wiosna i jesie\u0144 to cz\u0119sto kr\u00f3tkie sezony przej\u015bciowe. W praktyce pogoda jest na og\u00f3\u0142 wystarczaj\u0105co \u0142agodna, aby uprawia\u0107 turystyk\u0119 przez ca\u0142y rok: tury\u015bci, narciarze i bywalcy uzdrowisk gromadz\u0105 si\u0119 tutaj w r\u00f3\u017cnych porach roku.<\/p>\n<p>Historia Glenwood Springs jest przeplatana opowie\u015bciami o pionierach i pionierach. Pocz\u0105tkowo nazywane \u201eBarlow\u201d na cze\u015b\u0107 poszukiwacza Jacoba Barlowa (kt\u00f3ry odkry\u0142 s\u0142ynne gor\u0105ce \u017ar\u00f3d\u0142a w 1883 r.), miasto zmieni\u0142o nazw\u0119 w 1884 r. na cze\u015b\u0107 rodzinnego miasta Barlowa, Glenwood w stanie Iowa. Szybko rozros\u0142o si\u0119 wok\u00f3\u0142 leczniczych \u017ar\u00f3de\u0142: bogaci go\u015bcie budowali wspania\u0142e hotele, a po\u0142\u0105czenie kolejowe na linii Denver &amp; Rio Grande \u0142\u0105czy\u0142o je z reszt\u0105 Kolorado. W rzeczywisto\u015bci prezydent Theodore Roosevelt sp\u0119dzi\u0142 wakacje w Glenwood Springs w 1905 r., pomagaj\u0105c umie\u015bci\u0107 je na mapie jako narodowe miejsce wypoczynku. Miasto zosta\u0142o w\u0142\u0105czone w 1886 r. i sta\u0142o si\u0119 w\u0119z\u0142em komunikacyjnym w G\u00f3rach Skalistych.<\/p>\n<p>Kluczowe punkty zwrotne obejmuj\u0105 wczesny rozw\u00f3j energetyki wodnej na pocz\u0105tku XX wieku (tama w Glenwood Canyon doprowadzi\u0142a elektryczno\u015b\u0107 w 1909 r.) i p\u00f3\u017aniejsz\u0105 budow\u0119 g\u0142\u00f3wnych autostrad. Pod koniec XX wieku to\u017csamo\u015b\u0107 Glenwood nieco zmieni\u0142a si\u0119 z uzdrowiska na baz\u0119 rekreacyjn\u0105. Nowe atrakcje, takie jak Glenwood Caverns Adventure Park (otwarty w latach 90. na Iron Mountain nad miastem) i przekszta\u0142cenie niekt\u00f3rych \u0142a\u017ani w miejsca rozrywki, urozmaici\u0142y jego atrakcyjno\u015b\u0107. Co wa\u017cne, Glenwood Springs nigdy nie by\u0142o ca\u0142kowicie zamykane zim\u0105 (w przeciwie\u0144stwie do niekt\u00f3rych miasteczek narciarskich), wi\u0119c rozwin\u0119\u0142o stabiln\u0105 gospodark\u0119 nap\u0119dzan\u0105 przez mieszka\u0144c\u00f3w. Kr\u00f3tko m\u00f3wi\u0105c, od korzeni jako XIX-wiecznego uzdrowiska do obecnej roli bramy do uprawiania narciarstwa i pieszych w\u0119dr\u00f3wek, historia Glenwood Springs to historia sta\u0142ego ponownego wynalezienia. Dzi\u015b jego XX-wieczne dziedzictwo przetrwa\u0142o w ceglano-drewnianych budynkach \u0142a\u017ani na Bathhouse Row, w stuletnich hotelach i w etosie spo\u0142eczno\u015bci, kt\u00f3ra ceni zar\u00f3wno dziedzictwo, jak i \u017cycie na \u015bwie\u017cym powietrzu.<\/p>\n<p>Glenwood Springs ma charakter ma\u0142ego miasteczka w stylu westernu z przyjaznym, \u015bwie\u017cym powietrzem. Oficjalnym j\u0119zykiem jest angielski, a przy 37% populacji Latynos\u00f3w, hiszpa\u0144ski jest r\u00f3wnie\u017c do\u015b\u0107 cz\u0119sto s\u0142yszany. Spo\u0142eczno\u015b\u0107 celebruje s\u0142ynn\u0105 lokaln\u0105 tradycj\u0119: festiwal Strawberry Days, wielodniowe wydarzenie letnie za\u0142o\u017cone w 1898 roku, kt\u00f3re jest najstarszym miejskim \u015bwi\u0119tem w Kolorado. (Nazwa festiwalu nawi\u0105zuje do historycznych farm truskawek w dolinie). Poza tym lokalna kultura \u0142\u0105czy klasyczne elementy g\u00f3rskiego miasteczka \u2013 troch\u0119 ducha kowbojskiego rodeo, histori\u0119 g\u00f3rnictwa i legendy o pograniczu \u2013 z kultur\u0105 narciarzy i przewodnik\u00f3w rzecznych. \u017bycie codzienne tutaj toczy si\u0119 w zrelaksowanym rytmie g\u00f3rskim: ludzie cz\u0119sto s\u0105 widywani w swobodnym stroju turystycznym (buty trekkingowe lub koszulki z logo narciarskimi), a centrami towarzyskimi s\u0105 nadrzeczne kawiarnie, browary i parki, a nie bary lub kluby nocne. Spacer wzd\u0142u\u017c Grand Avenue (uroczej g\u0142\u00f3wnej ulicy) ujawnia galerie sztuki, ksi\u0119garnie oraz mieszank\u0119 starych lokali z grillem i nowych bistro dla smakoszy \u2013 pokazuj\u0105c, jak miasto \u0142\u0105czy tradycj\u0119 z mod\u0105.<\/p>\n<p>Mieszka\u0144cy s\u0105 zazwyczaj otwarci i go\u015bcinni. Rowerzy\u015bci, wspinacze i osoby wyprowadzaj\u0105ce psy cz\u0119sto zatrzymuj\u0105 si\u0119, \u017ceby pogaw\u0119dzi\u0107. Dwupi\u0119trowe budynki Glenwood i obsadzone drzewami ulice tworz\u0105 atmosfer\u0119 ludzkiej skali. Tempo jest niespieszne: obfite opady \u015bniegu sprawiaj\u0105, \u017ce ludzie planuj\u0105 powolne zimowe projekty, podczas gdy d\u0142ugie letnie wieczory zach\u0119caj\u0105 do spotka\u0144 przy grillu i bezp\u0142atnych koncert\u00f3w na \u015bwie\u017cym powietrzu. By\u0107 mo\u017ce ze wzgl\u0119du na histori\u0119 \u017ar\u00f3de\u0142 leczniczych istnieje r\u00f3wnie\u017c holistyczny nurt \u2013 lokalne kliniki i studia jogi wsp\u00f3\u0142istniej\u0105 z organizatorami wypraw w\u0119dkarskich. Podsumowuj\u0105c, \u201eatmosfera\u201d Glenwood Springs to dobre samopoczucie i przygoda: miejsce, w kt\u00f3rym rodziny mieszkaj\u0105 od pokole\u0144, ale gdzie przybysz\u00f3w przyci\u0105gaj\u0105 b\u0142\u0119kitne rzeki, jazda na nartach w ci\u0105gu godziny oraz reputacja dobrego zdrowia i zabawy na \u015bwie\u017cym powietrzu.<\/p>\n<p>Niezb\u0119dne atrakcje Glenwood Springs s\u0105 zwi\u0105zane z wodami i g\u00f3rami. Glenwood Hot Springs Resort jest legendarny: zawiera \u201eGrand Pool\u201d, kt\u00f3ry jest znany na ca\u0142ym \u015bwiecie jako najwi\u0119kszy na \u015bwiecie basen z gor\u0105cymi \u017ar\u00f3d\u0142ami mineralnymi. Zasilany naturalnymi \u017ar\u00f3d\u0142ami o temperaturze 122\u00b0F i ch\u0142odzony do przyjemnych 104\u00b0F do p\u0142ywania, Main Pool mie\u015bci ponad milion galon\u00f3w wody mineralnej. K\u0105piel w tych wodach termalnych to rytua\u0142 si\u0119gaj\u0105cy czas\u00f3w Indian Ute i wczesnych osadnik\u00f3w. Obok znajduje si\u0119 historyczne Yampah Spa &amp; Vapor Caves, kt\u00f3re oferuje inne wyj\u0105tkowe do\u015bwiadczenie: kryte jaskinie termalne, w kt\u00f3rych wilgotne, ciep\u0142e powietrze i opary mineralne tworz\u0105 naturaln\u0105 saun\u0119. Na zwiedzanie mo\u017cna wsi\u0105\u015b\u0107 do kolejki linowej do Glenwood Caverns Adventure Park. Po\u0142o\u017cony na szczycie Iron Mountain (na wysoko\u015bci 7100 st\u00f3p) park rozrywki oferuje wycieczki po jaskiniach przez staro\u017cytne wapienne jaskinie i ekscytuj\u0105ce przeja\u017cd\u017cki (kolejka g\u00f3rska i gigantyczna hu\u015btawka) ze spektakularnymi widokami na kanion.<\/p>\n<p>Kr\u00f3tki przejazd samochodem zaprowadzi Ci\u0119 do Hanging Lake, jednego z najs\u0142ynniejszych szlak\u00f3w turystycznych w Kolorado. W\u0105ski, 1,2-milowy szlak wspina si\u0119 na wysoko\u015b\u0107 oko\u0142o 1000 st\u00f3p do czystego, turkusowego jeziora po\u0142o\u017conego na tle wodospad\u00f3w i trawertynowych \u015bcian skalnych. (Wymagane s\u0105 zezwolenia na w\u0119dr\u00f3wki, poniewa\u017c jezioro jest chronionym Narodowym Pomnikiem Przyrody.) Inne atrakcje na \u015bwie\u017cym powietrzu to Sunlight Mountain Resort (lokalny o\u015brodek narciarski na p\u00f3\u0142nocny wsch\u00f3d od miasta) i \u015bwiatowej klasy rafting na rzece Kolorado przez Glenwood Canyon (malownicze bystrza otoczone czerwonymi klifami). W mie\u015bcie spacer wzd\u0142u\u017c Grand Avenue ujawnia wiktoria\u0144sk\u0105 architektur\u0119 \u0142a\u017ani, lokalne sklepy i kawiarnie. Nie przegap Hahn&#039;s Peak Park w centrum miasta \u2013 to ma\u0142y, ale klasyczny park g\u00f3rski po\u0142o\u017cony tu\u017c przy rzece.<\/p>\n<p>Glenwood Springs ma r\u00f3wnie\u017c atrakcje kulturalne: zabytkowy Hotel Colorado (w kt\u00f3rym kiedy\u015b mieszka\u0142 Teddy Roosevelt) mie\u015bci muzeum lokalnej historii. Glenwood Vaudeville Revue to popularny teatr-restauracja, kt\u00f3ry oddaje dawny urok Glenwood. A osoby lubi\u0105ce sp\u0119dza\u0107 czas na \u015bwie\u017cym powietrzu powinny skorzysta\u0107 z nowego Glenwood Canyon Recreation Path \u2013 utwardzonej \u015bcie\u017cki rowerowej wzd\u0142u\u017c rzeki Kolorado. Podsumowuj\u0105c, \u201enajwa\u017cniejsze atrakcje\u201d Glenwood s\u0105 zbudowane wok\u00f3\u0142 wody i przygody: \u017ar\u00f3d\u0142a, g\u00f3rskie panoramy, alpejskie jaskinie i szlaki. Dzi\u0119ki temu nawet to ma\u0142e miasteczko wydaje si\u0119 miejscem na wakacje w jednym.<\/p>\n<p>Glenwood Springs nie ma w\u0142asnego du\u017cego lotniska. Najbli\u017csze loty komercyjne s\u0105 do Denver International (oko\u0142o 220 mil) lub Colorado Springs (210 mil). Jednak aby mie\u0107 do niego bli\u017cszy dost\u0119p zim\u0105, podr\u00f3\u017cni cz\u0119sto lec\u0105 na lotnisko Eagle County Airport (Vail) lub Aspen\/Pitkin County Airport, a nast\u0119pnie jad\u0105 1\u20131,5 godziny autostrad\u0105 mi\u0119dzystanow\u0105 70 i drogami g\u00f3rskimi. Samochodem do Glenwood mo\u017cna \u0142atwo dotrze\u0107: znajduje si\u0119 przy zje\u017adzie 116 z I-70, 90 minut na wsch\u00f3d od Grand Junction i 25 minut na zach\u00f3d od Vail\/Aspen przez State Highway 82. Poci\u0105g California Zephyr Amtrak zatrzymuje si\u0119 w Glenwood Springs, oferuj\u0105c malownicz\u0105 opcj\u0119 kolejow\u0105 z Denver lub obszaru Zatoki San Francisco. Bustang, stanowa us\u0142uga autobusowa Kolorado i skibusy r\u00f3wnie\u017c obs\u0142uguj\u0105 miasto.<\/p>\n<p>Centrum Glenwood Springs jest do\u015b\u0107 kompaktowe i mo\u017cna tam doj\u015b\u0107 pieszo. Bezp\u0142atny autobus miejski (\u201eRide Glenwood\u201d) kursuje co 30 minut na p\u0119tli przez miasto, \u0142\u0105cz\u0105c obszary mieszkalne, sklepy i gor\u0105ce \u017ar\u00f3d\u0142a. Latem i zim\u0105 na szerokich chodnikach lub \u015bcie\u017cce rowerowej wzd\u0142u\u017c rzeki mo\u017cna zobaczy\u0107 wielu rowerzyst\u00f3w. Wi\u0119kszo\u015b\u0107 odwiedzaj\u0105cych wynajmuje jednak samoch\u00f3d, aby wybra\u0107 si\u0119 w okoliczne g\u00f3ry (chyba \u017ce zatrzymaj\u0105 si\u0119 w o\u015brodku narciarskim z w\u0142asnym transportem). Zim\u0105 drogi mog\u0105 by\u0107 \u015bliskie od \u015bniegu, wi\u0119c podczas jazdy na wi\u0119ksze wysoko\u015bci rozs\u0105dne jest u\u017cycie opon 4WD lub zimowych. Niekt\u00f3re atrakcje (takie jak pocz\u0105tek szlaku nad jeziorem Hanging) wymagaj\u0105 teraz transportu wahad\u0142owego lub p\u0142atnego parkingu; wiele firm oferuj\u0105cych sprz\u0119t i hoteli zapewnia us\u0142ugi transportu wahad\u0142owego dla narciarzy i piechur\u00f3w.<\/p>\n<p>Walut\u0105 s\u0105 dolary ameryka\u0144skie. Angielski jest wsz\u0119dzie, ale przy du\u017cej populacji hiszpa\u0144skoj\u0119zycznej, cz\u0119sto mo\u017cna us\u0142ysze\u0107 hiszpa\u0144ski. Napiwki w wysoko\u015bci ~18% w restauracjach i dla przewodnik\u00f3w s\u0105 standardem. Ubi\u00f3r jest swobodny na \u015bwie\u017cym powietrzu przez ca\u0142y rok: zim\u0105 pomy\u015bl o ubraniach warstwowych (g\u00f3rskie s\u0142o\u0144ce mo\u017ce by\u0107 nadal silne), a latem o kr\u00f3tkich spodenkach\/koszulce (ale zabierz kurtk\u0119 na ch\u0142odne noce). Szanuj natur\u0119: trzymaj si\u0119 szlak\u00f3w, zachowuj bezpieczn\u0105 odleg\u0142o\u015b\u0107 od dzikich zwierz\u0105t (w lasach \u017cyj\u0105 pumy i nied\u017awiedzie) i sprawdzaj pogod\u0119 przed w\u0119dr\u00f3wkami po g\u00f3rach \u2013 burze mog\u0105 szybko nadej\u015b\u0107. Zim\u0105 uwa\u017caj na lawiny, je\u015bli zapuszczasz si\u0119 poza ustalone obszary. G\u00f3rskie s\u0142o\u0144ce jest intensywne na wysoko\u015bci; krem \u200b\u200bz filtrem i kapelusze s\u0105 niezb\u0119dne. Na koniec, chocia\u017c Glenwood Springs jest stosunkowo bezpieczne, pami\u0119taj, \u017ce autostrady (zw\u0142aszcza I-70) s\u0105 zat\u0142oczone przez ci\u0119\u017car\u00f3wki. Korzystaj z przej\u015b\u0107 dla pieszych w mie\u015bcie i zawsze zapinaj pasy.<a href=\"https:\/\/travelshelper.com\/pl\/miejsca-docelowe\/ameryka-polnocna\/stany-zjednoczone-ameryki\/berkeley-springs\/\" target=\"_self\" aria-labelledby=\"uael-post-8997\"><br \/>\n<\/a><\/p>","protected":false},"excerpt":{"rendered":"<p>Glenwood Springs, t\u0119tni\u0105ca \u017cyciem gmina samorz\u0105dowa pe\u0142ni\u0105ca funkcj\u0119 hrabstwa Garfield, stolicy hrabstwa Kolorado, jest schowana na skrzy\u017cowaniu rzek Roaring Fork i Kolorado. Z 9963 mieszka\u0144cami wed\u0142ug spisu ludno\u015bci Stan\u00f3w Zjednoczonych z 2020 r., to ma\u0142e, ale godne uwagi miasto jest w\u0119z\u0142em komunikacyjnym regionu. Glenwood Springs jest centralnym w\u0119z\u0142em komunikacyjnym mi\u0119dzy dolin\u0105 Roaring Fork a zbiorem mniejszych miasteczek rozsianych wzd\u0142u\u017c rzeki Kolorado; jego strategiczne po\u0142o\u017cenie pomaga wyja\u015bni\u0107 zar\u00f3wno jego historyczne, jak i wsp\u00f3\u0142czesne znaczenie.<\/p>","protected":false},"author":1,"featured_media":17477,"parent":8072,"menu_order":0,"comment_status":"closed","ping_status":"closed","template":"elementor_theme","meta":{"_eb_attr":"","footnotes":""},"class_list":["post-8949","page","type-page","status-publish","has-post-thumbnail"],"_links":{"self":[{"href":"https:\/\/travelshelper.com\/pl\/wp-json\/wp\/v2\/pages\/8949","targetHints":{"allow":["GET"]}}],"collection":[{"href":"https:\/\/travelshelper.com\/pl\/wp-json\/wp\/v2\/pages"}],"about":[{"href":"https:\/\/travelshelper.com\/pl\/wp-json\/wp\/v2\/types\/page"}],"author":[{"embeddable":true,"href":"https:\/\/travelshelper.com\/pl\/wp-json\/wp\/v2\/users\/1"}],"replies":[{"embeddable":true,"href":"https:\/\/travelshelper.com\/pl\/wp-json\/wp\/v2\/comments?post=8949"}],"version-history":[{"count":0,"href":"https:\/\/travelshelper.com\/pl\/wp-json\/wp\/v2\/pages\/8949\/revisions"}],"up":[{"embeddable":true,"href":"https:\/\/travelshelper.com\/pl\/wp-json\/wp\/v2\/pages\/8072"}],"wp:featuredmedia":[{"embeddable":true,"href":"https:\/\/travelshelper.com\/pl\/wp-json\/wp\/v2\/media\/17477"}],"wp:attachment":[{"href":"https:\/\/travelshelper.com\/pl\/wp-json\/wp\/v2\/media?parent=8949"}],"curies":[{"name":"wp","href":"https:\/\/api.w.org\/{rel}","templated":true}]}}