{"id":8943,"date":"2024-09-06T15:20:18","date_gmt":"2024-09-06T15:20:18","guid":{"rendered":"https:\/\/travelshelper.com\/staging\/?page_id=8943"},"modified":"2026-03-13T18:14:42","modified_gmt":"2026-03-13T18:14:42","slug":"tecopa","status":"publish","type":"page","link":"https:\/\/travelshelper.com\/pl\/destinations\/north-america\/united-states\/tecopa\/","title":{"rendered":"Tecopa"},"content":{"rendered":"<p>Tecopa to ma\u0142a spo\u0142eczno\u015b\u0107 pustynna, w 2020 r. jej populacja wynosi\u0142a zaledwie 120 os\u00f3b (w por\u00f3wnaniu z oko\u0142o 150 dekad\u0119 wcze\u015bniej). Dzi\u0119ki temu jest to jedno z najmniejszych miejsc w Kalifornii obj\u0119tych spisem powszechnym. Zdecydowana wi\u0119kszo\u015b\u0107 mieszka\u0144c\u00f3w to biali. Spis powszechny z 2010 r. wykaza\u0142, \u017ce oko\u0142o 79% z 150 mieszka\u0144c\u00f3w miasta zosta\u0142o zidentyfikowanych jako biali, a niewielki odsetek (\u22485%) stanowi\u0105 rdzenni Amerykanie, a niekt\u00f3rzy s\u0105 wielorasowi. Mniejszo\u015bci etniczne lub rasowe oraz Latynosi s\u0105 bardzo nieliczni (poni\u017cej 10% \u0142\u0105cznie). Mediana wieku jest wysoka \u2013 oko\u0142o 57\u201360 lat \u2013 co wskazuje na w du\u017cej mierze starsz\u0105 populacj\u0119. Wiele gospodarstw domowych to emeryci lub wieloletnie lokalne rodziny.<\/p>\n<p>Tecopa nie ma bazy przemys\u0142owej; jej gospodarka jest zorientowana na us\u0142ugi i turystyk\u0119. Historycznie by\u0142a to osada g\u00f3rnicza, ale od po\u0142owy XX wieku opiera si\u0119 na gor\u0105cych \u017ar\u00f3d\u0142ach, skromnym rolnictwie i us\u0142ugach dla odwiedzaj\u0105cych. Ma\u0142y biznes zwi\u0105zany z hodowl\u0105 daktyli (China Ranch) oraz kilka zajazd\u00f3w i restauracji obs\u0142uguje turyst\u00f3w. Mediana dochod\u00f3w gospodarstwa domowego jest niska (oko\u0142o 27 000 USD), a znaczna cz\u0119\u015b\u0107 mieszka\u0144c\u00f3w \u017cyje poni\u017cej granicy ub\u00f3stwa. Podsumowuj\u0105c, \u201eliczby\u201d Tecopa maluj\u0105 obraz bardzo ma\u0142ej, starzej\u0105cej si\u0119 wioski pustynnej zale\u017cnej od turystyki i lekkiego rolnictwa.<\/p>\n<p>Tecopa le\u017cy w po\u0142udniowo-wschodniej Kalifornii na pustyni Mojave, w hrabstwie Inyo. Znajduje si\u0119 na wysoko\u015bci oko\u0142o 2100 st\u00f3p w odleg\u0142ej suchej kotlinie, oko\u0142o 30 mil na zach\u00f3d od granicy z Nevad\u0105 i tu\u017c za Parkiem Narodowym Doliny \u015amierci. Krajobraz jest surowy i nier\u00f3wny: p\u0142askie, pustynne dno otoczone stromymi g\u00f3rami (pasma Nopah i Panamint le\u017c\u0105 na zachodzie i p\u00f3\u0142nocy) i przeci\u0119te wapiennymi kanionami. Rzeka Amargosa przep\u0142ywa sezonowo przez g\u0142\u0119boki w\u0105w\u00f3z w pobli\u017cu. Do tej odleg\u0142ej plac\u00f3wki mo\u017cna dojecha\u0107 tylko kr\u0119tymi autostradami stanowymi (CA-127 z p\u00f3\u0142nocy\/po\u0142udnia lub CA-178 z zachodu).<\/p>\n<p>Tecopa le\u017cy na rozleg\u0142ym pustynnym p\u0142askowy\u017cu pod rozleg\u0142ym niebem. Na wschodzie wznosz\u0105 si\u0119 G\u00f3ry Bia\u0142e, a tu\u017c za nimi na p\u00f3\u0142nocnym wschodzie le\u017cy pasmo g\u00f3rskie Salt Springs w Nevadzie. China Ranch z palmami daktylowymi i bujn\u0105 zieleni\u0105 le\u017cy pi\u0119\u0107 mil na po\u0142udnie wzd\u0142u\u017c odnogi rzeki Amargosa. Najbli\u017csze prawdziwe miasta to Pahrump NV (oko\u0142o 60 mil na wsch\u00f3d) i Shoshone CA (5 mil na p\u00f3\u0142noc).<\/p>\n<p>Klimat jest suchy, pustynny. Lata s\u0105 bardzo gor\u0105ce; \u015brednie maksima w lipcu przekraczaj\u0105 100\u00b0F, a szczyty w \u015brodku lata mog\u0105 osi\u0105gn\u0105\u0107 110\u00b0F. Niebo jest prawie zawsze czyste, a opady deszczu s\u0105 minimalne (Tecopa \u015brednio tylko oko\u0142o 5 cali rocznie). Zimy s\u0105 \u0142agodne jak na standardy kontynentalne; dzienne maksima mog\u0105 osi\u0105gn\u0105\u0107 60\u00b0F, a noce mro\u017ane (30\u00b0F) s\u0105 mo\u017cliwe. \u015anieg jest praktycznie nieobecny. Kr\u00f3tko m\u00f3wi\u0105c, Tecopa jest nara\u017cona na ekstremalne warunki pogodowe pustyni: pal\u0105ce s\u0142o\u0144ce w dzie\u0144, ostre ch\u0142odzenie w nocy, praktycznie bez opad\u00f3w.<\/p>\n<p>Historia Tecopa ma swoje korzenie zar\u00f3wno w rdzennym dziedzictwie, jak i w przedsi\u0119biorczo\u015bci na pograniczu. Indianie (plemiona Koso i Chemehuevi) znali te \u017ar\u00f3d\u0142a od stuleci. W po\u0142owie XIX wieku niedaleko st\u0105d przebiega\u0142 Stary Szlak Hiszpa\u0144ski, a pionierzy podr\u00f3\u017cuj\u0105cy szlakami Mojave i Owens Valley musieli zna\u0107 tamtejsze wody (nazwa Tecopa upami\u0119tnia lokalnego wodza Paiute). W latach 70. XIX wieku poszukiwacze minera\u0142\u00f3w odkryli z\u0142o\u017ca srebra i o\u0142owiu w pobliskich g\u00f3rach.<\/p>\n<p>W latach 1875\u20131877 bracia William i Wallace Brown otworzyli kopalni\u0119 o\u0142owiu i srebra w miejscu zwanym Brownsville (p\u00f3\u017aniej Tecopa Heights). Jonas Osborne kupi\u0142 kopalni\u0119 i w 1877 r. zmieni\u0142 nazw\u0119 osady na \u201eTecopa\u201d na cze\u015b\u0107 lokalnego wodza. W tym samym roku otwarto urz\u0105d pocztowy, co oznacza\u0142o oficjalne uznanie obozu. Jednak wczesny boom g\u00f3rniczy by\u0142 kr\u00f3tki i nieregularny; w 1879 r. ruda si\u0119 wyczerpa\u0142a, a pole by\u0142o w du\u017cej mierze opustosza\u0142e.<\/p>\n<p>Tecopa przetrwa\u0142a jako male\u0144ka stacja hodowlana i \u017ar\u00f3dlana. W 1907 roku do tego obszaru dotar\u0142a kolej Tonopah and Tidewater Railroad (omijaj\u0105c kraw\u0119d\u017a Doliny \u015amierci), przywracaj\u0105c Tecopa do \u017cycia jako kr\u00f3tki przystanek kolejowy. Otwarto nowy urz\u0105d pocztowy, \u0142\u0105cz\u0105cy go z krajowymi sieciami pocztowymi. Jednak w latach 30. nawet kolej zosta\u0142a zamkni\u0119ta, a Tecopa zn\u00f3w podupad\u0142a.<\/p>\n<p>Nowoczesna era rozpocz\u0119\u0142a si\u0119 po 1957 roku, kiedy zamkni\u0119to pobliskie kopalnie (kopalnie talku na wzg\u00f3rzu Talc Hill). W latach 60. i 70. rz\u0105d federalny sprzeda\u0142 grunty stanowe wok\u00f3\u0142 gor\u0105cych \u017ar\u00f3de\u0142, otwieraj\u0105c obszar na prywatny rozw\u00f3j. Przedsi\u0119biorcy zbudowali ma\u0142e uzdrowiska i motele w pobli\u017cu naturalnych \u017ar\u00f3de\u0142. Pod koniec XX wieku Tecopa przekszta\u0142ci\u0142a si\u0119 w o\u015brodek termalny: otwarto Tecopa Hot Springs (\u0142a\u017anie publiczne), a wok\u00f3\u0142 ciep\u0142ych w\u00f3d mineralnych powsta\u0142o kilka rustykalnych o\u015brodk\u00f3w (Tecopa Spa, obiekty w China Ranch i inne). DNA miasta zmieni\u0142o si\u0119 z plac\u00f3wki g\u00f3rniczej w spo\u0142eczno\u015b\u0107 uzdrowiskow\u0105. Dzi\u015b jego historia odbija si\u0119 echem w kilku starych budynkach i opuszczonych kopalniach, ale fascynuj\u0105cym punktem orientacyjnym jest nadal zestaw naturalnych gor\u0105cych \u017ar\u00f3de\u0142, kt\u00f3re uczyni\u0142y Tecopa azylem na pustyni.<\/p>\n<p>Tecopa jest tak cicha i rzadka jak jej krajobraz, z wyluzowanym, wiejskim charakterem. J\u0119zyk i ludzie: Angielski jest tutaj powszechny; praktycznie ka\u017cdy m\u00f3wi po angielsku w domu. Spo\u0142eczno\u015b\u0107 jest ma\u0142a i przewa\u017cnie starsza. Miejscowi witaj\u0105 nieznajomych z \u0142atw\u0105 serdeczno\u015bci\u0105 ma\u0142ego miasteczka w Ameryce, ale \u017cycie tutaj toczy si\u0119 w niespiesznym rytmie. Jeden z go\u015bci zauwa\u017cy\u0142, \u017ce tempo jest \u201ewolne od zachodu s\u0142o\u0144ca\u201d: popo\u0142udnia mijaj\u0105, a cisz\u0119 przerywa jedynie upa\u0142.<\/p>\n<p>Mimo swoich rozmiar\u00f3w Tecopa organizuje kilka lokalnych wydarze\u0144. Co roku w listopadzie ochotnicza stra\u017c po\u017carna organizuje \u201eFirehouse Fling\u201d \u2013 kolacj\u0119 z posi\u0142kami i ta\u0144cem, kt\u00f3ra zbiera fundusze na stra\u017c po\u017carn\u0105. Od 2014 r. miasto organizuje r\u00f3wnie\u017c Tecopa Takeover Music Festival, niewielkie spotkanie lokalnych i przyjezdnych muzyk\u00f3w prezentuj\u0105cych korzenie i brzmienia ludowe. Wydarzenia te odzwierciedlaj\u0105 ducha DIY Tecopa i jej cel utrzymania silnych wi\u0119zi spo\u0142eczno\u015bci w odleg\u0142ym miejscu.<\/p>\n<p>Tecopa wydaje si\u0119 odizolowana, ale nie nieprzyjazna. Emanuje atmosfer\u0105 obozu granicznego: zakurzone zachody s\u0142o\u0144ca, rozrzucone palmy i kaktusy, sporadyczny grzmot przeje\u017cd\u017caj\u0105cego pickupa. Noc\u0105 rozgwie\u017cd\u017cone niebo jest rozleg\u0142e i ol\u015bniewaj\u0105ce. Nie ma tu prawdziwego \u017cycia nocnego; wieczory sp\u0119dza si\u0119 w ciszy (cz\u0119sto przy gor\u0105cych \u017ar\u00f3d\u0142ach w blasku ksi\u0119\u017cyca). Brak t\u0142um\u00f3w \u2013 a nawet sygnalizacji \u015bwietlnej czy stacji benzynowych \u2013 jest namacalny. Mimo to odwiedzaj\u0105cy cz\u0119sto donosz\u0105, \u017ce miejscowi s\u0105 przyja\u017ani i ciekawi: mo\u017cesz zosta\u0107 zaproszony na pogaw\u0119dk\u0119 w kawiarni lub przy \u017ar\u00f3d\u0142ach albo zapytany o \u017cycie w \u201emie\u015bcie\u201d za pustyni\u0105. Kr\u00f3tko m\u00f3wi\u0105c, Tecopa wydaje si\u0119 odleg\u0142a i kontemplacyjna. To miejsce, w kt\u00f3rym codzienne czynno\u015bci s\u0105 podyktowane konieczno\u015bciami i natur\u0105 (podlewanie ro\u015blin, sprawdzanie poczty, relaks przy ciep\u0142ym \u017ar\u00f3dle), a nie zegarami i samochodami du\u017cego miasta.<\/p>\n<p>Tecopa przyci\u0105ga swoim naturalnym otoczeniem. Gor\u0105ce \u017ar\u00f3d\u0142a s\u0105 g\u0142\u00f3wn\u0105 atrakcj\u0105: kilka basen\u00f3w geotermalnych i spa w mie\u015bcie pozwala turystom moczy\u0107 si\u0119 w wodzie mineralnej przez ca\u0142y rok. W publicznym Tecopa Hot Springs State Recreation Area mo\u017cna k\u0105pa\u0107 si\u0119 w skromnych basenach na \u015bwie\u017cym powietrzu zasilanych wod\u0105 z Furnace Creek Ranch Hot Springs (dawniej Tecopa Hot Springs). Kr\u00f3tki przejazd na po\u0142udnie prowadzi do China Ranch Date Farm, nieoczekiwanej oazy z bujnymi palmami daktylowymi. Odwiedzaj\u0105cy mog\u0105 tam spacerowa\u0107 po gaju drzew daktylowych, pr\u00f3bowa\u0107 koktajli daktylowych i w\u0119drowa\u0107 wzd\u0142u\u017c rzeki Amargosa.<\/p>\n<p>Za \u017ar\u00f3d\u0142ami, w niewielkiej odleg\u0142o\u015bci jazdy samochodem (oko\u0142o 40 mil na p\u00f3\u0142noc) znajduje si\u0119 Park Narodowy Doliny \u015amierci. Wiele os\u00f3b traktuje Tecopa jako malownicz\u0105 plac\u00f3wk\u0119 w pobli\u017cu parku. Jednodniowa wycieczka do Doliny \u015amierci ukazuje spektakularne krajobrazy (Badwater Basin, Zabriskie Point, wydmy Mesquite Flat itp.), kt\u00f3re stanowi\u0105 dramatyczne uzupe\u0142nienie ciszy ma\u0142ego miasteczka Tecopa.<\/p>\n<p>W pobli\u017cu Shoshone, zaledwie 5 mil na p\u00f3\u0142noc, znajduje si\u0119 Shoshone Museum (w historycznym czteropokojowym hotelu), kt\u00f3re oferuje artefakty g\u00f3rnicze i india\u0144skie, nadaj\u0105c kontekst historii regionu. Mi\u0142o\u015bnicy przyrody r\u00f3wnie\u017c znajd\u0105 tu atrakcje: Spring Mountain Ranch i Amargosa Chaos to kr\u00f3tkie w\u0119dr\u00f3wki przez kaniony, a Grimshaw Lake (rzadki zbiornik pustynny) jest czasami u\u017cywany przez narciarzy wodnych.<\/p>\n<p>Podsumowuj\u0105c, atrakcje, kt\u00f3rych nie mo\u017cna przegapi\u0107 to:<\/p>\n<ul>\n<li>K\u0105piel w publicznych i uzdrowiskowych gor\u0105cych \u017ar\u00f3d\u0142ach Tecopa (cz\u0119sto wymieniany jako pow\u00f3d, dla kt\u00f3rego ludzie tu przyje\u017cd\u017caj\u0105).<\/li>\n<li>Zwiedzanie Parku Narodowego Doliny \u015amierci, do kt\u00f3rego mo\u017cna dotrze\u0107 z miasta.<\/li>\n<li>Wizyta w China Ranch, degustacja produkt\u00f3w daktylowych i spacer brzegiem rzeki.<\/li>\n<li>Zwiedzanie ma\u0142ego Muzeum Szoszon\u00f3w, gdzie mo\u017cna zapozna\u0107 si\u0119 z lokaln\u0105 histori\u0105.<\/li>\n<li>Jazda terenowa po pobliskich wydmach Dumont (dla pojazd\u00f3w terenowych) lub piesze w\u0119dr\u00f3wki malowniczymi szlakami pustynnymi.<br \/>\nKa\u017cde z nich odzwierciedla charakterystyczne dla Tecopy po\u0142\u0105czenie surowej przyrody i osobliwego uroku ma\u0142ego miasteczka.<\/li>\n<\/ul>\n<p>W samym Tecopa nie ma lotniska ani stacji kolejowej. Wi\u0119kszo\u015b\u0107 odwiedzaj\u0105cych przyje\u017cd\u017ca samochodem. Miasto le\u017cy na skrzy\u017cowaniu autostrad CA 127 i 178. Na zach\u00f3d (po\u0142udnie) autostrada 178 prowadzi 90 mil do Kalifornii przez Inyokern (z dost\u0119pem do obszaru Ridgecrest), podczas gdy na wsch\u00f3d (p\u00f3\u0142noc) autostrada 127 \u0142\u0105czy si\u0119 z Nevad\u0105 i autostrad\u0105 mi\u0119dzystanow\u0105 15 w Baker. Najbli\u017csze du\u017ce lotniska znajduj\u0105 si\u0119 w Las Vegas, NV (McCarran International, ~120 mil na wsch\u00f3d) lub Los Angeles, CA (LAX, ~230 mil na po\u0142udniowy zach\u00f3d). Bli\u017csze lotniska regionalne to Bishop (na p\u00f3\u0142nocy) lub mniejszy terminal Las Vegas. Nie ma tu pasa\u017cerskiego po\u0142\u0105czenia kolejowego.<\/p>\n<p>Sama Tecopa jest niezwykle ma\u0142a i w du\u017cej mierze dost\u0119pna pieszo (sklep, kawiarnia, spa i noclegi skupiaj\u0105 si\u0119 wzd\u0142u\u017c jednej g\u0142\u00f3wnej ulicy). Jednak samoch\u00f3d jest niezb\u0119dny do zwiedzania poza miastem. Nale\u017cy zauwa\u017cy\u0107, \u017ce lokalny \u201etransport publiczny\u201d jest minimalny: autobus kursuj\u0105cy dwa razy w miesi\u0105cu \u0142\u0105czy\u0142 Tecopa z Pahrump, NV (przez Eastern Sierra Transit), ale us\u0142uga zosta\u0142a zawieszona. Wynaj\u0119te samochody lub pojazdy osobowe to jedyny praktyczny spos\u00f3b na odwiedzenie gor\u0105cych \u017ar\u00f3de\u0142 i okolicznych atrakcji. W miejscach takich jak Dumont Dunes potrzebne s\u0105 pojazdy terenowe. Warunki drogowe s\u0105 na og\u00f3\u0142 dobre (dwupasmowe autostrady), ale kierowcy powinni uwa\u017ca\u0107 na w\u0119druj\u0105ce zwierz\u0119ta gospodarskie lub dzikie w nocy na pustyni.<\/p>\n<p>Walut\u0105 s\u0105 dolary ameryka\u0144skie, a j\u0119zykiem podstawowym angielski. Odwiedzaj\u0105cy powinni przygotowa\u0107 si\u0119 na warunki pustynne: zabierz ze sob\u0105 wod\u0119, no\u015b ochron\u0119 przeciws\u0142oneczn\u0105 i unikaj wysi\u0142ku na zewn\u0105trz w czasie letniego upa\u0142u w po\u0142udnie. Zasi\u0119g telefonii kom\u00f3rkowej jest s\u0142aby; w niekt\u00f3rych obszarach mo\u017ce nie by\u0107 sygna\u0142u. Najbli\u017csze sklepy spo\u017cywcze znajduj\u0105 si\u0119 w Pahrump, NV lub Bishop, CA, wi\u0119c odpowiednio zaplanuj zaopatrzenie.<\/p>\n<p>Tecopa jest bardzo bezpieczna wed\u0142ug og\u00f3lnych standard\u00f3w \u2013 przest\u0119pczo\u015b\u0107 praktycznie nie istnieje ze wzgl\u0119du na ma\u0142\u0105, z\u017cyt\u0105 spo\u0142eczno\u015b\u0107. S\u0105siedzi maj\u0105 tendencj\u0119 do ciep\u0142ego witania si\u0119; uprzejme \u201ecze\u015b\u0107\u201d w sklepie lub gor\u0105cych \u017ar\u00f3d\u0142ach jest powszechne. Przyjezdni znajd\u0105 ludzi pomocnych, ale pami\u0119taj, \u017ce to nie jest \u201emiasto wypoczynkowe\u201d w dopracowanym sensie: skromny ubi\u00f3r i spokojne maniery s\u0105 norm\u0105. Nie ma \u017cadnych prawnych dziwactw poza prawem kalifornijskim (przestrzegaj ogranicze\u0144 pr\u0119dko\u015bci i nie zak\u0142\u00f3caj spokoju dzikiej przyrody ani prywatnej w\u0142asno\u015bci). Kr\u00f3tko m\u00f3wi\u0105c, podejd\u017a do Tecopa jak do spokojnego, wiejskiego miejsca docelowego: b\u0105d\u017a przyjazny, utrzymuj spokojne tempo, a wpasujesz si\u0119 idealnie.<a href=\"https:\/\/travelshelper.com\/pl\/miejsca-docelowe\/ameryka-polnocna\/stany-zjednoczone-ameryki\/berkeley-springs\/\" target=\"_self\" aria-labelledby=\"uael-post-8997\"><br \/>\n<\/a><\/p>","protected":false},"excerpt":{"rendered":"<p>Tecopa to wyznaczone miejsce spisowe (CDP) po\u0142o\u017cone na pustyni Mojave, w po\u0142udniowo-wschodniej cz\u0119\u015bci hrabstwa Inyo w Kalifornii. Charakteryzuj\u0105ce si\u0119 historycznym znaczeniem i naturalnym pi\u0119knem, to ma\u0142e miasteczko zmieni\u0142o si\u0119 znacz\u0105co na przestrzeni lat. Odzwierciedlaj\u0105c zwyczaje i kultur\u0119 Indian Koso i Chemehuevi, przesz\u0142o\u015b\u0107 Tecopa jest \u015bci\u015ble spleciona z ich przesz\u0142o\u015bci\u0105. Nap\u0119dzany mo\u017cliwo\u015bci\u0105 wydobycia bogactw mineralnych z pobliskich kopalni, obszar ten odnotowa\u0142 znaczny wzrost liczby pionier\u00f3w pod koniec XIX wieku.<\/p>","protected":false},"author":1,"featured_media":17576,"parent":8072,"menu_order":0,"comment_status":"closed","ping_status":"closed","template":"elementor_theme","meta":{"_eb_attr":"","footnotes":""},"class_list":["post-8943","page","type-page","status-publish","has-post-thumbnail"],"_links":{"self":[{"href":"https:\/\/travelshelper.com\/pl\/wp-json\/wp\/v2\/pages\/8943","targetHints":{"allow":["GET"]}}],"collection":[{"href":"https:\/\/travelshelper.com\/pl\/wp-json\/wp\/v2\/pages"}],"about":[{"href":"https:\/\/travelshelper.com\/pl\/wp-json\/wp\/v2\/types\/page"}],"author":[{"embeddable":true,"href":"https:\/\/travelshelper.com\/pl\/wp-json\/wp\/v2\/users\/1"}],"replies":[{"embeddable":true,"href":"https:\/\/travelshelper.com\/pl\/wp-json\/wp\/v2\/comments?post=8943"}],"version-history":[{"count":0,"href":"https:\/\/travelshelper.com\/pl\/wp-json\/wp\/v2\/pages\/8943\/revisions"}],"up":[{"embeddable":true,"href":"https:\/\/travelshelper.com\/pl\/wp-json\/wp\/v2\/pages\/8072"}],"wp:featuredmedia":[{"embeddable":true,"href":"https:\/\/travelshelper.com\/pl\/wp-json\/wp\/v2\/media\/17576"}],"wp:attachment":[{"href":"https:\/\/travelshelper.com\/pl\/wp-json\/wp\/v2\/media?parent=8943"}],"curies":[{"name":"wp","href":"https:\/\/api.w.org\/{rel}","templated":true}]}}