{"id":8931,"date":"2024-09-06T14:44:36","date_gmt":"2024-09-06T14:44:36","guid":{"rendered":"https:\/\/travelshelper.com\/staging\/?page_id=8931"},"modified":"2026-03-13T17:36:17","modified_gmt":"2026-03-13T17:36:17","slug":"calistoga","status":"publish","type":"page","link":"https:\/\/travelshelper.com\/pl\/destinations\/north-america\/united-states\/calistoga\/","title":{"rendered":"Calistoga"},"content":{"rendered":"<p>Calistoga w Kalifornii to ma\u0142e uzdrowisko i miasto winiarskie s\u0142yn\u0105ce z gor\u0105cych \u017ar\u00f3de\u0142 i zrelaksowanego stylu \u017cycia w Napa Valley. Po\u0142o\u017cone na p\u00f3\u0142nocnym kra\u0144cu Napa Valley, Calistoga ma tylko oko\u0142o 5200 mieszka\u0144c\u00f3w (spis z 2020 r.). Jej populacja ro\u015bnie w weekendy dzi\u0119ki turystom i odwiedzaj\u0105cym region winiarski. Miasto zajmuje oko\u0142o 1,8 mili kwadratowej w hrabstwie Napa, oko\u0142o 75 mil na p\u00f3\u0142noc od San Francisco. Znajduje si\u0119 u podn\u00f3\u017ca g\u00f3r Mayacamas (cz\u0119\u015b\u0107 pasma Coast Range), a na p\u00f3\u0142nocy g\u00f3ruje Mount St. Helena (4300 st\u00f3p). Winnice i tereny rolnicze otaczaj\u0105 s\u0142oneczne dno doliny Calistoga, a miasto znajduje si\u0119 tu\u017c na wsch\u00f3d od rzeki Napa.<\/p>\n<p><strong>Calistoga w liczbach:<\/strong><\/p>\n<ul>\n<li><strong>Populacja:<\/strong> ~5228 (2020). Pod wzgl\u0119dem rasy\/pochodzenia etnicznego jest to oko\u0142o 53% niehiszpa\u0144skoj\u0119zycznych bia\u0142ych i oko\u0142o 45% Hiszpan\u00f3w lub Latynos\u00f3w (dowolnej rasy). Mediana wieku jest wysoka (~49 lat) \u2013 mieszka tu wielu emeryt\u00f3w i winiarzy.<\/li>\n<li><strong>Gospodarka:<\/strong> Turystyka nap\u0119dza gospodark\u0119 Calistogi. Odwiedzaj\u0105cy przyje\u017cd\u017caj\u0105 tu dla gor\u0105cych \u017ar\u00f3de\u0142, uzdrowisk i winiarni. Miasto wspiera r\u00f3wnie\u017c niekt\u00f3re restauracje, butiki i ma\u0142\u0105 produkcj\u0119 (np. butelkowan\u0105 wod\u0119 mineraln\u0105). Od wczesnych dni g\u00f3rnictwa (z\u0142ota i rt\u0119ci) i hodowli, lokalna gospodarka przestawi\u0142a si\u0119 na rekreacj\u0119 i upraw\u0119 winoro\u015bli. Obecnie dominuj\u0105 miejsca pracy w bran\u017cy hotelarskiej i produkcja wina. Mediana dochodu gospodarstwa domowego wynosi oko\u0142o 84 900 USD (2023).<\/li>\n<li><strong>Klimat:<\/strong> Calistoga ma klasyczny klimat \u015br\u00f3dziemnomorski. Lata s\u0105 bardzo gor\u0105ce i suche \u2013 temperatury mog\u0105 wzrosn\u0105\u0107 znacznie powy\u017cej 100 \u00b0F (Calistoga cz\u0119sto odnotowuje jedne z najwy\u017cszych temperatur w Napa; w rzeczywisto\u015bci odnotowano tu niekt\u00f3re z rekordowych temperatur Kalifornii). W lipcu i sierpniu dzienne maksima wynosz\u0105 \u015brednio oko\u0142o 90\u201395 \u00b0F, ale noce s\u0105 znacznie ch\u0142odniejsze. Zimy s\u0105 \u0142agodne i mokre, deszcz pada g\u0142\u00f3wnie od listopada do marca. Mrozy i przymrozki zdarzaj\u0105 si\u0119 rzadko (to jeden z powod\u00f3w, dla kt\u00f3rych uprawa winoro\u015bli kwitnie).<\/li>\n<\/ul>\n<p><strong>Lokalizacja:<\/strong> Calistoga le\u017cy w regionie North Bay w obszarze Zatoki San Francisco. Jest oko\u0142o 30 mil na p\u00f3\u0142noc od Santa Rosa i godzin\u0119 jazdy na p\u00f3\u0142nocny zach\u00f3d od regionalnego lotniska w hrabstwie Sonoma (STS). (Uwaga: lotnisko w San Francisco jest oko\u0142o 80 mil na po\u0142udnie.) Klimat i krajobraz miasta, w zale\u017cno\u015bci od adresu, s\u0105 typowe dla doliny w p\u00f3\u0142nocnej Kalifornii: winoro\u015ble i sady na p\u0142askim terenie, z lasami d\u0119bowymi i szczytami wulkanicznymi na zachodzie.<\/p>\n<p><strong>Migawka historyczna:<\/strong> Historia Calistogi rozpocz\u0119\u0142a si\u0119 w 1868 roku, kiedy przedsi\u0119biorca Sam Brannan (wczesny przedsi\u0119biorca w Kalifornii) rozplanowa\u0142 miasto, wzoruj\u0105c je na s\u0142ynnych uzdrowiskach z gor\u0105cymi \u017ar\u00f3d\u0142ami w Saratoga Springs w stanie Nowy Jork (st\u0105d nazwa \u201eCalistoga\u201d). W ci\u0105gu dekady sta\u0142o si\u0119 kwitn\u0105c\u0105 wiosk\u0105 uzdrowiskow\u0105. Wczesne hotele i \u0142a\u017anie przyci\u0105ga\u0142y mieszka\u0144c\u00f3w San Francisco i turyst\u00f3w szukaj\u0105cych ulgi od dolegliwo\u015bci. Stary \u201eolimpijski\u201d Plunge (ogromny podgrzewany basen) i oryginalna \u0142a\u017ania przetrwa\u0142y jako atrakcje. Co ciekawe, s\u0142ynny autor Robert Louis Stevenson sp\u0119dzi\u0142 czas w Calistodze w latach 80. XIX wieku i napisa\u0142 \u201eSilverado Squatters\u201d o surowym \u017cyciu na pograniczu w pocz\u0105tkach istnienia miasta. Obszar ten dotkn\u0119\u0142y po\u017cary las\u00f3w \u2013 na przyk\u0142ad w 2017 i 2020 roku po\u017cary wzg\u00f3rz doprowadzi\u0142y do \u200b\u200bewakuacji. \u2013 przypomnienie, \u017ce ten bujny krajobraz mo\u017ce wypali\u0107 si\u0119 na sucho w gor\u0105ce lata.<\/p>\n<p><strong>Lokalna kultura i klimat:<\/strong> Calistoga ma swobodnego ducha wiejskiego kurortu. Angielski jest uniwersalny, ale w\u015br\u00f3d pracownik\u00f3w winiarni i go\u015bci us\u0142yszysz r\u00f3wnie\u017c hiszpa\u0144ski i inne j\u0119zyki. Zachodni motyw miasta jest widoczny w muzyce country-western i restauracjach w stylu rancza \u2013 miejscowi \u017cartuj\u0105, \u017ce John Wayne czu\u0142by si\u0119 tu jak w domu. Jednocze\u015bnie rozwija si\u0119 atmosfera \u201ewinnego szyku\u201d (butikowe sale degustacyjne, stylowe zajazdy). Temperament jest og\u00f3lnie wyluzowany: ludzie witaj\u0105 si\u0119 z u\u015bmiechem, a w\u0142a\u015bciciele sklep\u00f3w znaj\u0105 twoje imi\u0119 po jednej lub dw\u00f3ch wizytach. Jest przyjazna kultura \u201ema\u0142omiasteczkowej fali\u201d, nawet w ruchliwe popo\u0142udnia.<\/p>\n<p>Festiwale i tradycje podkre\u015blaj\u0105 charakter Calistogi: co roku w lipcu mo\u017cna zobaczy\u0107 najstarsz\u0105 parad\u0119 4 lipca na zachodzie, widowisko w ma\u0142ym miasteczku z zabytkowymi samochodami i orkiestrami maszeruj\u0105cymi. Roczny Festiwal Noworoczny cz\u0119sto obejmuje k\u0105piele b\u0142otne! (Tak \u2013 k\u0105piele b\u0142otne w Sylwestra to dziwaczna lokalna tradycja na szcz\u0119\u015bcie.) Jak powiedzia\u0142 pewien podr\u00f3\u017cnik: <em>\u201eRytm Calistogi wyznaczaj\u0105 s\u0142o\u0144ce i winnica \u2013 poranki zaczynaj\u0105 si\u0119 od targ\u00f3w rolniczych, a oko\u0142o po\u0142udnia uzdrowiska wype\u0142niaj\u0105 si\u0119 par\u0105 od \u015bmiechu\u201d.<\/em><\/p>\n<p><strong>Najwa\u017cniejsze atrakcje:<\/strong> Pomimo swoich rozmiar\u00f3w Calistoga oferuje kilka wyj\u0105tkowych atrakcji:<\/p>\n<ul>\n<li><strong>Gor\u0105ce \u017ar\u00f3d\u0142a i k\u0105piele b\u0142otne:<\/strong> Pow\u00f3d numer jeden, dla kt\u00f3rego ludzie przyje\u017cd\u017caj\u0105. Indian Springs Resort (historyczne spa z 1913 r.) oferuje basen zasilany fontann\u0105 (dawny \u201eolimpijski\u201d Plunge) i prywatne k\u0105piele mineralne. W pobliskim Dr. Wilkinson&#039;s Resort znajduje si\u0119 s\u0142ynny gejzer (tak, gejzer w stylu Old Faithful), kt\u00f3ry wybucha regularnie co 30\u201340 minut \u2013 du\u017ce zaskoczenie w Kalifornii. Bujne \u0142a\u017anie tureckie i rzymskie, a tak\u017ce k\u0105piele b\u0142otne z wulkan\u00f3w i k\u0105piele winne rozpieszczaj\u0105 odwiedzaj\u0105cych. Popo\u0142udniowe moczenie si\u0119 w bogatych w minera\u0142y wodach pod palmami to znak rozpoznawczy Calistogi.<\/li>\n<li><strong>Winiarnie i degustacje wina:<\/strong> Calistoga jest jednym z najlepszych AVA (American Viticultural Areas) w Napa. W pobli\u017cu znajduje si\u0119 wiele znanych posiad\u0142o\u015bci (np. Chateau Montelena, Sterling Vineyards, Castello di Amorosa). Wycieczki i degustacje win s\u0105 konieczno\u015bci\u0105. Mo\u017cesz r\u00f3wnie\u017c przejecha\u0107 rowerem lub samochodem malownicz\u0105 p\u0119tl\u0119 Silverado Trail wzd\u0142u\u017c rz\u0119d\u00f3w winnic, z widokiem na wzg\u00f3rza doliny.<\/li>\n<li><strong>Skamienia\u0142y Las USA:<\/strong> Kr\u00f3tki przejazd na wsch\u00f3d od miasta, ten ma\u0142y obszar naturalny obejmuje 3-milionowe pozosta\u0142o\u015bci sekwoi (p\u00f3\u017aniej zamienione w kamie\u0144). Odwiedzaj\u0105cy mog\u0105 przej\u015b\u0107 si\u0119 po promenadzie i zobaczy\u0107 skamienia\u0142e k\u0142ody, kt\u00f3re kiedy\u015b sta\u0142y tutaj, gdy wybuch wulkanu je pogrzeba\u0142.<\/li>\n<li><strong>Centrum miasta i restauracje:<\/strong> Centrum Calistoga jest malownicze i przyjazne. Jego g\u0142\u00f3wna ulica (Washington St.) jest usiana barami oferuj\u0105cymi degustacj\u0119 wina, sklepami z pami\u0105tkami i restauracjami (pozdrawiamy poid\u0142a dla koni na ka\u017cdym bloku!). Godne uwagi przek\u0105ski to obfite dania z ameryka\u0144skiego bistro w Evangeline, pizza z pieca opalanego drewnem w Sam&#039;s Social Club lub legendarna atmosfera gastro-pubu w The Brannan Cottage Inn. Ka\u017cde miejsce znajduje si\u0119 w odleg\u0142o\u015bci kilku przecznic, wi\u0119c \u0142atwo jest zaparkowa\u0107 raz i przej\u015b\u0107 si\u0119 pieszo.<\/li>\n<li><strong>Aktywno\u015bci na \u015bwie\u017cym powietrzu:<\/strong> W\u0119dr\u00f3wki po pobliskich wzg\u00f3rzach (Palisades Trail oferuje panoramy dolin), jazda konna na ranczach i jazda na rowerze po wiejskich drogach. Miasto ma r\u00f3wnie\u017c park spo\u0142eczno\u015bciowy z kortami tenisowymi i pickleballem.<\/li>\n<\/ul>\n<p><strong>Praktyczny przegl\u0105d:<\/strong> <strong>Jak si\u0119 tam dosta\u0107:<\/strong> Najbli\u017cszym du\u017cym lotniskiem jest San Francisco International (SFO) (oko\u0142o 80 mil na po\u0142udnie przy I-80). Bli\u017csze loty regionalne l\u0105duj\u0105 w Oakland (OAK, ~65 mil) lub Sacramento (SMF, ~70 mil) \u2013 wszystkie wymagaj\u0105 wypo\u017cyczenia samochodu na ostatni odcinek. Calistoga sama w sobie nie ma kolei pasa\u017cerskiej ani du\u017cego lotniska; g\u0142\u00f3wny dojazd autostrad\u0105 odbywa si\u0119 przez Highway 29 (od po\u0142udnia, zaczynaj\u0105c w Napa) lub malowniczym Silverado Trail (biegn\u0105cym wzd\u0142u\u017c wschodniej strony doliny).<\/p>\n<p><strong>Poruszanie si\u0119:<\/strong> Calistoga najlepiej zwiedza\u0107 samochodem lub rowerem. Miasto jest ma\u0142e i bardzo dost\u0119pne pieszo, gdy ju\u017c zaparkujesz (mo\u017cesz przej\u015b\u0107 si\u0119 od spa do spa). Ridesharingi dzia\u0142aj\u0105, ale w mniejszym nat\u0119\u017ceniu ni\u017c w du\u017cych miastach. Je\u015bli zostajesz d\u0142u\u017cej, wypo\u017cyczenie roweru jest popularne, aby dotrze\u0107 do pobliskiej wsi.<\/p>\n<p><strong>Wskaz\u00f3wki i uwagi:<\/strong> Walut\u0105 jest USD; po angielsku m\u00f3wi si\u0119 z delikatnym kalifornijskim akcentem. Lokalny rytm \u017cycia jest niespieszny \u2013 nie spodziewaj si\u0119, \u017ce sklepy b\u0119d\u0105 otwarte do p\u00f3\u017ana (wiele z nich zamyka si\u0119 o 20:00). Ubierz si\u0119 stosownie do pogody: letnie dni s\u0105 gor\u0105ce, ale miej pod r\u0119k\u0105 sweter na ch\u0142odne noce. Standardem jest dawanie napiwk\u00f3w w wysoko\u015bci 15\u201320% w restauracjach i za us\u0142ugi spa. Calistoga jest bardzo bezpieczna i przyjazna rodzinom. Przest\u0119pczo\u015b\u0107 jest niezwykle rzadka; cz\u0119sto mo\u017cna zobaczy\u0107 niezamkni\u0119te samochody i spaceruj\u0105ce rodziny. G\u0142\u00f3wnym zagro\u017ceniem jest sezon po\u017car\u00f3w latem \u2013 je\u015bli odwiedzasz to miejsce p\u00f3\u017anym latem lub jesieni\u0105, sprawd\u017a lokalne informacje o jako\u015bci powietrza i po\u017carach (pobliskie wzg\u00f3rza sp\u0142on\u0119\u0142y w poprzednich burzach ogniowych). W przeciwnym razie ciesz si\u0119 tym uroczym miasteczkiem \u2013 jeden z podr\u00f3\u017cnik\u00f3w podsumowuje to tak: <em>\u201eSpok\u00f3j, czysto\u015b\u0107 i wygoda \u2013 oaza w Napa Valley.\u201d<\/em><\/p>","protected":false},"excerpt":{"rendered":"<p>Po\u0142o\u017cona w hrabstwie Napa w Kalifornii, Calistoga \u2014 znana w j\u0119zyku Wappo jako Nilektsonoma \u2014 jest ma\u0142ym miastem o wielkiej atrakcyjno\u015bci. Calistoga, kt\u00f3ra znajduje si\u0119 w North Bay w obszarze Zatoki San Francisco, mia\u0142a 5228 mieszka\u0144c\u00f3w wed\u0142ug spisu z 2020 r. Bogata historia, naturalne gor\u0105ce \u017ar\u00f3d\u0142a i centralne znaczenie tego ma\u0142ego miasta w kalifornijskim regionie winiarskim definiuj\u0105 to ma\u0142e miasto.<\/p>","protected":false},"author":1,"featured_media":17484,"parent":8072,"menu_order":0,"comment_status":"closed","ping_status":"closed","template":"elementor_theme","meta":{"_eb_attr":"","footnotes":""},"class_list":["post-8931","page","type-page","status-publish","has-post-thumbnail"],"_links":{"self":[{"href":"https:\/\/travelshelper.com\/pl\/wp-json\/wp\/v2\/pages\/8931","targetHints":{"allow":["GET"]}}],"collection":[{"href":"https:\/\/travelshelper.com\/pl\/wp-json\/wp\/v2\/pages"}],"about":[{"href":"https:\/\/travelshelper.com\/pl\/wp-json\/wp\/v2\/types\/page"}],"author":[{"embeddable":true,"href":"https:\/\/travelshelper.com\/pl\/wp-json\/wp\/v2\/users\/1"}],"replies":[{"embeddable":true,"href":"https:\/\/travelshelper.com\/pl\/wp-json\/wp\/v2\/comments?post=8931"}],"version-history":[{"count":0,"href":"https:\/\/travelshelper.com\/pl\/wp-json\/wp\/v2\/pages\/8931\/revisions"}],"up":[{"embeddable":true,"href":"https:\/\/travelshelper.com\/pl\/wp-json\/wp\/v2\/pages\/8072"}],"wp:featuredmedia":[{"embeddable":true,"href":"https:\/\/travelshelper.com\/pl\/wp-json\/wp\/v2\/media\/17484"}],"wp:attachment":[{"href":"https:\/\/travelshelper.com\/pl\/wp-json\/wp\/v2\/media?parent=8931"}],"curies":[{"name":"wp","href":"https:\/\/api.w.org\/{rel}","templated":true}]}}