{"id":8925,"date":"2024-09-06T14:36:18","date_gmt":"2024-09-06T14:36:18","guid":{"rendered":"https:\/\/travelshelper.com\/staging\/?page_id=8925"},"modified":"2026-03-13T17:42:55","modified_gmt":"2026-03-13T17:42:55","slug":"eureka-springs","status":"publish","type":"page","link":"https:\/\/travelshelper.com\/pl\/destinations\/north-america\/united-states\/eureka-springs\/","title":{"rendered":"Eureka Springs"},"content":{"rendered":"<p>Eureka Springs to ma\u0142e, ale urokliwe miasteczko w g\u00f3rach Ozark w p\u00f3\u0142nocno-zachodnim Arkansas. Jego populacja jest niewielka \u2013 mieszka tu oko\u0142o 2200 os\u00f3b \u2013 ale powierzchnia miasta jest wi\u0119ksza ni\u017c w wi\u0119kszo\u015bci miast tej wielko\u015bci, poniewa\u017c jego dzielnica historyczna wspina si\u0119 po stromych wzg\u00f3rzach kr\u0119tymi uliczkami. Pod wzgl\u0119dem demograficznym Eureka Springs jest w przewa\u017caj\u0105cej mierze bia\u0142e (nie-Hiszpanki) \u2013 oko\u0142o 85% mieszka\u0144c\u00f3w \u2013 a Afroamerykanie, rdzenni Amerykanie, Azjaci i Latynosi stanowi\u0105 reszt\u0119 (Latynosi stanowi\u0105 oko\u0142o 6% populacji). Miasto ma starsz\u0105 median\u0119 wieku (oko\u0142o 51 lat), co odzwierciedla jego popularno\u015b\u0107 w\u015br\u00f3d emeryt\u00f3w i artyst\u00f3w. Mediana dochodu gospodarstwa domowego wynosi oko\u0142o 41 800 USD, nieco poni\u017cej krajowej mediany. Eureka Springs nie ma ci\u0119\u017ckiego przemys\u0142u; lokalna gospodarka opiera si\u0119 na turystyce, sztuce i ma\u0142ych firmach. Wielu mieszka\u0144c\u00f3w pracuje w bran\u017cy hotelarskiej (hotele, restauracje, galerie) lub doje\u017cd\u017ca do pracy w pobliskich miastach (Fayetteville, Springfield).<\/p>\n<p>Eureka Springs znajduje si\u0119 w g\u00f3rach Ozark (cz\u0119\u015b\u0107 US Interior Highlands). Le\u017cy na wysoko\u015bci oko\u0142o 1421 st\u00f3p (433 m), wystarczaj\u0105co wysoko, aby zimy mog\u0142y by\u0107 ch\u0142odne. Okoliczny krajobraz to silnie zalesione wapienne wzg\u00f3rza i strumienie zasilane \u017ar\u00f3d\u0142ami. Ulice miasta wij\u0105 si\u0119 wzd\u0142u\u017c kontur\u00f3w wzg\u00f3rz, co nadaje mu niepowtarzalny klimat miasta \u201ebie\u017cni\u201d (jedna g\u0142\u00f3wna ulica, Spring Street, wznosi si\u0119 na wiele przecznic). Przez miasto nie przep\u0142ywa \u017cadna rzeka; zamiast tego naturalne \u017ar\u00f3d\u0142a bulgocz\u0105 w parkach i piwnicach. Klimat jest wilgotny subtropikalny z silnymi zmianami sezonowymi: lata s\u0105 gor\u0105ce i wilgotne (maksymalne temperatury w lipcu wynosz\u0105 \u015brednio oko\u0142o 90\u00b0F, 32\u00b0C), a zimy s\u0105 zimne (maksymalne temperatury w grudniu i styczniu w ci\u0105gu dnia wynosz\u0105 tylko g\u00f3rne 30\u00b0F, oko\u0142o 3\u20134\u00b0C). \u015anieg jest powszechny zim\u0105. Jesie\u0144 przynosi kolorowe li\u015bcie w Ozark, a wiosna mo\u017ce by\u0107 przyjemnie ciep\u0142a. Og\u00f3lnie rzecz bior\u0105c, g\u00f3rskie po\u0142o\u017cenie Eureki sprawia, \u017ce \u200b\u200bklimat jest \u0142agodniejszy ni\u017c w nizinnym Arkansas \u2013 lata s\u0105 ch\u0142odniejsze, a zimy zimniejsze ni\u017c na przyk\u0142ad w Little Rock.<\/p>\n<h2>Eureka Springs w liczbach (populacja, demografia, gospodarka)<\/h2>\n<p>Eureka Springs jest znane z ma\u0142ych rozmiar\u00f3w: wed\u0142ug spisu ludno\u015bci z 2020 r. populacja wynosi\u0142a 2166 os\u00f3b (ostatnie szacunki s\u0105 bardzo podobne, oko\u0142o 2200). Populacja ta jest rozproszona na obszarze oko\u0142o 17,9 km\u00b2, co sprawia, \u017ce \u200b\u200bjest s\u0142abo zaludniona. Mediana wieku jest niezwykle wysoka (oko\u0142o 50,9 lat) ze wzgl\u0119du na wielu emeryt\u00f3w i w\u0142a\u015bcicieli dom\u00f3w wakacyjnych. Miasto odnotowa\u0142o powolny wzrost lub nawet niewielki spadek populacji w ci\u0105gu ostatnich dziesi\u0119cioleci \u2013 cz\u0119\u015bciowo dlatego, \u017ce koszty zakwaterowania w tym turystycznym mie\u015bcie s\u0105 wysokie. Sk\u0142ad rasowy jest w przewa\u017caj\u0105cej mierze bia\u0142y (oko\u0142o 84\u201386%). Hiszpanie\/Latynosi stanowi\u0105 oko\u0142o 5\u20136% populacji (cz\u0119sto wywodz\u0105cy si\u0119 z lokalnego rolnictwa i us\u0142ug). Jest rozproszona grupa mieszka\u0144c\u00f3w pochodzenia czarnego, rdzennych Amerykan\u00f3w i Azjat\u00f3w. Je\u015bli chodzi o doch\u00f3d, mediana dochodu gospodarstwa domowego w Eureka wynosi oko\u0142o 41 800 USD, co jest warto\u015bci\u0105 ni\u017csz\u0105 od krajowej mediany. Koszty \u017cycia w Arkansas s\u0105 stosunkowo wysokie (nap\u0119dzane przez czynsze i op\u0142aty za media zwi\u0105zane z turystyk\u0105), wi\u0119c wielu pracownik\u00f3w mieszka poza miastem lub doje\u017cd\u017ca do pracy. Oko\u0142o 10\u201311% mieszka\u0144c\u00f3w \u017cyje poni\u017cej granicy ub\u00f3stwa, kt\u00f3ra jest ni\u017csza od krajowej stopy.<\/p>\n<p>W Eureka Springs jest niewielu du\u017cych pracodawc\u00f3w. Gospodarka miasta kr\u0119ci si\u0119 wok\u00f3\u0142 turystyki: hotele, pensjonaty, restauracje, galerie sztuki i sklepy detaliczne. Latem gospodarka kwitnie dzi\u0119ki turystyce; zim\u0105 miasto zwalnia (cho\u0107 nadal wita go\u015bci na wydarzenia noworoczne i lokalne). Sztuka i rzemios\u0142o s\u0105 wa\u017cne kulturowo: jest tu wiele galerii i pracowni, kt\u00f3re sprzedaj\u0105 swoje produkty turystom. Unikaln\u0105 cz\u0119\u015bci\u0105 gospodarki jest energia alternatywna: w Eureka Springs jest wiele dom\u00f3w zasilanych energi\u0105 s\u0142oneczn\u0105 i wcze\u015bnie wprowadzono zielone budownictwo (cz\u0119\u015bciowo dzi\u0119ki le\u015bnikowi z Ozark i wizjonerowi miasta Johnowi Tylerowi). Pod wzgl\u0119dem edukacyjnym istnieje niewielki system szk\u00f3\u0142 publicznych i kilka szk\u00f3\u0142 specjalistycznych (np. artystycznych lub studi\u00f3w holistycznych). Gospodarka Eureki jest eklektyczna i zorientowana przede wszystkim na us\u0142ugi \u2013 miasto, w kt\u00f3rym czaruj\u0105cy historyczny urok sta\u0142 si\u0119 g\u0142\u00f3wnym towarem eksportowym.<\/p>\n<h2>Lokalizacja (region, krajobraz, klimat)<\/h2>\n<p>Eureka Springs znajduje si\u0119 w g\u00f3rach Ozark na \u015arodkowym Zachodzie, w hrabstwie Carroll w p\u00f3\u0142nocno-zachodnim Arkansas. Znajduje si\u0119 na wsp\u00f3\u0142rz\u0119dnych 36\u00b024\u2032N, 93\u00b044\u2032W, na granicy z Missouri. Miasto jest znane z budowy na zboczu stromego wzg\u00f3rza, wi\u0119c wiele adres\u00f3w u\u017cywa opis\u00f3w wind lub schod\u00f3w zamiast numeracji ulic (na przyk\u0142ad \u201eNa skraju miasta m\u0119\u017cczyzna sprzedaje arbuzy przy 30th W.\u201d, co podkre\u015bla, jak rozpada si\u0119 siatka ulic). Ca\u0142y centralny dystrykt jest Narodowym Zabytkiem Historycznym zbudowanym na szczytach wzg\u00f3rz nad \u201eBasin Spring\u201d, popularnym okr\u0105g\u0142ym placem. Na wsch\u00f3d i zach\u00f3d od miasta znajduj\u0105 si\u0119 zalesione grzbiety i doliny. Najwa\u017cniejszym punktem geograficznym jest wzg\u00f3rze Turner Ward Knob, punkt na grzbiecie wzg\u00f3rza na zach\u00f3d od miasta, z kt\u00f3rego w pogodny dzie\u0144 wida\u0107 pi\u0119\u0107 stan\u00f3w (Missouri, Kansas, Oklahoma, Arkansas i naro\u017cnik Tennessee), cho\u0107 samo wzg\u00f3rze Turner Ward Knob znajduje si\u0119 na terenie prywatnym.<\/p>\n<p>Je\u015bli chodzi o klimat, Eureka Springs ma wilgotny klimat subtropikalny (Cfa) z bardzo wyra\u017anymi porami roku. Lata s\u0105 gor\u0105ce i wilgotne \u2013 w lipcu i sierpniu \u015brednie temperatury wynosz\u0105 oko\u0142o 90\u00b0F (32\u00b0C), a wilgotno\u015b\u0107 powietrza mo\u017ce sprawi\u0107, \u017ce b\u0119dzie odczuwalnie cieplej. Noce latem s\u0105 ciep\u0142e (cz\u0119sto niewiele poni\u017cej 70\u00b0F). Jesie\u0144 przynosi ulg\u0119 w postaci ch\u0142odniejszych dni i rze\u015bkich nocy. Zimy s\u0105 ch\u0142odne i czasami \u015bnie\u017cne: \u015brednie maksima w grudniu i styczniu wynosz\u0105 oko\u0142o 40\u00b0F (4\u00b0C), a minima oko\u0142o 20\u00b0F (\u22126\u00b0C). \u015anieg mo\u017ce si\u0119 gromadzi\u0107, ale zwykle topi si\u0119 w ci\u0105gu tygodnia lub dw\u00f3ch. Wiosna jest przyjemna do ko\u0144ca maja, a temperatury rosn\u0105 od ch\u0142odnych do ciep\u0142ych. Opady deszczu s\u0105 do\u015b\u0107 r\u00f3wnomiernie roz\u0142o\u017cone (osi\u0105gaj\u0105 szczyt wiosn\u0105 i latem), ale sporadyczne burze mog\u0105 powodowa\u0107 powodzie w wielu zag\u0142\u0119bieniach (Eureka jest znana z gwa\u0142townych powodzi, je\u015bli uderzy ulewny deszcz). Og\u00f3lnie rzecz bior\u0105c, Eureka Springs to miejsce, w kt\u00f3rym panuj\u0105 cztery wyra\u017ane pory roku \u2013 bujne, zielone wiosny, gor\u0105ce lata, kolorowe jesienie i ch\u0142odne zimy \u2013 a wszystko to w otoczeniu umiarkowanego g\u00f3rskiego \u015brodowiska.<\/p>\n<h2>Historyczny migawkowy obraz (pochodzenie i kamienie milowe)<\/h2>\n<p>Historia Eureka Springs zaczyna si\u0119 od \u017ar\u00f3de\u0142 leczniczych. Na d\u0142ugo zanim sta\u0142o si\u0119 miastem, lokalne wody (bogate w minera\u0142y \u017ar\u00f3d\u0142a) mia\u0142y rzekomo w\u0142a\u015bciwo\u015bci lecznicze. Uwa\u017ca si\u0119, \u017ce pierwszym sta\u0142ym osadnikiem by\u0142 Alvah Jackson w 1856 roku, kt\u00f3ry promowa\u0142 \u017ar\u00f3d\u0142a w leczeniu chor\u00f3b oczu. W 1879 roku biznesmen Samuel Saunders zorganizowa\u0142 promocj\u0119 turystyki. Miasto zosta\u0142o oficjalnie rozplanowane i w\u0142\u0105czone w 1880 roku, dos\u0142ownie w Walentynki. Inwestorzy zbudowali wiktoria\u0144skie hotele, \u0142a\u017anie i domy w pobli\u017cu \u017ar\u00f3de\u0142, a Eureka Springs szybko sta\u0142o si\u0119 modnym miejscem wypoczynkowym. Pod koniec lat 80. XIX wieku by\u0142o drugim co do wielko\u015bci miastem w Arkansas, obs\u0142uguj\u0105cym go\u015bci z St. Louis, Chicago i innych miejsc.<\/p>\n<p>Dni \u015bwietno\u015bci 1880\u20131910 pozostawi\u0142y trwa\u0142e dziedzictwo architektoniczne. Ca\u0142e centrum miasta znajduje si\u0119 w Krajowym Rejestrze Miejsc Historycznych, a setki zachowanych budowli z epoki wiktoria\u0144skiej. S\u0142ynne budynki obejmuj\u0105 Crescent Hotel (otwarty w 1886 r. jako luksusowy o\u015brodek wypoczynkowy) i zasilane \u017ar\u00f3d\u0142em Ozark Bathhouse. Historyczna dzielnica Eureki jest tak nienaruszona, \u017ce \u200b\u200bw 1972 r. ca\u0142e miasto zosta\u0142o wpisane na NRHP \u2013 p\u00f3\u017aniej zosta\u0142o nazwane National Trust \u201eDistinctive Destination\u201d ze wzgl\u0119du na sw\u00f3j charakter.<\/p>\n<p>Turystyka zanik\u0142a w po\u0142owie XX wieku (Wielki Kryzys i zmiany w podr\u00f3\u017cowaniu zaszkodzi\u0142y wielu miastom wypoczynkowym). Jednak Eureka Springs prze\u017cy\u0142o odrodzenie kulturalne w latach 60. i 70. XX wieku. Arty\u015bci, rzemie\u015blnicy i \u201epowracaj\u0105cy na l\u0105d\u201d odkryli urok miasta i za\u0142o\u017cyli galerie i sklepy. Ten kreatywny nap\u0142yw uratowa\u0142 wiele starych hoteli przed wyburzeniem, zamieniaj\u0105c je w zajazdy i pensjonaty. Na przyk\u0142ad Crescent Hotel zosta\u0142 ponownie otwarty pod koniec lat 70. (po okresie pe\u0142nienia funkcji domu spokojnej staro\u015bci) i zas\u0142yn\u0105\u0142 z rzekomych nawiedze\u0144. Zamkni\u0119cie Crescent Retirement Home w 1972 roku doprowadzi\u0142o do jego odrestaurowania jako hotelu i muzeum zjawisk paranormalnych.<\/p>\n<p>Dzisiaj to\u017csamo\u015b\u0107 Eureka Springs jest mocno zwi\u0105zana z historycznym wiktoria\u0144skim uzdrowiskiem, kt\u00f3re sta\u0142o si\u0119 centrum sztuki i turystyki. Jego za\u0142o\u017cenie wok\u00f3\u0142 \u017ar\u00f3de\u0142, w\u0142\u0105czenie w 1880 r. i przetrwanie jako dzielnicy historycznej to kluczowe kamienie milowe. Ka\u017cda fontanna zasilana \u017ar\u00f3d\u0142em, stara ceglana ulica i kr\u0119ta alejka to uk\u0142on w stron\u0119 XIX-wiecznych korzeni. Podr\u00f3\u017cni doceniaj\u0105, \u017ce Eureka nigdy nie straci\u0142a swojego dziedzictwa: hotele, latarnie uliczne, a nawet s\u0142upy telefoniczne wygl\u0105daj\u0105 tak samo, jak ponad sto lat temu.<\/p>\n<h2>Atmosfera kulturowa (lokalny charakter, tradycje, festiwale, styl \u017cycia)<\/h2>\n<p>Eureka Springs ma osobliw\u0105, artystyczn\u0105 atmosfer\u0119 po\u0142udniowej go\u015bcinno\u015bci. Jej populacja to mieszanka sta\u0142ych mieszka\u0144c\u00f3w, rzemie\u015blnik\u00f3w, hipis\u00f3w i emeryt\u00f3w, kt\u00f3rzy wszyscy mieszaj\u0105 si\u0119 z turystami. Powszechnie m\u00f3wi si\u0119 po angielsku; s\u0142ycha\u0107 te\u017c troch\u0119 hiszpa\u0144skiego (odzwierciedlaj\u0105c skromn\u0105 spo\u0142eczno\u015b\u0107 hiszpa\u0144sk\u0105 Arkansas). Miejscowi s\u0105 na og\u00f3\u0142 przyja\u017ani i nieformalni \u2013 powszechne jest ciep\u0142e u\u015bcisk d\u0142oni, oferowanie s\u0142odkiej herbaty i ch\u0119\u0107 pogaw\u0119dki. Miasto przyci\u0105ga kreatywnych ludzi: pracuj\u0105cych artyst\u00f3w w galeriach, muzyk\u00f3w ludowych w pubach i artyst\u00f3w teatralnych (Eureka Springs ma w\u0142asn\u0105 uznan\u0105 grup\u0119 teatralno-restauracyjn\u0105 \u201eIntrigue\u201d).<\/p>\n<p>Lokalna kuchnia podkre\u015bla po\u0142udniowe dania z akcentami Ozark. Popularne s\u0105 grillowane ryby, sumy i kasza kukurydziana, a tak\u017ce lokalnie warzone piwa. Nietypowa, ale uwielbiana tradycja: co roku jesieni\u0105 Eureka organizuje festiwal Bluegrass &amp; BBQ w weekend Labor Day, \u015bwi\u0119tuj\u0105c muzyk\u0119 g\u00f3rsk\u0105 i lokalnych mistrz\u00f3w grilla. Historycznie odbywa\u0142 si\u0119 r\u00f3wnie\u017c \u201eWorld Championship Turkey Calling Contest\u201d ka\u017cdego listopada, odzwierciedlaj\u0105c wiejskie otoczenie (cho\u0107 wydarzenie to zosta\u0142o zawieszone w ostatnich latach). Najwi\u0119kszym wsp\u00f3\u0142czesnym festiwalem w Eureka jest prawdopodobnie Illuminate the Falls (grudniowe o\u015bwietlone wydarzenie w centrum miasta) lub \u015bwi\u0105teczna parada bo\u017conarodzeniowa i festiwal uliczny (miasto w grudniu stawia na staromodne dekoracje). Niedawno miasto zorganizowa\u0142o obchody Pride (uk\u0142on w stron\u0119 zaskakuj\u0105cej spo\u0142eczno\u015bci przyjaznej LGBTQ) i popularny festiwal grecki ka\u017cdego pa\u017adziernika (ze wzgl\u0119du na to, \u017ce jedna z rodzin za\u0142o\u017cycielskich ma greckie pochodzenie).<\/p>\n<p>\u017bycie codzienne w Eureka Springs koncentruje si\u0119 na go\u015bcinno\u015bci i plenerze. Poranki mog\u0105 zaczyna\u0107 si\u0119 od zaj\u0119\u0107 jogi w jednym z park\u00f3w sztuki lub spaceru po Basin Spring Park (centralnym obszarze fontann). Popo\u0142udnia to czas, gdy tury\u015bci w\u0119druj\u0105 po sklepach lub udaj\u0105 si\u0119 na szlaki turystyczne nad miastem (takie jak Trail of Tears lub Lake Leatherwood City Park). Wieczory mog\u0105 obejmowa\u0107 muzyk\u0119 na \u017cywo w lokalnej sali koncertowej lub pub crawl z przewodnikiem po nawiedzonych miejscach (Eureka podtrzymuje swoj\u0105 nawiedzon\u0105 reputacj\u0119). Halloween to tutaj wielka sprawa \u2013 ludzie przebieraj\u0105 si\u0119 przez ca\u0142y miesi\u0105c. Tempo \u017cycia jest spokojne: godziny otwarcia sklep\u00f3w cz\u0119sto zamykaj\u0105 si\u0119 w \u015brodku popo\u0142udnia, aby w\u0142a\u015bciciele mogli uczestniczy\u0107 w wydarzeniach spo\u0142eczno\u015bciowych lub wycieczkach g\u00f3rskich.<\/p>\n<p>Jedn\u0105 z cech charakterystycznych kultury Eureki jest jej niezale\u017cno\u015b\u0107 i duch wsp\u00f3lnoty. Na przyk\u0142ad miasto prowadzi kilka sp\u00f3\u0142dzielni spo\u0142ecznych (sp\u00f3\u0142dzielnia kredytowa, sp\u00f3\u0142dzielnia spo\u017cywcza) i ma wiele grup teatralnych i muzycznych. Mieszka\u0144cy cz\u0119sto m\u00f3wi\u0105 \u201erobimy to sami\u201d, odnosz\u0105c si\u0119 do festiwali lub ulepsze\u0144 obywatelskich. Politycznie miasto sk\u0142ania si\u0119 ku konserwatyzmowi (co jest powszechne w wiejskim Arkansas), ale w kwestiach spo\u0142ecznych mieszka\u0144cy s\u0105 tolerancyjni i otwarci (prawdopodobnie pod wp\u0142ywem kultury artystycznej).<\/p>\n<h2>Najwa\u017cniejsze atrakcje (niezb\u0119dne do zobaczenia zabytki i do\u015bwiadczenia)<\/h2>\n<p>Atrakcje Eureka Springs \u0142\u0105cz\u0105 histori\u0119, sztuk\u0119 i natur\u0119. S\u0142ynna kaplica Thorncrown Chapel cz\u0119sto znajduje si\u0119 na szczycie listy: osza\u0142amiaj\u0105ca konstrukcja ze szk\u0142a i drewna zbudowana w 1980 r. na le\u015bnej polanie, gdzie \u015bciany znikaj\u0105 w lesie. Ta kaplica jest znana na ca\u0142ym \u015bwiecie ze swojej architektury i jest zar\u00f3wno spacerem po przyrodzie, jak i miejscem duchowym.<\/p>\n<p>Samo centrum jest sercem atrakcji. Historyczny Crescent Hotel (na zdj\u0119ciu powy\u017cej) to okaza\u0142y o\u015brodek wypoczynkowy z epoki wiktoria\u0144skiej, kt\u00f3ry zosta\u0142 przekszta\u0142cony w muzeum i zajazd. Go\u015bcie mog\u0105 zwiedzi\u0107 \u201eNajbardziej nawiedzony hotel w Ameryce\u201d, zje\u015b\u0107 kolacj\u0119 w eleganckiej restauracji lub po prostu podziwia\u0107 jego wie\u017cow\u0105 architektur\u0119. Basin Spring Park (centralny obszar fontann w mie\u015bcie) oferuje dziesi\u0105tki fontann zasilanych wod\u0105 ze \u017ar\u00f3de\u0142, kt\u00f3re bulgocz\u0105 na ulicach. Spacer po Spring Street i Main Street to atrakcja sama w sobie: ponad sto sklep\u00f3w i galerii sztuki ci\u0105gnie si\u0119 wzd\u0142u\u017c kr\u0119tych wzg\u00f3rz, sprzedaj\u0105c lokalne rzemios\u0142o, bi\u017cuteri\u0119, antyki i regionalne potrawy.<\/p>\n<p>W pobli\u017cu znajduj\u0105 si\u0119 r\u00f3wnie\u017c miejsca na \u015bwie\u017cym powietrzu i malownicze. Statua \u201eChrist of the Ozarks\u201d \u2013 67-stopowy pomnik Jezusa na szczycie Magnetic Mountain \u2013 g\u00f3ruje nad miastem z odleg\u0142o\u015bci kilku mil. W pobli\u017cu znajduje si\u0119 r\u00f3wnie\u017c Blue Spring Heritage Center (stuletnia posiad\u0142o\u015b\u0107 z rodzimymi ogrodami Ozark) i Lake Leatherwood City Park (siedem mil na zach\u00f3d, du\u017cy park z trasami pieszymi, rowerowymi i jeziorem). Mi\u0142o\u015bnicy dzikiej przyrody odwiedzaj\u0105 Turpentine Creek Wildlife Refuge tu\u017c za miastem, gdzie du\u017ce koty (tygrysy, lwy) s\u0105 ratowane i mo\u017cna je ogl\u0105da\u0107. Tury\u015bci zwiedzaj\u0105 r\u00f3wnie\u017c Mulladay Hollow Aquatic &amp; Trail, a obszar znany jako \u201eOnyx Cave\u201d ma sztuczn\u0105 jaskini\u0119 na US-23.<\/p>\n<p>Sama scena artystyczna jest atrakcj\u0105: liczne galerie Eureki i Eureka Springs Historical Museum przyci\u0105gaj\u0105 mi\u0142o\u015bnik\u00f3w kultury. Opera in the Ozarks w Inspiration Point organizuje plenerowe koncerty muzyki klasycznej w teatrze w czerwonej stodole (czynne od czerwca do wrze\u015bnia). Je\u015bli odwiedzisz to miejsce w okolicach Halloween, Great Passion Play (dawne tourn\u00e9e) przyci\u0105ga\u0142o kiedy\u015b dziesi\u0105tki tysi\u0119cy widz\u00f3w. Kr\u00f3tko m\u00f3wi\u0105c, obowi\u0105zkowe miejsca do zobaczenia to Thorncrown Chapel, Crescent Hotel, Basin Spring Park i nocny spacer po migocz\u0105cych ulicach wiktoria\u0144skich. Ka\u017cda atrakcja mo\u017ce by\u0107 po\u0142\u0105czona z posi\u0142kiem w lokalnej restauracji \u2013 nakarmi\u0105c zar\u00f3wno dusz\u0119, jak i brzuch.<\/p>\n<h2>Praktyczne podsumowanie (jak dotrze\u0107, jak si\u0119 porusza\u0107, wskaz\u00f3wki)<\/h2>\n<p>Eureka Springs jest stosunkowo odleg\u0142e. Najbli\u017csze du\u017ce lotniska to Northwest Arkansas National (XNA) w pobli\u017cu Bentonville (oko\u0142o 75 mil na p\u00f3\u0142nocny zach\u00f3d) lub Springfield-Branson National (SGF) w Missouri (oko\u0142o 70 mil na p\u00f3\u0142noc) i Springdale Municipal (17 mil). Z ka\u017cdego z nich zaleca si\u0119 wypo\u017cyczenie samochodu (zazwyczaj nie ma autobus\u00f3w wahad\u0142owych). Samochodem do Eureki mo\u017cna dojecha\u0107 autostrad\u0105 US-62 (biegn\u0105c\u0105 ze wschodu na zach\u00f3d przez miasto) i US-412\/US-23 (z p\u00f3\u0142nocy na po\u0142udnie do Harrison). Z I-49 nale\u017cy zjecha\u0107 zjazdem 33 (Hwy 62 na wsch\u00f3d) do Eureki. Podr\u00f3\u017c przez Ozarks jest malownicza, ale g\u00f3rzysta \u2013 nale\u017cy przygotowa\u0107 si\u0119 na zakr\u0119ty i uwa\u017ca\u0107 na dzikie zwierz\u0119ta przechodz\u0105ce przez przeszkody. Mi\u0119dzystanowa us\u0142uga autobusowa (Greyhound) zatrzymuje si\u0119 w pobliskim Harrison lub Springdale, ale nie w samej Eurece.<\/p>\n<p>Eureka Springs jest bardzo przyjaznym miejscem do spacer\u00f3w po swoim historycznym centrum \u2013 wiele ulic jest przeznaczonych wy\u0142\u0105cznie dla pieszych lub ma w\u0105skie chodniki. Jednak poniewa\u017c miasto jest zbudowane na wzg\u00f3rzach, nale\u017cy przygotowa\u0107 si\u0119 na schody i strome przej\u015bcia. Du\u017ca cz\u0119\u015b\u0107 historycznego centrum miasta jest rzeczywi\u015bcie zbudowana jak labirynt schod\u00f3w i alejek (pomys\u0142 je\u017cd\u017cenia ka\u017cd\u0105 ulic\u0105 samochodem jest \u015bmieszny); wiele hoteli zapewnia samochody wahad\u0142owe na zboczach wzg\u00f3rz. Centraln\u0105 dzielnic\u0119 biznesow\u0105 (Spring, Main, Mountain i Center Streets) mo\u017cna zwiedza\u0107 pieszo. Do atrakcji poza centrum (np. Thorncrown Chapel, Crescent Hotel, Lake Leatherwood) potrzebny jest samoch\u00f3d. Parkowanie w mie\u015bcie jest bezp\u0142atne na ulicy lub na parkingach miejskich (znaki informuj\u0105 o dwugodzinnym limicie w pobli\u017cu sklep\u00f3w). Nale\u017cy zachowa\u0107 ostro\u017cno\u015b\u0107 podczas jazdy po zmroku w\u0105skimi, kr\u0119tymi drogami w mie\u015bcie i poza nim.<\/p>\n<p><strong>Podstawowe wskaz\u00f3wki:<\/strong><\/p>\n<ul>\n<li><strong>Waluta i p\u0142atno\u015b\u0107:<\/strong> Dolary ameryka\u0144skie. Karty kredytowe s\u0105 zazwyczaj akceptowane w sklepach i restauracjach (niekt\u00f3re ma\u0142e firmy mog\u0105 przyjmowa\u0107 tylko got\u00f3wk\u0119, cho\u0107 to rzadko\u015b\u0107). Dobrze jest mie\u0107 przy sobie kilka ma\u0142ych banknot\u00f3w na napiwki lub okazjonalne zakupy na rynku.<\/li>\n<li><strong>J\u0119zyk:<\/strong> Dominuje j\u0119zyk angielski. (Letni go\u015bcie i arty\u015bci Eureki okazjonalnie dodaj\u0105 kilka j\u0119zyk\u00f3w obcych.) Podstawowa ameryka\u0144ska uprzejmo\u015b\u0107 ma du\u017ce znaczenie (\u201eprosz\u0119\u201d, \u201edzi\u0119kuj\u0119\u201d).<\/li>\n<li><strong>Zakwaterowanie:<\/strong> W Eureka Springs nie ma du\u017cych hoteli \u2013 to gospody typu bed-and-breakfast, zabytkowe motele i butikowe noclegi. Dok\u0142adnie sprawd\u017a rozk\u0142ady: wiele pensjonat\u00f3w wymaga rezerwacji i ma ograniczone godziny otwarcia recepcji. Je\u015bli przyjedziesz p\u00f3\u017ano, poinformuj o tym w\u0142a\u015bciciela gospody.<\/li>\n<li><strong>Odzie\u017c:<\/strong> W cieplejsze miesi\u0105ce ubieraj si\u0119 warstwowo (wieczory mog\u0105 by\u0107 ch\u0142odne na wzg\u00f3rzach). Buty do chodzenia s\u0105 konieczno\u015bci\u0105 \u2013 te schody i brukowane \u0142by wymagaj\u0105 dobrych podeszew. Zim\u0105 zabierz ciep\u0142e p\u0142aszcze, czapki i r\u0119kawiczki (\u015bnieg jest powszechny). I zawsze miej przy sobie okulary przeciws\u0142oneczne \u2013 odblaski od pomalowanych na bia\u0142o wiktoria\u0144skich budynk\u00f3w i okazjonalnego \u015bniegu mog\u0105 by\u0107 jaskrawe.<\/li>\n<li><strong>Etykieta:<\/strong> Eureka jest przyjazna i ekscentryczna. Mo\u017cesz spotka\u0107 ulicznych artyst\u00f3w lub artyst\u00f3w; zwyczajowo daje si\u0119 im napiwki (lub w lokalnych restauracjach kelnerom napiwki w wysoko\u015bci 15\u201318%). Kierowcy ust\u0119puj\u0105 pierwsze\u0144stwa pieszym na wielu w\u0105skich ulicach. Amerykanie je\u017cd\u017c\u0105 tu praw\u0105 stron\u0105 drogi. W sklepach mo\u017cesz swobodnie przegl\u0105da\u0107 i rozmawia\u0107 z w\u0142a\u015bcicielami sklep\u00f3w. Szanuj lokalne oznakowanie: niekt\u00f3re zabytkowe schody s\u0105 jednokierunkowe lub dost\u0119pne tylko dla go\u015bci hotelowych.<\/li>\n<li><strong>Bezpiecze\u0144stwo:<\/strong> Eureka Springs jest bardzo bezpieczne \u2013 przest\u0119pstwa z u\u017cyciem przemocy zdarzaj\u0105 si\u0119 niezwykle rzadko. W dzie\u0144 i w nocy, centrum jest dobrze patrolowane przez policj\u0119 ma\u0142ego miasteczka. Obowi\u0105zuj\u0105 standardowe \u015brodki ostro\u017cno\u015bci: zamykaj samoch\u00f3d i nie pokazuj warto\u015bciowych przedmiot\u00f3w. Zasi\u0119g sieci kom\u00f3rkowej jest dobry z wieloma operatorami (cho\u0107 na odleg\u0142ych szlakach lub jaskiniach mo\u017ce zanika\u0107). Eureka mo\u017ce by\u0107 na kr\u00f3tko zalana po ulewnych deszczach (niekt\u00f3re ulice mog\u0105 zosta\u0107 tymczasowo zalane), wi\u0119c obserwuj wszelkie barykady uliczne podczas burz.<\/li>\n<\/ul>\n<p>Og\u00f3lnie rzecz bior\u0105c, wizyta w Eureka Springs przypomina podr\u00f3\u017c w czasie, ale z nowoczesnymi udogodnieniami. Miejscowi s\u0105 przyzwyczajeni do turyst\u00f3w \u2013 sklepikarze ch\u0119tnie rozmawiaj\u0105 o historii miasta, a pracownicy obs\u0142ugi go\u015bci znaj\u0105 ka\u017cdy skr\u00f3t przez labirynt ulic. Je\u015bli jedziesz do Arkansas z Missouri lub z lotnisk Branson, Eureka jest wyra\u017anie oznakowana i zdecydowanie warta objazdu. Pami\u0119taj tylko, \u017ce jest ma\u0142a i historyczna: zaplanuj kr\u00f3tsze dni jazdy mi\u0119dzy atrakcjami i delektuj si\u0119 ka\u017cdym zak\u0105tkiem tej bajkowej g\u00f3rskiej wioski.<a href=\"https:\/\/travelshelper.com\/pl\/miejsca-docelowe\/ameryka-polnocna\/stany-zjednoczone-ameryki\/berkeley-springs\/\" target=\"_self\" aria-labelledby=\"uael-post-8997\"><br \/>\n<\/a><\/p>","protected":false},"excerpt":{"rendered":"<p>Eureka Springs, schowane w hrabstwie Carroll w stanie Arkansas, to skarb G\u00f3r Ozark, po\u0142o\u017cony tu\u017c przy granicy z Missouri. Eureka Springs, jedna z dw\u00f3ch siedzib hrabstwa, ma bogat\u0105 histori\u0119 i wyj\u0105tkowy urok, kt\u00f3ry zachwyca odwiedzaj\u0105cych od dziesi\u0119cioleci. Spis ludno\u015bci z 2020 r. odnotowuje 2166 mieszka\u0144c\u00f3w miasta.<\/p>","protected":false},"author":1,"featured_media":17518,"parent":8072,"menu_order":0,"comment_status":"closed","ping_status":"closed","template":"elementor_theme","meta":{"_eb_attr":"","footnotes":""},"class_list":["post-8925","page","type-page","status-publish","has-post-thumbnail"],"_links":{"self":[{"href":"https:\/\/travelshelper.com\/pl\/wp-json\/wp\/v2\/pages\/8925","targetHints":{"allow":["GET"]}}],"collection":[{"href":"https:\/\/travelshelper.com\/pl\/wp-json\/wp\/v2\/pages"}],"about":[{"href":"https:\/\/travelshelper.com\/pl\/wp-json\/wp\/v2\/types\/page"}],"author":[{"embeddable":true,"href":"https:\/\/travelshelper.com\/pl\/wp-json\/wp\/v2\/users\/1"}],"replies":[{"embeddable":true,"href":"https:\/\/travelshelper.com\/pl\/wp-json\/wp\/v2\/comments?post=8925"}],"version-history":[{"count":0,"href":"https:\/\/travelshelper.com\/pl\/wp-json\/wp\/v2\/pages\/8925\/revisions"}],"up":[{"embeddable":true,"href":"https:\/\/travelshelper.com\/pl\/wp-json\/wp\/v2\/pages\/8072"}],"wp:featuredmedia":[{"embeddable":true,"href":"https:\/\/travelshelper.com\/pl\/wp-json\/wp\/v2\/media\/17518"}],"wp:attachment":[{"href":"https:\/\/travelshelper.com\/pl\/wp-json\/wp\/v2\/media?parent=8925"}],"curies":[{"name":"wp","href":"https:\/\/api.w.org\/{rel}","templated":true}]}}