{"id":8795,"date":"2024-09-05T12:07:13","date_gmt":"2024-09-05T12:07:13","guid":{"rendered":"https:\/\/travelshelper.com\/staging\/?page_id=8795"},"modified":"2026-03-13T17:32:22","modified_gmt":"2026-03-13T17:32:22","slug":"cincinnati","status":"publish","type":"page","link":"https:\/\/travelshelper.com\/pl\/destinations\/north-america\/united-states\/cincinnati\/","title":{"rendered":"Cincinnati"},"content":{"rendered":"<p>Cincinnati, czasami nazywane \u201eQueen City\u201d, le\u017cy w po\u0142owie drogi mi\u0119dzy \u015arodkowym Zachodem a Po\u0142udniem wzd\u0142u\u017c rzeki Ohio. Cho\u0107 mniejsze od swoich odpowiednik\u00f3w w Chicago i Dallas, Cincinnati szczyci si\u0119 bogatym dziedzictwem, wyj\u0105tkow\u0105 kultur\u0105 i przyjazn\u0105 atmosfer\u0105 \u201emiasta nad rzek\u0105\u201d. W 2020 roku populacja miasta wynosi\u0142a oko\u0142o 309 317 os\u00f3b, co czyni je trzecim co do wielko\u015bci miastem w Ohio (po Columbus i Cleveland) i 66. co do wielko\u015bci w kraju. Jego o\u015bmiookr\u0119gowy obszar metropolitalny jest znacznie wi\u0119kszy, liczy oko\u0142o 2,27 miliona mieszka\u0144c\u00f3w. Gospodarka regionalna jest silna: PKB Greater Cincinnati wynios\u0142o oko\u0142o 157 miliard\u00f3w dolar\u00f3w w 2022 roku. Tutaj swoj\u0105 siedzib\u0119 maj\u0105 takie potentaci z listy Fortune 500, jak Kroger (handel detaliczny), Procter &amp; Gamble (dobra konsumpcyjne) i Fifth Third Bank, co stanowi podstaw\u0119 zr\u00f3\u017cnicowanej gospodarki. Bran\u017ce w Cincinnati obejmuj\u0105 produkcj\u0119, opiek\u0119 zdrowotn\u0105 (np. Cincinnati Children&#039;s Hospital) i nowe technologie. Rozw\u00f3j miasta by\u0142 sta\u0142y: w przeciwie\u0144stwie do wielu obszar\u00f3w Rust Belt, Cincinnati rozros\u0142o si\u0119 do ko\u0144ca XX wieku, a rewitalizacja jego centrum od lat 90. przyci\u0105gn\u0119\u0142a ponad \u0107wier\u0107 miliona nowych mieszka\u0144c\u00f3w i miejsc pracy.<\/p>\n<p>Cincinnati znajduje si\u0119 w po\u0142udniowo-zachodnim Ohio, graniczy z rzek\u0105 Ohio od po\u0142udnia i zachodu (z Kentucky na przeciwleg\u0142ym brzegu) i pag\u00f3rkowatymi terenami od p\u00f3\u0142nocy. W przeciwie\u0144stwie do prerii Illinois, krajobraz Cincinnati jest pag\u00f3rkowaty (podn\u00f3\u017ca Appalach\u00f3w), co daje wielu dzielnicom rozleg\u0142e widoki na rzek\u0119. Miasto rozci\u0105ga si\u0119 na kilku stromych wzg\u00f3rzach; cz\u0119\u015bci centrum i Over-the-Rhine znajduj\u0105 si\u0119 na klifach z widokiem na rzek\u0119. Geograficznie znajduje si\u0119 w dorzeczu Wielkich Jezior, ale na skraju podn\u00f3\u017ca Appalach\u00f3w. Klimat Cincinnati jest przej\u015bciowy: panuje tu wilgotny klimat kontynentalny ze znacznymi sezonowymi wahaniami. Lata s\u0105 gor\u0105ce i parne (cz\u0119sto osi\u0105gaj\u0105ce 90\u00b0F), a zimy s\u0105 zimne z umiarkowanymi opadami \u015bniegu. Miasto le\u017cy na granicy cieplejszej wilgotnej strefy subtropikalnej, wi\u0119c zimy s\u0105 \u0142agodniejsze ni\u017c w miastach p\u00f3\u0142nocnego \u015arodkowego Zachodu. Wiosna i jesie\u0144 s\u0105 zazwyczaj \u0142agodne i przyjemne (jednak w kwietniu zdarzaj\u0105 si\u0119 deszcze i sporadyczne p\u00f3\u017ane przymrozki).<\/p>\n<p>Historia Cincinnati rozpocz\u0119\u0142a si\u0119 w 1788 roku, kiedy weterani wojny o niepodleg\u0142o\u015b\u0107 Mathias Denman, Robert Patterson i Israel Ludlow za\u0142o\u017cyli swoje korzenie w zakolu rzeki Ohio. John Filson, geodeta, pocz\u0105tkowo nazwa\u0142 osad\u0119 \u201eLosantiville\u201d, ale w 1790 roku jej przyw\u00f3dcy zmienili nazw\u0119 na Cincinnati na cze\u015b\u0107 Society of the Cincinnati (organizacji oficer\u00f3w rewolucji). Miasto zosta\u0142o w\u0142\u0105czone w 1802 roku i szybko sta\u0142o si\u0119 wa\u017cnym portem rzecznym Terytorium P\u00f3\u0142nocno-Zachodniego. W 1850 roku Cincinnati by\u0142o znane jako \u201ePorkopolis\u201d ze wzgl\u0119du na sw\u00f3j ogromny przemys\u0142 przetw\u00f3rstwa wieprzowiny \u2013 ubijano i wysy\u0142ano wi\u0119cej \u015bwi\u0144 ni\u017c gdziekolwiek indziej w Ameryce. Koleje pojawi\u0142y si\u0119 w po\u0142owie XIX wieku, umacniaj\u0105c jego rol\u0119 jako w\u0119z\u0142a transportowego.<\/p>\n<p>Rozw\u00f3j kulturalny Cincinnati by\u0142 o\u017cywiony: zbudowano ozdobne sale koncertowe i biblioteki, zyskuj\u0105c przydomek \u201ePary\u017c Ameryki\u201d w latach 70. XIX wieku dzi\u0119ki swojej wspania\u0142ej architekturze (Music Hall, ozdobny dom towarowy Shillito i most wisz\u0105cy Roeblinga). Miasto by\u0142o r\u00f3wnie\u017c kluczowym przystankiem na Podziemnej Kolei, z wieloma abolicjonistami w populacji (Cincinnati ma muzea i tablice upami\u0119tniaj\u0105ce t\u0119 epok\u0119). Pod koniec XIX i na pocz\u0105tku XX wieku nast\u0105pi\u0142y fale niemieckiej imigracji, kszta\u0142tuj\u0105c dzielnice takie jak Over-the-Rhine (OTR), kt\u00f3ra nadal posiada najwi\u0119ksz\u0105 kolekcj\u0119 budynk\u00f3w w stylu w\u0142oskim z XIX wieku w Ameryce. Cincinnati nadal si\u0119 rozwija\u0142o w XX wieku, cho\u0107 z wzlotami i upadkami: suburbanizacja zabra\u0142a mieszka\u0144c\u00f3w z g\u0142\u00f3wnych dzielnic w po\u0142owie wieku, ale w ostatnich dekadach nast\u0105pi\u0142 celowy nacisk na przebudow\u0119 OTR, nabrze\u017ca i centrum miasta.<\/p>\n<p>Do znacz\u0105cych wydarze\u0144 nale\u017c\u0105 pow\u00f3d\u017a z 1884 r., kt\u00f3ra doprowadzi\u0142a do zbudowania Kana\u0142u Miami-Erie, oraz pow\u00f3d\u017a z 1913 r., kt\u00f3ra ukszta\u0142towa\u0142a przysz\u0142e planowanie wa\u0142\u00f3w przeciwpowodziowych. Pod wzgl\u0119dem kulturowym miasto da\u0142o pocz\u0105tek innowacjom, takim jak pierwsza profesjonalna dru\u017cyna baseballowa (Cincinnati Red Stockings z 1869 r.) i pierwsza zawodowa miotaczka. By\u0142o to r\u00f3wnie\u017c miejsce tragicznej powodzi w 1937 r. i przeniesienia autostrad nadbrze\u017cnych w latach 80. XX wieku. W czasach wsp\u00f3\u0142czesnych Cincinnati po\u0142\u0105czy\u0142o si\u0119 z otaczaj\u0105cymi je gminami (jak aneksja Eastwood w 1920 r.) i wkroczy\u0142o w XXI wiek ze znanymi instytucjami (Cincinnati Opera, Zoo, Ballet). Historia Cincinnati jest dzi\u015b widoczna w jego t\u0119tni\u0105cych \u017cyciem dzielnicach historycznych i wiekowych parkach, takich jak Eden Park (za\u0142o\u017cony w 1875 r.) i centralny punkt \u015br\u00f3dmie\u015bcia, \u201eFountain Square\u201d.<\/p>\n<p>Lokalny charakter Cincinnati jest ciep\u0142y i tradycyjny z nut\u0105 otwarto\u015bci \u015arodkowego Zachodu. G\u0142\u00f3wnym j\u0119zykiem jest angielski, a wiele starszych tradycji wywodzi si\u0119 z niemieckiego dziedzictwa. Lokalny dialekt jest \u0142agodnie \u015arodkowego Zachodu z kilkoma unikalnymi s\u0142owami (np. nazywanie fontanny \u201ebulgocz\u0105c\u0105 fontann\u0105\u201d lub u\u017cywanie \u201eprosz\u0119\u201d w publicznych toaletach \u2013 s\u0142ynny napis \u201eCincinnati Please\u201d w \u0142azienkach). Roczne tradycje podkre\u015blaj\u0105 jego dziedzictwo: Oktoberfest Zinzinnati to najwi\u0119ksza ameryka\u0144ska impreza Oktoberfest, z kulturowymi kuflami, muzyk\u0105 polka i nies\u0142awnym wy\u015bcigiem jamnik\u00f3w \u201eRunning of the Wieners\u201d. Co roku 30 000 os\u00f3b bierze udzia\u0142 w Oktoberfest w Cincinnati, gdzie chili z Cincinnati (przyprawione czekolad\u0105 i cynamonem) jest ulubionym przysmakiem. M\u00f3wi\u0105c o jedzeniu, Cincinnati s\u0142ynie z chili w stylu Cincinnati (chiglia pochodzenia greckiego podawana ze spaghetti z serem) i kie\u0142basy \u201eGoetta\u201d.<\/p>\n<p>Cincinnati organizuje inne festiwale odzwierciedlaj\u0105ce lokalny klimat. Flying Pig Marathon (i Pig Brew Fest) \u015bwi\u0119tuj\u0105 histori\u0119 przetw\u00f3rstwa wieprzowiny w mie\u015bcie. Muzyka kwitnie na Cincinnati Music Festival (R&amp;B, soul i gospel) i koncertach plenerowych w parkach. Bunbury Music Festival przyci\u0105ga latem znane zespo\u0142y. Pride to kolejna atrakcja: weekend parady r\u00f3wno\u015bci w Cincinnati nale\u017cy do najwi\u0119kszych w Ohio, a wydarzenia w pa\u017adzierniku zmieniaj\u0105 centrum miasta. Listopadowy Festival of Lights w Krohn Conservatory roz\u015bwietla powitania \u015bwi\u0105t rze\u017abami \u015bwietlnymi.<\/p>\n<p>Na co dzie\u0144 Cincinnati ma umiarkowanie szybkie tempo \u017cycia \u2013 mniej gor\u0105czkowe ni\u017c Chicago czy Dallas, ale bardziej ruchliwe ni\u017c ma\u0142e miasteczko. Ludzie tutaj s\u0105 zazwyczaj uprzejmi i nastawieni na spo\u0142eczno\u015b\u0107. W dzielnicach odbywaj\u0105 si\u0119 imprezy uliczne i lokalne bistra. Mieszka\u0144cy Cincinnati ciesz\u0105 si\u0119 rzek\u0105 i wzg\u00f3rzami, spaceruj\u0105c po Smale Riverfront Park w s\u0142oneczne dni lub kibicuj\u0105c na meczach Bengals (NFL) lub Reds (MLB). Szanuj\u0105 miejskie instytucje artystyczne (muzyczn\u0105 sal\u0119 koncertow\u0105, muzeum sztuki) i dziedzictwo zaanga\u017cowania obywatelskiego. Og\u00f3lny klimat Cincinnati jest przyjazny i bezpretensjonalny \u2013 mieszanka s\u0105siedztwa \u015arodkowego Zachodu i enklaw energii wielkiego miasta. W por\u00f3wnaniu z miastami nadmorskimi jest przyst\u0119pne cenowo i zrelaksowane; w por\u00f3wnaniu z ma\u0142ymi miasteczkami jest bogate kulturowo i dynamiczne.<\/p>\n<p>Cincinnati oferuje zaskakuj\u0105c\u0105 gam\u0119 miejsc, kt\u00f3re trzeba zobaczy\u0107. Ohio Riverfront jest jego centralnym punktem: niedawno odnowiony Smale Riverfront Park oferuje fontanny, place zabaw i \u015bcie\u017cki spacerowe z widokiem na panoram\u0119 miasta. Majestatyczny Fountain Square (dawniej Monroe Market House) jest miejscem spotka\u0144 w centrum miasta, otoczonym zabytkowymi budynkami, gdzie odbywaj\u0105 si\u0119 koncerty i lodowiska. Dzielnica Over-the-Rhine (OTR) jest g\u0142\u00f3wn\u0105 atrakcj\u0105 \u2013 jedn\u0105 z najwi\u0119kszych dzielnic historycznych w Ameryce. Tutaj dziedzictwem miasta z XIX wieku o\u017cywaj\u0105 odrestaurowane browary, browary rzemie\u015blnicze (Cinci to miasto browarnicze), kawiarnie i butiki. Na wsch\u00f3d od OTR Findlay Market (najstarszy nieprzerwanie dzia\u0142aj\u0105cy targ publiczny w Ohio, od 1852 r.) to gratka dla os\u00f3b, kt\u00f3re chc\u0105 spr\u00f3bowa\u0107 lokalnych produkt\u00f3w i potraw etnicznych.<\/p>\n<p>S\u0142ynna architektura podkre\u015bla krajobraz miasta: most wisz\u0105cy Roeblinga (poprzednik Golden Gate w San Francisco), Carew Tower (dawniej najwy\u017cszy budynek na Po\u0142udniu, z tarasem widokowym w stylu Art Deco) i uderzaj\u0105ca Music Hall w stylu Art Deco. Cincinnati mo\u017ce pochwali\u0107 si\u0119 instytucjami kulturalnymi o znaczeniu krajowym: Cincinnati Art Museum w malowniczym Eden Park, National Underground Railroad Freedom Center (nadbrze\u017cne muzeum po\u015bwi\u0119cone niewolnictwu i prawom obywatelskim) oraz American Sign Museum (nietypowa historyczna wystawa neon\u00f3w i szyld\u00f3w).<\/p>\n<p>Dla rodzin jest Cincinnati Zoo &amp; Botanical Garden (jedno z najstarszych ogrod\u00f3w zoologicznych w USA, s\u0142yn\u0105ce z hipopotama Fiony). W Eden Park znajduje si\u0119 r\u00f3wnie\u017c Krohn Conservatory (ro\u015bliny tropikalne) i Cincinnati Nature Center. Fani sportu odwiedzaj\u0105 Great American Ball Park (Reds) i Paycor Stadium (Bengals). American Sign Museum oferuje nostalgiczn\u0105 podr\u00f3\u017c przez neony ameryka\u0144skie z po\u0142owy XX wieku. Mi\u0142o\u015bnicy wypoczynku na \u015bwie\u017cym powietrzu mog\u0105 p\u0142ywa\u0107 kajakiem po rzece lub w\u0119drowa\u0107 po zalesionych szlakach pobliskich park\u00f3w, takich jak Mount Airy lub Ault Park (pawilony roma\u0144skie, nas\u0142onecznione jezioro). I nie przegap \u015bwi\u0105tecznego pokazu Krohn Conservatory lub interaktywnego Children&#039;s Museum of Cincinnati, gdzie dzieci mog\u0105 si\u0119 \u015bwietnie bawi\u0107.<\/p>\n<p>Dojazd do Cincinnati jest wygodny. Mi\u0119dzynarodowy Port Lotniczy Cincinnati\/Northern Kentucky (CVG), tu\u017c za rzek\u0105 w Kentucky, jest g\u0142\u00f3wn\u0105 bram\u0105 lotnicz\u0105. CVG oferuje loty do krajowych w\u0119z\u0142\u00f3w i niekt\u00f3rych mi\u0119dzynarodowych (Delta, American itp.). Do centrum mo\u017cna r\u00f3wnie\u017c dojecha\u0107 poci\u0105giem Amtrak (trasa Cardinal z Chicago, Waszyngtonu, Nowego Jorku zatrzymuje si\u0119 w terminalu Union Terminal w Cincinnati, arcydziele Art Deco). Tutaj krzy\u017cuj\u0105 si\u0119 g\u0142\u00f3wne autostrady: I-75 (p\u00f3\u0142noc-po\u0142udnie mi\u0119dzy Detroit a Floryd\u0105) i I-71 (mi\u0119dzy Cleveland a Louisville) spotykaj\u0105 si\u0119 w centrum, co u\u0142atwia podr\u00f3\u017cowanie drog\u0105.<\/p>\n<p>W obr\u0119bie miasta transport publiczny jest skromny: autobusy metra obs\u0142uguj\u0105 wi\u0119kszo\u015b\u0107 obszar\u00f3w (cho\u0107 na niekt\u00f3rych trasach kursowanie mo\u017ce by\u0107 rzadkie). Tramwaj metra (\u201eThe Cincinnati Bell Connector\u201d) \u0142\u0105czy centrum z nabrze\u017cem rzeki i OTR \u2013 nostalgiczn\u0105 lini\u0105, kt\u00f3ra jest przydatna dla turyst\u00f3w. Dost\u0119pne s\u0105 taks\u00f3wki i us\u0142ugi wsp\u00f3\u0142dzielenia przejazd\u00f3w, ale wynajem samochod\u00f3w mo\u017ce by\u0107 rozs\u0105dny, aby dotrze\u0107 do przedmie\u015b\u0107 lub park\u00f3w poza centrum. Centrum Cincinnati i OTR s\u0105 do\u015b\u0107 dost\u0119pne dla pieszych, podobnie jak niekt\u00f3re obszary mieszkalne (takie jak Mount Adams lub Covington w p\u00f3\u0142nocnym Kentucky po drugiej stronie rzeki). Rowerzy\u015bci rozwijaj\u0105 si\u0119 (program Red Bike Share), szczeg\u00f3lnie na nabrze\u017cu rzeki.<\/p>\n<p>Podstawowe wskaz\u00f3wki: walut\u0105 jest USD; j\u0119zykiem domy\u015blnym jest angielski. Napiwki w restauracjach i taks\u00f3wkach s\u0105 zgodne ze zwyczajem ameryka\u0144skim (~15\u201320%). Cincinnati jest uwa\u017cane za stosunkowo bezpieczne, jednak jak w ka\u017cdym mie\u015bcie tury\u015bci powinni pozosta\u0107 w cz\u0119sto ucz\u0119szczanych rejonach po zmroku. Stra\u017c s\u0105siedzka jest silna; przest\u0119pczo\u015b\u0107 ogranicza si\u0119 g\u0142\u00f3wnie do kilku problematycznych miejsc poza g\u0142\u00f3wnymi dzielnicami. Uprzejmo\u015b\u0107 i szacunek typowy dla \u015arodkowego Zachodu s\u0105 normami \u2013 przytrzymywanie drzwi, m\u00f3wienie \u201eprosz\u0119\u201d i \u201edzi\u0119kuj\u0119\u201d (s\u0142ynny znak publicznej toalety w Cincinnati przypomina: m\u00f3w \u201eprosz\u0119\u201d podczas pro\u015bby o toalet\u0119, lokalny dziwactwo etykiety). Lokalny klimat oznacza, \u017ce \u200b\u200blata mog\u0105 by\u0107 gor\u0105ce i wilgotne, wi\u0119c rozs\u0105dnie jest nosi\u0107 lekkie ubrania i chroni\u0107 si\u0119 przed s\u0142o\u0144cem. Zim\u0105 mo\u017ce pada\u0107 \u015bnieg i by\u0107 mro\u017ano, wi\u0119c zabierz ze sob\u0105 ciep\u0142e ubranie, je\u015bli odwiedzasz miasto w grudniu\u2013lutym. Mog\u0105 wyst\u0119powa\u0107 sezonowe alergie (sezon pylenia wiosn\u0105 i jesieni\u0105).<\/p>\n<p>W istocie Cincinnati to miasto z udogodnieniami \u201eBig City\u201d, ale sercem ma\u0142ego miasteczka. Jego historyczny urok, widoki na nabrze\u017ce i przyjazna scena kulturalna sprawiaj\u0105, \u017ce jest to niespodziewanie zachwycaj\u0105cy przystanek lub cel podr\u00f3\u017cy. Odwiedzaj\u0105cy odkrywaj\u0105 miasto dumnie zakorzenione w historii i innowacji, od niemieckich piwiarni po nowatorskie startupy, wszystkie z przyjaznym u\u015bmiechem \u015arodkowego Zachodu.<a href=\"https:\/\/travelshelper.com\/pl\/miejsca-docelowe\/ameryka-polnocna\/stany-zjednoczone-ameryki\/berkeley-springs\/\" target=\"_self\" aria-labelledby=\"uael-post-8997\"><br \/>\n<\/a><\/p>","protected":false},"excerpt":{"rendered":"<p>Cincinnati to dynamiczne miasto po\u0142o\u017cone w po\u0142udniowo-zachodniej cz\u0119\u015bci Ohio, b\u0119d\u0105ce stolic\u0105 hrabstwa Hamilton. Pierwotnie za\u0142o\u017cone w 1788 roku, Cincinnati jest idealnie po\u0142o\u017cone u zbiegu rzek Licking i Ohio; ta druga naturalnie oddziela Ohio od Kentucky. Cincinnati, kt\u00f3re zajmuje 64. miejsce w Stanach Zjednoczonych, ma 309 317 mieszka\u0144c\u00f3w wed\u0142ug spisu z 2020 roku, co czyni je trzecim najbardziej zaludnionym miastem w Ohio, ust\u0119puj\u0105c jedynie Columbus i Cleveland. Z ponad 2,265 milionami mieszka\u0144c\u00f3w, miasto jest ekonomicznym i kulturalnym centrum obszaru metropolitalnego Cincinnati \u2014 najludniejszego regionu metropolitalnego w Ohio i 30. co do wielko\u015bci w kraju.<\/p>","protected":false},"author":1,"featured_media":3942,"parent":8072,"menu_order":0,"comment_status":"closed","ping_status":"closed","template":"elementor_theme","meta":{"_eb_attr":"","footnotes":""},"class_list":["post-8795","page","type-page","status-publish","has-post-thumbnail"],"_links":{"self":[{"href":"https:\/\/travelshelper.com\/pl\/wp-json\/wp\/v2\/pages\/8795","targetHints":{"allow":["GET"]}}],"collection":[{"href":"https:\/\/travelshelper.com\/pl\/wp-json\/wp\/v2\/pages"}],"about":[{"href":"https:\/\/travelshelper.com\/pl\/wp-json\/wp\/v2\/types\/page"}],"author":[{"embeddable":true,"href":"https:\/\/travelshelper.com\/pl\/wp-json\/wp\/v2\/users\/1"}],"replies":[{"embeddable":true,"href":"https:\/\/travelshelper.com\/pl\/wp-json\/wp\/v2\/comments?post=8795"}],"version-history":[{"count":0,"href":"https:\/\/travelshelper.com\/pl\/wp-json\/wp\/v2\/pages\/8795\/revisions"}],"up":[{"embeddable":true,"href":"https:\/\/travelshelper.com\/pl\/wp-json\/wp\/v2\/pages\/8072"}],"wp:featuredmedia":[{"embeddable":true,"href":"https:\/\/travelshelper.com\/pl\/wp-json\/wp\/v2\/media\/3942"}],"wp:attachment":[{"href":"https:\/\/travelshelper.com\/pl\/wp-json\/wp\/v2\/media?parent=8795"}],"curies":[{"name":"wp","href":"https:\/\/api.w.org\/{rel}","templated":true}]}}