{"id":8763,"date":"2024-09-04T20:13:20","date_gmt":"2024-09-04T20:13:20","guid":{"rendered":"https:\/\/travelshelper.com\/staging\/?page_id=8763"},"modified":"2026-03-13T17:33:52","modified_gmt":"2026-03-13T17:33:52","slug":"dallas","status":"publish","type":"page","link":"https:\/\/travelshelper.com\/pl\/destinations\/north-america\/united-states\/dallas\/","title":{"rendered":"Dallas"},"content":{"rendered":"<p>Dallas uosabia ducha wielkiego miasta w Teksasie: rozleg\u0142e, dynamiczne i pe\u0142ne po\u0142udniowego stylu. W\u0142a\u015bciwe Dallas mia\u0142o 1 304 379 mieszka\u0144c\u00f3w w 2020 r., co czyni je 9. co do wielko\u015bci miastem w USA i trzecim w Teksasie (po Houston i San Antonio). Jego obszar metropolitalny (Dallas\u2013Fort Worth) jest ogromny, liczy ponad 7,63 miliona mieszka\u0144c\u00f3w (4. co do wielko\u015bci obszar metropolitalny w USA). Gospodarka Dallas jest bardzo silna i zr\u00f3\u017cnicowana: PKB obszaru metropolitalnego wynios\u0142o oko\u0142o 689,9 miliarda dolar\u00f3w w 2022 r. Historycznie zbudowane na bawe\u0142nie, bydle i ropie, wsp\u00f3\u0142czesne Dallas jest centrum obronno\u015bci, technologii, telekomunikacji, bankowo\u015bci i transportu. Jest domem dla 11 siedzib Fortune 500 w granicach miasta \u2013 firm takich jak AT&amp;T, Southwest Airlines, Texas Instruments i Tenet Healthcare. W po\u0142\u0105czeniu z pobliskim Fort Worth, obszar metropolitalny jest domem dla 23 Fortune 500 (2. w Teksasie). Sektor finansowy i korporacyjny okre\u015blaj\u0105 charakter Dallas: jest to stolica biznesu z luksusowymi wie\u017cowcami i mi\u0119dzynarodowym lotniskiem (DFW), kt\u00f3re jest jednym z najbardziej ruchliwych na \u015bwiecie.<\/p>\n<p>Dallas le\u017cy w P\u00f3\u0142nocnym Teksasie na p\u0142askich r\u00f3wninach przybrze\u017cnych po\u0142udniowych Stan\u00f3w Zjednoczonych. Jest daleko od oceanu, co czyni je jednym z najwi\u0119kszych \u015br\u00f3dl\u0105dowych obszar\u00f3w metropolitalnych w kraju. Wysoko\u015b\u0107 miasta wynosi oko\u0142o 500 st\u00f3p. Geograficznie Dallas nie ma naturalnych przeszk\u00f3d \u2013 jest znane z p\u0142askiego i siatkowego uk\u0142adu, co sprzyja rozrastaniu si\u0119. Przez miasto wije si\u0119 rzeka Trinity, a w jej pobli\u017cu zbudowano ratusz Dallas City Hall i park Klyde Warren. Klimat miasta jest wilgotny subtropikalny (K\u00f6ppen Cfa). Lata s\u0105 bardzo gor\u0105ce i wilgotne: \u015brednie temperatury maksymalne w lipcu i sierpniu osi\u0105gaj\u0105 po\u0142ow\u0119 lat 90. \u00b0F, a wska\u017aniki ciep\u0142a cz\u0119sto przekraczaj\u0105 105 \u00b0F. Odwiedzaj\u0105cy powinni spodziewa\u0107 si\u0119 pal\u0105cego s\u0142o\u0144ca i sporadycznych silnych burz. Zimy s\u0105 \u0142agodne: \u015brednie temperatury maksymalne w styczniu wynosz\u0105 oko\u0142o 57 \u00b0F, z rzadkimi przymrozkami i rzadkim \u015bniegiem (\u015brednie opady \u015bniegu wynosz\u0105 tylko ~1,5 cala). Nag\u0142e fronty ch\u0142odne mog\u0105 przynie\u015b\u0107 kilka dni zimowej pogody, ale og\u00f3lnie zimy w Dallas s\u0105 kr\u00f3tkie i umiarkowane. Wiosna i jesie\u0144 to przyjemne okresy przej\u015bciowe z kwitnieniem kwiat\u00f3w polnych (bluebonnets) i komfortowymi temperaturami.<\/p>\n<p>Zanim Dallas sta\u0142o si\u0119 miastem, obszar ten by\u0142 domem dla plemion Caddo, Wichita, Tawakoni i Comanche. By\u0142o to nominalnie terytorium hiszpa\u0144skie (a p\u00f3\u017aniej meksyka\u0144skie), dop\u00f3ki Teksas nie uzyska\u0142 niepodleg\u0142o\u015bci w 1836 roku. Nowoczesna historia Dallas rozpocz\u0119\u0142a si\u0119 w 1841 roku, kiedy handlowiec John Neely Bryan zbada\u0142 lokalizacj\u0119 na \u201ebia\u0142ej skale\u201d na rzece Trinity i za\u0142o\u017cy\u0142 punkt handlowy. Dwa lata p\u00f3\u017aniej osiedli\u0142 si\u0119 tam na sta\u0142e i nazwa\u0142 spo\u0142eczno\u015b\u0107 Dallas (prawdopodobnie na cze\u015b\u0107 wiceprezydenta George&#039;a M. Dallasa, chocia\u017c teorie s\u0105 r\u00f3\u017cne). Republika Teksasu zaanektowa\u0142a ten obszar w 1845 roku, a hrabstwo Dallas powsta\u0142o w 1846 roku. Miasto zosta\u0142o w\u0142\u0105czone w 1856 roku. Przez dziesi\u0119ciolecia by\u0142o to skromne miasto nadrzeczne i plac\u00f3wka graniczna.<\/p>\n<p>Prawdziwy rozkwit nast\u0105pi\u0142 wraz z kolejnictwem po wojnie secesyjnej. W latach 1880\u20131890 Dallas sta\u0142o si\u0119 centrum handlowym i przemys\u0142owym bawe\u0142ny (buduj\u0105c odziarniarki bawe\u0142ny i magazyny) oraz w\u0119z\u0142em kolejowym \u0142\u0105cz\u0105cym Teksas ze wschodem. Praetorian Building (1909) by\u0142 jednym z pierwszych wie\u017cowc\u00f3w na zach\u00f3d od Missisipi, symbolizuj\u0105cym rosn\u0105ce ambicje Dallas. Odkrycie ropy naftowej w pobliskim East Texas w 1930 r. niemal z dnia na dzie\u0144 przekszta\u0142ci\u0142o Dallas w stolic\u0119 finans\u00f3w energetycznych; wiele bank\u00f3w i przedsi\u0119biorstw przenios\u0142o si\u0119 tutaj, aby obs\u0142ugiwa\u0107 przemys\u0142 naftowy. W okresie II wojny \u015bwiatowej Dallas produkowa\u0142o pojazdy wojskowe i samoloty w ogromnych fabrykach, co jeszcze bardziej umocni\u0142o jego rol\u0119 przemys\u0142ow\u0105.<\/p>\n<p>Mroczniejszym momentem historycznym Dallas by\u0142 zamach na prezydenta Johna F. Kennedy&#039;ego 22 listopada 1963 r. w Dealey Plaza. Texas School Book Depository (obecnie Sixth Floor Museum) dominuje w wycieczkach kulturalnych po centrum miasta, poniewa\u017c miasto zmaga si\u0119 z tym dziedzictwem. W powojennych dekadach Dallas rozros\u0142o si\u0119 w rozleg\u0142\u0105 metropoli\u0119, anektuj\u0105c przedmie\u015bcia i buduj\u0105c nowe autostrady (I-35E, I-30, I-45, I-20). Sta\u0142o si\u0119 centrum finansowym i bankowym (\u201eBig D\u201d w finansach), jednocze\u015bnie wspieraj\u0105c o\u017cywion\u0105 scen\u0119 artystyczn\u0105 (Dallas Theater Center, lekka kolej DART w latach 90.) i to\u017csamo\u015b\u0107 kulturow\u0105 (Reunion Tower otwarto w 1978 r., Arts District si\u0119 rozr\u00f3s\u0142). Do znacz\u0105cych wydarze\u0144 nale\u017c\u0105 bombardowanie Petroleum Building w 1934 r. (powszechne) lub 1960 r. (morskie) (incydenty terrorystyczne w kraju) oraz wsp\u00f3\u0142czesne tragedie, takie jak atak na policj\u0119 w 2016 r. Podsumowuj\u0105c, historia Dallas to historia transformacji miasta z pionierskiego o\u015brodka handlowego w pot\u0119g\u0119 naftowo-technologiczn\u0105, z okresami rozkwitu, rozkwitu i renowacji.<\/p>\n<p>Dallas \u0142\u0105czy go\u015bcinno\u015b\u0107 Po\u0142udnia z wielkomiejskim zgie\u0142kiem. Miejscowy charakter jest pewny siebie, uprzejmy, a czasami efektowny. Ludzie dobrze si\u0119 ubieraj\u0105 (kowbojskie buty lub garnitury biznesowe s\u0105 r\u00f3wnie powszechne), a powszechna jest uprzejmo\u015b\u0107 \u201esir\/ma&#039;am\u201d. Kultura miasta to bogaty tygiel: silne spo\u0142eczno\u015bci afroameryka\u0144skie, latynoskie i azjatyckie przyczyniaj\u0105 si\u0119 do mozaiki miasta. Duma Teksasu jest g\u0142\u0119boka: wp\u0142yw dru\u017cyny futbolowej Dallas Cowboys jest odczuwalny wsz\u0119dzie (niekt\u00f3rzy twierdz\u0105, \u017ce w stanie jest wi\u0119cej fa\u0142szywych Rolex\u00f3w ni\u017c prawdziwych; a wielu nosi czapki \u201eJerry World\u201d). Ale poza futbolem kosmopolityczna strona Dallas jest widoczna w dzielnicy artystycznej, wyrafinowanej restauracji (ekskluzywne steakhousy, Tex-Mex i kuchnia globalna) i nowatorskich ga\u0142\u0119ziach przemys\u0142u.<\/p>\n<p>Dallas ma wiele festiwali i tradycji. Art Month (pa\u017adziernik) to czas, w kt\u00f3rym najwi\u0119kszy w kraju ci\u0105g\u0142y miejski okr\u0119g artystyczny szaleje z otwarciami, a do miasta przyje\u017cd\u017ca Contemporary Arts Fair. Dallas International Film Festival prezentuje mi\u0119dzynarodowe kino. Pride Dallas jest du\u017ce (Dallas ma jedn\u0105 z najwi\u0119kszych spo\u0142eczno\u015bci LGBT w USA i szczyci si\u0119 go\u015bcinno\u015bci\u0105). Wa\u017cne s\u0105 obchody Juneteenth (Dallas by\u0142o jednym z pierwszych, kt\u00f3re przyj\u0119\u0142y to \u015bwi\u0119to). Latem State Fair of Texas (odbywaj\u0105cy si\u0119 w pobliskim Fair Park w pa\u017adzierniku) jest g\u0142\u00f3wn\u0105 atrakcj\u0105, wraz z Big Tex, przeja\u017cd\u017ckami w po\u0142owie drogi i sma\u017conymi potrawami (\u201ewszystko jest wi\u0119ksze\u201d, rzeczywi\u015bcie). Czwartego lipca odbywaj\u0105 si\u0119 fajerwerki w ca\u0142ym mie\u015bcie (\u201eFourth at the Star\u201d w pobli\u017cu stadionu Cowboys lub fajerwerki w centrum miasta).<\/p>\n<p>\u017bycie w okolicy jest r\u00f3\u017cne: Deep Ellum t\u0119tni muzyk\u0105 na \u017cywo i muralami, Uptown Dallas (wzd\u0142u\u017c Oak Lawn Ave) t\u0119tni \u017cyciem bar\u00f3w i restauracji, a Bishop Arts w Oak Cliff przypomina modn\u0105 wiosk\u0119. Jest te\u017c silna kultura BBQ i Tex-Mex: wsz\u0119dzie s\u0105 food trucki z taco, bary z grillem i teksa\u0144skie restauracje casual dining (Dallas ma nawet w\u0142asn\u0105 \u201eMargarita Mile\u201d na koktajle). Og\u00f3lnie rzecz bior\u0105c, atmosfera Dallas jest ciep\u0142a, ale szybka \u2013 to miejsce, w kt\u00f3rym dochodzi do transakcji i ludzie nawi\u0105zuj\u0105 kontakty, a mimo to cz\u0119sto ko\u0144cz\u0105 dzie\u0144 lodowatym Dr Pepper (ulubiony nap\u00f3j gazowany Teksasu) lub taco z wo\u0142owin\u0105.<\/p>\n<p>Dallas oferuje zar\u00f3wno kultowe widoki panoramy miasta, jak i r\u00f3\u017cnorodne atrakcje. Najbardziej rozpoznawalnym symbolem jest Reunion Tower \u2013 kulista wie\u017ca widokowa wzd\u0142u\u017c rzeki Trinity \u2013 kt\u00f3rej GeO-Deck zapewnia 360-stopniowy widok na miasto. W pobli\u017cu znajduje si\u0119 Perot Museum of Nature &amp; Science, uderzaj\u0105cy zabytek architektury wype\u0142niony interaktywnymi eksponatami na temat geologii, kosmosu i skamienia\u0142o\u015bci dinozaur\u00f3w. CityPASS i listy turystyczne wyr\u00f3\u017cniaj\u0105 go jako jedn\u0105 z g\u0142\u00f3wnych atrakcji Dallas. Dallas Arboretum and Botanical Garden (na wsch\u00f3d od miasta, nad jeziorem White Rock) s\u0142ynie z sezonowych wystaw kwiat\u00f3w (wiosenne tulipany, letnie r\u00f3\u017ce, jesienne chryzantemy) i corocznej wystawy wiosennej.<\/p>\n<p>W dzielnicy artystycznej w centrum (najwi\u0119kszej w kraju) Dallas Museum of Art i Nasher Sculpture Center przyci\u0105gaj\u0105 mi\u0142o\u015bnik\u00f3w sztuki. Po drugiej stronie Dealey Plaza w centrum znajduje si\u0119 Sixth Floor Museum (w starym Book Depository) po\u015bwi\u0119cone zamachowi na JFK. Dallas Zoo (opcja CityPASS) i Dallas World Aquarium (historyczne akwarium miejskie) to popularne miejsca dla rodzin. Fani sportu mog\u0105 zwiedzi\u0107 AT&amp;T Stadium lub American Airlines Center, albo obejrze\u0107 mecze Cowboys, Mavericks (NBA) lub Stars (NHL). Je\u015bli chodzi o lokaln\u0105 histori\u0119, warto odwiedzi\u0107 George W. Bush Presidential Center (kampus SMU) i Dallas Holocaust and Human Rights Museum (na West End).<\/p>\n<p>Rekreacja na \u015bwie\u017cym powietrzu jest tu wszechobecna: Katy Trail to 3,5-milowy miejski szlak biegn\u0105cy przez Uptown; White Rock Lake Park oferuje wios\u0142owanie i bieganie; a Klyde Warren Park (po\u0142o\u017cony nad autostrad\u0105 Woodall Rodgers Freeway) to zielona oaza z food truckami i darmowym programem. Sprawd\u017a tak\u017ce historyczne kluby sztuki ulicznej i muzycznej Deep Ellum, odrestaurowany Perot Theater w West Dallas i t\u0119tni\u0105c\u0105 \u017cyciem dzielnic\u0119 Bishop Arts District, aby zrobi\u0107 zakupy w butikach i napi\u0107 si\u0119 kawy. Kr\u00f3tko m\u00f3wi\u0105c, atrakcje, kt\u00f3re trzeba zobaczy\u0107 w Dallas, obejmuj\u0105 zar\u00f3wno te wysokie (wystawy w Perot Museum, taras Reunion), jak i te mniej popularne (dzielnica Arts District, Bishop Arts Eats).<\/p>\n<p>Dallas jest wa\u017cnym w\u0119z\u0142em komunikacyjnym. Mi\u0119dzynarodowy port lotniczy Dallas\/Fort Worth (DFW) \u2013 mi\u0119dzy Dallas a Fort Worth \u2013 jest jednym z najbardziej ruchliwych lotnisk na \u015bwiecie, z bezpo\u015brednimi lotami na ca\u0142ym \u015bwiecie. Love Field (DAL) na p\u00f3\u0142nocy Dallas obs\u0142uguje wiele lot\u00f3w krajowych (po\u0142udniowy zach\u00f3d, Alaska). Sie\u0107 mi\u0119dzystanowa jest rozleg\u0142a: I-35E p\u00f3\u0142noc-po\u0142udnie, I-30 wsch\u00f3d-zach\u00f3d przez centrum, I-45 po\u0142udnie, I-20 po\u0142udnie i p\u0119tla I-635 okr\u0105\u017caj\u0105 miasto. Dallas Area Rapid Transit (DART) zapewnia lekk\u0105 kolej (cztery linie o d\u0142ugo\u015bci ~90 mil) i autobusy; linie zielona i pomara\u0144czowa \u0142\u0105cz\u0105 lotnisko z centrum. Pomara\u0144czowa linia DART zapewnia bezpo\u015bredni przejazd z DFW do centrum i w pobli\u017ce Centrum Kongresowego.<\/p>\n<p>Dallas jest bardzo zorientowane na samochody \u2013 spodziewaj si\u0119 czasami du\u017cego ruchu i planuj d\u0142u\u017csze podr\u00f3\u017ce. Parkingi w centrum s\u0105 liczne, ale mog\u0105 by\u0107 drogie; wielu odwiedzaj\u0105cych korzysta z DART lub wsp\u00f3\u0142dzielonych przejazd\u00f3w, aby ich unikn\u0105\u0107. W centrum Dallas dzielnice takie jak Uptown, Downtown i Deep Ellum s\u0105 dost\u0119pne dla pieszych. Rowery sta\u0142y si\u0119 bardziej popularne (istnieje program wsp\u00f3\u0142dzielenia i zielone szlaki), ale uwa\u017caj na upa\u0142.<\/p>\n<p>Dallas le\u017cy w strefie czasowej Central Time (UTC-6). Powszechnie m\u00f3wi si\u0119 po angielsku i hiszpa\u0144sku. Jak w wi\u0119kszo\u015bci miast w USA, no\u015b przy sobie dolary ameryka\u0144skie i sprawdzaj pogod\u0119 (burze latem mog\u0105 by\u0107 dramatyczne). Norm\u0105 jest napiwek w wysoko\u015bci 15\u201320% w restauracjach. Dallas jest og\u00f3lnie bezpieczne w rejonach turystycznych; przest\u0119pstwa z u\u017cyciem przemocy cz\u0119sto koncentruj\u0105 si\u0119 w odleg\u0142ych cz\u0119\u015bciach South Dallas i Oak Cliff, wi\u0119c standardowa czujno\u015b\u0107 jest rozs\u0105dna. Kluczowa jest ochrona przed s\u0142o\u0144cem (oparzenia s\u0142oneczne mog\u0105 powsta\u0107 nawet od odbitego szk\u0142a wie\u017cowca). Wiek, w kt\u00f3rym mo\u017cna pi\u0107 alkohol, wynosi 21 lat, a Teksas k\u0142adzie du\u017cy nacisk na etykiet\u0119 grillowania (dopuszczalne jest rozmawianie o polityce Teksasu, ale nie zadzieraj z teksa\u0144sk\u0105 wo\u0142owin\u0105!).<\/p>\n<p>Podsumowuj\u0105c, Dallas to energiczne, nowoczesne miasto o g\u0142\u0119bokich, tradycyjnych korzeniach. Jego linia horyzontu i styl odzwierciedlaj\u0105 odwa\u017cny etos Teksasu, a jego dzielnice witaj\u0105 wszystkich w prawdziwym po\u0142udniowym cieple. Od centrum high-tech po dzielnic\u0119 sztuki \u015bwiatowej klasy, od legendarnego Tex-Mex po kowbojskie legendy, Dallas oferuje z\u0142o\u017cone, kosmopolityczne do\u015bwiadczenie Po\u0142udnia \u2013 miasto zar\u00f3wno uziemione, jak i ambitne.<a href=\"https:\/\/travelshelper.com\/pl\/miejsca-docelowe\/ameryka-polnocna\/stany-zjednoczone-ameryki\/berkeley-springs\/\" target=\"_self\" aria-labelledby=\"uael-post-8997\"><br \/>\n<\/a><\/p>","protected":false},"excerpt":{"rendered":"<p>Dallas to t\u0119tni\u0105ca \u017cyciem i dynamiczna metropolia po\u0142o\u017cona w stanie Teksas w USA. Licz\u0105ca 7,5 miliona mieszka\u0144c\u00f3w, jest najludniejszym miastem w metropolii Dallas\u2013Fort Worth, najludniejszym obszarem metropolitalnym w Teksasie i czwartym pod wzgl\u0119dem liczby ludno\u015bci obszarem metropolitalnym w Stanach Zjednoczonych. Stolica hrabstwa Dallas, Dallas, rozci\u0105ga si\u0119 na hrabstwa Collin, Denton, Kaufman i Rockwall. Po Houston i San Antonio, Dallas jest dziewi\u0105tym pod wzgl\u0119dem liczby ludno\u015bci miastem w Stanach Zjednoczonych i trzecim pod wzgl\u0119dem liczby ludno\u015bci miastem w Teksasie wed\u0142ug spisu z 2020 roku. Dallas, w regionie P\u00f3\u0142nocnego Teksasu, jest centrum najwi\u0119kszego obszaru metropolitalnego w po\u0142udniowych Stanach Zjednoczonych i najwi\u0119kszym \u015br\u00f3dl\u0105dowym obszarem metropolitalnym w Stanach Zjednoczonych bez \u017ceglownego po\u0142\u0105czenia z morzem.<\/p>","protected":false},"author":1,"featured_media":3097,"parent":8072,"menu_order":0,"comment_status":"closed","ping_status":"closed","template":"elementor_theme","meta":{"_eb_attr":"","footnotes":""},"class_list":["post-8763","page","type-page","status-publish","has-post-thumbnail"],"_links":{"self":[{"href":"https:\/\/travelshelper.com\/pl\/wp-json\/wp\/v2\/pages\/8763","targetHints":{"allow":["GET"]}}],"collection":[{"href":"https:\/\/travelshelper.com\/pl\/wp-json\/wp\/v2\/pages"}],"about":[{"href":"https:\/\/travelshelper.com\/pl\/wp-json\/wp\/v2\/types\/page"}],"author":[{"embeddable":true,"href":"https:\/\/travelshelper.com\/pl\/wp-json\/wp\/v2\/users\/1"}],"replies":[{"embeddable":true,"href":"https:\/\/travelshelper.com\/pl\/wp-json\/wp\/v2\/comments?post=8763"}],"version-history":[{"count":0,"href":"https:\/\/travelshelper.com\/pl\/wp-json\/wp\/v2\/pages\/8763\/revisions"}],"up":[{"embeddable":true,"href":"https:\/\/travelshelper.com\/pl\/wp-json\/wp\/v2\/pages\/8072"}],"wp:featuredmedia":[{"embeddable":true,"href":"https:\/\/travelshelper.com\/pl\/wp-json\/wp\/v2\/media\/3097"}],"wp:attachment":[{"href":"https:\/\/travelshelper.com\/pl\/wp-json\/wp\/v2\/media?parent=8763"}],"curies":[{"name":"wp","href":"https:\/\/api.w.org\/{rel}","templated":true}]}}