{"id":8723,"date":"2024-09-04T14:00:30","date_gmt":"2024-09-04T14:00:30","guid":{"rendered":"https:\/\/travelshelper.com\/staging\/?page_id=8723"},"modified":"2026-03-13T17:42:21","modified_gmt":"2026-03-13T17:42:21","slug":"fort-lauderdale","status":"publish","type":"page","link":"https:\/\/travelshelper.com\/pl\/destinations\/north-america\/united-states\/fort-lauderdale\/","title":{"rendered":"Fort Lauderdale"},"content":{"rendered":"<p>Fort Lauderdale to \u015bredniej wielko\u015bci nadmorskie miasto w po\u0142udniowo-wschodniej Florydzie, oko\u0142o 23 mile na p\u00f3\u0142noc od Miami. Jego obecna populacja wynosi oko\u0142o 185 000, co czyni je najwi\u0119kszym miastem hrabstwa Broward i znacz\u0105cym filarem obszaru metropolitalnego Miami. Gospodarka miasta to mieszanka turystyki, przemys\u0142u morskiego i sektor\u00f3w us\u0142ug: Port Everglades (bliski port g\u0142\u0119bokowodny) i mi\u0119dzynarodowe lotnisko Fort Lauderdale\u2013Hollywood s\u0105 g\u0142\u00f3wnymi motorami nap\u0119dowymi gospodarki. Doch\u00f3d na mieszka\u0144ca jest stosunkowo wysoki \u2013 ostatnie dane pokazuj\u0105, \u017ce \u015bredni doch\u00f3d gospodarstwa domowego wynosi oko\u0142o 128 000 USD, chocia\u017c prawie 15% mieszka\u0144c\u00f3w \u017cyje poni\u017cej granicy ub\u00f3stwa. Pod wzgl\u0119dem demograficznym Fort Lauderdale pozostaje w wi\u0119kszo\u015bci bia\u0142e (oko\u0142o 61%), a oko\u0142o 32% mieszka\u0144c\u00f3w identyfikuje si\u0119 jako czarni lub Afroamerykanie. Prawie jedna czwarta populacji urodzi\u0142a si\u0119 za granic\u0105, zw\u0142aszcza z Ameryki \u0141aci\u0144skiej i Karaib\u00f3w, co nadaje miastu bogaty wieloj\u0119zyczny charakter. Dominuje j\u0119zyk angielski, ale na ulicach powszechnie s\u0142ycha\u0107 r\u00f3wnie\u017c hiszpa\u0144ski i kreolski haita\u0144ski. Kr\u00f3tko m\u00f3wi\u0105c, Fort Lauderdale \u201ew liczbach\u201d to \u015bredniej wielko\u015bci, zamo\u017cne ameryka\u0144skie miasto z r\u00f3\u017cnorodn\u0105, \u200b\u200bkosmopolityczn\u0105 populacj\u0105, kt\u00f3rego podstaw\u0105 jest silna gospodarka oparta na turystyce i us\u0142ugach.<\/p>\n<p>Geograficznie Fort Lauderdale le\u017cy na atlantyckim wybrze\u017cu Florydy \u2013 cz\u0119\u015bci nisko po\u0142o\u017conej r\u00f3wniny przybrze\u017cnej Po\u0142udniowej Florydy. Zajmuje w\u0105ski pas l\u0105du mi\u0119dzy oceanem a seri\u0105 wysp barierowych i \u015br\u00f3dl\u0105dowych dr\u00f3g wodnych. Miasto jest czasami nazywane \u201eWenecj\u0105 Ameryki\u201d ze wzgl\u0119du na 165 mil \u017ceglownych kana\u0142\u00f3w. Krajobraz jest p\u0142aski i bujny, z tropikalnymi\/subtropikalnymi palmami, namorzynowymi drogami wodnymi i fragmentami przybrze\u017cnych teren\u00f3w podmok\u0142ych. Klimat jest znany ze s\u0142onecznego i ciep\u0142ego klimatu: Fort Lauderdale ma \u015brednio oko\u0142o 3000 godzin s\u0142onecznych rocznie. Zimowe dzienne maksima wynosz\u0105 wysokie 60\u2013niskie 70\u00b0F (oko\u0142o 20\u00b0C), a latem rutynowo wznosz\u0105 si\u0119 do 80\u201390\u00b0F (27\u201335\u00b0C), \u0142agodzone przez sta\u0142e morskie bryzy. Opady deszczu s\u0105 sezonowe (g\u0142\u00f3wnie letnie burze), a przymrozki s\u0105 praktycznie niespotykane. Kr\u00f3tko m\u00f3wi\u0105c, miasto cieszy si\u0119 p\u00f3\u0142tropikalnym klimatem z ciep\u0142ymi, wilgotnymi latami, \u0142agodnymi zimami i sta\u0142ymi pasatami znad Atlantyku \u2013 warunkami, kt\u00f3re definiuj\u0105 jego spokojne, nas\u0142onecznione otoczenie.<\/p>\n<p>Pocz\u0105tki Fort Lauderdale le\u017c\u0105 w wojskowej plac\u00f3wce, a nie w staro\u017cytnej legendzie. Miasto zosta\u0142o nazwane na cze\u015b\u0107 ma\u0142ej fortyfikacji zbudowanej nad rzek\u0105 New River w 1838 roku przez majora Williama Lauderdale&#039;a z armii USA, podczas drugiej wojny seminolskiej. Po tym militarnym pocz\u0105tku obszar ten by\u0142 s\u0142abo zaludniony a\u017c do ko\u0144ca XIX wieku. Sta\u0142y wzrost rozpocz\u0105\u0142 si\u0119 wraz z przybyciem Florida East Coast Railway i boomem grunt\u00f3w na Florydzie w latach 20. XX wieku. Fort Lauderdale zosta\u0142o formalnie w\u0142\u0105czone w 1911 roku i zosta\u0142o wyznaczone na siedzib\u0119 nowo utworzonego hrabstwa Broward w 1915 roku. Wczesny dobrobyt zosta\u0142 niemal zniweczony przez Wielki Huragan Miami w 1926 roku i Wielki Kryzys, kt\u00f3ry znacznie spowolni\u0142 rozw\u00f3j.<\/p>\n<p>Losy miasta od\u017cy\u0142y w trakcie i po II wojnie \u015bwiatowej. Du\u017ca baza lotnictwa morskiego przyci\u0105gn\u0119\u0142a tysi\u0105ce \u017co\u0142nierzy, co zapocz\u0105tkowa\u0142o powojenny boom demograficzny. W latach 50. i 60. XX wieku podmiejskie osiedla mieszkaniowe si\u0119 rozros\u0142y, a miasto rozkwit\u0142o i sta\u0142o si\u0119 wa\u017cnym o\u015brodkiem wypoczynkowym. Niegdy\u015b skromna wioska rybacka zosta\u0142a przekszta\u0142cona w nowoczesne miasto hoteli, dzielnic handlowych i marin. Pod koniec XX wieku Fort Lauderdale sta\u0142o si\u0119 jednym z najwi\u0119kszych na \u015bwiecie o\u015brodk\u00f3w \u017ceglarskich i \u201ezimowym placem zabaw\u201d dla \u015bnie\u017cnych ptak\u00f3w. Przemys\u0142 rejsowy r\u00f3wnie\u017c znalaz\u0142 tu sw\u00f3j dom \u2013 dzi\u015b Port Everglades jest jednym z najbardziej ruchliwych port\u00f3w wycieczkowych na \u015bwiecie. Podczas tych zmian Fort Lauderdale zachowa\u0142o to\u017csamo\u015b\u0107 \u201ekurortu nadmorskiego\u201d, nawet gdy budowa\u0142o szpitale, uniwersytety (w tym kampus Florida Atlantic University) i dzielnic\u0119 finansow\u0105 w centrum miasta. W ostatnich latach miasto skupi\u0142o si\u0119 na rewitalizacji miejskiej: nowe wie\u017cowce wzd\u0142u\u017c wody, odrestaurowane zabytki i instytucje kulturalne zmieni\u0142y jego panoram\u0119. Jednak dziedzictwo tych wczesnych dekad rozkwitu i upadku nadal jest widoczne w zr\u00f3\u017cnicowanym charakterze Fort Lauderdale \u2013 od apartamentowc\u00f3w w stylu art d\u00e9co z lat 20. XX wieku na Las Olas po ultramoderne wie\u017cowce na Intracoastal.<\/p>\n<p>Dzisiaj Fort Lauderdale sprawia wra\u017cenie spokojnego, ale wyrafinowanego miasta pla\u017cowego. Jego klimat to mieszanka \u201eo\u015brodka wypoczynkowego Po\u0142udniowej Florydy\u201d z wielokulturowym podtekstem. Lokalna kultura odzwierciedla du\u017ce spo\u0142eczno\u015bci hiszpa\u0144skoj\u0119zyczne i karaibskie. Festiwale i wydarzenia s\u0105 liczne i r\u00f3\u017cnorodne \u2013 na przyk\u0142ad coroczna parada z okazji Dnia \u015awi\u0119tego Patryka przez centrum miasta jest du\u017c\u0105 atrakcj\u0105, obok imprez pla\u017cowych o tematyce karaibskiej i du\u017cych pokaz\u00f3w \u0142odzi. J\u0119zykiem urz\u0119dowym jest angielski, ale na ka\u017cdym bloku mo\u017cna us\u0142ysze\u0107 hiszpa\u0144ski, kreolski haita\u0144ski lub francuski. Rzeczywi\u015bcie, ponad 21% mieszka\u0144c\u00f3w urodzi\u0142o si\u0119 za granic\u0105, co nada\u0142o restauracjom i sklepom globalny charakter (kuba\u0144skie kawiarnie, jamajskie piekarnie itp.).<\/p>\n<p>Mieszka\u0144cy Fort Lauderdale opisuj\u0105 \u017cycie w mie\u015bcie jako swobodne i zorientowane na wypoczynek na \u015bwie\u017cym powietrzu. Typowa rutyna mo\u017ce obejmowa\u0107 poranne zaj\u0119cia na pla\u017cy lub kanale (bieganie, p\u0142ywanie \u0142\u00f3dk\u0105, joga), leniwy lunch na Las Olas Boulevard lub nad wod\u0105 oraz wieczorne spotkania w pubach na \u015bwie\u017cym powietrzu lub galeriach. To miejsce, w kt\u00f3rym wiele \u017cycia towarzyskiego dzieje si\u0119 na \u015bwie\u017cym powietrzu: kawiarnie na chodnikach, festiwale morskie, pola golfowe i targi sztuki. Dzielnice takie jak Coral Ridge i Victoria Park s\u0105 ciep\u0142e i przyjazne, z \u201eswobodnym stylem Florydy\u201d. Ludzie s\u0105 na og\u00f3\u0142 otwarci \u2013 instruktorzy surfingu i nauczyciele jogi spotykaj\u0105 si\u0119 z dyrektorami w mie\u015bcie na konwencjach. Nawet w najbardziej ruchliwym sezonie turystycznym, otoczone palmami bulwary miasta i kilometry nadbrze\u017cnych park\u00f3w sprzyjaj\u0105 poczuciu przestrzeni i spokoju. Podsumowuj\u0105c, atmosfera Fort Lauderdale \u0142\u0105czy kosmopolityczne wygody z wyluzowanym morskim tempem; Odwiedzaj\u0105cy cz\u0119sto zauwa\u017caj\u0105, \u017ce jako \u201em\u0142odsza siostra Miami\u201d miasto charakteryzuje si\u0119 mniejszym zgie\u0142kiem i wi\u0119ksz\u0105 ilo\u015bci\u0105 s\u0142o\u0144ca na wodzie.<\/p>\n<p>Atrakcje Fort Lauderdale skupiaj\u0105 si\u0119 wok\u00f3\u0142 s\u0142o\u0144ca, morza i kultury. Przede wszystkim jest Fort Lauderdale Beach, siedmiomilowy odcinek g\u0142adkiego, jasnego piasku, otoczony szerok\u0105, zacienion\u0105 palmami promenad\u0105. Ta pla\u017ca jest powszechnie uznawana za \u201ejedn\u0105 z najlepszych pla\u017c na Florydzie\u201d. P\u0142ytka, ciep\u0142a woda, brzegi nadzorowane przez ratownik\u00f3w i \u0142atwe parkowanie sprawiaj\u0105, \u017ce jest idealna dla rodzin. Obok pla\u017cy znajduje si\u0119 Las Olas Boulevard, milowa arteria gastronomiczno-handlowa, kt\u00f3ra \u0142\u0105czy centrum miasta z oceanem. Las Olas szczyci si\u0119 ponad 100 sklepami, butikami i galeriami sztuki, a tak\u017ce dziesi\u0105tkami kawiarni i bistro na chodnikach. To modna promenada miasta, na kt\u00f3rej spotykaj\u0105 si\u0119 miejscowi i tury\u015bci, szczeg\u00f3lnie wieczorami i w weekendy.<\/p>\n<p>W g\u0142\u0119bi l\u0105du, Fort Lauderdale Riverwalk (nazywany r\u00f3wnie\u017c Arts &amp; Entertainment District) oferuje zmian\u0119 tempa. Ta 2,5-milowa \u015bcie\u017cka wzd\u0142u\u017c rzeki biegnie wzd\u0142u\u017c New River przez \u015br\u00f3dmie\u015bcie miasta i dzielnic\u0119 muzealn\u0105. Wzd\u0142u\u017c Riverwalk znajdziesz parki, sztuk\u0119 publiczn\u0105 i restauracje nad wod\u0105. Mija dziesi\u0119\u0107 park\u00f3w liniowych, w kt\u00f3rych mo\u017cna ogl\u0105da\u0107 jachty, \u0142odzie wios\u0142owe i okazjonalne gondole wycieczkowe (jest nawet bezp\u0142atna taks\u00f3wka wodna). Riverwalk \u0142\u0105czy kluczowe zabytki, takie jak Broward Center for the Performing Arts i interaktywne Museum of Discovery and Science. Aby rzuci\u0107 okiem na natur\u0119, Bonnet House Museum &amp; Gardens jest obowi\u0105zkowym punktem zwiedzania: posiad\u0142o\u015b\u0107 z lat 20. XX wieku po\u0142o\u017cona po\u015br\u00f3d zabudowy miasta. Stuletni Bonnet House (dom-muzeum) rozci\u0105ga si\u0119 na 36 akrach bujnych ogrod\u00f3w, z zabytkowym domem pe\u0142nym dzie\u0142 sztuki i antyk\u00f3w. Ta botaniczna i architektoniczna oaza \u2013 z pla\u017cami, namorzynami i ogrodami wsp\u00f3\u0142istniej\u0105cymi \u2013 daje przedsmak starej Florydy. Do innych atrakcji nale\u017cy Stranahan House (najstarsza zachowana budowla w Fort Lauderdale, obecnie muzeum historii lokalnej) oraz r\u00f3\u017cne mariny oferuj\u0105ce rejsy wycieczkowe i dost\u0119p do malowniczych dr\u00f3g wodnych.<\/p>\n<p>Zar\u00f3wno golfi\u015bci, jak i zakupoholicy uwa\u017caj\u0105 liczne pola golfowe i centra handlowe (takie jak ekskluzywne Galleria Mall i Sawgrass Mills) za g\u0142\u00f3wne atrakcje miasta. Noc\u0105, wype\u0142niony jachtami bulwar Las Olas Boulevard roz\u015bwietla si\u0119 muzyk\u0105 z bar\u00f3w na dachach, pe\u0142ni\u0105c funkcj\u0119 centrum towarzyskiego. A je\u015bli chodzi o rozrywk\u0119 rodzinn\u0105, Muzeum Odkry\u0107 i Nauki (z wystawami dinozaur\u00f3w i kinem IMAX) jest niezmiennie ulubionym miejscem. Nie mo\u017cna tego przegapi\u0107: pozycja Fort Lauderdale jako stolicy rejs\u00f3w oznacza, \u017ce \u200b\u200bogromny Port Everglades jest miejscem, kt\u00f3re wielu odwiedza \u2013 czy to w celu wyruszenia w rejs po Karaibach, czy te\u017c ogl\u0105dania przyp\u0142ywaj\u0105cych i odp\u0142ywaj\u0105cych ogromnych statk\u00f3w, co samo w sobie jest prze\u017cyciem.<\/p>\n<p>Fort Lauderdale jest bardzo \u0142atwo dost\u0119pny. Jego g\u0142\u00f3wnym lotniskiem jest Fort Lauderdale\u2013Hollywood International (FLL), ruchliwy w\u0119ze\u0142 dla lot\u00f3w krajowych i mi\u0119dzynarodowych. FLL oferuje bezpo\u015brednie po\u0142\u0105czenia do 140 destynacji i obs\u0142uguje ponad 80 000 podr\u00f3\u017cnych dziennie. Bezp\u0142atny autobus wahad\u0142owy \u0142\u0105czy terminale lotniska z poblisk\u0105 stacj\u0105 kolejow\u0105 Tri-Rail (w Dania Beach), kt\u00f3ra zapewnia cz\u0119ste po\u0142\u0105czenia regionalne wzd\u0142u\u017c wybrze\u017ca po\u0142udniowej Florydy. (Linia Tri-Rail \u0142\u0105czy si\u0119 z Miami i Palm Beach, z przystankiem w pobli\u017cu lotniska Hollywood-Ft. Lauderdale). Alternatywnie, wielu podr\u00f3\u017cnych leci do pobliskiego mi\u0119dzynarodowego lotniska w Miami, zaledwie 30 mil na po\u0142udnie, i przesiada si\u0119 do Fort Lauderdale samochodem lub autobusem. Samochodem, Interstate 95 biegnie z p\u00f3\u0142nocy na po\u0142udnie przez miasto, a autostrada Turnpike na Florydzie \u0142\u0105czy je z Orlando i dalej.<\/p>\n<p>Centrum Fort Lauderdale i obszar pla\u017cy s\u0105 do\u015b\u0107 dost\u0119pne pieszo, szczeg\u00f3lnie wok\u00f3\u0142 Las Olas i Riverwalk. Miasto obs\u0142uguje bezp\u0142atny lokalny autobus (Sun Trolley) na kilku trasach okr\u0119\u017cnych, co jest przydatne w strefach turystycznych. Regularne autobusy hrabstwa Broward \u0142\u0105cz\u0105 wi\u0119kszo\u015b\u0107 dzielnic, a Tri-Rail obs\u0142uguje trasy podmiejskie. Taks\u00f3wki i us\u0142ugi wsp\u00f3\u0142dzielenia przejazd\u00f3w s\u0105 szeroko dost\u0119pne. Wielu odwiedzaj\u0105cych uwa\u017ca, \u017ce \u200b\u200bnaj\u0142atwiej jest wypo\u017cyczy\u0107 samoch\u00f3d, poniewa\u017c atrakcje takie jak Sawgrass Mills lub wycieczki do Everglades s\u0105 dalej. Ruch mo\u017ce by\u0107 du\u017cy w szczycie sezonu (grudzie\u0144\u2013kwiecie\u0144) i w weekendy \u015bwi\u0105teczne, wi\u0119c warto uwzgl\u0119dni\u0107 dodatkowy czas na podr\u00f3\u017c.<\/p>\n<p>Fort Lauderdale u\u017cywa dolara ameryka\u0144skiego. J\u0119zykiem urz\u0119dowym jest angielski, cho\u0107 wielu mieszka\u0144c\u00f3w m\u00f3wi r\u00f3wnie\u017c po hiszpa\u0144sku lub kreolsku. Zwyczajowo daje si\u0119 napiwki w wysoko\u015bci oko\u0142o 15\u201320% w restauracjach i taks\u00f3wkach. Ze wzgl\u0119du na pla\u017cowy nacisk, lekkie letnie ubrania, stroje k\u0105pielowe i ochrona przeciws\u0142oneczna s\u0105 niezb\u0119dne. Poniewa\u017c jest to karaibska destynacja, uwa\u017caj na komary o \u015bwicie\/zmierzchu. Obowi\u0105zuje swobodny dress code (nawet w \u0142adniejszych restauracjach, szorty i polo s\u0105 zazwyczaj odpowiednie dla m\u0119\u017cczyzn). Fort Lauderdale jest og\u00f3lnie bezpieczne, ale obowi\u0105zuj\u0105 zwyk\u0142e \u015brodki ostro\u017cno\u015bci w mie\u015bcie \u2013 trzymaj warto\u015bciowe rzeczy w bezpiecznym miejscu, b\u0105d\u017a czujny na ruchliwych chodnikach i unikaj pustych pla\u017c noc\u0105. Og\u00f3lnie rzecz bior\u0105c, atmosfera jest przyjazna i otwarta, odzwierciedlaj\u0105c charakter miasta zorientowany na turyst\u00f3w.<a href=\"https:\/\/travelshelper.com\/pl\/miejsca-docelowe\/ameryka-polnocna\/stany-zjednoczone-ameryki\/berkeley-springs\/\" target=\"_self\" aria-labelledby=\"uael-post-8997\"><br \/>\n<\/a><\/p>","protected":false},"excerpt":{"rendered":"<p>Fort Lauderdale to energiczne nadmorskie miasto w ameryka\u0144skim stanie Floryda, oko\u0142o 30 mil (48 km) na p\u00f3\u0142noc od Miami wzd\u0142u\u017c Oceanu Atlantyckiego. Jak podano w spisie powszechnym z 2020 r., Fort Lauderdale, stolica hrabstwa i najludniejsze miasto w hrabstwie Broward, ma 182 260 obywateli. Z populacj\u0105 obszaru metropolitalnego wynosz\u0105c\u0105 6 166 488 w 2019 r. Fort Lauderdale zajmuje trzecie miejsce pod wzgl\u0119dem liczby ludno\u015bci w obszarze metropolitalnym Miami, po Miami i Hialeah. Dzi\u0119ki temu miasto to jest dziesi\u0105tym pod wzgl\u0119dem liczby ludno\u015bci na Florydzie.<\/p>","protected":false},"author":1,"featured_media":2720,"parent":8072,"menu_order":0,"comment_status":"closed","ping_status":"closed","template":"elementor_theme","meta":{"_eb_attr":"","footnotes":""},"class_list":["post-8723","page","type-page","status-publish","has-post-thumbnail"],"_links":{"self":[{"href":"https:\/\/travelshelper.com\/pl\/wp-json\/wp\/v2\/pages\/8723","targetHints":{"allow":["GET"]}}],"collection":[{"href":"https:\/\/travelshelper.com\/pl\/wp-json\/wp\/v2\/pages"}],"about":[{"href":"https:\/\/travelshelper.com\/pl\/wp-json\/wp\/v2\/types\/page"}],"author":[{"embeddable":true,"href":"https:\/\/travelshelper.com\/pl\/wp-json\/wp\/v2\/users\/1"}],"replies":[{"embeddable":true,"href":"https:\/\/travelshelper.com\/pl\/wp-json\/wp\/v2\/comments?post=8723"}],"version-history":[{"count":0,"href":"https:\/\/travelshelper.com\/pl\/wp-json\/wp\/v2\/pages\/8723\/revisions"}],"up":[{"embeddable":true,"href":"https:\/\/travelshelper.com\/pl\/wp-json\/wp\/v2\/pages\/8072"}],"wp:featuredmedia":[{"embeddable":true,"href":"https:\/\/travelshelper.com\/pl\/wp-json\/wp\/v2\/media\/2720"}],"wp:attachment":[{"href":"https:\/\/travelshelper.com\/pl\/wp-json\/wp\/v2\/media?parent=8723"}],"curies":[{"name":"wp","href":"https:\/\/api.w.org\/{rel}","templated":true}]}}