{"id":8675,"date":"2024-09-04T10:54:39","date_gmt":"2024-09-04T10:54:39","guid":{"rendered":"https:\/\/travelshelper.com\/staging\/?page_id=8675"},"modified":"2026-03-13T18:05:45","modified_gmt":"2026-03-13T18:05:45","slug":"salt-lake-city","status":"publish","type":"page","link":"https:\/\/travelshelper.com\/pl\/destinations\/north-america\/united-states\/salt-lake-city\/","title":{"rendered":"Salt Lake City"},"content":{"rendered":"<p>Salt Lake City w stanie Utah rozci\u0105ga si\u0119 w wysokiej g\u00f3rskiej dolinie u podn\u00f3\u017ca pasma Wasatch. Le\u017cy oko\u0142o 4300 st\u00f3p nad poziomem morza, a surowe szczyty Uintas i Wasatch gwa\u0142townie wznosz\u0105 si\u0119 na wsch\u00f3d. Siatka miejska (maj\u0105ca sw\u00f3j pocz\u0105tek na Temple Square) rozci\u0105ga si\u0119 w precyzyjnym uk\u0142adzie p\u00f3\u0142noc-po\u0142udnie\/wsch\u00f3d-zach\u00f3d. Na horyzoncie dominuje \u015awi\u0105tynia Salt Lake i kompleks \u015br\u00f3dmiejski Ko\u015bcio\u0142a LDS. W wielu kierunkach na horyzoncie wida\u0107 Wielkie Jezioro S\u0142one i kotliny pustynne. Og\u00f3lne wra\u017cenie to czyste, uporz\u0105dkowane miasto na tle surowego, pokrytego \u015bniegiem g\u00f3rskiego t\u0142a. \u015awiat\u0142o jest cz\u0119sto jasne (dzi\u0119ki wysoko\u015bci i suchemu powietrzu), a zima przynosi obfite opady \u015bniegu, kt\u00f3re zamieniaj\u0105 otaczaj\u0105ce podn\u00f3\u017ca wzg\u00f3rz w zimowy plac zabaw. Salt Lake City wydaje si\u0119 jednocze\u015bnie nowoczesne (z rozwojem przemys\u0142u technologicznego) i pionierskie (z dziewi\u0119tnastowiecznym dziedzictwem mormon\u00f3w).<\/p>\n<p>Salt Lake City jest stolic\u0105 i najwi\u0119kszym miastem stanu Utah. W 2020 r. populacja miasta wynosi\u0142a 199 723 os\u00f3b i stale ro\u015bnie: do 2023 r. osi\u0105gn\u0119\u0142a oko\u0142o 203 888 os\u00f3b (oko\u0142o +1,3% od 2022 r.). Obszar metropolitalny liczy oko\u0142o 1,2 miliona mieszka\u0144c\u00f3w; \u0142\u0105czny obszar statystyczny (Salt Lake City\u2013Ogden\u2013Provo) wynosi prawie 2,7 miliona. Podzia\u0142 rasowy\/etniczny miasta to w wi\u0119kszo\u015bci biali (nie-Hiszpanie) na poziomie ~65%, z mieszka\u0144cami pochodzenia latynoskiego lub hiszpa\u0144skiego na poziomie 9% i Azjatami na poziomie 5%. (W\u015br\u00f3d licznych cz\u0142onk\u00f3w Ko\u015bcio\u0142a Mormona jest wielu cz\u0142onk\u00f3w pochodzenia latynoskiego; w ca\u0142ym stanie Utah oko\u0142o 14% stanowi\u0105 Latynosi). Mediana dochod\u00f3w gospodarstw domowych w SLC jest stosunkowo wysoka i wynosi oko\u0142o 75 000 USD rocznie (obszar metropolitalny, nap\u0119dzany siln\u0105 gospodark\u0105, ma jeden z najwy\u017cszych \u015brednich dochod\u00f3w w kraju).<\/p>\n<p>Gospodarka Salt Lake City sta\u0142a si\u0119 zdywersyfikowana. Historycznie regionalne centrum handlu i g\u00f3rnictwa, dzi\u015b s\u0142ynie z technologii, finans\u00f3w i opieki zdrowotnej. Znane jako regionalne centrum bankowe, jest siedzib\u0105 takich firm jak Zions Bancorp i Questar (obie z listy Fortune 1000). Inne du\u017ce nazwy korporacyjne to Intermountain Health (szpitale), Sinclair Oil i Smith&#039;s Food &amp; Drug. W ostatnich dekadach SLC sta\u0142o si\u0119 centrum technologicznym \u2013 cz\u0119sto nazywanym sercem \u201eSilicon Slopes\u201d. W 2022 r. w mie\u015bcie by\u0142o oko\u0142o 67 500 miejsc pracy w bran\u017cy technologicznej, co stanowi wzrost o 12% od 2019 r. Kluczowi pracodawcy technologiczni to Adobe i Qualtrics, a tak\u017ce wiele startup\u00f3w. Salt Lake City jest r\u00f3wnie\u017c centrum bran\u017cy narciarstwa turystycznego w stanie Utah. Korporacje takie jak Adobe, eBay i Qualtrics maj\u0105 du\u017ce biura w SLC, a miasto by\u0142o gospodarzem Zimowych Igrzysk Olimpijskich 2002 (podnosz\u0105c jego mi\u0119dzynarodowy profil).<\/p>\n<p>Salt Lake City le\u017cy w g\u00f3rach na zachodzie Stan\u00f3w Zjednoczonych. Znajduje si\u0119 w p\u00f3\u0142nocnym stanie Utah, oko\u0142o 20 mil na po\u0142udniowy wsch\u00f3d od Wielkiego Jeziora S\u0142onego. Miasto zajmuje p\u0142ask\u0105 dolin\u0119, otoczon\u0105 od wschodu stromym pasmem Wasatch (ze szczytami powy\u017cej 11 000 st\u00f3p), a od zachodu G\u00f3rami Oquirrh. S\u0142one wody Wielkiego Jeziora S\u0142onego s\u0105 widoczne na p\u00f3\u0142nocnym zachodzie w pogodne dni. To wysokie, pustynne po\u0142o\u017cenie doliny oznacza p\u00f3\u0142pustynny klimat: zimy s\u0105 zimne i \u015bnie\u017cne, a lata gor\u0105ce i suche. Zgodnie z klasyfikacj\u0105 K\u00f6ppena le\u017cy na granicy mi\u0119dzy klimatem \u015br\u00f3dziemnomorskim (Csa) a klimatem kontynentalnym z suchym latem (Dsa). W praktyce lata s\u0105 d\u0142ugie, gor\u0105ce i przewa\u017cnie s\u0142oneczne (cz\u0119sto 85\u201395\u00b0F), podczas gdy zimy s\u0105 zimne z ponad 50 calami \u015bniegu w g\u00f3rach (\u015brednia temperatura w mie\u015bcie w zimie wynosi 20\u201340\u00b0F). Ze wzgl\u0119du na nisk\u0105 wilgotno\u015b\u0107 powietrza, wysokie temperatury cz\u0119sto gwa\u0142townie spadaj\u0105 noc\u0105, a s\u0142o\u0144ce jest bardzo intensywne.<\/p>\n<p>Salt Lake City zosta\u0142o za\u0142o\u017cone w lipcu 1847 roku przez mormon\u00f3w-pionier\u00f3w pod wodz\u0105 Brighama Younga. Poszukuj\u0105c miejsca, w kt\u00f3rym mogliby swobodnie praktykowa\u0107 swoj\u0105 religi\u0119, osadnicy ci wkroczyli do Doliny Salt Lake (w\u00f3wczas cz\u0119\u015bci Meksyku) i nazwali swoj\u0105 osad\u0119 \u201eGreat Salt Lake City\u201d (p\u00f3\u017aniej skr\u00f3cono). W ci\u0105gu nast\u0119pnych dziesi\u0119cioleci projekty irygacyjne zazieleni\u0142y pustynn\u0105 dolin\u0119, a Salt Lake rozros\u0142o si\u0119 jako handlowe i kulturalne centrum terytorium. Sta\u0142o si\u0119 stolic\u0105 Terytorium Utah, a p\u00f3\u017aniej stolic\u0105 stanu (po 1896 roku). Wa\u017cnymi kamieniami milowymi s\u0105 uko\u0144czenie \u015awi\u0105tyni Salt Lake (1893) \u2013 kt\u00f3rej wysokie iglice s\u0105 nadal symbolem miasta \u2013 oraz nadej\u015bcie transkontynentalnej kolei (1869), kt\u00f3ra po\u0142\u0105czy\u0142a Salt Lake z krajem.<\/p>\n<p>W XX wieku Salt Lake City rozwin\u0119\u0142o przemys\u0142 (g\u00f3rnictwo, obronno\u015b\u0107 i transport ci\u0119\u017carowy). Kluczowym punktem zwrotnym by\u0142o zorganizowanie Zimowych Igrzysk Olimpijskich w 2002 r., kt\u00f3re przyci\u0105gn\u0119\u0142y uwag\u0119 mi\u0119dzynarodow\u0105 i doprowadzi\u0142y do \u200b\u200bpowstania nowych obiekt\u00f3w (takich jak Olympic Winter Park poza miastem). Ostatnio Salt Lake City przyj\u0119\u0142o bardziej miejsk\u0105 to\u017csamo\u015b\u0107: o\u017cywi\u0142o centrum, rozszerzy\u0142o wydarzenia kulturalne i wypromowa\u0142o si\u0119 jako brama do rekreacji na \u015bwie\u017cym powietrzu. Rozw\u00f3j technologii i finans\u00f3w r\u00f3wnie\u017c przekszta\u0142ci\u0142 miasto w latach 2010. i p\u00f3\u017aniej.<\/p>\n<p>Lokalny charakter Salt Lake City kszta\u0142towany jest przez mormo\u0144skie dziedzictwo i g\u00f3rski styl \u017cycia. Centrum miasta skupia si\u0119 wok\u00f3\u0142 Temple Square, siedziby Ko\u015bcio\u0142a Jezusa Chrystusa \u015awi\u0119tych w Dniach Ostatnich (Ko\u015bci\u00f3\u0142 LDS). Tutaj historyczna \u015awi\u0105tynia Salt Lake, Tabernacle i biura ko\u015bcielne tworz\u0105 spokojn\u0105, dopracowan\u0105 dzielnic\u0119. Religia (LDS) wp\u0142ywa na kultur\u0119: wielu mieszka\u0144c\u00f3w ucz\u0119szcza do ko\u015bcio\u0142a, a warto\u015bci przyjazne rodzinie s\u0105 widoczne. Cz\u0119sto us\u0142yszysz ch\u00f3ry i zobaczysz spiczast\u0105 architektur\u0119 \u015bwi\u0105tyni.<\/p>\n<p>Jednak\u017ce SLC jest r\u00f3wnie\u017c zaskakuj\u0105co liberalne i kosmopolityczne. W por\u00f3wnaniu do konserwatywnej reputacji Utah, miasto g\u0142osuje na Demokrat\u00f3w w ostatnich wyborach i ma du\u017c\u0105 spo\u0142eczno\u015b\u0107 LGBT. Co roku odbywa si\u0119 tam dobrze ucz\u0119szczany Utah Pride Festival. Obecno\u015b\u0107 wielu przesiedle\u0144c\u00f3w spoza stanu (przyci\u0105gni\u0119tych prac\u0105 i kultur\u0105 narciarsk\u0105) dodaje progresywnego klimatu. Miasto ma r\u00f3\u017cnorodne restauracje i \u017cycie nocne. Ze wzgl\u0119du na du\u017c\u0105 wysoko\u015b\u0107 i populacj\u0119 na \u015bwie\u017cym powietrzu, Salt Lake ma swobodny, sportowy klimat \u2013 ludzie prawdopodobnie b\u0119d\u0105 rozmawia\u0107 o zesz\u0142otygodniowej wycieczce na narty lub przeja\u017cd\u017cce rowerem g\u00f3rskim.<\/p>\n<p>J\u0119zykiem urz\u0119dowym jest angielski; znaczna mniejszo\u015b\u0107 latynoska m\u00f3wi po hiszpa\u0144sku. Godnym uwagi aspektem \u017cycia tutaj jest duch go\u015bcinno\u015bci i wolontariatu (kultura s\u0142u\u017cby spo\u0142ecznej LDS, plus pomocno\u015b\u0107 zorientowana na pionier\u00f3w). Festiwale i wydarzenia s\u0105 tu powszechne, od targu Downtown Farmers Market latem po jarmarki stanowe i festiwale sztuki. Salt Lake jest domem s\u0142ynnego ch\u00f3ru (\u201eThe Tabernacle Choir at Temple Square\u201d) i symfonii, odzwierciedlaj\u0105cych siln\u0105 tradycj\u0119 muzyczn\u0105. Je\u015bli chodzi o tempo, nie jest ani tak pospieszne jak wi\u0119ksze miasta, ani senne; oferuje r\u00f3wnowag\u0119 mi\u0119dzy zgie\u0142kiem obywatelskim a bezpo\u015brednim dost\u0119pem do natury. Mieszka\u0144cy s\u0105 na og\u00f3\u0142 \u015bwiadomi zdrowia, zaanga\u017cowani w ochron\u0119 \u015brodowiska (zauwa\u017caj\u0105c ostatnie obawy dotycz\u0105ce jako\u015bci powietrza) i dumni ze swojego malowniczego otoczenia.<\/p>\n<p><strong>Najwa\u017cniejsze atrakcje:<\/strong><\/p>\n<ul>\n<li><strong>Plac \u015awi\u0105tynny<\/strong> \u2013 Duchowe i historyczne serce miasta. Znajduje si\u0119 tam \u015awi\u0105tynia Salt Lake (LDS) i Tabernacle, siedziba \u015bwiatowej s\u0142awy Mormon Tabernacle Choir. Teren jest otwarty dla zwiedzaj\u0105cych, z codziennymi bezp\u0142atnymi recitalami organowymi i wycieczkami z przewodnikiem. Uosabia wiele z to\u017csamo\u015bci Salt Lake jako miasta za\u0142o\u017conego przez mormon\u00f3w-pionier\u00f3w.<\/li>\n<li><strong>Planetarium Clark i Discovery Gateway<\/strong> \u2013 Na skraju dzielnicy The Gateway w centrum miasta planetarium oferuje pokazy naukowe o kosmosie i kino IMAX. Obok znajduje si\u0119 Discovery Gateway, dzieci\u0119ce muzeum stanu Utah z interaktywnymi eksponatami na temat nauki i technologii. (Te instytucje dziel\u0105 przestrze\u0144 i podkre\u015blaj\u0105 nacisk Salt Lake na przyjazn\u0105 rodzinom rozrywk\u0119 edukacyjn\u0105.)<\/li>\n<li><strong>Muzeum Sztuk Pi\u0119knych i Muzeum Historii Naturalnej w Utah<\/strong> \u2013 Na terenie kampusu University of Utah znajduje si\u0119 jedna z najwa\u017cniejszych kolekcji sztuki w kraju na Zachodzie. Niedaleko znajduje si\u0119 Natural History Museum of Utah (inspirowane architektonicznie g\u00f3rami nad nim). Razem oferuj\u0105 kompleksow\u0105 wycieczk\u0119 kulturaln\u0105: sztuk\u0119 od staro\u017cytnej do wsp\u00f3\u0142czesnej oraz wystawy historii naturalnej (skamienia\u0142o\u015bci dinozaur\u00f3w, artefakty rdzennych Amerykan\u00f3w itp.). D\u0142ugie zimy w Salt Lake sprawiaj\u0105, \u017ce muzea kryte s\u0105 cenione, a te s\u0105 pere\u0142kami.<\/li>\n<li><strong>Wielkie Jezioro S\u0142one i Park Stanowy Antelope Island<\/strong> \u2013 Du\u017ce, s\u0142one Wielkie Jezioro S\u0142one le\u017cy na p\u00f3\u0142nocny zach\u00f3d od miasta (widoczne z wielu punkt\u00f3w). Jest to najwi\u0119ksze s\u0142one jezioro na p\u00f3\u0142kuli zachodniej. Odwiedzaj\u0105cy mog\u0105 pojecha\u0107 na Antelope Island na jeziorze \u2013 najwi\u0119kszy stanowy park w stanie Utah \u2013 aby w\u0119drowa\u0107 w\u015br\u00f3d stad bizon\u00f3w i p\u0142ywa\u0107 w bardzo wypornych s\u0142onych wodach.<\/li>\n<li><strong>Narciarstwo i rekreacja na \u015bwie\u017cym powietrzu<\/strong> \u2013 Cho\u0107 nie znajduje si\u0119 w obr\u0119bie miasta, Salt Lake City jest znane jako \u201eMillennium \u2013 Ski City USA\u201d. W odleg\u0142o\u015bci 30\u201360 minut od centrum znajduj\u0105 si\u0119 \u015bwiatowej klasy o\u015brodki narciarskie (Alta, Snowbird, Park City). Latem te same g\u00f3ry oferuj\u0105 w\u0119dr\u00f3wki piesze i kolarstwo g\u00f3rskie. W samym mie\u015bcie mo\u017cliwo\u015bci obejmuj\u0105 Red Butte Garden, Liberty Park i zbiorniki wodne do p\u0142ywania \u0142\u00f3dk\u0105. Rozbudowana kultura plenerowa jest g\u0142\u00f3wn\u0105 \u201eatrakcj\u0105\u201d zar\u00f3wno dla turyst\u00f3w, jak i mieszka\u0144c\u00f3w.<\/li>\n<li><strong>Historyczny Plac \u015awi\u0105tynny (Restauracje i Centra Handlowe)<\/strong> \u2013 Wieczorem mo\u017cna zwiedza\u0107 \u015bwiat\u0142a Temple Square lub zrelaksowa\u0107 si\u0119 w City Creek Center (centrum handlowe na \u015bwie\u017cym powietrzu w centrum miasta, przez kt\u00f3re przep\u0142ywa strumie\u0144). Pierwotna siatka miejska oznacza r\u00f3wnie\u017c \u0142atwy spacer do teatr\u00f3w (Eccles Theatre) i rozwijaj\u0105c\u0105 si\u0119 scen\u0119 kulinarn\u0105 z mormonowsk\u0105 kuchni\u0105 wsp\u00f3\u0142czesn\u0105 (np. restauracje prowadzone przez szef\u00f3w kuchni). Miasto ma r\u00f3wnie\u017c baseball w ni\u017cszej lidze (dru\u017cyna pi\u0142karska Real Salt Lake gra teraz na nowym stadionie w centrum miasta), ale s\u0105 one bardziej lokalne.<\/li>\n<\/ul>\n<p><strong>Praktyczny przegl\u0105d:<\/strong><\/p>\n<ul>\n<li><strong>Jak si\u0119 tam dosta\u0107:<\/strong> Salt Lake City International Airport (SLC) to g\u0142\u00f3wne lotnisko, z lotami przez USA i kilkoma trasami mi\u0119dzynarodowymi. Znajduje si\u0119 oko\u0142o 5 mil na zach\u00f3d od centrum miasta, \u0142atwo do niego dojecha\u0107 taks\u00f3wk\u0105 lub lekk\u0105 kolejk\u0105 Utah Transit Authority (UTA) Trax Blue Line. Jad\u0105c, Salt Lake przecinaj\u0105 dwie g\u0142\u00f3wne autostrady mi\u0119dzystanowe: I-15 (p\u00f3\u0142noc-po\u0142udnie) i I-80 (wsch\u00f3d-zach\u00f3d), obie przecinaj\u0105ce centrum miasta.<\/li>\n<li><strong>Poruszanie si\u0119:<\/strong> Miasto ma kompleksowy system transportu publicznego zarz\u0105dzany przez UTA, w tym lekk\u0105 kolejk\u0119 TRAX (trzy linie \u0142\u0105cz\u0105ce centrum z przedmie\u015bciami) i sie\u0107 autobusow\u0105. Niebieska linia TRAX \u0142\u0105czy centrum z lotniskiem i po\u0142udniowymi przedmie\u015bciami. Samo centrum jest bardzo przyjazne pieszym dzi\u0119ki swojemu uk\u0142adowi siatki. Jednak poza bezpo\u015brednim centrum miasta potrzebny jest samoch\u00f3d lub transport publiczny \u2013 dolina jest du\u017ca. Jazda na rowerze jest r\u00f3wnie\u017c coraz bardziej powszechna w wewn\u0119trznych dzielnicach. Ruch mo\u017ce osi\u0105ga\u0107 szczyt rano i wieczorem, ale poza godzinami szczytu jest og\u00f3lnie mo\u017cliwy do opanowania.<\/li>\n<li><strong>Podstawowe wskaz\u00f3wki:<\/strong> Walut\u0105 jest dolar ameryka\u0144ski. J\u0119zykiem urz\u0119dowym jest angielski, cho\u0107 wiele lokali gastronomicznych serwuje menu w j\u0119zyku hiszpa\u0144skim. Podstawowe zasady etykiety: mieszka\u0144cy stanu Utah cz\u0119sto u\u017cywaj\u0105 dw\u00f3ch palc\u00f3w na prawym ramieniu, aby wyrazi\u0107 \u201edobry\u201d (pozytywne potwierdzenie). Warto\u015bci rodzinne s\u0105 silne, wi\u0119c w niekt\u00f3rych miejscach religijnych (je\u015bli odwiedzasz \u015bwi\u0105tynie lub domy spotka\u0144 mormon\u00f3w) obowi\u0105zuje skromny ubi\u00f3r. Sprz\u0119t zimowy jest konieczno\u015bci\u0105, je\u015bli podr\u00f3\u017cujesz zim\u0105. Bezpiecze\u0144stwo: Salt Lake jest stosunkowo bezpieczne; jak w ka\u017cdym mie\u015bcie, noc\u0105 pozosta\u0144 w dobrze o\u015bwietlonych miejscach. Powietrze mo\u017ce by\u0107 bardzo suche, wi\u0119c dobrze si\u0119 nawadniaj. Zgodnie z tradycj\u0105, oczekuje si\u0119 napiwk\u00f3w (15\u201320% w restauracjach).<a href=\"https:\/\/travelshelper.com\/pl\/miejsca-docelowe\/ameryka-polnocna\/stany-zjednoczone-ameryki\/berkeley-springs\/\" target=\"_self\" aria-labelledby=\"uael-post-8997\"><br \/>\n<\/a><\/li>\n<\/ul>","protected":false},"excerpt":{"rendered":"<p>Cz\u0119sto nazywane Salt Lake lub SLC, Salt Lake City jest stolic\u0105 i najludniejszym miastem stanu Utah. Jest stolic\u0105 hrabstwa Salt Lake, najludniejszego hrabstwa w stanie. Z populacj\u0105 1 257 936 wed\u0142ug spisu z 2020 r. miasto stanowi centrum obszaru metropolitalnego Salt Lake City (MSA). Salt Lake City nale\u017cy r\u00f3wnie\u017c do wi\u0119kszej metropolii znanej jako po\u0142\u0105czony obszar statystyczny Salt Lake City\u2013Ogden\u2013Provo. Z szacowan\u0105 populacj\u0105 2 746 164 wed\u0142ug stanu na 2021 r. obszar ten \u2014 korytarz ci\u0105g\u0142ego rozwoju miejskiego i podmiejskiego rozci\u0105gaj\u0105cy si\u0119 na 120 mil (190 km) \u2014 jest 22. co do wielko\u015bci w kraju. Salt Lake City, z populacj\u0105 200 134 w 2020 r., zajmuje 117. miejsce w\u015br\u00f3d wszystkich miast w Stanach Zjednoczonych. Spo\u015br\u00f3d dw\u00f3ch g\u0142\u00f3wnych obszar\u00f3w miejskich po\u0142o\u017conych w obr\u0119bie Wielkiej Kotliny, drugim jest Reno w stanie Nevada; stanowi ono r\u00f3wnie\u017c centralne centrum jednego z nich.<\/p>","protected":false},"author":1,"featured_media":3102,"parent":8072,"menu_order":0,"comment_status":"closed","ping_status":"closed","template":"elementor_theme","meta":{"_eb_attr":"","footnotes":""},"class_list":["post-8675","page","type-page","status-publish","has-post-thumbnail"],"_links":{"self":[{"href":"https:\/\/travelshelper.com\/pl\/wp-json\/wp\/v2\/pages\/8675","targetHints":{"allow":["GET"]}}],"collection":[{"href":"https:\/\/travelshelper.com\/pl\/wp-json\/wp\/v2\/pages"}],"about":[{"href":"https:\/\/travelshelper.com\/pl\/wp-json\/wp\/v2\/types\/page"}],"author":[{"embeddable":true,"href":"https:\/\/travelshelper.com\/pl\/wp-json\/wp\/v2\/users\/1"}],"replies":[{"embeddable":true,"href":"https:\/\/travelshelper.com\/pl\/wp-json\/wp\/v2\/comments?post=8675"}],"version-history":[{"count":0,"href":"https:\/\/travelshelper.com\/pl\/wp-json\/wp\/v2\/pages\/8675\/revisions"}],"up":[{"embeddable":true,"href":"https:\/\/travelshelper.com\/pl\/wp-json\/wp\/v2\/pages\/8072"}],"wp:featuredmedia":[{"embeddable":true,"href":"https:\/\/travelshelper.com\/pl\/wp-json\/wp\/v2\/media\/3102"}],"wp:attachment":[{"href":"https:\/\/travelshelper.com\/pl\/wp-json\/wp\/v2\/media?parent=8675"}],"curies":[{"name":"wp","href":"https:\/\/api.w.org\/{rel}","templated":true}]}}