{"id":8654,"date":"2024-09-04T01:48:30","date_gmt":"2024-09-04T01:48:30","guid":{"rendered":"https:\/\/travelshelper.com\/staging\/?page_id=8654"},"modified":"2026-03-13T21:30:23","modified_gmt":"2026-03-13T21:30:23","slug":"vail","status":"publish","type":"page","link":"https:\/\/travelshelper.com\/pl\/destinations\/north-america\/united-states\/vail\/","title":{"rendered":"Vail"},"content":{"rendered":"<p>Vail w stanie Kolorado to ma\u0142e g\u00f3rskie miasteczko; jego sta\u0142a populacja wynosi\u0142a 4835 wed\u0142ug spisu z 2020 r. Miasto zajmuje oko\u0142o 4,7 mil kwadratowych w hrabstwie Eagle. Jest to niewielki spadek w por\u00f3wnaniu z latami prosperity (populacja osi\u0105gn\u0119\u0142a szczyt nieco ponad 5000 w 2010 r. i od tego czasu oscyluje w granicach 4000\u20135000). Co wa\u017cne, oficjalne dane spisowe Vail nie uwzgl\u0119dniaj\u0105 wielu mieszka\u0144c\u00f3w na cz\u0119\u015b\u0107 etatu i pracownik\u00f3w sezonowych, kt\u00f3rzy mieszkaj\u0105 w wynajmowanych mieszkaniach. W sezonie narciarskim i podczas letnich wydarze\u0144 populacja skutecznie si\u0119 podwaja lub potraja.<\/p>\n<p>Vail jest w przewa\u017caj\u0105cej mierze bia\u0142e. W 2020 r. ponad 86% mieszka\u0144c\u00f3w zidentyfikowano jako bia\u0142ych; Latynosi\/Hiszpanie stanowi\u0105 oko\u0142o 10% mieszka\u0144c\u00f3w miasta. W Vail mieszka bardzo niewielu Afroamerykan\u00f3w, Indian ameryka\u0144skich lub Azjat\u00f3w (poni\u017cej 2%). Mediana wieku jest wysoka: 50,2 lat. Spo\u0142eczno\u015b\u0107 jest przechylona w stron\u0119 starszych, prawie 30% mieszka\u0144c\u00f3w ma od 60 do 79 lat, a tylko oko\u0142o 8% poni\u017cej 20 roku \u017cycia. Odzwierciedla to zar\u00f3wno zamo\u017cn\u0105 populacj\u0119 emeryt\u00f3w, jak i powszechno\u015b\u0107 w\u0142a\u015bcicieli drugich dom\u00f3w.<\/p>\n<p>Gospodarka Vail jest niemal w ca\u0142o\u015bci nap\u0119dzana przez turystyk\u0119. O\u015brodek narciarski Vail (otwarty w 1962 r.) jest jego centralnym punktem; kiedy\u015b by\u0142 to najwi\u0119kszy o\u015brodek narciarski w Kolorado, a teraz jest cz\u0119\u015bci\u0105 imperium Vail Resorts. Zimowi tury\u015bci zalewaj\u0105 wiosk\u0119, zatrzymuj\u0105c si\u0119 w hotelach i apartamentach, jedz\u0105c na mie\u015bcie, robi\u0105c zakupy i je\u017cd\u017c\u0105c na nartach. Latem wczasowicz\u00f3w przyci\u0105gaj\u0105 w\u0119dr\u00f3wki piesze, kolarstwo g\u00f3rskie i golf (Turtle Creek Golf Course). Liczne restauracje i galerie sztuki w mie\u015bcie kwitn\u0105 przez ca\u0142y rok, ale z zauwa\u017calnymi sezonowymi szczytami. Poziom dochod\u00f3w jest wysoki: mediana dochodu gospodarstwa domowego (2019 r.) wynios\u0142a oko\u0142o 100 400 USD. Domy s\u0105 tutaj niezwykle drogie \u2013 \u015brednio ponad 1 milion USD \u2013 a wiele os\u00f3b pracuje w us\u0142ugach (personel hotelowy, instruktorzy narciarstwa itp.), a nie jako pe\u0142noetatowi mieszka\u0144cy. Og\u00f3lnie rzecz bior\u0105c, gospodarka Vail w du\u017cej mierze opiera si\u0119 na narciarstwie i powi\u0105zanych z nim bran\u017cach, a tak\u017ce rozwijaj\u0105cych si\u0119 wydarzeniach kulturalnych i konferencyjnych.<\/p>\n<p>Vail znajduje si\u0119 w G\u00f3rach Skalistych w \u015brodkowym Kolorado, oko\u0142o 100 mil na zach\u00f3d od Denver. Le\u017cy na wysoko\u015bci oko\u0142o 8000 st\u00f3p (2440 m) w dolinie rzeki Eagle, szerokiej alpejskiej dolinie wyrze\u017abionej przez lodowce. Miasto jest zasadniczo podzielone na trzy sekcje: East Vail, Vail Village i Lionshead (zachodni Vail), wszystkie rozci\u0105gni\u0119te wzd\u0142u\u017c autostrady mi\u0119dzystanowej 70 (I-70). Otaczaj\u0105cy teren jest klasycznym wysokimi G\u00f3rami Skalistymi: wznosz\u0105ce si\u0119 szczyty (powy\u017cej 12 000 st\u00f3p) otaczaj\u0105 dolin\u0119, z g\u0119stymi lasami iglastymi na \u015bredniej wysoko\u015bci i alpejsk\u0105 tundr\u0105 powy\u017cej granicy lasu.<\/p>\n<p>Vail znajduje si\u0119 w hrabstwie Eagle (w p\u00f3\u0142nocno-\u015brodkowej cz\u0119\u015bci stanu), mniej wi\u0119cej w po\u0142owie drogi mi\u0119dzy o\u015brodkami Glenwood Springs i Summit County (Breckenridge, Keystone). Najbli\u017cszym miastem po\u0142\u0105czonym z o\u015brodkami narciarskimi jest Beaver Creek, 20 minut na zach\u00f3d autostrad\u0105. Pod wzgl\u0119dem geologicznym Vail le\u017cy na p\u0142askowy\u017cu (dolina rzeki Eagle) z wysokim dzia\u0142em wodnym (prze\u0142\u0119cz Vail) tu\u017c na wsch\u00f3d. Highway 6 i I-70 \u0142\u0105cz\u0105 Vail z Denver (wsch\u00f3d) i Glenwood\/Crested Butte (zach\u00f3d).<\/p>\n<p>Wioska jest przerywana przez Mt. of the Holy Cross i Buffalo Mountain w oddali. W mie\u015bcie przep\u0142ywa rzeka Eagle, cho\u0107 jest ona skanalizowana i cz\u0119sto niska latem. Bezpo\u015brednia wie\u015b oferuje szlaki piesze i rowerowe, a latem mo\u017cna dostrzec stada \u0142osi na \u0142\u0105kach. Widoki g\u00f3rskie dominuj\u0105 niemal w ka\u017cdym widoku.<\/p>\n<p>Vail ma kontynentalny klimat g\u00f3rski. Zimy s\u0105 zimne i \u015bnie\u017cne (niezb\u0119dne do jazdy na nartach); \u015brednie temperatury w styczniu wynosz\u0105 20\u201330\u00b0F, z obfitymi opadami \u015bniegu (\u015brednio ponad 300 cali rocznie). Lata s\u0105 \u0142agodne do ciep\u0142ych (maksymalne temperatury w lipcu wynosz\u0105 oko\u0142o 70\u201375\u00b0F, noce s\u0105 ch\u0142odne do 40\u201350\u00b0F). Du\u017ca wysoko\u015b\u0107 oznacza, \u017ce \u200b\u200bs\u0142o\u0144ce jest intensywne, a noce s\u0105 rze\u015bkie przez ca\u0142y rok. Wi\u0119kszo\u015b\u0107 opad\u00f3w spada zim\u0105 w postaci \u015bniegu, a letni monsun przynosi popo\u0142udniowe burze. Rezultatem jest klasyczne \u015brodowisko czterech p\u00f3r roku: g\u0142\u0119boki puch i lodowate noce zim\u0105, bujna ziele\u0144 i dzikie kwiaty latem oraz spektakularne jesienne kolory w gajach osikowych.<\/p>\n<p>Historia Vail jest kr\u00f3tka i zwi\u0105zana z narciarstwem. Na pocz\u0105tku XX wieku by\u0142o to niezagospodarowane ranczo. <strong>1962:<\/strong> Grupa prowadzona przez Pete&#039;a Seiberta (weterana II wojny \u015bwiatowej i instruktora narciarstwa) i Earla Eatona kupi\u0142a ranczo w tym rejonie. Wyobra\u017cali sobie o\u015brodek narciarski w stylu europejskim. O\u015brodek narciarski Vail zosta\u0142 oficjalnie otwarty w grudniu 1962 r. z jedn\u0105 kolejk\u0105 gondolow\u0105 i dwoma wyci\u0105gami krzese\u0142kowymi. Wyb\u00f3r nazwy \u201eVail\u201d uhonorowa\u0142 Charlesa Vaila, in\u017cyniera drogowego (i jednego z pierwotnych komisarzy ds. autostrad w Kolorado), kt\u00f3ry zaplanowa\u0142 wczesn\u0105 drog\u0119 (Hwy 6) przez Vail Pass.<\/p>\n<p>Wczesna wioska zosta\u0142a celowo zaplanowana. W 1966 roku Vail zosta\u0142o w\u0142\u0105czone jako miasto. W latach 60. i 70. Vail Mountain rozrasta\u0142o si\u0119 (nowe wyci\u0105gi, szlaki), a wioska rozrasta\u0142a si\u0119 w kierunku bazy Lionshead. Tury\u015bci przybywali t\u0142umnie: w 1969 roku Vail by\u0142o ju\u017c najpopularniejszym o\u015brodkiem narciarskim w Kolorado. Wprowadzenie \u201eChina Bowl\u201d w 1988 roku uczyni\u0142o Vail jednym z najwi\u0119kszych teren\u00f3w narciarskich w Ameryce P\u00f3\u0142nocnej. Z czasem Vail sta\u0142o si\u0119 znane zar\u00f3wno ze swoich <em>rozleg\u0142y teren narciarski<\/em> i jego <em>urocze wioski w stylu alpejskim<\/em>, w komplecie z bawarsk\u0105 architektur\u0105 i wystrojem z europejskimi akcentami (urozmaiconym oryginalnymi budynkami Homestead i Cascade Gardens).<\/p>\n<p>Vail nadal si\u0119 modernizuje. Po po\u0142\u0105czeniu z innymi o\u015brodkami, Vail Ski Resort jest teraz cz\u0119\u015bci\u0105 Vail Resorts, Inc., du\u017cej sp\u00f3\u0142ki publicznej. G\u00f3ra nadal dodaje wyci\u0105gi i udogodnienia. Tymczasem Vail Village i Lionshead sta\u0142y si\u0119 ekskluzywnymi destynacjami z luksusowymi sklepami, galeriami sztuki i mi\u0119dzynarodowymi restauracjami. W 2023 roku miasto znalaz\u0142o si\u0119 nawet w wiadomo\u015bciach z powodu kontrowersyjnych p\u0142atno\u015bci za zatrzymanie budowy nowych mieszka\u0144 dla pracownik\u00f3w w celu zachowania swojego charakteru \u2013 oznaka wysokiej warto\u015bci nieruchomo\u015bci. Pomimo rozwoju, Vail nadal chwali si\u0119 swoimi korzeniami: wyci\u0105gi narciarskie, zabytkowe budynki (takie jak Tivoli Lodge z 1962 roku) i coroczne festiwale (film, muzyka, taniec) podtrzymuj\u0105 ducha pionier\u00f3w.<\/p>\n<p>Kultura Vail to kurort g\u00f3rski z domieszk\u0105 kosmopolitycznych akcent\u00f3w. Prawie wszyscy mieszka\u0144cy m\u00f3wi\u0105 po angielsku. Miasto przyci\u0105ga sezonowo mi\u0119dzynarodow\u0105 populacj\u0119 (instruktorzy narciarstwa i personel hotelowy z ca\u0142ego \u015bwiata), ale lokalna sta\u0142a populacja jest w przewa\u017caj\u0105cej mierze bia\u0142a, z niewielk\u0105 mniejszo\u015bci\u0105 hiszpa\u0144sk\u0105. Istnieje silny etos outdoorowy i wellness: mieszka\u0144cy s\u0105 bardzo zainteresowani fitnessem, natur\u0105 i trendami kulinarnymi.<\/p>\n<p>Vail organizuje szerok\u0105 gam\u0119 festiwali i wydarze\u0144, kt\u00f3re kszta\u0142tuj\u0105 jego charakter. Latem festiwal muzyki klasycznej Bravo! Vail sprowadza w g\u00f3ry orkiestry \u015bwiatowej klasy. Vail Film Festival ka\u017cdej wiosny przyci\u0105ga niezale\u017cnych filmowc\u00f3w i gwiazdy filmowe (cz\u0119sto odbywa si\u0119 w Landmark Theatre w Lionshead). Vail International Dance Festival (zespo\u0142y taneczne latem) i Taste of Vail (festiwal jedzenia i wina) uzupe\u0142niaj\u0105 kalendarz kulturalny. Zimowe atrakcje obejmuj\u0105 Burton US Open Snowboarding Championships i og\u00f3lnomiejskie obchody Snow Days (wy\u015bcigi narciarskie, fajerwerki itp.). W wiosce Lionshead odbywa si\u0119 r\u00f3wnie\u017c 4-tygodniowy cykl koncert\u00f3w bluegrass i coroczne polowanie na pisanki \u2013 tradycje spo\u0142eczno\u015bci, kt\u00f3re \u0142\u0105cz\u0105 lokalne rodziny z turystami.<\/p>\n<p>Pomimo ekskluzywnego charakteru, Vail zachowuje przyjazny, ma\u0142omiasteczkowy klimat. Wsie (Vail i Lionshead) to zorientowane na pieszych \u201eG\u0142\u00f3wne ulice\u201d ze sklepami na \u015bwie\u017cym powietrzu, lokalnymi butikami i kawiarniami. Zim\u0105 ulice s\u0105 \u015bwi\u0105teczne z \u015bwi\u0105tecznymi \u015bwiat\u0142ami i rodzinami ubranymi w we\u0142n\u0119; latem latarnie zdobi\u0105 kosze kwiat\u00f3w. Buty narciarskie s\u0105 tak powszechne, jak buty do w\u0119dr\u00f3wek. Miejscowi mog\u0105 wita\u0107 si\u0119 na stokach s\u0142owami \u201eHow ya doin&#039;\u201d. Og\u00f3lny klimat to po\u0142\u0105czenie natury z kosmopolityczno\u015bci\u0105: znajdziesz tu \u015bwiatowej klasy o\u015brodki wypoczynkowe i restauracje obok ma\u0142ych kawiarni i kultowych ogrod\u00f3w Betty Ford Alpine Gardens (najwy\u017cszy ogr\u00f3d botaniczny na \u015bwiecie). Czu\u0107 tu zar\u00f3wno surowo\u015b\u0107, jak i wyrafinowanie. Kr\u00f3tko m\u00f3wi\u0105c, \u017cycie w Vail koncentruje si\u0119 na g\u00f3rach i na \u015bwie\u017cym powietrzu, ale robi si\u0119 to z odrobin\u0105 elegancji \u2013 zgodnie z reputacj\u0105 tego miejsca jako kwintesencji narciarskiego miasteczka Kolorado.<\/p>\n<p>Atrakcje Vail s\u0105 zdominowane przez sporty g\u00f3rskie i alpejski urok. Najwa\u017cniejsze atrakcje to:<\/p>\n<ul>\n<li><strong>O\u015brodek narciarski Vail:<\/strong> G\u0142\u00f3wna atrakcja przez ca\u0142y rok. Zim\u0105 oferuje ponad 5000 akr\u00f3w tras narciarskich z ponad 30 wyci\u0105gami. Pocz\u0105tkuj\u0105cy ucz\u0105 si\u0119 w rejonie Golden Peak, podczas gdy eksperci szukaj\u0105 tylnych mis (takich jak Blue Sky Basin). Latem o\u015brodek si\u0119 zmienia: jest mn\u00f3stwo zje\u017cd\u017calni alpejskich, kolejek g\u00f3rskich, malowniczych przeja\u017cd\u017cek gondol\u0105, disc golfa i szlak\u00f3w turystycznych. Kolejka linowa Vail Gondola (Golden Peak) i Eagle Bahn Gondola (Lionshead) to charakterystyczne przeja\u017cd\u017cki miasta, zapewniaj\u0105ce zapieraj\u0105ce dech w piersiach panoramy okolicznych szczyt\u00f3w.<\/li>\n<li><strong>Wioska Vail i Lionshead:<\/strong> Te wioski dla pieszych s\u0105 same w sobie atrakcjami. Wy\u0142o\u017cone bawarsk\u0105 architektur\u0105, posiadaj\u0105 brukowane chodniki, lodowisko (zim\u0105) i ponad 100 sklep\u00f3w i restauracji. Spaceruj\u0105c po tych malowniczych uliczkach, odwiedzaj\u0105cy mog\u0105 spotka\u0107 zespo\u0142y graj\u0105ce na \u017cywo na scenach na placu, postacie w kostiumach (jak wystrojone nied\u017awiedzie) lub muzyk\u00f3w w lokalach apr\u00e8s-ski. Obie wioski mog\u0105 pochwali\u0107 si\u0119 miejscami do uprawiania sztuk performatywnych i bezp\u0142atnymi koncertami letnimi.<\/li>\n<li><strong>Ogrody alpejskie Betty Ford:<\/strong> Po\u0142o\u017cony w Vail Village, jest to najwy\u017cszy na \u015bwiecie ogr\u00f3d botaniczny (8200 st\u00f3p). Prezentuje rodzim\u0105 alpejsk\u0105 flor\u0119 \u2013 kolorowe kwiaty polne, wysokie osiki i r\u0119cznie wykonane rze\u017aby. Ogr\u00f3d jest bezp\u0142atny i oferuje spokojn\u0105 przerw\u0119 po\u015br\u00f3d zgie\u0142ku.<\/li>\n<li><strong>Grzbiet Przyg\u00f3d:<\/strong> W pobli\u017cu Lionshead Gondola, Adventure Ridge to mini park rozrywki na szczycie g\u00f3ry. Oferuje snowtubing, trampolin\u0119 bungee, mini skutery \u015bnie\u017cne (zim\u0105) oraz tyrolki i \u0142ucznictwo (latem). To przyjazne rodzinom miejsce ponad drzewami.<\/li>\n<li><strong>Park Forda:<\/strong> Park publiczny w East Vail z lodowiskiem (zim\u0105) i turniejami hokeja na lodzie. Odbywaj\u0105 si\u0119 tam wydarzenia takie jak Vail Lacrosse Shootout i jest to miejsce, w kt\u00f3rym miejscowi zbieraj\u0105 si\u0119 na rekreacj\u0119.<\/li>\n<li><strong>O\u015brodek Przyrodniczy Vail:<\/strong> Na skraju miasta jest to centrum informacji o szlakach, program\u00f3w przyrodniczych i oboz\u00f3w letnich. Jest to brama do wielu \u0142atwych w\u0119dr\u00f3wek i ogl\u0105dania dzikiej przyrody (jelenie, \u015bwistaki, or\u0142y).<\/li>\n<li><strong>Miejsca historyczne:<\/strong> Vail zachowa\u0142o kilka historycznych pere\u0142ek, takich jak stary ratusz (obecnie budynek poczty) i zaprojektowana w 1962 r. architektura Tivoli Lodge (cho\u0107 wiele z niej zosta\u0142o przeprojektowanych). Szlak Dziedzictwa przebiega obok starych miejsc g\u00f3rniczych i hodowlanych w mie\u015bcie.<\/li>\n<\/ul>\n<p>Wielu odwiedzaj\u0105cych korzysta r\u00f3wnie\u017c z Vail jako bazy wypadowej do zwiedzania szerszego regionu. W pobli\u017cu znajduj\u0105 si\u0119 szlaki turystyczne Gore Range Trail, malownicze trasy (np. Independence Pass do Aspen latem) i White River National Forest, wszystkie w odleg\u0142o\u015bci godziny jazdy samochodem. Jednak dla wi\u0119kszo\u015bci z nich najwa\u017cniejszymi atrakcjami pozostaj\u0105 g\u00f3ry, atmosfera wioski i festiwale, kt\u00f3re wyznaczaj\u0105 pory roku w Vail.<\/p>\n<p>Do Vail mo\u017cna dojecha\u0107 samochodem autostrad\u0105 mi\u0119dzystanow\u0105 Interstate 70. Z Denver nale\u017cy jecha\u0107 autostrad\u0105 I-70 na zach\u00f3d przez Continental Divide (przez tunel Eisenhowera) przez oko\u0142o 100 mil do Vail (zjazd 176). Nale\u017cy pami\u0119ta\u0107, \u017ce zim\u0105 autostrada I-70 mo\u017ce by\u0107 zamkni\u0119ta lub wymaga\u0107 \u0142a\u0144cuch\u00f3w \u015bnie\u017cnych mi\u0119dzy Denver a Vail, dlatego zawsze nale\u017cy sprawdza\u0107 raporty drogowe. Regionalne lotnisko Eagle County (EGE) znajduje si\u0119 zaledwie 30 mil na zach\u00f3d od Vail (w pobli\u017cu Gypsum) i oferuje bezpo\u015brednie loty z wielu miast w USA zim\u0105. G\u0142\u00f3wne linie lotnicze (Delta, United, American itp.) obs\u0142uguj\u0105 Denver International (DEN) przez ca\u0142y rok, kt\u00f3re jest oddalone o 2 godziny jazdy autostrad\u0105. Nie ma stacji kolejowej; najbli\u017cszy Amtrak znajduje si\u0119 w Glenwood Springs (zach\u00f3d) lub Denver (wsch\u00f3d). Autobusy mi\u0119dzymiastowe (Bustang lub Greyhound) \u0142\u0105cz\u0105 Denver z Vail zim\u0105, a autobusy wahad\u0142owe kursuj\u0105 z lotnisk Aspen i Eagle.<\/p>\n<p>Dwie wioski Vail s\u0105 zim\u0105 strefami wolnymi od samochod\u00f3w (parking znajduje si\u0119 poza wioskami), a mi\u0119dzy Lionshead a Vail Village kursuje bezp\u0142atny autobus miejski. Ca\u0142e miasto jest bardzo przyjazne dla pieszych po zaparkowaniu. Wiele hoteli wypo\u017cycza rakiety \u015bnie\u017cne, rowery, a nawet hulajnogi elektryczne do u\u017cytku lokalnego. Taks\u00f3wki i Uber\/Lyft dzia\u0142aj\u0105 regularnie. Do podr\u00f3\u017cowania poza miastem samochody s\u0105 ponownie najwygodniejsze. Publicznych parking\u00f3w (ogrzewanych zim\u0105) jest pod dostatkiem, chocia\u017c mog\u0105 si\u0119 zape\u0142ni\u0107 w szczycie sezonu. Uliczki w wiosce mog\u0105 by\u0107 w\u0105skie; spodziewaj si\u0119 wolno poruszaj\u0105cych si\u0119 w\u00f3zk\u00f3w golfowych, w\u0119druj\u0105cych pieszych, a czasami mulak\u00f3w na drodze.<\/p>\n<p>Zabierz ze sob\u0105 odzie\u017c na warunki g\u00f3rskie: warstwy, wodoodporn\u0105 odzie\u017c zim\u0105 i dobry krem \u200b\u200bz filtrem przeciws\u0142onecznym przez ca\u0142y rok (promieniowanie UV jest silne na wysoko\u015bci 8000 st\u00f3p). Picie du\u017cej ilo\u015bci wody pomaga zapobiega\u0107 chorobie wysoko\u015bciowej. Poniewa\u017c jest to USA, walut\u0105 jest USD, a napiwki dla kelner\u00f3w w wysoko\u015bci ~18\u201320% s\u0105 standardem (posi\u0142ki w restauracjach s\u0105 cz\u0119sto drogie). Tempo \u017cycia jest dynamiczne; miejscowi cz\u0119sto zatrzymuj\u0105 si\u0119 na nartach lub w\u0119dr\u00f3wce, aby porozmawia\u0107, ale obs\u0142uga nadal mo\u017ce wydawa\u0107 si\u0119 szybka w zat\u0142oczonych miejscach. Mieszka\u0144cy Vail ceni\u0105 sobie uprzejmo\u015b\u0107 \u2013 przytrzymywanie drzwi, witanie si\u0119 skinieniem g\u0142owy lub \u201ejak si\u0119 masz\u201d jest powszechne. Zim\u0105 zejd\u017a z drogi na szlaku, aby umo\u017cliwi\u0107 innym przejazd. Je\u015bli je\u017adzisz na nartach, pami\u0119taj o kodeksie g\u00f3rskim (ust\u0105p pierwsze\u0144stwa z g\u00f3rki, nie zatrzymuj si\u0119 na linii spadku itp.). Vail jest bardzo bezpieczne, a nawet przyjazne dla rowerzyst\u00f3w. Pami\u0119taj tylko o zmiennej pogodzie i jak zawsze w rejonach g\u00f3rskich, uwa\u017caj na dzikie zwierz\u0119ta (jelenie i \u0142osie przecinaj\u0105 drogi, czasami o \u015bwicie\/zmierzchu). Ponadto t\u0142umy w po\u0142udnie mog\u0105 by\u0107 g\u0142o\u015bne; uwa\u017cnie przestrzegaj ogranicze\u0144 pr\u0119dko\u015bci i zasad parkowania. I na koniec \u2013 woda z kranu jest s\u0142ynna z dobrej jako\u015bci (\u201elodowata ze Skalistych G\u00f3r\u201d); picie z kran\u00f3w jest w porz\u0105dku (woda w mie\u015bcie pochodzi z rzeki Eagle).<\/p>\n<table>\n<thead>\n<tr>\n<th>Kategoria<\/th>\n<th>Bli\u017csze dane<\/th>\n<\/tr>\n<\/thead>\n<tbody>\n<tr>\n<td scope=\"row\">Lokalizacja<\/td>\n<td>Vail, Kolorado, USA<\/td>\n<\/tr>\n<tr>\n<td scope=\"row\">Wysoko\u015b\u0107 o\u015brodka<\/td>\n<td>8120 st\u00f3p (2475 m) u podstawy, 11570 st\u00f3p (3527 m) na szczycie<\/td>\n<\/tr>\n<tr>\n<td scope=\"row\">Sezon narciarski<\/td>\n<td>Koniec listopada \u2013 po\u0142owa kwietnia<\/td>\n<\/tr>\n<tr>\n<td scope=\"row\">Ceny karnet\u00f3w narciarskich<\/td>\n<td>R\u00f3\u017cnie; Karnet Epic Day Pass od 95 USD\/dzie\u0144<\/td>\n<\/tr>\n<tr>\n<td scope=\"row\">Godziny otwarcia<\/td>\n<td>9:00 rano \u2013 4:00 po po\u0142udniu<\/td>\n<\/tr>\n<tr>\n<td scope=\"row\">Liczba tras zjazdowych<\/td>\n<td>195<\/td>\n<\/tr>\n<tr>\n<td scope=\"row\">Ca\u0142kowita d\u0142ugo\u015b\u0107 trasy<\/td>\n<td>5289 akr\u00f3w (2141 hektar\u00f3w)<\/td>\n<\/tr>\n<tr>\n<td scope=\"row\">Najd\u0142u\u017cszy bieg<\/td>\n<td>Riva Ridge, 4 mile (6,4 km)<\/td>\n<\/tr>\n<tr>\n<td scope=\"row\">\u0141atwe stoki<\/td>\n<td>18%<\/td>\n<\/tr>\n<tr>\n<td scope=\"row\">Umiarkowane stoki<\/td>\n<td>29%<\/td>\n<\/tr>\n<tr>\n<td scope=\"row\">Zaawansowane stoki<\/td>\n<td>53%<\/td>\n<\/tr>\n<tr>\n<td scope=\"row\">Kierunki stok\u00f3w<\/td>\n<td>P\u00f3\u0142noc, p\u00f3\u0142nocny wsch\u00f3d, wsch\u00f3d<\/td>\n<\/tr>\n<tr>\n<td scope=\"row\">Jazda na nartach noc\u0105<\/td>\n<td>Niedost\u0119pne<\/td>\n<\/tr>\n<tr>\n<td scope=\"row\">Wytwarzanie \u015bniegu<\/td>\n<td>Tak, na powierzchni 461 akr\u00f3w (186 hektar\u00f3w)<\/td>\n<\/tr>\n<tr>\n<td scope=\"row\">\u0141\u0105czna liczba podniesie\u0144<\/td>\n<td>31<\/td>\n<\/tr>\n<tr>\n<td scope=\"row\">Pojemno\u015b\u0107 pod g\u00f3r\u0119<\/td>\n<td>63 400 narciarzy na godzin\u0119<\/td>\n<\/tr>\n<tr>\n<td scope=\"row\">Najwy\u017cszy podno\u015bnik<\/td>\n<td>11 570 st\u00f3p (3527 m)<\/td>\n<\/tr>\n<tr>\n<td scope=\"row\">Gondole\/Kolejki linowe<\/td>\n<td>2<\/td>\n<\/tr>\n<tr>\n<td scope=\"row\">Wyci\u0105gi krzese\u0142kowe<\/td>\n<td>17<\/td>\n<\/tr>\n<tr>\n<td scope=\"row\">Wyci\u0105gi orczykowe<\/td>\n<td>12<\/td>\n<\/tr>\n<tr>\n<td scope=\"row\">Parki \u015bnie\u017cne<\/td>\n<td>3<\/td>\n<\/tr>\n<tr>\n<td scope=\"row\">Wypo\u017cyczalnie nart<\/td>\n<td>Dost\u0119pny<\/td>\n<\/tr>\n<tr>\n<td scope=\"row\">Po nartach<\/td>\n<td>W Vail Village znajdziesz wiele bar\u00f3w, restauracji i rozrywek<\/td>\n<\/tr>\n<\/tbody>\n<\/table>","protected":false},"excerpt":{"rendered":"<p>Vail znajduje si\u0119 w G\u00f3rach Skalistych i pe\u0142ni funkcj\u0119 gminy samorz\u0105dowej w hrabstwie Eagle w stanie Kolorado w Stanach Zjednoczonych. Vail ma populacj\u0119 4835 os\u00f3b wed\u0142ug spisu z 2020 r. i jest znane ze swojego wspania\u0142ego pi\u0119kna przyrody, t\u0119tni\u0105cej \u017cyciem spo\u0142eczno\u015bci i pierwszorz\u0119dnych obiekt\u00f3w. Miasto jest najbardziej znane z o\u015brodka narciarskiego Vail Ski Resort, najwi\u0119kszej g\u00f3ry narciarskiej w Kolorado, kt\u00f3ra przyci\u0105ga go\u015bci z ca\u0142ego \u015bwiata. Opr\u00f3cz luksusowych hoteli, zr\u00f3\u017cnicowanych opcji gastronomicznych i wielu corocznych wydarze\u0144, w tym Vail Film Festival, Vail Resorts Snow Days i Bravo! Vail, to wiod\u0105ce miejsce docelowe s\u0142ynie z wyj\u0105tkowych mo\u017cliwo\u015bci uprawiania narciarstwa i snowboardu.<\/p>","protected":false},"author":1,"featured_media":3879,"parent":8072,"menu_order":0,"comment_status":"closed","ping_status":"closed","template":"elementor_theme","meta":{"_eb_attr":"","footnotes":""},"class_list":["post-8654","page","type-page","status-publish","has-post-thumbnail"],"_links":{"self":[{"href":"https:\/\/travelshelper.com\/pl\/wp-json\/wp\/v2\/pages\/8654","targetHints":{"allow":["GET"]}}],"collection":[{"href":"https:\/\/travelshelper.com\/pl\/wp-json\/wp\/v2\/pages"}],"about":[{"href":"https:\/\/travelshelper.com\/pl\/wp-json\/wp\/v2\/types\/page"}],"author":[{"embeddable":true,"href":"https:\/\/travelshelper.com\/pl\/wp-json\/wp\/v2\/users\/1"}],"replies":[{"embeddable":true,"href":"https:\/\/travelshelper.com\/pl\/wp-json\/wp\/v2\/comments?post=8654"}],"version-history":[{"count":0,"href":"https:\/\/travelshelper.com\/pl\/wp-json\/wp\/v2\/pages\/8654\/revisions"}],"up":[{"embeddable":true,"href":"https:\/\/travelshelper.com\/pl\/wp-json\/wp\/v2\/pages\/8072"}],"wp:featuredmedia":[{"embeddable":true,"href":"https:\/\/travelshelper.com\/pl\/wp-json\/wp\/v2\/media\/3879"}],"wp:attachment":[{"href":"https:\/\/travelshelper.com\/pl\/wp-json\/wp\/v2\/media?parent=8654"}],"curies":[{"name":"wp","href":"https:\/\/api.w.org\/{rel}","templated":true}]}}