{"id":8395,"date":"2024-09-03T19:44:52","date_gmt":"2024-09-03T19:44:52","guid":{"rendered":"https:\/\/travelshelper.com\/staging\/?page_id=8395"},"modified":"2026-03-13T18:41:29","modified_gmt":"2026-03-13T18:41:29","slug":"santa-monica","status":"publish","type":"page","link":"https:\/\/travelshelper.com\/pl\/destinations\/north-america\/united-states\/santa-monica\/","title":{"rendered":"Santa Monica"},"content":{"rendered":"<p>Santa Monica to nadmorskie miasto na zachodniej stronie hrabstwa Los Angeles, gdzie zatoka Santa Monica spotyka si\u0119 z Oceanem Spokojnym. Rozci\u0105ga si\u0119 na oko\u0142o 3 milach piaszczystej pla\u017cy i p\u0142askich szczyt\u00f3w klif\u00f3w. Krajobraz obejmuje szerokie, utwardzone \u015bcie\u017cki nadmorskie, \u015bcie\u017cki rowerowe i parki z widokiem na morze (najbardziej znany jest Palisades Park powy\u017cej klif\u00f3w). Klimat jest \u0142agodny przez ca\u0142y rok: ciep\u0142e, suche lata i \u0142agodne zimy, podobnie jak w pobliskim Los Angeles, ale zwykle nieco ch\u0142odniejszy latem ze wzgl\u0119du na ocean. W tym obszarze wyst\u0119puje poranna mg\u0142a (czerwiec), kt\u00f3ra cz\u0119sto ust\u0119puje po po\u0142udniu, zamieniaj\u0105c si\u0119 w s\u0142oneczne niebo. Typowe temperatury wahaj\u0105 si\u0119 w granicach 70\u00b0F latem i 60\u00b0F zim\u0105, praktycznie bez szronu. S\u0142o\u0144ce \u015bwieci oko\u0142o 310 dni w roku, co sprawia, \u017ce \u200b\u200bSanta Monica jest w zasadzie miastem przyjaznym pla\u017com.<\/p>\n<p>Populacja miasta Santa Monica wynosi oko\u0142o 88 000 (szacunki na 2025 r.). W ostatnich dekadach nieznacznie spad\u0142a od szczytu z 2020 r., co odzwierciedla jej niewielk\u0105 powierzchni\u0119 i wysokie koszty mieszkaniowe. Mediana wieku wynosi nieco ponad 40 lat, a mediana dochodu gospodarstwa domowego wynosi oko\u0142o 110 000 USD (bardzo du\u017co wed\u0142ug standard\u00f3w ameryka\u0144skich). Populacja jest w przewa\u017caj\u0105cej mierze bia\u0142a (oko\u0142o 67%), z Azjatami (~10%) i mniejszym odsetkiem mieszka\u0144c\u00f3w czarnosk\u00f3rych (5%) i Latynos\u00f3w (oko\u0142o 13% Latynos\u00f3w dowolnej rasy). Miasto ma znaczn\u0105 si\u0142\u0119 robocz\u0105 klasy kreatywnej i technologicznej, jak om\u00f3wiono poni\u017cej.<\/p>\n<p>Szacunkowa liczba mieszka\u0144c\u00f3w Santa Monica w 2025 r. wynosi 87 900. G\u0119sto\u015b\u0107 zaludnienia miasta jest wysoka (ponad 10 000 os\u00f3b na mil\u0119 kwadratow\u0105). Demograficznie 67% identyfikuje si\u0119 jako biali, 9,8% jako Azjaci, a 4,9% jako czarni, a pozostali i osoby identyfikuj\u0105ce si\u0119 jako dwie lub wi\u0119cej ras stanowi\u0105 reszt\u0119. Mieszka\u0144cy pochodzenia latynoskiego\/hiszpa\u0144skiego stanowi\u0105 oko\u0142o 11% populacji. Oko\u0142o 42% gospodarstw domowych to pary ma\u0142\u017ce\u0144skie.<\/p>\n<p>Lokalna gospodarka jest silna i r\u00f3\u017cnorodna. Santa Monica nazywa siebie cz\u0119\u015bci\u0105 \u201eSilicon Beach\u201d ze wzgl\u0119du na koncentracj\u0119 przemys\u0142u technologicznego i kreatywnego. Rzeczywi\u015bcie, sektor kreatywny i technologiczny jest najwi\u0119kszym pracodawc\u0105: ponad 3100 firm z bran\u017cy technologii informatycznych, filmowej, wideo, projektowej i reklamowej (takich jak Snap, Hulu, Lionsgate itp.) zatrudnia oko\u0142o 29 000 os\u00f3b \u2013 oko\u0142o jednej trzeciej miejsc pracy w mie\u015bcie. Inne znacz\u0105ce sektory to opieka zdrowotna (10 000 miejsc pracy), edukacja (Santa Monica College) i turystyka\/go\u015bcinno\u015b\u0107 (zakwaterowanie, restauracje). Bran\u017ca turystyczna ro\u015bnie: w 2023 r. do Santa Monica przyjecha\u0142o oko\u0142o 4,6 miliona go\u015bci, generuj\u0105c oko\u0142o 940 milion\u00f3w dolar\u00f3w wydatk\u00f3w lokalnych, dzi\u0119ki s\u0142ynnemu molo i pla\u017cy oraz dzielnicom handlowym miasta. Handel detaliczny r\u00f3wnie\u017c zas\u0142uguje na uwag\u0119 \u2013 przedsi\u0119biorstwa z sektora ma\u0142ych i \u015brednich przedsi\u0119biorstw odnotowa\u0142y w 2023 r. sprzeda\u017c podlegaj\u0105c\u0105 opodatkowaniu na poziomie ponad 3,2 mld USD. Kr\u00f3tko m\u00f3wi\u0105c, gospodarka Santa Monica \u0142\u0105czy lokalne miejsca pracy w handlu detalicznym i us\u0142ugach z zaskakuj\u0105co du\u017cym rdzeniem kreatywnych technologii (najwi\u0119ksze na \u015bwiecie skupisko firm z bran\u017cy medi\u00f3w cyfrowych i rozrywki znajduje si\u0119 w zachodniej cz\u0119\u015bci Los Angeles).<\/p>\n<p>Miasto szczyci si\u0119 wysokimi dochodami: doch\u00f3d na mieszka\u0144ca ~88 900 USD, a mediana dochod\u00f3w gospodarstwa domowego ~109 700 USD, chocia\u017c wska\u017anik ub\u00f3stwa (11,6%) wskazuje na nier\u00f3wno\u015b\u0107 dochod\u00f3w. Przychody z nieruchomo\u015bci i turystyki finansuj\u0105 lokalne udogodnienia (na przyk\u0142ad dzielnice poprawy biznesu organizuj\u0105 imprezy uliczne i konserwacj\u0119 centrum miasta). Zr\u00f3wnowa\u017cony biznes jest r\u00f3wnie\u017c priorytetem: Santa Monica promuje zielone budownictwo, \u015bcie\u017cki rowerowe i zosta\u0142a sklasyfikowana w\u015br\u00f3d \u201enajbardziej zr\u00f3wnowa\u017conych\u201d miast ze wzgl\u0119du na swoj\u0105 polityk\u0119 \u015brodowiskow\u0105.<\/p>\n<p>Santa Monica znajduje si\u0119 w po\u0142udniowej Kalifornii, tu\u017c na zach\u00f3d od miasta Los Angeles (dzielnica Venice) i 15 mil na p\u00f3\u0142noc od LAX. Le\u017cy na p\u0142askich klifach nad zatok\u0105 Santa Monica. Park Pacific Palisades i g\u00f3ry Santa Monica znajduj\u0105 si\u0119 tu\u017c na p\u00f3\u0142nocy, podczas gdy Venice Beach graniczy od po\u0142udnia. Jej 3-milowa linia brzegowa obejmuje s\u0142ynn\u0105 pla\u017c\u0119 Santa Monica State Beach (z siatkami do siatk\u00f3wki i szerokim piaskiem). Na l\u0105dzie miasto jest w wi\u0119kszo\u015bci p\u0142askie z niewielkim spadkiem od Palisades w d\u00f3\u0142 do wody. Kultowe molo Santa Monica Pier (zbudowane w 1909 r.) wystaje w zatok\u0119, z ma\u0142ym parkiem rozrywki, akwarium i historyczn\u0105 karuzel\u0105 na molo \u2013 symbolami miasta. G\u0142\u00f3wne centrum handlowe znajduje si\u0119 wok\u00f3\u0142 Third Street i Broadway, znane jako Third Street Promenade (t\u0119tni\u0105cy \u017cyciem deptak) oraz bloki w pobli\u017cu oceanu (\u201eDowntown\u201d), wszystkie t\u0119tni\u0105ce \u017cyciem ze sklepami, ulicznymi artystami i restauracjami.<\/p>\n<p>Klimatycznie, po\u0142o\u017cenie Santa Monica na wybrze\u017cu zapewnia bardzo niewielkie wahania temperatury. Jak zauwa\u017ca sekcja klimatyczna Wikipedii, Santa Monica cieszy si\u0119 nadmorskim klimatem \u015br\u00f3dziemnomorskim. Mg\u0142a przybrze\u017cna cz\u0119sto wyst\u0119puje od p\u00f3\u017anej wiosny do lata, ale miasto zwykle robi si\u0119 czyste do po\u0142udnia. Nawet w gor\u0105ce dni w g\u0142\u0119bi l\u0105du bryzy morskie ch\u0142odz\u0105 pla\u017c\u0119. Roczne opady wynosz\u0105 oko\u0142o 15 cali, g\u0142\u00f3wnie zim\u0105. D\u0142ugie, suche lata i \u0142agodne zimy oznaczaj\u0105, \u017ce kawiarnie na \u015bwie\u017cym powietrzu i festiwale uliczne mog\u0105 odbywa\u0107 si\u0119 przez ca\u0142y rok. Pla\u017ca i klify s\u0105 otoczone parkami (Palisades Park rozci\u0105ga si\u0119 na szczycie klifu, Tongva Park to nowszy park z widokiem na ocean w centrum miasta), wzmacniaj\u0105c integracj\u0119 miasta i morza.<\/p>\n<p>Historia Santa Monica odzwierciedla szerszy \u0142uk po\u0142udniowej Kalifornii. Obszar ten zosta\u0142 nazwany i zg\u0142oszony w meksyka\u0144skich nadaniach ziemskich z 1839 r. (Rancho San Vicente y Santa M\u00f3nica). Miasto zosta\u0142o formalnie w\u0142\u0105czone 30 listopada 1886 r. Na pocz\u0105tku Santa Monica rozwija\u0142a si\u0119 jako nadmorski kurort dla Los Angeles \u2014 hotele, \u0142a\u017anie i mola rekreacyjne sta\u0142y si\u0119 jej atrakcjami. Na pocz\u0105tku XX wieku mia\u0142a promy i Pacific Electric \u201eRed Car\u201d (trolejbus) \u0142\u0105cz\u0105cy j\u0105 z Los Angeles. W rzeczywisto\u015bci mola rozrywkowe by\u0142y wielk\u0105 rzecz\u0105 \u2014 molo Santa Monica zosta\u0142o rozbudowane i sta\u0142o si\u0119 g\u0142\u00f3wn\u0105 atrakcj\u0105 w latach 20. XX wieku.<\/p>\n<p>Kluczowym rozdzia\u0142em jest Douglas Aircraft Company, kt\u00f3ra w latach 20. XX wieku za\u0142o\u017cy\u0142a tu du\u017c\u0105 fabryk\u0119 samolot\u00f3w; Santa Monica sta\u0142a si\u0119 centrum wojennym z dziesi\u0105tkami tysi\u0119cy zatrudnionych w lotnictwie do 1940 roku. Po II wojnie \u015bwiatowej fabryka Douglas\/McDonnell pozosta\u0142a znacz\u0105ca a\u017c do lat 70., tworz\u0105c miejsca pracy i think tank RAND. Zamkni\u0119cie zak\u0142adu Douglas (1968\u201370) by\u0142o ciosem, ale pomog\u0142o utorowa\u0107 drog\u0119 do dywersyfikacji gospodarczej. Miasto opiera\u0142o si\u0119 rozbudowie autostrady (w 1975 roku wstrzymano Santa Monica Freeway przed kontynuowaniem jej na zach\u00f3d za Ocean Park), co sprawi\u0142o, \u017ce centrum miasta by\u0142o przyjazne dla pieszych. Przez dziesi\u0119ciolecia przekszta\u0142ci\u0142o si\u0119 w kosmopolityczne ma\u0142e miasto: molo i pla\u017ca pozosta\u0142y ikonami, ale nowe centra handlowe (Third Street) i ma\u0142e firmy technologiczne zacz\u0119\u0142y je definiowa\u0107. Wa\u017cne wydarzenia: pod koniec lat 80. XX wieku dosz\u0142o do konflikt\u00f3w na temat rozwoju kontra zachowanie (niekt\u00f3re dzielnice nadmorskie walczy\u0142y z nowymi wie\u017cowcami). Dzi\u015b po\u0142\u0105czenie zabytkowych budynk\u00f3w z po\u0142owy ubieg\u0142ego wieku i modnych nowych sklep\u00f3w \u015bwiadczy o nieustannych zmianach.<\/p>\n<p>Santa Monica jest znana ze zdrowej, post\u0119powej i kreatywnej atmosfery. Miasto jest zar\u00f3wno mieszkalne, jak i komercyjne; od dawna przyci\u0105ga artyst\u00f3w, przedsi\u0119biorc\u00f3w i m\u0142ode grono profesjonalist\u00f3w, a tak\u017ce zamo\u017cnych emeryt\u00f3w. J\u0119zyk angielski jest powszechny, a hiszpa\u0144ski jest powszechnie u\u017cywany w\u015br\u00f3d pracownik\u00f3w us\u0142ug i w niekt\u00f3rych dzielnicach. Styl \u017cycia k\u0142adzie nacisk na sprawno\u015b\u0107 fizyczn\u0105: zobaczysz biegaczy i rowerzyst\u00f3w na Ocean Avenue, studia jogi na prawie ka\u017cdym bloku, a targi rolne s\u0105 otwarte wiele dni w tygodniu. Kultura pla\u017cowa jest du\u017ca \u2013 wie\u017ce ratownik\u00f3w, mecze siatk\u00f3wki i sklepy z artyku\u0142ami surfingowymi s\u0105 wsz\u0119dzie. Miasto jest szczeg\u00f3lnie przyjazne dzieciom (place zabaw, szko\u0142y), a tak\u017ce zwierz\u0119tom (pla\u017ca dla ps\u00f3w bez smyczy w okre\u015blonych godzinach).<\/p>\n<p>Pod wzgl\u0119dem politycznym i spo\u0142ecznym Santa Monica jest do\u015b\u0107 liberalna; odzwierciedla to polityka miejska. Miasto szczyci si\u0119 ekologi\u0105 (\u015bcis\u0142y recykling, cele dotycz\u0105ce energii odnawialnej, zakazy stosowania niekt\u00f3rych tworzyw sztucznych). Sztuka i technologia mieszaj\u0105 si\u0119 tutaj: murale uliczne i galerie istniej\u0105 obok przestrzeni coworkingowych i inkubator\u00f3w startup\u00f3w. Wydarzenia spo\u0142eczno\u015bciowe wzmacniaj\u0105 lokalny charakter: odbywaj\u0105 si\u0119 cotygodniowe koncerty w parku, letnie wieczory filmowe i sezonowe uroczysto\u015bci (takie jak seria koncert\u00f3w Santa Monica Pier Twilight). W\u0142adze miasta i Izba Handlowa cz\u0119sto podkre\u015blaj\u0105 \u201ekupuj lokalnie\u201d i zr\u00f3wnowa\u017cone firmy, co wskazuje na skupienie si\u0119 na etosie spo\u0142eczno\u015bci.<\/p>\n<p>Je\u015bli chodzi o \u017cyczliwo\u015b\u0107, nastr\u00f3j w Santa Monica jest zazwyczaj przyjazny i swobodny. Nawet w centrum miasta rzadko spotyka si\u0119 str\u00f3j biznesowy; norm\u0105 jest str\u00f3j pla\u017cowy lub swobodny str\u00f3j miejski. Ludzie maj\u0105 tendencj\u0119 do u\u015bmiechania si\u0119 i witania \u201ehello\u201d, cho\u0107 nie jest to tak typowe dla miasteczka wiejskiego, jak styl Santa Barbara. Jest nuta miejskiej anonimowo\u015bci (jak w ka\u017cdym przedmie\u015bciu Los Angeles), ale wielu zna swoich s\u0105siad\u00f3w. Ruch uliczny to utrapienie (miejscowi wiedz\u0105, \u017ce nie nale\u017cy pr\u00f3bowa\u0107 jecha\u0107 pod g\u00f3r\u0119 do LAX w godzinach szczytu), wi\u0119c cierpliwo\u015b\u0107 na drogach jest niewypowiedzian\u0105 zasad\u0105.<\/p>\n<p>Atrakcje Santa Monica s\u0105 skoncentrowane na wybrze\u017cu. Oczywi\u015bcie, Santa Monica Pier jest miejscem, kt\u00f3re trzeba zobaczy\u0107. Jego karuzela na 2nd Street, diabelski m\u0142yn i pasa\u017ce handlowe przypominaj\u0105 staromodn\u0105 atmosfer\u0119 rozrywki, a scena na molo jest natychmiast rozpoznawalna (w przeciwie\u0144stwie do wszystkiego innego w Los Angeles). Park rozrywki Pacific Park na molo, a tak\u017ce ma\u0142e akwarium i restauracje, przyci\u0105gaj\u0105 rodziny i zwyk\u0142ych go\u015bci. Obok znajduje si\u0119 Palisades Park, zielony pas na szczycie urwiska z widokiem na ocean, idealny do jazdy na rowerze lub spacer\u00f3w o zachodzie s\u0142o\u0144ca. Tutaj masz jeden z najbardziej kultowych widok\u00f3w Los Angeles: bezkresny Pacyfik i zarys Malibu na p\u00f3\u0142nocy.<\/p>\n<p>Third Street Promenade to kolejna atrakcja: dzielnica handlowa przeznaczona wy\u0142\u0105cznie dla pieszych, pe\u0142na butik\u00f3w, ulicznych artyst\u00f3w i kawiarni na \u015bwie\u017cym powietrzu. Cz\u0119sto jest wymieniana jako jedno z najlepszych centr\u00f3w handlowych na \u015bwie\u017cym powietrzu w Ameryce. Pobliskie centrum handlowe Santa Monica Place (ekskluzywne zakupy) i dzielnica artystyczna 4th\/Colorado (SMC Performing Arts Center) zwi\u0119kszaj\u0105 jej atrakcyjno\u015b\u0107. Sama pla\u017ca \u2013 Santa Monica State Beach \u2013 jest szeroka i dobrze utrzymana, z boiskami do siatk\u00f3wki i \u015bcie\u017ckami rowerowymi, kt\u00f3re \u0142\u0105cz\u0105 si\u0119 z Venice Beach (na po\u0142udniu) i \u015bcie\u017ck\u0105 rowerow\u0105 Marina del Rey (na p\u00f3\u0142nocy).<\/p>\n<p>Inne atrakcje to Tongva Park &amp; \u200b\u200bGreenbelt (nowszy park wielopoziomowy z ogrodami zabaw i fontannami w centrum miasta) i Palisades Park (jak wspomniano). Na pla\u017cy, zabytkowe Angels Knight Pier (Caruso&#039;s Beach House) i Lifeguard Headquarters Tower to godne uwagi budowle. Sport i wypoczynek: Muscle Beach (oryginalna kalifornijska si\u0142ownia na \u015bwie\u017cym powietrzu) \u200b\u200bi North Beach Playground to przyjemne miejsca do odwiedzenia. Ponadto, Santa Monica Museum of Art i Bergamot Station (kompleks artystyczny z dziesi\u0105tkami galerii) obs\u0142uguj\u0105 spragnionych kultury go\u015bci. Ci, kt\u00f3rzy chc\u0105 poczu\u0107 si\u0119 lokalnie zakotwiczeni, mog\u0105 przespacerowa\u0107 si\u0119 po Farmers Market na Arizona Avenue (ca\u0142y rok, w \u015brody i soboty).<\/p>\n<p>Kr\u00f3tko m\u00f3wi\u0105c, lista rzeczy do zrobienia jest zdefiniowana przez ocean i rozrywk\u0119 na \u015bwie\u017cym powietrzu: przeja\u017cd\u017cka rowerem do molo, spacer o zachodzie s\u0142o\u0144ca, jazda na rolkach na pla\u017cy, a tak\u017ce posi\u0142ek w jednej z wielu restauracji przy pla\u017cy. Santa Monica oferuje klasyczne kalifornijskie do\u015bwiadczenie miasta pla\u017cowego, zaktualizowane do wsp\u00f3\u0142czesnych czas\u00f3w dzi\u0119ki modnym sklepom i zr\u00f3wnowa\u017conemu stylowi.<\/p>\n<p>Santa Monica nie ma w\u0142asnego lotniska komercyjnego; odwiedzaj\u0105cy zazwyczaj przylatuj\u0105 na lotnisko Los Angeles International Airport (LAX), zaledwie 15 minut jazdy na po\u0142udnie. Do lotnisk Burbank (BUR) i Long Beach (LGB) mo\u017cna r\u00f3wnie\u017c dojecha\u0107 samochodem lub busem. Samochodem autostrada I-10 ko\u0144czy si\u0119 w Santa Monica (gdzie spotyka si\u0119 z Ocean Avenue). Jest ona r\u00f3wnie\u017c po\u0142\u0105czona ulicami naziemnymi z West LA i dalej. Poci\u0105g Pacific Surfliner Amtrak zatrzymuje si\u0119 na pobliskiej stacji Downtown Santa Monica (przy 4th Street), \u0142\u0105cz\u0105c si\u0119 z korytarzem LA\u2013San Diego.<\/p>\n<p>Santa Monica jest stosunkowo ma\u0142a. Wielu mieszka\u0144c\u00f3w i turyst\u00f3w chodzi pieszo lub je\u017adzi na rowerze, szczeg\u00f3lnie w centrum i wzd\u0142u\u017c pla\u017cy. Transport publiczny obejmuje Big Blue Bus (miejski system autobusowy Santa Monica) i lekk\u0105 kolejk\u0119 LA Metro E Line (Expo Line), kt\u00f3ra \u0142\u0105czy centrum Santa Monica (stacja Downtown) z centrum Los Angeles i dalej co oko\u0142o 8 minut. Taks\u00f3wki i przejazdy wsp\u00f3\u0142dzielone s\u0105 liczne w centralnych obszarach, ale mog\u0105 by\u0107 rzadko\u015bci\u0105 p\u00f3\u017an\u0105 noc\u0105 w dzielnicach peryferyjnych. Parkowanie jest cz\u0119sto p\u0142atne na ulicach i w gara\u017cach publicznych; nale\u017cy pami\u0119ta\u0107 o harmonogramach sprz\u0105tania ulic. Poniewa\u017c ruch mo\u017ce blokowa\u0107 wjazdy na autostrady, wielu mieszka\u0144c\u00f3w korzysta z rower\u00f3w lub skuter\u00f3w na kr\u00f3tkie przeja\u017cd\u017cki (popularne s\u0105 programy skuter\u00f3w i rower\u00f3w wsp\u00f3\u0142dzielonych).<\/p>\n<p>Obowi\u0105zuj\u0105 standardowe napiwki w Kalifornii. Walut\u0105 jest USD. J\u0119zyk angielski jest uniwersalny; hiszpa\u0144ski jest powszechny w wielu kontekstach us\u0142ugowych (wiele szyld\u00f3w sklepowych jest dwuj\u0119zycznych). Napiwki w wysoko\u015bci 15\u201320% s\u0105 standardem w restauracjach. Sanda\u0142y i stroje pla\u017cowe s\u0105 akceptowalne prawie wsz\u0119dzie w ci\u0105gu dnia, chocia\u017c \u0142adniejszy ubi\u00f3r mo\u017cna wybra\u0107 do eleganckich restauracji lub bar\u00f3w. Santa Monica jest og\u00f3lnie bezpieczna \u2013 przest\u0119pczo\u015b\u0107 jest tam znacznie ni\u017csza ni\u017c w centrum Los Angeles. Uwa\u017caj jednak na swoje rzeczy na zat\u0142oczonych ulicach i pla\u017cach. Miasto jest bardzo przyjazne dla pieszych i rowerzyst\u00f3w, ale zawsze stosuj si\u0119 do lokalnej etykiety rowerowej\/hulajnogowej. Jest te\u017c do\u015b\u0107 mi\u0119dzynarodowe i akceptuj\u0105ce; odwiedzaj\u0105cy powinni czu\u0107 si\u0119 komfortowo, nosz\u0105c to, co lubi\u0105. Praktyczna uwaga: ze wzgl\u0119du na lokaln\u0105 polityk\u0119 Santa Monica jest bardzo \u015bwiadoma ekologicznie \u2013 odwiedzaj\u0105cy znajd\u0105 stacje nape\u0142niania wody (fontanny) zamiast plastikowych butelek w wielu parkach, a restauracje cz\u0119sto zach\u0119caj\u0105 do korzystania z toreb wielokrotnego u\u017cytku.<a href=\"https:\/\/travelshelper.com\/pl\/miejsca-docelowe\/ameryka-polnocna\/stany-zjednoczone-ameryki\/berkeley-springs\/\" target=\"_self\" aria-labelledby=\"uael-post-8997\"><br \/>\n<\/a><\/p>","protected":false},"excerpt":{"rendered":"<p>Santa Monica, po\u0142o\u017cona wzd\u0142u\u017c malowniczej zatoki Santa Monica na po\u0142udniowym wybrze\u017cu Kalifornii, to t\u0119tni\u0105ce \u017cyciem miasto w hrabstwie Los Angeles. Z populacj\u0105 93 076 os\u00f3b wed\u0142ug spisu ludno\u015bci USA z 2020 r., Santa Monica jest znanym kurortem chwalonym za przyjemn\u0105 temperatur\u0119, zapieraj\u0105ce dech w piersiach pla\u017ce i aktywny biznes hotelowy. W\u015br\u00f3d du\u017cych firm wspieraj\u0105cych zr\u00f3\u017cnicowan\u0105 gospodark\u0119 miasta \u2014 kt\u00f3re dzia\u0142a jako g\u0142\u00f3wny o\u015brodek zar\u00f3wno biznesu, jak i rekreacji \u2014 znajduj\u0105 si\u0119 Hulu, Universal Music Group, Lionsgate, Illumination i The Recording Academy.<\/p>","protected":false},"author":1,"featured_media":3396,"parent":8072,"menu_order":0,"comment_status":"closed","ping_status":"closed","template":"elementor_theme","meta":{"_eb_attr":"","footnotes":""},"class_list":["post-8395","page","type-page","status-publish","has-post-thumbnail"],"_links":{"self":[{"href":"https:\/\/travelshelper.com\/pl\/wp-json\/wp\/v2\/pages\/8395","targetHints":{"allow":["GET"]}}],"collection":[{"href":"https:\/\/travelshelper.com\/pl\/wp-json\/wp\/v2\/pages"}],"about":[{"href":"https:\/\/travelshelper.com\/pl\/wp-json\/wp\/v2\/types\/page"}],"author":[{"embeddable":true,"href":"https:\/\/travelshelper.com\/pl\/wp-json\/wp\/v2\/users\/1"}],"replies":[{"embeddable":true,"href":"https:\/\/travelshelper.com\/pl\/wp-json\/wp\/v2\/comments?post=8395"}],"version-history":[{"count":0,"href":"https:\/\/travelshelper.com\/pl\/wp-json\/wp\/v2\/pages\/8395\/revisions"}],"up":[{"embeddable":true,"href":"https:\/\/travelshelper.com\/pl\/wp-json\/wp\/v2\/pages\/8072"}],"wp:featuredmedia":[{"embeddable":true,"href":"https:\/\/travelshelper.com\/pl\/wp-json\/wp\/v2\/media\/3396"}],"wp:attachment":[{"href":"https:\/\/travelshelper.com\/pl\/wp-json\/wp\/v2\/media?parent=8395"}],"curies":[{"name":"wp","href":"https:\/\/api.w.org\/{rel}","templated":true}]}}