{"id":8389,"date":"2024-09-03T19:31:42","date_gmt":"2024-09-03T19:31:42","guid":{"rendered":"https:\/\/travelshelper.com\/staging\/?page_id=8389"},"modified":"2026-03-13T18:45:24","modified_gmt":"2026-03-13T18:45:24","slug":"santa-barbara","status":"publish","type":"page","link":"https:\/\/travelshelper.com\/pl\/destinations\/north-america\/united-states\/santa-barbara\/","title":{"rendered":"Santa Barbara"},"content":{"rendered":"<p>Santa Barbara le\u017cy oko\u0142o 100 mil na p\u00f3\u0142nocny zach\u00f3d od Los Angeles, wci\u015bni\u0119ta mi\u0119dzy Ocean Spokojny a G\u00f3ry Santa Ynez. Zatoka miasta jest uderzaj\u0105ca: zakrzywiona linia brzegowa piaszczystych pla\u017c otoczona zielonymi wzg\u00f3rzami. Pogoda jest s\u0142ynnie przyjemna, cz\u0119sto por\u00f3wnywana do \u015br\u00f3dziemnomorskiej (w rzeczywisto\u015bci nazywana jest \u201eAmeryka\u0144sk\u0105 Riwier\u0105\u201d). Ma ciep\u0142y \u015br\u00f3dziemnomorski klimat z \u0142agodnymi, suchymi latami i ch\u0142odnymi, wilgotnymi zimami. \u015arednie temperatury wahaj\u0105 si\u0119 od wysokich 50\u00b0F zim\u0105 do po\u0142owy 70\u00b0F latem (latem mog\u0105 osi\u0105gn\u0105\u0107 80\u00b0F, ale noce s\u0105 ch\u0142odne). S\u0142o\u0144ce \u015bwieci przez ponad 270 dni w roku, a palmy rosn\u0105 obok banian\u00f3w i dach\u00f3w z dach\u00f3wek w stylu hiszpa\u0144skim.<\/p>\n<p>W granicach miasta Santa Barbara mieszka oko\u0142o 88 000 mieszka\u0144c\u00f3w (szacunki na 2023 r.). Populacja miasta by\u0142a stabilna lub nieznacznie spada\u0142a w ostatnich latach. Mediana wieku wynosi oko\u0142o 39 lat, a miasto jest nieco starsze ni\u017c typowa Kalifornia (wielu emeryt\u00f3w i rodzin). Ekonomicznie jest zamo\u017cne: mediana dochodu gospodarstwa domowego wynosi oko\u0142o 101 000 USD, a wska\u017anik ub\u00f3stwa wynosi oko\u0142o 13%. Oko\u0142o 53% mieszka\u0144c\u00f3w Santa Barbara to biali nieb\u0119d\u0105cy Latynosami, a oko\u0142o 37% identyfikuje si\u0119 jako Latynosi lub Hiszpanie (g\u0142\u00f3wnie pochodzenia meksyka\u0144skiego). Spo\u0142eczno\u015bci azjatyckie i czarnosk\u00f3re s\u0105 obecne, ale mniejsze (ka\u017cda o kilka procent). Mediana ceny domu jest zauwa\u017calnie wysoka (ponad 1,4 miliona USD w 2023 r.) ze wzgl\u0119du na ograniczon\u0105 przestrze\u0144 i atrakcyjno\u015b\u0107 wybrze\u017ca.<\/p>\n<p>Wed\u0142ug ostatnich danych populacja miasta Santa Barbara wynosi oko\u0142o 88 000. Od 2022 do 2023 r. nieznacznie spad\u0142a (\u22120,7%). Mediana dochodu gospodarstwa domowego w mie\u015bcie (101 672 USD) i doch\u00f3d na osob\u0119 (~60 000 USD) s\u0105 wysokie w por\u00f3wnaniu ze standardami krajowymi, co odzwierciedla wiele stanowisk zawodowych i akademickich. Pod wzgl\u0119dem etnicznym oko\u0142o 53% stanowi\u0105 biali nie-Hiszpanie, oko\u0142o 37% to Hiszpanie (dowolnej rasy), a Azjaci (g\u0142\u00f3wnie Filipi\u0144czycy i Chi\u0144czycy) stanowi\u0105 oko\u0142o 3\u20134%.<\/p>\n<p>Gospodarka Santa Barbara jest zr\u00f3\u017cnicowana, ale na mniejsz\u0105 skal\u0119. Edukacja (w tym pobliski Uniwersytet Kalifornijski w Santa Barbara) jest g\u0142\u00f3wnym pracodawc\u0105: sam UCSB odpowiada za ponad 5% gospodarki hrabstwa. Turystyka i go\u015bcinno\u015b\u0107 s\u0105 wa\u017cne \u2013 historyczna hiszpa\u0144ska architektura miasta, pla\u017ce i region winiarski przyci\u0105gaj\u0105 turyst\u00f3w przez ca\u0142y rok. Rolnictwo (truskawki, awokado, cytryny, winogrona) i produkcja wina s\u0105 wa\u017cne w otaczaj\u0105cym hrabstwie. Opieka zdrowotna (Cottage Hospital, Pacific Clinics) i us\u0142ugi profesjonalne r\u00f3wnie\u017c wyst\u0119puj\u0105. Sektor technologiczny jest skromny, ale ro\u015bnie (Santa Barbara przyci\u0105gn\u0119\u0142a firmy telekomunikacyjne i programistyczne). Og\u00f3lnie rzecz bior\u0105c, Santa Barbara nie jest zdominowana przez jeden gigantyczny przemys\u0142; zamiast tego, samorz\u0105d lokalny, edukacja, turystyka i ma\u0142e firmy wspieraj\u0105 jej gospodark\u0119.<\/p>\n<p>Santa Barbara le\u017cy na kalifornijskim wybrze\u017cu centralnym, mniej wi\u0119cej w po\u0142owie drogi mi\u0119dzy Los Angeles a Bay Area (i niedaleko San Luis Obispo). Graniczy z Oceanem Spokojnym od po\u0142udnia i zachodu, G\u00f3rami Santa Ynez od p\u00f3\u0142nocy i pag\u00f3rkami od wschodu. Taka geografia tworzy klimat \u201ewarstwy morskiej\u201d: ch\u0142odne morskie bryzy przep\u0142ywaj\u0105 przez g\u00f3rskie prze\u0142\u0119cze, zapewniaj\u0105c miastu komfortowe temperatury nawet latem. Centrum miasta rozci\u0105ga si\u0119 wzd\u0142u\u017c nabrze\u017ca (Stearns Wharf) i State Street, a architektura charakteryzuje si\u0119 stylem hiszpa\u0144skiego odrodzenia kolonialnego, dachami z terakoty i promenadami obsadzonymi palmami. Dalej w g\u0142\u0105b l\u0105du doliny prowadz\u0105 do regionu winiarskiego Santa Ynez i Solvang. Og\u00f3lnie rzecz bior\u0105c, krajobraz (tzw. \u201e\u015br\u00f3dziemnomorski\u201d) jest bujny z ogrodami i musztardowo-\u017c\u00f3\u0142tymi wzg\u00f3rzami wiosn\u0105.<\/p>\n<p>Region jest oficjalnie umiarkowany: zar\u00f3wno NOAA, jak i US News klasyfikuj\u0105 pogod\u0119 w Santa Barbara jako jedn\u0105 z najlepszych w Ameryce. \u015arednie opady wynosz\u0105 oko\u0142o 20 cali rocznie, g\u0142\u00f3wnie zim\u0105. Mg\u0142a nadmorska (\u201ewarstwa morska\u201d) cz\u0119sto ch\u0142odzi letnie poranki, wypalaj\u0105c si\u0119 do po\u0142udnia. Zimy s\u0105 ch\u0142odne, ale rzadko mro\u017ane, podczas gdy lata s\u0105 ciep\u0142e, ale nie ekstremalne. Klimat miasta zosta\u0142 sklasyfikowany na 1. miejscu w USA w 2023 r. przez US News &amp; World Report. Ten \u0142agodny klimat (i malownicze t\u0142o oceanu\/g\u00f3r) w znacznym stopniu przyczyniaj\u0105 si\u0119 do reputacji Santa Barbara jako idyllicznego, zrelaksowanego miejsca.<\/p>\n<p>Santa Barbara ma g\u0142\u0119bokie korzenie. Rdzenni mieszka\u0144cy Chumash mieszkali tu przez tysi\u0105ce lat, zanim przybyli Europejczycy. Hiszpa\u0144ski odkrywca Juan Rodr\u00edguez Cabrillo odwiedzi\u0142 to miejsce w 1542 r., a nazwa miasta honoruje imi\u0119 jego \u015bwi\u0119tej (\u015bw. Barbara). Nowoczesna osada rozpocz\u0119\u0142a si\u0119 od hiszpa\u0144skiej misji Santa Barbara (znanej jako \u201eKr\u00f3lowa misji\u201d ze wzgl\u0119du na jej wspania\u0142o\u015b\u0107), za\u0142o\u017conej w 1786 r. przez franciszkan\u00f3w. Wok\u00f3\u0142 misji wyros\u0142o ma\u0142e pueblo, wraz z Presidio Santa Barbara (fort wojskowy).<\/p>\n<p>Katastrofalne trz\u0119sienie ziemi i tsunami w 1812 r. (o magnitudzie 7,1) zr\u00f3wna\u0142y m\u0142ode miasto i misj\u0119 z poziomem morza. Misja zosta\u0142a odbudowana i dzi\u015b jest najlepiej zachowan\u0105 ze wszystkich misji w Kalifornii (wci\u0105\u017c czynny ko\u015bci\u00f3\u0142). Po uzyskaniu niepodleg\u0142o\u015bci przez Meksyk (1821 r.) Santa Barbara sta\u0142a si\u0119 meksyka\u0144skim terytorium przyznanym na mocy ustawy (ranchos). Kiedy Kalifornia sta\u0142a si\u0119 cz\u0119\u015bci\u0105 Stan\u00f3w Zjednoczonych (po traktacie z Guadalupe Hidalgo z 1848 r.), Santa Barbara powoli si\u0119 amerykanizowa\u0142a. W 1872 r. zbudowano nabrze\u017ce (Stearns Wharf), aby poprawi\u0107 dost\u0119p do transportu morskiego, a w latach 80. XIX w. do miasta dotar\u0142y linie kolejowe, otwieraj\u0105c je na wi\u0119ksz\u0105 liczb\u0119 osadnik\u00f3w i turyst\u00f3w. Pod koniec XIX w. miasto by\u0142o ju\u017c promowane jako kurort nadmorski (Charles Nordhoff w swoich pismach wychwala\u0142 tamtejszy klimat).<\/p>\n<p>W XX wieku nast\u0105pi\u0142 zar\u00f3wno rozkwit, jak i katastrofa. W latach 90. XIX wieku odkryto rop\u0119 naftow\u0105 na morzu, co zapocz\u0105tkowa\u0142o er\u0119 ropy naftowej w Kalifornii (pierwsze odwierty na morzu na \u015bwiecie mia\u0142y miejsce w\u0142a\u015bnie tutaj). W 1925 roku trz\u0119sienie ziemi o magnitudzie 6,3 (z epicentrum pod miastem) ponownie zniszczy\u0142o znaczn\u0105 cz\u0119\u015b\u0107 centrum miasta, zabijaj\u0105c 13 os\u00f3b. Miasto zosta\u0142o odbudowane w sp\u00f3jnym hiszpa\u0144sko-maureta\u0144skim stylu architektonicznym, kt\u00f3ry nadaje dzisiejszemu centrum miasta charakterystyczny wygl\u0105d czerwonych dach\u00f3wek i bia\u0142ego tynku. Powojenny wzrost przyni\u00f3s\u0142 nowe dzielnice, przemys\u0142 (np. firmy lotnicze) i nowoczesny handel turystyczny. Dzi\u015b histori\u0119 Santa Barbara wida\u0107 w jej zabytkach: Mission, starej wie\u017cy s\u0105du, Stearns Wharf i skupiskach wiktoria\u0144skich dom\u00f3w.<\/p>\n<p>Charakter Santa Barbara jest elegancki, ale bezpretensjonalny, odzwierciedlaj\u0105c zar\u00f3wno po\u0142udniowokalifornijski luz, jak i odrobin\u0119 europejskiego stylu. Powszechnie m\u00f3wi si\u0119 po angielsku i hiszpa\u0144sku \u2013 ponad jedna trzecia mieszka\u0144c\u00f3w ma pochodzenie hiszpa\u0144skie. Miasto mocno celebruje swoje hiszpa\u0144skie i meksyka\u0144skie dziedzictwo: nazwy ulic s\u0105 hiszpa\u0144skie (State Street pierwotnie nazywa\u0142a si\u0119 Calle Principal), a lokalne tradycje obejmuj\u0105 Old Spanish Days Fiesta ka\u017cdego sierpnia \u2013 wielodniow\u0105 parad\u0119 i uliczny festiwal ta\u0144c\u00f3w, muzyki i widowisk. To wydarzenie (i wiele innych, takich jak Solstice Parades, Greek Festivals i ta\u0144ce folklorystyczne Ra\u00edces) podkre\u015bla znaczenie dwukulturowego (latynoameryka\u0144skiego) dziedzictwa. Jednocze\u015bnie Santa Barbara ma artystyczn\u0105 i ekskluzywn\u0105 atmosfer\u0119: dzielnica Funk Zone go\u015bci galerie sztuki i sale degustacyjne wina, a opera, teatr i sztuki wizualne s\u0105 tam bardzo cenione.<\/p>\n<p>Mieszka\u0144cy cz\u0119sto opisuj\u0105 \u017cycie tutaj jako \u201eswobodn\u0105 wyrafinowan\u0105 atmosfer\u0119\u201d. Tempo jest powolne jak na standardy du\u017cego miasta: ludzie spaceruj\u0105 po State Street w klapkach, jedz\u0105 na \u015bwie\u017cym powietrzu lub sp\u0119dzaj\u0105 popo\u0142udnie na pla\u017cy. Aktywno\u015bci na \u015bwie\u017cym powietrzu s\u0105 cz\u0119\u015bci\u0105 codziennego \u017cycia \u2013 surfing, w\u0119dr\u00f3wki piesze, jazda na rowerze. Kultura fitnessu i dobrego samopoczucia jest silna (wiele studi\u00f3w jogi i targ\u00f3w ekologicznych). Jednocze\u015bnie panuje tu bogactwo: niekt\u00f3re dzielnice (Montecito, Hope Ranch) s\u0105 bardzo zamo\u017cne, a odwiedzaj\u0105cy zauwa\u017caj\u0105 butiki projektant\u00f3w i luksusowe o\u015brodki wypoczynkowe. Jednak nastawienie pozostaje przyjazne i zorientowane na spo\u0142eczno\u015b\u0107: interakcje s\u0105 uprzejme, a nawi\u0105zywanie rozm\u00f3w w kawiarni jest powszechne. W mie\u015bcie panuje atmosfera ma\u0142ego miasteczka \u2013 na targu rolniczym mo\u017cna zobaczy\u0107 lokalnych urz\u0119dnik\u00f3w. Kr\u00f3tko m\u00f3wi\u0105c, Santa Barbara \u0142\u0105czy urok \u201eameryka\u0144skiej Riwiery\u201d (aleje obsadzone palmami, kawiarnie na \u015br\u00f3dziemnomorskich placach) z nowoczesn\u0105, post\u0119pow\u0105 \u015bwiadomo\u015bci\u0105 (zielone inicjatywy biznesowe, infrastruktura rowerowa, zachowanie otwartej przestrzeni).<\/p>\n<p>G\u0142\u00f3wne wydarzenia nadaj\u0105 Santa Barbara polotu: opr\u00f3cz Old Spanish Days Fiesta, odbywa si\u0119 tam Parada Letniego Przesilenia (\u015bwi\u0119tuj\u0105ca lokaln\u0105 sztuk\u0119 za pomoc\u0105 wymy\u015blnych platform), Mi\u0119dzynarodowy Festiwal Filmowy w Santa Barbara (przyci\u0105gaj\u0105cy gwiazdy Hollywood ka\u017cdej zimy) i Letnie Koncerty w Bowl (koncerty w amfiteatrze g\u00f3rskim pod gwiazdami). Uniwersytet Kalifornijski w Santa Barbara r\u00f3wnie\u017c oferuje du\u017c\u0105 scen\u0119 studenck\u0105 i kulturaln\u0105 w pobli\u017cu (koncerty, wystawy sztuki). Przez ca\u0142y rok restauracje na chodnikach, uliczni muzycy i weekendowe targi rolne przyczyniaj\u0105 si\u0119 do towarzyskiej, \u015br\u00f3dziemnomorskiej atmosfery.<\/p>\n<p>Atrakcje Santa Barbara prezentuj\u0105 jej histori\u0119, naturalne pi\u0119kno i styl \u017cycia. W centrum znajduje si\u0119 State Street, szeroki bulwar z palmami i kwiatami, sklepami, restauracjami i uroczymi alejkami Funk Zone z butikami i przestrzeniami artystycznymi. Wzd\u0142u\u017c nabrze\u017ca, Stearns Wharf (zbudowany w 1872 r.) to stare drewniane molo ze straganami z owocami morza, akwarium i panoramicznym widokiem na zatok\u0119. Budynek s\u0105du hrabstwa Santa Barbara jest cz\u0119sto wymieniany jako obowi\u0105zkowy punkt zwiedzania: ten \u201ewspania\u0142y pa\u0142ac w stylu hiszpa\u0144sko-maureta\u0144skim\u201d zbudowany w 1929 r. ma ozdobne kafelki, ogrody i wie\u017c\u0119 zegarow\u0105, na kt\u00f3r\u0105 mo\u017cna si\u0119 wspi\u0105\u0107. Jego murale i ogrody przedstawiaj\u0105 histori\u0119 miasta, a w pogodne dni taras widokowy oferuje widoki na ocean.<\/p>\n<p>Nieco na p\u00f3\u0142noc od centrum miasta znajduje si\u0119 Old Mission Santa Barbara (\u201eKr\u00f3lowa Misji\u201d za\u0142o\u017cona w 1786 r.). Misja i jej ogrody r\u00f3\u017cane przyci\u0105gaj\u0105 turyst\u00f3w i mi\u0142o\u015bnik\u00f3w historii. W pobli\u017cu znajduj\u0105 si\u0119 Ogr\u00f3d Botaniczny (z rodzimymi ro\u015blinami) i Mission Rose Garden, kt\u00f3re s\u0105 spokojnymi przystankami. Na wybrze\u017cu znajduj\u0105 si\u0119 East Beach i West Beach, szerokie piaszczyste parki popularne w\u015br\u00f3d siatkarzy i piknikowicz\u00f3w, a tak\u017ce Harbor (gdzie znajduj\u0105 si\u0119 spokojne mariny i restauracje serwuj\u0105ce owoce morza). Kr\u00f3tki przejazd wzd\u0142u\u017c wybrze\u017ca prowadzi do Santa Barbara Zoo na klifie z widokiem na ocean (to ma\u0142e zoo, ale wysoko oceniane przez rodziny). Na \u015bwie\u017cym powietrzu Santa Barbara Museum of Art i SOFO (na po\u0142udnie od Figueroa) oferuj\u0105 przestrzenie kulturalne, a szlaki turystyczne na pobliskich wzg\u00f3rzach (np. punkt inspiracji) ods\u0142aniaj\u0105 widoki na miasto i morze.<\/p>\n<p>Wyprawa poza miasto: Do \u200b\u200bChannel Islands National Park cz\u0119sto mo\u017cna dosta\u0107 si\u0119 \u0142odzi\u0105 z Santa Barbara (wycieczki kajakowe i przyrodnicze na wyspy Anacapa lub Santa Cruz). Region winiarski (dolina Santa Ynez) znajduje si\u0119 niedaleko l\u0105du i przyci\u0105ga go\u015bci salami degustacyjnymi i polami s\u0142onecznik\u00f3w. Og\u00f3lnie rzecz bior\u0105c, do\u015bwiadczenia, kt\u00f3rych nie mo\u017cna przegapi\u0107, to po\u0142\u0105czenie spacer\u00f3w ulicami o hiszpa\u0144skiej architekturze, relaksu na ciep\u0142ych pla\u017cach i degustacji lokalnego wina i jedzenia. Ci, kt\u00f3rzy przyje\u017cd\u017caj\u0105 z oczekiwaniem klasycznego kalifornijskiego uroku, znajd\u0105 tu wiele powod\u00f3w do zachwytu.<\/p>\n<p>W\u0142asne ma\u0142e lotnisko SBA w Santa Barbara obs\u0142uguje loty g\u0142\u00f3wnie do w\u0119z\u0142\u00f3w LAX\/SFO\/SLC. Wiele os\u00f3b leci do Los Angeles (LAX) lub Santa Maria (SMX) i jedzie drog\u0105 US 101 lub malownicz\u0105 Highway 1 do Santa Barbara (oko\u0142o 1,5\u20132 godzin z LAX). Poci\u0105g Pacific Surfliner Amtrak zapewnia wygodne po\u0142\u0105czenie kolejowe wzd\u0142u\u017c wybrze\u017ca z San Diego przez LA i dalej do Santa Barbara i San Luis Obispo, ze stacj\u0105 w centrum Santa Barbara.<\/p>\n<p>Miasto jest do\u015b\u0107 zwarte; \u015br\u00f3dmie\u015bcie i State Street s\u0105 bardzo dost\u0119pne pieszo. Jednak g\u0142\u00f3wne atrakcje s\u0105 rozproszone. Transport publiczny (autobusy SBMTD) obs\u0142uguje wi\u0119kszo\u015b\u0107 tras miejskich (na przyk\u0142ad bezp\u0142atne transfery do linii kolejowych na po\u0142udniowym wybrze\u017cu). Wielu odwiedzaj\u0105cych wynajmuje samoch\u00f3d, aby dotrze\u0107 na pla\u017ce i do dzielnic poza \u015br\u00f3dmie\u015bciem (parking na pla\u017cach jest zazwyczaj bezp\u0142atny). Jazda na rowerze jest popularna na p\u0142askich terenach w pobli\u017cu nabrze\u017ca. Aby dotrze\u0107 do miejsc takich jak Mission lub port, naj\u0142atwiej jest jecha\u0107 samochodem lub lokalnym autobusem. Nie ma systemu szybkiego transportu; taks\u00f3wki i przejazdy wsp\u00f3\u0142dzielone dzia\u0142aj\u0105, ale s\u0105 mniej powszechne ni\u017c w Los Angeles.<\/p>\n<p>Walut\u0105 jest USD; wsz\u0119dzie m\u00f3wi si\u0119 po angielsku, cho\u0107 cz\u0119sto us\u0142yszysz te\u017c hiszpa\u0144ski (wiele firm umieszcza dwuj\u0119zyczne menu i znaki). Napiwki (ponad 15%) s\u0105 standardem w restauracjach i kawiarniach. Santa Barbara jest uwa\u017cana za bardzo bezpieczn\u0105 \u2013 przest\u0119pstwa z u\u017cyciem przemocy zdarzaj\u0105 si\u0119 rzadko w rejonach turystycznych \u2013 ale obowi\u0105zuj\u0105 standardowe \u015brodki ostro\u017cno\u015bci (zamykaj samoch\u00f3d, uwa\u017caj na rzeczy na pla\u017cy). Atmosfera miasta jest swobodna i elegancka: d\u017cinsy lub szorty i \u0142adny top to w wi\u0119kszo\u015bci przypadk\u00f3w idealny str\u00f3j. Zaleca si\u0119 noszenie kremu z filtrem przeciws\u0142onecznym i kapelusza przez ca\u0142y rok (promieniowanie UV mo\u017ce by\u0107 silne). Je\u015bli prowadzisz samoch\u00f3d, uwa\u017caj na dwukierunkowe \u015bcie\u017cki rowerowe i pieszych. Miejscowi s\u0105 uprzejmi i pomocni; cz\u0119sto witaj\u0105 nieznajomych przyjaznym \u201ecze\u015b\u0107\u201d lub u\u015bmiechem. Og\u00f3lnie rzecz bior\u0105c, miasto jest bardzo przyjazne dla turyst\u00f3w, a oznakowanie w ca\u0142ym mie\u015bcie jest dobre (Centrum dla zwiedzaj\u0105cych w centrum przy molo jest przydatnym \u017ar\u00f3d\u0142em informacji).<a href=\"https:\/\/travelshelper.com\/pl\/miejsca-docelowe\/ameryka-polnocna\/stany-zjednoczone-ameryki\/berkeley-springs\/\" target=\"_self\" aria-labelledby=\"uael-post-8997\"><br \/>\n<\/a><\/p>","protected":false},"excerpt":{"rendered":"<p>Santa Barbara to pi\u0119kne nadmorskie miasto, stolica hrabstwa Santa Barbara w Kalifornii. Opr\u00f3cz Alaski jest to najd\u0142u\u017cszy taki odcinek na zachodnim wybrze\u017cu Stan\u00f3w Zjednoczonych, po\u0142o\u017cony na wyj\u0105tkowym po\u0142udniowym odcinku wybrze\u017ca. Wznosz\u0105ce si\u0119 stromo na p\u00f3\u0142nocy g\u00f3ry Santa Ynez i Ocean Spokojny, kt\u00f3ry rozci\u0105ga si\u0119 na po\u0142udnie, tworz\u0105 niesamowite naturalne t\u0142o, kt\u00f3re przynios\u0142o miastu przydomek \u201eAmeryka\u0144ska Riwiera\u201d ze wzgl\u0119du na ich klimat przypominaj\u0105cy klimat \u015br\u00f3dziemnomorski.<\/p>","protected":false},"author":1,"featured_media":3858,"parent":8072,"menu_order":0,"comment_status":"closed","ping_status":"closed","template":"elementor_theme","meta":{"_eb_attr":"","footnotes":""},"class_list":["post-8389","page","type-page","status-publish","has-post-thumbnail"],"_links":{"self":[{"href":"https:\/\/travelshelper.com\/pl\/wp-json\/wp\/v2\/pages\/8389","targetHints":{"allow":["GET"]}}],"collection":[{"href":"https:\/\/travelshelper.com\/pl\/wp-json\/wp\/v2\/pages"}],"about":[{"href":"https:\/\/travelshelper.com\/pl\/wp-json\/wp\/v2\/types\/page"}],"author":[{"embeddable":true,"href":"https:\/\/travelshelper.com\/pl\/wp-json\/wp\/v2\/users\/1"}],"replies":[{"embeddable":true,"href":"https:\/\/travelshelper.com\/pl\/wp-json\/wp\/v2\/comments?post=8389"}],"version-history":[{"count":0,"href":"https:\/\/travelshelper.com\/pl\/wp-json\/wp\/v2\/pages\/8389\/revisions"}],"up":[{"embeddable":true,"href":"https:\/\/travelshelper.com\/pl\/wp-json\/wp\/v2\/pages\/8072"}],"wp:featuredmedia":[{"embeddable":true,"href":"https:\/\/travelshelper.com\/pl\/wp-json\/wp\/v2\/media\/3858"}],"wp:attachment":[{"href":"https:\/\/travelshelper.com\/pl\/wp-json\/wp\/v2\/media?parent=8389"}],"curies":[{"name":"wp","href":"https:\/\/api.w.org\/{rel}","templated":true}]}}