{"id":8365,"date":"2024-09-03T18:18:47","date_gmt":"2024-09-03T18:18:47","guid":{"rendered":"https:\/\/travelshelper.com\/staging\/?page_id=8365"},"modified":"2026-03-13T18:51:01","modified_gmt":"2026-03-13T18:51:01","slug":"san-antonio","status":"publish","type":"page","link":"https:\/\/travelshelper.com\/pl\/destinations\/north-america\/united-states\/san-antonio\/","title":{"rendered":"San Antonio"},"content":{"rendered":"<p>San Antonio w Teksasie rozci\u0105ga si\u0119 przez po\u0142udniowo-centralny Teksas, gdzie pag\u00f3rkowate prerie spotykaj\u0105 si\u0119 z zaro\u015blami po\u0142udniowego Teksasu. W krajobrazie miasta dominuj\u0105 historyczne forty i misje, a tak\u017ce, co zauwa\u017calne, nowoczesna Tower of the Americas, kt\u00f3ra przebija lini\u0119 horyzontu. Jego serce jest przeci\u0119te bujn\u0105 San Antonio River Walk, zatopionym, wy\u0142o\u017conym kamieniem kana\u0142em wodnym otoczonym patio, restauracjami i sklepami (klimat tutaj jest wilgotny subtropikalny, gor\u0105cy latem, \u0142agodny zim\u0105). Atmosfera San Antonio jest wyj\u0105tkowa: po\u0142\u0105czenie g\u0142\u0119bokiego dziedzictwa hiszpa\u0144sko-meksyka\u0144skiego i wsp\u00f3\u0142czesnej dynamiki Teksasu. Dominuj\u0105ca architektura \u2013 od rze\u017abionej kamiennej fasady Alamo po pastelowe domy z tynku \u2013 odzwierciedla histori\u0119, kt\u00f3ra rozci\u0105ga si\u0119 od XVIII-wiecznej Hiszpanii do t\u0119tni\u0105cej \u017cyciem, wielokulturowej tera\u017aniejszo\u015bci.<\/p>\n<p>San Antonio jest jednym z najwi\u0119kszych miast w USA. W 2020 r. jego populacja wynosi\u0142a 1 434 625 (ponad 1,6 miliona w szerszym obszarze metropolitalnym). Do 2023 r. zbli\u017cy\u0142a si\u0119 do 1,46 miliona, kontynuuj\u0105c sta\u0142y wzrost. Populacja San Antonio jest znana z tego, \u017ce w wi\u0119kszo\u015bci sk\u0142ada si\u0119 z Latynos\u00f3w: oko\u0142o 64% mieszka\u0144c\u00f3w to Latynosi lub Hiszpanie, g\u0142\u00f3wnie pochodzenia meksyka\u0144skiego, a oko\u0142o 23% to biali nieb\u0119d\u0105cy Latynosami. Istnieje r\u00f3wnie\u017c znacz\u0105ca spo\u0142eczno\u015b\u0107 afroameryka\u0144ska (oko\u0142o 6%). Mediana dochod\u00f3w miasta jest ni\u017csza od \u015bredniej krajowej, co odzwierciedla du\u017c\u0105 baz\u0119 klasy robotniczej, chocia\u017c gospodarka jest dynamiczna.<\/p>\n<p>Ekonomicznie San Antonio jest zr\u00f3\u017cnicowane. Historycznie plac\u00f3wka wojskowa (z kilkoma bazami skonsolidowanymi w Joint Base San Antonio), nadal ma jedn\u0105 z najwi\u0119kszych obecno\u015bci wojskowych w kraju. Inne kluczowe sektory obejmuj\u0105 opiek\u0119 zdrowotn\u0105 (South Texas Medical Center jest ogromne), turystyk\u0119 (Fort Sam Houston i Alamo przyci\u0105gaj\u0105 miliony), us\u0142ugi finansowe (siedziba USAA ds. ubezpiecze\u0144 wojskowych) i rafinacj\u0119 ropy naftowej (tutaj znajduje si\u0119 siedziba Valero Energy). W 2018 r. PKB miasta wynios\u0142o oko\u0142o 121 miliard\u00f3w dolar\u00f3w, koncentruj\u0105c si\u0119 na wojsku, opiece zdrowotnej, rz\u0105dzie i us\u0142ugach biznesowych. Miasto przyci\u0105ga r\u00f3wnie\u017c konferencje do Henry B. Gonz\u00e1lez Convention Center. W 2017 r. turystyka wspiera\u0142a ponad 130 000 miejsc pracy i wpompowa\u0142a 13,6 miliarda dolar\u00f3w do lokalnej gospodarki. San Antonio jest siedzib\u0105 dw\u00f3ch firm z listy Fortune 500 \u2013 Valero Energy (ropa) i USAA (ubezpieczenia) \u2013 oraz licznych siedzib regionalnych.<\/p>\n<p>San Antonio le\u017cy w po\u0142udniowym Teksasie, oko\u0142o 75 mil w g\u0142\u0105b l\u0105du od Zatoki Meksyka\u0144skiej. Znajduje si\u0119 na wysoko\u015bci oko\u0142o 650 st\u00f3p na Balcones Escarpment, gdzie faliste r\u00f3wniny przechodz\u0105 w nadmorskie wzg\u00f3rza. Klimat jest wilgotny subtropikalny: lata s\u0105 bardzo gor\u0105ce i wilgotne (cz\u0119sto powy\u017cej 100\u00b0F), a zimy \u0142agodne i kr\u00f3tkie. Le\u017cy na r\u00f3wninach po\u0142udniowego Teksasu, wi\u0119c teren wok\u00f3\u0142 jest na og\u00f3\u0142 p\u0142aski lub lekko pag\u00f3rkowaty, z rzadkimi drzewami i zaro\u015blami. Pi\u0119\u0107 hiszpa\u0144skich misji kolonialnych miasta (w tym Alamo) le\u017cy wzd\u0142u\u017c rzeki San Antonio i zosta\u0142o wpisane na List\u0119 \u015awiatowego Dziedzictwa UNESCO. (Brzegi rzeki i misje pomagaj\u0105 prze\u0142ama\u0107 p\u0142asko\u015b\u0107, tworz\u0105c kieszenie zieleni w mie\u015bcie).<\/p>\n<p>Historia San Antonio zaczyna si\u0119 od hiszpa\u0144skiej epoki kolonialnej. W 1718 r. ojciec Antonio de Olivares za\u0142o\u017cy\u0142 pierwsz\u0105 misj\u0119, nadaj\u0105c jej nazw\u0119 San Antonio de Valero (kt\u00f3ra p\u00f3\u017aniej sta\u0142a si\u0119 Alamo). W tym samym roku Hiszpania za\u0142o\u017cy\u0142a w pobli\u017cu Presidio San Antonio de B\u00e9xar (fort), a osadnicy wznie\u015bli wok\u00f3\u0142 niego will\u0119. Dzi\u0119ki temu San Antonio sta\u0142o si\u0119 pierwsz\u0105 osad\u0105 cywiln\u0105 na mocy statutu na terenie dzisiejszego Teksasu. W XVIII wieku wzd\u0142u\u017c rzeki zbudowano wi\u0119cej misji. W 1821 r. Teksas uzyska\u0142 niepodleg\u0142o\u015b\u0107 od Hiszpanii jako cz\u0119\u015b\u0107 Meksyku, a San Antonio pozosta\u0142o wa\u017cnym o\u015brodkiem.<\/p>\n<p>Prze\u0142omowym momentem by\u0142a bitwa pod Alamo w 1836 r. podczas rewolucji w Teksasie: 180 obro\u0144c\u00f3w z Teksasu zosta\u0142o obl\u0119\u017conych przez meksyka\u0144sk\u0105 armi\u0119 Santa Anny i chocia\u017c ostatecznie pokonani z du\u017cymi stratami po stronie Teksa\u0144czyk\u00f3w, okrzyk bojowy \u201ePami\u0119tajcie o Alamo\u201d o\u017cywi\u0142 niepodleg\u0142o\u015b\u0107 Teksasu. (Misja w Alamo sta\u0142a si\u0119 sanktuarium to\u017csamo\u015bci Teksa\u0144czyk\u00f3w). W XIX i na pocz\u0105tku XX wieku San Antonio rozwija\u0142o si\u0119 jako centrum hodowli byd\u0142a i rolnictwa, a p\u00f3\u017aniej rozwija\u0142y si\u0119 takie ga\u0142\u0119zie przemys\u0142u jak browar Pearl i instalacje wojskowe. Po II wojnie \u015bwiatowej konsolidacja w Joint Base San Antonio uczyni\u0142a gospodark\u0119 wojskow\u0105 jeszcze bardziej centraln\u0105. W ostatnich dekadach miasto odnotowa\u0142o szybki wzrost i dywersyfikacj\u0119, jednocze\u015bnie obejmuj\u0105c swoje wielokulturowe dziedzictwo poprzez festiwale i instytucje kulturalne.<\/p>\n<p>Kultura San Antonio jest silnie hiszpa\u0144skoj\u0119zyczna i dumna ze swoich korzeni. Tradycje hiszpa\u0144skie i meksyka\u0144skie przenikaj\u0105 codzienne \u017cycie: miasto jest zalane kolorami, fiestami i jedzeniem. Dominuj\u0105cym j\u0119zykiem jest angielski, ale powszechnie m\u00f3wi si\u0119 po hiszpa\u0144sku (dzielnice, firmy i oznakowanie s\u0105 cz\u0119sto dwuj\u0119zyczne). Codzienne \u017cycie ma atmosfer\u0119 fiesty: powszechna jest muzyka mariachi i conjunto, a kuchnia Tex-Mex (tacos, enchiladas, brisket) jest wszechobecna. Jednym z najwi\u0119kszych wydarze\u0144 w mie\u015bcie jest Fiesta San Antonio, og\u00f3lnomiejskie \u015bwi\u0119to kultury i historii, odbywaj\u0105ce si\u0119 ka\u017cdej wiosny (jest to wydarzenie firmowe miasta). Wielu mieszka\u0144c\u00f3w ubiera si\u0119 w kowbojskie kapelusze, cieszy si\u0119 rodzinnym grillem i uczestniczy w rodeo i pokazach muzyki Tejano.<\/p>\n<p>Je\u015bli chodzi o styl, mieszka\u0144cy San Antonio s\u0105 przyja\u017ani i wyluzowani. W wielu dzielnicach (Alamo Heights, Southtown, King William itp.) panuje silne poczucie wsp\u00f3lnoty. Ko\u015bcio\u0142y (katolickie i protestanckie) oraz centra spo\u0142eczno\u015bciowe stanowi\u0105 punkty centralne. Ze wzgl\u0119du na upa\u0142 \u017cycie tutaj cz\u0119sto kr\u0119ci si\u0119 wok\u00f3\u0142 wieczornych zaj\u0119\u0107 lub klimatyzowanych przestrzeni; kawiarnie na \u015bwie\u017cym powietrzu s\u0105 popularne noc\u0105. Sama River Walk jest niczym \u201emiejska oaza\u201d, gdzie ludzie zbieraj\u0105 si\u0119 na kolacj\u0119 i spacery. Og\u00f3lnie rzecz bior\u0105c, miasto \u0142\u0105czy swoje dziedzictwo Tejano z nowoczesnym teksa\u0144skim wigorem. Jak podkre\u015bla jedna z notatek kulturowych, San Antonio jest jednym z zaledwie 26 Miast Kreatywnych Gastronomii UNESCO (nagrodzonych w 2017 r.) \u2013 co jest uk\u0142onem w stron\u0119 jego kulinarnej wybitno\u015bci.<\/p>\n<p><strong>Najwa\u017cniejsze atrakcje:<\/strong><\/p>\n<ul>\n<li><strong>Alamo (misje San Antonio)<\/strong> \u2013 Misja San Antonio de Valero (\u201eAlamo\u201d) jest najs\u0142ynniejszym zabytkiem Teksasu. Zachowana od lat 1700., odwiedzana jest przez ponad 2 miliony os\u00f3b rocznie i jest najwi\u0119ksz\u0105 atrakcj\u0105 turystyczn\u0105. W pobli\u017cu znajduj\u0105 si\u0119 cztery inne hiszpa\u0144skie misje (Mission Concepci\u00f3n, San Jos\u00e9, San Juan i Espada) wzd\u0142u\u017c Mission Trail; \u0142\u0105cznie te pi\u0119\u0107 misji (w tym Alamo) tworzy <strong>Narodowy Park Historyczny Misji San Antonio<\/strong>, obiekt \u015bwiatowego dziedzictwa UNESCO. Wycieczki piesze tutaj w \u017cywy spos\u00f3b przybli\u017caj\u0105 histori\u0119 kolonialn\u0105.<\/li>\n<li><strong>Spacer wzd\u0142u\u017c rzeki San Antonio<\/strong> \u2013 Krajobrazowy szlak wodny z chodnikami i kamiennymi mostami wzd\u0142u\u017c rzeki San Antonio przez centrum miasta. Wzd\u0142u\u017c niego ci\u0105gn\u0105 si\u0119 kawiarnie, restauracje, sklepy i hotele, oferuj\u0105c malowniczy kontrast z teksa\u0144skim upa\u0142em. Wycieczka \u0142odzi\u0105 po River Walk to popularne do\u015bwiadczenie turystyczne. River Walk jest cz\u0119sto opisywany jako dusza miasta, gdzie mo\u017cna \u0142atwo sp\u0119dzi\u0107 popo\u0142udnie na kolacji i spacerze wzd\u0142u\u017c \u0142agodnej rzeki.<\/li>\n<li><strong>Wie\u017ca Ameryk<\/strong> \u2013 750-stopowa wie\u017ca widokowa zbudowana na \u015awiatowe Targi w 1968 r., z panoramicznym widokiem na San Antonio z tarasu widokowego i obrotow\u0105 restauracj\u0105 na szczycie. Znajduje si\u0119 w widocznym miejscu w Hemisfair Park w centrum miasta.<\/li>\n<li><strong>SeaWorld San Antonio i Six Flags Fiesta Texas<\/strong> \u2013 Parki rozrywki dla rodzin. SeaWorld (w zachodnim San Antonio) oferuje pokazy ssak\u00f3w morskich i akwaria. Six Flags Fiesta Texas (w p\u00f3\u0142nocno-zachodnim) ma kolejki g\u00f3rskie i karuzele. Oba nale\u017c\u0105 do najwi\u0119kszych atrakcji regionu zar\u00f3wno dla dzieci, jak i poszukiwaczy mocnych wra\u017ce\u0144.<\/li>\n<li><strong>Rynek (Rynek)<\/strong> \u2013 Historyczny Market Square w po\u0142udniowej cz\u0119\u015bci \u015br\u00f3dmie\u015bcia jest najwi\u0119kszym meksyka\u0144skim targiem w Stanach Zjednoczonych. Otwarty codziennie, jest kolorowym placem stragan\u00f3w rzemie\u015blniczych i jad\u0142odajni. Sprzedawcy sprzedaj\u0105 pi\u00f1aty, sombrera, meksyka\u0144skie s\u0142odycze i r\u0119kodzie\u0142o \u2013 odzwierciedlaj\u0105c siln\u0105 kultur\u0119 hiszpa\u0144sk\u0105 San Antonio.<\/li>\n<li><strong>Narodowy Park Historyczny Misji San Antonio<\/strong> (patrz Alamo powy\u017cej) \u2013 Opr\u00f3cz misji w centrum miasta park obejmuje misje Concepci\u00f3n, San Jos\u00e9, San Juan i Espada. S\u0105 one pi\u0119knie zachowane, szczeg\u00f3lnie Mission Concepci\u00f3n (z oryginalnymi freskami). S\u0105 cichsze ni\u017c Alamo, ale r\u00f3wnie znacz\u0105ce historycznie.<\/li>\n<li><strong>Inne atrakcje:<\/strong> San Antonio Zoo w Brackenridge Park, Witte Museum (nauka, historia, kultura) i historyczny Brackenridge Park (gdzie znajduj\u0105 si\u0119 Japo\u0144skie Ogrody Herbaciane). Historyczny Spanish Governor&#039;s Palace w centrum miasta jest jednym z najstarszych budynk\u00f3w w Teksasie. Warto r\u00f3wnie\u017c zwr\u00f3ci\u0107 uwag\u0119 na River Parade i wydarzenia FIESTA, je\u015bli Twoja wizyta przypada na te pory roku.<\/li>\n<\/ul>\n<p><strong>Praktyczny przegl\u0105d:<\/strong><\/p>\n<ul>\n<li><strong>Jak si\u0119 tam dosta\u0107:<\/strong> Mi\u0119dzynarodowy Port Lotniczy San Antonio (SAT) obs\u0142uguje miasto, obs\u0142uguj\u0105c loty z ca\u0142ych Stan\u00f3w Zjednoczonych. Le\u017cy na p\u00f3\u0142noc od centrum (oko\u0142o 10 mil). Autostrady mi\u0119dzystanowe I-35, I-10 i I-37 zbiegaj\u0105 si\u0119 wok\u00f3\u0142 San Antonio, co umo\u017cliwia dojazd samochodem ze wszystkich kierunk\u00f3w (Dallas\/Houston przez I-35, Austin przez I-35 North itd.). Autobusy Greyhound i Amtrak (Sunset Limited) r\u00f3wnie\u017c obs\u0142uguj\u0105 centrum miasta. Centrum miasta znajduje si\u0119 kilka godzin jazdy na po\u0142udnie od Austin i na po\u0142udniowy zach\u00f3d od Houston.<\/li>\n<li><strong>Poruszanie si\u0119:<\/strong> Lokalny system transportu San Antonio jest obs\u0142ugiwany przez VIA Metropolitan Transit (autobusy i nowszy ekspresowy system autobusowy). Miasto jest du\u017ce, wi\u0119c wi\u0119kszo\u015b\u0107 odwiedzaj\u0105cych polega na samochodach lub przejazdach wsp\u00f3\u0142dzielonych. Centrum i obszar Alamo s\u0105 kompaktowe i mo\u017cna tam doj\u015b\u0107 pieszo. Taks\u00f3wki, Uber\/Lyft i transfery hotelowe s\u0105 \u0142atwo dost\u0119pne. (Uwaga: San Antonio nie ma jeszcze systemu kolei podmiejskiej ani lekkiej kolei, chocia\u017c jest planowany.)<\/li>\n<li><strong>Podstawowe wskaz\u00f3wki:<\/strong> Lokaln\u0105 walut\u0105 s\u0105 dolary ameryka\u0144skie. Angielski jest wsz\u0119dzie, ale hiszpa\u0144ski te\u017c si\u0119 sprawdzi (oznakowanie i menu s\u0105 zazwyczaj dwuj\u0119zyczne). Etykieta Teksasu: podobnie jak na ca\u0142ym Po\u0142udniu, ludzie s\u0105 uprzejmi i m\u00f3wi\u0105 \u201ema&#039;am\u201d i \u201esir\u201d. W restauracjach oczekuje si\u0119 napiwk\u00f3w (15\u201320%). Bior\u0105c pod uwag\u0119 upa\u0142, pij du\u017co p\u0142yn\u00f3w i u\u017cywaj kremu z filtrem przeciws\u0142onecznym latem. San Antonio jest og\u00f3lnie bezpieczne w rejonach turystycznych, ale jak zawsze uwa\u017caj na kieszonkowc\u00f3w w zat\u0142oczonych miejscach. Wielu mieszka\u0144c\u00f3w i sklepikarzy jest przyjaznych \u2013 kr\u00f3tkie hiszpa\u0144skie powitanie (\u201eBuenos d\u00edas\u201d) jest zawsze mile widziane.<a href=\"https:\/\/travelshelper.com\/pl\/miejsca-docelowe\/ameryka-polnocna\/stany-zjednoczone-ameryki\/berkeley-springs\/\" target=\"_self\" aria-labelledby=\"uael-post-8997\"><br \/>\n<\/a><\/li>\n<\/ul>","protected":false},"excerpt":{"rendered":"<p>San Antonio, formalnie znane jako City of San Antonio, jest dynamicznym i historycznie znacz\u0105cym miastem po\u0142o\u017conym w stanie Teksas. Z populacj\u0105 2,6 miliona wed\u0142ug spisu ludno\u015bci USA z 2020 r., to najludniejsze miasto w Greater San Antonio plasuje si\u0119 jako trzeci co do wielko\u015bci obszar metropolitalny w Teksasie i 24. co do wielko\u015bci w kraju. Po Houston jest drugim co do wielko\u015bci miastem w Teksasie; jest stolic\u0105 hrabstwa Bexar i zajmuje si\u00f3dme miejsce w\u015br\u00f3d wszystkich miast w Stanach Zjednoczonych, drugie w po\u0142udniowych Stanach Zjednoczonych.<\/p>","protected":false},"author":1,"featured_media":4038,"parent":8072,"menu_order":0,"comment_status":"closed","ping_status":"closed","template":"elementor_theme","meta":{"_eb_attr":"","footnotes":""},"class_list":["post-8365","page","type-page","status-publish","has-post-thumbnail"],"_links":{"self":[{"href":"https:\/\/travelshelper.com\/pl\/wp-json\/wp\/v2\/pages\/8365","targetHints":{"allow":["GET"]}}],"collection":[{"href":"https:\/\/travelshelper.com\/pl\/wp-json\/wp\/v2\/pages"}],"about":[{"href":"https:\/\/travelshelper.com\/pl\/wp-json\/wp\/v2\/types\/page"}],"author":[{"embeddable":true,"href":"https:\/\/travelshelper.com\/pl\/wp-json\/wp\/v2\/users\/1"}],"replies":[{"embeddable":true,"href":"https:\/\/travelshelper.com\/pl\/wp-json\/wp\/v2\/comments?post=8365"}],"version-history":[{"count":0,"href":"https:\/\/travelshelper.com\/pl\/wp-json\/wp\/v2\/pages\/8365\/revisions"}],"up":[{"embeddable":true,"href":"https:\/\/travelshelper.com\/pl\/wp-json\/wp\/v2\/pages\/8072"}],"wp:featuredmedia":[{"embeddable":true,"href":"https:\/\/travelshelper.com\/pl\/wp-json\/wp\/v2\/media\/4038"}],"wp:attachment":[{"href":"https:\/\/travelshelper.com\/pl\/wp-json\/wp\/v2\/media?parent=8365"}],"curies":[{"name":"wp","href":"https:\/\/api.w.org\/{rel}","templated":true}]}}