{"id":8356,"date":"2024-09-03T18:11:00","date_gmt":"2024-09-03T18:11:00","guid":{"rendered":"https:\/\/travelshelper.com\/staging\/?page_id=8356"},"modified":"2026-03-13T18:15:46","modified_gmt":"2026-03-13T18:15:46","slug":"seattle","status":"publish","type":"page","link":"https:\/\/travelshelper.com\/pl\/destinations\/north-america\/united-states\/seattle\/","title":{"rendered":"Seattle"},"content":{"rendered":"<p>Seattle w stanie Waszyngton jest najwi\u0119kszym miastem w p\u00f3\u0142nocno-zachodnim Pacyfiku. Jego populacja wynosi oko\u0142o 780 000 w 2024 r., a obszar metropolitalny Seattle liczy oko\u0142o 4,02 miliona mieszka\u0144c\u00f3w (15. co do wielko\u015bci w USA). Miasto szybko si\u0119 rozwija (ponad 20% wzrostu w latach 2010\u20132020). Seattle jest bardziej zr\u00f3\u017cnicowane ni\u017c wiele miast w USA: oko\u0142o 60% mieszka\u0144c\u00f3w to biali nieb\u0119d\u0105cy Latynosami, oko\u0142o 17% Azjaci, a tak\u017ce istniej\u0105 znacz\u0105ce spo\u0142eczno\u015bci czarnosk\u00f3re, latynoskie i wielorasowe. Gospodarstwa domowe s\u0105 zamo\u017cne: mediana dochod\u00f3w znacznie przekracza \u015bredni\u0105 krajow\u0105 (oko\u0142o 122 000 USD), co odzwierciedla siln\u0105 gospodark\u0119 Seattle. Rzeczywi\u015bcie, PKB regionu wynosi oko\u0142o 518 miliard\u00f3w dolar\u00f3w (2022 r.), wspierane przez du\u017ce korporacje. Siedem firm z listy Fortune-500 ma siedzib\u0119 w Seattle \u2013 zw\u0142aszcza Amazon, Starbucks, Nordstrom, Expedia i Zillow \u2013 a pobliskie przedmie\u015bcia goszcz\u0105 inne, takie jak Microsoft i Boeing. Amazon i Boeing w szczeg\u00f3lno\u015bci zdefiniowa\u0142y nowoczesn\u0105 gospodark\u0119 Seattle, podczas gdy Port of Seattle pozostaje jednym z najbardziej ruchliwych port\u00f3w Pacyfiku w Ameryce P\u00f3\u0142nocnej.<\/p>\n<p>Mieszka\u0144cy Seattle ciesz\u0105 si\u0119 jednymi z najwy\u017cszych koszt\u00f3w \u017cycia w kraju (ceny nieruchomo\u015bci plasuj\u0105 si\u0119 w czo\u0142\u00f3wce miast USA), ale tak\u017ce jednymi z najwy\u017cszych \u015brednich dochod\u00f3w. Wykszta\u0142cona si\u0142a robocza i globalne firmy (Amazon jest drugim co do wielko\u015bci sprzedawc\u0105 detalicznym na \u015bwiecie) pomagaj\u0105 utrzyma\u0107 dynamiczn\u0105 gospodark\u0119. Ten dobrobyt przek\u0142ada si\u0119 na liczne udogodnienia i us\u0142ugi publiczne. Dane demograficzne Seattle s\u0105 do\u015b\u0107 m\u0142ode (\u015bredni wiek w po\u0142owie 35. roku \u017cycia) i dobrze wykszta\u0142cone. Miasto jest znane z du\u017cej populacji profesjonalist\u00f3w i innowator\u00f3w z bran\u017cy technologicznej \u2013 jest miejscem narodzin lub centrum rozwoju takich firm jak Microsoft, Amazon i licznych startup\u00f3w. Podsumowuj\u0105c, Seattle jest du\u017cym, zr\u00f3\u017cnicowanym etnicznie miastem z rozwijaj\u0105c\u0105 si\u0119 gospodark\u0105 high-tech i lotnictwa oraz wysokimi \u015brednimi dochodami, otoczonym bogactwem naturalnego pi\u0119kna.<\/p>\n<p>Seattle le\u017cy na kontynencie Ameryki P\u00f3\u0142nocnej wzd\u0142u\u017c zachodniego wybrze\u017ca Pacyfiku w Stanach Zjednoczonych. Znajduje si\u0119 w dalekim p\u00f3\u0142nocno-zachodnim stanie Waszyngton, na przesmyku mi\u0119dzy Puget Sound i jeziorem Washington. Pod wzgl\u0119dem geograficznym rdze\u0144 miasta rozci\u0105ga si\u0119 nad zatok\u0105 Elliott Bay, zatok\u0105 Puget Sound. Okoliczny teren jest dramatyczny: bezpo\u015brednio na zach\u00f3d znajduj\u0105 si\u0119 strome wzg\u00f3rza i wiecznie zielone lasy P\u00f3\u0142wyspu Olimpijskiego, a na wschodzie g\u00f3ruj\u0105 szczyty G\u00f3r Kaskadowych (Mt. Rainier wznosi si\u0119 na ponad 14 000 st\u00f3p oko\u0142o 60 mil na po\u0142udniowy wsch\u00f3d). Wie\u017cowce w centrum miasta gromadz\u0105 si\u0119 wzd\u0142u\u017c nabrze\u017ca, ale z wielu miejskich punkt\u00f3w widokowych wida\u0107 wod\u0119 i g\u00f3ry oprawiaj\u0105ce lini\u0119 horyzontu. Klimat Seattle jest znany z \u0142agodnego klimatu morskiego: zimy s\u0105 ch\u0142odne, d\u0142ugie i mokre, podczas gdy lata s\u0105 ciep\u0142e i przewa\u017cnie suche. Rzadko jest ekstremalnie zimno lub gor\u0105co. W praktyce oznacza to mokre, szare zimy z m\u017cawk\u0105 (oko\u0142o 150 dni mierzalnych opad\u00f3w deszczu w roku) i kr\u00f3tkie, bardziej s\u0142oneczne dni, podczas gdy lata (lipiec\u2013wrzesie\u0144) s\u0105 zazwyczaj s\u0142oneczne, a temperatury cz\u0119sto wynosz\u0105 70\u201380\u00b0F. W samym mie\u015bcie \u015bnieg pada sporadycznie, ale pobliskie g\u00f3ry otrzymuj\u0105 obfite opady \u015bniegu (cz\u0119sto setki cali na sezon), co pozwala na ca\u0142oroczny wypoczynek na \u015bwie\u017cym powietrzu. Og\u00f3lnie rzecz bior\u0105c, Seattle cieszy si\u0119 bujnym, umiarkowanym \u015brodowiskiem z wiecznie zielonymi lasami i \u0142agodnymi oceanicznymi bryzami; odwiedzaj\u0105cy cz\u0119sto wspominaj\u0105 o zobaczeniu Mount Rainier w pogodny dzie\u0144.<\/p>\n<p>Historia Seattle rozpocz\u0119\u0142a si\u0119 dawno temu od india\u0144skich wiosek rybackich (Duwamish i innych lud\u00f3w) wzd\u0142u\u017c Puget Sound. Nowoczesna era miasta datuje si\u0119 na po\u0142ow\u0119 XIX wieku. W 1851 roku Denny Party (pierwsi pionierzy) wyl\u0105dowali w Alki Point, a nast\u0119pnie przenie\u015bli si\u0119 na wsch\u00f3d do Elliott Bay, zak\u0142adaj\u0105c \u201eSeattle\u201d (nazwa pochodzi od lokalnego wodza india\u0144skiego) w 1852 roku. Wczesne ga\u0142\u0119zie przemys\u0142u to wyr\u0105b las\u00f3w i budowa statk\u00f3w, wykorzystuj\u0105ce rozleg\u0142e lasy i g\u0142\u0119bokowodny port. Gor\u0105czka z\u0142ota na Alasce w latach 90. XIX wieku uczyni\u0142a z Seattle miasto bramne, a w 1909 roku go\u015bci\u0142o Alaska\u2013Yukon\u2013Pacific Exposition, pobudzaj\u0105c rozw\u00f3j kampusu University District. Ogromny boom nast\u0105pi\u0142 w 1962 roku, kiedy miasto zorganizowa\u0142o Century 21 Exposition \u2013 World&#039;s Fair \u2013 kt\u00f3re pozostawi\u0142o po sobie jako dziedzictwo Space Needle, charakterystyczn\u0105 wie\u017c\u0119 widokow\u0105 miasta i podwy\u017cszon\u0105 kolej jednoszynow\u0105. Po tej epoce optymizmu nast\u0105pi\u0142 wzrost przemys\u0142u i technologii: lotnictwa i kosmonautyki (Boeing dominowa\u0142 w po\u0142owie wieku), a p\u00f3\u017aniej oprogramowania. W latach 70. i 80. firmy takie jak Microsoft (za\u0142o\u017cona w pobliskim Redmond) i p\u00f3\u017aniej Amazon (za\u0142o\u017cona w centrum miasta w 1994 r.) przekszta\u0142ci\u0142y Seattle w pot\u0119g\u0119 technologiczn\u0105. Firmy te przyci\u0105gn\u0119\u0142y zr\u00f3\u017cnicowan\u0105 si\u0142\u0119 robocz\u0105 i globaln\u0105 uwag\u0119. W ostatnich dekadach miasto nadal ewoluowa\u0142o \u2013 przemys\u0142 technologiczny i biotechnologiczny rozkwit\u0142, handel mi\u0119dzynarodowy za po\u015brednictwem portu si\u0119 rozwin\u0105\u0142, a rozw\u00f3j miast przekszta\u0142ci\u0142 dzielnice (na przyk\u0142ad South Lake Union ma wysokie biurowce). Przez ca\u0142y ten czas Seattle \u0142\u0105czy\u0142o swoje korzenie pionierskie z innowacj\u0105. Na przyk\u0142ad budowa Space Needle na targi w 1962 r. pozostaje powodem lokalnej dumy, symbolizuj\u0105c wizj\u0119 miasta z tamtego okresu.<\/p>\n<p>Kulturalny charakter Seattle to mieszanka liberalizmu na \u015bwie\u017cym powietrzu i miejskiej energii. Dominuj\u0105cym j\u0119zykiem jest angielski, odzwierciedlaj\u0105cy anglo-ameryka\u0144sk\u0105 wi\u0119kszo\u015b\u0107 miasta, ale s\u0142ycha\u0107 wiele innych j\u0119zyk\u00f3w: wietnamski, mandary\u0144ski, hiszpa\u0144ski i somalijski s\u0105 powszechne w dzielnicach. Kultura Seattle ceni zar\u00f3wno ambicje technologiczne, jak i mi\u0142o\u015b\u0107 do natury. Zobaczysz profesjonalist\u00f3w w swobodnych strojach (kurtki patagonia, kubki do kawy w d\u0142oniach) doje\u017cd\u017caj\u0105cych do pracy w centrum, a tak\u017ce kajakarzy i rowerzyst\u00f3w dziel\u0105cych drog\u0119 w ka\u017cdy przyjemny dzie\u0144. Istnieje wszechobecna \u201ekultura kawy\u201d: Seattle s\u0142ynie z obsesji na punkcie kawy, jest domem dla Starbucksa i niezliczonych niezale\u017cnych kawiarni. \u015awie\u017co palone ziarna i rzemie\u015blnicza sztuka latte to codzienne sceny. Muzyka i sztuka zajmuj\u0105 szczeg\u00f3lne miejsce w lokalnym \u017cyciu. Historyczne korzenie jazzowe miasta (kluby Jackson Street) ostatecznie ust\u0105pi\u0142y miejsca jego roli w latach 90. jako kolebki grunge rocka \u2013 zespo\u0142y z Seattle, takie jak Nirvana i Pearl Jam, zdefiniowa\u0142y pokolenie. Dzi\u015b muzyka na \u017cywo jest wszechobecna: lokalne puby s\u0105siedzkie organizuj\u0105 wieczory z otwartym mikrofonem, Benaroya Hall organizuje koncerty symfoniczne, a miejsca takie jak Neumos czy The Crocodile goszcz\u0105 zespo\u0142y indie w trasie. Ka\u017cdej wiosny odbywa si\u0119 Seattle International Film Festival (ogromne wydarzenie), a latem prawie co weekend w r\u00f3\u017cnych dzielnicach odbywaj\u0105 si\u0119 kulturalne jarmarki uliczne. Na przyk\u0142ad w weekend Memorial Day mo\u017cna cieszy\u0107 si\u0119 Northwest Folklife Festival (muzyka ludowa i taniec na terenie uniwersytetu) i Seafair (wy\u015bcigi i parady wodnosamolot\u00f3w) w lipcu. Parady r\u00f3wno\u015bci, etniczne festiwale uliczne (takie jak Lunar New Year Festival w Chinatown) i festiwal sztuki Bumbershoot z okazji Labor Day przyci\u0105gaj\u0105 ogromne t\u0142umy.<\/p>\n<p>\u017bycie codzienne tutaj ma pragmatyczny, ci\u0119\u017cki-pracuj-ci\u0119\u017cko-baw si\u0119-ci\u0119\u017cko charakter. Typowy mieszkaniec Seattle jest uprzejmy, ale czasami pow\u015bci\u0105gliwy \u2013 test cierpliwo\u015bci w gabinecie lekarskim mo\u017ce by\u0107 powszechny \u2013 ale przyjazny, gdy ju\u017c si\u0119 pozna. Dojazdy do pracy cz\u0119sto wi\u0105\u017c\u0105 si\u0119 z ruchem ulicznym lub transportem masowym (wiele os\u00f3b je\u017adzi kolej\u0105 miejsk\u0105 Link lub autobusami i promami), wi\u0119c ludzie maj\u0105 tendencj\u0119 do po\u015bwi\u0119cania czasu na technologi\u0119, aby czyta\u0107 lub pi\u0107 kaw\u0119 w trakcie dojazdu. Po pracy cz\u0119sto mo\u017cna zobaczy\u0107 ludzi \u0107wicz\u0105cych (biegaj\u0105cych po Green Lake, odwiedzaj\u0105cych \u015bciank\u0119 wspinaczkow\u0105 lub lokalne studio jogi), poniewa\u017c mieszka\u0144cy Seattle ceni\u0105 sobie sprawno\u015b\u0107 fizyczn\u0105 i kontakt z natur\u0105. Wieczorami przyjaciele cz\u0119sto spotykaj\u0105 si\u0119 na drinka lub podziwiaj\u0105 zach\u00f3d s\u0142o\u0144ca nad zatok\u0105. Podsumowuj\u0105c, Seattle wydaje si\u0119 miejskie i innowacyjne w ci\u0105gu dnia, ale gdy s\u0142o\u0144ce zachodzi (a windy rozkwitaj\u0105 na budynkach), zachowuje swobodny, plenerowy nastr\u00f3j, kt\u00f3ry odzwierciedla jego wiecznie zielone otoczenie.<\/p>\n<p>Seattle mo\u017ce pochwali\u0107 si\u0119 wieloma miejscami, kt\u00f3re \u201etrzeba zobaczy\u0107\u201d. Najbardziej kultowym jest Space Needle (uko\u0144czona w 1962 r.), 600-stopowa wie\u017ca widokowa, kt\u00f3ra oferuje 360-stopniowy widok na centrum miasta i g\u00f3ry (szczeg\u00f3lnie wspania\u0142y w pogodne dni). Needle jest kotwic\u0105 Seattle Center, w kt\u00f3rym znajduje si\u0119 r\u00f3wnie\u017c Museum of Pop Culture (MoPOP) i pobliski Chihuly Garden &amp; Glass. W pobli\u017cu znajduje si\u0119 zabytkowa stacja kolei jednoszynowej (zbudowana na potrzeby targ\u00f3w) i IMAX Pacific Science Center. Pike Place Market w centrum miasta to kolejny magnes turystyczny: t\u0119tni\u0105cy \u017cyciem targ rybny i owocowo-warzywny otwarty od 1907 r., znany ze swoich sprzedawc\u00f3w ryb \u201elataj\u0105cych ryb\u201d, stragan\u00f3w z kwiatami i oryginalnego sklepu Starbucks. W pobli\u017cu znajduje si\u0119 nabrze\u017ce i Seattle Aquarium. Wzd\u0142u\u017c alei sztuki w centrum miasta znajduje si\u0119 Seattle Art Museum (SAM) z Olympic Sculpture Park (na zewn\u0105trz, wst\u0119p bezp\u0142atny, z widokiem na Puget Sound). Pioneer Square, historyczna dzielnica Seattle, oferuje XIX-wieczne ceglane budynki, galerie sztuki i wyj\u0105tkow\u0105 tras\u0119 Underground Tour (zwiedzanie zakopanych witryn sklepowych). Inne atrakcje to Museum of History &amp; Industry (MOHAI) w Lake Union, futurystyczny budynek EMP (MoPOP) i Central Branch Seattle Public Library (cud architektury). Naturalne atrakcje nigdy nie s\u0105 daleko: wi\u0119kszo\u015b\u0107 odwiedzaj\u0105cych nie przegapi przeprawy promem na wysp\u0119 Bainbridge Island, aby m\u00f3c podziwia\u0107 kawiarniane widoki na panoram\u0119 miasta, ani kr\u00f3tkiej wycieczki do Kerry Park na wzg\u00f3rzu Queen Anne, aby podziwia\u0107 poczt\u00f3wkow\u0105 panoram\u0119 (Space Needle z przodu, Mount Rainier z ty\u0142u). Dla fan\u00f3w sportu CenturyLink (Lumen) Field i T-Mobile Park przez ca\u0142y rok organizuj\u0105 mecze Seahawks, Sounders i Mariners. Kr\u00f3tko m\u00f3wi\u0105c, atrakcje Seattle obejmuj\u0105 sztuk\u0119 miejsk\u0105 i architektur\u0119, autentyczne targowiska i \u0142atwy dost\u0119p do widok\u00f3w na wod\u0119 i g\u00f3ry.<\/p>\n<p>Seattle\u2013Tacoma International Airport (SEA, powszechnie nazywany Sea-Tac) jest g\u0142\u00f3wn\u0105 bram\u0105, z kt\u00f3rej odlatuj\u0105 loty z ca\u0142ego \u015bwiata. Mniejszy Boeing Field (lotnisko King County) obs\u0142uguje r\u00f3wnie\u017c cz\u0119\u015b\u0107 ruchu komercyjnego i prywatnego. Seattle jest po\u0142\u0105czone autostrad\u0105 Interstate 5 (p\u00f3\u0142noc\u2013po\u0142udnie wzd\u0142u\u017c miasta) i I-90 (na wsch\u00f3d do Bellevue i dalej). Krajowa sie\u0107 Amtrak zatrzymuje si\u0119 na stacji King Street w centrum; trasa Cascades obs\u0142uguje Vancouver BC, a trasa Starlight \u0142\u0105czy si\u0119 z Los Angeles. Promy z Colman Dock w centrum miasta odp\u0142ywaj\u0105 do Bainbridge i Bremerton.<\/p>\n<p>Seattle ma rozbudowany transport publiczny. Kolejka miejska \u0142\u0105czy North Seattle z lotniskiem i Federal Way, a wkr\u00f3tce zostan\u0105 otwarte jej przed\u0142u\u017cenia do Bellevue. Autobusy (King County Metro i Sound Transit) pokrywaj\u0105 ca\u0142e miasto. Kolej jednoszynowa (zbudowana w 1962 r.) kursuje mi\u0119dzy centrum a Seattle Center. Sie\u0107 ulic jest pag\u00f3rkowata \u2013 na przyk\u0142ad Capitol Hill i Queen Anne stromo wznosz\u0105 si\u0119 od centrum \u2013 ale samo centrum jest do\u015b\u0107 przyjazne dla pieszych (szczeg\u00f3lnie korytarz 1st\u20133rd Ave). Miasto jest r\u00f3wnie\u017c bardzo przyjazne dla rowerzyst\u00f3w, z wieloma \u015bcie\u017ckami rowerowymi i szlakiem Burke-Gilman Trail wzd\u0142u\u017c jeziora Washington. Jazda samochodem jest mo\u017cliwa, ale nale\u017cy by\u0107 przygotowanym na korki, szczeg\u00f3lnie na I-5 w godzinach szczytu. Taks\u00f3wek i przejazd\u00f3w wsp\u00f3\u0142dzielonych jest pod dostatkiem. Promy na pobliskie wyspy i promy przez Sound (np. do Kingston) to godne uwagi \u015brodki transportu.<\/p>\n<p>Walut\u0105 jest USD, j\u0119zykiem angielski. Seattle s\u0142ynie z tolerancji i post\u0119powo\u015bci; normalne jest spotykanie ludzi o r\u00f3\u017cnym pochodzeniu i przekonaniach politycznych. Dawanie napiwk\u00f3w w restauracjach jest zwyczajowe (15\u201320%). Etykieta jest zgodna z typowymi normami miejskimi w USA: drzwi trzymane otwarte, kr\u00f3tki kontakt wzrokowy i skinienie g\u0142ow\u0105 lub \u201ecze\u015b\u0107\u201d na ulicy, uprzejme maniery przy stole. Pod wzgl\u0119dem bezpiecze\u0144stwa Seattle jest stosunkowo bezpieczne w obszarach turystycznych, ale podejmij zwyk\u0142e \u015brodki ostro\u017cno\u015bci w mie\u015bcie w nocy (pozosta\u0144 w dobrze o\u015bwietlonych miejscach, uwa\u017caj na warto\u015bciowe rzeczy). Zimy mog\u0105 by\u0107 ponure i czasami lodowate, wi\u0119c zabierz ze sob\u0105 warstwy ubra\u0144. Miejscowi cz\u0119sto ubieraj\u0105 si\u0119 warstwowo i w swobodnym stylu (d\u017cinsy, swetry, kurtki przeciwdeszczowe itp.).<a href=\"https:\/\/travelshelper.com\/pl\/miejsca-docelowe\/ameryka-polnocna\/stany-zjednoczone-ameryki\/berkeley-springs\/\" target=\"_self\" aria-labelledby=\"uael-post-8997\"><br \/>\n<\/a><\/p>","protected":false},"excerpt":{"rendered":"<p>Po\u0142o\u017cone na zachodnim wybrze\u017cu Stan\u00f3w Zjednoczonych, Seattle jest t\u0119tni\u0105cym \u017cyciem miastem portowym. Z populacj\u0105 755 078 w 2023 r. Seattle jest najludniejszym miastem w regionie Pacyfiku P\u00f3\u0142nocno-Zachodniego w Ameryce P\u00f3\u0142nocnej i stanie Waszyngton. Tutaj znajduje si\u0119 siedziba hrabstwa King w stanie Waszyngton. W\u015br\u00f3d miast ameryka\u0144skich zajmuje 18. miejsce pod wzgl\u0119dem liczby ludno\u015bci. Obszar metropolitalny Seattle, licz\u0105cy 4,02 miliona mieszka\u0144c\u00f3w, zajmuje pi\u0119tnaste miejsce pod wzgl\u0119dem wielko\u015bci obszaru metropolitalnego w kraju. Seattle, jedno z najszybciej rozwijaj\u0105cych si\u0119 du\u017cych miast w kraju, mo\u017ce pochwali\u0107 si\u0119 niesamowitym wzrostem o 21,1% w latach 2010\u20132020.<\/p>","protected":false},"author":1,"featured_media":4370,"parent":8072,"menu_order":0,"comment_status":"closed","ping_status":"closed","template":"elementor_theme","meta":{"_eb_attr":"","footnotes":""},"class_list":["post-8356","page","type-page","status-publish","has-post-thumbnail"],"_links":{"self":[{"href":"https:\/\/travelshelper.com\/pl\/wp-json\/wp\/v2\/pages\/8356","targetHints":{"allow":["GET"]}}],"collection":[{"href":"https:\/\/travelshelper.com\/pl\/wp-json\/wp\/v2\/pages"}],"about":[{"href":"https:\/\/travelshelper.com\/pl\/wp-json\/wp\/v2\/types\/page"}],"author":[{"embeddable":true,"href":"https:\/\/travelshelper.com\/pl\/wp-json\/wp\/v2\/users\/1"}],"replies":[{"embeddable":true,"href":"https:\/\/travelshelper.com\/pl\/wp-json\/wp\/v2\/comments?post=8356"}],"version-history":[{"count":0,"href":"https:\/\/travelshelper.com\/pl\/wp-json\/wp\/v2\/pages\/8356\/revisions"}],"up":[{"embeddable":true,"href":"https:\/\/travelshelper.com\/pl\/wp-json\/wp\/v2\/pages\/8072"}],"wp:featuredmedia":[{"embeddable":true,"href":"https:\/\/travelshelper.com\/pl\/wp-json\/wp\/v2\/media\/4370"}],"wp:attachment":[{"href":"https:\/\/travelshelper.com\/pl\/wp-json\/wp\/v2\/media?parent=8356"}],"curies":[{"name":"wp","href":"https:\/\/api.w.org\/{rel}","templated":true}]}}