{"id":8347,"date":"2024-09-03T16:48:42","date_gmt":"2024-09-03T16:48:42","guid":{"rendered":"https:\/\/travelshelper.com\/staging\/?page_id=8347"},"modified":"2026-03-13T18:07:24","modified_gmt":"2026-03-13T18:07:24","slug":"saint-louis","status":"publish","type":"page","link":"https:\/\/travelshelper.com\/pl\/destinations\/north-america\/united-states\/saint-louis\/","title":{"rendered":"Saint Louis"},"content":{"rendered":"<p>Saint Louis w stanie Missouri rozci\u0105ga si\u0119 wzd\u0142u\u017c zachodniego brzegu pot\u0119\u017cnej rzeki Missisipi. Centralnym punktem panoramy jest l\u015bni\u0105cy Gateway Arch, 630-stopowy pomnik ze stali nierdzewnej wznosz\u0105cy si\u0119 nad centrum miasta. Nabrze\u017ce rzeki i klify dodaj\u0105 majestatycznego t\u0142a, a siatka miasta rozchodzi si\u0119 od rzeki na wsch\u00f3d. St. Louis wydaje si\u0119 zar\u00f3wno wyluzowane, jak i gwarne: jest tu ciep\u0142o \u015arodkowego Zachodu, ale tak\u017ce ukryty nurt dumy z jego bogatej przesz\u0142o\u015bci jako zachodniej bramy i centrum kulturalnego. St. Louis \u0142\u0105czy w sobie wiele to\u017csamo\u015bci \u2013 francuskie korzenie kolonialne, niemieckich imigrant\u00f3w, a p\u00f3\u017aniejszy boom przemys\u0142owy i naukowy \u2013 wszystko to odczuwalne w jego architekturze i dzielnicach.<\/p>\n<p>Saint Louis jest niezale\u017cnym miastem w stanie Missouri (nie jest cz\u0119\u015bci\u0105 \u017cadnego hrabstwa). Jego populacja wynosi oko\u0142o 300 000, ale ostatnio nast\u0105pi\u0142 niewielki spadek; na przyk\u0142ad w 2023 r. wynosi\u0142a 293 109 (w por\u00f3wnaniu z oko\u0142o 300 000 w 2020 r.). Miasto jest niemal r\u00f3wno podzielone mi\u0119dzy bia\u0142ych i czarnosk\u00f3rych mieszka\u0144c\u00f3w. W 2023 r. oko\u0142o 44,4% obywateli Saint Louis to biali (nie-Hiszpanie), a 42,9% to czarni (nie-Hiszpanie). Inne grupy obejmuj\u0105 5% Latynos\u00f3w i kilka procent Azjat\u00f3w i os\u00f3b wielorasowych. Mediana dochodu gospodarstwa domowego jest skromna (oko\u0142o 48 000 USD), co odzwierciedla mieszank\u0119 obszar\u00f3w robotniczych i zawodowych w mie\u015bcie.<\/p>\n<p>Ekonomicznie region St. Louis jest znacz\u0105cy. Produkt krajowy brutto Greater St. Louis wynosi\u0142 oko\u0142o 209,9 miliarda dolar\u00f3w w 2022 roku. Lokalna gospodarka jest zr\u00f3\u017cnicowana: od dawna jest silna w us\u0142ugach, produkcji, handlu i transporcie, a tak\u017ce w lotnictwie i obronie. G\u0142\u00f3wne sektory to opieka zdrowotna, finanse, nauki biologiczne i us\u0142ugi korporacyjne. Saint Louis jest domem dla 16 firm z listy Fortune 1000 (sze\u015b\u0107 z nich to Fortune 500). Znane firmy to Boeing Defense (lotnictwo), Enterprise Holdings (wypo\u017cyczalnie samochod\u00f3w) i firmy finansowe, takie jak Edward Jones i Ameren. Ponadto, rz\u0105d i federalne miejsca pracy s\u0105 du\u017ce (Federal Reserve Bank of St. Louis i USDA maj\u0105 tutaj du\u017ce biura).<\/p>\n<p>Saint Louis le\u017cy w ameryka\u0144skim Midwest (Ameryka P\u00f3\u0142nocna) na szerokim zakolu rzeki Missisipi, w pobli\u017cu jej uj\u015bcia do rzeki Missouri. Znajduje si\u0119 we wschodnim Missouri, mniej wi\u0119cej w centrum kontynentu p\u00f3\u0142nocnoameryka\u0144skiego. Samo miasto le\u017cy w du\u017cej mierze na r\u00f3wninie na wysoko\u015bci oko\u0142o 400 st\u00f3p, z urwiskami (\u201eMississippi Hills\u201d) na po\u0142udniu. Klimat jest wilgotny subtropikalny (K\u00f6ppen Cfa): lata s\u0105 bardzo gor\u0105ce i wilgotne, zimy ch\u0142odne do zimnych. Opady deszczu s\u0105 do\u015b\u0107 r\u00f3wnomiernie roz\u0142o\u017cone wiosn\u0105 i latem, z okazjonalnymi opadami \u015bniegu zim\u0105. Missisipi niesie wod\u0119 z powodzi wiosennych, kt\u00f3ra historycznie wp\u0142yn\u0119\u0142a na rozw\u00f3j miasta.<\/p>\n<p>Saint Louis zosta\u0142o za\u0142o\u017cone 15 lutego 1764 roku przez francuskich handlarzy futrami Pierre&#039;a Lacl\u00e8de&#039;a i Auguste&#039;a Chouteau na ziemi, kt\u00f3r\u0105 Hiszpanie (w\u00f3wczas wsp\u00f3\u0142kontroluj\u0105cy) wydzier\u017cawili Lacl\u00e8de&#039;owi. Nazwali je na cze\u015b\u0107 kr\u00f3la Francji Ludwika IX. Wcze\u015bniej rozwija\u0142a si\u0119 tu rdzenna kultura Missisipi, a francuscy odkrywcy Louis Joliet i Jacques Marquette przejechali przez nie w 1673 roku. Saint Louis przesz\u0142o spod kontroli francuskiej w 1763 roku, nast\u0119pnie z powrotem do Francji, a ostatecznie do Stan\u00f3w Zjednoczonych po zakupie Luizjany w 1803 roku. Szybko sta\u0142o si\u0119 bram\u0105 na zach\u00f3d: wyprawa Lewisa i Clarka rozpocz\u0119\u0142a si\u0119 tutaj w 1804 roku. Rozw\u00f3j nast\u0105pi\u0142 w XIX wieku wraz z ruchem statk\u00f3w parowych, kolej\u0105 oraz \u015awiatowymi Targami i Letnimi Igrzyskami Olimpijskimi w 1904 roku (\u201eLouisiana Purchase Exposition\u201d), kt\u00f3re umie\u015bci\u0142y miasto na \u015bwiatowej scenie.<\/p>\n<p>Prze\u0142om nast\u0105pi\u0142 w 1877 r., kiedy St. Louis zag\u0142osowa\u0142o za oddzieleniem si\u0119 od otaczaj\u0105cego hrabstwa St. Louis i uzyskaniem niepodleg\u0142o\u015bci; ograniczy\u0142o to granice miasta i ograniczy\u0142o dalsz\u0105 aneksj\u0119, kszta\u0142tuj\u0105c jego wsp\u00f3\u0142czesny rozmiar. Przez ca\u0142y XIX i pocz\u0105tek XX wieku miasto by\u0142o w\u0119z\u0142em produkcyjnym i transportowym, znanym jako \u201emiasto bramne\u201d. Sta\u0142o si\u0119 r\u00f3wnie\u017c wa\u017cnym o\u015brodkiem kulturalnym \u2013 na przyk\u0142ad mieszkali tam kompozytor ragtime&#039;u Scott Joplin i wczesni muzycy jazzowi. W czasach wsp\u00f3\u0142czesnych St. Louis mia\u0142o sw\u00f3j udzia\u0142 w cyklach rozkwitu i upadku (upadek przemys\u0142u w po\u0142owie XX wieku, po kt\u00f3rym nast\u0105pi\u0142 nacisk na biotechnologi\u0119 i przemys\u0142 us\u0142ugowy). Kluczowe zabytki pozosta\u0142y z jego historii, takie jak kultowy \u0141uk (zbudowany w latach 1963\u20131965) i zachowane historyczne dzielnice.<\/p>\n<p>Saint Louis odzwierciedla mieszank\u0119 \u015brodkowo-zachodniej \u017cyczliwo\u015bci i kosmopolitycznego stylu. Pod wzgl\u0119dem kulturowym ma silne dziedzictwo niemieckie (obchody Oktoberfest w dzielnicy Soulard), a tak\u017ce korzenie kolonialne Francji. Miasto jest domem dla du\u017cej spo\u0142eczno\u015bci afroameryka\u0144skiej, kt\u00f3ra przyczynia si\u0119 do \u017cywej muzyki (historia jazzu\/bluesa) i jedzenia (grillowanie jest lokaln\u0105 specjalno\u015bci\u0105). Spo\u0142eczno\u015bci hiszpa\u0144skie i wietnamskie dodaj\u0105 wi\u0119cej warstw kultury. Co godne uwagi, St. Louis zosta\u0142o ocenione jako jedno z najbardziej przyjaznych miast LGBTQ na \u015arodkowym Zachodzie, z \u017cywymi obchodami Pride i otwartym nastawieniem wielu mieszka\u0144c\u00f3w.<\/p>\n<p>Je\u015bli chodzi o dialekt, to po angielsku m\u00f3wi praktycznie ka\u017cdy, a niekt\u00f3re rodziny imigrant\u00f3w m\u00f3wi\u0105 r\u00f3wnie\u017c po hiszpa\u0144sku, wietnamsku, bo\u015bniacku itd. Tempo \u017cycia jest na og\u00f3\u0142 umiarkowane; mieszka\u0144cy mog\u0105 lubi\u0107 spacerowa\u0107 po Forest Park, uczestniczy\u0107 w lokalnych festiwalach lub kibicowa\u0107 dru\u017cynie baseballowej Cardinals. \u017bycie na \u015bwie\u017cym powietrzu jest mile widziane: opr\u00f3cz Forest Park, pobliskie szlaki nadrzeczne Missouri i Katy Trail przyci\u0105gaj\u0105 mi\u0142o\u015bnik\u00f3w przyrody. Jak podkre\u015bla jeden z miejskich przewodnik\u00f3w, St. Louis oferuje ca\u0142oroczne wydarzenia kulturalne, od koncert\u00f3w plenerowych po parady. Na przyk\u0142ad takie charakterystyczne wydarzenia jak Soulard Mardi Gras, PrideFest i festiwale muzyczne o\u017cywiaj\u0105 kalendarz miasta. Styl mieszka\u0144c\u00f3w jest cz\u0119sto bezpretensjonalny \u2013 zobaczysz ludzi ciesz\u0105cych si\u0119 piwem w browarach, jedz\u0105cych w przytulnych tawernach lub uczestnicz\u0105cych w targach kulturalnych. Og\u00f3lnie rzecz bior\u0105c, miasto emanuje ciep\u0142\u0105, s\u0105siedzk\u0105 atmosfer\u0105: ka\u017cda okolica (jak Old North St. Louis lub Central West End) ma sw\u00f3j w\u0142asny charakter.<\/p>\n<p><strong>Najwa\u017cniejsze atrakcje:<\/strong><\/p>\n<ul>\n<li><strong>\u0141uk Bramy<\/strong> \u2013 Centralny punkt St. Louis. Ten 630-stopowy \u0142uk ze stali nierdzewnej wie\u0144czy centrum miasta i jest cz\u0119\u015bci\u0105 Gateway Arch National Park. Zwiedzaj\u0105cy mog\u0105 wjecha\u0107 tramwajem na szczyt i zobaczy\u0107 rzek\u0119, miasto i okolic\u0119. Teren i muzeum u jego podstawy dokumentuj\u0105 ekspansj\u0119 na zach\u00f3d. \u0141uk jest symbolem miasta i obowi\u0105zkowym punktem zwiedzania.<\/li>\n<li><strong>Ogr\u00f3d botaniczny w Missouri<\/strong> \u2013 Jeden z najstarszych ogrod\u00f3w botanicznych w USA i znany na ca\u0142ym \u015bwiecie ze swoich wystaw ogrodniczych. Jego otoczenie obejmuje ogrody japo\u0144skie, kopu\u0142\u0119 geodezyjn\u0105 Climatron i rozleg\u0142e szklarnie. Spokojne miejsce w City Beautiful, oferuje ro\u015bliny i krajobrazy przez ca\u0142y rok.<\/li>\n<li><strong>Ogr\u00f3d zoologiczny w Saint Louis<\/strong> \u2013 Po\u0142o\u017cone w Forest Park, to bezp\u0142atne zoo niezmiennie plasuje si\u0119 w czo\u0142\u00f3wce najlepszych w kraju. Mieszkaj\u0105 w nim setki gatunk\u00f3w w starannie zaprojektowanych siedliskach. Rodziny gromadz\u0105 si\u0119 tu, aby zobaczy\u0107 lwy, nied\u017awiedzie, ptaki, gady i wiele innych (wszystko bez op\u0142aty za wst\u0119p). Zaanga\u017cowanie zoo w ochron\u0119 przyrody i edukacj\u0119 publiczn\u0105 jest godne uwagi.<\/li>\n<li><strong>Muzeum Sztuki Saint Louis i Park Le\u015bny<\/strong> \u2013 Art Museum (r\u00f3wnie\u017c w Forest Park) to kompleksowa kolekcja obejmuj\u0105ca artefakty egipskie i obrazy impresjonist\u00f3w. Obok znajduj\u0105 si\u0119 Missouri History Museum i Muny (historyczny teatr na \u015bwie\u017cym powietrzu). Sam Forest Park jest ogromny (1300 akr\u00f3w) i obejmuje malownicze jeziora i szlaki. By\u0142o to miejsce World&#039;s Fair w 1904 r. i nadal jest o\u015brodkiem rekreacyjnym.<\/li>\n<li><strong>Muzeum Miejskie<\/strong> \u2013 Niezwyk\u0142a atrakcja mieszcz\u0105ca si\u0119 w przebudowanej fabryce obuwia. To plac zabaw dla doros\u0142ych i dzieci z tunelami, zje\u017cd\u017calniami i architektonicznymi osobliwo\u015bciami wykonanymi z odzyskanych materia\u0142\u00f3w. (Zajmuj\u0105cy sze\u015b\u0107 boisk pi\u0142karskich, jest \u201edziwnie cudowny\u201d i niezwykle popularny zar\u00f3wno w\u015br\u00f3d rodzin, jak i mi\u0142o\u015bnik\u00f3w sztuki.)<\/li>\n<li><strong>Rynek Rolnik\u00f3w w Soulard i Historyczna Dzielnica Soulard<\/strong> \u2013 Najstarszy targ rolniczy na zach\u00f3d od Missisipi, Soulard Market, dzia\u0142a kilka dni w tygodniu pod \u017celaznym pawilonem. Okoliczne s\u0105siedztwo Soulard (z domami szeregowymi z czerwonej ceg\u0142y) s\u0142ynie z francuskich i niemieckich tradycji, historycznej architektury i silnego poczucia wsp\u00f3lnoty. Odbywa si\u0119 tam Soulard Mardi Gras (jedna z najwi\u0119kszych imprez Mardi Gras w Ameryce) i przez ca\u0142y rok grana jest muzyka na \u017cywo.<\/li>\n<li><strong>Inne zabytki<\/strong> \u2013 St. Louis ma wiele innych atrakcji: Cathedral Basilica of St. Louis (ze s\u0142ynn\u0105 kopu\u0142\u0105 z mozaiki), historyczn\u0105 dzielnic\u0119 nadbrze\u017cn\u0105 Laclede&#039;s Landing, odnowiony Union Station (z hotelem i diabelskim m\u0142ynem) oraz Science Center (bezp\u0142atne z kopu\u0142\u0105 OMNIMAX). Sporty r\u00f3wnie\u017c przyci\u0105gaj\u0105 turyst\u00f3w: obejrzyj mecz baseballowy Cardinals na Busch Stadium lub mecz hokejowy Blues w Enterprise Center.<\/li>\n<\/ul>\n<p><strong>Praktyczny przegl\u0105d:<\/strong><\/p>\n<ul>\n<li><strong>Jak si\u0119 tam dosta\u0107:<\/strong> Mi\u0119dzynarodowy Port Lotniczy St. Louis Lambert (STL) jest g\u0142\u00f3wnym lotniskiem, obs\u0142ugiwanym przez wszystkich g\u0142\u00f3wnych przewo\u017anik\u00f3w z wieloma codziennymi lotami w ca\u0142ym kraju. Lekka kolej MetroLink \u0142\u0105czy oba terminale lotniska bezpo\u015brednio z centrum St. Louis (stacja 1 w Terminalu 1 i stacja 2 w Terminalu 2). Missouri River Runner Amtrak obs\u0142uguje miasto zar\u00f3wno z lotniska (poprzez po\u0142\u0105czenie autobusowe\/kolejowe), jak i z centrum (stacja Gateway). Tutaj zbiegaj\u0105 si\u0119 g\u0142\u00f3wne autostrady (I-70, I-64, I-55, I-44), co u\u0142atwia dojazd do miasta samochodem.<\/li>\n<li><strong>Poruszanie si\u0119:<\/strong> MetroLink light rail i MetroBus obejmuj\u0105 wi\u0119ksz\u0105 cz\u0119\u015b\u0107 miasta i hrabstwa. Nowoczesna linia tramwajowa biegnie przez centrum i przez Central West End. Samochody do wynaj\u0119cia, taks\u00f3wki i przejazdy wsp\u00f3\u0142dzielone (Uber\/Lyft) s\u0105 powszechnie dost\u0119pne. Downtown St. Louis i pobliskie dzielnice s\u0105 do\u015b\u0107 dost\u0119pne dla pieszych, chocia\u017c przedmie\u015bcia wymagaj\u0105 jazdy samochodem. Ruch uliczny jest typowy dla \u015bredniej wielko\u015bci miasta; parkowanie w popularnych obszarach (Downtown, Forest Park) mo\u017ce by\u0107 ograniczone w godzinach szczytu.<\/li>\n<li><strong>Podstawowe wskaz\u00f3wki:<\/strong> Walut\u0105 jest dolar ameryka\u0144ski. J\u0119zyk angielski jest powszechny, a wielu m\u00f3wi po hiszpa\u0144sku (szczeg\u00f3lnie w zachodniej i po\u0142udniowej cz\u0119\u015bci St. Louis). Etykieta: panuje typowa dla \u015arodkowego Zachodu uprzejmo\u015b\u0107 (ludzie maj\u0105 tendencj\u0119 do witania si\u0119 skinieniem g\u0142owy lub u\u015bciskiem d\u0142oni). W restauracjach zwyczajowo daje si\u0119 napiwki w wysoko\u015bci ~15\u201318%. Jak w ka\u017cdym mie\u015bcie, zwracaj uwag\u0119 na otoczenie; niekt\u00f3rych miejskich dzielnic najlepiej unika\u0107 noc\u0105. Generalnie rzecz bior\u0105c, mieszka\u0144cy Saint Louis s\u0105 przyja\u017ani i bezpo\u015bredni.<a href=\"https:\/\/travelshelper.com\/pl\/miejsca-docelowe\/ameryka-polnocna\/stany-zjednoczone-ameryki\/berkeley-springs\/\" target=\"_self\" aria-labelledby=\"uael-post-8997\"><br \/>\n<\/a><\/li>\n<\/ul>","protected":false},"excerpt":{"rendered":"<p>St. Louis to wyr\u00f3\u017cniaj\u0105ce si\u0119 miasto w ameryka\u0144skim stanie Missouri. Jest idealnie po\u0142o\u017cone na styku rzek Missisipi i Missouri, co od dawna ugruntowa\u0142o jego pozycj\u0119 jako wa\u017cnego o\u015brodka handlu i transportu. W\u0142a\u015bciwa populacja miasta w 2020 r. wynosi\u0142a 301 570; jego obszar metropolitalny, kt\u00f3ry rozci\u0105ga si\u0119 na Illinois, mia\u0142 szacunkow\u0105 populacj\u0119 ponad 2,8 miliona. Kwalifikuje to go jako drugi najwa\u017cniejszy obszar metropolitalny w Illinois i najwi\u0119kszy w Missouri. Ponadto \u0142\u0105czna powierzchnia statystyczna miasta wyr\u00f3\u017cnia si\u0119 jako 20. co do wielko\u015bci w Stanach Zjednoczonych.<\/p>","protected":false},"author":1,"featured_media":4727,"parent":8072,"menu_order":0,"comment_status":"closed","ping_status":"closed","template":"elementor_theme","meta":{"_eb_attr":"","footnotes":""},"class_list":["post-8347","page","type-page","status-publish","has-post-thumbnail"],"_links":{"self":[{"href":"https:\/\/travelshelper.com\/pl\/wp-json\/wp\/v2\/pages\/8347","targetHints":{"allow":["GET"]}}],"collection":[{"href":"https:\/\/travelshelper.com\/pl\/wp-json\/wp\/v2\/pages"}],"about":[{"href":"https:\/\/travelshelper.com\/pl\/wp-json\/wp\/v2\/types\/page"}],"author":[{"embeddable":true,"href":"https:\/\/travelshelper.com\/pl\/wp-json\/wp\/v2\/users\/1"}],"replies":[{"embeddable":true,"href":"https:\/\/travelshelper.com\/pl\/wp-json\/wp\/v2\/comments?post=8347"}],"version-history":[{"count":0,"href":"https:\/\/travelshelper.com\/pl\/wp-json\/wp\/v2\/pages\/8347\/revisions"}],"up":[{"embeddable":true,"href":"https:\/\/travelshelper.com\/pl\/wp-json\/wp\/v2\/pages\/8072"}],"wp:featuredmedia":[{"embeddable":true,"href":"https:\/\/travelshelper.com\/pl\/wp-json\/wp\/v2\/media\/4727"}],"wp:attachment":[{"href":"https:\/\/travelshelper.com\/pl\/wp-json\/wp\/v2\/media?parent=8347"}],"curies":[{"name":"wp","href":"https:\/\/api.w.org\/{rel}","templated":true}]}}