{"id":8341,"date":"2024-09-03T16:24:09","date_gmt":"2024-09-03T16:24:09","guid":{"rendered":"https:\/\/travelshelper.com\/staging\/?page_id=8341"},"modified":"2026-03-13T18:07:27","modified_gmt":"2026-03-13T18:07:27","slug":"portland","status":"publish","type":"page","link":"https:\/\/travelshelper.com\/pl\/destinations\/north-america\/united-states\/portland\/","title":{"rendered":"Portland"},"content":{"rendered":"<p>Portland w stanie Oregon rozci\u0105ga si\u0119 wzd\u0142u\u017c rzeki Willamette po\u015br\u00f3d pokrytych wiecznie zielonymi wzg\u00f3rzami i niskimi g\u00f3rami. Linia horyzontu miasta jest skromna, przerywana wie\u017cami ze szk\u0142a i stali, a Mount Hood cz\u0119sto wida\u0107 przez przerwy w chmurach na wschodzie. Surowe, podsycane deszczem pi\u0119kno definiuje otoczenie; drzewa i parki mieszaj\u0105 si\u0119 z dzielnicami z ceg\u0142y i drewna. To w\u0142a\u015bnie w tym otoczeniu Pacyfiku P\u00f3\u0142nocno-Zachodniego ukszta\u0142towa\u0142 si\u0119 nowoczesny charakter Portland \u2013 mieszanka kultury miejskiej i dzikiej przyrody.<\/p>\n<h2>Portland w liczbach<\/h2>\n<p>Populacja Portland wynosi oko\u0142o sze\u015bciuset tysi\u0119cy. Dane spisu powszechnego z 2020 r. wykaza\u0142y, \u017ce w mie\u015bcie mieszka\u0142o 652 503 os\u00f3b (w por\u00f3wnaniu z 583 776 w 2010 r.). Obecne szacunki oscyluj\u0105 wok\u00f3\u0142 620\u2013630 tysi\u0119cy, co odzwierciedla niewielki spadek w ostatnich latach. Miasto jest w przewa\u017caj\u0105cej mierze bia\u0142e (oko\u0142o 70%), a wi\u0119kszo\u015b\u0107 pozosta\u0142ych stanowi\u0105 Azjaci-Amerykanie (~8%), czarnosk\u00f3rzy mieszka\u0144cy (~6%) i Latynosi\/Hiszpanie (~10%). Gospodarka Portland jest zr\u00f3\u017cnicowana: ma silny sektor technologiczny (czasami nazywany \u201eKrzemowym Lasem\u201d) i du\u017c\u0105 obecno\u015b\u0107 firm takich jak Nike, Intel i Columbia Sportswear. Produkcja, w szczeg\u00f3lno\u015bci uk\u0142ad\u00f3w scalonych i odzie\u017cy sportowej, jest wa\u017cna. Opieka zdrowotna, finanse, edukacja oraz s\u0142ynna scena rzemie\u015blniczej \u017cywno\u015bci i browarnictwa dope\u0142niaj\u0105 gospodark\u0119. Du\u017cymi pracodawcami s\u0105 rz\u0105d, firmy high-tech i uniwersytety.<\/p>\n<h2>Lokalizacja<\/h2>\n<p>Portland le\u017cy na p\u00f3\u0142nocno-zachodnim Pacyfiku Stan\u00f3w Zjednoczonych (Ameryka P\u00f3\u0142nocna), w stanie Oregon. Le\u017cy w pobli\u017cu uj\u015bcia rzek Willamette i Columbia. Miasto zajmuje r\u00f3wnin\u0119 dolinow\u0105 na wysoko\u015bci oko\u0142o 15\u2013200 st\u00f3p, z nisko po\u0142o\u017conymi wzg\u00f3rzami na zachodzie i wschodzie. Niedaleko na p\u00f3\u0142nocnym wschodzie wznosi si\u0119 G\u00f3ry Kaskadowe, kt\u00f3rych o\u015bnie\u017cone wulkany (zw\u0142aszcza Mount Hood, 50 mil dalej) g\u00f3ruj\u0105 nad lini\u0105 horyzontu w pogodne dni. Klimat Portland jest ciep\u0142y-letni \u015br\u00f3dziemnomorski (K\u00f6ppen Csb): lata s\u0105 ciep\u0142e i suche, zimy s\u0105 ch\u0142odne, mokre i cz\u0119sto pochmurne. Miasto otrzymuje obfite opady deszczu zim\u0105, co sprzyja bujnej ro\u015blinno\u015bci, ale typowe s\u0105 letnie susze. Temperatury rzadko osi\u0105gaj\u0105 ekstremalne maksima lub minima, dzi\u0119ki wp\u0142ywom morskim, chocia\u017c zdarzaj\u0105 si\u0119 sporadyczne fale upa\u0142\u00f3w lub zimne trzaski.<\/p>\n<h2>Historyczny migawkowy obraz<\/h2>\n<p>Obszar Portland zosta\u0142 pierwotnie zamieszkany przez Indian m\u00f3wi\u0105cych j\u0119zykiem Chinookan. Na pocz\u0105tku lat 40. XIX wieku ameryka\u0144scy osadnicy \u2013 \u200b\u200bw tym Francis Pettygrove i Asa Lovejoy \u2013 zg\u0142aszali roszczenia do ziemi, kt\u00f3ra mia\u0142a sta\u0107 si\u0119 centrum Portland. Legenda g\u0142osi, \u017ce w 1845 roku rzut monet\u0105 mi\u0119dzy Pettygrove (\u201eP\u201d) i Lovejoy (\u201eL\u201d) ustali\u0142 nazw\u0119 miasta; pens Pettygrove&#039;a wygra\u0142, daj\u0105c nam Portland (zamiast \u201eBoston\u201d). Miasto zosta\u0142o rozplanowane 8 lutego 1851 roku. Portland szybko rozros\u0142o si\u0119 jako centrum przemys\u0142u drzewnego i handlowego, wysy\u0142aj\u0105c drewno i pszenic\u0119 rzek\u0105 do Kalifornii i dalej. W 1850 roku sta\u0142o si\u0119 stolic\u0105 terytorium (do 1855 roku). Pod koniec XIX wieku i na pocz\u0105tku XX wieku Portland zyska\u0142o przydomki takie jak \u201eMiasto R\u00f3\u017c\u201d (organizuj\u0105c sw\u00f3j pierwszy Festiwal R\u00f3\u017c w 1907 roku) i zyska\u0142o reputacj\u0119 post\u0119powej polityki. Kamienie milowe obejmuj\u0105 inkorporacj\u0119 w 1851 r., przybycie kolei w latach 80. XIX wieku oraz Lewis &amp; Clark Centennial Exposition w 1905 r., kt\u00f3ra zaprezentowa\u0142a miasto. II wojna \u015bwiatowa przynios\u0142a tymczasowy boom (z stoczniami i stoczni\u0105 Kaiser w Vanport, wojennej spo\u0142eczno\u015bci mieszkaniowej). Katastrofalna pow\u00f3d\u017a w Vanport w 1948 r. \u2013 kt\u00f3ra zniszczy\u0142a ten projekt mieszkaniowy \u2013 by\u0142a kolejnym punktem zwrotnym, prowadz\u0105cym do trwa\u0142ych zmian w populacji miasta i mieszkalnictwie. W ostatnich dekadach gospodarka Portland przesun\u0119\u0142a si\u0119 w kierunku wysokiej technologii i us\u0142ug, a jej kultura zacz\u0119\u0142a k\u0142a\u015b\u0107 nacisk na miejsk\u0105 zr\u00f3wnowa\u017cono\u015b\u0107 i sztuk\u0119.<\/p>\n<h2>Kulturalna atmosfera<\/h2>\n<p>Lokalny charakter Portland jest eklektyczny i dumny z osobliwo\u015bci. Miasto przyci\u0105ga ludzi swoj\u0105 \u017cyw\u0105 scen\u0105 kulturaln\u0105 \u2013 w tym browarami rzemie\u015blniczymi, food truckami, festiwalami muzycznymi i kwitn\u0105c\u0105 spo\u0142eczno\u015bci\u0105 artystyczn\u0105. Angielski jest g\u0142\u00f3wnym j\u0119zykiem (kt\u00f3rym pos\u0142uguje si\u0119 wi\u0119kszo\u015b\u0107 rodzin), a w dzielnicach imigrant\u00f3w m\u00f3wi si\u0119 po hiszpa\u0144sku i r\u00f3\u017cnych j\u0119zykach azjatyckich i pacyficznych. Ludno\u015b\u0107 jest og\u00f3lnie post\u0119powa i lubi\u0105ca przebywa\u0107 na \u015bwie\u017cym powietrzu; wielu mieszka\u0144c\u00f3w regularnie je\u017adzi na rowerze lub chodzi po g\u00f3rach. \u201eKeep Portland Weird\u201d \u2013 obecnie znane motto \u2013 odzwierciedla spo\u0142eczno\u015b\u0107, kt\u00f3ra ceni niezale\u017cny biznes i alternatywn\u0105 kultur\u0119. Na przyk\u0142ad Portland jest znane ze swojej kultury kulinarnej, z mn\u00f3stwem najlepszych szef\u00f3w kuchni, food truck\u00f3w, targ\u00f3w i browar\u00f3w. Roczne wydarzenia obejmuj\u0105 Portland Rose Festival (wczesne lato), Oregon Brewers Festival i liczne festiwale kulturalne odzwierciedlaj\u0105ce jego r\u00f3\u017cnorodno\u015b\u0107. \u017bycie tutaj ma og\u00f3lnie spokojne tempo: s\u0105siedzi rozmawiaj\u0105 w kawiarniach, parki s\u0105 dobrze wykorzystywane, a spacery lub jazda na rowerze s\u0105 powszechne. Pomimo swoich rozmiar\u00f3w, Portland zachowuje enklawy s\u0105siedzkiej serdeczno\u015bci i przyjaznej go\u015bcinno\u015bci. Jak zauwa\u017ca jeden z przewodnik\u00f3w, \u201eLudzie przybywaj\u0105 t\u0142umnie do Portland, aby zazna\u0107 odrobiny t\u0119tni\u0105cej \u017cyciem kultury tego miejsca \u2013 dla jedzenia i piwa, sztuki, spo\u0142eczno\u015bci kulturalnych, festiwali i \u017cycia nocnego\u201d.<\/p>\n<h2><strong>Najwa\u017cniejsze atrakcje<\/strong><\/h2>\n<ul>\n<li><strong>Park Waszyngtona<\/strong> \u2013 Du\u017cy, zalesiony park na zach\u00f3d od centrum miasta. Znajduje si\u0119 w nim s\u0142ynny International Rose Test Garden i Portland Japanese Garden, oba znane ogrody; Oregon Zoo i Hoyt Arboretum. Odwiedzaj\u0105cy cz\u0119sto sp\u0119dzaj\u0105 tu ca\u0142y dzie\u0144 w\u015br\u00f3d rabat r\u00f3\u017canych, staw\u00f3w z karpiami koi i zacienionych \u015bcie\u017cek.<\/li>\n<li><strong>W\u0105w\u00f3z rzeki Kolumbia<\/strong> \u2013 Cho\u0107 znajduje si\u0119 tu\u017c za miastem, Columbia Gorge to obowi\u0105zkowy jednodniowy wypad. Malownicza autostrada w g\u00f3r\u0119 Gorge oferuje spektakularne wodospady (w tym g\u00f3ruj\u0105ce nad miastem Multnomah Falls) i punkty widokowe na rzek\u0119 Columbia. Cz\u0119sto wymienia si\u0119 j\u0105 w\u015br\u00f3d najlepszych wycieczek w Portland.<\/li>\n<li><strong>Dw\u00f3r Pittock<\/strong> \u2013 Okaza\u0142a rezydencja na wzg\u00f3rzu zbudowana w 1914 r. przez Henry&#039;ego Pittocka (za\u0142o\u017cyciela gazety Oregonian). Odrestaurowana i otwarta jako muzeum, oferuje panoramiczne widoki miasta i wgl\u0105d w elit\u0119 Portland z pocz\u0105tku XX wieku. (Dzi\u0119ki wysi\u0142kom spo\u0142eczno\u015bci uchroniono j\u0105 przed wyburzeniem w latach 60.)<\/li>\n<li><strong>Miasto Ksi\u0105\u017cek Powella<\/strong> \u2013 Najwi\u0119ksza niezale\u017cna ksi\u0119garnia na \u015bwiecie, zajmuj\u0105ca ca\u0142y blok miejski w centrum Portland. Na jej p\u00f3\u0142kach znajduje si\u0119 ponad milion u\u017cywanych i nowych ksi\u0105\u017cek. Znajduj\u0105 si\u0119 tam r\u00f3wnie\u017c k\u0105ciki do czytania i kawiarnia. Cz\u0119sto odbywaj\u0105 si\u0119 tu wydarzenia literackie i rozmowy z autorami.<\/li>\n<li><strong>Ogr\u00f3d chi\u0144ski Lan Su<\/strong> \u2013 Spokojny, autentyczny ogr\u00f3d w stylu Suzhou w dzielnicy Old Town Chinatown. Zbudowany przez rzemie\u015blnik\u00f3w z Chin, oferuje kr\u0119te \u015bcie\u017cki, zadaszone pawilony i krajobrazy staw\u00f3w, stanowi\u0105c spokojn\u0105 odskoczni\u0119 po\u015br\u00f3d miasta.<\/li>\n<li><strong>Muzeum Nauki i Przemys\u0142u w Oregonie (OMSI)<\/strong> \u2013 Interaktywne muzeum naukowe na wschodnim nabrze\u017cu. Najwa\u017cniejsze atrakcje to kino OMNIMAX, planetarium i wycofany z u\u017cytku okr\u0119t podwodny US Navy (USS Blueback), kt\u00f3ry zwiedzaj\u0105cy mog\u0105 zwiedza\u0107. Jest popularne w\u015br\u00f3d rodzin ze wzgl\u0119du na interaktywne wystawy na temat energii, technologii i historii naturalnej.<\/li>\n<li><strong>Sobotni targ w Portland<\/strong> \u2013 Targ sztuki i rzemios\u0142a na \u015bwie\u017cym powietrzu w dzielnicy Old Town Chinatown, dzia\u0142aj\u0105cy od wiosny do grudnia. Za\u0142o\u017cony w 1974 r., rozr\u00f3s\u0142 si\u0119 do jednego z najwi\u0119kszych targ\u00f3w na \u015bwie\u017cym powietrzu w kraju. Rzemie\u015blnicy sprzedaj\u0105 r\u0119cznie robion\u0105 bi\u017cuteri\u0119, r\u0119kodzie\u0142o, ubrania i jedzenie; przyci\u0105ga ponad milion odwiedzaj\u0105cych rocznie.<\/li>\n<\/ul>\n<h2>Praktyczny przegl\u0105d<\/h2>\n<ul>\n<li><strong>Jak si\u0119 tam dosta\u0107:<\/strong> Portland International Airport (PDX) to g\u0142\u00f3wne lotnisko, z bezpo\u015brednimi lotami do wielu miast w USA i destynacji mi\u0119dzynarodowych. Z centrum miasta bezpo\u015brednie po\u0142\u0105czenie zapewnia linia MAX Light Rail Red Line: podr\u00f3\u017c w jedn\u0105 stron\u0119 na lotnisko trwa oko\u0142o 38 minut (cena biletu 2,80 USD). Autobusy TriMet r\u00f3wnie\u017c obs\u0142uguj\u0105 lotnisko. Poci\u0105giem linia Cascades firmy Amtrak \u0142\u0105czy Portland z Seattle i Eugene. G\u0142\u00f3wne autostrady (I-5 p\u00f3\u0142noc-po\u0142udnie, I-84 wsch\u00f3d-zach\u00f3d, US 26) \u0142\u0105cz\u0105 miasto z regionalnymi destynacjami.<\/li>\n<li><strong>Poruszanie si\u0119:<\/strong> System TriMet (lekka kolej, tramwaje i autobusy) obejmuje wi\u0119kszo\u015b\u0107 Portland. Jazda na rowerze jest bardzo popularna; miasto jest regularnie oceniane jako jedno z najbardziej przyjaznych rowerzystom w USA. Centrum miasta jest kompaktowe i mo\u017cna tam doj\u015b\u0107 pieszo (w szczeg\u00f3lno\u015bci Pioneer Courthouse Square i Pearl District). Jazda samochodem jest mo\u017cliwa, ale parkowanie mo\u017ce by\u0107 trudne lub kosztowne w ruchliwych dzielnicach. Wielu mieszka\u0144c\u00f3w Portland u\u017cywa karty Hop lub aplikacji mobilnej do p\u0142acenia za przejazdy autobusami i poci\u0105gami. Us\u0142ugi wsp\u00f3\u0142dzielenia przejazd\u00f3w (Uber\/Lyft) s\u0105 wszechobecne.<\/li>\n<li><strong>Podstawowe wskaz\u00f3wki:<\/strong> Walut\u0105 jest dolar ameryka\u0144ski. J\u0119zykiem podstawowym jest angielski (wielu mieszka\u0144c\u00f3w m\u00f3wi r\u00f3wnie\u017c po hiszpa\u0144sku, zw\u0142aszcza w p\u00f3\u0142nocno-wschodnim Portland). W restauracjach i taks\u00f3wkach zwyczajowo daje si\u0119 napiwki w wysoko\u015bci oko\u0142o 15\u201320% rachunku. Generalnie Portland jest bezpieczne wed\u0142ug standard\u00f3w miejskich, ale nale\u017cy zachowa\u0107 normalne \u015brodki ostro\u017cno\u015bci (unika\u0107 pustych obszar\u00f3w noc\u0105, zabezpiecza\u0107 warto\u015bciowe przedmioty). Miejscowi ceni\u0105 sobie uprzejmo\u015b\u0107 i \u015bwiadomo\u015b\u0107 ekologiczn\u0105; norm\u0105 jest swobodny ubi\u00f3r.<a href=\"https:\/\/travelshelper.com\/pl\/miejsca-docelowe\/ameryka-polnocna\/stany-zjednoczone-ameryki\/berkeley-springs\/\" target=\"_self\" aria-labelledby=\"uael-post-8997\"><br \/>\n<\/a><\/li>\n<\/ul>","protected":false},"excerpt":{"rendered":"<p>Portland, schowane w sielankowym Pacyficznym P\u00f3\u0142nocnym Zachodzie, jest najludniejszym miastem w Oregonie, stanie USA. To energiczne miasto, celowo po\u0142o\u017cone na p\u00f3\u0142nocnym zachodzie stanu, stanowi miejsce spotkania rzek Columbia i Willamette. Portland jest stolic\u0105 hrabstwa Multnomah, najludniejszego hrabstwa w Oregonie, dlatego zajmuje nieodzowne miejsce w ramach administracyjnych i kulturalnych stanu. Z populacj\u0105 652 503 os\u00f3b wed\u0142ug spisu z 2020 r. Portland, 26. najludniejsze miasto w Stanach Zjednoczonych, z Seattle najludniejszym miastem w Pacyficznym P\u00f3\u0142nocnym Zachodzie, jest drugim najludniejszym miastem na zachodnim wybrze\u017cu. Obszar metropolitalny Portland, obejmuj\u0105cy prawie 2,5 miliona mieszka\u0144c\u00f3w, zajmuje 25. miejsce pod wzgl\u0119dem liczby ludno\u015bci w Stanach Zjednoczonych. Obszar metropolitalny Portland jest domem dla prawie po\u0142owy populacji Oregonu, co podkre\u015bla jego centralne znaczenie wp\u0142yw\u00f3w i aktywno\u015bci.<\/p>","protected":false},"author":1,"featured_media":4170,"parent":8072,"menu_order":0,"comment_status":"closed","ping_status":"closed","template":"elementor_theme","meta":{"_eb_attr":"","footnotes":""},"class_list":["post-8341","page","type-page","status-publish","has-post-thumbnail"],"_links":{"self":[{"href":"https:\/\/travelshelper.com\/pl\/wp-json\/wp\/v2\/pages\/8341","targetHints":{"allow":["GET"]}}],"collection":[{"href":"https:\/\/travelshelper.com\/pl\/wp-json\/wp\/v2\/pages"}],"about":[{"href":"https:\/\/travelshelper.com\/pl\/wp-json\/wp\/v2\/types\/page"}],"author":[{"embeddable":true,"href":"https:\/\/travelshelper.com\/pl\/wp-json\/wp\/v2\/users\/1"}],"replies":[{"embeddable":true,"href":"https:\/\/travelshelper.com\/pl\/wp-json\/wp\/v2\/comments?post=8341"}],"version-history":[{"count":0,"href":"https:\/\/travelshelper.com\/pl\/wp-json\/wp\/v2\/pages\/8341\/revisions"}],"up":[{"embeddable":true,"href":"https:\/\/travelshelper.com\/pl\/wp-json\/wp\/v2\/pages\/8072"}],"wp:featuredmedia":[{"embeddable":true,"href":"https:\/\/travelshelper.com\/pl\/wp-json\/wp\/v2\/media\/4170"}],"wp:attachment":[{"href":"https:\/\/travelshelper.com\/pl\/wp-json\/wp\/v2\/media?parent=8341"}],"curies":[{"name":"wp","href":"https:\/\/api.w.org\/{rel}","templated":true}]}}