{"id":8325,"date":"2024-09-03T15:10:41","date_gmt":"2024-09-03T15:10:41","guid":{"rendered":"https:\/\/travelshelper.com\/staging\/?page_id=8325"},"modified":"2026-03-13T18:07:44","modified_gmt":"2026-03-13T18:07:44","slug":"phoenix","status":"publish","type":"page","link":"https:\/\/travelshelper.com\/pl\/destinations\/north-america\/united-states\/phoenix\/","title":{"rendered":"Phoenix"},"content":{"rendered":"<p>Phoenix to rozleg\u0142a stolica Arizony i pod wzgl\u0119dem powierzchni jedno z najwi\u0119kszych miast w USA. Wed\u0142ug spisu z 2020 r. liczy\u0142o 1 608 139 mieszka\u0144c\u00f3w, co czyni je pi\u0105tym co do wielko\u015bci miastem w kraju i najludniejsz\u0105 stolic\u0105 stanu. Obszar metropolitalny Phoenix (w tym przedmie\u015bcia, takie jak Scottsdale i Mesa) liczy ponad 5,2 miliona ludzi, plasuj\u0105c si\u0119 w pierwszej dziesi\u0105tce obszar\u00f3w metropolitalnych w USA. Phoenix jest zr\u00f3\u017cnicowane: oko\u0142o 42% mieszka\u0144c\u00f3w to Hiszpanie\/Latynosi, co odzwierciedla jego po\u0142udniowo-zachodni\u0105 kultur\u0119 i blisko\u015b\u0107 Meksyku. W mie\u015bcie ro\u015bnie r\u00f3wnie\u017c liczba Azjat\u00f3w, Afroamerykan\u00f3w i rdzennych Amerykan\u00f3w. Mediana wieku wynosi oko\u0142o 35 lat. Pod wzgl\u0119dem ekonomicznym Phoenix jest solidne: gospodarka metropolitalna (PKB) wynosi\u0142a oko\u0142o 398 miliard\u00f3w dolar\u00f3w w 2023 r. Kluczowe bran\u017ce to technologia, opieka zdrowotna, edukacja i budownictwo, wspierane przez dziesi\u0119ciolecia sta\u0142ego wzrostu populacji (\u015brednio ~4% rocznie w latach 1960\u20132000).<\/p>\n<p>Phoenix le\u017cy w szerokiej dolinie rzeki Salt (cz\u0119sto nazywanej \u201eDolin\u0105 S\u0142o\u0144ca\u201d) w po\u0142udniowo-\u015brodkowej Arizonie. Le\u017cy na wysoko\u015bci oko\u0142o 1086 st\u00f3p i jest otoczone rezerwatami pustyni i g\u00f3r. Teren jest p\u0142aski, gdzie przebiega siatka miejska, przerywany pobliskimi wzg\u00f3rzami i g\u00f3rami, takimi jak Camelback Mountain i Piestewa Peak (wznosz\u0105cy si\u0119 ~2700 st\u00f3p nad miastem) oraz South Mountain (jeden z najwi\u0119kszych park\u00f3w miejskich na \u015bwiecie). Miasto jest cz\u0119\u015bci\u0105 pustyni Sonora, charakteryzuj\u0105cej si\u0119 kaktusami saguaro, drzewami mesquite i krzewami kreozotowymi.<\/p>\n<p>Klimat jest pustynny i suchy. Phoenix jest znane z gor\u0105cych lat i \u0142agodnych zim. Letnie dzienne maksima cz\u0119sto przekraczaj\u0105 110\u00b0F, przy niskiej wilgotno\u015bci. Monsunowe deszcze pojawiaj\u0105 si\u0119 letnimi popo\u0142udniami, kr\u00f3tko sch\u0142adzaj\u0105c i od\u017cywiaj\u0105c ro\u015blinno\u015b\u0107. Zimowe dni s\u0105 s\u0142oneczne i ciep\u0142e (60\u201370\u00b0F), ale noce mog\u0105 by\u0107 ch\u0142odne. Og\u00f3lnie rzecz bior\u0105c, Phoenix ma oko\u0142o 320 s\u0142onecznych dni w roku. Jego suchy klimat pozwala palmom rozwija\u0107 si\u0119 (st\u0105d nazwa) i zapewnia czyste niebo przez ca\u0142y rok.<\/p>\n<p>Pocz\u0105tki Phoenix s\u0105 niespodziewanie stare jak na zachodnie miasto USA. Zosta\u0142o za\u0142o\u017cone w 1867 roku przez farmera Jacka Swillinga, kt\u00f3ry zbudowa\u0142 kana\u0142y irygacyjne (ponownie wykorzystuj\u0105c staro\u017cytne trasy kana\u0142\u00f3w Hohokam), aby uprawia\u0107 pustyni\u0119. Zosta\u0142o w\u0142\u0105czone jako miasto w 1881 roku i sta\u0142o si\u0119 stolic\u0105 terytorialn\u0105 w 1889 roku. Na pocz\u0105tku XX wieku dominowa\u0142o rolnictwo (bawe\u0142na, cytrusy, byd\u0142o) \u2014 znane lokalnie jako \u201ePi\u0119\u0107 C\u201d gospodarki. Przybycie kolei (1895) i utworzenie lotniska Sky Harbor (1928) pobudzi\u0142y wzrost.<\/p>\n<p>II wojna \u015bwiatowa i wprowadzenie klimatyzacji przekszta\u0142ci\u0142y Phoenix. Z ma\u0142ego miasteczka przekszta\u0142ci\u0142o si\u0119 w nowoczesne miasto. Firmy high-tech i wojskowe bazy lotnicze wykorzysta\u0142y klimat; powojenni weterani i przesiedle\u0144cy budowali podmiejskie osiedla. W latach 60. Phoenix by\u0142o jednym z najszybciej rozwijaj\u0105cych si\u0119 miast w USA. Miasto by\u0142o gospodarzem marszu praw obywatelskich w 1960 r. (w dolinie m\u00f3wiono o \u201ewyzywaj\u0105cym Bull Connorze\u201d Kennedy&#039;ego). Pod koniec XX wieku w centrum miasta pojawi\u0142y si\u0119 wie\u017cowce, a miasto przyj\u0119\u0142o bran\u017ce us\u0142ugow\u0105 i technologiczn\u0105. Dzisiaj Phoenix r\u00f3wnowa\u017cy t\u0119 nowoczesno\u015b\u0107 dum\u0105 ze swojego dziedzictwa Dzikiego Zachodu; historyczne parki zachowuj\u0105 pozosta\u0142o\u015bci wczesnych zachodnich wiosek i miejsc india\u0144skich. Na przyk\u0142ad stanowisko archeologiczne Pueblo Grande w \u015br\u00f3dmie\u015bciu zawiera ruiny Hohokam, \u0142\u0105cz\u0105ce dzisiejsze Phoenix 2000 lat wstecz.<\/p>\n<p>Phoenix to po\u0142udniowo-zachodnia mozaika miejska. Dominuje j\u0119zyk angielski, ale cz\u0119sto mo\u017cna us\u0142ysze\u0107 tak\u017ce hiszpa\u0144ski. Charakter miasta \u0142\u0105czy surowe korzenie z pogranicza z kosmopolitycznym wzrostem. W Phoenix wyczuwa si\u0119 postaw\u0119 \u201edamy rad\u0119\u201d. Miasto przyci\u0105gn\u0119\u0142o przybysz\u00f3w z ca\u0142ej Ameryki, co przyczyni\u0142o si\u0119 do wyluzowanej, ale przedsi\u0119biorczej atmosfery. W\u015br\u00f3d mieszka\u0144c\u00f3w panuje pow\u015bci\u0105gliwa \u017cyczliwo\u015b\u0107 \u2013 by\u0107 mo\u017ce ukszta\u0142towana przez wsp\u00f3lne wyzwanie \u015brodowiska pustynnego.<\/p>\n<p>Pod wzgl\u0119dem architektonicznym i kulturowym Phoenix czerpie z pustynnego otoczenia. Wiele wydarze\u0144 spo\u0142eczno\u015bciowych celebruje dziedzictwo Indian ameryka\u0144skich i Meksykan\u00f3w-Amerykan\u00f3w. Na przyk\u0142ad Heard Museum prezentuje sztuk\u0119 Indian ameryka\u0144skich i przyci\u0105ga wielu go\u015bci. Roczne festiwale, takie jak turniej golfowy Phoenix Open, Phoenix Film Festival i Charro Days\/D\u00eda de los Muertos, odzwierciedlaj\u0105 lokalne zainteresowania. Styl \u017cycia na \u015bwie\u017cym powietrzu jest tutaj stylem \u017cycia: weekendy cz\u0119sto kr\u0119c\u0105 si\u0119 wok\u00f3\u0142 w\u0119dr\u00f3wek po g\u00f3rskich szlakach, biwakowania na pustyni lub gry w golfa. Pomimo swojego rozwoju, Phoenix w niekt\u00f3rych miejscach nadal sprawia wra\u017cenie miasta pionierskiego \u2013 ma sie\u0107 kana\u0142\u00f3w wielofunkcyjnych (do jazdy na rowerze), centra handlowe na \u015bwie\u017cym powietrzu i sztuk\u0119 publiczn\u0105 w stylu po\u0142udniowo-zachodnim. Istnieje r\u00f3wnie\u017c silne uznanie dla architektury: obecno\u015b\u0107 Franka Lloyda Wrighta (poprzez Taliesin West, jego zimow\u0105 posiad\u0142o\u015b\u0107) dodaje odrobin\u0119 wysokiego designu. W dzielnicach takich jak Downtown Roosevelt Row mo\u017cna znale\u017a\u0107 t\u0119tni\u0105ce \u017cyciem dzielnice artystyczne z muralami i galeriami.<\/p>\n<p>Nocna scena w Phoenix r\u00f3wnie\u017c zaskakuje odwiedzaj\u0105cych: miniaturowa \u201edzielnica Melrose\u201d na Camelback Road oferuje browary i ma\u0142e kluby, podczas gdy Scottsdale (s\u0105siednie miasto) ma ekskluzywne \u017cycie nocne. Jednak og\u00f3lne tempo jest spokojne w por\u00f3wnaniu do wi\u0119kszych miast \u2013 typowy wiecz\u00f3r mo\u017ce zako\u0144czy\u0107 si\u0119 ogl\u0105daniem zachodu s\u0142o\u0144ca na pustyni za sylwetkami saguaro. Kr\u00f3tko m\u00f3wi\u0105c, Phoenix sprawia wra\u017cenie nowoczesnego miasta na pustyni: przyjaznego, zalanego s\u0142o\u0144cem i zdefiniowanego przez \u017cycie na \u015bwie\u017cym powietrzu, ambicje technologiczne i dziedzictwo po\u0142udniowo-zachodnie.<\/p>\n<p>Atrakcje Phoenix s\u0105 ukierunkowane na przygody na \u015bwie\u017cym powietrzu i kultur\u0119 pustyni. Najwa\u017cniejszym z nich jest Desert Botanical Garden, 140-akrowe \u017cywe muzeum ro\u015blin ja\u0142owych. Kr\u0119te \u015bcie\u017cki tego ogrodu i krajobraz pustyni pozwalaj\u0105 odwiedzaj\u0105cym podziwia\u0107 gigantyczne saguaro, lasy cholla i kwitn\u0105ce kwiaty pustyni. W pobli\u017cu znajduje si\u0119 Papago Park, kt\u00f3ry oferuje \u0142atwe w\u0119dr\u00f3wki (w\u0119dr\u00f3wka w Hole-in-the-Rock do punktu widokowego z piaskowca) i mie\u015bci Phoenix Zoo i Japanese Friendship Garden.<\/p>\n<p>Je\u015bli chodzi o rozleg\u0142e widoki na miasto, szlaki Echo lub Cholla w Camelback Mountain s\u0105 kultowe \u2013 z tych grzbiet\u00f3w mo\u017cna zobaczy\u0107 ca\u0142\u0105 dolin\u0119. Podobnie South Mountain Park &amp; \u200b\u200bPreserve (jeden z najwi\u0119kszych park\u00f3w miejskich na \u015bwiecie) oferuje zar\u00f3wno wymagaj\u0105ce w\u0119dr\u00f3wki, jak i malownicze przeja\u017cd\u017cki nad po\u0142udniow\u0105 cz\u0119\u015bci\u0105 miasta. Ca\u0142oroczne s\u0142o\u0144ce i czyste powietrze w Phoenix sprawiaj\u0105, \u017ce te w\u0119dr\u00f3wki w obie strony s\u0105 satysfakcjonuj\u0105ce.<\/p>\n<p>W mie\u015bcie jest mn\u00f3stwo obiekt\u00f3w kulturalnych. Heard Museum jest znane w ca\u0142ym kraju ze swojej sztuki i artefakt\u00f3w rdzennych Amerykan\u00f3w; przyci\u0105ga oko\u0142o \u0107wier\u0107 miliona odwiedzaj\u0105cych ka\u017cdego roku. Innym wyj\u0105tkowym muzeum jest Musical Instrument Museum (otwarte w 2010 r.) \u2013 mie\u015bci ponad 15 000 instrument\u00f3w z ca\u0142ego \u015bwiata, co czyni je najwi\u0119ksz\u0105 na \u015bwiecie kolekcj\u0105 tego typu. Mi\u0142o\u015bnicy historii odwiedzaj\u0105 Pueblo Grande Ruin i Arizona Capitol Museum (mieszcz\u0105ce si\u0119 w budynku stolicy terytorialnej z 1901 r.). Mi\u0142o\u015bnicy sztuki sp\u0119dzaj\u0105 czas w Phoenix Art Museum (najwi\u0119kszej kolekcji sztuki wizualnej na Po\u0142udniowym Zachodzie) i zatrzymuj\u0105 si\u0119, aby zobaczy\u0107 sztuk\u0119 publiczn\u0105, tak\u0105 jak rze\u017aba siatkowa Janet Echelman \u201eHer Secret Is Patience\u201d nad Civic Space Park.<\/p>\n<p>Sport i rozrywka to r\u00f3wnie\u017c g\u0142\u00f3wne atrakcje. Phoenix&#039;s MLB Diamondbacks, NBA Suns i NFL Cardinals to du\u017ce atrakcje w sezonie. Arizona Science Center i Children&#039;s Museum (jedno z najlepszych muze\u00f3w dla dzieci w kraju) bawi\u0105 rodziny. Sezonowe wydarzenia obejmuj\u0105 mecze futbolu ameryka\u0144skiego Fiesta Bowl, wy\u015bcigi NASCAR na torze wy\u015bcigowym Phoenix Raceway i golfa Phoenix Open. Kr\u00f3tko m\u00f3wi\u0105c, atrakcje, kt\u00f3re trzeba zobaczy\u0107 w Phoenix, to mieszanka park\u00f3w pustynnych, instytucji kulturalnych i przyjemnej rekreacji: pomy\u015bl o poranku w ogrodzie botanicznym, popo\u0142udniowej w\u0119dr\u00f3wce i wieczorze w barze na dachu, ogl\u0105daj\u0105c \u015bwiat\u0142a miasta.<\/p>\n<p>G\u0142\u00f3wnym lotniskiem Phoenix jest Phoenix Sky Harbor International Airport (PHX), centralnie po\u0142o\u017cone i obs\u0142uguj\u0105ce wszystkie g\u0142\u00f3wne linie lotnicze. \u0141\u0105czy si\u0119 bezpo\u015brednio z wi\u0119kszo\u015bci\u0105 miast USA i kilkoma mi\u0119dzynarodowymi w\u0119z\u0142ami komunikacyjnymi. Sky Harbor jest jednym z najbardziej ruchliwych lotnisk w kraju i oferuje rozleg\u0142e zaplecze. Ponadto miasto ma g\u0142\u00f3wn\u0105 autostrad\u0119 mi\u0119dzystanow\u0105 (I-10) biegn\u0105c\u0105 ze wschodu na zach\u00f3d i I-17 biegn\u0105c\u0105 z p\u00f3\u0142nocy na po\u0142udnie, a tak\u017ce US 60 i 51 przebiegaj\u0105ce przez miasto. Phoenix ma doskona\u0142e po\u0142\u0105czenia drogowe, ale kierowcy powinni by\u0107 przygotowani na upa\u0142y i du\u017cy ruch na autostradach w godzinach szczytu (szczeg\u00f3lnie w godzinach szczytu na I-10). Dla podr\u00f3\u017cuj\u0105cych kolej\u0105 Amtrak ma stacj\u0119 w centrum (The Station at Phoenix) z trasami do Los Angeles i Chicago, chocia\u017c rozk\u0142ady jazdy s\u0105 ograniczone. Autobusy mi\u0119dzymiastowe (Greyhound, Flixbus) r\u00f3wnie\u017c obs\u0142uguj\u0105 Phoenix.<\/p>\n<p>Phoenix jest bardzo zorientowane na samochody. Uk\u0142ad miasta jest rozleg\u0142y, a transport publiczny jest ograniczony w stosunku do jego wielko\u015bci. Valley Metro obs\u0142uguje autobusy w ca\u0142ym obszarze metropolitalnym i lini\u0119 lekkiej kolei przez centrum i \u015br\u00f3dmie\u015bcie. Obecnie lekka kolej obejmuje 38 mil z p\u00f3\u0142nocnego Phoenix przez centrum do Mesa; planowane s\u0105 kolejne linie. Jednak mniej ni\u017c 4% pracownik\u00f3w korzysta z transportu publicznego, wi\u0119c wi\u0119kszo\u015b\u0107 odwiedzaj\u0105cych wynajmuje samochody lub korzysta z przejazd\u00f3w wsp\u00f3\u0142dzielonych. Niekt\u00f3re dzielnice (Downtown, Encanto District, Roosevelt Row) s\u0105 do\u015b\u0107 dost\u0119pne dla pieszych, a wiele hoteli oferuje bezp\u0142atne transfery do pobliskich atrakcji. Podczas jazdy samochodem uwa\u017caj na rowerzyst\u00f3w i motocyklist\u00f3w; w Phoenix jest ich wielu, szczeg\u00f3lnie w weekendy.<\/p>\n<p>Walut\u0105 s\u0105 dolary ameryka\u0144skie, a j\u0119zykiem podstawowym jest angielski (hiszpa\u0144ski jest r\u00f3wnie\u017c powszechny, bior\u0105c pod uwag\u0119 du\u017c\u0105 spo\u0142eczno\u015b\u0107 hiszpa\u0144sk\u0105). Standardem s\u0105 napiwki (15\u201320%). Ubi\u00f3r powinien odzwierciedla\u0107 ciep\u0142o: nawet zim\u0105 wygodne s\u0105 lekkie warstwy odzie\u017cy; latem no\u015b odzie\u017c chroni\u0105c\u0105 przed s\u0142o\u0144cem, kapelusz i okulary przeciws\u0142oneczne. Zabierz ze sob\u0105 wielorazow\u0105 butelk\u0119 na wod\u0119 \u2013 istnieje ryzyko odwodnienia. Phoenix jest do\u015b\u0107 bezpieczne w obszarach turystycznych i biznesowych; dzielnice po\u0142o\u017cone dalej na po\u0142udnie lub zach\u00f3d od I-17 mog\u0105 by\u0107 bardziej podejrzane, szczeg\u00f3lnie po zmroku, wi\u0119c odwiedzaj\u0105cy powinni zatrzyma\u0107 si\u0119 w cz\u0119\u015bciach miasta o du\u017cym nat\u0119\u017ceniu ruchu. W parkach pustynnych \u017cyj\u0105 dzikie zwierz\u0119ta (grzechotniki, skorpiony) \u2013 wytrzepuj buty i sprawdzaj pod\u0142ogi namiot\u00f3w, gdy biwakujesz. Pami\u0119taj r\u00f3wnie\u017c, \u017ce Arizona ma surowe przepisy dotycz\u0105ce upa\u0142\u00f3w: nigdy nie zostawiaj dzieci ani zwierz\u0105t domowych w zaparkowanym samochodzie. Na koniec, Phoenix ma siln\u0105 kultur\u0119 samochodow\u0105, ale pami\u0119taj o innych mieszka\u0144cach drogi \u2013 zawsze sygnalizuj, zezwalaj na w\u0142\u0105czanie si\u0119 do ruchu i zachowaj szczeg\u00f3ln\u0105 ostro\u017cno\u015b\u0107 na kr\u0119tych g\u00f3rskich drogach, takich jak South Mountain Drive. Dzi\u0119ki tym \u015brodkom ostro\u017cno\u015bci tury\u015bci b\u0119d\u0105 mogli odkrywa\u0107 Phoenix jako przyjazne i proste miasto, kt\u00f3re mo\u017cna zwiedza\u0107 samochodem lub pieszo.<a href=\"https:\/\/travelshelper.com\/pl\/miejsca-docelowe\/ameryka-polnocna\/stany-zjednoczone-ameryki\/berkeley-springs\/\" target=\"_self\" aria-labelledby=\"uael-post-8997\"><br \/>\n<\/a><\/p>","protected":false},"excerpt":{"rendered":"<p>Phoenix jest stolic\u0105 i najludniejszym miastem ameryka\u0144skiego stanu Arizona, licz\u0105cym 1 608 139 mieszka\u0144c\u00f3w w 2020 r. Jest zatem pi\u0105tym najludniejszym miastem w Stanach Zjednoczonych i najludniejsz\u0105 stolic\u0105 stanu w kraju. Znaczenie Phoenix wykracza poza granice miejskie; jest centrum obszaru metropolitalnego Phoenix, czasami znanego jako Valley of the Sun. Z liczb\u0105 prawie 4,85 miliona mieszka\u0144c\u00f3w, ten obszar metropolitalny jest najludniejszym w po\u0142udniowo-zachodnich Stanach Zjednoczonych w 2020 r. Jest cz\u0119\u015bci\u0105 najwi\u0119kszego regionu metropolitalnego w Stanach Zjednoczonych, Salt River Valley i Arizona Sun Corridor.<\/p>","protected":false},"author":1,"featured_media":4624,"parent":8072,"menu_order":0,"comment_status":"closed","ping_status":"closed","template":"elementor_theme","meta":{"_eb_attr":"","footnotes":""},"class_list":["post-8325","page","type-page","status-publish","has-post-thumbnail"],"_links":{"self":[{"href":"https:\/\/travelshelper.com\/pl\/wp-json\/wp\/v2\/pages\/8325","targetHints":{"allow":["GET"]}}],"collection":[{"href":"https:\/\/travelshelper.com\/pl\/wp-json\/wp\/v2\/pages"}],"about":[{"href":"https:\/\/travelshelper.com\/pl\/wp-json\/wp\/v2\/types\/page"}],"author":[{"embeddable":true,"href":"https:\/\/travelshelper.com\/pl\/wp-json\/wp\/v2\/users\/1"}],"replies":[{"embeddable":true,"href":"https:\/\/travelshelper.com\/pl\/wp-json\/wp\/v2\/comments?post=8325"}],"version-history":[{"count":0,"href":"https:\/\/travelshelper.com\/pl\/wp-json\/wp\/v2\/pages\/8325\/revisions"}],"up":[{"embeddable":true,"href":"https:\/\/travelshelper.com\/pl\/wp-json\/wp\/v2\/pages\/8072"}],"wp:featuredmedia":[{"embeddable":true,"href":"https:\/\/travelshelper.com\/pl\/wp-json\/wp\/v2\/media\/4624"}],"wp:attachment":[{"href":"https:\/\/travelshelper.com\/pl\/wp-json\/wp\/v2\/media?parent=8325"}],"curies":[{"name":"wp","href":"https:\/\/api.w.org\/{rel}","templated":true}]}}