{"id":8312,"date":"2024-09-03T14:51:45","date_gmt":"2024-09-03T14:51:45","guid":{"rendered":"https:\/\/travelshelper.com\/staging\/?page_id=8312"},"modified":"2026-03-13T18:08:17","modified_gmt":"2026-03-13T18:08:17","slug":"filadelfia","status":"publish","type":"page","link":"https:\/\/travelshelper.com\/pl\/destinations\/north-america\/united-states\/philadelphia\/","title":{"rendered":"Filadelfia"},"content":{"rendered":"<p>Filadelfia to du\u017ca ameryka\u0144ska metropolia z bogat\u0105 przesz\u0142o\u015bci\u0105. W 2020 r. jej populacja wynosi\u0142a 1 603 797, co czyni j\u0105 sz\u00f3stym co do wielko\u015bci miastem w USA. Szerszy obszar metropolitalny liczy ponad 6,2 miliona mieszka\u0144c\u00f3w, obejmuj\u0105c wschodni\u0105 Pensylwani\u0119, po\u0142udniowy New Jersey i Delaware. Gospodarka Filadelfii jest znaczna: metropolitalny Produkt Krajowy Brutto przekroczy\u0142 518 miliard\u00f3w dolar\u00f3w w 2022 r. Miasto jest zr\u00f3\u017cnicowane: oko\u0142o 39% mieszka\u0144c\u00f3w identyfikuje si\u0119 jako czarnosk\u00f3rzy\/Afroamerykanie, a oko\u0142o 15% jako Hiszpanie\/Latynosi. Prawie 35% doros\u0142ych posiada tytu\u0142 licencjata lub wy\u017cszy, co odzwierciedla wiele uczelni i uniwersytet\u00f3w w mie\u015bcie. Mediana dochodu gospodarstwa domowego oscyluje wok\u00f3\u0142 52 900 dolar\u00f3w, przy czym oko\u0142o 22,8% mieszka\u0144c\u00f3w Filadelfii \u017cyje poni\u017cej granicy ub\u00f3stwa.<\/p>\n<p>Gospodarka Filadelfii opiera si\u0119 na finansach, edukacji i opiece zdrowotnej, a centra zatrudnienia znajduj\u0105 si\u0119 na terenie kampusu University City, w centralnej dzielnicy biznesowej oraz rozwijaj\u0105cym si\u0119 sektorze technologii i startup\u00f3w. Jest to r\u00f3wnie\u017c centrum kultury i turystyki; w 2016 r. miasto przyci\u0105gn\u0119\u0142o szacunkowo 42 miliony krajowych go\u015bci. W ostatnich latach Filadelfia do\u015bwiadczy\u0142a skromnego odrodzenia populacji po dziesi\u0119cioleciach spadku \u2013 urbani\u015bci zauwa\u017caj\u0105, \u017ce g\u0119sto\u015b\u0107 zaludnienia i centralna rola na p\u00f3\u0142nocnym wschodzie nadaj\u0105 jej trwa\u0142e znaczenie w przemy\u015ble i kulturze.<\/p>\n<p>Filadelfia, po\u0142o\u017cona w regionie \u015brodkowoatlantyckim Stan\u00f3w Zjednoczonych, znajduje si\u0119 w po\u0142udniowo-wschodniej Pensylwanii na brzegach rzeki Delaware. Le\u017cy oko\u0142o 20 mil od zatoki Delaware i 100 mil od Oceanu Atlantyckiego, na szerokiej r\u00f3wninie przybrze\u017cnej tu\u017c na zach\u00f3d od wybrze\u017ca Atlantyku. Teren miasta jest generalnie p\u0142aski, ale wznosi si\u0119 w kierunku wzg\u00f3rz na zach\u00f3d od centrum, w tym Wissahickon Gorge i najwy\u017cszy punkt w Cobbs Creek Park (~480 st\u00f3p). Na p\u00f3\u0142nocnym zachodzie le\u017c\u0105 niskie g\u00f3ry Pocono, a na zachodzie zaczyna wznosi\u0107 si\u0119 Appalachian Piedmont.<\/p>\n<p>Klimatycznie Filadelfia le\u017cy na skraju wilgotnej strefy subtropikalnej. Lata s\u0105 zazwyczaj gor\u0105ce i wilgotne, z cz\u0119stymi burzami, podczas gdy zimy s\u0105 umiarkowanie zimne z okazjonalnymi opadami \u015bniegu. Jesie\u0144 i wiosna s\u0105 zazwyczaj \u0142agodne i mog\u0105 by\u0107 przyjemne, ale zmienne. Miasto cieszy si\u0119 oko\u0142o 2500 godzinami s\u0142onecznymi w roku. Przez miasto przep\u0142ywaj\u0105 rzeki Delaware i Schuylkill, a Fairmount Park na ich brzegach jest jednym z najwi\u0119kszych miejskich system\u00f3w parkowych w kraju. Po\u0142o\u017cenie Filadelfii \u2013 du\u017cy port rzeczny na p\u00f3\u0142nocnym wschodzie i wczesna stolica kraju \u2013 historycznie czyni\u0142o z niej skrzy\u017cowanie dr\u00f3g transportowych, a dzi\u015b pozostaje w\u0119z\u0142em na p\u00f3\u0142nocno-wschodnim korytarzu Amtrak i systemie autostrad mi\u0119dzystanowych (I-95, I-76).<\/p>\n<p>Historia Filadelfii jest fundamentem Stan\u00f3w Zjednoczonych. Za\u0142o\u017cona w 1682 roku przez Williama Penna, angielskiego kwakra, zosta\u0142a zaplanowana jako \u201ezielone miasteczko wiejskie\u201d znane z tolerancji religijnej i uporz\u0105dkowanych ulic. W czasach kolonialnych sta\u0142a si\u0119 stolic\u0105 prowincji Pensylwania. Wraz ze wzrostem napi\u0119\u0107 z Wielk\u0105 Brytani\u0105 Filadelfia sta\u0142a si\u0119 epicentrum ameryka\u0144skiej rewolucji. Miasto go\u015bci\u0142o Pierwszy i Drugi Kongres Kontynentalny oraz by\u0142o miejscem spotka\u0144 Ojc\u00f3w Za\u0142o\u017cycieli narodu. W lipcu 1776 roku w Independence Hall w Filadelfii odby\u0142a si\u0119 debata nad Deklaracj\u0105 Niepodleg\u0142o\u015bci, kt\u00f3ra zosta\u0142a przyj\u0119ta. Miasto kr\u00f3tko pe\u0142ni\u0142o funkcj\u0119 stolicy m\u0142odej republiki w latach 80. XVIII wieku, a w 1787 roku uchwalono i podpisano Konstytucj\u0119 Stan\u00f3w Zjednoczonych.<\/p>\n<p>Przez ca\u0142y XIX wiek i pocz\u0105tek XX wieku Filadelfia szybko si\u0119 rozwija\u0142a jako miasto przemys\u0142owe i portowe. Jej dziewi\u0119tnastowieczne bogactwo jest widoczne w wiktoria\u0144skich rezydencjach, pomnikach miejskich i obsadzonej drzewami alei znanej jako Benjamin Franklin Parkway (wzorowanej na Polach Elizejskich). Miasto by\u0142o pot\u0119g\u0105 w przemy\u015ble tekstylnym, drukarskim, stoczniowym, a p\u00f3\u017aniej wytw\u00f3rczym. By\u0142o r\u00f3wnie\u017c o\u015brodkiem edukacji i medycyny (mie\u015bci\u0142y si\u0119 tam wczesne ameryka\u0144skie szko\u0142y medyczne i szpitale). W po\u0142owie XX wieku populacja Filadelfii osi\u0105gn\u0119\u0142a szczyt, a nast\u0119pnie spad\u0142a wraz ze zmian\u0105 przemys\u0142u, ale jej historyczne dzielnice (Old City, Rittenhouse Square) zosta\u0142y zachowane. Dzi\u015b Filadelfia czci swoje kolonialne dziedzictwo takimi zabytkami jak Dzwon Wolno\u015bci i Independence Hall (oba wpisane na List\u0119 \u015awiatowego Dziedzictwa UNESCO) i celebruje t\u0119 spu\u015bcizn\u0119 w muzeach narodowych i na corocznych festiwalach.<\/p>\n<p>Wsp\u00f3\u0142czesna Filadelfia to mozaika dzielnic, z kt\u00f3rych ka\u017cda ma sw\u00f3j w\u0142asny charakter. Miasto ukszta\u0142towa\u0142o ponad tuzin grup etnicznych: w\u0142oscy Amerykanie w po\u0142udniowej Filadelfii, Irlandczycy w p\u00f3\u0142nocno-wschodniej Filadelfii, spo\u0142eczno\u015bci \u017cydowskie w zachodniej Filadelfii, du\u017ce dzielnice dziedzictwa afroameryka\u0144skiego na p\u00f3\u0142nocy i zachodzie oraz t\u0119tni\u0105ca \u017cyciem spo\u0142eczno\u015b\u0107 portoryka\u0144ska\/latynoska w \u201ep\u00f3\u0142nocno-wschodniej\u201d cz\u0119\u015bci miasta i po\u0142udniowo-zachodniej. (Obecnie miasto jest w przybli\u017ceniu w 41% czarnosk\u00f3re, w 34% bia\u0142e i w 15% latynoskie.) Dominuje angielski, ale powszechnie m\u00f3wi si\u0119 po hiszpa\u0144sku (ponad 10% mieszka\u0144c\u00f3w m\u00f3wi po hiszpa\u0144sku w domu).<\/p>\n<p>Atmosfera miasta jest zar\u00f3wno surowa, jak i pe\u0142na pasji. Filadelfijczycy s\u0105 znani ze swojej prostolinijno\u015bci \u2013 dumni z odporno\u015bci swojego miasta. W \u017cyciu codziennym cz\u0119sto odczuwa si\u0119 przyjazn\u0105 twardo\u015b\u0107: miejscowi g\u0142o\u015bno dopinguj\u0105 swoich Eagles (NFL), Phillies (MLB), 76ers (NBA) i Flyers (NHL) i traktuj\u0105 rywalizacj\u0119 (szczeg\u00f3lnie z s\u0105siednim Nowym Jorkiem i Waszyngtonem) z dystansem. Po ulicach miasta ludzie spaceruj\u0105 z zamiarem; zabytkowe budynki z czerwonej ceg\u0142y stoj\u0105 obok nowoczesnych wie\u017cowc\u00f3w. Kultura kulinarna jest kamieniem w\u0119gielnym codziennego \u017cycia. Mieszka\u0144cy i tury\u015bci oddaj\u0105 si\u0119 szybkim przek\u0105skom, takim jak cheesesteaki, hoagies i mi\u0119kkie precle ze stragan\u00f3w na targu. Reading Terminal Market w centrum miasta t\u0119tni eklektycznym t\u0142umem chwytaj\u0105cym amiszowskie ciasta, bliskowschodnie falafele, indyjskie curry lub \u017cydowskie bajgle \u2013 prawdziwy kulinarny must-see. Scena artystyczna jest bogata: wzd\u0142u\u017c Benjamin Franklin Parkway znajduj\u0105 si\u0119 takie wa\u017cne instytucje jak Philadelphia Museum of Art (s\u0142yn\u0105ce ze \u201eSchod\u00f3w Rocky&#039;ego\u201d), Barnes Foundation, Franklin Institute i niezliczone galerie.<\/p>\n<p>Festiwale i wydarzenia osiedlowe podkre\u015blaj\u0105 r\u00f3\u017cnorodno\u015b\u0107 miasta. Latem odbywaj\u0105 si\u0119 etniczne festiwale uliczne (Italian Market Festival, Caribbean J&#039;ouvert) i obchody 4 lipca na nabrze\u017cu rzeki Delaware. Roczna parada Mummers w Nowy Rok (z kostiumami z pi\u00f3r i orkiestrami maszeruj\u0105cymi) jest kwintesencj\u0105 Filadelfii. Pomimo swoich rozmiar\u00f3w, Filadelfia zachowuje silny lokalny klimat: bary na rogu, dumne zak\u0142ady fryzjerskie i murale (miasto ma ich dos\u0142ownie tysi\u0105ce). Dzi\u0119ki ciep\u0142ym latom i \u0142agodnym wiosnom\/jesieniom, wiele \u017cycia towarzyskiego toczy si\u0119 na zewn\u0105trz \u2013 na schodach ganku, w pubach na rogu i na s\u0142onecznych trawnikach parkowych. Jednak istnieje r\u00f3wnie\u017c przyziemna etyka pracy, bior\u0105c pod uwag\u0119 bogate korzenie przemys\u0142owe miasta. Kr\u00f3tko m\u00f3wi\u0105c, \u201eklimat\u201d Filadelfii jest miejski i historyczny, \u0142\u0105cz\u0105c staro\u015bwiecki urok z autentyczno\u015bci\u0105 robotnicz\u0105.<\/p>\n<p>Filadelfia jest bogata w atrakcje, kt\u00f3re obejmuj\u0105 jej histori\u0119 i kultur\u0119. Centralnym punktem jest Independence National Historical Park w Old City. Tutaj stoi Independence Hall i Liberty Bell, gdzie zebrali si\u0119 za\u0142o\u017cyciele narodu. Zwiedzaj\u0105cy mog\u0105 zwiedzi\u0107 sal\u0119 zgromadze\u0144, w kt\u00f3rej podpisano Deklaracj\u0119 i Konstytucj\u0119. W pobli\u017cu znajduj\u0105 si\u0119 miejsca z czas\u00f3w kolonialnych, takie jak Congress Hall i dom Betsy Ross, kt\u00f3re zachowuj\u0105 histori\u0119 rewolucji. Zaledwie kilka przecznic dalej, mn\u00f3stwo jest nowoczesnych atrakcji.<\/p>\n<p>Na Benjamin Franklin Parkway \u2013 cz\u0119sto nazywanym \u201ePhilly&#039;s Museum Mile\u201d \u2013 skupiaj\u0105 si\u0119 g\u0142\u00f3wne instytucje kulturalne. Znajduj\u0105 si\u0119 tu Philadelphia Museum of Art (brama do miejskich murali i siedziba s\u0142ynnej statuy Rocky&#039;ego) oraz Barnes Foundation (s\u0142ynna kolekcja dzie\u0142 sztuki). Muzea nauki i historii (Franklin Institute, National Constitution Center, nowe Museum of the American Revolution) oferuj\u0105 atrakcje edukacyjne. R\u00f3wnie\u017c w tej okolicy odrestaurowane Eastern State Penitentiary (gotyckie ruiny wi\u0119zienia) oferuje przejmuj\u0105cy obraz uwi\u0119zienia w XIX wieku. Dla mi\u0142o\u015bnik\u00f3w jedzenia Reading Terminal Market (kryty bazar \u017cywno\u015bci mieszcz\u0105cy si\u0119 w XIX-wiecznej zajezdni kolejowej) jest obowi\u0105zkowym punktem zwiedzania \u2013 jest on zaliczany do najlepszych ameryka\u0144skich targ\u00f3w \u017cywno\u015bci.<\/p>\n<p>Nadbrze\u017ca Filadelfii odrodzi\u0142y si\u0119 jako t\u0119tni\u0105ce \u017cyciem przestrzenie publiczne. Spruce Street Harbor Park nad rzek\u0105 Delaware oferuje hamaki, stoiska z jedzeniem i letnie wydarzenia. Nad rzek\u0105 Schuylkill, promenada Schuylkill Banks i przystanie kajakowe zach\u0119caj\u0105 do fitnessu i wypoczynku. Historyczny Fairmount Park (jeden z najwi\u0119kszych park\u00f3w miejskich w kraju) rozci\u0105ga si\u0119 na wiele kilometr\u00f3w szlak\u00f3w, zabytkowych rezydencji (takich jak Betsy Ross House i Fairmount Water Works) oraz s\u0142ynnego Philadelphia Zoo.<\/p>\n<p>Codzienne przyjemno\u015bci s\u0105 r\u00f3wnie\u017c atrakcjami: stoisko z grillowanym cheesesteakiem lub witryna piekarni, kolorowe murale namalowane na \u015bcianach s\u0105siedztwa (Filadelfia jest znana jako \u201eMural Capital\u201d \u015bwiata) lub Fourth Street Italian Market (najstarszy w Ameryce targ na \u015bwie\u017cym powietrzu). Fani sportu mog\u0105 zaplanowa\u0107 wizyt\u0119 tak, aby pokrywa\u0142a si\u0119 z meczem Eagles, Phillies lub Sixers, aby poczu\u0107 lokalnego ducha. Zim\u0105 Blue Cross RiverRink to sezonowe lodowisko nad rzek\u0105 z fajerwerkami nad mostem Benjamina Franklina.<\/p>\n<p>Filadelfia jest bardzo \u0142atwo dost\u0119pna. Jej g\u0142\u00f3wnym lotniskiem jest Philadelphia International (PHL), du\u017cy w\u0119ze\u0142 komunikacyjny z lotami krajowymi i mi\u0119dzynarodowymi. Poci\u0105giem, 30th Street Station jest g\u0142\u00f3wnym w\u0119z\u0142em komunikacyjnym Amtrak w mie\u015bcie, trzecim najbardziej ruchliwym w kraju, z cz\u0119stymi po\u0142\u0105czeniami do Nowego Jorku, Waszyngtonu i dalej. Autostrady mi\u0119dzystanowe I-95 (p\u00f3\u0142nocny wsch\u00f3d-po\u0142udniowy zach\u00f3d) i I-76 (zach\u00f3d do Pittsburgha) przebiegaj\u0105 w pobli\u017cu miasta, ale b\u0105d\u017a przygotowany na miejskie korki i p\u0142atne mosty, je\u015bli jedziesz samochodem. W przypadku podr\u00f3\u017cy regionalnych, New Jersey&#039;s PATCO Speedline (metro) i poci\u0105gi NJ Transit \u0142\u0105cz\u0105 Filadelfi\u0119 z Atlantic City i lokalnymi przedmie\u015bciami NJ.<\/p>\n<p>Centrum Filadelfii (Center City) jest zwarte i mo\u017cna po nim chodzi\u0107 pieszo, z siatk\u0105 ponumerowanych ulic i charakterystycznymi dzielnicami s\u0105siedzkimi. Transport publiczny jest rozleg\u0142y: SEPTA obs\u0142uguje metro (linie Market-Frankford i Broad Street), linie tramwajowe, poci\u0105gi regionalne i autobusy. Wielu doje\u017cd\u017caj\u0105cych do pracy polega na SEPTA \u2013 prawie 24% mieszka\u0144c\u00f3w Filadelfii korzysta z transportu publicznego do pracy. Taks\u00f3wki i przejazdy wsp\u00f3\u0142dzielone s\u0105 powszechne w centrum, a dwie linie tramwajowe biegn\u0105 w pobli\u017cu University City. Z Center City wsz\u0119dzie mo\u017cna \u0142atwo dotrze\u0107 pieszo lub kr\u00f3tkim przejazdem komunikacj\u0105 miejsk\u0105.<\/p>\n<p>Walut\u0105 s\u0105 dolary ameryka\u0144skie, a napiwki s\u0105 oczekiwane (15\u201320% w restauracjach z obs\u0142ug\u0105, 1\u20132 USD za torb\u0119 dla baga\u017cowych itp.). G\u0142\u00f3wnymi j\u0119zykami s\u0105 angielski i hiszpa\u0144ski (w wielu sklepach i restauracjach mo\u017cna zobaczy\u0107 hiszpa\u0144skie napisy). W rozmowie mieszka\u0144cy Filadelfii doceniaj\u0105 bezpo\u015bredni\u0105 \u017cyczliwo\u015b\u0107 \u2013 szybkie \u201ecze\u015b\u0107\u201d lub \u201ejak si\u0119 masz?\u201d do nieznajomych to typowa lokalna uprzejmo\u015b\u0107. Pod wzgl\u0119dem bezpiecze\u0144stwa, turystyczne obszary Filadelfii (Stare Miasto, Centrum Miasta, Miasto Uniwersyteckie) s\u0105 na og\u00f3\u0142 bezpieczne w ci\u0105gu dnia, ale zachowaj zwyk\u0142\u0105 ostro\u017cno\u015b\u0107 w nocy w mniej zat\u0142oczonych strefach. Uwa\u017caj na swoje rzeczy na zat\u0142oczonych stacjach SEPTA. Pogoda mo\u017ce mie\u0107 znaczenie: \u015bnieg zim\u0105 mo\u017ce na kr\u00f3tko sparali\u017cowa\u0107 komunikacj\u0119 zbiorow\u0105 (zapewnij wi\u0119cej czasu), podczas gdy letnie powodzie burzowe mog\u0105 zak\u0142\u00f3ci\u0107 ruch uliczny. Ubierz si\u0119 wygodnie na spacery po miejskich chodnikach (szczeg\u00f3lnie w dzielnicach historycznych z nier\u00f3wn\u0105 ceg\u0142\u0105 lub kocimi \u0142bami). Lato mo\u017ce by\u0107 gor\u0105ce i wilgotne, wi\u0119c rozs\u0105dne jest lekkie ubranie i parasol lub p\u0142aszcz przeciwdeszczowy. Kr\u00f3tko m\u00f3wi\u0105c, Filadelfia to miasto, kt\u00f3re mo\u017cna \u0142atwo polubi\u0107 jako turysta: zaplanuj po\u0142\u0105czenie wycieczek historycznych z przewodnikiem ze spontanicznym zwiedzaniem okolicy.<a href=\"https:\/\/travelshelper.com\/pl\/miejsca-docelowe\/ameryka-polnocna\/stany-zjednoczone-ameryki\/berkeley-springs\/\" target=\"_self\" aria-labelledby=\"uael-post-8997\"><br \/>\n<\/a><\/p>","protected":false},"excerpt":{"rendered":"<p>Z populacj\u0105 1 603 796 os\u00f3b Filadelfia \u2014 znana r\u00f3wnie\u017c jako \u201ePhilly\u201d \u2014 jest sz\u00f3stym pod wzgl\u0119dem liczby ludno\u015bci miastem w Stanach Zjednoczonych i najludniejszym miastem w Pensylwanii wed\u0142ug spisu z 2020 roku. To energiczne miasto jest miejskim rdzeniem Doliny Delaware, czasami nazywanym regionem metropolitalnym Filadelfii. \u00d3sma pod wzgl\u0119dem wielko\u015bci w\u015br\u00f3d ameryka\u0144skich obszar\u00f3w metropolitalnych z 6,245 milionami mieszka\u0144c\u00f3w na obszarze statystycznym metropolii i 7,366 milionami na \u0142\u0105cznym obszarze statystycznym, Filadelfia jest t\u0119tni\u0105cym \u017cyciem centrum historii, kultury i aktywno\u015bci.<\/p>","protected":false},"author":1,"featured_media":3027,"parent":8072,"menu_order":0,"comment_status":"closed","ping_status":"closed","template":"elementor_theme","meta":{"_eb_attr":"","footnotes":""},"class_list":["post-8312","page","type-page","status-publish","has-post-thumbnail"],"_links":{"self":[{"href":"https:\/\/travelshelper.com\/pl\/wp-json\/wp\/v2\/pages\/8312","targetHints":{"allow":["GET"]}}],"collection":[{"href":"https:\/\/travelshelper.com\/pl\/wp-json\/wp\/v2\/pages"}],"about":[{"href":"https:\/\/travelshelper.com\/pl\/wp-json\/wp\/v2\/types\/page"}],"author":[{"embeddable":true,"href":"https:\/\/travelshelper.com\/pl\/wp-json\/wp\/v2\/users\/1"}],"replies":[{"embeddable":true,"href":"https:\/\/travelshelper.com\/pl\/wp-json\/wp\/v2\/comments?post=8312"}],"version-history":[{"count":0,"href":"https:\/\/travelshelper.com\/pl\/wp-json\/wp\/v2\/pages\/8312\/revisions"}],"up":[{"embeddable":true,"href":"https:\/\/travelshelper.com\/pl\/wp-json\/wp\/v2\/pages\/8072"}],"wp:featuredmedia":[{"embeddable":true,"href":"https:\/\/travelshelper.com\/pl\/wp-json\/wp\/v2\/media\/3027"}],"wp:attachment":[{"href":"https:\/\/travelshelper.com\/pl\/wp-json\/wp\/v2\/media?parent=8312"}],"curies":[{"name":"wp","href":"https:\/\/api.w.org\/{rel}","templated":true}]}}