{"id":8297,"date":"2024-09-03T14:24:43","date_gmt":"2024-09-03T14:24:43","guid":{"rendered":"https:\/\/travelshelper.com\/staging\/?page_id=8297"},"modified":"2026-03-13T18:02:23","modified_gmt":"2026-03-13T18:02:23","slug":"nowy-orlean","status":"publish","type":"page","link":"https:\/\/travelshelper.com\/pl\/destinations\/north-america\/united-states\/new-orleans\/","title":{"rendered":"Nowy Orlean"},"content":{"rendered":"<p>Po\u0142o\u017cony wzd\u0142u\u017c dolnego biegu rzeki Missisipi w po\u0142udniowo-wschodniej Luizjanie, Nowy Orlean jest dzi\u015b miastem licz\u0105cym oko\u0142o 380 000 mieszka\u0144c\u00f3w (spis z 2020 r.), co czyni go najwi\u0119kszym miastem w Luizjanie i kulturaln\u0105 stolic\u0105 ameryka\u0144skiego Po\u0142udnia. Szacuje si\u0119, \u017ce w 2025 r. populacja miasta wynosi\u0142a oko\u0142o 351 000 os\u00f3b, po dziesi\u0119cioleciach waha\u0144 spowodowanych migracj\u0105 i kl\u0119skami \u017cywio\u0142owymi. Dane demograficzne Nowego Orleanu s\u0105 charakterystyczne \u2013 wi\u0119kszo\u015b\u0107 spo\u0142eczno\u015bci afroameryka\u0144skiej (oko\u0142o 55% czarnych wed\u0142ug ostatnich szacunk\u00f3w) ze znaczn\u0105 liczb\u0105 bia\u0142ych (oko\u0142o 32%), Latynos\u00f3w\/Latynos\u00f3w i innych mniejszo\u015bci. Jego gospodarka jest bogato zr\u00f3\u017cnicowana: historycznie zbudowany na przemy\u015ble portowym, naftowym i petrochemicznym, dzi\u015b Nowy Orlean rozwija si\u0119 r\u00f3wnie\u017c dzi\u0119ki szkolnictwu wy\u017cszemu, opiece zdrowotnej, a zw\u0142aszcza turystyce i sektorom kreatywnym. W rzeczywisto\u015bci sama turystyka wygenerowa\u0142a oko\u0142o 5,5 miliarda dolar\u00f3w wp\u0142ywu na gospodark\u0119 w 2017 r., co stanowi oko\u0142o 40% dochod\u00f3w miasta z podatku od sprzeda\u017cy.<\/p>\n<p>Nowy Orlean cieszy si\u0119 \u0142agodnym klimatem subtropikalnym: bujnymi zimami i d\u0142ugimi, gor\u0105cymi latami. Le\u017cy na poziomie morza wzd\u0142u\u017c wybrze\u017ca Zatoki Meksyka\u0144skiej \u2014 po\u0142owa miasta le\u017cy na poziomie morza lub poni\u017cej i opiera si\u0119 na wa\u0142ach przeciwpowodziowych i pompach do kontroli powodzi. Roczne opady deszczu s\u0105 obfite (oko\u0142o 50 cali rocznie), a wilgotne lata cz\u0119sto podnosz\u0105 temperatur\u0119 do ponad 90\u00b0F (32\u00b0C), a zimy zwykle utrzymuj\u0105 si\u0119 znacznie powy\u017cej zera (\u015brednia dzienna w styczniu wynosi oko\u0142o 0,7\u00b0C). Subtropikalne \u015brodowisko miasta zyska\u0142o mu przydomek \u201eMiasto, o kt\u00f3rym zapomnia\u0142a troska\u201d, nawi\u0105zuj\u0105c do jego ciep\u0142ego klimatu i spokojnego tempa. Bagienne bagna, parki obsadzone d\u0119bami i d\u0119by \u017cywe ociekaj\u0105ce hiszpa\u0144skim mchem s\u0105 wszechobecne w nowoczesnym krajobrazie, nawet gdy w centrum miasta wznosz\u0105 si\u0119 wie\u017cowce.<\/p>\n<p>Nowy Orlean jest kulturalnym, ekonomicznym i akademickim centrum Luizjany. Wed\u0142ug spisu powszechnego USA z 2020 r. populacja miasta wynosi\u0142a 383 997 os\u00f3b (a szerszy obszar metropolitalny Nowy Orlean\u2013Metairie oko\u0142o 1 miliona). Przewiduje si\u0119, \u017ce w 2025 r. liczba ta nieznacznie spadnie do ~351 000. Wi\u0119kszo\u015b\u0107 rasowa miasta to Afroamerykanie (oko\u0142o 55%), przy czym biali stanowi\u0105 oko\u0142o 32%, Latynosi\/Hiszpanie ~5%, Azjaci 2%, a reszta to rdzenni Amerykanie lub osoby wielorasowe. Ekonomicznie Nowy Orlean generuje oko\u0142o 51 miliard\u00f3w dolar\u00f3w rocznego produktu metropolitalnego brutto (dane z 2023 r.), co plasuje go w czo\u0142\u00f3wce 25 gospodarek miejskich w kraju. Wall Street mo\u017ce dominowa\u0107 w Nowym Jorku, ale Nowy Orlean dominuje w \u017cegludze na wybrze\u017cu Zatoki Meksyka\u0144skiej: obs\u0142uguje jeden z najwi\u0119kszych port\u00f3w morskich na \u015bwiecie i jest wiod\u0105cym o\u015brodkiem rafinacji ropy naftowej i produkcji petrochemicznej. Miasto jest r\u00f3wnie\u017c o\u015brodkiem edukacyjnym i opieki zdrowotnej (mie\u015bci si\u0119 tu wiele instytucji, takich jak Tulane University i Ochsner Health) oraz rozwijaj\u0105cym si\u0119 centrum technologicznym. Co najwa\u017cniejsze, bran\u017ce hotelarska i kreatywne s\u0105 g\u0142\u00f3wnymi pracodawcami; sama turystyka i konferencje przynosz\u0105 miliony rocznie. Kr\u00f3tko m\u00f3wi\u0105c, Nowy Orlean jest \u015bredniej wielko\u015bci miastem po\u0142udniowym z ogromnymi wp\u0142ywami ekonomicznymi dzi\u0119ki sektorom portowym, energetycznym i kulturalnym.<\/p>\n<p>Crescent City le\u017cy w Ameryce P\u00f3\u0142nocnej, w sercu G\u0142\u0119bokiego Po\u0142udnia. Geograficznie jest po\u0142o\u017cone na wschodnim brzegu rzeki Missisipi, oko\u0142o 90 mil w g\u00f3r\u0119 rzeki od Zatoki Meksyka\u0144skiej. Okolice to p\u0142askie r\u00f3wniny przybrze\u017cne: bagna i delta rzeki na po\u0142udniu oraz mokrad\u0142a na wschodzie. Ten nisko po\u0142o\u017cony teren oznacza, \u017ce \u200b\u200bNowy Orlean le\u017cy g\u0142\u00f3wnie na poziomie morza lub poni\u017cej, co wymusza rozbudowany system wa\u0142\u00f3w przeciwpowodziowych. W przeciwie\u0144stwie do Denver na r\u00f3wninie lub Denver w g\u00f3rach, Nowy Orlean jest miastem nad rzek\u0105, ukszta\u0142towanym przez wod\u0119 w ka\u017cdym kierunku: wielka rzeka na zachodzie, jezioro Pontchartrain na p\u00f3\u0142nocy, Zatoka na po\u0142udniu. Jeden z dowcip\u00f3w m\u00f3wi, \u017ce \u201esiedzi na ziemi, zawieszony na wodzie\u201d. Letni upa\u0142 jest \u0142agodzony przez bryzy znad Zatoki i liczne kana\u0142y; zimy s\u0105 \u0142agodne.<\/p>\n<p>Pocz\u0105tki Nowego Orleanu si\u0119gaj\u0105 pocz\u0105tku XVIII wieku. Francuscy koloni\u015bci pod wodz\u0105 Jeana-Baptiste&#039;a Le Moyne&#039;a de Bienville&#039;a za\u0142o\u017cyli miasto w 1718 roku na p\u00f3\u0142ksi\u0119\u017cycowym zakolu Missisipi. Jego wznios\u0142a francuska architektura i nazwy miejscowo\u015bci odzwierciedlaj\u0105 kolonialn\u0105 przesz\u0142o\u015b\u0107. W 1763 roku, po wojnie siedmioletniej, Francja odda\u0142a Luizjan\u0119 (i Nowy Orlean) Hiszpanii, zanim Napoleon zwr\u00f3ci\u0142 je Francuzom w 1800 roku. Zaledwie trzy lata p\u00f3\u017aniej, w 1803 roku, Stany Zjednoczone naby\u0142y Nowy Orlean w ramach zakupu Luizjany, otwieraj\u0105c Missisipi na handel ameryka\u0144ski. Nowy Orlean prosperowa\u0142 w epoce przedwojennej: w 1840 roku by\u0142 trzecim co do wielko\u015bci miastem w USA i najwi\u0119kszym na ca\u0142ym Po\u0142udniu. Jego port dor\u00f3wnywa\u0142 wielko\u015bci\u0105 portom Bostonu i Filadelfii, a bawe\u0142na i cukier sprawi\u0142y, \u017ce by\u0142o to bogate, cho\u0107 bardzo podzielone, miasto. Punktem zwrotnym by\u0142a wojna z 1812 roku. W styczniu 1815 roku genera\u0142 Andrew Jackson poprowadzi\u0142 s\u0142ynn\u0105 armi\u0119 ameryka\u0144sk\u0105 do pokonania Brytyjczyk\u00f3w w bitwie pod Nowym Orleanem, co ugruntowa\u0142o pozycj\u0119 miasta w ameryka\u0144skiej legendzie.<\/p>\n<p>Po wojnie secesyjnej Nowy Orlean przetrwa\u0142 okres rekonstrukcji i segregacji rasowej, pozostaj\u0105c t\u0119tni\u0105cym \u017cyciem centrum handlowym a\u017c do XX wieku. Muzyka jazzowa narodzi\u0142a si\u0119 tutaj na pocz\u0105tku XX wieku, a w latach dwudziestych XX wieku \u017cycie nocne w dzielnicy French Quarter sta\u0142o si\u0119 legendarne. Pod koniec XX wieku miasto przetrwa\u0142o rozkwit i upadek. W 2005 roku huragan Katrina zada\u0142 druzgoc\u0105cy cios. Wi\u0119kszo\u015b\u0107 miasta zosta\u0142a zalana z powodu przerwania wa\u0142\u00f3w przeciwpowodziowych, zgin\u0119\u0142o ponad 1800 mieszka\u0144c\u00f3w, a populacja spad\u0142a o oko\u0142o po\u0142ow\u0119. Odbudowa by\u0142a w niekt\u00f3rych cz\u0119\u015bciach dramatyczna: centrum i niekt\u00f3re dzielnice zosta\u0142y odbudowane, podczas gdy inne nadal nosz\u0105 blizny. Dzisiejszy Nowy Orlean nosi pi\u0119tno wszystkich tych epok. Historyczne tablice zdobi\u0105 Jackson Square (pochodz\u0105ce z ery Bienville), ale witryny sklepowe reklamuj\u0105 r\u00f3wnie\u017c konsultant\u00f3w ds. energii i startupy technologiczne. Katastrofa huraganu Katrina pozostaje kamieniem milowym, ale tak samo jest z odrodzeniem miasta, r\u00f3wnowa\u017c\u0105cym szacunek dla przesz\u0142o\u015bci z nowoczesnym wzrostem.<\/p>\n<p>Nowy Orlean ma wyj\u0105tkowy smak kulturowy \u2013 kompozycj\u0119 wp\u0142yw\u00f3w francuskich, hiszpa\u0144skich, afryka\u0144skich, karaibskich i po\u0142udniowych. Jego lokalny charakter jest widoczny od momentu wyj\u015bcia z samolotu lub statku wycieczkowego: znaki drogowe w j\u0119zyku francuskim (np. \u201eRue\u201d oznaczaj\u0105ce ulic\u0119), wyluzowana postawa i wszechobecna muzyka na chodnikach. Dziedzictwo francuskie i kreolskie przetrwa\u0142o nie tylko w architekturze, ale tak\u017ce w \u017cywych tradycjach. Francuzi i dialekty kreolskie z Luizjany s\u0105 dzi\u015b rzadko\u015bci\u0105, ale kilku starszych nadal rozmawia tymi j\u0119zykami. Bardziej powszechna codzienna luizja\u0144ska angielszczyzna jest doprawiona frazami caju\u0144skimi i kreolskimi (\u201elagniappe\u201d, \u201elagniappe\u201d oznacza \u201eco\u015b ekstra\u201d itp.). Miasto obchodzi\u0142o swoje dwusetne urodziny w 2018 r. z francusko-jidyszow\u0105 weso\u0142o\u015bci\u0105, uznaj\u0105c swoje francuskoj\u0119zyczne korzenie.<\/p>\n<p>W Nowym Orleanie kr\u00f3luje tradycja. Jak poetycko zauwa\u017ca jeden przewodnik, \u201eNowy Orlean to miasto zwyczaj\u00f3w, kt\u00f3re przekszta\u0142ci\u0142y si\u0119 w czcigodne tradycje\u201d. Niedzielne czerwone fasolki, pogrzeby jazzowe i karnawa\u0142owe maskarady zacz\u0119\u0142y si\u0119 jako codzienne zwyczaje i sta\u0142y si\u0119 symbolami miasta. Roczny sezon parad Mardi Gras (karnawa\u0142) jest najbardziej wyrazistym wyrazem tego dziedzictwa: tygodnie bal\u00f3w maskowych i ca\u0142onocnych parad, podczas kt\u00f3rych przebrani \u201ekrewes\u201d rzucaj\u0105 koraliki na ulicach. Ale nawet poza Mardi Gras duch \u015bwi\u0119towania jest sta\u0142y. \u017bywy jazz wylewa si\u0119 z klub\u00f3w na Frenchmen Street ka\u017cdej nocy, a festiwale wype\u0142niaj\u0105 kalendarz przez ca\u0142y rok \u2013 od Jazz &amp; Heritage Festival ka\u017cdej wiosny po Congo Square Rhythms latem, French Quarter Festival i niezliczone parady etniczne.<\/p>\n<p>W por\u00f3wnaniu do innych du\u017cych miast, tempo \u017cycia w Nowym Orleanie wydaje si\u0119 powolne. Miejscowi szczyc\u0105 si\u0119 go\u015bcinno\u015bci\u0105 i ciep\u0142em Po\u0142udnia. Nieznajomi cz\u0119sto witaj\u0105 si\u0119 z u\u015bmiechem lub przyjaznym \u201eJak si\u0119 masz?\u201d \u2013 nawet w delikatesach lub w sklepie z artyku\u0142ami do naprawy. Jak zauwa\u017cy\u0142 jeden z odwiedzaj\u0105cych, \u201eMieszka\u0144cy emanuj\u0105 ciep\u0142em i \u017cyczliwo\u015bci\u0105\u201d, cecha przypisywana chrze\u015bcija\u0144skiej dobroczynno\u015bci i staro\u015bwieckiemu urokowi miasta. Kawiarnie na Jackson Square wylewaj\u0105 si\u0119 na zewn\u0105trz, a ludzie swobodnie zatrzymuj\u0105 si\u0119 przy cafe au lait i beignets. Uliczni muzycy graj\u0105cy w s\u0142o\u0144cu s\u0105 tak powszechni, jak pickupy na drodze. Jednak pod t\u0105 towarzysko\u015bci\u0105 kryje si\u0119 ostry dowcip: mieszka\u0144cy Nowego Orleanu \u017cartuj\u0105, \u017ce miasto jest tak wyluzowane, \u017ce \u201enawet zegary si\u0119 sp\u00f3\u017aniaj\u0105\u201d.<\/p>\n<p>Pomimo tych urok\u00f3w, \u017cycie tutaj ma swoj\u0105 trudn\u0105 stron\u0119. Miasto d\u0142ugo zmaga\u0142o si\u0119 z nier\u00f3wno\u015bciami ekonomicznymi i przest\u0119pczo\u015bci\u0105. Przez dziesi\u0119ciolecia Nowy Orlean cierpia\u0142 z powodu jednego z najwy\u017cszych wska\u017anik\u00f3w zab\u00f3jstw w Ameryce. Ta rzeczywisto\u015b\u0107 \u0142agodzi ten sk\u0105din\u0105d kapry\u015bny wizerunek. W ci\u0105gu ostatnich pi\u0119ciu lat miasto poczyni\u0142o pewne post\u0119py w zakresie bezpiecze\u0144stwa publicznego; w po\u0142owie 2024 r. odnotowana przest\u0119pczo\u015b\u0107 spad\u0142a o oko\u0142o 26% w por\u00f3wnaniu z rokiem poprzednim. Odwiedzaj\u0105cym nadal zaleca si\u0119 zachowanie czujno\u015bci, zw\u0142aszcza po zmroku. Jednak cz\u0119\u015bciej nowicjusz zapami\u0119ta mi\u0142ych kierowc\u00f3w tramwaj\u00f3w, s\u0142odki zapach drzew magnolii i swobodny \u015bmiech ludzi w Caf\u00e9 du Monde. W ostatecznym rozrachunku \u201eatmosfera Dzielnicy Francuskiej\u201d \u2013 przyjazny francuskoj\u0119zyczny szyld Dzielnicy Francuskiej na rogach ulic, czerwone parasole, balkony z kutego \u017celaza \u2013 to to, co pozostawia trwa\u0142e wra\u017cenie.<\/p>\n<p>Dla ka\u017cdego podr\u00f3\u017cnika Nowy Orlean oferuje uczt\u0119 obowi\u0105zkowych do zobaczenia miejsc. Najwa\u017cniejszym z nich jest French Quarter, zabytkowe stare miasto za\u0142o\u017cone w 1718 roku. Jego sercem jest Jackson Square \u2013 publiczny plac, na kt\u00f3rym dominuje bia\u0142a kamienna katedra \u015bw. Ludwika (najstarsza nieprzerwanie czynna katedra katolicka w USA). Wok\u00f3\u0142 Square i pobliskiej Bourbon Street znajduj\u0105 si\u0119 pastelowe kamienice z ozdobnymi \u017celaznymi balkonami ozdobionymi kwiatami. Tutaj mo\u017cna wej\u015b\u0107 do legendarnych miejsc: ko\u0142ysz\u0105cych si\u0119 muzyk\u00f3w na ganku, sprzedawc\u00f3w rze\u017ab, sztuki ulicznej i \u015bwiatowej s\u0142awy Caf\u00e9 du Monde serwuj\u0105cego pralinowe beignets i kaw\u0119 z cykorii. W Quarter mie\u015bci si\u0119 r\u00f3wnie\u017c Preservation Hall, gdzie odbywaj\u0105 si\u0119 wieczorne koncerty jazzu akustycznego, oraz butiki Royal Street, w kt\u00f3rych mo\u017cna kupi\u0107 antyki i dzie\u0142a sztuki.<\/p>\n<p>Poza Quarter atrakcji jest pod dostatkiem. Narodowe Muzeum II Wojny \u015awiatowej w Warehouse District wielokrotnie plasowa\u0142o si\u0119 w czo\u0142\u00f3wce muze\u00f3w w Ameryce \u2013 wci\u0105gaj\u0105ce wystawy na temat l\u0105dowania w D-Day, Midway i innych atrakcji przyci\u0105gaj\u0105 mi\u0142o\u015bnik\u00f3w historii wojskowo\u015bci. Mi\u0142o\u015bnicy sztuki b\u0119d\u0105 zachwyceni New Orleans Museum of Art (NOMA) i s\u0105siaduj\u0105cym Sydney and Walda Besthoff Sculpture Garden w City Park. Mieszka\u0144cy Crescent City podziwiaj\u0105 Audubon Park and Zoo w centrum miasta, a nawet lokalnie ceniony City Park ze starymi d\u0119bami i ogrodami botanicznymi. Dla mi\u0142o\u015bnik\u00f3w panoramicznych widok\u00f3w, nadrzeczny Steamboat Natchez oferuje codzienne rejsy ko\u0142em \u0142opatkowym wzd\u0142u\u017c linii horyzontu. Nie mo\u017cna przegapi\u0107 naziemnych cmentarzy (takich jak St. Louis No.1) \u2013 niesamowitych \u201eMiast Umar\u0142ych\u201d, gdzie bogato zdobione mauzolea mieszcz\u0105 pokolenia mieszka\u0144c\u00f3w Nowego Orleanu.<\/p>\n<p>Do klasycznych atrakcji nale\u017cy r\u00f3wnie\u017c Garden District, kilka mil w g\u00f3r\u0119 miasta, gdzie okaza\u0142e rezydencje z XIX wieku stoj\u0105 wzd\u0142u\u017c ulic w cieniu d\u0119b\u00f3w. Mo\u017cna przejecha\u0107 zabytkowym tramwajem St. Charles Avenue wzd\u0142u\u017c baldachimu d\u0119b\u00f3w i obok Uniwersytetu Loyola do wielkich kolumn Uniwersytetu Tulane. Muzeum Sztuki i Pomnik Konfederat\u00f3w w mie\u015bcie dope\u0142niaj\u0105 przystanki o bardziej kulturowym nastawieniu. Og\u00f3lnie rzecz bior\u0105c, istnieje przyjemne napi\u0119cie mi\u0119dzy zu\u017cytymi historycznymi dzielnicami (\u201eelegancj\u0105 i \u0142agodnym rozk\u0142adem\u201d starego Nowego Orleanu) a zrewitalizowanymi nowoczesnymi dzielnicami wype\u0142nionymi galeriami i kawiarniami. Ka\u017cdy zak\u0105tek oferuje smak wielowarstwowej historii miasta: neonowe bary Bourbon Street wibruj\u0105 obok dom\u00f3w w stylu kolonialnym francuskim; niskie wa\u0142y przeciwpowodziowe przypominaj\u0105, \u017ce pot\u0119\u017cna rzeka i zatoka nigdy nie s\u0105 daleko.<\/p>\n<p>Nowy Orlean jest dobrze skomunikowany. Mi\u0119dzynarodowy Port Lotniczy im. Louisa Armstronga w Nowym Orleanie (MSY) le\u017cy oko\u0142o 11 mil na zach\u00f3d od centrum miasta; obs\u0142uguje dziesi\u0105tki linii lotniczych i bezpo\u015brednie po\u0142\u0105czenia do miast na ca\u0142ym \u015bwiecie. Bli\u017cej, ma\u0142e lotnisko Lakefront Airport oferuje ograniczone loty podmiejskie. Tutaj r\u00f3wnie\u017c zbiegaj\u0105 si\u0119 g\u0142\u00f3wne autostrady, co czyni je skrzy\u017cowaniem Zatoki Meksyka\u0144skiej: Interstate 10 i 610 okr\u0105\u017caj\u0105 miasto, podczas gdy I-55 i I-59 biegn\u0105 na p\u00f3\u0142noc. Linia Crescent Amtrak (z Nowego Jorku do Nowego Orleanu) codziennie przyje\u017cd\u017ca do Union Passenger Terminal, wygodnie obok linii tramwajowych i centrum autobusowego. Samochodem malownicze trasy wzd\u0142u\u017c rzeki (US-61) lub Zatoki Meksyka\u0144skiej (US-90) oferuj\u0105 niezapomniane przeja\u017cd\u017cki.<\/p>\n<p>Po przybyciu do miasta odwiedzaj\u0105cy znajd\u0105 wiele opcji transportu publicznego. S\u0142ynne zielono-czerwone tramwaje przemierzaj\u0105 g\u0142\u00f3wne korytarze miasta \u2013 Riverfront, Canal Street, St. Charles (do Garden District) i linie Rampart-St. Claude. Te urocze stare tramwaje (niekt\u00f3re z lat 20. XX wieku) oferuj\u0105 \u0142atwy spos\u00f3b na zwiedzanie na powierzchni. Kompleksowy system autobusowy (RTA) obejmuje wszystkie dzielnice, a nowoczesna linia tramwajowa Streetcar Line Extension (otwarta w 2016 r.) dociera do Tulane Avenue. Taks\u00f3wki, przejazdy na \u017c\u0105danie i promy rzeczne (do Algiers Point przez Missisipi) s\u0105 powszechne. Nale\u017cy zauwa\u017cy\u0107, \u017ce sama Dzielnica Francuska jest bardzo dogodna do chodzenia i w du\u017cej mierze wolna od ruchu samochodowego. Wielu mieszka\u0144c\u00f3w i turyst\u00f3w porusza si\u0119 pieszo lub wypo\u017cyczaj\u0105c rower.<\/p>\n<p>Walut\u0105 s\u0105 dolary ameryka\u0144skie, a angielski jest powszechnie u\u017cywany (cho\u0107 wiele menu nadal wymienia dania po francusku). Napiwki s\u0105 zwyczajowe \u2013 oko\u0142o 15\u201320% w restauracjach i barach. Tempo \u017cycia i dress code w mie\u015bcie s\u0105 nieformalne; swobodny ubi\u00f3r jest w porz\u0105dku niemal wsz\u0119dzie (cho\u0107 w ekskluzywnych restauracjach mo\u017ce by\u0107 wym\u00f3g noszenia marynarki przez m\u0119\u017cczyzn). Mieszka\u0144cy Nowego Orleanu szybko witaj\u0105 si\u0119 \u201eya&#039;ll\u201d, wi\u0119c zawsze mile widziane jest przyjacielskie \u201ebonjour\u201d lub \u201emerci\u201d (dzi\u0119kuj\u0119) w trakcie rozmowy. Pod wzgl\u0119dem kulturowym ludzie poruszaj\u0105 si\u0119 tu powoli \u2013 je\u015bli si\u0119 spieszysz, zaplanuj wi\u0119cej czasu ni\u017c zwykle.<\/p>\n<p>Historycznie Nowy Orlean mia\u0142 wy\u017cszy wska\u017anik przest\u0119pczo\u015bci ni\u017c wiele miast, ale warunki r\u00f3\u017cni\u0105 si\u0119 w zale\u017cno\u015bci od dzielnicy. Najbardziej turystyczne obszary (French Quarter, CBD, Garden District) s\u0105 generalnie bezpieczne w ci\u0105gu dnia. Odwiedzaj\u0105cy powinni stosowa\u0107 normalne \u015brodki ostro\u017cno\u015bci w nocy, przebywa\u0107 w o\u015bwietlonych miejscach i dba\u0107 o bezpiecze\u0144stwo swoich rzeczy. NOPD zauwa\u017ca, \u017ce \u200b\u200bog\u00f3lna przest\u0119pczo\u015b\u0107 spada w 2024 r. Przede wszystkim rozs\u0105dne zachowanie podr\u00f3\u017cnych (nie pokazywanie warto\u015bciowych przedmiot\u00f3w, podr\u00f3\u017cowanie w grupach, je\u015bli to mo\u017cliwe po zmroku) pomo\u017ce zapewni\u0107 przyjemn\u0105 podr\u00f3\u017c. Pierwsza pomoc lub pomoc policyjna s\u0105 \u0142atwo dost\u0119pne w centrum miasta. Pomimo tych ostrze\u017ce\u0144 Nowy Orlean pozostaje przyjaznym miastem \u2013 takim, kt\u00f3re nagradza otwartych go\u015bci niezapomnian\u0105 muzyk\u0105, jedzeniem i po\u0142udniow\u0105 go\u015bcinno\u015bci\u0105.<a href=\"https:\/\/travelshelper.com\/pl\/miejsca-docelowe\/ameryka-polnocna\/stany-zjednoczone-ameryki\/berkeley-springs\/\" target=\"_self\" aria-labelledby=\"uael-post-8997\"><br \/>\n<\/a><\/p>","protected":false},"excerpt":{"rendered":"<p>Nowy Orlean, cz\u0119sto nazywany NOLA lub Big Easy, jest skonsolidowanym miastem-parafi\u0105 po\u0142o\u017conym wzd\u0142u\u017c rzeki Missisipi w po\u0142udniowo-wschodniej cz\u0119\u015bci Luizjany. Z populacj\u0105 383 997, spis ludno\u015bci USA z 2020 r. klasyfikuje to miasto jako najludniejsze w Luizjanie i na terytorium francuskiej Luizjany. Jest trzecim najludniejszym miastem na G\u0142\u0119bokim Po\u0142udniu i dwunastym najludniejszym miastem w po\u0142udniowo-wschodniej cz\u0119\u015bci Stan\u00f3w Zjednoczonych. Dla obszaru Zatoki Meksyka\u0144skiej w Stanach Zjednoczonych, Nowy Orlean pe\u0142ni funkcj\u0119 g\u0142\u00f3wnego portu i uznanego centrum handlowego i gospodarczego.<\/p>","protected":false},"author":1,"featured_media":3170,"parent":8072,"menu_order":0,"comment_status":"closed","ping_status":"closed","template":"elementor_theme","meta":{"_eb_attr":"","footnotes":""},"class_list":["post-8297","page","type-page","status-publish","has-post-thumbnail"],"_links":{"self":[{"href":"https:\/\/travelshelper.com\/pl\/wp-json\/wp\/v2\/pages\/8297","targetHints":{"allow":["GET"]}}],"collection":[{"href":"https:\/\/travelshelper.com\/pl\/wp-json\/wp\/v2\/pages"}],"about":[{"href":"https:\/\/travelshelper.com\/pl\/wp-json\/wp\/v2\/types\/page"}],"author":[{"embeddable":true,"href":"https:\/\/travelshelper.com\/pl\/wp-json\/wp\/v2\/users\/1"}],"replies":[{"embeddable":true,"href":"https:\/\/travelshelper.com\/pl\/wp-json\/wp\/v2\/comments?post=8297"}],"version-history":[{"count":0,"href":"https:\/\/travelshelper.com\/pl\/wp-json\/wp\/v2\/pages\/8297\/revisions"}],"up":[{"embeddable":true,"href":"https:\/\/travelshelper.com\/pl\/wp-json\/wp\/v2\/pages\/8072"}],"wp:featuredmedia":[{"embeddable":true,"href":"https:\/\/travelshelper.com\/pl\/wp-json\/wp\/v2\/media\/3170"}],"wp:attachment":[{"href":"https:\/\/travelshelper.com\/pl\/wp-json\/wp\/v2\/media?parent=8297"}],"curies":[{"name":"wp","href":"https:\/\/api.w.org\/{rel}","templated":true}]}}