{"id":8250,"date":"2024-09-02T18:47:07","date_gmt":"2024-09-02T18:47:07","guid":{"rendered":"https:\/\/travelshelper.com\/staging\/?page_id=8250"},"modified":"2026-03-13T18:03:21","modified_gmt":"2026-03-13T18:03:21","slug":"myrtle-beach","status":"publish","type":"page","link":"https:\/\/travelshelper.com\/pl\/destinations\/north-america\/united-states\/myrtle-beach\/","title":{"rendered":"Myrtle Beach"},"content":{"rendered":"<p>Myrtle Beach to \u015bredniej wielko\u015bci nadmorskie miasto, kt\u00f3rego gospodarka i kultura s\u0105 zdominowane przez turystyk\u0119. Populacja miasta ro\u015bnie; ostatnie szacunki wskazuj\u0105, \u017ce Myrtle Beach b\u0119dzie mia\u0142o oko\u0142o 42 000 mieszka\u0144c\u00f3w w 2025 r., co stanowi wzrost o oko\u0142o 17% od 2020 r. (Wliczaj\u0105c pobliskie przedmie\u015bcia i obszary niezrzeszone, obszar metropolitalny liczy oko\u0142o 250 000 mieszka\u0144c\u00f3w). Mediana dochodu gospodarstwa domowego wynosi oko\u0142o 53 700 USD \u2013 w pobli\u017cu krajowej mediany \u2013 a ub\u00f3stwo wynosi oko\u0142o 17%. Populacja jest w wi\u0119kszo\u015bci bia\u0142a (oko\u0142o 70%), przy czym czarni lub Afroamerykanie stanowi\u0105 oko\u0142o 14% i mniejsze odsetki innych grup. Miasto ma stosunkowo wysok\u0105 median\u0119 wieku (47 lat) ze wzgl\u0119du na wielu emeryt\u00f3w i fakt, \u017ce wiele rodzin przyje\u017cd\u017ca tu na wakacje.<\/p>\n<p>Gospodarka Myrtle Beach opiera si\u0119 na go\u015bcinno\u015bci: hotele, pola golfowe, restauracje i kompleksy rozrywkowe. Doch\u00f3d na mieszka\u0144ca jest ni\u017cszy (oko\u0142o 36 000 USD) od \u015bredniej krajowej, co odzwierciedla sezonowy rynek pracy (w szczeg\u00f3lno\u015bci latem nap\u0142ywa wielu pracownik\u00f3w tymczasowych). G\u0142\u00f3wnymi pracodawcami s\u0105 sieci hotelarskie, systemy opieki zdrowotnej i atrakcje w okolicy Grand Strand. Miasto odwiedza oko\u0142o 15 milion\u00f3w turyst\u00f3w rocznie, co czyni je jednym z najcz\u0119\u015bciej odwiedzanych miast pla\u017cowych na po\u0142udniowym wschodzie. Kr\u00f3tko m\u00f3wi\u0105c, Myrtle Beach to ma\u0142e miasto (~40 tys. mieszka\u0144c\u00f3w), kt\u00f3re prze\u017cywa sta\u0142y wzrost, z gospodark\u0105 opart\u0105 na pla\u017cy i golfie, w du\u017cej mierze bia\u0142\u0105 populacj\u0105 i \u015brednimi dochodami w przedziale 50 tys. USD.<\/p>\n<p>Myrtle Beach le\u017cy w centralnej cz\u0119\u015bci North Carolina\u2013South Carolina Grand Strand, odcinku wybrze\u017ca Atlantyku. Geograficznie, znajduje si\u0119 w p\u00f3\u0142nocno-wschodniej cz\u0119\u015bci Karoliny Po\u0142udniowej (region po\u0142udniowoatlantycki USA), zwr\u00f3cony w stron\u0119 Oceanu Atlantyckiego na wschodzie. Samo miasto le\u017cy na wyspach barierowych oddzielonych od l\u0105du \u015br\u00f3dl\u0105dowym szlakiem wodnym (od 1936 r.). Teren to p\u0142askie piaszczyste pla\u017ce i wydmy, wsparte s\u0142onymi bagnami. Lasy sosnowe i mokrad\u0142a znajduj\u0105 si\u0119 tu\u017c w g\u0142\u0119bi l\u0105du. Najbli\u017csze obszary metropolitalne to Wilmington, NC (74 mile na p\u00f3\u0142nocny wsch\u00f3d) i Charleston, SC (94 mile na po\u0142udniowy zach\u00f3d).<\/p>\n<p>Myrtle Beach ma wilgotny klimat subtropikalny podobny do innych wybrze\u017cy Karoliny. Lata s\u0105 gor\u0105ce i bardzo wilgotne; \u015brednie temperatury w lipcu i sierpniu wynosz\u0105 oko\u0142o 80\u00b0F i cz\u0119sto si\u0119gaj\u0105 90\u00b0F. W mie\u015bcie spada rocznie oko\u0142o 52 cali deszczu, a latem cz\u0119sto zdarzaj\u0105 si\u0119 burze. Zimy s\u0105 \u0142agodne: w styczniu maksima wynosz\u0105 oko\u0142o 52\u00b0F, minima oko\u0142o 32\u00b0F, a sporadyczne lekkie przymrozki (ale opady \u015bniegu s\u0105 bardzo rzadkie). Huragany i burze tropikalne mog\u0105 zagra\u017ca\u0107 od czerwca do pa\u017adziernika, chocia\u017c wyspy barierowe regionu cz\u0119sto zapewniaj\u0105 pewn\u0105 ochron\u0119; niemniej jednak odwiedzaj\u0105cy w sezonie huragan\u00f3w powinni monitorowa\u0107 prognozy. Og\u00f3lnie rzecz bior\u0105c, odwiedzaj\u0105cy znajd\u0105 d\u0142ugie, ciep\u0142e lata idealne do aktywno\u015bci na pla\u017cy, a bardzo \u0142agodne zimy idealne do gry w golfa i spacer\u00f3w poza sezonem.<\/p>\n<p>Nowoczesna historia Myrtle Beach jest \u015bci\u015ble zwi\u0105zana z rozwojem turystyki pod koniec XIX i na pocz\u0105tku XX wieku. Wcze\u015bniej obszar ten by\u0142 s\u0142abo zaludniony (osady powsta\u0142y jeszcze w czasach kolonialnych nada\u0144 ziemi, a w latach 1700\u20131800 zajmowano si\u0119 rolnictwem i le\u015bnictwem). Punkt zwrotny nast\u0105pi\u0142 oko\u0142o 1900 roku, kiedy do wybrze\u017ca dobudowano lini\u0119 kolejow\u0105 Conway &amp; Seashore. W 1901 roku otwarto oryginalny hotel Seaside Inn, a miasto zacz\u0119\u0142o si\u0119 reklamowa\u0107 jako o\u015brodek wypoczynkowy. W konkursie na nazw\u0119, bujny krzew mirtu woskowego zainspirowa\u0142 nazw\u0119 \u201eMyrtle Beach\u201d, a urz\u0105d pocztowy spo\u0142eczno\u015bci przyj\u0105\u0142 t\u0119 nazw\u0119. Myrtle Beach zosta\u0142o w\u0142\u0105czone jako miasto w 1938 roku (a p\u00f3\u017aniej jako miasto w 1957 roku).<\/p>\n<p>Pocz\u0105tkowo rozw\u00f3j przebiega\u0142 powoli. Na brzegu znajdowa\u0142o si\u0119 tylko kilka domk\u00f3w letniskowych i pawilon (zbudowany w 1901 r.). Po II wojnie \u015bwiatowej gwa\u0142towny wzrost liczby podr\u00f3\u017cy wypoczynkowych (oraz projekty autostradowe prezydenta Eisenhowera) wywo\u0142a\u0142y szybki wzrost. Kultowa promenada Myrtle Beach Boardwalk &amp; SkyWheel pojawi\u0142a si\u0119 znacznie p\u00f3\u017aniej (SkyWheel otwarto w 2011 r.), ale rozw\u00f3j miasta jako kurortu rodzinnego i mekki golfa umocni\u0142 si\u0119 w latach 70. i 80. XX wieku. Obecnie Myrtle Beach jest znane jako \u201epla\u017ca rodzinna\u201d Karoliny, z histori\u0105 sta\u0142ej ekspansji od spokojnego dworca kolejowego do du\u017cego kompleksu rozrywkowego. Za\u0142o\u017cyciele i propagatorzy z po\u0142owy wieku wyobra\u017cali sobie turystyk\u0119 przybrze\u017cn\u0105, a wizja ta zosta\u0142a zrealizowana poprzez hotele nadmorskie, mola rozrywkowe i rozleg\u0142e pola golfowe.<\/p>\n<p>Kultura Myrtle Beach jest definiowana przez rodzinn\u0105 zabaw\u0119, po\u0142udniow\u0105 przyjazno\u015b\u0107 i atmosfer\u0119 miasta wakacyjnego. Lokalny charakter jest g\u0142\u00f3wnie ameryka\u0144ski (angielski jest praktycznie powszechnie u\u017cywany, z nut\u0105 po\u0142udniowego akcentu), z niewielkimi wp\u0142ywami emeryt\u00f3w z p\u00f3\u0142nocy i imigrant\u00f3w pracuj\u0105cych w bran\u017cy hotelarskiej. Jest tu niewiele mi\u0119dzynarodowych enklaw; jest to solidna kultura wiejska-po\u0142udniowa zmieszana z go\u015bcinno\u015bci\u0105 kurortu.<\/p>\n<p>Tradycje kr\u0105\u017c\u0105 wok\u00f3\u0142 wypoczynku i rozrywki na pla\u017cy. Piasek, s\u0142o\u0144ce i czas sp\u0119dzony z rodzin\u0105 stanowi\u0105 rdze\u0144 codziennego stylu \u017cycia: lokalne poranki cz\u0119sto zaczynaj\u0105 si\u0119 od biegania lub \u0142owienia ryb z pomostu, a wieczory mog\u0105 ko\u0144czy\u0107 si\u0119 pokazem fajerwerk\u00f3w na promenadzie. Tempo \u017cycia jest spokojne i zorientowane na rodzin\u0119. Przez ca\u0142y rok miasto organizuje festiwale spo\u0142eczno\u015bciowe: na przyk\u0142ad Blue Crab Festival (pa\u017adziernik) w pobliskim Calabash \u015bwi\u0119tuje owoce morza, a Carolina Country Music Fest (czerwiec) przyci\u0105ga t\u0142umy koncertowe. Oko\u0142o Bo\u017cego Narodzenia miasto roz\u015bwietla si\u0119 na parady \u015bwi\u0105teczne i Winter Wonderland w Broadway at the Beach. Golf jest r\u00f3wnie\u017c podstaw\u0105 kultury; zar\u00f3wno miejscowi, jak i tury\u015bci odwiedzaj\u0105 pola golfowe przez ca\u0142\u0105 wiosn\u0119 i jesie\u0144.<\/p>\n<p>W codziennym \u017cyciu przyjazna atmosfera jest znakiem rozpoznawczym. Miejscowi \u0142atwo witaj\u0105 nieznajomych i cz\u0119sto pracuj\u0105 w bran\u017cy hotelarskiej \u2013 wi\u0119c obs\u0142uga jest ciep\u0142a (czasem ha\u0142a\u015bliwa). Spo\u0142eczno\u015bci z czas\u00f3w turystyki cz\u0119sto maj\u0105 tu kultur\u0119 \u201ecze\u015b\u0107\u201d i machania r\u0119k\u0105. Jednocze\u015bnie panuje tu swojski klimat: ma\u0142e knajpki serwuj\u0105 krewetki i kaszk\u0119, w stacjach radiowych gra muzyka surfingowa, a atrakcje w aquaparku odzwierciedlaj\u0105 karnawa\u0142owy klimat. Dlatego klimat Myrtle Beach mo\u017cna podsumowa\u0107 jako s\u0142oneczny, radosny i swobodny \u2013 to miejsce, w kt\u00f3rym rodziny relaksuj\u0105 si\u0119 na piasku w ci\u0105gu dnia, a noc\u0105 ogl\u0105daj\u0105 fajerwerki lub koncert na pla\u017cy.<\/p>\n<p>Najwa\u017cniejsze atrakcje Myrtle Beach s\u0105 g\u0142\u00f3wnie na \u015bwie\u017cym powietrzu i przyjazne rodzinom. Najwa\u017cniejsz\u0105 z nich jest Boardwalk &amp; Promenade w centrum Myrtle Beach, p\u00f3\u0142torakilometrowa drewniana promenada z mn\u00f3stwem sklep\u00f3w, pasa\u017cy i restauracji. Obok promenady stoi SkyWheel, 200-stopowy diabelski m\u0142yn otwieraj\u0105cy si\u0119 nad g\u0142ow\u0105, oferuj\u0105cy panoramiczne widoki na lini\u0119 brzegow\u0105. Zosta\u0142y one przebudowane w latach 2010. w ramach dzia\u0142a\u0144 miasta maj\u0105cych na celu o\u017cywienie \u015br\u00f3dmie\u015bcia.<\/p>\n<p>Poza promenad\u0105 g\u0142\u00f3wn\u0105 atrakcj\u0105 s\u0105 same pla\u017ce \u2013 60 mil ci\u0105g\u0142ej piaszczystej linii brzegowej Atlantyku. P\u0142ywanie, parasailing, jazda na nartach wodnych i rejsy pirackimi statkami to popularne jednodniowe aktywno\u015bci. Atrakcji rodzinnych jest pod dostatkiem: na przyk\u0142ad Ripley&#039;s Aquarium w Broadway at the Beach i WonderWorks (przechylone muzeum nauki) to g\u0142\u00f3wne atrakcje. Broadway at the Beach to ca\u0142y kompleks rozrywkowy ze sklepami, restauracjami, \u017cyciem nocnym i minigolfem \u2013 niczym mini-miasto zbudowane wok\u00f3\u0142 ma\u0142ego jeziora. W pobliskim Barefoot Landing (nad drog\u0105 wodn\u0105) znajduj\u0105 si\u0119 teatry, restauracje i ca\u0142oroczny medley sklep\u00f3w. Inne atrakcje to Myrtle Waves Water Park, Family Kingdom Amusement Park (klasyczne nadmorskie przeja\u017cd\u017cki i kolejki g\u00f3rskie) oraz Family Kingdom. Golf i natura to r\u00f3wnie\u017c atrakcje: pola golfowe (niekt\u00f3re zaprojektowane przez legendy, takie jak Tiger Woods) i parki stanowe, takie jak Myrtle Beach State Park, oferuj\u0105 szlaki, promenady nad s\u0142onymi bagnami i zabytkowe molo. Podsumowuj\u0105c, w Myrtle Beach obowi\u0105zkowymi miejscami do zobaczenia s\u0105 pla\u017ca i promenada, a tak\u017ce miejsca przyjazne rodzinom, takie jak SkyWheel i Ripley&#039;s Aquarium, kt\u00f3re s\u0105 kwintesencj\u0105 kultury miasta zwi\u0105zanej z nadmorskim wybrze\u017cem i zabaw\u0105.<\/p>\n<p>Najbli\u017cszym lotniskiem jest Myrtle Beach International Airport (MYR), zaledwie kilka mil na p\u00f3\u0142nocny zach\u00f3d od miasta. MYR oferuje sezonowe i ca\u0142oroczne loty z wielu miast w USA. G\u0142\u00f3wne pobliskie w\u0119z\u0142y komunikacyjne to Charleston (94 mile SW), Charlotte (170 mil NW) i Raleigh-Durham (245 mil N). Samochodem do Myrtle Beach mo\u017cna dojecha\u0107 autostrad\u0105 US Highway 17 z Wilmington (na p\u00f3\u0142noc) lub Charleston (na po\u0142udnie) oraz drog\u0105 US 501 z Interstate 95 w g\u0142\u0105b l\u0105du. Autobus Greyhound r\u00f3wnie\u017c obs\u0142uguje ten obszar.<\/p>\n<p>Samoch\u00f3d to najwygodniejszy spos\u00f3b na zwiedzanie poza bezpo\u015brednim nabrze\u017cem. Samo miasto jest \u0142atwe do zwiedzania samochodem lub bezp\u0142atnym tramwajem Coast RTA (kt\u00f3ry kr\u0105\u017cy wok\u00f3\u0142 centrum, Broadway i pla\u017cy). Wiele atrakcji jest skupionych wzd\u0142u\u017c lub w pobli\u017cu US 17 Business (\u201eKings Highway\u201d) lub Route 17 Bypass; jednak ruch mo\u017ce by\u0107 du\u017cy w letnie weekendy. Na kr\u00f3tkie odleg\u0142o\u015bci w obszarze centrum\/pla\u017cy dost\u0119pne s\u0105 taks\u00f3wki i przejazdy wsp\u00f3\u0142dzielone, ale s\u0105 one nieco ograniczone. Kompaktowe centrum i promenada s\u0105 do\u015b\u0107 dost\u0119pne pieszo, a wi\u0119kszo\u015b\u0107 hoteli znajduje si\u0119 w odleg\u0142o\u015bci kr\u00f3tkiego spaceru od pla\u017cy lub tawern.<\/p>\n<p>U\u017cywane s\u0105 dolary ameryka\u0144skie i angielskie. Zwyczajowo w restauracjach daje si\u0119 napiwki w wysoko\u015bci 15\u201318%. Ubi\u00f3r jest wyj\u0105tkowo swobodny (stroje k\u0105pielowe, szorty, koszulki, klapki). Etykieta pla\u017cowa nakazuje noszenie kostium\u00f3w k\u0105pielowych i okry\u0107 wierzchnich w pobli\u017cu basen\u00f3w lub promenady oraz zawsze ponowne nak\u0142adanie kremu przeciws\u0142onecznego. Wa\u017cne jest bezpiecze\u0144stwo podczas opalania \u2013 s\u0142o\u0144ce Karoliny mo\u017ce szybko poparzy\u0107 \u2013 i uwa\u017caj na meduzy p\u00f3\u017anym latem. Woda mo\u017ce mie\u0107 silne pr\u0105dy wsteczne; p\u0142ywaj mi\u0119dzy ratownikami. Myrtle Beach jest og\u00f3lnie bezpieczne, chocia\u017c drobne kradzie\u017ce mog\u0105 zdarza\u0107 si\u0119 na zat\u0142oczonych pla\u017cach lub promenadach. Trzymaj warto\u015bciowe rzeczy z samochodu w miejscu, w kt\u00f3rym nie b\u0119d\u0105 widoczne, i unikaj nieo\u015bwietlonych obszar\u00f3w po zmroku. Latem przybywaj\u0105 tu sezonowi tury\u015bci, wi\u0119c w szczycie sezonu miasto jest bardzo zat\u0142oczone; rezerwuj noclegi i atrakcje z du\u017cym wyprzedzeniem. Jesie\u0144 (wrzesie\u0144\u2013listopad) i wiosna s\u0105 przyjemnie ciep\u0142e i mniej zat\u0142oczone, co czyni je idealnymi na spokojniejsze wizyty. Na koniec pami\u0119tajmy, \u017ce mieszka\u0144cy Po\u0142udnia s\u0142yn\u0105 ze swojej przyjacielsko\u015bci \u2013 proste \u201etak, prosz\u0119 pani\u201d i u\u015bmiech mog\u0105 wiele zdzia\u0142a\u0107 w tej uprzejmej spo\u0142eczno\u015bci.<a href=\"https:\/\/travelshelper.com\/pl\/miejsca-docelowe\/ameryka-polnocna\/stany-zjednoczone-ameryki\/berkeley-springs\/\" target=\"_self\" aria-labelledby=\"uael-post-8997\"><br \/>\n<\/a><\/p>","protected":false},"excerpt":{"rendered":"<p>Myrtle Beach, kurort na wschodnim wybrze\u017cu Stan\u00f3w Zjednoczonych, znajduje si\u0119 w hrabstwie Horry w Karolinie Po\u0142udniowej. Myrtle Beach to t\u0119tni\u0105ca \u017cyciem i ruchliwa lokalizacja ukryta w \u015brodku 60-milowego odcinka pla\u017cy znanego jako \u201eGrand Strand\u201d. Z ca\u0142oroczn\u0105 populacj\u0105 wynosz\u0105c\u0105 35 682 wed\u0142ug spisu z 2020 r. miasto zajmuje 13. miejsce w\u015br\u00f3d wszystkich miast w Karolinie Po\u0142udniowej.<\/p>","protected":false},"author":1,"featured_media":3259,"parent":8072,"menu_order":0,"comment_status":"closed","ping_status":"closed","template":"elementor_theme","meta":{"_eb_attr":"","footnotes":""},"class_list":["post-8250","page","type-page","status-publish","has-post-thumbnail"],"_links":{"self":[{"href":"https:\/\/travelshelper.com\/pl\/wp-json\/wp\/v2\/pages\/8250","targetHints":{"allow":["GET"]}}],"collection":[{"href":"https:\/\/travelshelper.com\/pl\/wp-json\/wp\/v2\/pages"}],"about":[{"href":"https:\/\/travelshelper.com\/pl\/wp-json\/wp\/v2\/types\/page"}],"author":[{"embeddable":true,"href":"https:\/\/travelshelper.com\/pl\/wp-json\/wp\/v2\/users\/1"}],"replies":[{"embeddable":true,"href":"https:\/\/travelshelper.com\/pl\/wp-json\/wp\/v2\/comments?post=8250"}],"version-history":[{"count":0,"href":"https:\/\/travelshelper.com\/pl\/wp-json\/wp\/v2\/pages\/8250\/revisions"}],"up":[{"embeddable":true,"href":"https:\/\/travelshelper.com\/pl\/wp-json\/wp\/v2\/pages\/8072"}],"wp:featuredmedia":[{"embeddable":true,"href":"https:\/\/travelshelper.com\/pl\/wp-json\/wp\/v2\/media\/3259"}],"wp:attachment":[{"href":"https:\/\/travelshelper.com\/pl\/wp-json\/wp\/v2\/media?parent=8250"}],"curies":[{"name":"wp","href":"https:\/\/api.w.org\/{rel}","templated":true}]}}