{"id":8219,"date":"2024-09-01T20:08:53","date_gmt":"2024-09-01T20:08:53","guid":{"rendered":"https:\/\/travelshelper.com\/staging\/?page_id=8219"},"modified":"2026-03-13T17:59:34","modified_gmt":"2026-03-13T17:59:34","slug":"miami-beach","status":"publish","type":"page","link":"https:\/\/travelshelper.com\/pl\/destinations\/north-america\/united-states\/miami-beach\/","title":{"rendered":"Miami Beach"},"content":{"rendered":"<p>Miami Beach jest mniejszym miastem pod wzgl\u0119dem liczby ludno\u015bci, ale przewy\u017csza swoj\u0105 wag\u0119 w turystyce. Samo miasto mia\u0142o oko\u0142o 78 000 mieszka\u0144c\u00f3w w 2025 r., w por\u00f3wnaniu z oko\u0142o 82 000 w 2020 r. (Jest to w zasadzie cz\u0119\u015b\u0107 wi\u0119kszego obszaru metropolitalnego Miami, kt\u00f3ry liczy ponad 6 milion\u00f3w ludzi). Mediana wieku mieszka\u0144c\u00f3w Miami Beach jest starsza \u2013 oko\u0142o 47 lat \u2013 co odzwierciedla jego popularno\u015b\u0107 w\u015br\u00f3d emeryt\u00f3w i zimowych go\u015bci, chocia\u017c sezonowa populacja wzrasta w miesi\u0105cach zimowych ze wzgl\u0119du na ptaki \u015bnie\u017cne. Ekonomicznie Miami Beach rozwija si\u0119 dzi\u0119ki nieruchomo\u015bciom i go\u015bcinno\u015bci: mediana dochod\u00f3w gospodarstwa domowego jest stosunkowo wysoka (oko\u0142o 67 000 USD) ze wzgl\u0119du na zamo\u017cne dzielnice i gospodark\u0119 nap\u0119dzan\u0105 przez kurorty. Stopy bezrobocia maj\u0105 tendencj\u0119 do bycia niskimi, podczas gdy ub\u00f3stwo jest niskie wed\u0142ug standard\u00f3w krajowych (~14%). Rasowo i etnicznie miasto jest do\u015b\u0107 zr\u00f3\u017cnicowane: oko\u0142o 56% identyfikuje si\u0119 jako biali (nie-hiszpa\u0144scy), z du\u017cymi spo\u0142eczno\u015bciami hiszpa\u0144sko-latynoskimi i innymi mniejszo\u015bciami. Prawie 60% mieszka\u0144c\u00f3w m\u00f3wi w domu po hiszpa\u0144sku, co odzwierciedla silny wp\u0142yw migracji z Ameryki \u0141aci\u0144skiej i Karaib\u00f3w.<\/p>\n<p>Miami Beach to tropikalne miasto wypoczynkowe po\u0142o\u017cone na \u0142a\u0144cuchu wysp barierowych wzd\u0142u\u017c atlantyckiego wybrze\u017ca Florydy, tu\u017c na wsch\u00f3d od sta\u0142ego l\u0105du miasta Miami. Miasto rozci\u0105ga si\u0119 na wyspie Miami Beach (gdzie znajduje si\u0119 South Beach), Normandii i wyspach Biscayne oraz mniejszych wyspach \u2013 wszystkie oddzielone od sta\u0142ego l\u0105du zatok\u0105 Biscayne. Znajduje si\u0119 na po\u0142udniowym kra\u0144cu Ameryki P\u00f3\u0142nocnej, w ameryka\u0144skim stanie Floryda, a zatem jest uwa\u017cane za cz\u0119\u015b\u0107 po\u0142udniowo-wschodnich Stan\u00f3w Zjednoczonych. Krajobraz jest p\u0142aski i oceaniczny, z kilometrami piaszczystych pla\u017c nad Oceanem Atlantyckim na wschodzie i zatokami\/lagunami na zachodzie. Nie ma g\u00f3r ani wzg\u00f3rz \u2013 tylko palmy, promenady otoczone palmami i s\u0142ynne pastelowe budynki w stylu art d\u00e9co w South Beach.<\/p>\n<p>Klimat jest prawdziwie tropikalny. Miami Beach do\u015bwiadcza gor\u0105cych, wilgotnych lat i \u0142agodnych, ciep\u0142ych zim. Znajduje si\u0119 w strefie \u201etropikalnego monsunu\u201d: lato (od maja do pa\u017adziernika) przynosi cz\u0119ste popo\u0142udniowe burze i ryzyko huragan\u00f3w, z dziennymi maksimami cz\u0119sto w g\u00f3rnych 80\u201390 \u00b0F (powy\u017cej 30\u00b0C). Miesi\u0105ce zimowe s\u0105 ciep\u0142e (styczniowe maksima oko\u0142o wysokich 60-niskich 70 \u00b0F) i rzadko kiedy temperatury spadaj\u0105 poni\u017cej 50\u00b0F. Pora deszczowa osi\u0105ga szczyt p\u00f3\u017anym latem, przyczyniaj\u0105c si\u0119 do \u015brednich rocznych opad\u00f3w oko\u0142o 52 cali, przy czym lipiec i wrzesie\u0144 s\u0105 szczeg\u00f3lnie mokre. Huragany i burze tropikalne mog\u0105 zagra\u017ca\u0107 od czerwca do listopada, wi\u0119c podr\u00f3\u017cni w tym sezonie powinni monitorowa\u0107 prognozy. Og\u00f3lnie rzecz bior\u0105c, klimat jest przyjazny dla pla\u017cowicz\u00f3w przez ca\u0142y rok, ale ochrona przed s\u0142o\u0144cem i lekkie ubrania s\u0105 niezb\u0119dne latem, podczas gdy lekka kurtka wystarczy na ch\u0142odniejsze zimowe wieczory.<\/p>\n<p>Historia Miami Beach jako kurortu si\u0119ga pocz\u0105tku XX wieku. Wyspy by\u0142y w du\u017cej mierze niezamieszkane, dop\u00f3ki nie zbudowano pierwszej grobli. Rozw\u00f3j rozpocz\u0105\u0142 si\u0119 w 1913 roku, kiedy finansista John S. Collins uko\u0144czy\u0142 most Collinsa nad zatok\u0105 Biscayne, w\u00f3wczas najd\u0142u\u017cszy drewniany most na \u015bwiecie. Collins (a p\u00f3\u017aniej Carl Fisher, magnat samochodowy i sze\u015b\u0107dziesi\u0119cioletni deweloper) zacz\u0105\u0142 sprzedawa\u0107 ziemi\u0119 i budowa\u0107 hotele. Miasto \u201eMiami Beach\u201d zosta\u0142o oficjalnie w\u0142\u0105czone w 1915 roku. Miami Beach rozros\u0142o si\u0119 w latach 20. XX wieku wraz z boomem gruntowym na Florydzie; wiele z jego kultowych hoteli w stylu art d\u00e9co pochodzi z lat 1923\u20131943. Szczeg\u00f3lnie godna uwagi sta\u0142a si\u0119 dzielnica historyczna Art Deco w South Beach \u2013 w rzeczywisto\u015bci zosta\u0142a wpisana do ameryka\u0144skiego Krajowego Rejestru Miejsc Historycznych w 1979 roku jako najwi\u0119ksza na \u015bwiecie kolekcja architektury art d\u00e9co.<\/p>\n<p>Nast\u0119pne dekady przynios\u0142y wzloty i upadki. W po\u0142owie stulecia Miami Beach sta\u0142o si\u0119 popularnym miejscem wypoczynku dla emeryt\u00f3w i celebryt\u00f3w. Lata 60. i 70. przynios\u0142y spadek, poniewa\u017c cz\u0119\u015b\u0107 turyst\u00f3w przenios\u0142a si\u0119 gdzie indziej, ale wysi\u0142ki na rzecz zachowania budynk\u00f3w w stylu Art Deco w latach 80. i 90. XX wieku zapocz\u0105tkowa\u0142y odrodzenie. Dzi\u015b Miami Beach jest znane na ca\u0142ym \u015bwiecie jako miasto-muzeum Art Deco, kt\u00f3re wielokrotnie si\u0119 odnawia\u0142o. Jego wczesna historia \u2013 od gaj\u00f3w kokosowych Collinsa i hotelu Flamingo (oko\u0142o 1920 r.) po dzisiejsze luksusowe kurorty \u2013 jest \u015bwiadectwem trwa\u0142ej turystyki i wzrostu nap\u0119dzanego przez nieruchomo\u015bci.<\/p>\n<p>Miami Beach jest tak kosmopolityczne, jak tylko mog\u0105 by\u0107 ameryka\u0144skie miasta. Angielski i hiszpa\u0144ski s\u0105 powszechne; w rzeczywisto\u015bci ponad po\u0142owa populacji m\u00f3wi po hiszpa\u0144sku w domu. Kultura miasta to \u017cywa mieszanka wp\u0142yw\u00f3w kuba\u0144skich, haita\u0144skich, europejskich i ameryka\u0144skich, widoczna w jedzeniu, muzyce i \u017cyciu ulicznym. Jego dzielnice maj\u0105 odr\u0119bny charakter: szykowne South Beach (SoBe) znane jest z nocnego blasku klub\u00f3w, rytm\u00f3w latynoskich i du\u017cej spo\u0142eczno\u015bci LGBT; Mid-Beach i North Beach maj\u0105 spokojniejsz\u0105, przyjazn\u0105 rodzinom atmosfer\u0119 mieszkaniow\u0105.<\/p>\n<p>Tradycyjnie \u017cycie w Miami Beach kr\u0119ci si\u0119 wok\u00f3\u0142 pla\u017cy i kultury \u017cycia nocnego. South Beach s\u0142ynie w szczeg\u00f3lno\u015bci z ca\u0142odobowej energii: ekskluzywnych klub\u00f3w, imprez przy basenie i wydarze\u0144 pe\u0142nych gwiazd (pomy\u015bl o ciep\u0142ych nocach na Ocean Drive lub Club Space). W ci\u0105gu dnia jest to raj dla pla\u017cowicz\u00f3w, mi\u0142o\u015bnik\u00f3w sport\u00f3w wodnych i swobodnego stylu \u017cycia na pla\u017cy. Miejscowi korzystaj\u0105 z fitnessu na \u015bwie\u017cym powietrzu wzd\u0142u\u017c \u015bcie\u017cek nadbrze\u017cnych, a miasto ma znacz\u0105c\u0105 scen\u0119 mody i sztuki (na przyk\u0142ad Miami Beach organizuje coroczne targi sztuki wsp\u00f3\u0142czesnej Art Basel ka\u017cdego grudnia, przyci\u0105gaj\u0105c mi\u0119dzynarodowe t\u0142umy). Festiwale odzwierciedlaj\u0105 t\u0119 mieszank\u0119 \u2013 np. Calle Ocho\/Carnaval Miami w Little Havana (marzec) i Miami Beach Pride (marzec) \u015bwi\u0119tuj\u0105 kultur\u0119 latynosk\u0105 i LGBTQ, podczas gdy South Beach Food &amp; Wine Festival (luty) i Winter Music Conference (marzec) przyci\u0105gaj\u0105 globalne t\u0142umy mi\u0142o\u015bnik\u00f3w muzyki kulinarnej i tanecznej.<\/p>\n<p>W \u017cyciu codziennym Miami Beach jest szybkie i nieco glamour. Wiele os\u00f3b pracuje w turystyce i hotelarstwie lub w finansach\/technologii w pobliskim Miami. Jest tu ukryty nurt swobodnego luksusu \u2013 od chodnik\u00f3w z kawiarniami po ekskluzywne butiki i kuba\u0144skie kawiarnie. Pomimo imprezowego wizerunku, miejscowi zachowuj\u0105 r\u00f3wnie\u017c silne poczucie wsp\u00f3lnoty: rodziny ciesz\u0105 si\u0119 parkami pla\u017cowymi, a ludzie witaj\u0105 si\u0119 w s\u0142o\u0144cu Florydy z wyluzowan\u0105 serdeczno\u015bci\u0105. Kr\u00f3tko m\u00f3wi\u0105c, atmosfera Miami Beach jest elektryzuj\u0105ca, ekskluzywna i wielokulturowa \u2013 miasto nadmorskie, w kt\u00f3rym smaki Ameryki \u0141aci\u0144skiej, globalni arty\u015bci i \u017cycie oceaniczne p\u0142ynnie \u0142\u0105cz\u0105 si\u0119 z codzienn\u0105 rutyn\u0105.<\/p>\n<p>Atrakcje Miami Beach w du\u017cej mierze dotycz\u0105 pla\u017c, architektury i sceny kulturalnej. Najs\u0142ynniejsza jest South Beach (cz\u0119sto nazywana SoBe), dwumilowy odcinek pla\u017cy z turkusowymi falami i bia\u0142ym piaskiem. S\u0105siaduj\u0105ca z ni\u0105 dzielnica Art Deco (centrum Ocean Drive i Collins Avenue) jest g\u0142\u00f3wn\u0105 atrakcj\u0105 \u2013 setki jaskrawo pastelowych hoteli, apartament\u00f3w i zabytk\u00f3w zbudowanych w latach 20.\u201340. XX wieku. Zwiedzanie tej historycznej dzielnicy pieszo lub na rowerze (np. podczas wycieczki Miami Beach Architectural District) to kwintesencja do\u015bwiadczenia.<\/p>\n<p>Inne miejsca, kt\u00f3re trzeba zobaczy\u0107, to Lincoln Road Mall, deptak na \u015bwie\u017cym powietrzu ze sklepami i restauracjami; Muzeum Wolfsonian-FIU (muzeum designu Art Deco w przebudowanym hotelu z lat 20. XX wieku); Bass Museum of Art (sztuka wsp\u00f3\u0142czesna w neorenesansowym budynku); i Holocaust Memorial (ruchoma rze\u017aba na \u015bwie\u017cym powietrzu). Je\u015bli chodzi o pi\u0119kno natury, Miami Beach Botanical Garden i South Pointe Park (na ko\u0144cu South Beach z widokiem na latarni\u0119 morsk\u0105) to spokojne miejsca wytchnienia. \u017baden opis nie jest kompletny bez Miami Beach Boardwalk, biegn\u0105cej wzd\u0142u\u017c piasku przez wiele kilometr\u00f3w na p\u00f3\u0142noc. \u017bycie nocne i rozrywka skupiaj\u0105 si\u0119 w roz\u015bwietlonych neonami klubach Ocean Drive, a tak\u017ce w ekskluzywnych barach na dachach.<\/p>\n<p>W pobli\u017cu znajduje si\u0119 Lincoln Road Market (odbywaj\u0105cy si\u0119 co miesi\u0105c) oferuj\u0105cy rzemios\u0142o i lokalne jedzenie. Je\u015bli zapu\u015bcisz si\u0119 tu\u017c za grobl\u0119, mo\u017cesz odwiedzi\u0107 Art Deco Museum i Miami Beach Convention Center (miejsce Art Basel). Podsumowuj\u0105c, obowi\u0105zkowe atrakcje Miami Beach \u0142\u0105cz\u0105 nadmorski wypoczynek ze sztuk\u0105 i designem \u2013 od pla\u017c, na kt\u00f3rych mo\u017cna si\u0119 bawi\u0107 w s\u0142o\u0144cu, po \u015bwiatowej klasy targi sztuki \u2013 wszystko to odzwierciedlaj\u0105ce urok miasta pla\u017cowego i globalny styl.<\/p>\n<p>Samo Miami Beach nie ma lotniska komercyjnego, ale mo\u017cna si\u0119 tam \u0142atwo dosta\u0107 przez Miami International Airport (MIA), oko\u0142o 12 mil w g\u0142\u0105b l\u0105du w Miami. MIA oferuje liczne loty mi\u0119dzynarodowe i krajowe. Lotniska Fort Lauderdale-Hollywood (FLL) i Palm Beach (PBI) znajduj\u0105 si\u0119 r\u00f3wnie\u017c w odleg\u0142o\u015bci 45\u201370 mil i mo\u017cna z nich korzysta\u0107. Z lotniska mo\u017cna wzi\u0105\u0107 taks\u00f3wk\u0119, przejazd wsp\u00f3\u0142dzielony lub Metrobus\/Miami Beach Airport Flyer do Miami Beach. Groble (Julia Tuttle i Venetian) \u0142\u0105cz\u0105 wyspy z miastem Miami.<\/p>\n<p>W Miami Beach samoch\u00f3d jest opcjonalny. South Beach jest bardzo przyjazne pieszym i rowerowym; bezp\u0142atna us\u0142uga Miami Beach Trolley obs\u0142uguje kilka tras okr\u0119\u017cnych (linie South Beach, Collins, Mid-Beach i North Beach). Systemy Metrorail i Metrobus obs\u0142uguj\u0105 obszar kontynentalnego Miami, a metrorail \u0142\u0105czy si\u0119 z lotniskiem i centrum miasta. Je\u015bli prowadzisz samoch\u00f3d, zwykle potrzebny jest gara\u017c, a w SoBe mo\u017ce by\u0107 ciasno z miejscami parkingowymi na ulicy. Taks\u00f3wki wsp\u00f3\u0142dzielone (Uber\/Lyft) i system autobusowy Miami-Dade obs\u0142uguj\u0105 r\u00f3wnie\u017c Miami Beach. Generalnie zaplanuj spacery lub jazd\u0119 na rowerze w South Beach, a mo\u017ce wypo\u017cyczenie samochodu na jednodniowe wycieczki na p\u00f3\u0142noc do Palm Beach lub na zach\u00f3d do Everglades.<\/p>\n<p>Walut\u0105 s\u0105 dolary ameryka\u0144skie; napiwki (15\u201320% w restauracjach\/barach) s\u0105 oczekiwane. J\u0119zyk angielski i hiszpa\u0144ski s\u0105 powszechnie rozumiane (wiele menu i znak\u00f3w jest dwuj\u0119zycznych). Ubi\u00f3r jest bardzo swobodny; w ci\u0105gu dnia powszechne s\u0105 stroje pla\u017cowe, klapki i szorty. Miasto jest bezpieczne w obszarach turystycznych, ale zdarzaj\u0105 si\u0119 kradzie\u017ce kieszonkowe \u2013 uwa\u017caj na rzeczy na pla\u017cy i na zat\u0142oczonych tarasach. Ochrona przed s\u0142o\u0144cem jest kluczowa przez ca\u0142y rok (krem przeciws\u0142oneczny, kapelusze) ze wzgl\u0119du na silne promieniowanie UV. Je\u015bli odwiedzasz w sezonie huragan\u00f3w (czerwiec\u2013listopad), b\u0105d\u017a czujny na ostrze\u017cenia pogodowe (cho\u0107 powa\u017cne uderzenia zdarzaj\u0105 si\u0119 rzadko). Unikaj popo\u0142udniowego czasu na pla\u017cy w szczycie lata (wska\u017aniki ciep\u0142a mog\u0105 gwa\u0142townie wzrosn\u0105\u0107), wybieraj\u0105c zamiast tego wczesne poranki lub p\u00f3\u017ane popo\u0142udnia. Wreszcie, uprzejmo\u015b\u0107 wobec mieszka\u0144c\u00f3w i respektowanie ciszy nocnej po godzinie 22:00 znacznie przyczyni si\u0119 do wtopienia si\u0119 w spo\u0142eczno\u015b\u0107 mi\u0142o\u015bnik\u00f3w pla\u017cy i mieszka\u0144c\u00f3w.<a href=\"https:\/\/travelshelper.com\/pl\/miejsca-docelowe\/ameryka-polnocna\/stany-zjednoczone-ameryki\/berkeley-springs\/\" target=\"_self\" aria-labelledby=\"uael-post-8997\"><br \/>\n<\/a><\/p>","protected":false},"excerpt":{"rendered":"<p>Miami Beach, cz\u0119\u015b\u0107 obszaru metropolitalnego Miami w po\u0142udniowej Florydzie, jest nadmorskim miastem wypoczynkowym w hrabstwie Miami-Dade na Florydzie i jest \u017cywym i energicznym miejscem. Po\u0142o\u017cona na szeregu naturalnych i sztucznych wysp barierowych mi\u0119dzy spokojn\u0105 zatok\u0105 Biscayne a wielkim Oceanem Atlantyckim, ta gmina jest Zatoka naturalnie oddziela Miami Beach od miasta Miami na sta\u0142ym l\u0105dzie. Spo\u015br\u00f3d kilku dzielnic Miami Beach, South Beach jest najbardziej znan\u0105 dzielnic\u0105 o powierzchni 2,5 mil kwadratowych (6,5 km\u00b2). Wraz z Downtown Miami i PortMiami, South Beach tworzy aktywne centrum biznesowe po\u0142udniowej Florydy.<\/p>","protected":false},"author":1,"featured_media":3272,"parent":8072,"menu_order":0,"comment_status":"closed","ping_status":"closed","template":"elementor_theme","meta":{"_eb_attr":"","footnotes":""},"class_list":["post-8219","page","type-page","status-publish","has-post-thumbnail"],"_links":{"self":[{"href":"https:\/\/travelshelper.com\/pl\/wp-json\/wp\/v2\/pages\/8219","targetHints":{"allow":["GET"]}}],"collection":[{"href":"https:\/\/travelshelper.com\/pl\/wp-json\/wp\/v2\/pages"}],"about":[{"href":"https:\/\/travelshelper.com\/pl\/wp-json\/wp\/v2\/types\/page"}],"author":[{"embeddable":true,"href":"https:\/\/travelshelper.com\/pl\/wp-json\/wp\/v2\/users\/1"}],"replies":[{"embeddable":true,"href":"https:\/\/travelshelper.com\/pl\/wp-json\/wp\/v2\/comments?post=8219"}],"version-history":[{"count":0,"href":"https:\/\/travelshelper.com\/pl\/wp-json\/wp\/v2\/pages\/8219\/revisions"}],"up":[{"embeddable":true,"href":"https:\/\/travelshelper.com\/pl\/wp-json\/wp\/v2\/pages\/8072"}],"wp:featuredmedia":[{"embeddable":true,"href":"https:\/\/travelshelper.com\/pl\/wp-json\/wp\/v2\/media\/3272"}],"wp:attachment":[{"href":"https:\/\/travelshelper.com\/pl\/wp-json\/wp\/v2\/media?parent=8219"}],"curies":[{"name":"wp","href":"https:\/\/api.w.org\/{rel}","templated":true}]}}