{"id":8139,"date":"2024-09-01T13:05:58","date_gmt":"2024-09-01T13:05:58","guid":{"rendered":"https:\/\/travelshelper.com\/staging\/?page_id=8139"},"modified":"2026-03-13T17:53:48","modified_gmt":"2026-03-13T17:53:48","slug":"kansas-city","status":"publish","type":"page","link":"https:\/\/travelshelper.com\/pl\/destinations\/north-america\/united-states\/kansas-city\/","title":{"rendered":"Kansas City"},"content":{"rendered":"<p>Kansas City rozci\u0105ga si\u0119 na granicy Missouri i Kansas, ale tutaj skupiamy si\u0119 na Kansas City w stanie Missouri (cz\u0119sto po prostu \u201eKansas City\u201d, populacja ~500 000). KC to du\u017ca metropolia \u015arodkowego Zachodu, historycznie znana z muzyki jazzowej, kuchni barbecue i sieci fontann \u2013 w\u015br\u00f3d innych kulturowych wyr\u00f3\u017cnie\u0144. Obecnie Kansas City jest domem dla oko\u0142o 508 000 os\u00f3b (szacunki na 2023 r.), a rozleg\u0142a populacja metropolii wynosi oko\u0142o 2,1 miliona. Le\u017cy w regionie Wielkich R\u00f3wnin u zbiegu rzek Missouri i Kansas (po\u0142udniowe Missouri). Samo miasto le\u017cy na przewa\u017cnie p\u0142askim terenie, ze s\u0142ynn\u0105 estetyk\u0105 kamienia i grilla w dzielnicach takich jak Country Club Plaza (architektura inspirowana stylem hiszpa\u0144skim). Klimat Kansas City jest wilgotny kontynentalny: lata s\u0105 gor\u0105ce i wilgotne (cz\u0119ste burze), a zimy zimne i \u015bnie\u017cne (z ryzykiem tornad wiosn\u0105).<\/p>\n<p>Ekonomicznie Kansas City ma szerok\u0105, zr\u00f3\u017cnicowan\u0105 baz\u0119. PKB metropolii wynosi oko\u0142o 146 miliard\u00f3w dolar\u00f3w. Kluczowe bran\u017ce obejmuj\u0105 nauki biologiczne (zdrowie zwierz\u0105t\/badania farmaceutyczne \u2013 KC jest \u015bwiatowym liderem, z 113 969 pracownikami w dziedzinach zwi\u0105zanych z naukami biologicznymi) i solidny sektor technologiczny (oko\u0142o 77 700 zatrudnionych w bran\u017cy technologicznej w 2024 r.). Logistyka i dystrybucja s\u0105 ogromne dzi\u0119ki po\u0142o\u017ceniu KC na \u201eskrzy\u017cowaniu dr\u00f3g\u201d (g\u0142\u00f3wne stacje kolejowe i autostrady mi\u0119dzystanowe), zatrudniaj\u0105c ponad 105 000 os\u00f3b. Us\u0142ugi finansowe i ubezpieczeniowe (oko\u0142o 77 000 miejsc pracy) s\u0105 r\u00f3wnie\u017c znacz\u0105ce. Produkcja (zw\u0142aszcza przetw\u00f3rstwo \u017cywno\u015bci, bior\u0105c pod uwag\u0119 powi\u0105zania rolnicze Missouri) r\u00f3wnie\u017c pozostaje cz\u0119\u015bci\u0105 gospodarki. Mediana dochodu gospodarstwa domowego w Kansas City, MO wynosi oko\u0142o 67 449 dolar\u00f3w (2023 r.), przy wska\u017aniku ub\u00f3stwa wynosz\u0105cym oko\u0142o 14,6%. W ostatnich dekadach Kansas City przyci\u0105gn\u0119\u0142o siedziby korporacji i startup\u00f3w, co odzwierciedla\u0142o jego centralne po\u0142o\u017cenie w Stanach Zjednoczonych i stosunkowo niskie koszty \u017cycia.<\/p>\n<h2>Kansas City w liczbach<\/h2>\n<p>Miasto Kansas City w stanie Missouri liczy\u0142o oko\u0142o 508 233 mieszka\u0144c\u00f3w w 2023 r. Struktura demograficzna jest zr\u00f3\u017cnicowana: oko\u0142o 54,5% bia\u0142ych (nie-Hiszpan\u00f3w), 25,5% Afroamerykan\u00f3w i 12,3% Hiszpan\u00f3w lub Latynos\u00f3w. Pozosta\u0142\u0105 cz\u0119\u015b\u0107 stanowi\u0105 Azjaci i inne grupy etniczne. Ta r\u00f3\u017cnorodno\u015b\u0107 nap\u0119dza t\u0119tni\u0105c\u0105 \u017cyciem scen\u0119 wielokulturow\u0105 (nale\u017cy zwr\u00f3ci\u0107 uwag\u0119 na spore spo\u0142eczno\u015bci hiszpa\u0144skoj\u0119zyczne w po\u0142udniowej i po\u0142udniowo-zachodniej cz\u0119\u015bci miasta). Mediana wieku w Kansas City wynosi p\u00f3\u017ane 30. lata. Mediana dochodu gospodarstwa domowego (~67 tys. USD) i warto\u015bci dom\u00f3w s\u0105 skromne (\u015brednia warto\u015b\u0107 dom\u00f3w wynosi oko\u0142o 200 tys. USD, chocia\u017c w niekt\u00f3rych obszarach jest znacznie wy\u017csza), co odzwierciedla kontekst \u015arodkowego Zachodu.<\/p>\n<p>Je\u015bli chodzi o skal\u0119 metropolii, Kansas City jest jednym z najwi\u0119kszych obszar\u00f3w metropolitalnych w USA: oko\u0142o 2,1 miliona ludzi, 30. co do wielko\u015bci w kraju (wed\u0142ug spisu z 2020 r.). Szeroka gospodarka metropolitalna wynosi oko\u0142o 146 miliard\u00f3w dolar\u00f3w (2019 r.), co czyni j\u0105 silnym regionalnym centrum biznesu i kultury w Plains i Ozarks. W przeliczeniu na mieszka\u0144ca obszar metropolitalny charakteryzuje si\u0119 wysokim udzia\u0142em si\u0142y roboczej i znacz\u0105c\u0105 obecno\u015bci\u0105 korporacji. Sport i wydarzenia r\u00f3wnie\u017c si\u0119 do tego przyczyniaj\u0105: profesjonalne dru\u017cyny Kansas City (Chiefs NFL, Royals MLB, Sporting KC MLS) przyci\u0105gaj\u0105 uwag\u0119 kraju i maj\u0105 wp\u0142yw na gospodark\u0119.<\/p>\n<h2>Lokalizacja<\/h2>\n<p>Kansas City, MO le\u017cy na granicy Missouri\u2013Kansas w \u015brodkowo-zachodniej cz\u0119\u015bci USA. Le\u017cy u zbiegu rzeki Missouri (kilka mil na p\u00f3\u0142noc od centrum) i jej dop\u0142ywu, rzeki Kansas (przep\u0142ywaj\u0105cej przez stron\u0119 Kansas). Krajobraz sk\u0142ada si\u0119 g\u0142\u00f3wnie z r\u00f3wnin z \u0142agodnymi pag\u00f3rkami; godne uwagi wy\u017csze punkty to Penn Valley i Swope Parks. Wysoko\u015b\u0107 KC wynosi oko\u0142o 850 st\u00f3p (260 m) nad poziomem morza.<\/p>\n<p>Miasto jest skrzy\u017cowaniem dr\u00f3g transportowych: Interstate 70 biegnie ze wschodu na zach\u00f3d przez Kansas, \u0142\u0105cz\u0105c si\u0119 z St. Louis (wsch\u00f3d) i Denver (zach\u00f3d); Interstate 35 biegnie na p\u00f3\u0142noc w kierunku Kansas (do Des Moines) i na po\u0142udnie w kierunku Oklahoma City; Interstate 29 kieruje si\u0119 na p\u00f3\u0142noc do Iowa. Centralne po\u0142o\u017cenie miasta w USA oznacza, \u017ce \u200b\u200bjest ono oddalone o dzie\u0144 jazdy od wi\u0119kszo\u015bci Ameryki.<\/p>\n<p>Klimat jest kontynentalny: Lata s\u0105 gor\u0105ce i wilgotne (\u015brednie maksima w lipcu ~90\u00b0F\/32\u00b0C, z parnymi nocami). Zimy s\u0105 zimne (maksima w styczniu oko\u0142o 35\u00b0F\/2\u00b0C, minima w okolicach 10\u00b0F, z oko\u0142o 20 calami \u015bniegu rocznie). Wiosna i jesie\u0144 s\u0105 przej\u015bciowe, chocia\u017c wiosn\u0105 mog\u0105 wyst\u0105pi\u0107 silne burze (i sporadyczne tornada). Festiwale na \u015bwie\u017cym powietrzu mog\u0105 by\u0107 nara\u017cone na nag\u0142e zmiany pogody. Og\u00f3lnie rzecz bior\u0105c, Kansas City do\u015bwiadcza czterech odr\u0119bnych p\u00f3r roku \u2013 czynnik, kt\u00f3ry odwiedzaj\u0105cy powinni wzi\u0105\u0107 pod uwag\u0119 podczas planowania.<\/p>\n<h2>Historyczny migawkowy obraz<\/h2>\n<p>Pocz\u0105tki Kansas City si\u0119gaj\u0105 XIX-wiecznej ekspansji na zach\u00f3d. Pocz\u0105tkowo by\u0142o portem rzecznym (Westport Landing) nad rzek\u0105 Missouri, nazwanym na cze\u015b\u0107 rzeki Kansas (i ostatecznie plemienia Indian ameryka\u0144skich). Po wojnie secesyjnej miasto szybko si\u0119 rozros\u0142o dzi\u0119ki budowie kolei i strategicznemu po\u0142o\u017ceniu jako bramy na Zach\u00f3d. W 1870 r. Kansas City by\u0142o ju\u017c du\u017cym miastem, a na prze\u0142omie XX wieku by\u0142o kluczowym o\u015brodkiem handlu byd\u0142em i pakowania mi\u0119sa w kraju. W tej epoce Kansas City sta\u0142o si\u0119 r\u00f3wnie\u017c wa\u017cnym o\u015brodkiem muzyki jazzowej i kultury afroameryka\u0144skiej (szczeg\u00f3lnie w dzielnicy 18th &amp; Vine, gdzie wyst\u0119powa\u0142y takie legendy jak Charlie Parker i gdzie obecnie znajduje si\u0119 Negro Leagues Baseball Museum).<\/p>\n<p>Przez ca\u0142y XX wiek miasto konsolidowa\u0142o si\u0119 ze swoimi przedmie\u015bciami (lata 40.\u201360. XX wieku) i nadal si\u0119 rozwija\u0142o. S\u0142ynna dzielnica handlowa Country Club Plaza zosta\u0142a zbudowana w 1922 roku jako jedno z pierwszych centr\u00f3w handlowych nastawionych na samochody. Po pewnym upadku w po\u0142owie wieku, rewitalizacja rozpocz\u0119\u0142a si\u0119 w latach 90. XX wieku, wraz z renowacj\u0105 centrum i nowymi inwestycjami kulturalnymi. W ostatnich latach Kansas City wy\u0142oni\u0142o si\u0119 z now\u0105 panoram\u0105 nowoczesnych wie\u017cowc\u00f3w biurowych i hoteli. (Jednym z charakterystycznych wydarze\u0144 by\u0142o Kauffman Center for the Performing Arts, otwarte w 2011 roku, kt\u00f3re zapocz\u0105tkowa\u0142o dalszy rozw\u00f3j Power &amp; Light District w centrum miasta). Dzi\u015b Kansas City czci swoje dziedzictwo jazzowe (American Jazz Museum), \u015bwi\u0119tuje swoich mistrz\u00f3w sportowych (zwyci\u0119stwa w Super Bowl, zwyci\u0119stwa w World Series) i utrzymuje go\u015bcinno\u015b\u0107 \u015arodkowego Zachodu. Tak wi\u0119c historyczna narracja jest opowie\u015bci\u0105 o bramie granicznej, t\u0119tni\u0105cych \u017cyciem skrzy\u017cowaniach kulturowych i odpornej odnowie miejskiej.<\/p>\n<h2>Kulturalna atmosfera<\/h2>\n<p>Kansas City ma siln\u0105 i charakterystyczn\u0105 to\u017csamo\u015b\u0107 kulturow\u0105. Muzyka jazzowa rozkwit\u0142a tu po raz pierwszy w latach 20. i 30. XX wieku w klubach na 18th &amp; Vine i do dzi\u015b pozostaje aktywn\u0105 tradycj\u0105. Miasto wspiera dziesi\u0105tki miejsc jazzowych, klub\u00f3w i jam sessions ka\u017cdej nocy. American Jazz Museum (w historycznej dzielnicy 18th &amp; Vine) i coroczny Kansas City Jazz &amp; Heritage Festival ka\u017cdego lata odzwierciedlaj\u0105 to dziedzictwo.<\/p>\n<p>R\u00f3wnie kultowa jest kultura grillowania w Kansas City: miasto twierdzi, \u017ce ma ponad 100 restauracji z grillem, a miejscowi traktuj\u0105 ich wolno w\u0119dzone mi\u0119sa bardzo powa\u017cnie. Mo\u017cna znale\u017a\u0107 ka\u017cdy ze s\u0142ynnych regionalnych styl\u00f3w (np. spalone ko\u0144c\u00f3wki, s\u0142odki sos), a nawet istnieje aplikacja mobilna \u201eKC BBQ Experience\u201d oceniaj\u0105ca mistrz\u00f3w grilla. Lokale z grillem (takie jak Arthur Bryant&#039;s, Gates, Jack Stack) to punkty orientacyjne, cz\u0119sto wymieniane jako obowi\u0105zkowe dla odwiedzaj\u0105cych.<\/p>\n<p>Inn\u0105 osobliw\u0105 cech\u0105 charakterystyczn\u0105 Kansas City s\u0105 liczne fontanny. Nazywane \u201eMiastem Fontann\u201d, Kansas City ma ponad 200 ozdobnych fontann \u2013 ust\u0119puj\u0105c jedynie Rzymowi pod wzgl\u0119dem liczby. (Fontanny mo\u017cna zobaczy\u0107 w parkach, na rondach i dziedzi\u0144cach w ca\u0142ym mie\u015bcie.) To nie tylko dekoracje, ale ukochane symbole obywatelskie \u2013 wska\u017anik obywatelskiej dumy Kansas City i nacisku na przestrzenie publiczne.<\/p>\n<p>Je\u015bli chodzi o sport i festiwale, Kansas City wykazuje siln\u0105 dum\u0119 obywatelsk\u0105. Ostatnie mistrzostwa NFL Kansas City Chiefs (sezony 2019, 2022) na nowo rozpali\u0142y entuzjazm miasta; \u201e\u015bwi\u0119ta\u201d, takie jak parady zwyci\u0119stwa, staj\u0105 si\u0119 wa\u017cnymi wydarzeniami spo\u0142ecznymi. Kansas City Royals (MLB) i Sporting Kansas City (MLS) przyci\u0105gaj\u0105 w\u0142asnych fan\u00f3w. Miasto jest r\u00f3wnie\u017c gospodarzem znanych wydarze\u0144: American Royal Animal Hodowla i Rodeo (od 1899 r.), ogromnego pokazu zwierz\u0105t gospodarskich odbywaj\u0105cego si\u0119 ka\u017cdej jesieni oraz Boulevardia Beer Festival, odzwierciedlaj\u0105cego rozwijaj\u0105c\u0105 si\u0119 scen\u0119 browar\u00f3w rzemie\u015blniczych w Kansas City.<\/p>\n<p>S\u0105siedztwa dodaj\u0105 klimatu: dzielnice Westport i River Market znane s\u0105 z \u017cycia nocnego i restauracji; Crossroads Arts District ma galerie i targi sztuki First Friday; 18th &amp; Vine Historic Jazz District (w kt\u00f3rym mie\u015bci si\u0119 r\u00f3wnie\u017c Negro Leagues Baseball Museum) jest kulturalnym centrum historii jazzu i praw obywatelskich. We wszystkich dzielnicach miejscowi s\u0105 zazwyczaj przyziemni i przyja\u017ani, co odzwierciedla go\u015bcinno\u015b\u0107 \u015arodkowego Zachodu. Angielski jest uniwersalny, ale w po\u0142udniowej cz\u0119\u015bci miasta cz\u0119sto us\u0142yszysz hiszpa\u0144ski (w niekt\u00f3rych szko\u0142ach i firmach). Og\u00f3lnie rzecz bior\u0105c, KC oferuje ciep\u0142\u0105, energiczn\u0105 atmosfer\u0119 \u2013 wielkomiejsk\u0105, ale z lokalnym sercem.<\/p>\n<h2>Najwa\u017cniejsze atrakcje<\/h2>\n<p>Atrakcje Kansas City obejmuj\u0105 instytucje kulturalne, histori\u0119 i rozrywk\u0119. Kluczowe atrakcje obejmuj\u0105:<\/p>\n<ul>\n<li><strong>Narodowe Muzeum i Pomnik I Wojny \u015awiatowej<\/strong> \u2013 Znajduje si\u0119 w Liberty Memorial Tower w centrum miasta, jest to jedno z najbardziej kompleksowych muze\u00f3w I wojny \u015bwiatowej w kraju. Z wie\u017cy pami\u0105tkowej rozci\u0105ga si\u0119 r\u00f3wnie\u017c panoramiczny widok na miasto.<\/li>\n<li><strong>Muzeum Sztuki Nelsona-Atkinsa<\/strong> \u2013 Mi\u0119dzynarodowo cenione muzeum sztuki (s\u0142yn\u0105ce z rze\u017aby Szostakowicza i plenerowych \u201eSky Stations\u201d). Wst\u0119p jest bezp\u0142atny, a kolekcja muzeum obejmuje sztuk\u0119 azjatyck\u0105 i wsp\u00f3\u0142czesn\u0105. (Neoklasycystyczny budynek Nelsona i basen odbijaj\u0105cy \u015bwiat\u0142o same w sobie s\u0105 fotogeniczne.)<\/li>\n<li><strong>Muzeum Jazzu Ameryka\u0144skiego i Muzeum Baseballa Lig Murzyn\u00f3w<\/strong> \u2013 Oba w historycznym 18th &amp; Vine District. Jazz Museum prezentuje histori\u0119 jazzu w KC (z archiwalnymi nagraniami), podczas gdy Negro Leagues Museum opisuje pionier\u00f3w afroameryka\u0144skiego baseballu. (Te instytucje podkre\u015blaj\u0105 g\u0142\u00f3wne dziedzictwo kulturowe KC.)<\/li>\n<li><strong>Klub wiejski Plaza<\/strong> \u2013 Ekskluzywna dzielnica handlowa na \u015bwie\u017cym powietrzu zaprojektowana w hiszpa\u0144skiej architekturze, z fontannami i dachami z dach\u00f3wek. To popularne miejsce na zakupy, jedzenie i obserwowanie ludzi, szczeg\u00f3lnie podczas corocznej ceremonii o\u015bwietlenia Plaza w \u015awi\u0119to Dzi\u0119kczynienia.<\/li>\n<li><strong>Union Station i Miasto Nauki<\/strong> \u2013 Historyczny Union Station (zbudowany w 1914 r.) jest obecnie atrakcj\u0105 przyjazn\u0105 rodzinom z restauracjami, interaktywnym centrum nauki (Science City) i okazjonalnymi wystawami. (Przyjazne dzieciom, ale interesuj\u0105ce r\u00f3wnie\u017c dla doros\u0142ych.)<\/li>\n<li><strong>Centrum Korony<\/strong> \u2013 Obok Union Station, Crown Center to kompleks o mieszanym przeznaczeniu z g\u0142\u00f3wn\u0105 siedzib\u0105 firmy Hallmark, sklepami i Legoland Discovery Center \u2013 \u015bwietny dla rodzin. Obok znajduje si\u0119 <strong>Centrum handlowe Crown Center Square<\/strong> organizuje imprezy sezonowe (np. coroczne lodowisko).<\/li>\n<li><strong>Ogr\u00f3d zoologiczny w Kansas City<\/strong> \u2013 Znajduje si\u0119 w Swope Park, jednym z najlepszych ogrod\u00f3w zoologicznych w kraju (zbudowanym wok\u00f3\u0142 65-akrowego jeziora). Znajduje si\u0119 tam du\u017ca afryka\u0144ska wystawa ze s\u0142oniami, \u017cyrafami i du\u017cymi kotami, a tak\u017ce Helzberg Penguin Plaza.<\/li>\n<li><strong>Kino samochodowe Boulevard Drive-In<\/strong> \u2013 Klasyczne kino samochodowe dzia\u0142aj\u0105ce od 1950 roku. To nostalgiczne miejsce jest uwielbiane przez mieszka\u0144c\u00f3w za letnie seanse podw\u00f3jne pod gwiazdami.<\/li>\n<li><strong>Park Rze\u017ab i Obiekt Wodny Nelsona-Atkinsa<\/strong> \u2013 Opr\u00f3cz muzeum pod dachem, na terenie Nelsona znajduj\u0105 si\u0119 rze\u017aby na \u015bwie\u017cym powietrzu oraz ogromna fontanna, kt\u00f3ra w letnie wieczory jest pod\u015bwietlana kolorowymi \u015bwiat\u0142ami.<\/li>\n<\/ul>\n<p>Wiele z nich mo\u017cna zwiedzi\u0107 bezp\u0142atnym tramwajem KC Streetcar (linia o d\u0142ugo\u015bci 2,2 mili, kt\u00f3ra \u0142\u0105czy River Market przez centrum miasta z Union Station i Crossroads). W rzeczywisto\u015bci niedawna rewitalizacja miejska KC sprawi\u0142a, \u017ce \u200b\u200bcentrum miasta sta\u0142o si\u0119 bardziej przyjazne pieszym, dzi\u0119ki nowym restauracjom, browarom i sztuce publicznej (obszar Boulevardia na bulwarze i River Market). Wszystkie te atrakcje podkre\u015blaj\u0105 mieszank\u0119 dziedzictwa \u015arodkowego Zachodu w Kansas City (fontanny, grill, jazz) oraz wielkomiejskiej sztuki i rozrywki.<\/p>\n<h2>Praktyczny przegl\u0105d<\/h2>\n<p>G\u0142\u00f3wnym lotniskiem jest Kansas City International Airport (MCI, cz\u0119sto oznaczane jako MCI\/Kansas City), oko\u0142o 15 mil na p\u00f3\u0142nocny zach\u00f3d od centrum miasta. MCI oferuje dziesi\u0105tki lot\u00f3w krajowych (Chicago, Dallas, Denver, Nowy Jork itp.) i kilka tras mi\u0119dzynarodowych (np. do Londynu lub Mexico City). Dla os\u00f3b podr\u00f3\u017cuj\u0105cych samochodem, Kansas City jest \u0142atwo dost\u0119pne przez I-35 i I-70. Je\u015bli przyje\u017cd\u017casz poci\u0105giem, stacja Amtrak w Kansas City (w stanie Missouri) oferuje codzienne po\u0142\u0105czenia lini\u0105 Southwest Chief (trasa od wybrze\u017ca do wybrze\u017ca) \u2013 cho\u0107 rozk\u0142ady jazdy s\u0105 ograniczone. Lotniska regionalne (np. Kansas City, lotnisko Kansas lub Columbia Regional) s\u0105 znacznie mniejsze, wi\u0119c wi\u0119kszo\u015b\u0107 podr\u00f3\u017cnych korzysta z MCI.<\/p>\n<p>Bezp\u0142atny system tramwajowy (KC) w centrum miasta zapewnia wygodne podr\u00f3\u017cowanie wzd\u0142u\u017c Main Street i Grand Blvd (od River Market do Crown Center\/Union Station), a co wa\u017cne, przejazdy s\u0105 <em>bezp\u0142atny<\/em> dla pasa\u017cer\u00f3w. (Tramwaj jest przed\u0142u\u017cany na p\u00f3\u0142noc i do 2025 r. po\u0142\u0105czy si\u0119 z Westport i Country Club Plaza.) Ponadto miasto obs\u0142uguje sie\u0107 autobusow\u0105 (RideKC) obejmuj\u0105c\u0105 metro; jednak rozrost obszar\u00f3w miejskich oznacza, \u017ce \u200b\u200bw przypadku obszar\u00f3w podmiejskich i szczyt\u00f3w podr\u00f3\u017cy s\u0142u\u017cbowych wielu odwiedzaj\u0105cych polega na wynaj\u0119tych samochodach, przejazdach wsp\u00f3\u0142dzielonych lub taks\u00f3wkach. Do g\u0142\u00f3wnych atrakcji w \u015br\u00f3dmie\u015bciu i na przedmie\u015bciach (Zoo, Crown Center) najlepiej dotrze\u0107 samochodem. Downtown i Crossroads s\u0105 do\u015b\u0107 dost\u0119pne pieszo, a jazda na rowerze jest popularna na kilku szlakach.<\/p>\n<p>Walut\u0105 jest USD, a g\u0142\u00f3wnym j\u0119zykiem jest angielski (oko\u0142o 12% mieszka\u0144c\u00f3w to Hiszpanie, wi\u0119c hiszpa\u0144ski jest drugim najpopularniejszym j\u0119zykiem regionalnym). Napiwki s\u0105 zgodne z normami obowi\u0105zuj\u0105cymi w USA (15\u201320% w restauracjach). Kierowcy w Kansas City przestrzegaj\u0105 tych samych przepis\u00f3w drogowych, co w innych miejscach w USA (jazda praw\u0105 stron\u0105). Uwaga dotycz\u0105ca bezpiecze\u0144stwa: centrum Kansas City jest generalnie bezpieczne w ci\u0105gu dnia i wczesnym wieczorem (z widoczn\u0105 obecno\u015bci\u0105 policji w strefach turystycznych), ale jak w ka\u017cdym du\u017cym mie\u015bcie, nale\u017cy zwraca\u0107 uwag\u0119 na otoczenie w nocy. Obszar rzeki Missouri mo\u017ce by\u0107 zalany wiosn\u0105, wi\u0119c sprawd\u017a sezonowe ostrze\u017cenia przed udaniem si\u0119 do park\u00f3w nadrzecznych. Je\u015bli chodzi o pogod\u0119, spakuj si\u0119 na sezon \u2013 latem mog\u0105 wyst\u0119powa\u0107 burze, zim\u0105 mo\u017ce by\u0107 l\u00f3d.<\/p>\n<p>Podsumowuj\u0105c, odwiedzaj\u0105cy Kansas City powinni spodziewa\u0107 si\u0119 udogodnie\u0144 du\u017cego miasta z przyziemn\u0105 atmosfer\u0105. Infrastruktura (drogi, sieci hoteli, restauracje) jest nowoczesna i przyjazna dla odwiedzaj\u0105cych. Nacisk na sztuk\u0119 i kuchni\u0119 oznacza, \u017ce \u200b\u200bbez problemu znajdziesz mi\u0119dzynarodowe jedzenie obok lokali z grillem, a znajomo\u015b\u0107 j\u0119zyka angielskiego to wszystko, czego potrzeba, aby si\u0119 porusza\u0107. Obszar Kansas City ma wiele g\u0142\u00f3wnych dzielnic handlowych i kulturalnych, wi\u0119c pomaga zaplanowa\u0107 logistyk\u0119: na przyk\u0142ad Downtown, Country Club Plaza i Westport nie s\u0105siaduj\u0105 ze sob\u0105, wi\u0119c uwzgl\u0119dnij czas jazdy samochodem lub transfery wahad\u0142owe mi\u0119dzy nimi. Ale og\u00f3lnie rzecz bior\u0105c, KCMO jest dobrze zorganizowane, przyjazne i ma mn\u00f3stwo oznakowa\u0144 w j\u0119zyku angielskim, wi\u0119c podr\u00f3\u017cni szybko czuj\u0105 si\u0119 jak w domu.<a href=\"https:\/\/travelshelper.com\/pl\/miejsca-docelowe\/ameryka-polnocna\/stany-zjednoczone-ameryki\/berkeley-springs\/\" target=\"_self\" aria-labelledby=\"uael-post-8997\"><br \/>\n<\/a><\/p>","protected":false},"excerpt":{"rendered":"<p>Kansas City, Missouri (cz\u0119sto skracane do KC lub KCMO) jest najludniejszym i najbardziej rozleg\u0142ym miastem w stanie Missouri. Chocia\u017c jego granice przebiegaj\u0105 przez hrabstwa Clay, Platte i Cass, wi\u0119kszo\u015b\u0107 Kansas City znajduje si\u0119 w hrabstwie Jackson. Z populacj\u0105 prawie 2 392 035 i rozci\u0105gaj\u0105c\u0105 si\u0119 na granicy stan\u00f3w Missouri\u2013Kansas, to miasto jest centralnym w\u0119z\u0142em obszaru metropolitalnego Kansas City. Wed\u0142ug spisu z 2020 r. Kansas City, sz\u00f3ste pod wzgl\u0119dem liczby ludno\u015bci miasto na \u015arodkowym Zachodzie i 37. pod wzgl\u0119dem liczby ludno\u015bci miasto w Stanach Zjednoczonych, liczy\u0142o 508 090 mieszka\u0144c\u00f3w.<\/p>","protected":false},"author":1,"featured_media":3057,"parent":8072,"menu_order":0,"comment_status":"closed","ping_status":"closed","template":"elementor_theme","meta":{"_eb_attr":"","footnotes":""},"class_list":["post-8139","page","type-page","status-publish","has-post-thumbnail"],"_links":{"self":[{"href":"https:\/\/travelshelper.com\/pl\/wp-json\/wp\/v2\/pages\/8139","targetHints":{"allow":["GET"]}}],"collection":[{"href":"https:\/\/travelshelper.com\/pl\/wp-json\/wp\/v2\/pages"}],"about":[{"href":"https:\/\/travelshelper.com\/pl\/wp-json\/wp\/v2\/types\/page"}],"author":[{"embeddable":true,"href":"https:\/\/travelshelper.com\/pl\/wp-json\/wp\/v2\/users\/1"}],"replies":[{"embeddable":true,"href":"https:\/\/travelshelper.com\/pl\/wp-json\/wp\/v2\/comments?post=8139"}],"version-history":[{"count":0,"href":"https:\/\/travelshelper.com\/pl\/wp-json\/wp\/v2\/pages\/8139\/revisions"}],"up":[{"embeddable":true,"href":"https:\/\/travelshelper.com\/pl\/wp-json\/wp\/v2\/pages\/8072"}],"wp:featuredmedia":[{"embeddable":true,"href":"https:\/\/travelshelper.com\/pl\/wp-json\/wp\/v2\/media\/3057"}],"wp:attachment":[{"href":"https:\/\/travelshelper.com\/pl\/wp-json\/wp\/v2\/media?parent=8139"}],"curies":[{"name":"wp","href":"https:\/\/api.w.org\/{rel}","templated":true}]}}