{"id":8116,"date":"2024-09-01T02:05:01","date_gmt":"2024-09-01T02:05:01","guid":{"rendered":"https:\/\/travelshelper.com\/staging\/?page_id=8116"},"modified":"2026-03-13T17:47:37","modified_gmt":"2026-03-13T17:47:37","slug":"indianapolis","status":"publish","type":"page","link":"https:\/\/travelshelper.com\/pl\/destinations\/north-america\/united-states\/indianapolis\/","title":{"rendered":"Indianapolis"},"content":{"rendered":"<p>Indianapolis, stolica i najwi\u0119ksze miasto Indiany, jest wa\u017cnym centrum kultury i handlu \u015arodkowego Zachodu. Cz\u0119sto nazywane \u201eCircle City\u201d i \u201eCrossroads of America\u201d, Indy stanowi centrum miejskie stanu z populacj\u0105 oko\u0142o 880 000 (spis z 2020 r.) i obszarem metropolitalnym licz\u0105cym ponad 2 miliony mieszka\u0144c\u00f3w. Le\u017cy nad rzek\u0105 White River (u zbiegu z Fall Creek) w \u015brodkowej Indianie. Obecnie Indianapolis jest g\u0142\u00f3wnym o\u015brodkiem transportu i dystrybucji (droga, kolej i powietrze), le\u017c\u0105cym w \u017cyznym Corn Belt z klimatem ciep\u0142ych, wilgotnych lat i zimnych zim. Jego gospodarka jest szeroka: Indianapolis plasuje si\u0119 mniej wi\u0119cej na 28. miejscu pod wzgl\u0119dem wielko\u015bci gospodarki metropolitalnej USA, nap\u0119dzanej przez bran\u017ce od farmaceutycznej i motoryzacyjnej po technologi\u0119 i opiek\u0119 zdrowotn\u0105. W ci\u0105gu ostatnich dziesi\u0119cioleci populacja i wp\u0142ywy miasta znacznie wzros\u0142y, nap\u0119dzaj\u0105c obecnie zr\u00f3\u017cnicowan\u0105 lokaln\u0105 gospodark\u0119.<\/p>\n<h2>Indianapolis w liczbach<\/h2>\n<p>Samo Indianapolis (po\u0142\u0105czone miasto-hrabstwo) mia\u0142o 887 642 mieszka\u0144c\u00f3w wed\u0142ug spisu z 2020 r. W ostatnich latach populacja miasta ustabilizowa\u0142a si\u0119 na tym poziomie, podczas gdy szerszy region metropolitalny Indianapolis przekracza 2 miliony. Gospodarka metropolitalna przekracza 145 miliard\u00f3w dolar\u00f3w (dane z 2019 r.), co czyni j\u0105 mniej wi\u0119cej 28. co do wielko\u015bci w kraju. Pod wzgl\u0119dem rasy i pochodzenia etnicznego miasto jest coraz bardziej zr\u00f3\u017cnicowane. Biali nieb\u0119d\u0105cy Latynosami stanowi\u0105 oko\u0142o po\u0142ow\u0119 populacji (oko\u0142o 50\u201354%), Afroamerykanie oko\u0142o 28%, a oko\u0142o 12\u201313% mieszka\u0144c\u00f3w identyfikuje si\u0119 jako Latynosi lub Hiszpanie. Mniejsze spo\u0142eczno\u015bci azjatyckie (oko\u0142o 4%) i wielorasowe r\u00f3wnie\u017c przyczyniaj\u0105 si\u0119. Mediana wieku wynosi oko\u0142o 35 lat, a mediana dochodu gospodarstwa domowego wynosi oko\u0142o 63 000 dolar\u00f3w. Przy wska\u017aniku ub\u00f3stwa na poziomie kilkunastu procent standard \u017cycia w Indianapolis jest mniej wi\u0119cej zgodny z normami krajowymi (koszty \u017cycia s\u0105 o oko\u0142o 7% ni\u017csze od \u015bredniej krajowej).<\/p>\n<p>Ekonomicznie, Indianapolis i jego region maj\u0105 mieszank\u0119 zaawansowanej produkcji, nauk przyrodniczych, logistyki i przemys\u0142u us\u0142ugowego. Co godne uwagi, miasto jest kotwic\u0105 wielu firm z listy Fortune 500 (ochrona zdrowia, ubezpieczenia, farmaceutyka), a region jest \u015bwiatowym liderem w dziedzinie farmaceutyki i zdrowia zwierz\u0105t. (Na przyk\u0142ad, Eli Lilly ma swoj\u0105 siedzib\u0119 w pobli\u017cu). Inne wa\u017cne sektory to produkcja motoryzacyjna i lotnicza, technologia informacyjna i finanse. Transport jest centralny: lotnisko Indianapolis, stacje kolejowe i w\u0119z\u0142y autostradowe stanowi\u0105 w\u0119ze\u0142 dla Corn Belt. W rzeczywisto\u015bci, jedno z ostatnich podsumowa\u0144 zauwa\u017ca, \u017ce \u200b\u200bgospodarka Indy jest sklasyfikowana jako 28. co do wielko\u015bci w USA, z g\u0142\u00f3wn\u0105 koncentracj\u0105 bran\u017c od \u201efarmaceutyki i transportu po technologi\u0119 i opiek\u0119 zdrowotn\u0105\u201d. Opieka zdrowotna jest r\u00f3wnie\u017c kluczowym lokalnym sektorem (z kilkoma du\u017cymi systemami szpitalnymi i o\u015brodkiem medycznym Uniwersytetu Indiany). Og\u00f3lnie rzecz bior\u0105c, Indianapolis mo\u017ce pochwali\u0107 si\u0119 dzisiejsz\u0105 gospodark\u0105, kt\u00f3ra \u0142\u0105czy korzenie przemys\u0142owe \u015arodkowego Zachodu (produkcja, logistyka) z rozwijaj\u0105cymi si\u0119 bran\u017cami high-tech i badawczymi.<\/p>\n<h2>Lokalizacja<\/h2>\n<p>Geograficznie Indianapolis le\u017cy w \u015brodkowo-wschodniej cz\u0119\u015bci \u015arodkowego Zachodu Ameryki P\u00f3\u0142nocnej, w stanie Indiana (\u015brodkowo-zachodnie Stany Zjednoczone). Miasto jest zasadniczo p\u0142askie lub lekko pag\u00f3rkowate, jest cz\u0119\u015bci\u0105 rozleg\u0142ego regionu Wielkich Jezior R\u00f3wninnych i Pasa Kukurydzy. Le\u017cy nad rzek\u0105 White River (u uj\u015bcia Fall Creek) w centrum hrabstwa Marion. Okoliczny krajobraz to g\u0142\u00f3wnie tereny rolnicze i zabudowa miejska, a nie g\u00f3ry lub wybrze\u017ca morskie. Miasto znajduje si\u0119 oko\u0142o 115 mil na zach\u00f3d od Cincinnati i 170 mil na p\u00f3\u0142noc od Louisville. Autostrady mi\u0119dzystanowe I-65, I-70 i I-74 zbiegaj\u0105 si\u0119 w centrum miasta lub w jego pobli\u017cu, co czyni je dos\u0142ownie \u201eSkrzy\u017cowaniem Ameryki\u201d.<\/p>\n<p>Indianapolis ma wilgotny klimat kontynentalny (K\u00f6ppen Dfa). Lata s\u0105 ciep\u0142e do gor\u0105cych i wilgotnych, zimy s\u0105 zimne (cz\u0119sto \u015bnie\u017cne), a opady s\u0105 umiarkowane przez ca\u0142y rok. \u015arednie letnie maksima osi\u0105gaj\u0105 g\u00f3rne 80\u201390\u00b0F (oko\u0142o 30\u201335\u00b0C) z cz\u0119st\u0105 wilgotno\u015bci\u0105, podczas gdy zimowe minima mog\u0105 spa\u015b\u0107 poni\u017cej 20\u00b0F (\u20136\u00b0C) \u015brednio. Wiosna i jesie\u0144 s\u0105 do\u015b\u0107 \u0142agodne, chocia\u017c burze i ekstremalne warunki pogodowe (grad, sporadyczne tornada) wyst\u0119puj\u0105 w miesi\u0105cach przej\u015bciowych. Miasto wyra\u017anie widzi wszystkie cztery pory roku, z oko\u0142o 40 cali (1000 mm) opad\u00f3w rocznie.<\/p>\n<h2>Historyczny migawkowy obraz<\/h2>\n<p>Indianapolis zosta\u0142o celowo za\u0142o\u017cone na pocz\u0105tku XIX wieku jako stolica stanu Indiana. W 1821 roku stanowy parlament Indiany wyznaczy\u0142 Indianapolis na obszarze dawnych p\u00f3l uprawnych Indian Delaware. Miejsce to \u2013 wybrane ze wzgl\u0119du na centralne po\u0142o\u017cenie w nowym stanie \u2013 sta\u0142o si\u0119 siedzib\u0105 hrabstwa Marion w 1822 roku i formalnie zosta\u0142o wyznaczone na stolic\u0119 Indiany w 1825 roku. Wczesny wzrost by\u0142 powolny do po\u0142owy XIX wieku, ale po\u0142o\u017cenie miasta przy drodze krajowej (uko\u0144czonej do Indianapolis w 1827 roku) i p\u00f3\u017aniejsze przybycie kolei wywo\u0142a\u0142y boom. W 1861 roku Indianapolis by\u0142o g\u0142\u00f3wnym o\u015brodkiem kolejowym, a podczas wojny secesyjnej jego stacje kolejowe uczyni\u0142y z niego kluczowe centrum logistyczne Unii. W rezultacie w latach 1860\u20131870 populacja miasta wzros\u0142a ponad dwukrotnie.<\/p>\n<p>Pod koniec XIX i na pocz\u0105tku XX wieku Indianapolis szybko si\u0119 uprzemys\u0142owi\u0142o. Nowe ga\u0142\u0119zie przemys\u0142u, takie jak przetw\u00f3rstwo mi\u0119sa, obr\u00f3bka metali i ostatecznie produkcja samochod\u00f3w, zapu\u015bci\u0142y korzenie. Do 1890 roku liczba mieszka\u0144c\u00f3w miasta przekroczy\u0142a 100 000. Jednym z prze\u0142omowych wydarze\u0144 by\u0142o otwarcie Indianapolis Motor Speedway w 1909 roku (na przedmie\u015bciach Speedway); pierwszy wy\u015bcig Indianapolis 500 odby\u0142 si\u0119 tam w 1911 roku i sta\u0142 si\u0119 coroczn\u0105 tradycj\u0105 i symbolem miasta.<\/p>\n<p>Kluczowy punkt zwrotny nast\u0105pi\u0142 w 1970 r., kiedy w\u0142adze miasta Indianapolis i hrabstwa Marion po\u0142\u0105czy\u0142y si\u0119 pod nazw\u0105 \u201eUnigov\u201d. To skonsolidowa\u0142o granice Indianapolis praktycznie z dnia na dzie\u0144, w\u0142\u0105czaj\u0105c do struktury miasta miasta miasta odleg\u0142e miasta. Konsolidacja miasta i hrabstwa znacznie rozszerzy\u0142a baz\u0119 podatkow\u0105 i zasi\u0119g administracyjny (przy jednoczesnym pozostawieniu niekt\u00f3rym miastom, takim jak Lawrence i Beech Grove, pewnej autonomii). Pod koniec XX wieku Indianapolis \u015bwiadomie wypromowa\u0142o si\u0119 jako centrum sport\u00f3w amatorskich i zawodowych \u2013 buduj\u0105c Lucas Oil Stadium (siedzib\u0119 dru\u017cyny NFL Colts) i wspieraj\u0105c wydarzenia takie jak mistrzostwa NCAA \u2013 co stymulowa\u0142o wzrost gospodarczy i turystyk\u0119.<\/p>\n<p>Dzi\u015b dziedzictwo architektoniczne miasta z XIX i pocz\u0105tku XX wieku mo\u017cna zobaczy\u0107 w takich zabytkach jak Indiana Statehouse (uko\u0144czony w 1888 r.) i Soldiers&#039; and Sailors&#039; Monument (po\u015bwi\u0119cony w 1902 r. na Monument Circle). Fort Benjamin Harrison (za\u0142o\u017cony w 1903 r. na wsch\u00f3d od miasta) i pomniki I wojny \u015bwiatowej (na Plaza na p\u00f3\u0142noc od centrum) odzwierciedlaj\u0105 rozw\u00f3j obywatelski Indianapolis. Og\u00f3lnie rzecz bior\u0105c, historia Indianapolis to szybki wzrost w XIX wieku od miasta granicznego do nowoczesnego miasta, po kt\u00f3rym nast\u0105pi\u0142a ekspansja w po\u0142owie XX wieku i zmiana kulturowa pod koniec XX wieku w kierunku sportu, biznesu kongresowego i turystyki.<\/p>\n<h2>Kulturalna atmosfera<\/h2>\n<p>Indianapolis \u0142\u0105czy go\u015bcinno\u015b\u0107 \u015arodkowego Zachodu z zaskakuj\u0105co kosmopolityczn\u0105 atmosfer\u0105 swojego regionu. Dominuj\u0105cym j\u0119zykiem jest ameryka\u0144ski angielski, a miasto tradycyjnie by\u0142o w wi\u0119kszo\u015bci bia\u0142e; ale jak zauwa\u017cono powy\u017cej, spo\u0142eczno\u015bci afroameryka\u0144skie i latynoskie s\u0105 widoczne i rosn\u0105. Miejscowi ludzie cz\u0119sto nazywaj\u0105 siebie \u201eHoosiers\u201d (stanowy demonim) i s\u0105 znani z przyjaznego, przyziemnego nastawienia. Dzielnice maj\u0105 r\u00f3\u017cne smaki: na przyk\u0142ad centrum kulturalne \u015br\u00f3dmie\u015bcia to Monument Circle (\u201eCircle City\u201d), t\u0119tni\u0105ce \u017cyciem, ale zrelaksowane; Broad Ripple (na p\u00f3\u0142nocy) jest modne i artystyczne; dzielnica Mass Ave (Massachusetts Avenue) na wsch\u00f3d od \u015br\u00f3dmie\u015bcia jest znana z restauracji i teatru na \u017cywo; a obszary podmiejskie, takie jak Carmel i Fishers, otaczaj\u0105 metro podmiejskim, rodzinnym klimatem.<\/p>\n<p>Roczne wydarzenia kulturalne odzwierciedlaj\u0105 zar\u00f3wno tradycj\u0119, jak i r\u00f3\u017cnorodno\u015b\u0107. Najbardziej znanym jest majowy sezon wy\u015bcigowy obejmuj\u0105cy trwaj\u0105cy miesi\u0105c Festiwal 500, kt\u00f3ry ko\u0144czy si\u0119 wy\u015bcigiem samochodowym Indianapolis 500 \u2013 og\u00f3lnomiejsk\u0105 uroczysto\u015bci\u0105 z paradami i fajerwerkami. Lato przynosi Indiana State Fair (koniec lipca) \u2013 jeden z najwi\u0119kszych w regionie, na kt\u00f3rym odbywaj\u0105 si\u0119 wystawy rolnicze, targi, koncerty i zawody 4H. P\u00f3\u017ane lato obejmuje r\u00f3wnie\u017c Symphony on the Prairie i du\u017cy pokaz fajerwerk\u00f3w z okazji 4 lipca (cz\u0119sto odbywaj\u0105cy si\u0119 na USS Indianapolis Memorial w White River State Park). Wczesnym latem w centrum miasta odbywaj\u0105 si\u0119 Indy Jazz Fest i India fest, a p\u00f3\u017anym latem Indiana Black Expo Summer Celebration (g\u0142\u00f3wny festiwal kulturalny). Jesieni\u0105 odbywaj\u0105 si\u0119 festiwale s\u0105siedzkie (takie jak Irvington Halloween Festival i r\u00f3\u017cne wydarzenia futbolu akademickiego na pobliskich uniwersytetach). Zim\u0105 sezon wyznaczaj\u0105 roz\u015bwietlenia choinek i pokaz \u015bwiate\u0142 w zoo w centrum miasta.<\/p>\n<p>Kultura sportowa jest r\u00f3wnie\u017c wpleciona w codzienne \u017cycie. Indy ma profesjonalne dru\u017cyny w kilku g\u0142\u00f3wnych dyscyplinach sportowych: NFL Indianapolis Colts (pi\u0142ka no\u017cna) i NBA Indiana Pacers (koszyk\u00f3wka) graj\u0105 na stadionach w centrum miasta, a obie przyci\u0105gaj\u0105 zagorza\u0142ych fan\u00f3w. Wiosn\u0105 siedziba NCAA organizuje tutaj wydarzenia sportowe dla student\u00f3w; miasto cz\u0119sto go\u015bci r\u00f3wnie\u017c pr\u00f3by olimpijskie i futbol halowy. Wy\u015bcigi samochodowe pozostaj\u0105 legendarne (coroczny wy\u015bcig IndyCar przyci\u0105ga uwag\u0119 ca\u0142ego \u015bwiata). Istnieje r\u00f3wnie\u017c silna spo\u0142eczno\u015b\u0107 biegaczy i rowerzyst\u00f3w, kt\u00f3r\u0105 zach\u0119caj\u0105 liczne parki i szlaki (np. Monon Trail).<\/p>\n<p>Scena kulinarna i artystyczna rozkwit\u0142a ostatnio. Miasto zyska\u0142o reputacj\u0119 dzi\u0119ki rzemie\u015blniczym browarom i kreatywnej gastronomii; lokalne przysmaki obejmuj\u0105 kanapki z pol\u0119dwic\u0105 wieprzow\u0105, placek z kremem cukrowym Hoosier i odnowion\u0105 \u015bwiatowej klasy baskijsk\u0105 kuchni\u0119 w strefie Indy 500 pit. Organizacje artystyczne \u2013 od klasycznej (Indianapolis Symphony w Hilbert Circle Theatre) po wsp\u00f3\u0142czesn\u0105 (Clowes Memorial Hall na terenie kampusu Butler University) \u2013 wnosz\u0105 kulturowy rytm. Kr\u00f3tko m\u00f3wi\u0105c, Indianapolis oferuje zr\u00f3wnowa\u017con\u0105 atmosfer\u0119 \u201emiasta \u015brodkowo-zachodniego\u201d: przyjazne i dost\u0119pne, z udogodnieniami miejskimi, takimi jak muzea i uniwersytety, ale nigdy bez ciep\u0142a rodzinnego miasta Hoosier.<\/p>\n<h2>Najwa\u017cniejsze atrakcje<\/h2>\n<p>Indianapolis ma wiele atrakcji dla odwiedzaj\u0105cych, od kultowych pomnik\u00f3w po wybitne muzea. Do godnych uwagi atrakcji nale\u017c\u0105:<\/p>\n<ul>\n<li><strong>Muzeum Dzieci\u0119ce w Indianapolis<\/strong> \u2013 Najwi\u0119ksze na \u015bwiecie muzeum dla dzieci (za\u0142o\u017cone w 1926 r.) jest interaktywnym muzeum, kt\u00f3re przyci\u0105ga rodziny z ca\u0142ego kraju.<\/li>\n<li><strong>Park stanowy White River<\/strong> \u2013 Malowniczy park miejski wzd\u0142u\u017c rzeki White River, w kt\u00f3rym znajduje si\u0119 Indianapolis Zoo i Eiteljorg Museum of American Indians and Western Art. W parku znajduje si\u0119 r\u00f3wnie\u017c siedziba g\u0142\u00f3wna NCAA i Hall of Champions, a tak\u017ce szlaki i tereny zielone nad rzek\u0105.<\/li>\n<li><strong>Tor wy\u015bcigowy Indianapolis Motor Speedway (IMS)<\/strong> \u2013 Po\u0142o\u017cony tu\u017c za miastem, ten legendarny tor wy\u015bcigowy (na kt\u00f3rym odbywa si\u0119 wy\u015bcig Indianapolis 500) oferuje wycieczki, a przyleg\u0142y teren <strong>Muzeum Galerii S\u0142aw<\/strong> (prezentuj\u0105c historyczne samochody wy\u015bcigowe). Nawet fani nieb\u0119d\u0105cy fanami wy\u015bcig\u00f3w uwa\u017caj\u0105 histori\u0119 sport\u00f3w motorowych za fascynuj\u0105c\u0105.<\/li>\n<li><strong>Kr\u0105g Pomnikowy i Pomnik \u017bo\u0142nierzy i Marynarzy<\/strong> \u2013 Centrum \u015br\u00f3dmie\u015bcia, Monument Circle (uko\u0144czony w 1902 r.), to 284-stopowy Indiana Soldiers&#039; and Sailors&#039; Monument. Plac wok\u00f3\u0142 niego oddaje ho\u0142d weteranom wojennym Indiany i stanowi punkt centralny parad i zgromadze\u0144. W pobli\u017cu znajduj\u0105 si\u0119 Indiana State Capitol i War Memorial Plaza (lata 30. XX w.), wszystkie zbudowane z lokalnego wapienia i odzwierciedlaj\u0105ce dziedzictwo miasta.<\/li>\n<li><strong>Muzeum Sztuki w Indianapolis (Newfields)<\/strong> \u2013 Kilka mil na p\u00f3\u0142noc od centrum miasta, Newfields jest du\u017cym muzeum sztuki z rozleg\u0142ymi ogrodami. Jego kolekcja obejmuje 5000 lat sztuki, a teren obejmuje park 100 Acres i Lilly House.<\/li>\n<li><strong>Szlak kulturowy i dzielnica artystyczna Mass Avenue<\/strong> \u2013 Indianapolis Cultural Trail to 8-milowa miejska \u015bcie\u017cka spacerowo-rowerowa \u0142\u0105cz\u0105ca dzielnice \u015br\u00f3dmiejskie. Wzd\u0142u\u017c niej, w dzielnicy Massachusetts Avenue (\u201eMass Ave\u201d) znajduj\u0105 si\u0119 teatry, galerie, butiki i restauracje \u2013 odzwierciedlaj\u0105ce rozwijaj\u0105c\u0105 si\u0119 scen\u0119 artystyczn\u0105 Indy.<\/li>\n<li><strong>Kapitol Stanowy i Rezydencja Gubernatora<\/strong> \u2013 Elegancki Statehouse w Indianie (1888) jest otwarty na wycieczki. Zobacz tak\u017ce rezydencj\u0119 gubernatora (oficjalny dom) i odnowiony Indiana War Memorial (muzeum i ogrody II wojny \u015bwiatowej).<\/li>\n<li><strong>Stadion Lucas Oil i Gainbridge Fieldhouse<\/strong> \u2013 Dla fan\u00f3w sportu obejrzenie meczu NFL (Colts) lub NBA (Pacers\/Fever) to kwintesencja wra\u017ce\u0144 Indy na dw\u00f3ch najnowocze\u015bniejszych arenach (otwartych odpowiednio w 2008 i 1999 roku).<\/li>\n<\/ul>\n<p>Do ka\u017cdej z tych atrakcji mo\u017cna \u0142atwo dotrze\u0107 z centrum miasta. Zwiedzanie miasta jest uatrakcyjnione przez przyjazne pieszym centrum miasta i cz\u0119ste wydarzenia kulturalne (sezonowe festiwale, koncerty plenerowe, targi rolne). Wielu odwiedzaj\u0105cych po prostu lubi \u201espacery po pomnikach\u201d wok\u00f3\u0142 centrum Circle, a nast\u0119pnie wizyty w muzeach lub spacery w White River State Park.<\/p>\n<h2>Praktyczny przegl\u0105d<\/h2>\n<p>G\u0142\u00f3wn\u0105 bram\u0105 powietrzn\u0105 jest Indianapolis International Airport (IND), oko\u0142o 15 mil na po\u0142udniowy zach\u00f3d od centrum miasta. IND oferuje liczne po\u0142\u0105czenia krajowe (Atlanta, Chicago, Denver itp.) i kilka tras mi\u0119dzynarodowych. Nie ma bezpo\u015bredniego po\u0142\u0105czenia kolejowego Amtrak do Indianapolis; autobusy mi\u0119dzymiastowe (Greyhound, Barons) przyje\u017cd\u017caj\u0105 na stacj\u0119 intermodaln\u0105 miasta w centrum miasta. G\u0142\u00f3wne autostrady (I-65 z Chicago\/Alabama, I-70 z Ohio\/Kentucky, I-74 z Illinois) zbiegaj\u0105 si\u0119 w Indianapolis, dzi\u0119ki czemu mo\u017cna \u0142atwo dojecha\u0107 samochodem.<\/p>\n<p>Po przybyciu do miasta, centrum Indianapolis jest stosunkowo kompaktowe. Popularnym sposobem na zobaczenie obszaru Circle and Canal jest przej\u015bcie przez Joliet\u2013Indianapolis Skywalk i \u015bcie\u017ck\u0119 rowerow\u0105 lub skorzystanie z wycieczki bryczk\u0105 w cieplejszych miesi\u0105cach. IndyGo, operator transportu publicznego w mie\u015bcie, obs\u0142uguje linie autobusowe w ca\u0142ym mie\u015bcie i na przedmie\u015bciach (wi\u0119kszo\u015b\u0107 wymaga niewielkiej op\u0142aty; nale\u017cy pami\u0119ta\u0107, \u017ce szybki autobus Red Line to nowsza, cz\u0119sto kursuj\u0105ca linia). Jednak wi\u0119kszo\u015b\u0107 kultury i \u017cycia nocnego Indianapolis jest rozproszona, wi\u0119c wielu odwiedzaj\u0105cych woli taks\u00f3wki lub przejazdy wsp\u00f3\u0142dzielone (Uber\/Lyft) dla wygody. Parking jest obfity w centrum i w atrakcjach podmiejskich (cz\u0119sto bezp\u0142atny lub niedrogi). Rowery i hulajnogi elektryczne s\u0105 popularne na utwardzonych szlakach (takich jak Monon Trail), szczeg\u00f3lnie przy \u0142adnej pogodzie.<\/p>\n<p>Walut\u0105 s\u0105 dolary ameryka\u0144skie. Napiwki s\u0105 zwyczajowe (oko\u0142o 15\u201320% w restauracjach lub biurach podr\u00f3\u017cy). Powszechnie m\u00f3wi si\u0119 po angielsku, chocia\u017c w\u015br\u00f3d mieszka\u0144c\u00f3w mo\u017cna us\u0142ysze\u0107 troch\u0119 hiszpa\u0144skiego lub innych j\u0119zyk\u00f3w. Region jest og\u00f3lnie bardzo bezpieczny dla podr\u00f3\u017cnych; w weekendy centrum t\u0119tni \u017cyciem do p\u00f3\u017anych godzin wieczornych, chocia\u017c obowi\u0105zuj\u0105 typowe dla miasta \u015brodki ostro\u017cno\u015bci przeciwko drobnym kradzie\u017com. Wi\u0119kszo\u015b\u0107 Amerykan\u00f3w je\u017adzi praw\u0105 stron\u0105 drogi i korzysta z gniazdek elektrycznych 120 V (wtyczki typu A\/B). Nie s\u0105 wymagane \u017cadne specjalne szczepienia ani wizy dla podr\u00f3\u017cnych z Ameryki P\u00f3\u0142nocnej lub Europy. System bezpiecze\u0144stwa lotniska wymaga okazania dokumentu to\u017csamo\u015bci ze zdj\u0119ciem w przypadku lot\u00f3w krajowych, a obowi\u0105zuj\u0105 standardowe zasady ameryka\u0144skiej TSA (limity p\u0142yn\u00f3w itp.).<\/p>\n<p>Og\u00f3lnie rzecz bior\u0105c, Indianapolis oferuje odwiedzaj\u0105cym po raz pierwszy \u0142atwe wprowadzenie do \u017cycia w mie\u015bcie Midwest w USA: angloj\u0119zyczni mieszka\u0144cy, dobre drogi, przewidywalne wzorce pogody i wszystkie najwa\u017cniejsze nowoczesne udogodnienia. Odwiedzaj\u0105cy mog\u0105 bezpiecznie cieszy\u0107 si\u0119 r\u00f3\u017cnorodnym miastem \u2013 od muze\u00f3w \u015bwiatowej klasy po festiwale s\u0105siedzkie \u2013 z pewno\u015bci\u0105, \u017ce us\u0142ugi konsumenckie w ameryka\u0144skim stylu (karty kredytowe, bankomaty, apteki) s\u0105 wsz\u0119dzie. Podczas jednej podr\u00f3\u017cy mo\u017cna do\u015bwiadczy\u0107 kultury, architektury i go\u015bcinno\u015bci Hoosier w dobrze zorganizowanym otoczeniu miejskim.<a href=\"https:\/\/travelshelper.com\/pl\/miejsca-docelowe\/ameryka-polnocna\/stany-zjednoczone-ameryki\/berkeley-springs\/\" target=\"_self\" aria-labelledby=\"uael-post-8997\"><br \/>\n<\/a><\/p>","protected":false},"excerpt":{"rendered":"<p>Indianapolis, powszechnie nazywane Indy, jest stolic\u0105 i najludniejszym miastem ameryka\u0144skiego stanu Indiana, a tak\u017ce siedzib\u0105 hrabstwa Marion. Po\u0142o\u017cone w centralnej r\u00f3wninie tillowej stanu wzd\u0142u\u017c zachodniego odnogi rzeki White River, Indianapolis przyj\u0119\u0142o oficjalny przydomek \u201eCrossroads of America\u201d. To has\u0142o oddaje zar\u00f3wno jego historyczne znaczenie jako w\u0119z\u0142a transportowego, jak i jego wzgl\u0119dn\u0105 blisko\u015b\u0107 do innych g\u0142\u00f3wnych rynk\u00f3w Ameryki P\u00f3\u0142nocnej.<\/p>","protected":false},"author":1,"featured_media":3199,"parent":8072,"menu_order":0,"comment_status":"closed","ping_status":"closed","template":"elementor_theme","meta":{"_eb_attr":"","footnotes":""},"class_list":["post-8116","page","type-page","status-publish","has-post-thumbnail"],"_links":{"self":[{"href":"https:\/\/travelshelper.com\/pl\/wp-json\/wp\/v2\/pages\/8116","targetHints":{"allow":["GET"]}}],"collection":[{"href":"https:\/\/travelshelper.com\/pl\/wp-json\/wp\/v2\/pages"}],"about":[{"href":"https:\/\/travelshelper.com\/pl\/wp-json\/wp\/v2\/types\/page"}],"author":[{"embeddable":true,"href":"https:\/\/travelshelper.com\/pl\/wp-json\/wp\/v2\/users\/1"}],"replies":[{"embeddable":true,"href":"https:\/\/travelshelper.com\/pl\/wp-json\/wp\/v2\/comments?post=8116"}],"version-history":[{"count":0,"href":"https:\/\/travelshelper.com\/pl\/wp-json\/wp\/v2\/pages\/8116\/revisions"}],"up":[{"embeddable":true,"href":"https:\/\/travelshelper.com\/pl\/wp-json\/wp\/v2\/pages\/8072"}],"wp:featuredmedia":[{"embeddable":true,"href":"https:\/\/travelshelper.com\/pl\/wp-json\/wp\/v2\/media\/3199"}],"wp:attachment":[{"href":"https:\/\/travelshelper.com\/pl\/wp-json\/wp\/v2\/media?parent=8116"}],"curies":[{"name":"wp","href":"https:\/\/api.w.org\/{rel}","templated":true}]}}