{"id":7755,"date":"2024-08-28T18:34:22","date_gmt":"2024-08-28T18:34:22","guid":{"rendered":"https:\/\/travelshelper.com\/staging\/?page_id=7755"},"modified":"2026-03-13T16:45:40","modified_gmt":"2026-03-13T16:45:40","slug":"haiti","status":"publish","type":"page","link":"https:\/\/travelshelper.com\/pl\/destinations\/north-america\/haiti\/","title":{"rendered":"Haiti"},"content":{"rendered":"<p>Haiti przedstawia si\u0119 jako kraina kontrast\u00f3w: nar\u00f3d licz\u0105cy 11,4 miliona mieszka\u0144c\u00f3w (szacunki na 2025 r.) rozci\u0105gaj\u0105cy si\u0119 na 27 750 km\u00b2 g\u00f3rzystego terenu i r\u00f3wnin przybrze\u017cnych; zajmuje zachodnie trzy \u00f3sme Hispanioli, le\u017c\u0105c na wsch\u00f3d od Kuby i Jamajki oraz na po\u0142udnie od Baham\u00f3w. Port-au-Prince, jego stolica i najwi\u0119ksze miasto, stanowi kotwic\u0119 dla narodu, kt\u00f3rego mniej wi\u0119cej podkowiasty kszta\u0142t zapewnia mu nieproporcjonalnie d\u0142ug\u0105 lini\u0119 brzegow\u0105 o d\u0142ugo\u015bci 1 771 km. Na tym zwartym obszarze Haiti ukazuje si\u0119 jako najludniejszy i najbardziej dziki kraj Karaib\u00f3w, kt\u00f3rego to\u017csamo\u015b\u0107 kszta\u0142tuje rze\u017aba terenu w takim samym stopniu, jak historia. Poni\u017csza relacja, zaczerpni\u0119ta wy\u0142\u0105cznie z oficjalnych zapis\u00f3w, d\u0105\u017cy do zintegrowanego zrozumienia jego form terenu, klimatu, ludzkiej tkanki i bie\u017c\u0105cych wyzwa\u0144 \u2014 obserwowanych przez pryzmat podr\u00f3\u017cnika, kt\u00f3ry zna ka\u017cdy jego kontur.<\/p>\n<p>Wznosz\u0105ce si\u0119 gwa\u0142townie z w\u0105skich r\u00f3wnin przybrze\u017cnych, wn\u0119trze Haiti jest mozaik\u0105 pasm g\u00f3rskich i dolin rzecznych. Massif du Nord, przed\u0142u\u017cenie Kordyliery Centralnej Dominikany, rozci\u0105ga si\u0119 na p\u00f3\u0142nocny zach\u00f3d od rzeki Guayamouc, ko\u0144cz\u0105c si\u0119 na czubku p\u00f3\u0142wyspu. Poni\u017cej le\u017cy Plaine du Nord, nizinny korytarz obejmuj\u0105cy p\u00f3\u0142nocn\u0105 granic\u0119 i Atlantyk, gdzie osadnictwo i uprawa koncentruj\u0105 si\u0119 pod os\u0142on\u0105 g\u00f3r. Tutaj wzajemne oddzia\u0142ywanie wysoko\u015bci i ekspozycji definiuje lokalne mikroklimaty: wilgo\u0107 utrzymuje si\u0119 na nawietrznych zboczach, podczas gdy zawietrzne doliny piek\u0105 si\u0119 pod tropikalnym s\u0142o\u0144cem.<\/p>\n<p>Central Haiti rozci\u0105ga si\u0119 w szeregu p\u0142askowy\u017c\u00f3w i dolin. P\u0142askowy\u017c Centralny obrze\u017ca obu brzeg\u00f3w rzeki Guayamouc, opadaj\u0105c z po\u0142udniowego wschodu na p\u00f3\u0142nocny zach\u00f3d. Na po\u0142udniowym zachodzie wznosz\u0105 si\u0119 Montagnes Noires, kt\u00f3rych podn\u00f3\u017ca \u0142\u0105cz\u0105 si\u0119 z p\u00f3\u0142nocnym masywem. Pomi\u0119dzy tymi pasmami g\u00f3r Plaine de l&#039;Artibonite ro\u015bci sobie pierwsze\u0144stwo: jest wystarczaj\u0105co rozleg\u0142y, aby utrzyma\u0107 g\u0142\u00f3wn\u0105 produkcj\u0119 roln\u0105 kraju, jest siedzib\u0105 Riviere l&#039;Artibonite, najd\u0142u\u017cszej rzeki Haiti, kt\u00f3ra p\u0142ynie z Dominikany do Zatoki Gon\u00e2ve. W po\u0142owie jej biegu Lac de P\u00e9ligre \u2014 drugie co do wielko\u015bci jezioro Haiti \u2014 pojawi\u0142o si\u0119 dopiero po tym, jak w po\u0142owie XX wieku wybudowano tam\u0119, kt\u00f3ra przekszta\u0142ci\u0142a dolin\u0119.<\/p>\n<p>Na po\u0142udniu region Xaragua obejmuje zar\u00f3wno Plaine du Cul-de-Sac, jak i p\u00f3\u0142wysep Tiburon. Cul-de-Sac le\u017cy jako naturalne zag\u0142\u0119bienie, a jego s\u0142one stawy \u2014 Trou Ca\u00efman i wi\u0119kszy \u00c9tang Saumatre \u2014 odbijaj\u0105 niebo i s\u0142o\u0144ce w lustrzanej ciszy. Dalej, Cha\u00eene de la Selle rozci\u0105ga si\u0119 od Massif de la Selle na wschodzie do Massif de la Hotte na zachodzie, \u0142\u0105cz\u0105c po\u0142udniowy grzbiet wyspy. Ka\u017cdy grzbiet i dolina tutaj m\u00f3wi\u0105 o wstrz\u0105sach tektonicznych, kt\u00f3re rze\u017abi\u0142y profil Haiti przez tysi\u0105clecia.<\/p>\n<p>Na obrze\u017cach Haiti znajduj\u0105 si\u0119 rozproszone wyspy, kt\u00f3re maj\u0105 w\u0142asn\u0105 histori\u0119. Tortuga, u wybrze\u017cy p\u00f3\u0142nocnych, przywo\u0142uje obrazy korsarzy z XVII wieku. Gon\u00e2ve, najwi\u0119ksza z nich, unosi si\u0119 w Zatoce Gonave, a jej wiejskie wioski s\u0105 po\u0142\u0105czone ze stolic\u0105 niebezpiecznymi szlakami morskimi. \u00cele \u00e0 Vache le\u017cy na po\u0142udniowym zachodzie, podczas gdy Cayemites strzeg\u0105 p\u00f3\u0142nocnego podej\u015bcia do Pestel. Nawet wyspa Navassa, czterdzie\u015bci mil morskich na zach\u00f3d od J\u00e9r\u00e9mie, figuruje w terytorialnym zasi\u0119gu Haiti, cho\u0107 administrowana przez Stany Zjednoczone po\u015br\u00f3d trwaj\u0105cego sporu.<\/p>\n<p>Klimat Haiti jest zgodny z normami tropikalnymi, modyfikowanymi przez rze\u017ab\u0119 terenu. W Port-au-Prince temperatury w styczniu wahaj\u0105 si\u0119 od 23 \u00b0C do 31 \u00b0C; w lipcu minima osi\u0105gaj\u0105 25 \u00b0C, maksima zbli\u017caj\u0105 si\u0119 do 35 \u00b0C. Ca\u0142kowite opady wynosz\u0105 \u015brednio 1370 mm rocznie, koncentruj\u0105c si\u0119 w dw\u00f3ch porach deszczowych \u2014 od kwietnia do czerwca i od pa\u017adziernika do listopada \u2014 podczas gdy pora sucha trwa od listopada do stycznia. Te rytmy reguluj\u0105 cykle uprawy, zaopatrzenia w wod\u0119 i dzia\u0142alno\u015bci cz\u0142owieka.<\/p>\n<p>R\u00f3\u017cnice w opadach deszczu s\u0105 wyra\u017ane. Nizinne r\u00f3wniny oraz p\u00f3\u0142nocne i wschodnie stoki g\u00f3rskie otrzymuj\u0105 wi\u0119ksze opady, co sprzyja powstawaniu kieszeni zieleni. Jednak w innych obszarach sk\u0105pe opady sta\u0142y si\u0119 powtarzaj\u0105cym si\u0119 kryzysem, poniewa\u017c wylesianie przyspiesza sp\u0142yw, podwa\u017caj\u0105c retencj\u0119 wody. Okresowe susze i powodzie przeplataj\u0105 si\u0119 z zagro\u017ceniami huraganowymi, a wp\u0142yw ka\u017cdego z tych ekstrem\u00f3w jest spot\u0119gowany przez ogo\u0142ocone zbocza wzg\u00f3rz, kt\u00f3re nie wi\u0105\u017c\u0105 gleby i spowalniaj\u0105 potoki.<\/p>\n<p>Wstrz\u0105sy sejsmiczne podkre\u015blaj\u0105 podatno\u015b\u0107 Haiti. Po\u0142o\u017cone w pobli\u017cu granicy p\u0142yt tektonicznych Ameryki P\u00f3\u0142nocnej i Karaib\u00f3w, znosi trz\u0119sienia ziemi i sztormy z niewielkim ostrze\u017ceniem. Katastrofa z 2010 r. i towarzysz\u0105cy jej wybuch cholery pokaza\u0142y krucho\u015b\u0107 infrastruktury i zdrowia publicznego w obliczu si\u0142 natury \u2014 przypominaj\u0105c, \u017ce kontekst geologiczny kszta\u0142tuje wi\u0119cej ni\u017c topografia.<\/p>\n<p>Pod wzgl\u0119dem demograficznym Haiti ma \u015brednio oko\u0142o 350 os\u00f3b na kilometr kwadratowy, przy czym g\u0119sto\u015b\u0107 zaludnienia jest najwi\u0119ksza w o\u015brodkach miejskich, r\u00f3wninach przybrze\u017cnych i dost\u0119pnych dolinach. W 2018 r. populacja szacowana by\u0142a na oko\u0142o 10,8 miliona; w po\u0142owie 2025 r. oficjalne dane wskazuj\u0105 na 11,4 miliona, czyli prawie po\u0142ow\u0119 poni\u017cej dwudziestego roku \u017cycia wed\u0142ug wcze\u015bniejszych spis\u00f3w. Szybki wzrost obci\u0105\u017ca zasoby w kraju, w kt\u00f3rym infrastruktura, edukacja i opieka zdrowotna maj\u0105 problemy z nad\u0105\u017caniem.<\/p>\n<p>Ekonomicznie Haiti pozostaje jednym z najbiedniejszych w Ameryce. PKB na mieszka\u0144ca wynosi oko\u0142o 1800 USD, podczas gdy ca\u0142kowita produkcja zbli\u017ca si\u0119 do 19,97 mld USD (dane z 2017 r.). Haita\u0144skie gourde jest walut\u0105 w obiegu. Pomimo rozwijaj\u0105cej si\u0119 bran\u017cy turystycznej, uporczywa korupcja, zmienno\u015b\u0107 polityczna i niedob\u00f3r us\u0142ug utrudniaj\u0105 dywersyfikacj\u0119. Wysokie bezrobocie i powtarzaj\u0105ca si\u0119 emigracja podkre\u015blaj\u0105 ograniczone mo\u017cliwo\u015bci krajowe.<\/p>\n<p>Trz\u0119sienie ziemi w 2010 r. spowodowa\u0142o gwa\u0142towny spadek handlu; PKB wed\u0142ug parytetu si\u0142y nabywczej spad\u0142 o 8 procent, z 12,15 miliarda dolar\u00f3w do 11,18 miliarda dolar\u00f3w. W tym roku Haiti zaj\u0119\u0142o 145. miejsce na 182 w Indeksie Rozwoju Spo\u0142ecznego ONZ, a ponad 57 procent populacji by\u0142o pozbawione co najmniej trzech podstawowych miar ub\u00f3stwa. Liczby te dokumentuj\u0105 kraj, w kt\u00f3rym wzrost i dobrobyt pozostaj\u0105 w tyle za potencja\u0142em, ograniczone zar\u00f3wno przez wyzwania strukturalne, jak i cykliczne.<\/p>\n<p>Jednak rz\u0105d uzna\u0142 turystyk\u0119 za sektor strategiczny. Bia\u0142e piaszczyste pla\u017ce, majestatyczne g\u00f3ry i jednolity ciep\u0142y klimat oferuj\u0105 atrakcje, kt\u00f3re dor\u00f3wnuj\u0105 tym w s\u0105siednich miejscach. W 2014 r. Haiti odwiedzi\u0142o 1,25 mln os\u00f3b \u2014 wi\u0119kszo\u015b\u0107 przyby\u0142a statkami wycieczkowymi \u2014 i wygenerowa\u0142o oko\u0142o 200 mln USD przychod\u00f3w z turystyki. Dzia\u0142ania promocyjne pa\u0144stwa k\u0142ad\u0105 nacisk na dziedzictwo naturalne i kulturowe, chocia\u017c globalne postrzeganie niepewno\u015bci i niedorozwoju hamuje nap\u0142ywy.<\/p>\n<p>Nast\u0119pnie nast\u0105pi\u0142y inwestycje w infrastruktur\u0119 hotelarsk\u0105. W tym samym roku Best Western Premier otworzy\u0142 si\u0119 obok pi\u0119ciogwiazdkowego Royal Oasis by Occidental w P\u00e9tion-Ville, a czterogwiazdkowy Marriott rozpocz\u0105\u0142 dzia\u0142alno\u015b\u0107 w Turgeau, Port-au-Prince. Dalsze inwestycje pojawi\u0142y si\u0119 w Port-au-Prince, Les Cayes, Cap-Ha\u00eftien i Jacmel. Jednak ekspansja sektora pozostaje skromna w stosunku do potencja\u0142u krajobrazowego kraju i pozostaje w tyle za regionalnymi odpowiednikami.<\/p>\n<p>Transport l\u0105dowy opiera si\u0119 na dw\u00f3ch g\u0142\u00f3wnych autostradach. Route Nationale No. 1 rozpoczyna si\u0119 w Port-au-Prince, przecinaj\u0105c Montrouis i Gona\u00efves, a nast\u0119pnie ko\u0144cz\u0105c si\u0119 w Cap-Ha\u00eftien na p\u00f3\u0142nocy. Route Nationale No. 2 \u0142\u0105czy stolic\u0119 z Les Cayes przez L\u00e9og\u00e2ne i Petit-Go\u00e2ve na po\u0142udniu. Niemniej jednak warunki drogowe s\u0105 na og\u00f3\u0142 z\u0142e, a dziury i erozja sprawiaj\u0105, \u017ce wiele odcink\u00f3w staje si\u0119 nieprzejezdnych podczas ulewnych deszczy.<\/p>\n<p>Obiekty morskie skupiaj\u0105 si\u0119 w mi\u0119dzynarodowym porcie Port-au-Prince, kt\u00f3ry \u2014 pomimo d\u017awig\u00f3w, du\u017cych nabrze\u017cy i rozleg\u0142ych magazyn\u00f3w \u2014 pozostaje niewykorzystany, by\u0107 mo\u017ce z powodu wysokich op\u0142at. Saint-Marc sta\u0142 si\u0119 preferowanym punktem wej\u015bcia dla d\u00f3br konsumpcyjnych, co odzwierciedla ograniczenia logistyczne stolicy. Wcze\u015bniejsze sieci kolejowe popad\u0142y w ruin\u0119, a koszty ich renowacji uznano za zaporowe. Propozycje linii kolejowej \u201etrans-Hispaniola\u201d \u0142\u0105cz\u0105cej Haiti i Republik\u0119 Dominikany pojawi\u0142y si\u0119 w 2018 r., ale czekaj\u0105 na konkretne planowanie.<\/p>\n<p>Podr\u00f3\u017ce lotnicze koncentruj\u0105 si\u0119 na mi\u0119dzynarodowym lotnisku Toussaint L&#039;Ouverture, po\u0142o\u017conym dziesi\u0119\u0107 kilometr\u00f3w na p\u00f3\u0142nocny wsch\u00f3d od Port-au-Prince w Tabarre. Obs\u0142uguje wi\u0119kszo\u015b\u0107 ruchu r\u0119kawowego, obok mi\u0119dzynarodowego lotniska Cap-Ha\u00eftien, kt\u00f3re obs\u0142uguje przyloty z p\u00f3\u0142nocy. Mniejsze lotniska w Jacmel, J\u00e9r\u00e9mie, Les Cayes i Port-de-Paix obs\u0142uguj\u0105 regionalne linie lotnicze i prywatne statki. W maju 2024 r., po trzech miesi\u0105cach zamkni\u0119cia z powodu przemocy, Toussaint L&#039;Ouverture zosta\u0142o ponownie otwarte, gotowe z\u0142agodzi\u0107 niedobory lek\u00f3w i podstawowych artyku\u0142\u00f3w.<\/p>\n<p>Uzupe\u0142niaj\u0105c formalny transport, autobusy \u201etap tap\u201d poruszaj\u0105 si\u0119 po trasach miejskich i wiejskich. Te jaskrawo pomalowane autobusy lub pickupy \u2014 nazwane tak od kran\u00f3w, kt\u00f3re pasa\u017cerowie umieszczaj\u0105 na metalowym nadwoziu, aby zasygnalizowa\u0107 sw\u00f3j przystanek \u2014 dzia\u0142aj\u0105 jako taks\u00f3wki wsp\u00f3\u0142dzielone. B\u0119d\u0105ce w\u0142asno\u015bci\u0105 prywatn\u0105 i bogato zdobione, poruszaj\u0105 si\u0119 po ustalonych liniach i odje\u017cd\u017caj\u0105 tylko wtedy, gdy s\u0105 pe\u0142ne, oferuj\u0105c pasa\u017cerom wygod\u0119 wysiadania w dowolnym momencie na trasie.<\/p>\n<p>Pod tymi systemami fizycznymi kryje si\u0119 kryzys ekologiczny. Haiti pozostaje najbardziej wylesionym krajem na Karaibach. Proces ten zapocz\u0105tkowa\u0142y \u017c\u0105dania kolonialne dotycz\u0105ce monokultury upraw towarowych; odszkodowania dla Francji w XIX wieku pogorszy\u0142y go, co doprowadzi\u0142o do powszechnego wyr\u0119bu las\u00f3w. Obecnie produkcja w\u0119gla drzewnego do gotowania nadal jest g\u0142\u00f3wnym motorem utraty las\u00f3w. Rezultatem s\u0105 ogo\u0142ocone zbocza g\u00f3r, kt\u00f3re wzmacniaj\u0105 sp\u0142yw burzowy, zwi\u0119kszaj\u0105c ryzyko powodzi, osuwisk i lawin b\u0142otnych.<\/p>\n<p>Krajobraz Haiti uosabia zatem zar\u00f3wno odporno\u015b\u0107, jak i krucho\u015b\u0107. Jego szczyty i r\u00f3wniny wspieraj\u0105 dzia\u0142alno\u015b\u0107 rolnicz\u0105 i \u017cycie kulturalne, nawet gdy nara\u017caj\u0105 na zagro\u017cenia zwi\u0105zane z klimatem, geologi\u0105 i dzia\u0142alno\u015bci\u0105 cz\u0142owieka. Przemierzanie tego kraju oznacza bycie \u015bwiadkiem wsp\u00f3\u0142grania ziemi i \u015brodk\u00f3w do \u017cycia, dziedzictwa historycznego i naturalnych nakaz\u00f3w. W tych konturach historia Haiti trwa \u2014 zapisana w kamieniu, glebie i morzu.<\/p>","protected":false},"excerpt":{"rendered":"<p>Republika Haiti zajmuje zachodnie trzy \u00f3sme wyspy Hispaniola, kt\u00f3r\u0105 dzieli z Republik\u0105 Dominikany. Po\u0142o\u017cone na wsch\u00f3d od Kuby i Jamajki oraz na po\u0142udnie od Baham\u00f3w, strategiczne po\u0142o\u017cenie Haiti znacz\u0105co wp\u0142yn\u0119\u0142o na jego z\u0142o\u017con\u0105 i intryguj\u0105c\u0105 histori\u0119.<\/p>","protected":false},"author":1,"featured_media":3558,"parent":24084,"menu_order":0,"comment_status":"closed","ping_status":"closed","template":"elementor_theme","meta":{"_eb_attr":"","footnotes":""},"class_list":["post-7755","page","type-page","status-publish","has-post-thumbnail"],"_links":{"self":[{"href":"https:\/\/travelshelper.com\/pl\/wp-json\/wp\/v2\/pages\/7755","targetHints":{"allow":["GET"]}}],"collection":[{"href":"https:\/\/travelshelper.com\/pl\/wp-json\/wp\/v2\/pages"}],"about":[{"href":"https:\/\/travelshelper.com\/pl\/wp-json\/wp\/v2\/types\/page"}],"author":[{"embeddable":true,"href":"https:\/\/travelshelper.com\/pl\/wp-json\/wp\/v2\/users\/1"}],"replies":[{"embeddable":true,"href":"https:\/\/travelshelper.com\/pl\/wp-json\/wp\/v2\/comments?post=7755"}],"version-history":[{"count":0,"href":"https:\/\/travelshelper.com\/pl\/wp-json\/wp\/v2\/pages\/7755\/revisions"}],"up":[{"embeddable":true,"href":"https:\/\/travelshelper.com\/pl\/wp-json\/wp\/v2\/pages\/24084"}],"wp:featuredmedia":[{"embeddable":true,"href":"https:\/\/travelshelper.com\/pl\/wp-json\/wp\/v2\/media\/3558"}],"wp:attachment":[{"href":"https:\/\/travelshelper.com\/pl\/wp-json\/wp\/v2\/media?parent=7755"}],"curies":[{"name":"wp","href":"https:\/\/api.w.org\/{rel}","templated":true}]}}