{"id":7508,"date":"2024-08-26T15:17:32","date_gmt":"2024-08-26T15:17:32","guid":{"rendered":"https:\/\/travelshelper.com\/staging\/?page_id=7508"},"modified":"2026-03-13T23:35:44","modified_gmt":"2026-03-13T23:35:44","slug":"brazylia","status":"publish","type":"page","link":"https:\/\/travelshelper.com\/pl\/destinations\/south-america\/brazil\/","title":{"rendered":"Brazylia"},"content":{"rendered":"<p>Brazylia rozci\u0105ga si\u0119 od roz\u015bwietlonych s\u0142o\u0144cem brzeg\u00f3w Atlantyku do g\u0119stego zielonego serca Amazonii, krainy kontrast\u00f3w wyrze\u017abionej przez rzeki, wy\u017cyny i linie brzegowe. Zajmuj\u0105ca ponad po\u0142ow\u0119 powierzchni Ameryki Po\u0142udniowej federacja 26 stan\u00f3w i Dystryktu Federalnego obejmuje stolic\u0119 kraju, Brasili\u0119, po\u015br\u00f3d otwartej sawanny i falistych p\u0142askowy\u017c\u00f3w. Jednak to wzd\u0142u\u017c wschodniego skraju \u2014 gdzie miasta spotykaj\u0105 si\u0119 z pla\u017cami obsadzonymi palmami \u2014 najbardziej wyra\u017anie wyczuwa si\u0119 puls Brazylii: niespokojne fale w Rio, nieko\u0144cz\u0105cy si\u0119 rozrost S\u00e3o Paulo, gdzie g\u0142osy i silniki \u0142\u0105cz\u0105 si\u0119 w niespokojny szum.<\/p>\n<p>Od r\u00f3wnika do 34\u00b0 szeroko\u015bci geograficznej po\u0142udniowej Brazylia rozci\u0105ga si\u0119 na cztery strefy czasowe i dwa g\u0142\u00f3wne pasy klimatyczne. Pewnego poranka w Manaus powietrze jest g\u0119ste od wilgoci; po po\u0142udniu w Porto Alegre ch\u0142odny wiatr porusza z\u0142ote trawy na Pampasach. Surowe grzbiety Serra do Mar wyznaczaj\u0105 ramy spowitych mg\u0142\u0105 dolin wzd\u0142u\u017c po\u0142udniowo-wschodniego wybrze\u017ca, podczas gdy Wy\u017cyna Guja\u0144ska na p\u00f3\u0142nocy rozdziela wody w kierunku dorzeczy Amazonki i Orinoko. Pico da Neblina, o wysoko\u015bci prawie trzech kilometr\u00f3w, stoi na stra\u017cy po\u015br\u00f3d rozleg\u0142ego lasu deszczowego Amazonii \u2014 echa najwi\u0119kszej rzeki kraju, kt\u00f3ra sama niesie wi\u0119cej wody ni\u017c jakikolwiek inny system na Ziemi.<\/p>\n<p>Ponad 212 milion\u00f3w g\u0142os\u00f3w kszta\u0142tuje histori\u0119 Brazylii. Portugalski, nieprzerwany od 1500 roku, \u0142\u0105czy kawiarnie przy pla\u017cy z wioskami w d\u017cungli w wyj\u0105tkowym, melodyjnym j\u0119zyku. Rdzenne j\u0119zyki przetrwa\u0142y w kieszeniach \u2014 Xavante, Guaran\u00ed \u2014 szeptach wcze\u015bniejszych stuleci. Rozrost miejski S\u00e3o Paulo, w kt\u00f3rym mieszka ponad 12 milion\u00f3w ludzi, rozci\u0105ga si\u0119 na wsch\u00f3d w doliny i przedmie\u015bcia, podczas gdy Rio de Janeiro trzyma si\u0119 granitowych szczyt\u00f3w, zatoczek z bia\u0142ym piaskiem i rytmu karnawa\u0142u. Podteksty dziedzictwa afryka\u0144skiego, europejskiego i rdzennego wiruj\u0105 razem, mieszanka odczuwalna w rozmowie tak samo jak w kr\u0119gach capoeiry lub s\u0142odki aromat acaraj\u00e9 gotowanego na \u017carze oleju palmowego.<\/p>\n<p>Na d\u0142ugo przed przybyciem Cabrala w kwietniu 1500 r. rdzenne spo\u0142eczno\u015bci rozkwita\u0142y wzd\u0142u\u017c wybrze\u017cy i rzek. Wraz z ucieczk\u0105 portugalskiego dworu do Rio w 1808 r. Brazylia na kr\u00f3tko sta\u0142a si\u0119 sercem globalnego imperium. W 1822 r. ksi\u0105\u017c\u0119 Pedro og\u0142osi\u0142 autonomi\u0119, inauguruj\u0105c imperium, kt\u00f3rego pierwsza konstytucja ustanowi\u0142a wolno\u015b\u0107 wyznania i prasy \u2014 ale pozostawi\u0142a niewolnictwo nienaruszone a\u017c do jego stopniowego demonta\u017cu zako\u0144czonego w 1888 r. Rok p\u00f3\u017aniej monarchia upad\u0142a w wyniku wojskowego zamachu stanu i rozpocz\u0119\u0142a si\u0119 republika. Rewolucje, rz\u0105dy populistyczne pod rz\u0105dami Get\u00falio Vargasa i re\u017cim wojskowy od 1964 do 1985 r. ukszta\u0142towa\u0142y nowoczesn\u0105 polityk\u0119. Dzisiejsza konstytucja z 1988 r. cementuje demokratyczn\u0105 federacj\u0119, a jej Kongres Narodowy odzwierciedla debaty z wysokich betonowych p\u0142\u00f3cien Bras\u00edlii.<\/p>\n<p>Z\u0142o\u017cona gospodarka Brazylii plasuje si\u0119 w pierwszej dziesi\u0105tce najwi\u0119kszych na \u015bwiecie. \u017byzne r\u00f3wniny Cerrado daj\u0105 soj\u0119 i trzcin\u0119 cukrow\u0105; byd\u0142o pasie si\u0119 na rozleg\u0142ych pastwiskach w Mato Grosso do Sul; g\u0142\u0119bokie kopalnie w Minas Gerais dostarczaj\u0105 rud\u0119 \u017celaza i z\u0142oto. Miejskie fabryki w S\u00e3o Paulo i Belo Horizonte zamieniaj\u0105 te zasoby w stal, elektronik\u0119, cz\u0119\u015bci do samolot\u00f3w. Brazylia wysy\u0142a kaw\u0119, wo\u0142owin\u0119, rud\u0119 \u017celaza i samoloty na rynki na ka\u017cdym kontynencie. Instytucje od cz\u0142onk\u00f3w za\u0142o\u017cycieli ONZ po cz\u0142onk\u00f3w BRICS, G20 i Mercosur wzmacniaj\u0105 jej g\u0142os. Jednak luki gospodarcze utrzymuj\u0105 si\u0119: ciasno zintegrowane fawele g\u00f3ruj\u0105 nad b\u0142yszcz\u0105cymi wie\u017cowcami, co przypomina, \u017ce \u200b\u200bbogactwo i mo\u017cliwo\u015bci pozostaj\u0105 nier\u00f3wnomiernie roz\u0142o\u017cone.<\/p>\n<p>Sze\u015b\u0107dziesi\u0105t procent Amazonii le\u017cy w granicach Brazylii, zapewniaj\u0105c schronienie jednej dziesi\u0105tej wszystkich znanych gatunk\u00f3w na Ziemi. Wysokie korzenie podporowe wyrastaj\u0105 ze \u015bcie\u017cek pokrytych opad\u0142ymi li\u015b\u0107mi; szmaragdowe papugi skrzecz\u0105 nad g\u0142owami, gdy tapiry przeprawiaj\u0105 si\u0119 przez strumienie czarnej wody. Za lasem deszczowym Pantanal wylewa i cofa si\u0119 co sezon, przyci\u0105gaj\u0105c tysi\u0105ce ptak\u00f3w w\u0119drownych. Dzikie trawy i lasy galeriowe Cerrado s\u0105 siedliskiem jaguar\u00f3w, wilk\u00f3w grzywiastych i mr\u00f3wkojad\u00f3w; wzd\u0142u\u017c wybrze\u017ca Atlantyku humbaki wy\u0142aniaj\u0105 si\u0119 w pobli\u017cu nier\u00f3wnych klif\u00f3w. Strefy ochrony przyrody usiane s\u0105 na mapie, jednak wylesianie i rozw\u00f3j wywieraj\u0105 presj\u0119 na te ekosystemy, kt\u00f3rych los jest spleciony z globalnym klimatem i bior\u00f3\u017cnorodno\u015bci\u0105.<\/p>\n<p>Zwiedzaj\u0105cych przybywaj\u0105 tysi\u0105cami. W Pelourinho w Salvadorze kolonialne fasady l\u015bni\u0105 wczesnym \u015bwiat\u0142em, a z ukrytych dziedzi\u0144c\u00f3w dobiega daleki pomruk b\u0119bn\u00f3w. Pla\u017cowicze w Bahia wstaj\u0105 przed wschodem s\u0142o\u0144ca, by zobaczy\u0107, jak p\u0142ywy rze\u017abi\u0105 wydmy, a nast\u0119pnie wyleguj\u0105 si\u0119 obok fal o zapachu kokosa. Dalej na po\u0142udnie Florian\u00f3polis \u0142\u0105czy pla\u017ce i poro\u015bni\u0119te sosnami wzg\u00f3rza, stanowi\u0105c schronienie dla surfer\u00f3w i piechur\u00f3w. Ekotury\u015bci zapuszczaj\u0105 si\u0119 w g\u00f3r\u0119 rzeki w \u0142odziach ze szklanym dnem, wypatruj\u0105c kajman\u00f3w i delfin\u00f3w rzecznych pod zielonymi baldachimami. Poszukiwacze miejskich przerw w S\u00e3o Paulo spaceruj\u0105 po muzeach, pr\u00f3buj\u0105 feijoady w gwarnych restauracjach i zatrzymuj\u0105 si\u0119 przy mocnej kawie w w\u0105skich uliczkach.<\/p>\n<p>Przybycie Pedro \u00c1lvareza Cabrala przynios\u0142o manueli\u0144skie \u0142uki i barokowe o\u0142tarze do nowych osiedli. W Ouro Preto i Olinda rze\u017abione kamienne ko\u015bcio\u0142y i kolonialne rezydencje s\u0105 \u015bwiadectwem bogactwa gor\u0105czki z\u0142ota. XX wiek zapocz\u0105tkowa\u0142 czysty modernizm: krzywizny Oscara Niemeyera definiuj\u0105 Kongres i katedr\u0119 Brasilii, wznosz\u0105c\u0105 si\u0119 wizj\u0119 z bia\u0142ego betonu. Dzisiaj wsp\u00f3\u0142cze\u015bni architekci wyobra\u017caj\u0105 sobie fawele jako \u017cywe p\u0142\u00f3tna, maluj\u0105c \u015bciany na jaskrawe odcienie, tworz\u0105c centra spo\u0142eczno\u015bciowe tam, gdzie kiedy\u015b by\u0142y tylko alejki. Galerie prezentuj\u0105 dzie\u0142a od baroku po nowoczesn\u0105 abstrakcj\u0119, podczas gdy festiwale filmowe w Rio rzucaj\u0105 mi\u0119dzynarodowe \u015bwiat\u0142o na brazylijskie kino.<\/p>\n<p>O zmierzchu szko\u0142y samby rozkr\u0119caj\u0105 \u017cycie pod baldachimami eukaliptus\u00f3w. Rodas capoeira formuj\u0105 si\u0119 na brukowanych placach, pary tancerzy wchodz\u0105 ze sob\u0105 w interakcje niczym improwizowana rozmowa. Karnawa\u0142owy sza\u0142 \u2014 flety, surdo, wst\u0105\u017cki \u2014 wybucha z d\u0142ugoletnich tradycji oporu i \u015bwi\u0119towania. Tubylcy rzemie\u015blnicy tworz\u0105 kosze, pierzaste nakrycia g\u0142owy i ceramik\u0119, zachowuj\u0105c rzemios\u0142o przekazywane z pokolenia na pokolenie. Targi \u017cywno\u015bci pe\u0142ne s\u0105 jag\u00f3d a\u00e7a\u00ed, nale\u015bnik\u00f3w z tapioki i pasteis paruj\u0105cych w oleju, ka\u017cdy k\u0119s to przeb\u0142ysk stuleci splecionych ze sob\u0105. Tutaj przesz\u0142o\u015b\u0107 jest zawsze obecna: w rytua\u0142ach, przepisach i \u017cywym j\u0119zyku tej ziemi.<\/p>\n<p>Brazylia jest ogromna, tak \u2014 terytorium p\u0142on\u0105ce r\u00f3\u017cnorodno\u015bci\u0105. Jednak to w codziennych momentach wy\u0142ania si\u0119 jej istota: dzieci goni\u0105ce fale o wschodzie s\u0142o\u0144ca, starsi popijaj\u0105cy cacha\u00e7\u0119 pod drzewami jacarandy, dzwon katedry bij\u0105cy nad wilgotn\u0105 dolin\u0105. Historia kraju rozwija si\u0119 warstwami \u2014 geografia, historia, kultura, ekologia \u2014 splecionymi ze sob\u0105 przez odporno\u015b\u0107 i kreatywno\u015b\u0107 jego mieszka\u0144c\u00f3w. Spacer po jego ulicach lub wios\u0142owanie po jego rzekach to dotykanie czego\u015b \u017cywego, niespokojnego i nieograniczonego, wiecznie kszta\u0142towanego i kszta\u0142towanego przez to miejsce na wschodnim kra\u0144cu wielkiego kontynentu.<\/p>","protected":false},"excerpt":{"rendered":"<p>Brazil, the largest nation in South America, exemplifies numerous superlative characteristics. Covering an area of more than 8.5 million square kilometers, Brazil offers a wide range of settings, cultures, and experiences that appeal to both residents and visitors. From the Amazon rainforest to the energetic metropolitan area of S\u00e3o Paulo, Brazil shows unmatched variation.<\/p>","protected":false},"author":1,"featured_media":4114,"parent":24096,"menu_order":0,"comment_status":"closed","ping_status":"closed","template":"elementor_theme","meta":{"_eb_attr":"","footnotes":""},"class_list":["post-7508","page","type-page","status-publish","has-post-thumbnail"],"_links":{"self":[{"href":"https:\/\/travelshelper.com\/pl\/wp-json\/wp\/v2\/pages\/7508","targetHints":{"allow":["GET"]}}],"collection":[{"href":"https:\/\/travelshelper.com\/pl\/wp-json\/wp\/v2\/pages"}],"about":[{"href":"https:\/\/travelshelper.com\/pl\/wp-json\/wp\/v2\/types\/page"}],"author":[{"embeddable":true,"href":"https:\/\/travelshelper.com\/pl\/wp-json\/wp\/v2\/users\/1"}],"replies":[{"embeddable":true,"href":"https:\/\/travelshelper.com\/pl\/wp-json\/wp\/v2\/comments?post=7508"}],"version-history":[{"count":0,"href":"https:\/\/travelshelper.com\/pl\/wp-json\/wp\/v2\/pages\/7508\/revisions"}],"up":[{"embeddable":true,"href":"https:\/\/travelshelper.com\/pl\/wp-json\/wp\/v2\/pages\/24096"}],"wp:featuredmedia":[{"embeddable":true,"href":"https:\/\/travelshelper.com\/pl\/wp-json\/wp\/v2\/media\/4114"}],"wp:attachment":[{"href":"https:\/\/travelshelper.com\/pl\/wp-json\/wp\/v2\/media?parent=7508"}],"curies":[{"name":"wp","href":"https:\/\/api.w.org\/{rel}","templated":true}]}}