{"id":7414,"date":"2024-08-25T18:11:58","date_gmt":"2024-08-25T18:11:58","guid":{"rendered":"https:\/\/travelshelper.com\/staging\/?page_id=7414"},"modified":"2026-03-14T00:12:18","modified_gmt":"2026-03-14T00:12:18","slug":"medellin","status":"publish","type":"page","link":"https:\/\/travelshelper.com\/pl\/destinations\/south-america\/colombia\/medellin\/","title":{"rendered":"Medell\u00edn"},"content":{"rendered":"<p>Medell\u00edn zajmuje szerok\u0105 p\u00f3\u0142k\u0119 w dolinie Aburr\u00e1, otoczon\u0105 stromymi zboczami And\u00f3w, kt\u00f3re schodz\u0105 w stron\u0119 serca miasta. Siatka ulic, przeci\u0119ta w\u0105sk\u0105 rzek\u0105 Medell\u00edn, rozci\u0105ga si\u0119 od skromnego kolonialnego j\u0105dra na wsch\u00f3d w kierunku El Poblado i Envigado. Na wysoko\u015bci 1495 metr\u00f3w nad poziomem morza miasto szczyci si\u0119 umiarkowanym klimatem, cz\u0119sto nazywanym \u201ewieczn\u0105 wiosn\u0105\u201d, w kt\u00f3rym bugenwille ozdabiaj\u0105 ceglane fasady, a palmy przesiewaj\u0105 ciep\u0142e bryzy przez kute balkony. Gmina jest drug\u0105 pod wzgl\u0119dem liczby ludno\u015bci w Kolumbii, licz\u0105c\u0105 oko\u0142o 2,4 miliona mieszka\u0144c\u00f3w w obr\u0119bie swoich granic i ponad 4 miliony w strefie metropolitalnej.<\/p>\n<p>W 1616 roku Francisco de Herrera Campuzano za\u0142o\u017cy\u0142 ma\u0142\u0105 osad\u0119 rdzennych rodzin pod nazw\u0105 San Lorenzo de Aburr\u00e1 w dzisiejszej dzielnicy El Poblado. Ta skromna grupa le\u017ca\u0142a wzd\u0142u\u017c cieku wodnego, kt\u00f3ry opada\u0142 w kierunku dna doliny. Prawie sze\u015b\u0107dziesi\u0105t lat p\u00f3\u017aniej, 2 listopada 1675 roku, dekret kr\u00f3lowej Mariany Austriackiej podni\u00f3s\u0142 szersz\u0105 gmin\u0119 \u2014 Villa de Nuestra Se\u00f1ora de la Candelaria de Medell\u00edn \u2014 wok\u00f3\u0142 centralnego placu w obecnym sektorze \u015br\u00f3dmiejskim. Nowa osada wzi\u0119\u0142a swoj\u0105 nazw\u0119 od miasta w hiszpa\u0144skim regionie Estremadura, ale jej kontury wkr\u00f3tce mia\u0142y potwierdzi\u0107 w\u0142asn\u0105 to\u017csamo\u015b\u0107.<\/p>\n<p>Po uzyskaniu niepodleg\u0142o\u015bci od Hiszpanii Medell\u00edn uzyska\u0142o status stolicy departamentu Antioquia w 1826 r. na mocy Kongresu Wielkiej Kolumbii. Jego po\u0142o\u017cenie geograficzne \u2014 otoczone \u017cyznymi wzg\u00f3rzami \u2014 i blisko\u015b\u0107 bogatych w z\u0142oto strumieni nap\u0119dza\u0142y wczesny handel. W po\u0142owie wieku kupcy z Antioquii przestawili si\u0119 z eksportu metali szlachetnych na kaw\u0119, wysy\u0142aj\u0105c worki w d\u00f3\u0142 rzeki w kierunku Cartageny. Siatka miejska wype\u0142niona by\u0142a rezydencjami w stylu haciendy, podczas gdy w\u0105skie uliczki przecina\u0142y lokalne targi i magazyny.<\/p>\n<p>Pod koniec XIX wieku wzd\u0142u\u017c brzeg\u00f3w rzeki powsta\u0142y zak\u0142ady w\u0142\u00f3kiennicze i odlewnie stali. Nowa bur\u017cuazja budowa\u0142a domy towarowe i finansowa\u0142a linie tramwajowe; fabryki wypuszcza\u0142y niskie k\u0142\u0119by dymu, kt\u00f3re miesza\u0142y si\u0119 z g\u00f3rskimi mg\u0142ami. Jednak w po\u0142owie XX wieku przemys\u0142 podupad\u0142 w obliczu politycznych turbulencji. Dopiero w latach 90. Medell\u00edn rozpocz\u0119\u0142o trwa\u0142\u0105 odnow\u0119 miejsk\u0105. Otwarcie metra w Medell\u00edn w 1995 r. stanowi\u0142o symboliczny punkt zwrotny. Linie A i B po\u0142\u0105czy\u0142y peryferyjne osiedla z historycznym centrum. Oparte na spo\u0142eczno\u015bciach kolejki linowe (linie J i K) u\u0142atwi\u0142y strome dojazdy do pracy, zapewniaj\u0105c dzielnicom na zboczach wzg\u00f3rz nowy dost\u0119p do edukacji i us\u0142ug zdrowotnych.<\/p>\n<p>Mi\u0119dzynarodowi obserwatorzy wkr\u00f3tce to zauwa\u017cyli. W 2013 r. Urban Land Institute nazwa\u0142 Medell\u00edn najbardziej innowacyjnym miastem \u015bwiata, wymieniaj\u0105c biblioteki w chmurach, schody ruchome w nieformalnych osiedlach i sie\u0107 szk\u00f3\u0142 spo\u0142eczno\u015bciowych. W kolejnym roku by\u0142o gospodarzem \u015awiatowego Forum Miejskiego ONZ-Habitat; w 2016 r. otrzyma\u0142o nagrod\u0119 Lee Kuan Yew World City Prize za zr\u00f3wnowa\u017cone rozwi\u0105zania miejskie. Lokalni naukowcy wskazuj\u0105 na model \u201epa\u0144stwa rozwojowego\u201d, w kt\u00f3rym w\u0142adze miejskie, uniwersytety i stowarzyszenia obywatelskie jednocz\u0105 si\u0119 wok\u00f3\u0142 inwestycji inkluzywnych.<\/p>\n<p>Medell\u00edn odpowiada za 67 procent PKB Antioquii i przyczynia si\u0119 do oko\u0142o 11 procent gospodarki Kolumbii. Konsorcjum lider\u00f3w sektora prywatnego \u2014 Grupo Empresarial Antioque\u00f1o \u2014 kieruje bankowo\u015bci\u0105, przetw\u00f3rstwem \u017cywno\u015bci, cementem i ubezpieczeniami, dysponuj\u0105c \u0142\u0105czn\u0105 kapitalizacj\u0105 rynkow\u0105 wynosz\u0105c\u0105 oko\u0142o 17 miliard\u00f3w dolar\u00f3w ameryka\u0144skich i zatrudniaj\u0105c ponad 80 000 pracownik\u00f3w. Tekstylia, s\u0142odycze, farmaceutyki, stal, rafinowany olej i uprawa kwiat\u00f3w podtrzymuj\u0105 d\u0142ugotrwa\u0142e klastry przemys\u0142owe. W ostatnich dekadach moda sta\u0142a si\u0119 przemys\u0142em kulturalnym: Colombiamoda, odbywaj\u0105ca si\u0119 ka\u017cdego lipca, jest najwi\u0119kszym targiem odzie\u017cowym w Ameryce \u0141aci\u0144skiej.<\/p>\n<p>Miasto posiada r\u00f3wnie\u017c dwa lotniska. Olaya Herrera, po\u0142o\u017cone w samym Medell\u00edn, obs\u0142uguje przewo\u017anik\u00f3w regionalnych i lotnictwo og\u00f3lne. Lotnisko Jos\u00e9 Mar\u00eda C\u00f3rdova znajduje si\u0119 29 km na wsch\u00f3d w Rionegro, z bezpo\u015brednimi po\u0142\u0105czeniami z w\u0119z\u0142ami komunikacyjnymi Ameryki P\u00f3\u0142nocnej i Po\u0142udniowej. Tradycyjne linie lotnicze, takie jak Avianca i Aerom\u00e9xico, dzia\u0142aj\u0105 obok tanich przewo\u017anik\u00f3w. Wzrost liczby pasa\u017cer\u00f3w na trasie do Bogoty i dalej sprawi\u0142, \u017ce C\u00f3rdova sta\u0142a si\u0119 jedn\u0105 z najbardziej ruchliwych krajowych i mi\u0119dzynarodowych bram w Kolumbii.<\/p>\n<p>Parki Medell\u00edn stanowi\u0105 przeciwwag\u0119 dla jego miejskiej siatki. W centrum parki Berr\u00edo i Bol\u00edvar granicz\u0105 z katedr\u0105 metropolitaln\u0105, kt\u00f3rej wznosz\u0105ca si\u0119 ceglana nawa g\u00f3ruje nad \u017cyciem obywatelskim. Na po\u0142udniu park Laureles stanowi ostoj\u0119 enklaw mieszkalnych, podczas gdy park El Poblado znajduje si\u0119 po\u015br\u00f3d kawiarni i galerii. Przestrzenie eksperymentalne \u2014 Barefoot Park ze sztucznym korytem rzeki, interaktywne wystawy naukowe w Explora Park i miejski las w Bicentennial Park \u2014 oferuj\u0105 zar\u00f3wno rozrywk\u0119, jak i nauk\u0119.<\/p>\n<p>Poza granicami miasta, Arv\u00ed Ecotourism Park rozci\u0105ga si\u0119 na 20 000 hektar\u00f3w lasu mglistego. Szlaki biegn\u0105 przez g\u00f3rskie doliny, gdzie kajakarstwo, kolarstwo g\u00f3rskie i botaniczne spacery z przewodnikiem ukazuj\u0105 andyjsk\u0105 flor\u0119. Cztery stacje kolejki linowej na linii L wypuszczaj\u0105 turyst\u00f3w do tego chronionego rezerwatu, ukazuj\u0105c panoramy miasta poni\u017cej.<\/p>\n<p>Siedem wzg\u00f3rz \u2014 El Volador, Nutibara, Pan de Az\u00facar i inne \u2014 zdobi lini\u0119 horyzontu. Na ich szczytach punkty widokowe i sanktuaria religijne przyci\u0105gaj\u0105 weekendowych pielgrzym\u00f3w. Ogr\u00f3d zoologiczny Santa Fe, za\u0142o\u017cony w 1960 r., mie\u015bci gatunki z trzech kontynent\u00f3w. Place architektoniczne \u2014 Botero Plaza z ogromnymi br\u0105zami Fernando Botero, Plaza Cisneros z lasem o\u015bwietlonych s\u0142up\u00f3w \u2014 pe\u0142ni\u0105 funkcj\u0119 miejskich salon\u00f3w, w kt\u00f3rych odbywaj\u0105 si\u0119 festiwale i wystawy publiczne.<\/p>\n<p>Metro Medell\u00edn jest jedynym systemem metra w Kolumbii opartym na kolei, kt\u00f3rego pi\u0119\u0107 linii przecina dolin\u0119. Metroplus, korytarz szybkiego transportu autobusowego zainaugurowany w 2011 r., uzupe\u0142nia sie\u0107, redukuj\u0105c emisje i usprawniaj\u0105c dojazdy do pracy. Taks\u00f3wki i konwencjonalne autobusy wype\u0142niaj\u0105 luki, podczas gdy terminale regionalne na p\u00f3\u0142nocnym i po\u0142udniowym kra\u0144cu wysy\u0142aj\u0105 us\u0142ugi do s\u0105siednich gmin. Integracja \u015brodk\u00f3w transportu \u2014 metra, kolejki linowej, tramwaju i autobusu \u2014 tworzy sp\u00f3jn\u0105 struktur\u0119, kt\u00f3ra ostro kontrastuje z wcze\u015bniejszymi problemami komunikacyjnymi.<\/p>\n<p>W 2018 roku Medell\u00edn odnotowa\u0142o 2 427 129 mieszka\u0144c\u00f3w w granicach swojej gminy; obszar metropolitalny liczy\u0142 ponad 4 miliony. Ponad 60 procent mieszka\u0144c\u00f3w wywodzi si\u0119 z samego miasta, podczas gdy pozostali pochodz\u0105 z innych region\u00f3w Kolumbii lub z zagranicy. Wska\u017anik analfabetyzmu w dorzeczu utrzymuje si\u0119 poni\u017cej 6 procent, a prawie wszystkie gospodarstwa domowe posiadaj\u0105 elektryczno\u015b\u0107 i wod\u0119 pitn\u0105. Publiczne inwestycje w biblioteki, parki i centra kulturalne poszerzy\u0142y dost\u0119p do wypoczynku i nauki, zw\u0142aszcza w historycznie zmarginalizowanych dzielnicach.<\/p>\n<p>To\u017csamo\u015b\u0107 Medell\u00edn jest g\u0142\u0119boko spleciona z etosem paisa: wyra\u017any akcent, solidna go\u015bcinno\u015b\u0107 i obfita kuchnia. Religijne oddanie pozostaje widoczne w niezliczonych ko\u015bcio\u0142ach \u2014 San Ignacio, Nuestra Se\u00f1ora de Bel\u00e9n i Bazylice Candelaria \u2014 kt\u00f3rych sztuka i architektura odzwierciedlaj\u0105 wp\u0142ywy baroku, neoklasycyzmu i republikan\u00f3w. Ka\u017cdego grudnia miliony ludzi gromadz\u0105 si\u0119 wzd\u0142u\u017c alei La Playa na Alumbrados: misterne pokazy \u015bwietlne, kt\u00f3re przekszta\u0142caj\u0105 brzegi rzeki w roz\u015bwietlon\u0105 galeri\u0119.<\/p>\n<p>Roczny Festiwal Kwiat\u00f3w przywo\u0142uje wiejskie dziedzictwo Antioquii. Silleteros nios\u0105 ozdobne kompozycje kwiatowe \u2014 silletas \u2014 wzd\u0142u\u017c ulic miasta, przypominaj\u0105c o sprzedawcach na mu\u0142ach, kt\u00f3rzy kiedy\u015b przemierzali g\u00f3rskie drogi. Muzyka i taniec rozlewaj\u0105 si\u0119 na place, a targi rzemie\u015blnicze zdobi\u0105 osiedlowe ulice.<\/p>\n<p>Sztuki wizualne rozwijaj\u0105 si\u0119 zar\u00f3wno w pracowniach, jak i na fasadach. Dzie\u0142a Rodriga Arenasa Betancura i Fernando Botero stoj\u0105 obok murali powstaj\u0105cych kolektyw\u00f3w sztuki ulicznej. Muzea \u2014 w sumie oko\u0142o czterdziestu \u2014 przedstawiaj\u0105 lokaln\u0105 histori\u0119, wsp\u00f3\u0142czesn\u0105 praktyk\u0119 i prekolumbijskie relikwie. Pa\u0142ac Kultury i pobliskie ogrody botaniczne organizuj\u0105 koncerty, odczyty i sympozja naukowe przez ca\u0142y rok.<\/p>\n<p>Posi\u0142ki w Medell\u00edn cz\u0119sto zaczynaj\u0105 si\u0119 od gor\u0105cej czekolady, podawanej z serem, aby podkre\u015bli\u0107 s\u0142odko-pikantne wypieki znane jako parva: pan de queso, bu\u00f1uelos i pan de bono. Bandeja paisa kr\u00f3luje jako charakterystyczny talerz regionu \u2014 fasola, ry\u017c, chicharr\u00f3n, chorizo, sma\u017cone jajko, banany i awokado u\u0142o\u017cone na drewnianej tacy. Arepas, zrobione z mielonej kukurydzy, towarzysz\u0105 niemal ka\u017cdemu daniu.<\/p>\n<p>Lokalne napoje obejmuj\u0105 zio\u0142owe aguardiente Antioque\u00f1o i napoje bezalkoholowe Postob\u00f3n. Wyroby cukiernicze, w tym tabliczki czekolady i s\u0142odycze z guawy, odzwierciedlaj\u0105 zar\u00f3wno rodzime sk\u0142adniki, jak i techniki inspirowane Hiszpani\u0105. Coraz wi\u0119ksza liczba kawiarni i winiarni promuje kawy jednorodne z pobliskich g\u00f3rskich farm.<\/p>\n<p>Od XVII-wiecznych pocz\u0105tk\u00f3w do renesansu w XXI wieku Medell\u00edn przechodzi\u0142o przez cykle wzrostu, kryzysu i odnowy. Jego kontury nosz\u0105 \u015blady pracowitych pionier\u00f3w, rzemie\u015blnik\u00f3w i przedsi\u0119biorc\u00f3w, organizator\u00f3w spo\u0142eczno\u015bci i architekt\u00f3w polityki spo\u0142ecznej. Po\u015br\u00f3d andyjskich zboczy pozostaje \u015bwiadectwem wielowarstwowej z\u0142o\u017cono\u015bci \u017cycia miejskiego \u2014 gdzie stal i rozkwit, historia i innowacja wsp\u00f3\u0142istniej\u0105 w kruchej harmonii.<\/p>","protected":false},"excerpt":{"rendered":"<p>Medell\u00edn, situated in a narrow valley and enveloped by the majestic Andes Mountains, captivates visitors with its year-round agreeable climate, innovative spirit, and vivacious energy. As Colombia\u2019s second-largest city and the capital of the Antioquia\u00a0department,\u00a0Medell\u00edn\u00a0has transformed itself from a troubled past to become one of\u00a0South America\u2019s most progressive and dynamic urban centres.<\/p>","protected":false},"author":1,"featured_media":3870,"parent":7405,"menu_order":0,"comment_status":"closed","ping_status":"closed","template":"elementor_theme","meta":{"_eb_attr":"","footnotes":""},"class_list":["post-7414","page","type-page","status-publish","has-post-thumbnail"],"_links":{"self":[{"href":"https:\/\/travelshelper.com\/pl\/wp-json\/wp\/v2\/pages\/7414","targetHints":{"allow":["GET"]}}],"collection":[{"href":"https:\/\/travelshelper.com\/pl\/wp-json\/wp\/v2\/pages"}],"about":[{"href":"https:\/\/travelshelper.com\/pl\/wp-json\/wp\/v2\/types\/page"}],"author":[{"embeddable":true,"href":"https:\/\/travelshelper.com\/pl\/wp-json\/wp\/v2\/users\/1"}],"replies":[{"embeddable":true,"href":"https:\/\/travelshelper.com\/pl\/wp-json\/wp\/v2\/comments?post=7414"}],"version-history":[{"count":0,"href":"https:\/\/travelshelper.com\/pl\/wp-json\/wp\/v2\/pages\/7414\/revisions"}],"up":[{"embeddable":true,"href":"https:\/\/travelshelper.com\/pl\/wp-json\/wp\/v2\/pages\/7405"}],"wp:featuredmedia":[{"embeddable":true,"href":"https:\/\/travelshelper.com\/pl\/wp-json\/wp\/v2\/media\/3870"}],"wp:attachment":[{"href":"https:\/\/travelshelper.com\/pl\/wp-json\/wp\/v2\/media?parent=7414"}],"curies":[{"name":"wp","href":"https:\/\/api.w.org\/{rel}","templated":true}]}}